
{"id":231060,"date":"2020-12-22T10:05:12","date_gmt":"2020-12-22T10:05:12","guid":{"rendered":"https:\/\/127.0.0.1\/resources\/success-story-dadaro\/"},"modified":"2020-12-22T10:05:12","modified_gmt":"2020-12-22T10:05:12","slug":"success-story-dadaro","status":"publish","type":"page","link":"https:\/\/www.sellerlogic.com\/fi\/resources\/success-story-dadaro\/","title":{"rendered":"Success Story: Dadaro EN"},"content":{"rendered":"\n\t<div  class=\"theme-wp-block theme-block-main-header is-style-full-height desktop-align-full xl-align-full lg-align-full md-align-full sm-align-full desktop-content-align-y-center desktop-content-align-x-center xl-content-align-y-center xl-content-align-x-center lg-content-align-y-center lg-content-align-x-center md-content-align-y-center md-content-align-x-center sm-content-align-y-center sm-content-align-x-center gb-responsive-439567-identifier theme-block-cover\">\n\t\t<div class=\"bg-cover theme-lazy-load-bg\"><\/div>\n\t\t<div class=\"wrap-content-main-header\">\n\t\t\t\t\t<div  class=\"theme-wp-block theme-block-text-and-text desktop-align-wide xl-align-wide lg-align-wide md-align-wide sm-align-wide gb-responsive-511761-identifier desktop-blockDirection-column xl-blockDirection-column lg-blockDirection-column md-blockDirection-column sm-blockDirection-column\">\n\t\t<div class=\"tat-column-wrap-wrapper\">\n\t\t\t<div class=\"tat-column-wrapper\">\n\t\t\t\t\t<div  class=\"theme-wp-block theme-block-text-and-text-column gb-responsive-24925-identifier desktop-horizontal-center xl-horizontal-center lg-horizontal-center md-horizontal-center sm-horizontal-center\">\n\t\t<div class=\"inner-wrap-column-content\">\n\t\t\t<div class=\"inner-column-content\">\n\t\t\t\t\t\t<h1  class=\"theme-wp-block theme-block-heading gb-responsive-62496-identifier desktop-text-center xl-text-center lg-text-center md-text-center sm-text-center desktop-gb-has-no-icon xl-gb-has-no-icon lg-gb-has-no-icon md-gb-has-no-icon sm-gb-has-no-icon\">\n\t\tMiksi maailmanlaajuinen pandemia ei vaikuta Dadaroon\t<\/h1>\n\n\t\t\t<\/div>\n\t\t<\/div>\n\t<\/div>\n\t<div  class=\"theme-wp-block theme-block-text-and-text-column gb-responsive-195365-identifier\">\n\t\t<div class=\"inner-wrap-column-content\">\n\t\t\t<div class=\"inner-column-content\">\n\t\t\t\t\t\t\t<\/div>\n\t\t<\/div>\n\t<\/div>\n\t\t\t<\/div>\n\t\t<\/div>\n\t<\/div>\n\n\t\t<\/div>\n\t<\/div>\n\n<div style=\"height:50px\" aria-hidden=\"true\" class=\"theme-wp-block wp-block-spacer\"><\/div><div class=\"theme-wp-block wp-block-columns gb-responsive-586014-identifier is-layout-flex wp-container-core-columns-is-layout-9d6595d7 wp-block-columns-is-layout-flex\"><div class=\"theme-wp-block wp-block-column gb-responsive-33587-identifier is-layout-flow wp-block-column-is-layout-flow\" style=\"flex-basis:25%\"><figure class=\"theme-wp-block wp-block-image size-large is-resized gb-responsive-62921-identifier\"><img decoding=\"async\" src=\"https:\/\/d2bw95mh2ee04s.cloudfront.net\/prod\/content\/wp-content\/uploads\/2020\/12\/23142718\/logo-monde-petit.png\" alt=\"Success Story: Dadaro EN\" class=\"wp-image-5012\" width=\"300\" height=\"264\" srcset=\"https:\/\/d2bw95mh2ee04s.cloudfront.net\/prod\/content\/wp-content\/uploads\/2020\/12\/23142718\/logo-monde-petit-407x358.png 407w, https:\/\/d2bw95mh2ee04s.cloudfront.net\/prod\/content\/wp-content\/uploads\/2020\/12\/23142718\/logo-monde-petit.png 600w\" sizes=\"(max-width: 300px) 100vw, 300px\" \/><\/figure><p class=\"theme-wp-block gb-responsive-263243-identifier\"><strong>Perustaminen:<\/strong><br>2004<\/p><p class=\"theme-wp-block gb-responsive-412647-identifier\"><strong>Teollisuus:<\/strong><br>Korut ja jalometallit<\/p><p class=\"theme-wp-block gb-responsive-679138-identifier\"><strong>Tuotteet Amazonissa:\u00a0<\/strong><br>noin 1.600 SKUta<\/p><p class=\"theme-wp-block gb-responsive-236096-identifier\"><strong>Toimitukset:<\/strong><br>noin 700 kuukaudessa<\/p><\/div><div class=\"theme-wp-block wp-block-column gb-responsive-980941-identifier is-layout-flow wp-block-column-is-layout-flow\" style=\"flex-basis:50%\"><h3 class=\"theme-wp-block wp-block-heading gb-responsive-34353-identifier\" id=\"block-c06fce04-ef87-4ffc-a3d6-b768ba377d17\">Tausta:<\/h3><p class=\"theme-wp-block gb-responsive-414178-identifier desktop-gb-has-no-icon xl-gb-has-no-icon lg-gb-has-no-icon md-gb-has-no-icon sm-gb-has-no-icon\">Vuonna 2008 perheyritys \u2013 joka perustettiin vuonna 2004 ja joka on erikoistunut korujen valmistukseen, ostoihin ja myyntiin \u2013 huomasi, ett\u00e4 perinteinen tukkukanava oli hitaasti p\u00e4\u00e4ttym\u00e4ss\u00e4. Talouskriisin ja kullan hinnan nousun vuoksi korujen oston kysynt\u00e4 laski, mik\u00e4 vaikutti negatiivisesti heid\u00e4n myyntiins\u00e4. T\u00e4ss\u00e4 vaiheessa Luis G\u00f3mez, Dadaroon toimitusjohtaja, ei ep\u00e4illyt, ett\u00e4 perheyrityksen pelastamiseksi h\u00e4nen oli hyp\u00e4tt\u00e4v\u00e4 verkkokauppaan.<\/p><h3 class=\"theme-wp-block wp-block-heading gb-responsive-846776-identifier desktop-gb-has-no-icon xl-gb-has-no-icon lg-gb-has-no-icon md-gb-has-no-icon sm-gb-has-no-icon\">Aloittaminen:<\/h3><p class=\"theme-wp-block gb-responsive-166194-identifier desktop-gb-has-no-icon xl-gb-has-no-icon lg-gb-has-no-icon md-gb-has-no-icon sm-gb-has-no-icon\">Luoettuaan korujen verkkokaupan MondePetit, Luis p\u00e4\u00e4tti ryhty\u00e4 Amazon-myyj\u00e4ksi vuonna 2015. Dadarolle, h\u00e4nen aktiiviselle Amazon-kaupalleen Espanjassa, h\u00e4n tunnisti heti markkinapaikan tarjoamat mahdollisuudet tuotteidensa myymiseen kansainv\u00e4lisesti. Vuonna 2017 h\u00e4n aloitti ty\u00f6skentelyn Amazonin FBA-palveluiden kanssa ja vei n\u00e4in perheyrityksen kansainv\u00e4liselle tasolle myym\u00e4ll\u00e4 markkinoilla kuten Italiassa, Saksassa, Ranskassa ja Yhdistyneess\u00e4 kuningaskunnassa.<\/p><p class=\"theme-wp-block gb-responsive-6809-identifier\">&#8220;Amazonin FBA-palveluiden ja monikanava-logistiikan k\u00e4ytt\u00e4minen verkkosivustomme kautta on vaikuttanut suuresti liiketoimintaamme,&#8221; Luis vahvistaa. &#8220;Asiakaspalvelun n\u00e4k\u00f6kulmasta se on auttanut meit\u00e4 paljon, sill\u00e4 Amazon k\u00e4sittelee asiakaspalvelupyynt\u00f6j\u00e4 suoraan. Toisaalta olin tietoinen siit\u00e4, ett\u00e4 \u2013 k\u00e4sitelless\u00e4mme niin suurta m\u00e4\u00e4r\u00e4\u00e4 transaktioita \u2013 oli tavaraa, joka voisi kadota heid\u00e4n logistiikkakeskuksissaan.&#8221;<\/p><h3 class=\"theme-wp-block wp-block-heading gb-responsive-826598-identifier\">Ratkaisu:<\/h3><p class=\"theme-wp-block gb-responsive-981559-identifier desktop-gb-has-no-icon xl-gb-has-no-icon lg-gb-has-no-icon md-gb-has-no-icon sm-gb-has-no-icon\">Espanjassa tiukkojen sulkutoimien aikana Luis kiinnitti huomiota s\u00e4hk\u00f6postiin saapuneisiin tarjouksiin. N\u00e4in h\u00e4n t\u00f6rm\u00e4si s\u00e4hk\u00f6postiin, jonka h\u00e4n oli saanut VGAMZ:lt\u00e4, ensimm\u00e4iselt\u00e4 markkinapaikkakonsultointitoimistolta Espanjassa, joka on erikoistunut Amazoniin: &#8220;S\u00e4hk\u00f6posti kiinnitti huomioni, ja koska minulla oli aikaa, p\u00e4\u00e4tin kuunnella VGAMZ:n podcastia. N\u00e4in l\u00f6ysin my\u00f6s heid\u00e4n Youtube-kanavansa, jolta katsoin videokoulutuksia Lost &#038; Found-ty\u00f6kalusta, ja t\u00e4ss\u00e4 kohtaa l\u00f6ysin SELLERLOGIC!&#8221; Luis selitt\u00e4\u00e4. &#8220;Sanoin heti itselleni, ett\u00e4 t\u00e4m\u00e4 on juuri sit\u00e4, mit\u00e4 tarvitsen nyt. Kirjoitin sen yl\u00f6s, ja muutaman p\u00e4iv\u00e4n kuluttua olin luomassa tili\u00e4 SELLERLOGIC:ssa.&#8221;<\/p><div class=\"theme-block-group-wrap\"><div class=\"theme-wp-block wp-block-group gb-responsive-88118-identifier\">\t\t<div  class=\"theme-wp-block theme-block-user-card gb-responsive-799176-identifier is-style-full-width-line\">\n\t\t<div class=\"wrap-inner-content\">\n\t\t\t<div class=\"card-user-head\">\n\t\t\t\t<div class=\"card-user-avatar\">\n\t\t\t\t\t<div class=\"cover-avatar\" style=\"background-image: url(https:\/\/d2bw95mh2ee04s.cloudfront.net\/prod\/content\/wp-content\/uploads\/2020\/12\/23142718\/luis-gomez_raute.png);\"><\/div>\n\t\t\t\t<\/div>\n\t\t\t\t<div class=\"wrap-title\">\n\t\t\t\t\t<div class=\"card-user-name\">\n\t\t\t\t\t\t<div class=\"title\">\n\t\t\t\t\t\t\t<h3 class=\"heading-text\"><strong>Luis G\u00f3mez<\/strong><\/h3>\n\t\t\t\t\t\t<\/div>\n\t\t\t\t\t\t<div class=\"card-user-position\">\n\t\t\t\t\t\t\t<div class=\"card-text\"><strong>Toimitusjohtaja Dadarolla<\/strong><\/div>\n\t\t\t\t\t\t<\/div>\n\t\t\t\t\t<\/div>\n\t\t\t\t\t<div class=\"card-user-quote-icon\">\n\t\t\t\t\t<\/div>\n\t\t\t\t<\/div>\n\t\t\t<\/div>\n\t\t\t<div class=\"card-user-text\">\n\t\t\t\t<div class=\"card-text\"><p>\u201cYrityksill\u00e4 ei ole mit\u00e4\u00e4n h\u00e4vitt\u00e4v\u00e4\u00e4 t\u00e4m\u00e4n ty\u00f6kalun k\u00e4ytt\u00e4misess\u00e4, suosittelen sit\u00e4 kaikentyyppisille Amazon-myyjille.\u201d<\/p><p><\/p><\/div>\n\t\t\t<\/div>\n\t\t<\/div>\n\t<\/div>\n\n<\/div><\/div><h3 class=\"theme-wp-block wp-block-heading gb-responsive-727373-identifier desktop-gb-has-no-icon xl-gb-has-no-icon lg-gb-has-no-icon md-gb-has-no-icon sm-gb-has-no-icon\">Menestyksekk\u00e4\u00e4t tulokset SELLERLOGIC:<\/h3><p class=\"theme-wp-block gb-responsive-306957-identifier\">Kaikki sujui alusta alkaen nopeasti ja helposti ilman, ett\u00e4 minun tarvitsi edes pyyt\u00e4\u00e4 apua SELLERLOGIC asiakaspalvelutiimilt\u00e4, sanoo Luis. &#8220;Rekister\u00f6itymisprosessi oli helppo ja ty\u00f6kalun k\u00e4ytt\u00f6\u00f6notto on eritt\u00e4in yksinkertaista. Hyvin lyhyess\u00e4 ajassa ensimm\u00e4iset hyvitystapaukset alkoivat ilmesty\u00e4. En voinut uskoa, kun n\u00e4in, ett\u00e4 tapauksia oli 117.&#8221;<\/p><p class=\"theme-wp-block gb-responsive-412864-identifier\">&#8220;Se, ett\u00e4 olen automatisoinut koko FBA-transaktioiden seuranta- ja raportointiprosessin, on ollut eritt\u00e4in hy\u00f6dyllist\u00e4, erityisesti nykyisin\u00e4 aikoina. Tietojen kopioiminen ja liitt\u00e4minen vaatimusteni raportointiin Amazonille ei ole koskaan ollut n\u00e4in helppoa!&#8221;<\/p><p class=\"theme-wp-block gb-responsive-741970-identifier\">&#8220;Ilman SELLERLOGIC:aa en olisi voinut saada t\u00e4t\u00e4 3886,91 \u20ac:n hyvityst\u00e4. T\u00e4ll\u00e4 hetkell\u00e4, nykytilanteen vuoksi, ty\u00f6kuorman ja kaikkien jatkuvasti tapahtuvien muutosten vuoksi Amazonilla, olisi ollut mahdotonta hoitaa t\u00e4t\u00e4 asiaa,&#8221; Luis selitt\u00e4\u00e4. &#8220;N\u00e4in\u00e4 koronavirus-aikoina SELLERLOGIC on ollut todellinen lahja, toivon, ett\u00e4 voin jatkaa sen k\u00e4ytt\u00f6\u00e4 pitk\u00e4\u00e4n.&#8221;<\/p><div class=\"theme-wp-block wp-block-buttons gb-responsive-497426-identifier is-layout-flex wp-block-buttons-is-layout-flex\"><div class=\"theme-wp-block wp-block-button gb-responsive-38220-identifier is-style-theme-transparent-with-arrow\"><a class=\"wp-block-button__link wp-element-button\" href=\"https:\/\/d2bw95mh2ee04s.cloudfront.net\/prod\/content\/files\/SUCCESS-STORIES\/EN\/SELLERLOGIC_SN_Success-Story_Dadaro_EN.pdf\" target=\"_blank\" rel=\"noreferrer noopener nofollow\">Lataa nyt!<\/a><\/div><\/div><\/div><div class=\"theme-wp-block wp-block-column gb-responsive-405774-identifier is-layout-flow wp-block-column-is-layout-flow\" style=\"flex-basis:25%\"><\/div><\/div><p class=\"theme-wp-block gb-responsive-527070-identifier\"><\/p>","protected":false},"excerpt":{"rendered":"<p>Perustaminen:2004 Teollisuus:Korut ja jalometallit Tuotteet Amazonissa:\u00a0noin 1.600 SKUta Toimitukset:noin 700 kuukaudessa Tausta: Vuonna 2008 perheyritys \u2013 joka perustettiin vuonna 2004 ja joka on erikoistunut korujen valmistukseen, ostoihin ja myyntiin \u2013 huomasi, ett\u00e4 perinteinen tukkukanava oli hitaasti p\u00e4\u00e4ttym\u00e4ss\u00e4. Talouskriisin ja kullan hinnan nousun vuoksi korujen oston kysynt\u00e4 laski, mik\u00e4 vaikutti negatiivisesti heid\u00e4n myyntiins\u00e4. T\u00e4ss\u00e4 vaiheessa Luis<\/p>\n","protected":false},"author":3,"featured_media":0,"parent":231081,"menu_order":0,"comment_status":"closed","ping_status":"closed","template":"","meta":{"sidebar_recommended_resources":{"data":[]},"sidebar_header_settings":{"hide_buttons":{"register":false}},"_use_new_theme":false,"inline_featured_image":false,"footnotes":""},"class_list":["post-231060","page","type-page","status-publish","hentry"],"yoast_head":"<!-- This site is optimized with the Yoast SEO plugin v26.8 - https:\/\/yoast.com\/product\/yoast-seo-wordpress\/ -->\n<title>Kuinka Lost &amp; Found auttoi Dadaroa koronakriisin aikana | SELLERLOGIC<\/title>\n<meta name=\"description\" content=\"Monille myyjille vuosi 2020 oli vaikea. Lue, kuinka Dadaro k\u00e4ytti Lost &amp; Found-ty\u00f6kalua kriisin hallitsemiseen. Lue se nyt!\" \/>\n<meta name=\"robots\" content=\"index, follow, max-snippet:-1, max-image-preview:large, max-video-preview:-1\" \/>\n<link rel=\"canonical\" href=\"https:\/\/www.sellerlogic.com\/fi\/resources\/success-story-dadaro\/\" \/>\n<meta property=\"og:locale\" content=\"fi_FI\" \/>\n<meta property=\"og:type\" content=\"article\" \/>\n<meta property=\"og:title\" content=\"Kuinka Lost &amp; Found auttoi Dadaroa koronakriisin aikana | SELLERLOGIC\" \/>\n<meta property=\"og:description\" content=\"Monille myyjille vuosi 2020 oli vaikea. Lue, kuinka Dadaro k\u00e4ytti Lost &amp; Found-ty\u00f6kalua kriisin hallitsemiseen. Lue se nyt!\" \/>\n<meta property=\"og:url\" content=\"https:\/\/www.sellerlogic.com\/fi\/resources\/success-story-dadaro\/\" \/>\n<meta property=\"og:site_name\" content=\"SELLERLOGIC - Smarte Tools f\u00fcr Amazon-Seller\" \/>\n<meta property=\"article:publisher\" content=\"https:\/\/www.facebook.com\/SellerLogic\/\" \/>\n<meta property=\"og:image\" content=\"https:\/\/www.sellerlogic.com\/wp-content\/uploads\/2020\/12\/logo-monde-petit.png\" \/>\n<meta name=\"twitter:card\" content=\"summary_large_image\" \/>\n<meta name=\"twitter:site\" content=\"@sellerlogic\" \/>\n<meta name=\"twitter:label1\" content=\"Est. reading time\" \/>\n\t<meta name=\"twitter:data1\" content=\"3 minutes\" \/>\n<script type=\"application\/ld+json\" class=\"yoast-schema-graph\">{\"@context\":\"https:\/\/schema.org\",\"@graph\":[{\"@type\":\"WebPage\",\"@id\":\"https:\/\/www.sellerlogic.com\/fi\/resources\/success-story-dadaro\/\",\"url\":\"https:\/\/www.sellerlogic.com\/fi\/resources\/success-story-dadaro\/\",\"name\":\"Kuinka Lost & Found auttoi Dadaroa koronakriisin aikana | SELLERLOGIC\",\"isPartOf\":{\"@id\":\"https:\/\/www.sellerlogic.com\/fi\/#website\"},\"primaryImageOfPage\":{\"@id\":\"https:\/\/www.sellerlogic.com\/fi\/resources\/success-story-dadaro\/#primaryimage\"},\"image\":{\"@id\":\"https:\/\/www.sellerlogic.com\/fi\/resources\/success-story-dadaro\/#primaryimage\"},\"thumbnailUrl\":\"https:\/\/www.sellerlogic.com\/wp-content\/uploads\/2020\/12\/logo-monde-petit.png\",\"datePublished\":\"2020-12-22T10:05:12+00:00\",\"description\":\"Monille myyjille vuosi 2020 oli vaikea. Lue, kuinka Dadaro k\u00e4ytti Lost & Found-ty\u00f6kalua kriisin hallitsemiseen. Lue se nyt!\",\"breadcrumb\":{\"@id\":\"https:\/\/www.sellerlogic.com\/fi\/resources\/success-story-dadaro\/#breadcrumb\"},\"inLanguage\":\"fi\",\"potentialAction\":[{\"@type\":\"ReadAction\",\"target\":[\"https:\/\/www.sellerlogic.com\/fi\/resources\/success-story-dadaro\/\"]}]},{\"@type\":\"ImageObject\",\"inLanguage\":\"fi\",\"@id\":\"https:\/\/www.sellerlogic.com\/fi\/resources\/success-story-dadaro\/#primaryimage\",\"url\":\"https:\/\/www.sellerlogic.com\/wp-content\/uploads\/2020\/12\/logo-monde-petit.png\",\"contentUrl\":\"https:\/\/www.sellerlogic.com\/wp-content\/uploads\/2020\/12\/logo-monde-petit.png\"},{\"@type\":\"BreadcrumbList\",\"@id\":\"https:\/\/www.sellerlogic.com\/fi\/resources\/success-story-dadaro\/#breadcrumb\",\"itemListElement\":[{\"@type\":\"ListItem\",\"position\":1,\"name\":\"Home\",\"item\":\"https:\/\/www.sellerlogic.com\/fi\/\"},{\"@type\":\"ListItem\",\"position\":2,\"name\":\"Resurssit EN\",\"item\":\"https:\/\/www.sellerlogic.com\/fi\/resources\/\"},{\"@type\":\"ListItem\",\"position\":3,\"name\":\"Success Story: Dadaro EN\"}]},{\"@type\":\"WebSite\",\"@id\":\"https:\/\/www.sellerlogic.com\/fi\/#website\",\"url\":\"https:\/\/www.sellerlogic.com\/fi\/\",\"name\":\"SELLERLOGIC - Smarte Tools f\u00fcr Amazon-Seller\",\"description\":\"Intelligente Prozessoptimierung und Gewinnmaximierung\",\"publisher\":{\"@id\":\"https:\/\/www.sellerlogic.com\/fi\/#organization\"},\"potentialAction\":[{\"@type\":\"SearchAction\",\"target\":{\"@type\":\"EntryPoint\",\"urlTemplate\":\"https:\/\/www.sellerlogic.com\/fi\/?s={search_term_string}\"},\"query-input\":{\"@type\":\"PropertyValueSpecification\",\"valueRequired\":true,\"valueName\":\"search_term_string\"}}],\"inLanguage\":\"fi\"},{\"@type\":\"Organization\",\"@id\":\"https:\/\/www.sellerlogic.com\/fi\/#organization\",\"name\":\"SELLERLOGIC\",\"url\":\"https:\/\/www.sellerlogic.com\/fi\/\",\"logo\":{\"@type\":\"ImageObject\",\"inLanguage\":\"fi\",\"@id\":\"https:\/\/www.sellerlogic.com\/fi\/#\/schema\/logo\/image\/\",\"url\":\"https:\/\/d2bw95mh2ee04s.cloudfront.net\/prod\/content\/wp-content\/uploads\/2025\/01\/02134814\/Property-Logo-Main.svg\",\"contentUrl\":\"https:\/\/d2bw95mh2ee04s.cloudfront.net\/prod\/content\/wp-content\/uploads\/2025\/01\/02134814\/Property-Logo-Main.svg\",\"width\":184,\"height\":40,\"caption\":\"SELLERLOGIC\"},\"image\":{\"@id\":\"https:\/\/www.sellerlogic.com\/fi\/#\/schema\/logo\/image\/\"},\"sameAs\":[\"https:\/\/www.facebook.com\/SellerLogic\/\",\"https:\/\/x.com\/sellerlogic\",\"https:\/\/www.instagram.com\/sellerlogic\/\",\"https:\/\/www.linkedin.com\/company\/18402037\/\",\"https:\/\/www.youtube.com\/channel\/UC-gULUur-fNj08sprantKsQ\"]}]}<\/script>\n<!-- \/ Yoast SEO plugin. -->","yoast_head_json":{"title":"Kuinka Lost & Found auttoi Dadaroa koronakriisin aikana | SELLERLOGIC","description":"Monille myyjille vuosi 2020 oli vaikea. Lue, kuinka Dadaro k\u00e4ytti Lost & Found-ty\u00f6kalua kriisin hallitsemiseen. Lue se nyt!","robots":{"index":"index","follow":"follow","max-snippet":"max-snippet:-1","max-image-preview":"max-image-preview:large","max-video-preview":"max-video-preview:-1"},"canonical":"https:\/\/www.sellerlogic.com\/fi\/resources\/success-story-dadaro\/","og_locale":"fi_FI","og_type":"article","og_title":"Kuinka Lost & Found auttoi Dadaroa koronakriisin aikana | SELLERLOGIC","og_description":"Monille myyjille vuosi 2020 oli vaikea. Lue, kuinka Dadaro k\u00e4ytti Lost & Found-ty\u00f6kalua kriisin hallitsemiseen. Lue se nyt!","og_url":"https:\/\/www.sellerlogic.com\/fi\/resources\/success-story-dadaro\/","og_site_name":"SELLERLOGIC - Smarte Tools f\u00fcr Amazon-Seller","article_publisher":"https:\/\/www.facebook.com\/SellerLogic\/","og_image":[{"url":"https:\/\/www.sellerlogic.com\/wp-content\/uploads\/2020\/12\/logo-monde-petit.png","type":"","width":"","height":""}],"twitter_card":"summary_large_image","twitter_site":"@sellerlogic","twitter_misc":{"Est. reading time":"3 minutes"},"schema":{"@context":"https:\/\/schema.org","@graph":[{"@type":"WebPage","@id":"https:\/\/www.sellerlogic.com\/fi\/resources\/success-story-dadaro\/","url":"https:\/\/www.sellerlogic.com\/fi\/resources\/success-story-dadaro\/","name":"Kuinka Lost & Found auttoi Dadaroa koronakriisin aikana | SELLERLOGIC","isPartOf":{"@id":"https:\/\/www.sellerlogic.com\/fi\/#website"},"primaryImageOfPage":{"@id":"https:\/\/www.sellerlogic.com\/fi\/resources\/success-story-dadaro\/#primaryimage"},"image":{"@id":"https:\/\/www.sellerlogic.com\/fi\/resources\/success-story-dadaro\/#primaryimage"},"thumbnailUrl":"https:\/\/www.sellerlogic.com\/wp-content\/uploads\/2020\/12\/logo-monde-petit.png","datePublished":"2020-12-22T10:05:12+00:00","description":"Monille myyjille vuosi 2020 oli vaikea. Lue, kuinka Dadaro k\u00e4ytti Lost & Found-ty\u00f6kalua kriisin hallitsemiseen. Lue se nyt!","breadcrumb":{"@id":"https:\/\/www.sellerlogic.com\/fi\/resources\/success-story-dadaro\/#breadcrumb"},"inLanguage":"fi","potentialAction":[{"@type":"ReadAction","target":["https:\/\/www.sellerlogic.com\/fi\/resources\/success-story-dadaro\/"]}]},{"@type":"ImageObject","inLanguage":"fi","@id":"https:\/\/www.sellerlogic.com\/fi\/resources\/success-story-dadaro\/#primaryimage","url":"https:\/\/www.sellerlogic.com\/wp-content\/uploads\/2020\/12\/logo-monde-petit.png","contentUrl":"https:\/\/www.sellerlogic.com\/wp-content\/uploads\/2020\/12\/logo-monde-petit.png"},{"@type":"BreadcrumbList","@id":"https:\/\/www.sellerlogic.com\/fi\/resources\/success-story-dadaro\/#breadcrumb","itemListElement":[{"@type":"ListItem","position":1,"name":"Home","item":"https:\/\/www.sellerlogic.com\/fi\/"},{"@type":"ListItem","position":2,"name":"Resurssit EN","item":"https:\/\/www.sellerlogic.com\/fi\/resources\/"},{"@type":"ListItem","position":3,"name":"Success Story: Dadaro EN"}]},{"@type":"WebSite","@id":"https:\/\/www.sellerlogic.com\/fi\/#website","url":"https:\/\/www.sellerlogic.com\/fi\/","name":"SELLERLOGIC - Smarte Tools f\u00fcr Amazon-Seller","description":"Intelligente Prozessoptimierung und Gewinnmaximierung","publisher":{"@id":"https:\/\/www.sellerlogic.com\/fi\/#organization"},"potentialAction":[{"@type":"SearchAction","target":{"@type":"EntryPoint","urlTemplate":"https:\/\/www.sellerlogic.com\/fi\/?s={search_term_string}"},"query-input":{"@type":"PropertyValueSpecification","valueRequired":true,"valueName":"search_term_string"}}],"inLanguage":"fi"},{"@type":"Organization","@id":"https:\/\/www.sellerlogic.com\/fi\/#organization","name":"SELLERLOGIC","url":"https:\/\/www.sellerlogic.com\/fi\/","logo":{"@type":"ImageObject","inLanguage":"fi","@id":"https:\/\/www.sellerlogic.com\/fi\/#\/schema\/logo\/image\/","url":"https:\/\/d2bw95mh2ee04s.cloudfront.net\/prod\/content\/wp-content\/uploads\/2025\/01\/02134814\/Property-Logo-Main.svg","contentUrl":"https:\/\/d2bw95mh2ee04s.cloudfront.net\/prod\/content\/wp-content\/uploads\/2025\/01\/02134814\/Property-Logo-Main.svg","width":184,"height":40,"caption":"SELLERLOGIC"},"image":{"@id":"https:\/\/www.sellerlogic.com\/fi\/#\/schema\/logo\/image\/"},"sameAs":["https:\/\/www.facebook.com\/SellerLogic\/","https:\/\/x.com\/sellerlogic","https:\/\/www.instagram.com\/sellerlogic\/","https:\/\/www.linkedin.com\/company\/18402037\/","https:\/\/www.youtube.com\/channel\/UC-gULUur-fNj08sprantKsQ"]}]}},"_links":{"self":[{"href":"https:\/\/www.sellerlogic.com\/fi\/wp-json\/wp\/v2\/pages\/231060","targetHints":{"allow":["GET"]}}],"collection":[{"href":"https:\/\/www.sellerlogic.com\/fi\/wp-json\/wp\/v2\/pages"}],"about":[{"href":"https:\/\/www.sellerlogic.com\/fi\/wp-json\/wp\/v2\/types\/page"}],"author":[{"embeddable":true,"href":"https:\/\/www.sellerlogic.com\/fi\/wp-json\/wp\/v2\/users\/3"}],"replies":[{"embeddable":true,"href":"https:\/\/www.sellerlogic.com\/fi\/wp-json\/wp\/v2\/comments?post=231060"}],"version-history":[{"count":0,"href":"https:\/\/www.sellerlogic.com\/fi\/wp-json\/wp\/v2\/pages\/231060\/revisions"}],"up":[{"embeddable":true,"href":"https:\/\/www.sellerlogic.com\/fi\/wp-json\/wp\/v2\/pages\/231081"}],"wp:attachment":[{"href":"https:\/\/www.sellerlogic.com\/fi\/wp-json\/wp\/v2\/media?parent=231060"}],"curies":[{"name":"wp","href":"https:\/\/api.w.org\/{rel}","templated":true}]}}