
{"id":231066,"date":"2022-06-29T09:06:14","date_gmt":"2022-06-29T09:06:14","guid":{"rendered":"https:\/\/127.0.0.1\/nl-subscription\/"},"modified":"2022-06-29T09:06:14","modified_gmt":"2022-06-29T09:06:14","slug":"nl-subscription","status":"publish","type":"page","link":"https:\/\/www.sellerlogic.com\/fi\/nl-subscription\/","title":{"rendered":"NL Subscription EN"},"content":{"rendered":"\n\t<div  class=\"theme-wp-block theme-block-main-header desktop-content-align-y-center desktop-content-align-x-center xl-content-align-y-center xl-content-align-x-center lg-content-align-y-center lg-content-align-x-center md-content-align-y-center md-content-align-x-center sm-content-align-y-center sm-content-align-x-center gb-responsive-349165-identifier desktop-align-full xl-align-full lg-align-full md-align-full sm-align-full is-style-full-height theme-block-cover\">\n\t\t<div class=\"bg-cover theme-lazy-load-bg\"><\/div>\n\t\t<div class=\"wrap-content-main-header\">\n\t\t\t\t\t<div  class=\"theme-wp-block theme-block-text-and-text desktop-align-wide xl-align-wide lg-align-wide md-align-wide sm-align-wide desktop-blockDirection-row xl-blockDirection-row lg-blockDirection-row md-blockDirection-row sm-blockDirection-row gb-responsive-473561-identifier desktop-vertical-center xl-vertical-center lg-vertical-center md-vertical-center sm-vertical-center\">\n\t\t<div class=\"tat-column-wrap-wrapper\">\n\t\t\t<div class=\"tat-column-wrapper\">\n\t\t\t\t\t<div  class=\"theme-wp-block theme-block-text-and-text-column gb-responsive-667797-identifier desktop-horizontal-center xl-horizontal-center lg-horizontal-center md-horizontal-center sm-horizontal-center\">\n\t\t<div class=\"inner-wrap-column-content\">\n\t\t\t<div class=\"inner-column-content\">\n\t\t\t\t<div class=\"theme-wp-block wp-block-columns are-vertically-aligned-center gb-responsive-800382-identifier is-layout-flex wp-container-core-columns-is-layout-9d6595d7 wp-block-columns-is-layout-flex\"><div class=\"theme-wp-block wp-block-column is-vertically-aligned-center gb-responsive-827747-identifier is-layout-flow wp-block-column-is-layout-flow\"><div class=\"theme-block-group-wrap\"><div class=\"theme-wp-block wp-block-group gb-responsive-395462-identifier has-white-color has-text-color\"><h1 class=\"theme-wp-block has-text-align-center gb-responsive-181751-identifier desktop-text-center xl-text-center lg-text-center md-text-center sm-text-center wp-block-heading\">Haluatko laajentaa Amazon-tiet\u00e4myst\u00e4si?<\/h1><h2 class=\"theme-wp-block has-text-align-center gb-responsive-42443-identifier desktop-text-center xl-text-center lg-text-center md-text-center sm-text-center wp-block-heading\">Tilaa uutiskirjeemme!<\/h2><hr class=\"theme-wp-block wp-block-separator has-css-opacity\"><\/hr><h3 class=\"theme-wp-block has-text-align-center gb-responsive-120651-identifier desktop-text-center xl-text-center lg-text-center md-text-center sm-text-center wp-block-heading\">Pysy ajan tasalla koko ajan:<\/h3><h3 class=\"theme-wp-block has-text-align-center gb-responsive-529562-identifier desktop-text-center xl-text-center lg-text-center md-text-center sm-text-center wp-block-heading\">Blogikirjoitukset, valkoiset paperit, menestystarinat ja paljon muuta<\/h3><\/div><\/div><\/div><div class=\"theme-wp-block wp-block-column is-vertically-aligned-center gb-responsive-447844-identifier is-layout-flow wp-block-column-is-layout-flow\"><div class=\"theme-block-group-wrap\"><div class=\"theme-wp-block wp-block-group gb-responsive-539307-identifier has-theme-light-gray-background-color has-background\"><h3 class=\"theme-wp-block has-text-align-center gb-responsive-488462-identifier desktop-text-center xl-text-center lg-text-center md-text-center sm-text-center wp-block-heading\">\u00c4l\u00e4 koskaan j\u00e4\u00e4 paitsi t\u00e4rkeist\u00e4 uutisista: Tilaa SELLERLOGIC uutiskirje t\u00e4n\u00e4\u00e4n!<\/h3><div id=\"wb-form\" class=\"theme-wp-block wb-form\"><p><\/p><form id=\"leadform\" action=\"#\" method=\"post\"><input type=\"email\" name=\"email\" id=\"email\" placeholder=\"S\u00e4hk\u00f6postiosoitteesi\" required=\"required\" style=\"padding: 10px; font-size: 18px; width: 100%; margin-bottom: 15px; color: rgb(88, 88, 88);\"><\/input><input type=\"submit\" value=\"Tilaa nyt!\" id=\"submit\" style=\"padding: 10px; font-size: 18px; width: 100%; margin-bottom: 15px; color: rgb(255, 255, 255); background-color: rgb(255, 170, 1); cursor: pointer;\"><\/input><p style=\"margin-bottom: 10px; font-size: 12px;\">Tietojen k\u00e4sittely tapahtuu meid\u00e4n <a href=\"https:\/\/www.sellerlogic.com\/en\/privacy-policy\/\" target=\"_blank\" draggable=\"false\" rel=\"noopener noreferrer\">tietosuojak\u00e4yt\u00e4nn\u00f6n<\/a> mukaisesti.<\/p><\/form><\/div><\/div><\/div><\/div><\/div>\t\t\t<\/div>\n\t\t<\/div>\n\t<\/div>\n\t<div  class=\"theme-wp-block theme-block-text-and-text-column gb-responsive-761697-identifier\">\n\t\t<div class=\"inner-wrap-column-content\">\n\t\t\t<div class=\"inner-column-content\">\n\t\t\t\t\t\t\t<\/div>\n\t\t<\/div>\n\t<\/div>\n\t\t\t<\/div>\n\t\t<\/div>\n\t<\/div>\n\n\t\t<\/div>\n\t<\/div>\n\n<h2 class=\"theme-wp-block alignfull has-text-align-center gb-responsive-339839-identifier desktop-align-full xl-align-full lg-align-full md-align-full sm-align-full desktop-text-full xl-text-full lg-text-full md-text-full sm-text-full desktop-text-center xl-text-center lg-text-center md-text-center sm-text-center wp-block-heading\">SELLERLOGIC uutiskirje<\/h2><div class=\"theme-wp-block wp-block-columns alignfull are-vertically-aligned-center desktop-align-full xl-align-full lg-align-full md-align-full sm-align-full gb-responsive-957647-identifier has-theme-light-gray-background-color has-background is-layout-flex wp-container-core-columns-is-layout-9d6595d7 wp-block-columns-is-layout-flex\"><div class=\"theme-wp-block wp-block-column is-vertically-aligned-center gb-responsive-400571-identifier is-layout-flow wp-block-column-is-layout-flow\" style=\"flex-basis:25%\"><\/div><div class=\"theme-wp-block wp-block-column is-vertically-aligned-center gb-responsive-117431-identifier is-layout-flow wp-block-column-is-layout-flow\" style=\"flex-basis:50%\"><div class=\"theme-block-group-wrap\"><div class=\"theme-wp-block wp-block-group gb-responsive-371987-identifier has-white-background-color has-background\"><figure class=\"theme-wp-block wp-block-image size-large is-style-default gb-responsive-829230-identifier\"><img decoding=\"async\" width=\"844\" height=\"1198\" src=\"https:\/\/d2bw95mh2ee04s.cloudfront.net\/prod\/content\/wp-content\/uploads\/2022\/06\/23140249\/SellerLogic_NL_EN-844x1198.png\" alt=\"Pysy ajan tasalla kaikesta Amazonista SELLERLOGIC uutiskirjeen avulla\" class=\"wp-image-21078\" srcset=\"https:\/\/d2bw95mh2ee04s.cloudfront.net\/prod\/content\/wp-content\/uploads\/2022\/06\/23140249\/SellerLogic_NL_EN-407x577.png 407w, https:\/\/d2bw95mh2ee04s.cloudfront.net\/prod\/content\/wp-content\/uploads\/2022\/06\/23140249\/SellerLogic_NL_EN-768x1090.png 768w, https:\/\/d2bw95mh2ee04s.cloudfront.net\/prod\/content\/wp-content\/uploads\/2022\/06\/23140249\/SellerLogic_NL_EN-844x1198.png 844w, https:\/\/d2bw95mh2ee04s.cloudfront.net\/prod\/content\/wp-content\/uploads\/2022\/06\/23140249\/SellerLogic_NL_EN.png 955w\" sizes=\"(max-width: 844px) 100vw, 844px\" \/><\/figure><hr class=\"theme-wp-block wp-block-separator has-css-opacity\"><\/hr><div class=\"theme-block-list\"><ul class=\"theme-wp-block gb-responsive-385500-identifier wp-block-list\"><li><span style=\"font-size:1.2em\" class=\"has-font-size\"><strong>Uudet blogikirjoitukset<\/strong><\/span><\/li><li><span style=\"font-size:1.2em\" class=\"has-font-size\"><strong>Arvokasta sis\u00e4lt\u00f6\u00e4<\/strong><\/span><\/li><li><span style=\"font-size:1.2em\" class=\"has-font-size\"><strong>Vinkkej\u00e4 A:sta \u00d6:h\u00f6n<\/strong><\/span><\/li><li><span style=\"font-size:1.2em\" class=\"has-font-size\"><strong>Valkoiset paperit ja menestystarinat<\/strong><\/span><\/li><li><span style=\"font-size:1.2em\" class=\"has-font-size\"><strong>Uutiset tuotteista ja p\u00e4ivityksist\u00e4<\/strong><\/span><\/li><\/ul><\/div><\/div><\/div><\/div><div class=\"theme-wp-block wp-block-column is-vertically-aligned-center gb-responsive-729568-identifier is-layout-flow wp-block-column-is-layout-flow\" style=\"flex-basis:25%\"><\/div><\/div><div class=\"theme-wp-block wp-block-columns alignfull are-vertically-aligned-center desktop-align-full xl-align-full lg-align-full md-align-full sm-align-full gb-responsive-713470-identifier has-white-background-color has-background is-layout-flex wp-container-core-columns-is-layout-9d6595d7 wp-block-columns-is-layout-flex\"><div class=\"theme-wp-block wp-block-column is-vertically-aligned-center gb-responsive-828441-identifier is-layout-flow wp-block-column-is-layout-flow\" style=\"flex-basis:25%\"><\/div><div class=\"theme-wp-block wp-block-column is-vertically-aligned-center gb-responsive-252129-identifier is-layout-flow wp-block-column-is-layout-flow\" style=\"flex-basis:50%\"><div class=\"theme-block-group-wrap\"><div class=\"theme-wp-block wp-block-group gb-responsive-486569-identifier has-theme-light-gray-background-color has-background\"><h3 class=\"theme-wp-block has-text-align-center gb-responsive-799482-identifier desktop-text-center xl-text-center lg-text-center md-text-center sm-text-center wp-block-heading\">\u00c4l\u00e4 koskaan j\u00e4\u00e4 paitsi uudestaan:<br>Tilaa SELLERLOGIC uutiskirje!<\/h3><div id=\"wb-form\" class=\"theme-wp-block wb-form\"><p><\/p><form id=\"leadform\" action=\"#\" method=\"post\"><input type=\"email\" name=\"email\" id=\"email\" placeholder=\"S\u00e4hk\u00f6postiosoitteesi\" required=\"required\" style=\"padding: 10px; font-size: 18px; width: 100%; margin-bottom: 15px; color: rgb(88, 88, 88);\"><\/input><input type=\"submit\" value=\"Tilaa nyt!\" id=\"submit\" style=\"padding: 10px; font-size: 18px; width: 100%; margin-bottom: 15px; color: rgb(255, 255, 255); background-color: rgb(255, 170, 1); cursor: pointer;\"><\/input><p style=\"margin-bottom: 10px; font-size: 12px;\">Tietojen k\u00e4sittely tapahtuu meid\u00e4n <a href=\"https:\/\/www.sellerlogic.com\/en\/privacy-policy\/\" target=\"_blank\" draggable=\"false\" rel=\"noopener noreferrer\">tietosuojak\u00e4yt\u00e4nn\u00f6n<\/a> mukaisesti.<\/p><\/form><\/div><\/div><\/div><\/div><div class=\"theme-wp-block wp-block-column is-vertically-aligned-center gb-responsive-680144-identifier is-layout-flow wp-block-column-is-layout-flow\" style=\"flex-basis:25%\"><\/div><\/div><div class=\"theme-wp-block wp-block-columns alignfull are-vertically-aligned-center desktop-align-full xl-align-full lg-align-full md-align-full sm-align-full gb-responsive-17133-identifier has-theme-light-gray-background-color has-background is-layout-flex wp-container-core-columns-is-layout-9d6595d7 wp-block-columns-is-layout-flex\"><div class=\"theme-wp-block wp-block-column is-vertically-aligned-center gb-responsive-110383-identifier is-layout-flow wp-block-column-is-layout-flow\" style=\"flex-basis:25%\"><\/div><div class=\"theme-wp-block wp-block-column is-vertically-aligned-center gb-responsive-621450-identifier is-layout-flow wp-block-column-is-layout-flow\" style=\"flex-basis:50%\"><div class=\"theme-block-group-wrap  desktop-align-wide xl-align-wide lg-align-wide md-align-wide sm-align-wide\"><div class=\"theme-wp-block wp-block-group alignwide desktop-align-wide xl-align-wide lg-align-wide md-align-wide sm-align-wide gb-responsive-43750-identifier\"><h2 class=\"theme-wp-block alignwide has-text-align-center gb-responsive-214406-identifier desktop-text-full xl-text-full lg-text-full md-text-full sm-text-full desktop-align-wide xl-align-wide lg-align-wide md-align-wide sm-align-wide desktop-text-wide xl-text-wide lg-text-wide md-text-wide sm-text-wide desktop-text-center xl-text-center lg-text-center md-text-center sm-text-center wp-block-heading\">Onko sinulla kysymyksi\u00e4?<\/h2><div class=\"wp-block-image gb-responsive-24882-identifier\"><figure class=\"theme-wp-block aligncenter size-large\"><img decoding=\"async\" width=\"844\" height=\"184\" src=\"https:\/\/d2bw95mh2ee04s.cloudfront.net\/prod\/content\/wp-content\/uploads\/2020\/12\/23142754\/customer-support-rueckruf-service-scaled-1.jpeg\" alt=\"NL Subscription EN\" class=\"wp-image-3282\" srcset=\"https:\/\/d2bw95mh2ee04s.cloudfront.net\/prod\/content\/wp-content\/uploads\/2020\/12\/23142754\/customer-support-rueckruf-service-scaled-1-407x89.jpeg 407w, https:\/\/d2bw95mh2ee04s.cloudfront.net\/prod\/content\/wp-content\/uploads\/2020\/12\/23142754\/customer-support-rueckruf-service-scaled-1-768x167.jpeg 768w, https:\/\/d2bw95mh2ee04s.cloudfront.net\/prod\/content\/wp-content\/uploads\/2020\/12\/23142754\/customer-support-rueckruf-service-scaled-1.jpeg 844w\" sizes=\"(max-width: 844px) 100vw, 844px\" \/><\/figure><\/div><p class=\"theme-wp-block has-text-align-center gb-responsive-986471-identifier\">Vastaamme mielell\u00e4mme kaikkiin kysymyksiisi tai esittelemme sinulle ohjelmistomme!<\/p><p class=\"theme-wp-block has-text-align-center gb-responsive-10432-identifier\">Soita asiakastukitiimillemme<\/p><p class=\"theme-wp-block has-text-align-center gb-responsive-277750-identifier\"><strong>+49 211 900 64 0<\/strong><\/p><p class=\"theme-wp-block has-text-align-center gb-responsive-813552-identifier\"><strong>N\u00e4emme pian!<\/strong><\/p><\/div><\/div><\/div><div class=\"theme-wp-block wp-block-column is-vertically-aligned-center gb-responsive-484962-identifier is-layout-flow wp-block-column-is-layout-flow\" style=\"flex-basis:25%\"><\/div><\/div><p class=\"theme-wp-block gb-responsive-72015-identifier\"><\/p>","protected":false},"excerpt":{"rendered":"<p>SELLERLOGIC uutiskirje Uudet blogikirjoitukset Arvokasta sis\u00e4lt\u00f6\u00e4 Vinkkej\u00e4 A:sta \u00d6:h\u00f6n Valkoiset paperit ja menestystarinat Uutiset tuotteista ja p\u00e4ivityksist\u00e4 \u00c4l\u00e4 koskaan j\u00e4\u00e4 paitsi uudestaan:Tilaa SELLERLOGIC uutiskirje! Tietojen k\u00e4sittely tapahtuu meid\u00e4n tietosuojak\u00e4yt\u00e4nn\u00f6n mukaisesti. Onko sinulla kysymyksi\u00e4? Vastaamme mielell\u00e4mme kaikkiin kysymyksiisi tai esittelemme sinulle ohjelmistomme! Soita asiakastukitiimillemme +49 211 900 64 0 N\u00e4emme pian!<\/p>\n","protected":false},"author":6,"featured_media":0,"parent":0,"menu_order":0,"comment_status":"closed","ping_status":"closed","template":"","meta":{"sidebar_recommended_resources":{"data":[]},"sidebar_header_settings":{"hide_buttons":{"register":false}},"_use_new_theme":false,"inline_featured_image":false,"footnotes":""},"class_list":["post-231066","page","type-page","status-publish","hentry"],"yoast_head":"<!-- This site is optimized with the Yoast SEO plugin v26.8 - https:\/\/yoast.com\/product\/yoast-seo-wordpress\/ -->\n<title>\u2705 Tilaa SELLERLOGIC uutiskirje saadaksesi viimeisimm\u00e4t Amazon-uutiset<\/title>\n<meta name=\"description\" content=\"L\u00e4hde blogiartikkeleille, valkoisille papereille ja menestystarinoille Amazon-universumista. Tilaa SELLERLOGIC uutiskirje t\u00e4n\u00e4\u00e4n!\" \/>\n<meta name=\"robots\" content=\"index, follow, max-snippet:-1, max-image-preview:large, max-video-preview:-1\" \/>\n<link rel=\"canonical\" href=\"https:\/\/www.sellerlogic.com\/fi\/nl-subscription\/\" \/>\n<meta property=\"og:locale\" content=\"fi_FI\" \/>\n<meta property=\"og:type\" content=\"article\" \/>\n<meta property=\"og:title\" content=\"\u2705 Tilaa SELLERLOGIC uutiskirje saadaksesi viimeisimm\u00e4t Amazon-uutiset\" \/>\n<meta property=\"og:description\" content=\"L\u00e4hde blogiartikkeleille, valkoisille papereille ja menestystarinoille Amazon-universumista. Tilaa SELLERLOGIC uutiskirje t\u00e4n\u00e4\u00e4n!\" \/>\n<meta property=\"og:url\" content=\"https:\/\/www.sellerlogic.com\/fi\/nl-subscription\/\" \/>\n<meta property=\"og:site_name\" content=\"SELLERLOGIC - Smarte Tools f\u00fcr Amazon-Seller\" \/>\n<meta property=\"article:publisher\" content=\"https:\/\/www.facebook.com\/SellerLogic\/\" \/>\n<meta property=\"og:image\" content=\"https:\/\/www.sellerlogic.com\/wp-content\/uploads\/2022\/06\/SellerLogic_NL_EN-844x1198.png\" \/>\n<meta name=\"twitter:card\" content=\"summary_large_image\" \/>\n<meta name=\"twitter:site\" content=\"@sellerlogic\" \/>\n<meta name=\"twitter:label1\" content=\"Est. reading time\" \/>\n\t<meta name=\"twitter:data1\" content=\"2 minutes\" \/>\n<script type=\"application\/ld+json\" class=\"yoast-schema-graph\">{\"@context\":\"https:\/\/schema.org\",\"@graph\":[{\"@type\":\"WebPage\",\"@id\":\"https:\/\/www.sellerlogic.com\/fi\/nl-subscription\/\",\"url\":\"https:\/\/www.sellerlogic.com\/fi\/nl-subscription\/\",\"name\":\"\u2705 Tilaa SELLERLOGIC uutiskirje saadaksesi viimeisimm\u00e4t Amazon-uutiset\",\"isPartOf\":{\"@id\":\"https:\/\/www.sellerlogic.com\/fi\/#website\"},\"primaryImageOfPage\":{\"@id\":\"https:\/\/www.sellerlogic.com\/fi\/nl-subscription\/#primaryimage\"},\"image\":{\"@id\":\"https:\/\/www.sellerlogic.com\/fi\/nl-subscription\/#primaryimage\"},\"thumbnailUrl\":\"https:\/\/www.sellerlogic.com\/wp-content\/uploads\/2022\/06\/SellerLogic_NL_EN-844x1198.png\",\"datePublished\":\"2022-06-29T09:06:14+00:00\",\"description\":\"L\u00e4hde blogiartikkeleille, valkoisille papereille ja menestystarinoille Amazon-universumista. Tilaa SELLERLOGIC uutiskirje t\u00e4n\u00e4\u00e4n!\",\"breadcrumb\":{\"@id\":\"https:\/\/www.sellerlogic.com\/fi\/nl-subscription\/#breadcrumb\"},\"inLanguage\":\"fi\",\"potentialAction\":[{\"@type\":\"ReadAction\",\"target\":[\"https:\/\/www.sellerlogic.com\/fi\/nl-subscription\/\"]}]},{\"@type\":\"ImageObject\",\"inLanguage\":\"fi\",\"@id\":\"https:\/\/www.sellerlogic.com\/fi\/nl-subscription\/#primaryimage\",\"url\":\"https:\/\/www.sellerlogic.com\/wp-content\/uploads\/2022\/06\/SellerLogic_NL_EN-844x1198.png\",\"contentUrl\":\"https:\/\/www.sellerlogic.com\/wp-content\/uploads\/2022\/06\/SellerLogic_NL_EN-844x1198.png\"},{\"@type\":\"BreadcrumbList\",\"@id\":\"https:\/\/www.sellerlogic.com\/fi\/nl-subscription\/#breadcrumb\",\"itemListElement\":[{\"@type\":\"ListItem\",\"position\":1,\"name\":\"Home\",\"item\":\"https:\/\/www.sellerlogic.com\/fi\/\"},{\"@type\":\"ListItem\",\"position\":2,\"name\":\"NL Subscription EN\"}]},{\"@type\":\"WebSite\",\"@id\":\"https:\/\/www.sellerlogic.com\/fi\/#website\",\"url\":\"https:\/\/www.sellerlogic.com\/fi\/\",\"name\":\"SELLERLOGIC - Smarte Tools f\u00fcr Amazon-Seller\",\"description\":\"Intelligente Prozessoptimierung und Gewinnmaximierung\",\"publisher\":{\"@id\":\"https:\/\/www.sellerlogic.com\/fi\/#organization\"},\"potentialAction\":[{\"@type\":\"SearchAction\",\"target\":{\"@type\":\"EntryPoint\",\"urlTemplate\":\"https:\/\/www.sellerlogic.com\/fi\/?s={search_term_string}\"},\"query-input\":{\"@type\":\"PropertyValueSpecification\",\"valueRequired\":true,\"valueName\":\"search_term_string\"}}],\"inLanguage\":\"fi\"},{\"@type\":\"Organization\",\"@id\":\"https:\/\/www.sellerlogic.com\/fi\/#organization\",\"name\":\"SELLERLOGIC\",\"url\":\"https:\/\/www.sellerlogic.com\/fi\/\",\"logo\":{\"@type\":\"ImageObject\",\"inLanguage\":\"fi\",\"@id\":\"https:\/\/www.sellerlogic.com\/fi\/#\/schema\/logo\/image\/\",\"url\":\"https:\/\/d2bw95mh2ee04s.cloudfront.net\/prod\/content\/wp-content\/uploads\/2025\/01\/02134814\/Property-Logo-Main.svg\",\"contentUrl\":\"https:\/\/d2bw95mh2ee04s.cloudfront.net\/prod\/content\/wp-content\/uploads\/2025\/01\/02134814\/Property-Logo-Main.svg\",\"width\":184,\"height\":40,\"caption\":\"SELLERLOGIC\"},\"image\":{\"@id\":\"https:\/\/www.sellerlogic.com\/fi\/#\/schema\/logo\/image\/\"},\"sameAs\":[\"https:\/\/www.facebook.com\/SellerLogic\/\",\"https:\/\/x.com\/sellerlogic\",\"https:\/\/www.instagram.com\/sellerlogic\/\",\"https:\/\/www.linkedin.com\/company\/18402037\/\",\"https:\/\/www.youtube.com\/channel\/UC-gULUur-fNj08sprantKsQ\"]}]}<\/script>\n<!-- \/ Yoast SEO plugin. -->","yoast_head_json":{"title":"\u2705 Tilaa SELLERLOGIC uutiskirje saadaksesi viimeisimm\u00e4t Amazon-uutiset","description":"L\u00e4hde blogiartikkeleille, valkoisille papereille ja menestystarinoille Amazon-universumista. Tilaa SELLERLOGIC uutiskirje t\u00e4n\u00e4\u00e4n!","robots":{"index":"index","follow":"follow","max-snippet":"max-snippet:-1","max-image-preview":"max-image-preview:large","max-video-preview":"max-video-preview:-1"},"canonical":"https:\/\/www.sellerlogic.com\/fi\/nl-subscription\/","og_locale":"fi_FI","og_type":"article","og_title":"\u2705 Tilaa SELLERLOGIC uutiskirje saadaksesi viimeisimm\u00e4t Amazon-uutiset","og_description":"L\u00e4hde blogiartikkeleille, valkoisille papereille ja menestystarinoille Amazon-universumista. Tilaa SELLERLOGIC uutiskirje t\u00e4n\u00e4\u00e4n!","og_url":"https:\/\/www.sellerlogic.com\/fi\/nl-subscription\/","og_site_name":"SELLERLOGIC - Smarte Tools f\u00fcr Amazon-Seller","article_publisher":"https:\/\/www.facebook.com\/SellerLogic\/","og_image":[{"url":"https:\/\/www.sellerlogic.com\/wp-content\/uploads\/2022\/06\/SellerLogic_NL_EN-844x1198.png","type":"","width":"","height":""}],"twitter_card":"summary_large_image","twitter_site":"@sellerlogic","twitter_misc":{"Est. reading time":"2 minutes"},"schema":{"@context":"https:\/\/schema.org","@graph":[{"@type":"WebPage","@id":"https:\/\/www.sellerlogic.com\/fi\/nl-subscription\/","url":"https:\/\/www.sellerlogic.com\/fi\/nl-subscription\/","name":"\u2705 Tilaa SELLERLOGIC uutiskirje saadaksesi viimeisimm\u00e4t Amazon-uutiset","isPartOf":{"@id":"https:\/\/www.sellerlogic.com\/fi\/#website"},"primaryImageOfPage":{"@id":"https:\/\/www.sellerlogic.com\/fi\/nl-subscription\/#primaryimage"},"image":{"@id":"https:\/\/www.sellerlogic.com\/fi\/nl-subscription\/#primaryimage"},"thumbnailUrl":"https:\/\/www.sellerlogic.com\/wp-content\/uploads\/2022\/06\/SellerLogic_NL_EN-844x1198.png","datePublished":"2022-06-29T09:06:14+00:00","description":"L\u00e4hde blogiartikkeleille, valkoisille papereille ja menestystarinoille Amazon-universumista. Tilaa SELLERLOGIC uutiskirje t\u00e4n\u00e4\u00e4n!","breadcrumb":{"@id":"https:\/\/www.sellerlogic.com\/fi\/nl-subscription\/#breadcrumb"},"inLanguage":"fi","potentialAction":[{"@type":"ReadAction","target":["https:\/\/www.sellerlogic.com\/fi\/nl-subscription\/"]}]},{"@type":"ImageObject","inLanguage":"fi","@id":"https:\/\/www.sellerlogic.com\/fi\/nl-subscription\/#primaryimage","url":"https:\/\/www.sellerlogic.com\/wp-content\/uploads\/2022\/06\/SellerLogic_NL_EN-844x1198.png","contentUrl":"https:\/\/www.sellerlogic.com\/wp-content\/uploads\/2022\/06\/SellerLogic_NL_EN-844x1198.png"},{"@type":"BreadcrumbList","@id":"https:\/\/www.sellerlogic.com\/fi\/nl-subscription\/#breadcrumb","itemListElement":[{"@type":"ListItem","position":1,"name":"Home","item":"https:\/\/www.sellerlogic.com\/fi\/"},{"@type":"ListItem","position":2,"name":"NL Subscription EN"}]},{"@type":"WebSite","@id":"https:\/\/www.sellerlogic.com\/fi\/#website","url":"https:\/\/www.sellerlogic.com\/fi\/","name":"SELLERLOGIC - Smarte Tools f\u00fcr Amazon-Seller","description":"Intelligente Prozessoptimierung und Gewinnmaximierung","publisher":{"@id":"https:\/\/www.sellerlogic.com\/fi\/#organization"},"potentialAction":[{"@type":"SearchAction","target":{"@type":"EntryPoint","urlTemplate":"https:\/\/www.sellerlogic.com\/fi\/?s={search_term_string}"},"query-input":{"@type":"PropertyValueSpecification","valueRequired":true,"valueName":"search_term_string"}}],"inLanguage":"fi"},{"@type":"Organization","@id":"https:\/\/www.sellerlogic.com\/fi\/#organization","name":"SELLERLOGIC","url":"https:\/\/www.sellerlogic.com\/fi\/","logo":{"@type":"ImageObject","inLanguage":"fi","@id":"https:\/\/www.sellerlogic.com\/fi\/#\/schema\/logo\/image\/","url":"https:\/\/d2bw95mh2ee04s.cloudfront.net\/prod\/content\/wp-content\/uploads\/2025\/01\/02134814\/Property-Logo-Main.svg","contentUrl":"https:\/\/d2bw95mh2ee04s.cloudfront.net\/prod\/content\/wp-content\/uploads\/2025\/01\/02134814\/Property-Logo-Main.svg","width":184,"height":40,"caption":"SELLERLOGIC"},"image":{"@id":"https:\/\/www.sellerlogic.com\/fi\/#\/schema\/logo\/image\/"},"sameAs":["https:\/\/www.facebook.com\/SellerLogic\/","https:\/\/x.com\/sellerlogic","https:\/\/www.instagram.com\/sellerlogic\/","https:\/\/www.linkedin.com\/company\/18402037\/","https:\/\/www.youtube.com\/channel\/UC-gULUur-fNj08sprantKsQ"]}]}},"_links":{"self":[{"href":"https:\/\/www.sellerlogic.com\/fi\/wp-json\/wp\/v2\/pages\/231066","targetHints":{"allow":["GET"]}}],"collection":[{"href":"https:\/\/www.sellerlogic.com\/fi\/wp-json\/wp\/v2\/pages"}],"about":[{"href":"https:\/\/www.sellerlogic.com\/fi\/wp-json\/wp\/v2\/types\/page"}],"author":[{"embeddable":true,"href":"https:\/\/www.sellerlogic.com\/fi\/wp-json\/wp\/v2\/users\/6"}],"replies":[{"embeddable":true,"href":"https:\/\/www.sellerlogic.com\/fi\/wp-json\/wp\/v2\/comments?post=231066"}],"version-history":[{"count":0,"href":"https:\/\/www.sellerlogic.com\/fi\/wp-json\/wp\/v2\/pages\/231066\/revisions"}],"wp:attachment":[{"href":"https:\/\/www.sellerlogic.com\/fi\/wp-json\/wp\/v2\/media?parent=231066"}],"curies":[{"name":"wp","href":"https:\/\/api.w.org\/{rel}","templated":true}]}}