
{"id":231078,"date":"2020-12-18T11:33:09","date_gmt":"2020-12-18T11:33:09","guid":{"rendered":"https:\/\/127.0.0.1\/resources\/success-story-outlet-sofa-direct\/"},"modified":"2020-12-18T11:33:09","modified_gmt":"2020-12-18T11:33:09","slug":"success-story-outlet-sofa-direct","status":"publish","type":"page","link":"https:\/\/www.sellerlogic.com\/fi\/resources\/success-story-outlet-sofa-direct\/","title":{"rendered":"Menestystarina: Outlet Sofa Direct EN"},"content":{"rendered":"\n\t<div  class=\"theme-wp-block theme-block-main-header is-style-full-height desktop-align-full xl-align-full lg-align-full md-align-full sm-align-full desktop-content-align-y-center desktop-content-align-x-center xl-content-align-y-center xl-content-align-x-center lg-content-align-y-center lg-content-align-x-center md-content-align-y-center md-content-align-x-center sm-content-align-y-center sm-content-align-x-center gb-responsive-52704-identifier theme-block-cover\">\n\t\t<div class=\"bg-cover theme-lazy-load-bg\"><\/div>\n\t\t<div class=\"wrap-content-main-header\">\n\t\t\t\t\t<div  class=\"theme-wp-block theme-block-text-and-text desktop-blockDirection-row xl-blockDirection-row lg-blockDirection-row md-blockDirection-row sm-blockDirection-row gb-responsive-903753-identifier desktop-align-full xl-align-full lg-align-full md-align-full sm-align-full alignfull\">\n\t\t<div class=\"tat-column-wrap-wrapper\">\n\t\t\t<div class=\"tat-column-wrapper\">\n\t\t\t\t\t<div  class=\"theme-wp-block theme-block-text-and-text-column gb-responsive-974454-identifier desktop-horizontal-center xl-horizontal-center lg-horizontal-center md-horizontal-center sm-horizontal-center\">\n\t\t<div class=\"inner-wrap-column-content\">\n\t\t\t<div class=\"inner-column-content\">\n\t\t\t\t\t\t<h1  class=\"theme-wp-block theme-block-heading is-style-default gb-responsive-560595-identifier desktop-align-wide xl-align-wide lg-align-wide md-align-wide sm-align-wide desktop-text-center xl-text-center lg-text-center md-text-center sm-text-center alignwide h1 has-text-align\">\n\t\t20k Puhelinsoitto\t<\/h1>\n\n\t\t<h2  class=\"theme-wp-block theme-block-heading is-style-default gb-responsive-64452-identifier desktop-text-center xl-text-center lg-text-center md-text-center sm-text-center h1\">\n\t\tKuinka Outlet-Sofa Direct pystyi s\u00e4\u00e4st\u00e4m\u00e4\u00e4n aikaa, vaivann\u00e4k\u00f6\u00e4 ja tuhansia euroja\t<\/h2>\n\n<p class=\"theme-wp-block gb-responsive-93774-identifier\"><a href=\"https:\/\/www.sellerlogic.com\/fi\/resources\/success-story-outlet-sofa-direct\/\" target=\"_blank\" rel=\"noreferrer noopener\"><\/a><\/p>\t\t\t<\/div>\n\t\t<\/div>\n\t<\/div>\n\t<div  class=\"theme-wp-block theme-block-text-and-text-column gb-responsive-681128-identifier\">\n\t\t<div class=\"inner-wrap-column-content\">\n\t\t\t<div class=\"inner-column-content\">\n\t\t\t\t\t\t\t<\/div>\n\t\t<\/div>\n\t<\/div>\n\t\t\t<\/div>\n\t\t<\/div>\n\t<\/div>\n\n\t\t<\/div>\n\t<\/div>\n\n<div style=\"height:50px\" aria-hidden=\"true\" class=\"theme-wp-block wp-block-spacer\"><\/div><div class=\"theme-wp-block wp-block-columns gb-responsive-608602-identifier is-layout-flex wp-container-core-columns-is-layout-9d6595d7 wp-block-columns-is-layout-flex\"><div class=\"theme-wp-block wp-block-column gb-responsive-696523-identifier is-layout-flow wp-block-column-is-layout-flow\" style=\"flex-basis:25%\"><figure class=\"theme-wp-block wp-block-image size-large is-resized gb-responsive-62921-identifier\"><img decoding=\"async\" src=\"https:\/\/d2bw95mh2ee04s.cloudfront.net\/prod\/content\/wp-content\/uploads\/2020\/12\/23142714\/outletsofadirect-logo.png\" alt=\"Menestystarina: Outlet Sofa Direct EN\" class=\"wp-image-5164\" width=\"250\" height=\"89\"><\/figure><p class=\"theme-wp-block gb-responsive-312552-identifier\"><strong><strong><strong>Perustaminen<\/strong><\/strong>:<\/strong><br>2005<\/p><p class=\"theme-wp-block gb-responsive-353708-identifier\"><strong><strong><strong>Teollisuus<\/strong><\/strong>:<\/strong><br>Huonekalut\/Olohuone-Vuodevaatteet<\/p><p class=\"theme-wp-block gb-responsive-741269-identifier\"><strong><strong><strong>Tuotteet Amazonissa:\u00a0<\/strong>\u00a0<\/strong><\/strong><br>noin 2,000 SKUta<\/p><p class=\"theme-wp-block gb-responsive-218030-identifier\"><strong><strong><strong>Toimitukset<\/strong><\/strong>:\u00a0<\/strong><br>noin 8,000 \/ kuukausi<\/p><\/div><div class=\"theme-wp-block wp-block-column gb-responsive-409151-identifier is-layout-flow wp-block-column-is-layout-flow\" style=\"flex-basis:50%\"><h3 class=\"theme-wp-block wp-block-heading gb-responsive-34353-identifier\" id=\"block-c06fce04-ef87-4ffc-a3d6-b768ba377d17\">Tausta:<\/h3><p class=\"theme-wp-block gb-responsive-710769-identifier\">Outlet-Sofa Directin idea syntyi, kun useat vuodevaatteiden ja hyvinvoinnin tuotantoon erikoistuneet valmistajat yhdistyiv\u00e4t tarjotakseen asiakkailleen mahdollisuuden suoraan p\u00e4\u00e4syyn kaikkiin niihin tuotteisiin, jotka kulkevat tehtaan l\u00e4pi ja ovat loppuvarastosta, tarjoten n\u00e4in kuluttajalle parasta laatua ihanteelliseen hintaan. Vuonna 2005, osana huonekalusektorin v\u00e4ist\u00e4m\u00e4t\u00f6nt\u00e4 digitaalista muutosta, yritys ei ep\u00e4r\u00f6inyt hetke\u00e4k\u00e4\u00e4n valita verkkokauppaa.<\/p><h3 class=\"theme-wp-block wp-block-heading gb-responsive-182281-identifier\">Aloitustilanne:<\/h3><p class=\"theme-wp-block gb-responsive-548283-identifier\">E-kaupan j\u00e4ttil\u00e4isen vankan ja tunnetun maineen vuoksi Outlet-Sofa Direct p\u00e4\u00e4tti vuonna 2015 alkaa myyd\u00e4 tuotteitaan Amazonissa: &#8220;Halutessamme saada suuria m\u00e4\u00e4ri\u00e4 verkkokauppamyynti\u00e4 ja olla myym\u00e4tt\u00e4 Amazonissa ei ole usein mahdollista t\u00e4n\u00e4\u00e4n&#8221;, sanoo Francesco, yrityksen markkinapaikkap\u00e4\u00e4llikk\u00f6.<\/p><p class=\"theme-wp-block gb-responsive-940523-identifier\">&#8220;Me myymme t\u00e4ll\u00e4 hetkell\u00e4 useilla markkinapaikoilla: eBay, Cdiscount, mutta myynti Amazonissa ja Amazon FBA -palveluiden k\u00e4ytt\u00f6 on merkitt\u00e4v\u00e4sti lis\u00e4nnyt myynti\u00e4mme&#8221;, toteaa Francesco. &#8220;Ilman muuta kaikessa on etuja ja haittoja, ja Amazon FBA:n tapauksessa asiakkaiden palautusten hallinnan menett\u00e4minen sai minut ymm\u00e4rt\u00e4m\u00e4\u00e4n, ett\u00e4 jotain oli vialla. Osa Amazonin tarjoamista tiedoista ei vastannut sit\u00e4, mit\u00e4 meill\u00e4 oli puolellamme, mutta useimmissa tapauksissa luotin vain siihen, ett\u00e4 Amazon ilmoittaisi meille oikein virheist\u00e4; valitettavasti n\u00e4in ei ollut&#8221;, selitt\u00e4\u00e4 Francesco.<\/p><h3 class=\"theme-wp-block wp-block-heading gb-responsive-115756-identifier\">Ratkaisu:<\/h3><p class=\"theme-wp-block gb-responsive-49178-identifier\">&#8220;Vaikka kuvittelin, ett\u00e4 FBA-transaktioissa oli virheit\u00e4, t\u00e4m\u00e4 oli asia, jonka olimme sivuuttaneet, koska se vaatii valtavasti aikaa ja vaivann\u00e4k\u00f6\u00e4 tiimilt\u00e4mme. Kuitenkin kaikki t\u00e4m\u00e4 muuttui Monican, SELLERLOGIC-tiimin j\u00e4senen, odottamattoman puhelun my\u00f6t\u00e4. H\u00e4nen yst\u00e4v\u00e4llisyytens\u00e4 ja ammattitaitonsa vakuuttivat minut heti alusta alkaen, kun h\u00e4n selitti kaiken nopeasti ja yksityiskohtaisesti.&#8221;<\/p><div class=\"theme-block-group-wrap\"><div class=\"theme-wp-block wp-block-group gb-responsive-88118-identifier\">\t\t<div  class=\"theme-wp-block theme-block-user-card gb-responsive-799176-identifier is-style-full-width-line\">\n\t\t<div class=\"wrap-inner-content\">\n\t\t\t<div class=\"card-user-head\">\n\t\t\t\t<div class=\"card-user-avatar\">\n\t\t\t\t\t<div class=\"cover-avatar\" style=\"background-image: url(https:\/\/d2bw95mh2ee04s.cloudfront.net\/prod\/content\/wp-content\/uploads\/2020\/12\/23142714\/francesco_azzi-_raute.png);\"><\/div>\n\t\t\t\t<\/div>\n\t\t\t\t<div class=\"wrap-title\">\n\t\t\t\t\t<div class=\"card-user-name\">\n\t\t\t\t\t\t<div class=\"title\">\n\t\t\t\t\t\t\t<h3 class=\"heading-text\"><strong>Francesco Azzi<\/strong><\/h3>\n\t\t\t\t\t\t<\/div>\n\t\t\t\t\t\t<div class=\"card-user-position\">\n\t\t\t\t\t\t\t<div class=\"card-text\"><strong>Markkinapaikkap\u00e4\u00e4llikk\u00f6<\/strong><\/div>\n\t\t\t\t\t\t<\/div>\n\t\t\t\t\t<\/div>\n\t\t\t\t\t<div class=\"card-user-quote-icon\">\n\t\t\t\t\t<\/div>\n\t\t\t\t<\/div>\n\t\t\t<\/div>\n\t\t\t<div class=\"card-user-text\">\n\t\t\t\t<div class=\"card-text\"><p>Tuotteen joustavuus. Ei sitoutumista ja maksaminen vain siit\u00e4, mit\u00e4 olet saanut hyvityksen\u00e4, on voittava strategia.<\/p><\/div>\n\t\t\t<\/div>\n\t\t<\/div>\n\t<\/div>\n\n<\/div><\/div><h3 class=\"theme-wp-block wp-block-heading gb-responsive-595368-identifier\">Menestyksekk\u00e4\u00e4t tulokset SELLERLOGIC:<\/h3><p class=\"theme-wp-block gb-responsive-514579-identifier\">&#8220;Kun n\u00e4in tilanteen, jossa olimme FBA-varastoissamme, tiesin, ett\u00e4 virheiden m\u00e4\u00e4r\u00e4 olisi suuri, mutta aluksi en ajatellut, ett\u00e4 se s\u00e4\u00e4st\u00e4isi meilt\u00e4 niin paljon rahaa. Kolmen kuukauden aikana Lost &#038; Found-palvelun k\u00e4ytt\u00f6 on todistanut p\u00e4invastaista, olemme jo palauttaneet 20,000 euroa ja olemme t\u00e4ysin vakuuttuneita siit\u00e4, ett\u00e4 ty\u00f6kalu toimii&#8221;, sanoo Francesco.<\/p><p class=\"theme-wp-block gb-responsive-750322-identifier\">&#8220;Monica ohjasi minua alusta alkaen; rekister\u00f6intiprosessin aikana h\u00e4n ilmoitti minulle kaikista vaiheista, jotka oli seurattava, kun ty\u00f6kalu oli otettu k\u00e4ytt\u00f6\u00f6n. On my\u00f6s syyt\u00e4 mainita, ett\u00e4 muu SELLERLOGIC-tiimi on aina ollut \u00e4\u00e4rimm\u00e4isen saatavilla ja l\u00e4sn\u00e4. Jopa silloin, kun heid\u00e4t ilmoitetaan viime hetken ongelmista. Kiitos koko tiimille ja ty\u00f6kalun intuitiiviselle k\u00e4yt\u00f6lle, ei vain tapausten vaatiminen ole s\u00e4\u00e4st\u00e4nyt meilt\u00e4 paljon aikaa, vaan se on my\u00f6s auttanut meit\u00e4 palauttamaan rahat, joihin olimme oikeutettuja.&#8221;<\/p><div class=\"theme-wp-block wp-block-buttons gb-responsive-497426-identifier is-layout-flex wp-block-buttons-is-layout-flex\"><div class=\"theme-wp-block wp-block-button gb-responsive-38220-identifier is-style-theme-transparent-with-arrow\"><a class=\"wp-block-button__link wp-element-button\" href=\"https:\/\/d2bw95mh2ee04s.cloudfront.net\/prod\/content\/files\/SUCCESS-STORIES\/EN\/SELLERLOGIC_Success-Story_Outlet-Sofa-Direct_EN.pdf\" target=\"_blank\" rel=\"noreferrer noopener nofollow\">Lataa nyt!<\/a><\/div><\/div><\/div><div class=\"theme-wp-block wp-block-column gb-responsive-276018-identifier is-layout-flow wp-block-column-is-layout-flow\" style=\"flex-basis:25%\"><\/div><\/div><p class=\"theme-wp-block gb-responsive-437508-identifier\"><\/p>","protected":false},"excerpt":{"rendered":"<p>Perustaminen:2005 Teollisuus:Huonekalut\/Olohuone-Vuodevaatteet Tuotteet Amazonissa:\u00a0\u00a0noin 2,000 SKUta Toimitukset:\u00a0noin 8,000 \/ kuukausi Tausta: Outlet-Sofa Directin idea syntyi, kun useat vuodevaatteiden ja hyvinvoinnin tuotantoon erikoistuneet valmistajat yhdistyiv\u00e4t tarjotakseen asiakkailleen mahdollisuuden suoraan p\u00e4\u00e4syyn kaikkiin niihin tuotteisiin, jotka kulkevat tehtaan l\u00e4pi ja ovat loppuvarastosta, tarjoten n\u00e4in kuluttajalle parasta laatua ihanteelliseen hintaan. Vuonna 2005, osana huonekalusektorin v\u00e4ist\u00e4m\u00e4t\u00f6nt\u00e4 digitaalista muutosta, yritys ei<\/p>\n","protected":false},"author":8,"featured_media":0,"parent":231081,"menu_order":0,"comment_status":"closed","ping_status":"closed","template":"","meta":{"sidebar_recommended_resources":{"data":[]},"sidebar_header_settings":{"hide_buttons":{"register":false}},"_use_new_theme":false,"inline_featured_image":false,"footnotes":""},"class_list":["post-231078","page","type-page","status-publish","hentry"],"yoast_head":"<!-- This site is optimized with the Yoast SEO plugin v26.8 - https:\/\/yoast.com\/product\/yoast-seo-wordpress\/ -->\n<title>SELLERLOGIC - Menestystarina: Outlet-Sofa Direct<\/title>\n<meta name=\"description\" content=\"SELLERLOGIC Lost &amp; Found on t\u00e4ysin vakuuttanut Outlet-Sofa Directin - Puhelu, arvoltaan 20,000 euroa! Lue menestystarinamme nyt!\" \/>\n<meta name=\"robots\" content=\"index, follow, max-snippet:-1, max-image-preview:large, max-video-preview:-1\" \/>\n<link rel=\"canonical\" href=\"https:\/\/www.sellerlogic.com\/fi\/resources\/success-story-outlet-sofa-direct\/\" \/>\n<meta property=\"og:locale\" content=\"fi_FI\" \/>\n<meta property=\"og:type\" content=\"article\" \/>\n<meta property=\"og:title\" content=\"SELLERLOGIC - Menestystarina: Outlet-Sofa Direct\" \/>\n<meta property=\"og:description\" content=\"SELLERLOGIC Lost &amp; Found on t\u00e4ysin vakuuttanut Outlet-Sofa Directin - Puhelu, arvoltaan 20,000 euroa! Lue menestystarinamme nyt!\" \/>\n<meta property=\"og:url\" content=\"https:\/\/www.sellerlogic.com\/fi\/resources\/success-story-outlet-sofa-direct\/\" \/>\n<meta property=\"og:site_name\" content=\"SELLERLOGIC - Smarte Tools f\u00fcr Amazon-Seller\" \/>\n<meta property=\"article:publisher\" content=\"https:\/\/www.facebook.com\/SellerLogic\/\" \/>\n<meta property=\"og:image\" content=\"https:\/\/www.sellerlogic.com\/wp-content\/uploads\/2020\/12\/outletsofadirect-logo.png\" \/>\n<meta name=\"twitter:card\" content=\"summary_large_image\" \/>\n<meta name=\"twitter:site\" content=\"@sellerlogic\" \/>\n<meta name=\"twitter:label1\" content=\"Est. reading time\" \/>\n\t<meta name=\"twitter:data1\" content=\"3 minutes\" \/>\n<script type=\"application\/ld+json\" class=\"yoast-schema-graph\">{\"@context\":\"https:\/\/schema.org\",\"@graph\":[{\"@type\":\"WebPage\",\"@id\":\"https:\/\/www.sellerlogic.com\/fi\/resources\/success-story-outlet-sofa-direct\/\",\"url\":\"https:\/\/www.sellerlogic.com\/fi\/resources\/success-story-outlet-sofa-direct\/\",\"name\":\"SELLERLOGIC - Menestystarina: Outlet-Sofa Direct\",\"isPartOf\":{\"@id\":\"https:\/\/www.sellerlogic.com\/fi\/#website\"},\"primaryImageOfPage\":{\"@id\":\"https:\/\/www.sellerlogic.com\/fi\/resources\/success-story-outlet-sofa-direct\/#primaryimage\"},\"image\":{\"@id\":\"https:\/\/www.sellerlogic.com\/fi\/resources\/success-story-outlet-sofa-direct\/#primaryimage\"},\"thumbnailUrl\":\"https:\/\/www.sellerlogic.com\/wp-content\/uploads\/2020\/12\/outletsofadirect-logo.png\",\"datePublished\":\"2020-12-18T11:33:09+00:00\",\"description\":\"SELLERLOGIC Lost & Found on t\u00e4ysin vakuuttanut Outlet-Sofa Directin - Puhelu, arvoltaan 20,000 euroa! Lue menestystarinamme nyt!\",\"breadcrumb\":{\"@id\":\"https:\/\/www.sellerlogic.com\/fi\/resources\/success-story-outlet-sofa-direct\/#breadcrumb\"},\"inLanguage\":\"fi\",\"potentialAction\":[{\"@type\":\"ReadAction\",\"target\":[\"https:\/\/www.sellerlogic.com\/fi\/resources\/success-story-outlet-sofa-direct\/\"]}]},{\"@type\":\"ImageObject\",\"inLanguage\":\"fi\",\"@id\":\"https:\/\/www.sellerlogic.com\/fi\/resources\/success-story-outlet-sofa-direct\/#primaryimage\",\"url\":\"https:\/\/www.sellerlogic.com\/wp-content\/uploads\/2020\/12\/outletsofadirect-logo.png\",\"contentUrl\":\"https:\/\/www.sellerlogic.com\/wp-content\/uploads\/2020\/12\/outletsofadirect-logo.png\"},{\"@type\":\"BreadcrumbList\",\"@id\":\"https:\/\/www.sellerlogic.com\/fi\/resources\/success-story-outlet-sofa-direct\/#breadcrumb\",\"itemListElement\":[{\"@type\":\"ListItem\",\"position\":1,\"name\":\"Home\",\"item\":\"https:\/\/www.sellerlogic.com\/fi\/\"},{\"@type\":\"ListItem\",\"position\":2,\"name\":\"Resurssit EN\",\"item\":\"https:\/\/www.sellerlogic.com\/fi\/resources\/\"},{\"@type\":\"ListItem\",\"position\":3,\"name\":\"Menestystarina: Outlet Sofa Direct EN\"}]},{\"@type\":\"WebSite\",\"@id\":\"https:\/\/www.sellerlogic.com\/fi\/#website\",\"url\":\"https:\/\/www.sellerlogic.com\/fi\/\",\"name\":\"SELLERLOGIC - Smarte Tools f\u00fcr Amazon-Seller\",\"description\":\"Intelligente Prozessoptimierung und Gewinnmaximierung\",\"publisher\":{\"@id\":\"https:\/\/www.sellerlogic.com\/fi\/#organization\"},\"potentialAction\":[{\"@type\":\"SearchAction\",\"target\":{\"@type\":\"EntryPoint\",\"urlTemplate\":\"https:\/\/www.sellerlogic.com\/fi\/?s={search_term_string}\"},\"query-input\":{\"@type\":\"PropertyValueSpecification\",\"valueRequired\":true,\"valueName\":\"search_term_string\"}}],\"inLanguage\":\"fi\"},{\"@type\":\"Organization\",\"@id\":\"https:\/\/www.sellerlogic.com\/fi\/#organization\",\"name\":\"SELLERLOGIC\",\"url\":\"https:\/\/www.sellerlogic.com\/fi\/\",\"logo\":{\"@type\":\"ImageObject\",\"inLanguage\":\"fi\",\"@id\":\"https:\/\/www.sellerlogic.com\/fi\/#\/schema\/logo\/image\/\",\"url\":\"https:\/\/d2bw95mh2ee04s.cloudfront.net\/prod\/content\/wp-content\/uploads\/2025\/01\/02134814\/Property-Logo-Main.svg\",\"contentUrl\":\"https:\/\/d2bw95mh2ee04s.cloudfront.net\/prod\/content\/wp-content\/uploads\/2025\/01\/02134814\/Property-Logo-Main.svg\",\"width\":184,\"height\":40,\"caption\":\"SELLERLOGIC\"},\"image\":{\"@id\":\"https:\/\/www.sellerlogic.com\/fi\/#\/schema\/logo\/image\/\"},\"sameAs\":[\"https:\/\/www.facebook.com\/SellerLogic\/\",\"https:\/\/x.com\/sellerlogic\",\"https:\/\/www.instagram.com\/sellerlogic\/\",\"https:\/\/www.linkedin.com\/company\/18402037\/\",\"https:\/\/www.youtube.com\/channel\/UC-gULUur-fNj08sprantKsQ\"]}]}<\/script>\n<!-- \/ Yoast SEO plugin. -->","yoast_head_json":{"title":"SELLERLOGIC - Menestystarina: Outlet-Sofa Direct","description":"SELLERLOGIC Lost & Found on t\u00e4ysin vakuuttanut Outlet-Sofa Directin - Puhelu, arvoltaan 20,000 euroa! Lue menestystarinamme nyt!","robots":{"index":"index","follow":"follow","max-snippet":"max-snippet:-1","max-image-preview":"max-image-preview:large","max-video-preview":"max-video-preview:-1"},"canonical":"https:\/\/www.sellerlogic.com\/fi\/resources\/success-story-outlet-sofa-direct\/","og_locale":"fi_FI","og_type":"article","og_title":"SELLERLOGIC - Menestystarina: Outlet-Sofa Direct","og_description":"SELLERLOGIC Lost & Found on t\u00e4ysin vakuuttanut Outlet-Sofa Directin - Puhelu, arvoltaan 20,000 euroa! Lue menestystarinamme nyt!","og_url":"https:\/\/www.sellerlogic.com\/fi\/resources\/success-story-outlet-sofa-direct\/","og_site_name":"SELLERLOGIC - Smarte Tools f\u00fcr Amazon-Seller","article_publisher":"https:\/\/www.facebook.com\/SellerLogic\/","og_image":[{"url":"https:\/\/www.sellerlogic.com\/wp-content\/uploads\/2020\/12\/outletsofadirect-logo.png","type":"","width":"","height":""}],"twitter_card":"summary_large_image","twitter_site":"@sellerlogic","twitter_misc":{"Est. reading time":"3 minutes"},"schema":{"@context":"https:\/\/schema.org","@graph":[{"@type":"WebPage","@id":"https:\/\/www.sellerlogic.com\/fi\/resources\/success-story-outlet-sofa-direct\/","url":"https:\/\/www.sellerlogic.com\/fi\/resources\/success-story-outlet-sofa-direct\/","name":"SELLERLOGIC - Menestystarina: Outlet-Sofa Direct","isPartOf":{"@id":"https:\/\/www.sellerlogic.com\/fi\/#website"},"primaryImageOfPage":{"@id":"https:\/\/www.sellerlogic.com\/fi\/resources\/success-story-outlet-sofa-direct\/#primaryimage"},"image":{"@id":"https:\/\/www.sellerlogic.com\/fi\/resources\/success-story-outlet-sofa-direct\/#primaryimage"},"thumbnailUrl":"https:\/\/www.sellerlogic.com\/wp-content\/uploads\/2020\/12\/outletsofadirect-logo.png","datePublished":"2020-12-18T11:33:09+00:00","description":"SELLERLOGIC Lost & Found on t\u00e4ysin vakuuttanut Outlet-Sofa Directin - Puhelu, arvoltaan 20,000 euroa! Lue menestystarinamme nyt!","breadcrumb":{"@id":"https:\/\/www.sellerlogic.com\/fi\/resources\/success-story-outlet-sofa-direct\/#breadcrumb"},"inLanguage":"fi","potentialAction":[{"@type":"ReadAction","target":["https:\/\/www.sellerlogic.com\/fi\/resources\/success-story-outlet-sofa-direct\/"]}]},{"@type":"ImageObject","inLanguage":"fi","@id":"https:\/\/www.sellerlogic.com\/fi\/resources\/success-story-outlet-sofa-direct\/#primaryimage","url":"https:\/\/www.sellerlogic.com\/wp-content\/uploads\/2020\/12\/outletsofadirect-logo.png","contentUrl":"https:\/\/www.sellerlogic.com\/wp-content\/uploads\/2020\/12\/outletsofadirect-logo.png"},{"@type":"BreadcrumbList","@id":"https:\/\/www.sellerlogic.com\/fi\/resources\/success-story-outlet-sofa-direct\/#breadcrumb","itemListElement":[{"@type":"ListItem","position":1,"name":"Home","item":"https:\/\/www.sellerlogic.com\/fi\/"},{"@type":"ListItem","position":2,"name":"Resurssit EN","item":"https:\/\/www.sellerlogic.com\/fi\/resources\/"},{"@type":"ListItem","position":3,"name":"Menestystarina: Outlet Sofa Direct EN"}]},{"@type":"WebSite","@id":"https:\/\/www.sellerlogic.com\/fi\/#website","url":"https:\/\/www.sellerlogic.com\/fi\/","name":"SELLERLOGIC - Smarte Tools f\u00fcr Amazon-Seller","description":"Intelligente Prozessoptimierung und Gewinnmaximierung","publisher":{"@id":"https:\/\/www.sellerlogic.com\/fi\/#organization"},"potentialAction":[{"@type":"SearchAction","target":{"@type":"EntryPoint","urlTemplate":"https:\/\/www.sellerlogic.com\/fi\/?s={search_term_string}"},"query-input":{"@type":"PropertyValueSpecification","valueRequired":true,"valueName":"search_term_string"}}],"inLanguage":"fi"},{"@type":"Organization","@id":"https:\/\/www.sellerlogic.com\/fi\/#organization","name":"SELLERLOGIC","url":"https:\/\/www.sellerlogic.com\/fi\/","logo":{"@type":"ImageObject","inLanguage":"fi","@id":"https:\/\/www.sellerlogic.com\/fi\/#\/schema\/logo\/image\/","url":"https:\/\/d2bw95mh2ee04s.cloudfront.net\/prod\/content\/wp-content\/uploads\/2025\/01\/02134814\/Property-Logo-Main.svg","contentUrl":"https:\/\/d2bw95mh2ee04s.cloudfront.net\/prod\/content\/wp-content\/uploads\/2025\/01\/02134814\/Property-Logo-Main.svg","width":184,"height":40,"caption":"SELLERLOGIC"},"image":{"@id":"https:\/\/www.sellerlogic.com\/fi\/#\/schema\/logo\/image\/"},"sameAs":["https:\/\/www.facebook.com\/SellerLogic\/","https:\/\/x.com\/sellerlogic","https:\/\/www.instagram.com\/sellerlogic\/","https:\/\/www.linkedin.com\/company\/18402037\/","https:\/\/www.youtube.com\/channel\/UC-gULUur-fNj08sprantKsQ"]}]}},"_links":{"self":[{"href":"https:\/\/www.sellerlogic.com\/fi\/wp-json\/wp\/v2\/pages\/231078","targetHints":{"allow":["GET"]}}],"collection":[{"href":"https:\/\/www.sellerlogic.com\/fi\/wp-json\/wp\/v2\/pages"}],"about":[{"href":"https:\/\/www.sellerlogic.com\/fi\/wp-json\/wp\/v2\/types\/page"}],"author":[{"embeddable":true,"href":"https:\/\/www.sellerlogic.com\/fi\/wp-json\/wp\/v2\/users\/8"}],"replies":[{"embeddable":true,"href":"https:\/\/www.sellerlogic.com\/fi\/wp-json\/wp\/v2\/comments?post=231078"}],"version-history":[{"count":0,"href":"https:\/\/www.sellerlogic.com\/fi\/wp-json\/wp\/v2\/pages\/231078\/revisions"}],"up":[{"embeddable":true,"href":"https:\/\/www.sellerlogic.com\/fi\/wp-json\/wp\/v2\/pages\/231081"}],"wp:attachment":[{"href":"https:\/\/www.sellerlogic.com\/fi\/wp-json\/wp\/v2\/media?parent=231078"}],"curies":[{"name":"wp","href":"https:\/\/api.w.org\/{rel}","templated":true}]}}