
{"id":231120,"date":"2020-12-18T08:11:11","date_gmt":"2020-12-18T08:11:11","guid":{"rendered":"https:\/\/127.0.0.1\/resources\/success-story-meinemarkenmode\/"},"modified":"2020-12-18T08:11:11","modified_gmt":"2020-12-18T08:11:11","slug":"success-story-meinemarkenmode","status":"publish","type":"page","link":"https:\/\/www.sellerlogic.com\/fi\/resources\/success-story-meinemarkenmode\/","title":{"rendered":"Success Story: meinemarkenmode.de FI"},"content":{"rendered":"\n\t<div  class=\"theme-wp-block theme-block-main-header is-style-full-height desktop-align-full xl-align-full lg-align-full md-align-full sm-align-full desktop-content-align-y-center desktop-content-align-x-center xl-content-align-y-center xl-content-align-x-center lg-content-align-y-center lg-content-align-x-center md-content-align-y-center md-content-align-x-center sm-content-align-y-center sm-content-align-x-center gb-responsive-720212-identifier theme-block-cover\">\n\t\t<div class=\"bg-cover theme-lazy-load-bg\"><\/div>\n\t\t<div class=\"wrap-content-main-header\">\n\t\t\t\t\t<div  class=\"theme-wp-block theme-block-text-and-text desktop-align-wide xl-align-wide lg-align-wide md-align-wide sm-align-wide gb-responsive-366658-identifier desktop-blockDirection-column xl-blockDirection-column lg-blockDirection-column md-blockDirection-column sm-blockDirection-column\">\n\t\t<div class=\"tat-column-wrap-wrapper\">\n\t\t\t<div class=\"tat-column-wrapper\">\n\t\t\t\t\t<div  class=\"theme-wp-block theme-block-text-and-text-column gb-responsive-923660-identifier desktop-horizontal-center xl-horizontal-center lg-horizontal-center md-horizontal-center sm-horizontal-center\">\n\t\t<div class=\"inner-wrap-column-content\">\n\t\t\t<div class=\"inner-column-content\">\n\t\t\t\t\t\t<p  class=\"theme-wp-block theme-block-heading is-style-default desktop-text-center xl-text-center lg-text-center md-text-center sm-text-center gb-responsive-948994-identifier h2\">\n\t\tEnemm\u00e4n rahaa, v\u00e4hemm\u00e4n ongelmia\t<\/p>\n\n\t\t<h1  class=\"theme-wp-block theme-block-heading gb-responsive-522772-identifier is-style-default desktop-text-center xl-text-center lg-text-center md-text-center sm-text-center h1\">\n\t\tKuinka meinemarkenmode sai kuusinumeroisen hyvityksen Amazonilta\t<\/h1>\n\n\t\t\t<\/div>\n\t\t<\/div>\n\t<\/div>\n\t<div  class=\"theme-wp-block theme-block-text-and-text-column gb-responsive-441362-identifier\">\n\t\t<div class=\"inner-wrap-column-content\">\n\t\t\t<div class=\"inner-column-content\">\n\t\t\t\t\t\t\t<\/div>\n\t\t<\/div>\n\t<\/div>\n\t\t\t<\/div>\n\t\t<\/div>\n\t<\/div>\n\n\t\t<\/div>\n\t<\/div>\n\n<div style=\"height:50px\" aria-hidden=\"true\" class=\"theme-wp-block wp-block-spacer\"><\/div><div class=\"theme-wp-block wp-block-columns gb-responsive-34913-identifier is-layout-flex wp-container-core-columns-is-layout-9d6595d7 wp-block-columns-is-layout-flex\"><div class=\"theme-wp-block wp-block-column gb-responsive-118097-identifier is-layout-flow wp-block-column-is-layout-flow\" style=\"flex-basis:25%\"><figure class=\"theme-wp-block wp-block-image size-large is-resized gb-responsive-62921-identifier\"><img decoding=\"async\" src=\"https:\/\/d2bw95mh2ee04s.cloudfront.net\/prod\/content\/wp-content\/uploads\/2020\/12\/23142728\/MMM-Logo_2-844x154.png\" alt=\"Menestystarina: meinemarkenmode.de EN\" class=\"wp-image-4742\" width=\"300\" height=\"55\" srcset=\"https:\/\/d2bw95mh2ee04s.cloudfront.net\/prod\/content\/wp-content\/uploads\/2020\/12\/23142728\/MMM-Logo_2-407x74.png 407w, https:\/\/d2bw95mh2ee04s.cloudfront.net\/prod\/content\/wp-content\/uploads\/2020\/12\/23142728\/MMM-Logo_2-768x141.png 768w, https:\/\/d2bw95mh2ee04s.cloudfront.net\/prod\/content\/wp-content\/uploads\/2020\/12\/23142728\/MMM-Logo_2-844x154.png 844w, https:\/\/d2bw95mh2ee04s.cloudfront.net\/prod\/content\/wp-content\/uploads\/2020\/12\/23142728\/MMM-Logo_2.png 1000w\" sizes=\"(max-width: 300px) 100vw, 300px\" \/><\/figure><p class=\"theme-wp-block gb-responsive-595107-identifier\"><strong>Perustaminen:<\/strong><br>2009<\/p><p class=\"theme-wp-block gb-responsive-627172-identifier\"><strong>Teollisuus:<\/strong><br>Muoti<\/p><p class=\"theme-wp-block gb-responsive-331586-identifier\"><strong>Tuotteet Amazonissa:\u00a0<\/strong><br>30.000<\/p><p class=\"theme-wp-block gb-responsive-485766-identifier\"><strong>Toimitukset:<\/strong><br>noin 150.000 kuukaudessa<\/p><\/div><div class=\"theme-wp-block wp-block-column gb-responsive-36942-identifier is-layout-flow wp-block-column-is-layout-flow\" style=\"flex-basis:50%\"><h3 class=\"theme-wp-block wp-block-heading gb-responsive-34353-identifier\" id=\"block-c06fce04-ef87-4ffc-a3d6-b768ba377d17\">Tausta:<\/h3><p class=\"theme-wp-block gb-responsive-767855-identifier desktop-gb-has-no-icon xl-gb-has-no-icon lg-gb-has-no-icon md-gb-has-no-icon sm-gb-has-no-icon\">Kaikkien varastojen sis\u00e4\u00e4n- ja ulosmenojen kanssa Alexander Charatzoglou oli tietoinen siit\u00e4, ett\u00e4 virheit\u00e4 oli v\u00e4ist\u00e4m\u00e4tt\u00e4 tapahtuva. Toistaiseksi postimyyntiyrityksell\u00e4 ei ollut prosessia, joka mahdollistaisi jokaisen tapahtuvan virheen tunnistamisen, kunnes Alexander vieraili Amazon-myyj\u00e4ty\u00f6pajassa, joka tarjosi ratkaisun.<\/p><p class=\"theme-wp-block desktop-gb-has-no-icon xl-gb-has-no-icon lg-gb-has-no-icon md-gb-has-no-icon sm-gb-has-no-icon gb-responsive-7132-identifier\">Tarina meinmarkenmode.de n\u00e4ytt\u00e4\u00e4 paljon amerikkalaisen unelman prototyypilt\u00e4.<\/p><p class=\"theme-wp-block desktop-gb-has-no-icon xl-gb-has-no-icon lg-gb-has-no-icon md-gb-has-no-icon sm-gb-has-no-icon gb-responsive-663910-identifier\">Rahoittaakseen opintojaan nykyinen toimitusjohtaja Eugen Allerborn aloitti kaupank\u00e4ynnin eBayll\u00e4 vuonna 2009. Kun yritys kasvoi, h\u00e4nen oli kohdattava p\u00e4\u00e4t\u00f6s siit\u00e4, jatkaako h\u00e4n opintojaan vai keskeytt\u00e4\u00e4k\u00f6 yliopisto ja omistaa kaiken aikansa ty\u00f6lleen. H\u00e4n valitsi j\u00e4lkimm\u00e4isen: p\u00e4\u00e4t\u00f6ksen, joka johti paljon kovaa ty\u00f6t\u00e4 mutta viel\u00e4 enemm\u00e4n menestyst\u00e4. T\u00e4n\u00e4\u00e4n h\u00e4n johtaa yhdess\u00e4 liikekumppaninsa ja yst\u00e4v\u00e4ns\u00e4 Timo Bethlehem kanssa menestyv\u00e4\u00e4 verkkoliiketoimintaa, jossa on 50 ty\u00f6ntekij\u00e4\u00e4 kahdessa sijainnissa.<\/p><h3 class=\"theme-wp-block wp-block-heading gb-responsive-182281-identifier desktop-gb-has-no-icon xl-gb-has-no-icon lg-gb-has-no-icon md-gb-has-no-icon sm-gb-has-no-icon\">Aloittaminen:<\/h3><p class=\"theme-wp-block gb-responsive-262664-identifier desktop-gb-has-no-icon xl-gb-has-no-icon lg-gb-has-no-icon md-gb-has-no-icon sm-gb-has-no-icon\">\u201dMeille oli selv\u00e4\u00e4, ett\u00e4 h\u00e4visimme varastoa FBA-varastoissa. Yli 30 000 tuotteen kanssa 20 varastossa ja siit\u00e4 johtuvien varastoliikkeitten kanssa t\u00e4m\u00e4 on v\u00e4ist\u00e4m\u00e4t\u00f6nt\u00e4\u201d, Alexander selitt\u00e4\u00e4, joka on ty\u00f6skennellyt myynnin hallinnan johtajana meinmarkenmode.de:ss\u00e4 vuodesta 2012. \u201dMutta kuten usein on laita, oli liian paljon muita teht\u00e4vi\u00e4, joille annettiin korkeampi prioriteetti. Lis\u00e4ksi meilt\u00e4 puuttui kapasiteetti tarkistaa prosessit manuaalisesti.\u201d<\/p><p class=\"theme-wp-block gb-responsive-587817-identifier desktop-gb-has-no-icon xl-gb-has-no-icon lg-gb-has-no-icon md-gb-has-no-icon sm-gb-has-no-icon\">T\u00e4m\u00e4 muuttui vasta, kun Alexander keskusteli t\u00e4st\u00e4 aiheesta er\u00e4\u00e4n kollegan kanssa Amazon-ty\u00f6pajassa. \u201dKollegani oli yksi SELLERLOGIC Lost &#038; Found -pilottiasiakkaista. Kun h\u00e4n kertoi minulle ensimm\u00e4isest\u00e4 hyvityksest\u00e4, joka oli arvoltaan pieni auto, olin niin vaikuttunut, ett\u00e4 t\u00e4m\u00e4n ty\u00f6kalun kokeileminen oli prioriteettilistani k\u00e4rjess\u00e4,\u201d Alexander muistaa.<\/p><h3 class=\"theme-wp-block wp-block-heading gb-responsive-115756-identifier\">Ratkaisu:<\/h3><p class=\"theme-wp-block gb-responsive-231780-identifier\">Kollegansa positiivisen kokemuksen perusteella meinmarkenmode.de:lle ei koskaan harkittu muuta ratkaisua kuin Lost &#038; Found.<\/p><p class=\"theme-wp-block gb-responsive-392728-identifier desktop-gb-has-no-icon xl-gb-has-no-icon lg-gb-has-no-icon md-gb-has-no-icon sm-gb-has-no-icon\"><br>Alexander muistaa ensimm\u00e4iset kokemukset SELLERLOGIC:n ohjelmistosta: \u201dK\u00e4ytt\u00f6\u00f6notto SELLERLOGIC:n kanssa oli \u00e4\u00e4rimm\u00e4isen helppoa ja miellytt\u00e4v\u00e4\u00e4. Ratkaisu on intuitiivinen ja sit\u00e4 voi k\u00e4ytt\u00e4\u00e4 kuka tahansa lyhyen koulutusjakson j\u00e4lkeen. Sen j\u00e4lkeen kun olemme lanseeranneet, ei ole ollut tarvetta millek\u00e4\u00e4n tuelle. Ei edes silloin, kun siirsimme tapausten hallinnan uusille ty\u00f6ntekij\u00f6ille \u2013 t\u00e4m\u00e4 on melko huomionarvoista!\u201d. Hetken kuluttua h\u00e4n lis\u00e4\u00e4: \u201dTy\u00f6kalu on my\u00f6s uskomattoman tehokas. Sen intuitiivisen toiminnan taustalla on eritt\u00e4in monimutkainen j\u00e4rjestelm\u00e4, joka yksinkertaistaa tapausten k\u00e4sittely\u00e4 huomattavasti.\u201d<\/p><div class=\"theme-block-group-wrap\"><div class=\"theme-wp-block wp-block-group gb-responsive-88118-identifier\">\t\t<div  class=\"theme-wp-block theme-block-user-card gb-responsive-799176-identifier is-style-full-width-line desktop-gb-has-no-icon xl-gb-has-no-icon lg-gb-has-no-icon md-gb-has-no-icon sm-gb-has-no-icon\">\n\t\t<div class=\"wrap-inner-content\">\n\t\t\t<div class=\"card-user-head\">\n\t\t\t\t<div class=\"card-user-avatar\">\n\t\t\t\t\t<div class=\"cover-avatar\" style=\"background-image: url(https:\/\/d2bw95mh2ee04s.cloudfront.net\/prod\/content\/wp-content\/uploads\/2020\/12\/23142728\/alexander_charatzoglou_raute.png);\"><\/div>\n\t\t\t\t<\/div>\n\t\t\t\t<div class=\"wrap-title\">\n\t\t\t\t\t<div class=\"card-user-name\">\n\t\t\t\t\t\t<div class=\"title\">\n\t\t\t\t\t\t\t<h3 class=\"heading-text\"><strong>Alexander Charatzoglou<\/strong><\/h3>\n\t\t\t\t\t\t<\/div>\n\t\t\t\t\t\t<div class=\"card-user-position\">\n\t\t\t\t\t\t\t<div class=\"card-text\"><strong>Myynnin hallinnan johtaja meinmarkenmode.de:ss\u00e4<\/strong><\/div>\n\t\t\t\t\t\t<\/div>\n\t\t\t\t\t<\/div>\n\t\t\t\t\t<div class=\"card-user-quote-icon\">\n\t\t\t\t\t<\/div>\n\t\t\t\t<\/div>\n\t\t\t<\/div>\n\t\t\t<div class=\"card-user-text\">\n\t\t\t\t<div class=\"card-text\"><p>&#8220;SELLERLOGIC Lost &amp; Found on todellinen helppo valinta. Eik\u00e4 vain taloudellisessa mieless\u00e4. Alhaiset kustannukset, ty\u00f6kalu, sen taustalla oleva teknologia, palvelut ja tiimi sen takana \u2013 yksinkertaisesti kaikki \u2013 my\u00f6t\u00e4vaikuttaa t\u00e4ydelliseen tyytyv\u00e4isyyteemme.&#8221;<\/p><p><\/p><\/div>\n\t\t\t<\/div>\n\t\t<\/div>\n\t<\/div>\n\n<\/div><\/div><h3 class=\"theme-wp-block wp-block-heading gb-responsive-595368-identifier\">Menestyksekk\u00e4\u00e4t tulokset SELLERLOGIC:ll\u00e4:<\/h3><p class=\"theme-wp-block gb-responsive-905876-identifier desktop-gb-has-no-icon xl-gb-has-no-icon lg-gb-has-no-icon md-gb-has-no-icon sm-gb-has-no-icon\">Sen j\u00e4lkeen kun meinmarkenmode.de lanseerasi SELLERLOGIC Lost &#038; Found:n, se on pystynyt vaatimaan noin 200 000 euron arvosta hyvityksi\u00e4. \u201dT\u00e4m\u00e4 ei en\u00e4\u00e4 ole pieni auto, vaan kokonainen talo,\u201d Alexander nauraa.<\/p><p class=\"theme-wp-block gb-responsive-208143-identifier desktop-gb-has-no-icon xl-gb-has-no-icon lg-gb-has-no-icon md-gb-has-no-icon sm-gb-has-no-icon\">Joten varaston todellinen h\u00e4vikki FBA-varastoissa ylitti selv\u00e4sti yrityksen odotukset. Samalla meinmarkenmode.de hy\u00f6tyy monimutkaisesta j\u00e4rjestelm\u00e4st\u00e4, joka l\u00f6yt\u00e4\u00e4 my\u00f6s virheit\u00e4, jotka todenn\u00e4k\u00f6isesti j\u00e4isiv\u00e4t huomaamatta manuaalisesti etsitt\u00e4ess\u00e4. Alexanderille inhimillinen yhteys SELLERLOGIC:aan on yht\u00e4 t\u00e4rke\u00e4. H\u00e4nen mielest\u00e4\u00e4n SELLERLOGIC ei ole vain ty\u00f6kalu, jota h\u00e4nen yrityksens\u00e4 k\u00e4ytt\u00e4\u00e4, vaan h\u00e4n arvostaa my\u00f6s koko tiimi\u00e4 ja sen palvelua.<\/p><p class=\"theme-wp-block gb-responsive-355671-identifier desktop-gb-has-no-icon xl-gb-has-no-icon lg-gb-has-no-icon md-gb-has-no-icon sm-gb-has-no-icon\">Lopuksi h\u00e4n l\u00f6yt\u00e4\u00e4 selke\u00e4t kiitossanat: \u201cSELLERLOGIC Lost &#038; Found on todellinen helppo valinta. Eik\u00e4 vain taloudellisessa mieless\u00e4. Alhaiset kustannukset, ty\u00f6kalu, sen taustalla oleva teknologia, palvelut ja tiimi sen takana \u2013 yksinkertaisesti kaikki \u2013 my\u00f6t\u00e4vaikuttaa t\u00e4ydelliseen tyytyv\u00e4isyyteemme\u201c.<\/p><div class=\"theme-wp-block wp-block-buttons gb-responsive-497426-identifier is-layout-flex wp-block-buttons-is-layout-flex\"><div class=\"theme-wp-block wp-block-button gb-responsive-38220-identifier is-style-theme-transparent-with-arrow\"><a class=\"wp-block-button__link wp-element-button\" href=\"https:\/\/d2bw95mh2ee04s.cloudfront.net\/prod\/content\/files\/SUCCESS-STORIES\/EN\/NEU_SELLERLOGIC_Success-Story_meinemarkenmode_EN.pdf\" target=\"_blank\" rel=\"noreferrer noopener nofollow\">Lataa nyt!<\/a><\/div><\/div><\/div><div class=\"theme-wp-block wp-block-column gb-responsive-638649-identifier is-layout-flow wp-block-column-is-layout-flow\" style=\"flex-basis:25%\"><\/div><\/div><p class=\"theme-wp-block gb-responsive-554668-identifier\"><\/p>","protected":false},"excerpt":{"rendered":"<p>Perustaminen:2009 Teollisuus:Muoti Tuotteet Amazonissa:\u00a030.000 Toimitukset:noin 150.000 kuukaudessa Tausta: Kaikkien varastojen sis\u00e4\u00e4n- ja ulosmenojen kanssa Alexander Charatzoglou oli tietoinen siit\u00e4, ett\u00e4 virheit\u00e4 oli v\u00e4ist\u00e4m\u00e4tt\u00e4 tapahtuva. Toistaiseksi postimyyntiyrityksell\u00e4 ei ollut prosessia, joka mahdollistaisi jokaisen tapahtuvan virheen tunnistamisen, kunnes Alexander vieraili Amazon-myyj\u00e4ty\u00f6pajassa, joka tarjosi ratkaisun. Tarina meinmarkenmode.de n\u00e4ytt\u00e4\u00e4 paljon amerikkalaisen unelman prototyypilt\u00e4. Rahoittaakseen opintojaan nykyinen toimitusjohtaja Eugen Allerborn<\/p>\n","protected":false},"author":3,"featured_media":0,"parent":231081,"menu_order":0,"comment_status":"closed","ping_status":"closed","template":"","meta":{"sidebar_recommended_resources":{"data":[]},"sidebar_header_settings":{"hide_buttons":{"register":false}},"_use_new_theme":false,"inline_featured_image":false,"footnotes":""},"class_list":["post-231120","page","type-page","status-publish","hentry"],"yoast_head":"<!-- This site is optimized with the Yoast SEO plugin v26.8 - https:\/\/yoast.com\/product\/yoast-seo-wordpress\/ -->\n<title>Kuinka saada 6-numeroinen hyvitys Amazonilta | SELLERLOGIC<\/title>\n<meta name=\"description\" content=\"SELLERLOGIC Lost &amp; Found analysoi kaikki FBA-virheet. Lue t\u00e4\u00e4lt\u00e4, kuinka meinmarkenmode.de sai hyvityksi\u00e4 yhden perheentalon arvosta!\" \/>\n<meta name=\"robots\" content=\"index, follow, max-snippet:-1, max-image-preview:large, max-video-preview:-1\" \/>\n<link rel=\"canonical\" href=\"https:\/\/www.sellerlogic.com\/fi\/resources\/success-story-meinemarkenmode\/\" \/>\n<meta property=\"og:locale\" content=\"fi_FI\" \/>\n<meta property=\"og:type\" content=\"article\" \/>\n<meta property=\"og:title\" content=\"Kuinka saada 6-numeroinen hyvitys Amazonilta | SELLERLOGIC\" \/>\n<meta property=\"og:description\" content=\"SELLERLOGIC Lost &amp; Found analysoi kaikki FBA-virheet. Lue t\u00e4\u00e4lt\u00e4, kuinka meinmarkenmode.de sai hyvityksi\u00e4 yhden perheentalon arvosta!\" \/>\n<meta property=\"og:url\" content=\"https:\/\/www.sellerlogic.com\/fi\/resources\/success-story-meinemarkenmode\/\" \/>\n<meta property=\"og:site_name\" content=\"SELLERLOGIC - Smarte Tools f\u00fcr Amazon-Seller\" \/>\n<meta property=\"article:publisher\" content=\"https:\/\/www.facebook.com\/SellerLogic\/\" \/>\n<meta property=\"og:image\" content=\"https:\/\/www.sellerlogic.com\/wp-content\/uploads\/2020\/12\/MMM-Logo_2-844x154.png\" \/>\n<meta name=\"twitter:card\" content=\"summary_large_image\" \/>\n<meta name=\"twitter:site\" content=\"@sellerlogic\" \/>\n<meta name=\"twitter:label1\" content=\"Est. reading time\" \/>\n\t<meta name=\"twitter:data1\" content=\"3 minutes\" \/>\n<script type=\"application\/ld+json\" class=\"yoast-schema-graph\">{\"@context\":\"https:\/\/schema.org\",\"@graph\":[{\"@type\":\"WebPage\",\"@id\":\"https:\/\/www.sellerlogic.com\/fi\/resources\/success-story-meinemarkenmode\/\",\"url\":\"https:\/\/www.sellerlogic.com\/fi\/resources\/success-story-meinemarkenmode\/\",\"name\":\"Kuinka saada 6-numeroinen hyvitys Amazonilta | SELLERLOGIC\",\"isPartOf\":{\"@id\":\"https:\/\/www.sellerlogic.com\/fi\/#website\"},\"primaryImageOfPage\":{\"@id\":\"https:\/\/www.sellerlogic.com\/fi\/resources\/success-story-meinemarkenmode\/#primaryimage\"},\"image\":{\"@id\":\"https:\/\/www.sellerlogic.com\/fi\/resources\/success-story-meinemarkenmode\/#primaryimage\"},\"thumbnailUrl\":\"https:\/\/www.sellerlogic.com\/wp-content\/uploads\/2020\/12\/MMM-Logo_2-844x154.png\",\"datePublished\":\"2020-12-18T08:11:11+00:00\",\"description\":\"SELLERLOGIC Lost & Found analysoi kaikki FBA-virheet. Lue t\u00e4\u00e4lt\u00e4, kuinka meinmarkenmode.de sai hyvityksi\u00e4 yhden perheentalon arvosta!\",\"breadcrumb\":{\"@id\":\"https:\/\/www.sellerlogic.com\/fi\/resources\/success-story-meinemarkenmode\/#breadcrumb\"},\"inLanguage\":\"fi\",\"potentialAction\":[{\"@type\":\"ReadAction\",\"target\":[\"https:\/\/www.sellerlogic.com\/fi\/resources\/success-story-meinemarkenmode\/\"]}]},{\"@type\":\"ImageObject\",\"inLanguage\":\"fi\",\"@id\":\"https:\/\/www.sellerlogic.com\/fi\/resources\/success-story-meinemarkenmode\/#primaryimage\",\"url\":\"https:\/\/www.sellerlogic.com\/wp-content\/uploads\/2020\/12\/MMM-Logo_2-844x154.png\",\"contentUrl\":\"https:\/\/www.sellerlogic.com\/wp-content\/uploads\/2020\/12\/MMM-Logo_2-844x154.png\"},{\"@type\":\"BreadcrumbList\",\"@id\":\"https:\/\/www.sellerlogic.com\/fi\/resources\/success-story-meinemarkenmode\/#breadcrumb\",\"itemListElement\":[{\"@type\":\"ListItem\",\"position\":1,\"name\":\"Home\",\"item\":\"https:\/\/www.sellerlogic.com\/fi\/\"},{\"@type\":\"ListItem\",\"position\":2,\"name\":\"Resurssit EN\",\"item\":\"https:\/\/www.sellerlogic.com\/fi\/resources\/\"},{\"@type\":\"ListItem\",\"position\":3,\"name\":\"Success Story: meinemarkenmode.de FI\"}]},{\"@type\":\"WebSite\",\"@id\":\"https:\/\/www.sellerlogic.com\/fi\/#website\",\"url\":\"https:\/\/www.sellerlogic.com\/fi\/\",\"name\":\"SELLERLOGIC - Smarte Tools f\u00fcr Amazon-Seller\",\"description\":\"Intelligente Prozessoptimierung und Gewinnmaximierung\",\"publisher\":{\"@id\":\"https:\/\/www.sellerlogic.com\/fi\/#organization\"},\"potentialAction\":[{\"@type\":\"SearchAction\",\"target\":{\"@type\":\"EntryPoint\",\"urlTemplate\":\"https:\/\/www.sellerlogic.com\/fi\/?s={search_term_string}\"},\"query-input\":{\"@type\":\"PropertyValueSpecification\",\"valueRequired\":true,\"valueName\":\"search_term_string\"}}],\"inLanguage\":\"fi\"},{\"@type\":\"Organization\",\"@id\":\"https:\/\/www.sellerlogic.com\/fi\/#organization\",\"name\":\"SELLERLOGIC\",\"url\":\"https:\/\/www.sellerlogic.com\/fi\/\",\"logo\":{\"@type\":\"ImageObject\",\"inLanguage\":\"fi\",\"@id\":\"https:\/\/www.sellerlogic.com\/fi\/#\/schema\/logo\/image\/\",\"url\":\"https:\/\/d2bw95mh2ee04s.cloudfront.net\/prod\/content\/wp-content\/uploads\/2025\/01\/02134814\/Property-Logo-Main.svg\",\"contentUrl\":\"https:\/\/d2bw95mh2ee04s.cloudfront.net\/prod\/content\/wp-content\/uploads\/2025\/01\/02134814\/Property-Logo-Main.svg\",\"width\":184,\"height\":40,\"caption\":\"SELLERLOGIC\"},\"image\":{\"@id\":\"https:\/\/www.sellerlogic.com\/fi\/#\/schema\/logo\/image\/\"},\"sameAs\":[\"https:\/\/www.facebook.com\/SellerLogic\/\",\"https:\/\/x.com\/sellerlogic\",\"https:\/\/www.instagram.com\/sellerlogic\/\",\"https:\/\/www.linkedin.com\/company\/18402037\/\",\"https:\/\/www.youtube.com\/channel\/UC-gULUur-fNj08sprantKsQ\"]}]}<\/script>\n<!-- \/ Yoast SEO plugin. -->","yoast_head_json":{"title":"Kuinka saada 6-numeroinen hyvitys Amazonilta | SELLERLOGIC","description":"SELLERLOGIC Lost & Found analysoi kaikki FBA-virheet. Lue t\u00e4\u00e4lt\u00e4, kuinka meinmarkenmode.de sai hyvityksi\u00e4 yhden perheentalon arvosta!","robots":{"index":"index","follow":"follow","max-snippet":"max-snippet:-1","max-image-preview":"max-image-preview:large","max-video-preview":"max-video-preview:-1"},"canonical":"https:\/\/www.sellerlogic.com\/fi\/resources\/success-story-meinemarkenmode\/","og_locale":"fi_FI","og_type":"article","og_title":"Kuinka saada 6-numeroinen hyvitys Amazonilta | SELLERLOGIC","og_description":"SELLERLOGIC Lost & Found analysoi kaikki FBA-virheet. Lue t\u00e4\u00e4lt\u00e4, kuinka meinmarkenmode.de sai hyvityksi\u00e4 yhden perheentalon arvosta!","og_url":"https:\/\/www.sellerlogic.com\/fi\/resources\/success-story-meinemarkenmode\/","og_site_name":"SELLERLOGIC - Smarte Tools f\u00fcr Amazon-Seller","article_publisher":"https:\/\/www.facebook.com\/SellerLogic\/","og_image":[{"url":"https:\/\/www.sellerlogic.com\/wp-content\/uploads\/2020\/12\/MMM-Logo_2-844x154.png","type":"","width":"","height":""}],"twitter_card":"summary_large_image","twitter_site":"@sellerlogic","twitter_misc":{"Est. reading time":"3 minutes"},"schema":{"@context":"https:\/\/schema.org","@graph":[{"@type":"WebPage","@id":"https:\/\/www.sellerlogic.com\/fi\/resources\/success-story-meinemarkenmode\/","url":"https:\/\/www.sellerlogic.com\/fi\/resources\/success-story-meinemarkenmode\/","name":"Kuinka saada 6-numeroinen hyvitys Amazonilta | SELLERLOGIC","isPartOf":{"@id":"https:\/\/www.sellerlogic.com\/fi\/#website"},"primaryImageOfPage":{"@id":"https:\/\/www.sellerlogic.com\/fi\/resources\/success-story-meinemarkenmode\/#primaryimage"},"image":{"@id":"https:\/\/www.sellerlogic.com\/fi\/resources\/success-story-meinemarkenmode\/#primaryimage"},"thumbnailUrl":"https:\/\/www.sellerlogic.com\/wp-content\/uploads\/2020\/12\/MMM-Logo_2-844x154.png","datePublished":"2020-12-18T08:11:11+00:00","description":"SELLERLOGIC Lost & Found analysoi kaikki FBA-virheet. Lue t\u00e4\u00e4lt\u00e4, kuinka meinmarkenmode.de sai hyvityksi\u00e4 yhden perheentalon arvosta!","breadcrumb":{"@id":"https:\/\/www.sellerlogic.com\/fi\/resources\/success-story-meinemarkenmode\/#breadcrumb"},"inLanguage":"fi","potentialAction":[{"@type":"ReadAction","target":["https:\/\/www.sellerlogic.com\/fi\/resources\/success-story-meinemarkenmode\/"]}]},{"@type":"ImageObject","inLanguage":"fi","@id":"https:\/\/www.sellerlogic.com\/fi\/resources\/success-story-meinemarkenmode\/#primaryimage","url":"https:\/\/www.sellerlogic.com\/wp-content\/uploads\/2020\/12\/MMM-Logo_2-844x154.png","contentUrl":"https:\/\/www.sellerlogic.com\/wp-content\/uploads\/2020\/12\/MMM-Logo_2-844x154.png"},{"@type":"BreadcrumbList","@id":"https:\/\/www.sellerlogic.com\/fi\/resources\/success-story-meinemarkenmode\/#breadcrumb","itemListElement":[{"@type":"ListItem","position":1,"name":"Home","item":"https:\/\/www.sellerlogic.com\/fi\/"},{"@type":"ListItem","position":2,"name":"Resurssit EN","item":"https:\/\/www.sellerlogic.com\/fi\/resources\/"},{"@type":"ListItem","position":3,"name":"Success Story: meinemarkenmode.de FI"}]},{"@type":"WebSite","@id":"https:\/\/www.sellerlogic.com\/fi\/#website","url":"https:\/\/www.sellerlogic.com\/fi\/","name":"SELLERLOGIC - Smarte Tools f\u00fcr Amazon-Seller","description":"Intelligente Prozessoptimierung und Gewinnmaximierung","publisher":{"@id":"https:\/\/www.sellerlogic.com\/fi\/#organization"},"potentialAction":[{"@type":"SearchAction","target":{"@type":"EntryPoint","urlTemplate":"https:\/\/www.sellerlogic.com\/fi\/?s={search_term_string}"},"query-input":{"@type":"PropertyValueSpecification","valueRequired":true,"valueName":"search_term_string"}}],"inLanguage":"fi"},{"@type":"Organization","@id":"https:\/\/www.sellerlogic.com\/fi\/#organization","name":"SELLERLOGIC","url":"https:\/\/www.sellerlogic.com\/fi\/","logo":{"@type":"ImageObject","inLanguage":"fi","@id":"https:\/\/www.sellerlogic.com\/fi\/#\/schema\/logo\/image\/","url":"https:\/\/d2bw95mh2ee04s.cloudfront.net\/prod\/content\/wp-content\/uploads\/2025\/01\/02134814\/Property-Logo-Main.svg","contentUrl":"https:\/\/d2bw95mh2ee04s.cloudfront.net\/prod\/content\/wp-content\/uploads\/2025\/01\/02134814\/Property-Logo-Main.svg","width":184,"height":40,"caption":"SELLERLOGIC"},"image":{"@id":"https:\/\/www.sellerlogic.com\/fi\/#\/schema\/logo\/image\/"},"sameAs":["https:\/\/www.facebook.com\/SellerLogic\/","https:\/\/x.com\/sellerlogic","https:\/\/www.instagram.com\/sellerlogic\/","https:\/\/www.linkedin.com\/company\/18402037\/","https:\/\/www.youtube.com\/channel\/UC-gULUur-fNj08sprantKsQ"]}]}},"_links":{"self":[{"href":"https:\/\/www.sellerlogic.com\/fi\/wp-json\/wp\/v2\/pages\/231120","targetHints":{"allow":["GET"]}}],"collection":[{"href":"https:\/\/www.sellerlogic.com\/fi\/wp-json\/wp\/v2\/pages"}],"about":[{"href":"https:\/\/www.sellerlogic.com\/fi\/wp-json\/wp\/v2\/types\/page"}],"author":[{"embeddable":true,"href":"https:\/\/www.sellerlogic.com\/fi\/wp-json\/wp\/v2\/users\/3"}],"replies":[{"embeddable":true,"href":"https:\/\/www.sellerlogic.com\/fi\/wp-json\/wp\/v2\/comments?post=231120"}],"version-history":[{"count":0,"href":"https:\/\/www.sellerlogic.com\/fi\/wp-json\/wp\/v2\/pages\/231120\/revisions"}],"up":[{"embeddable":true,"href":"https:\/\/www.sellerlogic.com\/fi\/wp-json\/wp\/v2\/pages\/231081"}],"wp:attachment":[{"href":"https:\/\/www.sellerlogic.com\/fi\/wp-json\/wp\/v2\/media?parent=231120"}],"curies":[{"name":"wp","href":"https:\/\/api.w.org\/{rel}","templated":true}]}}