
{"id":231144,"date":"2021-01-05T16:03:47","date_gmt":"2021-01-05T16:03:47","guid":{"rendered":"https:\/\/127.0.0.1\/resources\/wb-en-202001\/"},"modified":"2021-01-05T16:03:47","modified_gmt":"2021-01-05T16:03:47","slug":"wb-en-202001","status":"publish","type":"page","link":"https:\/\/www.sellerlogic.com\/fi\/resources\/wb-en-202001\/","title":{"rendered":"Ty\u00f6kirja 6 FBA-vinkkej\u00e4 EN"},"content":{"rendered":"\n\t<div  class=\"theme-wp-block theme-block-main-header is-style-default gb-responsive-748093-identifier desktop-content-align-y-center xl-content-align-y-center lg-content-align-y-center md-content-align-y-center sm-content-align-y-center desktop-content-align-x-center xl-content-align-x-center lg-content-align-x-center md-content-align-x-center sm-content-align-x-center theme-block-cover\">\n\t\t<div class=\"bg-cover theme-lazy-load-bg\"><\/div>\n\t\t<div class=\"wrap-content-main-header\">\n\t\t\t\t\t<div  class=\"theme-wp-block theme-block-text-and-text desktop-blockDirection-column xl-blockDirection-column lg-blockDirection-column md-blockDirection-column sm-blockDirection-column desktop-vertical-center xl-vertical-center lg-vertical-center md-vertical-center sm-vertical-center desktop-align-wide xl-align-wide lg-align-wide md-align-wide sm-align-wide is-style-default gb-responsive-4434-identifier\">\n\t\t<div class=\"tat-column-wrap-wrapper\">\n\t\t\t<div class=\"tat-column-wrapper\">\n\t\t\t\t\t<div  class=\"theme-wp-block theme-block-text-and-text-column desktop-horizontal-center xl-horizontal-center lg-horizontal-center md-horizontal-center sm-horizontal-center gb-responsive-528051-identifier\">\n\t\t<div class=\"inner-wrap-column-content\">\n\t\t\t<div class=\"inner-column-content\">\n\t\t\t\t<div class=\"theme-block-group-wrap\"><div class=\"theme-wp-block wp-block-group gb-responsive-653977-identifier has-background\" style=\"background:linear-gradient(19deg,rgba(245,247,250,0.65) 44%,rgba(255,255,255,0.65) 100%)\"><div class=\"wp-block-group__inner-container is-layout-flow wp-block-group-is-layout-flow\">\t\t<h1  class=\"theme-wp-block theme-block-heading is-style-default desktop-text-center xl-text-center lg-text-center md-text-center sm-text-center gb-responsive-120765-identifier h1\">\n\t\t6 Vinkki\u00e4 FBA-myyjille\t<\/h1>\n\n\t\t<h2  class=\"theme-wp-block theme-block-heading is-style-default desktop-text-center xl-text-center lg-text-center md-text-center sm-text-center gb-responsive-727744-identifier h2\">\n\t\tKuinka myyd\u00e4 menestyksekk\u00e4\u00e4sti Amazonissa!\t<\/h2>\n\n<\/div><\/div><\/div>\t\t\t<\/div>\n\t\t<\/div>\n\t<\/div>\n\t<div  class=\"theme-wp-block theme-block-text-and-text-column gb-responsive-958875-identifier\">\n\t\t<div class=\"inner-wrap-column-content\">\n\t\t\t<div class=\"inner-column-content\">\n\t\t\t\t\t\t\t<\/div>\n\t\t<\/div>\n\t<\/div>\n\t\t\t<\/div>\n\t\t<\/div>\n\t<\/div>\n\n\t\t<\/div>\n\t<\/div>\n\n<div style=\"height:50px\" aria-hidden=\"true\" class=\"theme-wp-block wp-block-spacer\"><\/div><div class=\"theme-wp-block wp-block-columns gb-responsive-794599-identifier is-layout-flex wp-container-core-columns-is-layout-9d6595d7 wp-block-columns-is-layout-flex\"><div class=\"theme-wp-block wp-block-column gb-responsive-745006-identifier is-layout-flow wp-block-column-is-layout-flow\"><h3 class=\"theme-wp-block gb-responsive-499688-identifier wp-block-heading\">J\u00e4t\u00e4 kilpailijasi taakse &#8230;<\/h3><div class=\"theme-wp-block wp-block-image gb-responsive-606236-identifier\"><figure class=\"alignright size-large is-resized\"><img decoding=\"async\" src=\"https:\/\/d2bw95mh2ee04s.cloudfront.net\/prod\/content\/wp-content\/uploads\/2021\/01\/23142708\/six-tips-fba-sellers-workbook.png\" alt=\"T\u00e4ss\u00e4 ovat kuusi vinkki\u00e4 FBA-myyjille yhdess\u00e4 ty\u00f6kirjassa!\" class=\"wp-image-6077\" width=\"320\" height=\"349\" srcset=\"https:\/\/d2bw95mh2ee04s.cloudfront.net\/prod\/content\/wp-content\/uploads\/2021\/01\/23142708\/six-tips-fba-sellers-workbook-407x443.png 407w, https:\/\/d2bw95mh2ee04s.cloudfront.net\/prod\/content\/wp-content\/uploads\/2021\/01\/23142708\/six-tips-fba-sellers-workbook.png 738w\" sizes=\"(max-width: 320px) 100vw, 320px\" \/><\/figure><\/div><p class=\"theme-wp-block gb-responsive-838421-identifier\" style=\"line-height:1.5\">&#8230; Koska myynti Amazonissa ei ole tarkalleen ottaen rakettitiedett\u00e4. Emme vain n\u00e4yt\u00e4 sinulle, mit\u00e4 etuja Amazonin logistiikkaohjelmalla &#8220;Fulfillment by Amazon&#8221; on liiketoiminnallesi, vaan my\u00f6s kuinka saada tuotesivusi kuntoon SEO:lla, joka on erityisesti r\u00e4\u00e4t\u00e4l\u00f6ity Amazonille!<\/p><p class=\"theme-wp-block gb-responsive-909901-identifier\">Buy Box:n voittaminen on my\u00f6s t\u00e4rke\u00e4 tekij\u00e4 matkallasi huipulle. Tied\u00e4tk\u00f6, mitk\u00e4 kriteerit ovat elint\u00e4rkeit\u00e4 sen voittamiseksi? Ty\u00f6kirjamme kertoo sinulle!<\/p><p class=\"theme-wp-block gb-responsive-679601-identifier\"><strong>Lataa ilmainen ty\u00f6kirjamme &#8220;6 Vinkki\u00e4 FBA-myyjille&#8221; nyt \u00e4l\u00e4k\u00e4 j\u00e4\u00e4 paitsi mist\u00e4\u00e4n t\u00e4rke\u00e4st\u00e4 tiedosta ennen kuin aloitat matkasi!<\/strong><\/p><div id=\"wb-form\" class=\"theme-wp-block wb-form\"><form id=\"leadform\" action=\"#\" method=\"post\"><label>Etunimi ja sukunimi<sup style=\"color: rgb(255, 0, 0);\">*<\/sup><\/label><br> <input type=\"text\" placeholder=\"Etunimi ja sukunimi\" name=\"first-name\" id=\"first-name\" required=\"required\" style=\"padding: 10px; font-size: 18px; width: 100%; margin-bottom: 15px; color: rgb(88, 88, 88);\"><br> <label>S\u00e4hk\u00f6postiosoite<sup style=\"color: rgb(255, 0, 0);\">*<\/sup><\/label><br> <input type=\"email\" required=\"required\" placeholder=\"S\u00e4hk\u00f6postiosoite\" name=\"email\" id=\"email\" style=\"padding: 10px; font-size: 18px; width: 100%; margin-bottom: 15px; color: rgb(88, 88, 88);\"><br> <label>Puhelin<sup style=\"color: rgb(255, 0, 0);\">*<\/sup> <span style=\"font-size: 12px;\">(Ole hyv\u00e4 ja lis\u00e4\u00e4 maan koodi)<\/span><\/label><br> <input type=\"number\" required=\"required\" placeholder=\"Puhelin\" name=\"telephone\" id=\"telephone\" style=\"padding: 10px; font-size: 18px; width: 100%; margin-bottom: 15px; color: rgb(88, 88, 88);\"><br> <label>Amazon-kaupan URL<sup style=\"color: rgb(255, 0, 0);\">*<\/sup><\/label><br> <input type=\"text\" required=\"required\" placeholder=\"Verkkosivusto\" name=\"website\" id=\"website\" style=\"padding: 10px; font-size: 18px; width: 100%; margin-bottom: 15px; color: rgb(88, 88, 88);\"><br><label>SKU-m\u00e4\u00e4r\u00e4<\/label><br> <input type=\"text\" placeholder=\"SKU-m\u00e4\u00e4r\u00e4\" name=\"sku_count\" id=\"sku_count\" style=\"padding: 10px; font-size: 18px; width: 100%; margin-bottom: 15px; color: rgb(88, 88, 88);\"><br><input type=\"submit\" value=\"Tilaa ty\u00f6kirja nyt!\" id=\"submit\" style=\"padding: 10px; font-size: 18px; width: 100%; margin-bottom: 15px; color: rgb(255, 255, 255); background-color: rgb(255, 170, 1); cursor: pointer;\"> <p style=\"margin-bottom: 10px; font-size: 12px;\">Tietojen k\u00e4sittely tapahtuu meid\u00e4n <a href=\"https:\/\/www.sellerlogic.com\/en\/privacy-policy\/\" target=\"_blank\" draggable=\"false\" rel=\"noopener noreferrer\">tietosuojak\u00e4yt\u00e4nn\u00f6n<\/a> mukaisesti.<\/p><\/form><\/div><\/div><div class=\"theme-wp-block wp-block-column gb-responsive-795940-identifier is-layout-flow wp-block-column-is-layout-flow\" style=\"flex-basis:25%\"><\/div><\/div><div class=\"theme-wp-block wp-block-columns gb-responsive-311266-identifier is-layout-flex wp-container-core-columns-is-layout-9d6595d7 wp-block-columns-is-layout-flex\"><div class=\"theme-wp-block wp-block-column gb-responsive-543079-identifier is-layout-flow wp-block-column-is-layout-flow\"><h3 class=\"theme-wp-block gb-responsive-330478-identifier wp-block-heading\">\u00a0<\/h3><\/div><\/div><div class=\"theme-wp-block wp-block-columns gb-responsive-483071-identifier is-layout-flex wp-container-core-columns-is-layout-9d6595d7 wp-block-columns-is-layout-flex\"><div class=\"theme-wp-block wp-block-column gb-responsive-321787-identifier is-layout-flow wp-block-column-is-layout-flow\"><div class=\"theme-wp-block wp-block-columns gb-responsive-295103-identifier is-layout-flex wp-container-core-columns-is-layout-9d6595d7 wp-block-columns-is-layout-flex\"><div class=\"theme-wp-block wp-block-column gb-responsive-736519-identifier is-layout-flow wp-block-column-is-layout-flow\"><\/div><\/div><\/div><div class=\"theme-wp-block wp-block-column gb-responsive-606172-identifier is-layout-flow wp-block-column-is-layout-flow\" style=\"flex-basis:25%\"><\/div><\/div><p class=\"theme-wp-block gb-responsive-395798-identifier\"><\/p>","protected":false},"excerpt":{"rendered":"<p>J\u00e4t\u00e4 kilpailijasi taakse &#8230; &#8230; Koska myynti Amazonissa ei ole tarkalleen ottaen rakettitiedett\u00e4. Emme vain n\u00e4yt\u00e4 sinulle, mit\u00e4 etuja Amazonin logistiikkaohjelmalla &#8220;Fulfillment by Amazon&#8221; on liiketoiminnallesi, vaan my\u00f6s kuinka saada tuotesivusi kuntoon SEO:lla, joka on erityisesti r\u00e4\u00e4t\u00e4l\u00f6ity Amazonille! Buy Box:n voittaminen on my\u00f6s t\u00e4rke\u00e4 tekij\u00e4 matkallasi huipulle. Tied\u00e4tk\u00f6, mitk\u00e4 kriteerit ovat elint\u00e4rkeit\u00e4 sen voittamiseksi? Ty\u00f6kirjamme<\/p>\n","protected":false},"author":6,"featured_media":0,"parent":231081,"menu_order":0,"comment_status":"closed","ping_status":"closed","template":"","meta":{"sidebar_recommended_resources":{"data":[]},"sidebar_header_settings":{"hide_buttons":{"register":false}},"_use_new_theme":false,"inline_featured_image":false,"footnotes":""},"class_list":["post-231144","page","type-page","status-publish","hentry"],"yoast_head":"<!-- This site is optimized with the Yoast SEO plugin v26.8 - https:\/\/yoast.com\/product\/yoast-seo-wordpress\/ -->\n<title>Lataa ilmaiseksi: 6 Parasta Vinkki\u00e4 FBA-myyjille!<\/title>\n<meta name=\"description\" content=\"Menestys Amazonissa ei tule itsest\u00e4\u00e4n! Mutta n\u00e4iden 6 vinkin avulla matka e-kaupan huipulle helpottuu hieman. Lue nyt!\" \/>\n<meta name=\"robots\" content=\"index, follow, max-snippet:-1, max-image-preview:large, max-video-preview:-1\" \/>\n<link rel=\"canonical\" href=\"https:\/\/www.sellerlogic.com\/fi\/resources\/wb-en-202001\/\" \/>\n<meta property=\"og:locale\" content=\"fi_FI\" \/>\n<meta property=\"og:type\" content=\"article\" \/>\n<meta property=\"og:title\" content=\"Lataa ilmaiseksi: 6 Parasta Vinkki\u00e4 FBA-myyjille!\" \/>\n<meta property=\"og:description\" content=\"Menestys Amazonissa ei tule itsest\u00e4\u00e4n! Mutta n\u00e4iden 6 vinkin avulla matka e-kaupan huipulle helpottuu hieman. Lue nyt!\" \/>\n<meta property=\"og:url\" content=\"https:\/\/www.sellerlogic.com\/fi\/resources\/wb-en-202001\/\" \/>\n<meta property=\"og:site_name\" content=\"SELLERLOGIC - Smarte Tools f\u00fcr Amazon-Seller\" \/>\n<meta property=\"article:publisher\" content=\"https:\/\/www.facebook.com\/SellerLogic\/\" \/>\n<meta property=\"og:image\" content=\"https:\/\/www.sellerlogic.com\/wp-content\/uploads\/2021\/01\/six-tips-fba-sellers-workbook.png\" \/>\n<meta name=\"twitter:card\" content=\"summary_large_image\" \/>\n<meta name=\"twitter:site\" content=\"@sellerlogic\" \/>\n<meta name=\"twitter:label1\" content=\"Est. reading time\" \/>\n\t<meta name=\"twitter:data1\" content=\"1 minute\" \/>\n<script type=\"application\/ld+json\" class=\"yoast-schema-graph\">{\"@context\":\"https:\/\/schema.org\",\"@graph\":[{\"@type\":\"WebPage\",\"@id\":\"https:\/\/www.sellerlogic.com\/fi\/resources\/wb-en-202001\/\",\"url\":\"https:\/\/www.sellerlogic.com\/fi\/resources\/wb-en-202001\/\",\"name\":\"Lataa ilmaiseksi: 6 Parasta Vinkki\u00e4 FBA-myyjille!\",\"isPartOf\":{\"@id\":\"https:\/\/www.sellerlogic.com\/fi\/#website\"},\"primaryImageOfPage\":{\"@id\":\"https:\/\/www.sellerlogic.com\/fi\/resources\/wb-en-202001\/#primaryimage\"},\"image\":{\"@id\":\"https:\/\/www.sellerlogic.com\/fi\/resources\/wb-en-202001\/#primaryimage\"},\"thumbnailUrl\":\"https:\/\/www.sellerlogic.com\/wp-content\/uploads\/2021\/01\/six-tips-fba-sellers-workbook.png\",\"datePublished\":\"2021-01-05T16:03:47+00:00\",\"description\":\"Menestys Amazonissa ei tule itsest\u00e4\u00e4n! Mutta n\u00e4iden 6 vinkin avulla matka e-kaupan huipulle helpottuu hieman. Lue nyt!\",\"breadcrumb\":{\"@id\":\"https:\/\/www.sellerlogic.com\/fi\/resources\/wb-en-202001\/#breadcrumb\"},\"inLanguage\":\"fi\",\"potentialAction\":[{\"@type\":\"ReadAction\",\"target\":[\"https:\/\/www.sellerlogic.com\/fi\/resources\/wb-en-202001\/\"]}]},{\"@type\":\"ImageObject\",\"inLanguage\":\"fi\",\"@id\":\"https:\/\/www.sellerlogic.com\/fi\/resources\/wb-en-202001\/#primaryimage\",\"url\":\"https:\/\/www.sellerlogic.com\/wp-content\/uploads\/2021\/01\/six-tips-fba-sellers-workbook.png\",\"contentUrl\":\"https:\/\/www.sellerlogic.com\/wp-content\/uploads\/2021\/01\/six-tips-fba-sellers-workbook.png\"},{\"@type\":\"BreadcrumbList\",\"@id\":\"https:\/\/www.sellerlogic.com\/fi\/resources\/wb-en-202001\/#breadcrumb\",\"itemListElement\":[{\"@type\":\"ListItem\",\"position\":1,\"name\":\"Home\",\"item\":\"https:\/\/www.sellerlogic.com\/fi\/\"},{\"@type\":\"ListItem\",\"position\":2,\"name\":\"Resurssit EN\",\"item\":\"https:\/\/www.sellerlogic.com\/fi\/resources\/\"},{\"@type\":\"ListItem\",\"position\":3,\"name\":\"Ty\u00f6kirja 6 FBA-vinkkej\u00e4 EN\"}]},{\"@type\":\"WebSite\",\"@id\":\"https:\/\/www.sellerlogic.com\/fi\/#website\",\"url\":\"https:\/\/www.sellerlogic.com\/fi\/\",\"name\":\"SELLERLOGIC - Smarte Tools f\u00fcr Amazon-Seller\",\"description\":\"Intelligente Prozessoptimierung und Gewinnmaximierung\",\"publisher\":{\"@id\":\"https:\/\/www.sellerlogic.com\/fi\/#organization\"},\"potentialAction\":[{\"@type\":\"SearchAction\",\"target\":{\"@type\":\"EntryPoint\",\"urlTemplate\":\"https:\/\/www.sellerlogic.com\/fi\/?s={search_term_string}\"},\"query-input\":{\"@type\":\"PropertyValueSpecification\",\"valueRequired\":true,\"valueName\":\"search_term_string\"}}],\"inLanguage\":\"fi\"},{\"@type\":\"Organization\",\"@id\":\"https:\/\/www.sellerlogic.com\/fi\/#organization\",\"name\":\"SELLERLOGIC\",\"url\":\"https:\/\/www.sellerlogic.com\/fi\/\",\"logo\":{\"@type\":\"ImageObject\",\"inLanguage\":\"fi\",\"@id\":\"https:\/\/www.sellerlogic.com\/fi\/#\/schema\/logo\/image\/\",\"url\":\"https:\/\/d2bw95mh2ee04s.cloudfront.net\/prod\/content\/wp-content\/uploads\/2025\/01\/02134814\/Property-Logo-Main.svg\",\"contentUrl\":\"https:\/\/d2bw95mh2ee04s.cloudfront.net\/prod\/content\/wp-content\/uploads\/2025\/01\/02134814\/Property-Logo-Main.svg\",\"width\":184,\"height\":40,\"caption\":\"SELLERLOGIC\"},\"image\":{\"@id\":\"https:\/\/www.sellerlogic.com\/fi\/#\/schema\/logo\/image\/\"},\"sameAs\":[\"https:\/\/www.facebook.com\/SellerLogic\/\",\"https:\/\/x.com\/sellerlogic\",\"https:\/\/www.instagram.com\/sellerlogic\/\",\"https:\/\/www.linkedin.com\/company\/18402037\/\",\"https:\/\/www.youtube.com\/channel\/UC-gULUur-fNj08sprantKsQ\"]}]}<\/script>\n<!-- \/ Yoast SEO plugin. -->","yoast_head_json":{"title":"Lataa ilmaiseksi: 6 Parasta Vinkki\u00e4 FBA-myyjille!","description":"Menestys Amazonissa ei tule itsest\u00e4\u00e4n! Mutta n\u00e4iden 6 vinkin avulla matka e-kaupan huipulle helpottuu hieman. Lue nyt!","robots":{"index":"index","follow":"follow","max-snippet":"max-snippet:-1","max-image-preview":"max-image-preview:large","max-video-preview":"max-video-preview:-1"},"canonical":"https:\/\/www.sellerlogic.com\/fi\/resources\/wb-en-202001\/","og_locale":"fi_FI","og_type":"article","og_title":"Lataa ilmaiseksi: 6 Parasta Vinkki\u00e4 FBA-myyjille!","og_description":"Menestys Amazonissa ei tule itsest\u00e4\u00e4n! Mutta n\u00e4iden 6 vinkin avulla matka e-kaupan huipulle helpottuu hieman. Lue nyt!","og_url":"https:\/\/www.sellerlogic.com\/fi\/resources\/wb-en-202001\/","og_site_name":"SELLERLOGIC - Smarte Tools f\u00fcr Amazon-Seller","article_publisher":"https:\/\/www.facebook.com\/SellerLogic\/","og_image":[{"url":"https:\/\/www.sellerlogic.com\/wp-content\/uploads\/2021\/01\/six-tips-fba-sellers-workbook.png","type":"","width":"","height":""}],"twitter_card":"summary_large_image","twitter_site":"@sellerlogic","twitter_misc":{"Est. reading time":"1 minute"},"schema":{"@context":"https:\/\/schema.org","@graph":[{"@type":"WebPage","@id":"https:\/\/www.sellerlogic.com\/fi\/resources\/wb-en-202001\/","url":"https:\/\/www.sellerlogic.com\/fi\/resources\/wb-en-202001\/","name":"Lataa ilmaiseksi: 6 Parasta Vinkki\u00e4 FBA-myyjille!","isPartOf":{"@id":"https:\/\/www.sellerlogic.com\/fi\/#website"},"primaryImageOfPage":{"@id":"https:\/\/www.sellerlogic.com\/fi\/resources\/wb-en-202001\/#primaryimage"},"image":{"@id":"https:\/\/www.sellerlogic.com\/fi\/resources\/wb-en-202001\/#primaryimage"},"thumbnailUrl":"https:\/\/www.sellerlogic.com\/wp-content\/uploads\/2021\/01\/six-tips-fba-sellers-workbook.png","datePublished":"2021-01-05T16:03:47+00:00","description":"Menestys Amazonissa ei tule itsest\u00e4\u00e4n! Mutta n\u00e4iden 6 vinkin avulla matka e-kaupan huipulle helpottuu hieman. Lue nyt!","breadcrumb":{"@id":"https:\/\/www.sellerlogic.com\/fi\/resources\/wb-en-202001\/#breadcrumb"},"inLanguage":"fi","potentialAction":[{"@type":"ReadAction","target":["https:\/\/www.sellerlogic.com\/fi\/resources\/wb-en-202001\/"]}]},{"@type":"ImageObject","inLanguage":"fi","@id":"https:\/\/www.sellerlogic.com\/fi\/resources\/wb-en-202001\/#primaryimage","url":"https:\/\/www.sellerlogic.com\/wp-content\/uploads\/2021\/01\/six-tips-fba-sellers-workbook.png","contentUrl":"https:\/\/www.sellerlogic.com\/wp-content\/uploads\/2021\/01\/six-tips-fba-sellers-workbook.png"},{"@type":"BreadcrumbList","@id":"https:\/\/www.sellerlogic.com\/fi\/resources\/wb-en-202001\/#breadcrumb","itemListElement":[{"@type":"ListItem","position":1,"name":"Home","item":"https:\/\/www.sellerlogic.com\/fi\/"},{"@type":"ListItem","position":2,"name":"Resurssit EN","item":"https:\/\/www.sellerlogic.com\/fi\/resources\/"},{"@type":"ListItem","position":3,"name":"Ty\u00f6kirja 6 FBA-vinkkej\u00e4 EN"}]},{"@type":"WebSite","@id":"https:\/\/www.sellerlogic.com\/fi\/#website","url":"https:\/\/www.sellerlogic.com\/fi\/","name":"SELLERLOGIC - Smarte Tools f\u00fcr Amazon-Seller","description":"Intelligente Prozessoptimierung und Gewinnmaximierung","publisher":{"@id":"https:\/\/www.sellerlogic.com\/fi\/#organization"},"potentialAction":[{"@type":"SearchAction","target":{"@type":"EntryPoint","urlTemplate":"https:\/\/www.sellerlogic.com\/fi\/?s={search_term_string}"},"query-input":{"@type":"PropertyValueSpecification","valueRequired":true,"valueName":"search_term_string"}}],"inLanguage":"fi"},{"@type":"Organization","@id":"https:\/\/www.sellerlogic.com\/fi\/#organization","name":"SELLERLOGIC","url":"https:\/\/www.sellerlogic.com\/fi\/","logo":{"@type":"ImageObject","inLanguage":"fi","@id":"https:\/\/www.sellerlogic.com\/fi\/#\/schema\/logo\/image\/","url":"https:\/\/d2bw95mh2ee04s.cloudfront.net\/prod\/content\/wp-content\/uploads\/2025\/01\/02134814\/Property-Logo-Main.svg","contentUrl":"https:\/\/d2bw95mh2ee04s.cloudfront.net\/prod\/content\/wp-content\/uploads\/2025\/01\/02134814\/Property-Logo-Main.svg","width":184,"height":40,"caption":"SELLERLOGIC"},"image":{"@id":"https:\/\/www.sellerlogic.com\/fi\/#\/schema\/logo\/image\/"},"sameAs":["https:\/\/www.facebook.com\/SellerLogic\/","https:\/\/x.com\/sellerlogic","https:\/\/www.instagram.com\/sellerlogic\/","https:\/\/www.linkedin.com\/company\/18402037\/","https:\/\/www.youtube.com\/channel\/UC-gULUur-fNj08sprantKsQ"]}]}},"_links":{"self":[{"href":"https:\/\/www.sellerlogic.com\/fi\/wp-json\/wp\/v2\/pages\/231144","targetHints":{"allow":["GET"]}}],"collection":[{"href":"https:\/\/www.sellerlogic.com\/fi\/wp-json\/wp\/v2\/pages"}],"about":[{"href":"https:\/\/www.sellerlogic.com\/fi\/wp-json\/wp\/v2\/types\/page"}],"author":[{"embeddable":true,"href":"https:\/\/www.sellerlogic.com\/fi\/wp-json\/wp\/v2\/users\/6"}],"replies":[{"embeddable":true,"href":"https:\/\/www.sellerlogic.com\/fi\/wp-json\/wp\/v2\/comments?post=231144"}],"version-history":[{"count":0,"href":"https:\/\/www.sellerlogic.com\/fi\/wp-json\/wp\/v2\/pages\/231144\/revisions"}],"up":[{"embeddable":true,"href":"https:\/\/www.sellerlogic.com\/fi\/wp-json\/wp\/v2\/pages\/231081"}],"wp:attachment":[{"href":"https:\/\/www.sellerlogic.com\/fi\/wp-json\/wp\/v2\/media?parent=231144"}],"curies":[{"name":"wp","href":"https:\/\/api.w.org\/{rel}","templated":true}]}}