
{"id":231240,"date":"2020-12-21T22:08:33","date_gmt":"2020-12-21T22:08:33","guid":{"rendered":"https:\/\/127.0.0.1\/resources\/success-story-fj-trading\/"},"modified":"2020-12-21T22:08:33","modified_gmt":"2020-12-21T22:08:33","slug":"success-story-fj-trading","status":"publish","type":"page","link":"https:\/\/www.sellerlogic.com\/fi\/resources\/success-story-fj-trading\/","title":{"rendered":"Menestystarina: FJ Trading EN"},"content":{"rendered":"\n\t<div  class=\"theme-wp-block theme-block-main-header is-style-full-height desktop-content-align-y-center desktop-content-align-x-center xl-content-align-y-center xl-content-align-x-center lg-content-align-y-center lg-content-align-x-center md-content-align-y-center md-content-align-x-center sm-content-align-y-center sm-content-align-x-center gb-responsive-853195-identifier desktop-align-full xl-align-full lg-align-full md-align-full sm-align-full theme-block-cover\">\n\t\t<div class=\"bg-cover theme-lazy-load-bg\"><\/div>\n\t\t<div class=\"wrap-content-main-header\">\n\t\t\t\t\t<div  class=\"theme-wp-block theme-block-text-and-text gb-responsive-170032-identifier desktop-vertical-center xl-vertical-center lg-vertical-center md-vertical-center sm-vertical-center md-blockDirection-column sm-blockDirection-column desktop-blockDirection-column xl-blockDirection-column lg-blockDirection-column alignfull\">\n\t\t<div class=\"tat-column-wrap-wrapper\">\n\t\t\t<div class=\"tat-column-wrapper\">\n\t\t\t\t\t<div  class=\"theme-wp-block theme-block-text-and-text-column gb-responsive-644092-identifier md-horizontal-center desktop-horizontal-right sm-horizontal-center xl-horizontal-center lg-horizontal-center\">\n\t\t<div class=\"inner-wrap-column-content\">\n\t\t\t<div class=\"inner-column-content\">\n\t\t\t\t\t\t<h1  class=\"theme-wp-block theme-block-heading gb-responsive-482560-identifier desktop-text-center xl-text-center lg-text-center md-text-center sm-text-center h1\">\n\t\tEnemm\u00e4n Buy Box, enemm\u00e4n liikevaihtoa!\t<\/h1>\n\n\t\t<h2  class=\"theme-wp-block theme-block-heading gb-responsive-539815-identifier desktop-text-center xl-text-center lg-text-center md-text-center sm-text-center desktop-gb-has-no-icon xl-gb-has-no-icon lg-gb-has-no-icon md-gb-has-no-icon sm-gb-has-no-icon h1\">\n\t\tKuinka FJ Trading lis\u00e4\u00e4 Buy Box prosenttia ja liikevaihtoa SELLERLOGIC kanssa!\t<\/h2>\n\n\t\t\t<\/div>\n\t\t<\/div>\n\t<\/div>\n\t<div  class=\"theme-wp-block theme-block-text-and-text-column gb-responsive-840598-identifier desktop-horizontal-center xl-horizontal-center lg-horizontal-center md-horizontal-center sm-horizontal-center\">\n\t\t<div class=\"inner-wrap-column-content\">\n\t\t\t<div class=\"inner-column-content\">\n\t\t\t\t\t\t\t<\/div>\n\t\t<\/div>\n\t<\/div>\n\t\t\t<\/div>\n\t\t<\/div>\n\t<\/div>\n\n\t\t<\/div>\n\t<\/div>\n\n<div style=\"height:50px\" aria-hidden=\"true\" class=\"theme-wp-block wp-block-spacer\"><\/div><div class=\"theme-wp-block wp-block-columns gb-responsive-492868-identifier is-layout-flex wp-container-core-columns-is-layout-9d6595d7 wp-block-columns-is-layout-flex\"><div class=\"theme-wp-block wp-block-column gb-responsive-633979-identifier is-layout-flow wp-block-column-is-layout-flow\" style=\"flex-basis:25%\"><figure class=\"theme-wp-block wp-block-image size-large is-resized gb-responsive-62921-identifier\"><img decoding=\"async\" src=\"https:\/\/d2bw95mh2ee04s.cloudfront.net\/prod\/content\/wp-content\/uploads\/2020\/12\/23142716\/fj-trading-logo.jpg\" alt=\"Menestystarina: FJ Trading EN\" class=\"wp-image-5127\" width=\"300\" height=\"167\"><\/figure><p class=\"theme-wp-block gb-responsive-312552-identifier\"><strong><strong>Perustaminen<\/strong>:<\/strong><br>2013<\/p><p class=\"theme-wp-block gb-responsive-353708-identifier\"><strong><strong>Teollisuus<\/strong>:<\/strong><br>Keng\u00e4t<\/p><p class=\"theme-wp-block gb-responsive-741269-identifier\"><strong><strong>Tuotteet Amazonissa:\u00a0<\/strong><\/strong><br>noin 100.000 SKU:ta<\/p><p class=\"theme-wp-block gb-responsive-218030-identifier\"><strong><strong>Toimitukset<\/strong>:\u00a0<\/strong><br>noin 50.000 kuukaudessa<\/p><\/div><div class=\"theme-wp-block wp-block-column gb-responsive-243785-identifier is-layout-flow wp-block-column-is-layout-flow\" style=\"flex-basis:50%\"><h3 class=\"theme-wp-block wp-block-heading gb-responsive-34353-identifier\" id=\"block-c06fce04-ef87-4ffc-a3d6-b768ba377d17\">Tausta:<\/h3><p class=\"theme-wp-block gb-responsive-710769-identifier desktop-gb-has-no-icon xl-gb-has-no-icon lg-gb-has-no-icon md-gb-has-no-icon sm-gb-has-no-icon\">Frank Jemetz on myynyt aktiivisesti verkkokauppapaikoilla vuodesta 2004. Aluksi t\u00e4m\u00e4 tapahtui p\u00e4\u00e4asiassa eBayn kautta, mutta h\u00e4n on nyt siirtynyt Amazoniin. &#8220;Olemme kokeilleet monia tuotteita,&#8221; toimitusjohtaja sanoo t\u00e4n\u00e4\u00e4n. &#8220;Ilmapatjoista maitovaahdottimiin.&#8221; Frank p\u00e4\u00e4tti sitten lis\u00e4t\u00e4 Adidas-tennarit valikoimaansa. &#8220;Ja jotenkin se tarttui todella hyvin.&#8221; Nyky\u00e4\u00e4n FJ Trading myy p\u00e4\u00e4asiassa kenki\u00e4 verkkokauppapaikoilla, ja he tekev\u00e4t sen yh\u00e4 kasvavalla menestyksell\u00e4.<\/p><h3 class=\"theme-wp-block wp-block-heading gb-responsive-182281-identifier desktop-gb-has-no-icon xl-gb-has-no-icon lg-gb-has-no-icon md-gb-has-no-icon sm-gb-has-no-icon\">Aloittaminen:<\/h3><p class=\"theme-wp-block gb-responsive-318425-identifier desktop-gb-has-no-icon xl-gb-has-no-icon lg-gb-has-no-icon md-gb-has-no-icon sm-gb-has-no-icon\">Frankin mukaan FJ Tradingia ei olisi olemassa t\u00e4n\u00e4\u00e4n ilman Amazonia ja mahdottoman suurta ostajam\u00e4\u00e4r\u00e4\u00e4, joka vierailee verkkokaupassa joka kuukausi. &#8220;Mutta kilpailupaine v\u00e4hitt\u00e4iskaupassa on erityisen kova. Ei ole harvinaista, ett\u00e4 hinnat laskevat alle ostohinnan.&#8221;<\/p><p class=\"theme-wp-block gb-responsive-730648-identifier desktop-gb-has-no-icon xl-gb-has-no-icon lg-gb-has-no-icon md-gb-has-no-icon sm-gb-has-no-icon\">Kuitenkin kaupan tekeminen, jossa yritys menett\u00e4\u00e4 rahaa, ei ole Frankille vaihtoehto. &#8220;Samaan aikaan tiesimme, ett\u00e4 meid\u00e4n oli pysytt\u00e4v\u00e4 Amazonissa, ottaen huomioon, ett\u00e4 se oli \u2013 ja on edelleen \u2013 t\u00e4rkein myyntialustamme.&#8221; Oli selv\u00e4\u00e4, ett\u00e4 tarvittiin erilainen strategia. &#8220;Et voi pysy\u00e4 mukana pitk\u00e4ll\u00e4 aikav\u00e4lill\u00e4, jos priorisoit jatkuvasti kaupan tekemisen hyv\u00e4n katteen sijaan.&#8221; FJ Trading tarvitsi tavan optimoida hintojaan dynaamisesti ja suoraan kilpailijoidensa reaktioiden mukaan. Kuitenkin noin 100 000 SKU:n kanssa oli nopeasti selv\u00e4\u00e4, ett\u00e4 manuaalinen k\u00e4sittely ei ollut en\u00e4\u00e4 vaihtoehto. T\u00e4ss\u00e4 vaiheessa tarvittiin automatisoitu ty\u00f6kalu.<\/p><h3 class=\"theme-wp-block wp-block-heading gb-responsive-115756-identifier\">Ratkaisu:<\/h3><p class=\"theme-wp-block gb-responsive-49178-identifier desktop-gb-has-no-icon xl-gb-has-no-icon lg-gb-has-no-icon md-gb-has-no-icon sm-gb-has-no-icon\">&#8220;Et voi tehd\u00e4 mit\u00e4\u00e4n ilman hinnoitteluty\u00f6kalua,&#8221; Frank julistaa. &#8220;Siit\u00e4 l\u00e4htien, kun olemme k\u00e4ytt\u00e4neet SELLERLOGIC Repricer, Buy Box osuus tuotteistamme on kasvanut merkitt\u00e4v\u00e4sti.&#8221; Erityisesti Buy Box strategian integrointi oli t\u00e4rke\u00e4 tekij\u00e4 FJ Tradingin p\u00e4\u00e4t\u00f6ksess\u00e4: &#8220;Olimme aiemmin ty\u00f6skennelleet toisen tarjoajan kanssa, mutta ty\u00f6kalu ei optimoinut erityisesti Buy Box.&#8221; Jopa ohjelmoitu hinnoittelija ei saavuttanut toivottuja tuloksia, koska tarvittava vaivann\u00e4k\u00f6 oli liian suuri.<\/p><div class=\"theme-block-group-wrap\"><div class=\"theme-wp-block wp-block-group gb-responsive-88118-identifier\">\t\t<div  class=\"theme-wp-block theme-block-user-card gb-responsive-799176-identifier is-style-full-width-line desktop-gb-has-no-icon xl-gb-has-no-icon lg-gb-has-no-icon md-gb-has-no-icon sm-gb-has-no-icon\">\n\t\t<div class=\"wrap-inner-content\">\n\t\t\t<div class=\"card-user-head\">\n\t\t\t\t<div class=\"card-user-avatar\">\n\t\t\t\t\t<div class=\"cover-avatar\" style=\"background-image: url(https:\/\/d2bw95mh2ee04s.cloudfront.net\/prod\/content\/wp-content\/uploads\/2020\/12\/23142717\/frank-jemetz.png);\"><\/div>\n\t\t\t\t<\/div>\n\t\t\t\t<div class=\"wrap-title\">\n\t\t\t\t\t<div class=\"card-user-name\">\n\t\t\t\t\t\t<div class=\"title\">\n\t\t\t\t\t\t\t<h3 class=\"heading-text\"><strong>Frank Jemetz<\/strong><\/h3>\n\t\t\t\t\t\t<\/div>\n\t\t\t\t\t\t<div class=\"card-user-position\">\n\t\t\t\t\t\t\t<div class=\"card-text\"><strong>Toimitusjohtaja FJ Trading<\/strong><\/div>\n\t\t\t\t\t\t<\/div>\n\t\t\t\t\t<\/div>\n\t\t\t\t\t<div class=\"card-user-quote-icon\">\n\t\t\t\t\t<\/div>\n\t\t\t\t<\/div>\n\t\t\t<\/div>\n\t\t\t<div class=\"card-user-text\">\n\t\t\t\t<div class=\"card-text\"><p>Buy Box strategia, joka vaatii minimaalista manuaalista vaivann\u00e4k\u00f6\u00e4, alhainen virheprosentti ja se, ett\u00e4 Repricer toimii loistavasti, puhuu SELLERLOGIC tuotteiden puolesta!<\/p><\/div>\n\t\t\t<\/div>\n\t\t<\/div>\n\t<\/div>\n\n<\/div><\/div><h3 class=\"theme-wp-block wp-block-heading gb-responsive-595368-identifier desktop-gb-has-no-icon xl-gb-has-no-icon lg-gb-has-no-icon md-gb-has-no-icon sm-gb-has-no-icon\">Menestyksekk\u00e4\u00e4t tulokset SELLERLOGIC:<\/h3><p class=\"theme-wp-block gb-responsive-439964-identifier desktop-gb-has-no-icon xl-gb-has-no-icon lg-gb-has-no-icon md-gb-has-no-icon sm-gb-has-no-icon\">SELLERLOGIC&#8217;n Repricer toimii eri tavalla: &#8220;Kun olen m\u00e4\u00e4ritt\u00e4nyt s\u00e4\u00e4nn\u00f6t, minun ei tarvitse huolehtia mist\u00e4\u00e4n sen j\u00e4lkeen.&#8221; Kiitos automaattisten tuontien, asetukset olivat eritt\u00e4in helppoja ja Repricer tulokset olivat my\u00f6s vakuuttavia: &#8220;Buy Box osuus on eritt\u00e4in hyv\u00e4. Lis\u00e4ksi asiakaspalvelu on erinomaista ja ty\u00f6kalua kehitet\u00e4\u00e4n jatkuvasti.&#8221;<\/p><p class=\"theme-wp-block gb-responsive-668364-identifier\">&#8220;Lis\u00e4ksi SELLERLOGIC Repricer:lla on korkea saatavuus. Virheit\u00e4 esiintyy hyvin harvoin ja ne ratkaistaan nopeasti,&#8221; sanoo Frank Jemetz. &#8220;On my\u00f6s t\u00e4rke\u00e4\u00e4, ett\u00e4 j\u00e4rjestelm\u00e4 ei koskaan laske alle asetetun minimihinnan. &#8220;Emme halua ruokkia hintasotaa Amazonissa. SELLERLOGIC kanssa voimme luottaa siihen!&#8221;<\/p><p class=\"theme-wp-block gb-responsive-697003-identifier desktop-gb-has-no-icon xl-gb-has-no-icon lg-gb-has-no-icon md-gb-has-no-icon sm-gb-has-no-icon\">Frank on t\u00e4ysin tyytyv\u00e4inen SELLERLOGIC&#8217;n Repricer:iin: &#8220;Buy Box strategia \u2013 joka vaatii vain minimaalista manuaalista vaivann\u00e4k\u00f6\u00e4 \u2013 ja alhainen virheprosentti puhuvat jo SELLERLOGIC puolesta. Mutta t\u00e4rkeint\u00e4 on: Repricer toimii kuin unelma!&#8221;<\/p><div class=\"theme-wp-block wp-block-buttons gb-responsive-497426-identifier is-layout-flex wp-block-buttons-is-layout-flex\"><div class=\"theme-wp-block wp-block-button gb-responsive-38220-identifier is-style-theme-transparent-with-arrow\"><a class=\"wp-block-button__link wp-element-button\" href=\"https:\/\/d2bw95mh2ee04s.cloudfront.net\/prod\/content\/files\/SUCCESS-STORIES\/EN\/SELLERLOGIC_SN_Success-Story_FJ-Trading_EN.pdf\" target=\"_blank\" rel=\"noreferrer noopener nofollow\">Lataa nyt!<\/a><\/div><\/div><\/div><div class=\"theme-wp-block wp-block-column gb-responsive-252189-identifier is-layout-flow wp-block-column-is-layout-flow\" style=\"flex-basis:25%\"><\/div><\/div><p class=\"theme-wp-block gb-responsive-527070-identifier\"><\/p>","protected":false},"excerpt":{"rendered":"<p>Perustaminen:2013 Teollisuus:Keng\u00e4t Tuotteet Amazonissa:\u00a0noin 100.000 SKU:ta Toimitukset:\u00a0noin 50.000 kuukaudessa Tausta: Frank Jemetz on myynyt aktiivisesti verkkokauppapaikoilla vuodesta 2004. Aluksi t\u00e4m\u00e4 tapahtui p\u00e4\u00e4asiassa eBayn kautta, mutta h\u00e4n on nyt siirtynyt Amazoniin. &#8220;Olemme kokeilleet monia tuotteita,&#8221; toimitusjohtaja sanoo t\u00e4n\u00e4\u00e4n. &#8220;Ilmapatjoista maitovaahdottimiin.&#8221; Frank p\u00e4\u00e4tti sitten lis\u00e4t\u00e4 Adidas-tennarit valikoimaansa. &#8220;Ja jotenkin se tarttui todella hyvin.&#8221; Nyky\u00e4\u00e4n FJ Trading myy<\/p>\n","protected":false},"author":8,"featured_media":5113,"parent":231081,"menu_order":0,"comment_status":"closed","ping_status":"closed","template":"","meta":{"sidebar_recommended_resources":{"data":[]},"sidebar_header_settings":{"hide_buttons":{"register":false}},"_use_new_theme":false,"inline_featured_image":false,"footnotes":""},"class_list":["post-231240","page","type-page","status-publish","has-post-thumbnail","hentry"],"yoast_head":"<!-- This site is optimized with the Yoast SEO plugin v26.8 - https:\/\/yoast.com\/product\/yoast-seo-wordpress\/ -->\n<title>Enemm\u00e4n Buy Box, enemm\u00e4n liikevaihtoa \u2013 SELLERLOGIC Repricer kanssa<\/title>\n<meta name=\"description\" content=\"SELLERLOGIC Repricer Amazonille voittaa Buy Box ja lis\u00e4\u00e4 myynti\u00e4si. Asiakkaamme FJ Trading voi vahvistaa t\u00e4m\u00e4n. Opi lis\u00e4\u00e4 nyt!\" \/>\n<meta name=\"robots\" content=\"index, follow, max-snippet:-1, max-image-preview:large, max-video-preview:-1\" \/>\n<link rel=\"canonical\" href=\"https:\/\/www.sellerlogic.com\/fi\/resources\/success-story-fj-trading\/\" \/>\n<meta property=\"og:locale\" content=\"fi_FI\" \/>\n<meta property=\"og:type\" content=\"article\" \/>\n<meta property=\"og:title\" content=\"Enemm\u00e4n Buy Box, enemm\u00e4n liikevaihtoa \u2013 SELLERLOGIC Repricer kanssa\" \/>\n<meta property=\"og:description\" content=\"SELLERLOGIC Repricer Amazonille voittaa Buy Box ja lis\u00e4\u00e4 myynti\u00e4si. Asiakkaamme FJ Trading voi vahvistaa t\u00e4m\u00e4n. Opi lis\u00e4\u00e4 nyt!\" \/>\n<meta property=\"og:url\" content=\"https:\/\/www.sellerlogic.com\/fi\/resources\/success-story-fj-trading\/\" \/>\n<meta property=\"og:site_name\" content=\"SELLERLOGIC - Smarte Tools f\u00fcr Amazon-Seller\" \/>\n<meta property=\"article:publisher\" content=\"https:\/\/www.facebook.com\/SellerLogic\/\" \/>\n<meta property=\"og:image\" content=\"https:\/\/d2bw95mh2ee04s.cloudfront.net\/prod\/content\/wp-content\/uploads\/2020\/12\/23142717\/header-success-story-fj-trading.jpg\" \/>\n\t<meta property=\"og:image:width\" content=\"2500\" \/>\n\t<meta property=\"og:image:height\" content=\"1667\" \/>\n\t<meta property=\"og:image:type\" content=\"image\/jpeg\" \/>\n<meta name=\"twitter:card\" content=\"summary_large_image\" \/>\n<meta name=\"twitter:site\" content=\"@sellerlogic\" \/>\n<meta name=\"twitter:label1\" content=\"Est. reading time\" \/>\n\t<meta name=\"twitter:data1\" content=\"3 minutes\" \/>\n<script type=\"application\/ld+json\" class=\"yoast-schema-graph\">{\"@context\":\"https:\/\/schema.org\",\"@graph\":[{\"@type\":\"WebPage\",\"@id\":\"https:\/\/www.sellerlogic.com\/fi\/resources\/success-story-fj-trading\/\",\"url\":\"https:\/\/www.sellerlogic.com\/fi\/resources\/success-story-fj-trading\/\",\"name\":\"Enemm\u00e4n Buy Box, enemm\u00e4n liikevaihtoa \u2013 SELLERLOGIC Repricer kanssa\",\"isPartOf\":{\"@id\":\"https:\/\/www.sellerlogic.com\/fi\/#website\"},\"primaryImageOfPage\":{\"@id\":\"https:\/\/www.sellerlogic.com\/fi\/resources\/success-story-fj-trading\/#primaryimage\"},\"image\":{\"@id\":\"https:\/\/www.sellerlogic.com\/fi\/resources\/success-story-fj-trading\/#primaryimage\"},\"thumbnailUrl\":\"https:\/\/d2bw95mh2ee04s.cloudfront.net\/prod\/content\/wp-content\/uploads\/2020\/12\/23142717\/header-success-story-fj-trading.jpg\",\"datePublished\":\"2020-12-21T22:08:33+00:00\",\"description\":\"SELLERLOGIC Repricer Amazonille voittaa Buy Box ja lis\u00e4\u00e4 myynti\u00e4si. Asiakkaamme FJ Trading voi vahvistaa t\u00e4m\u00e4n. Opi lis\u00e4\u00e4 nyt!\",\"breadcrumb\":{\"@id\":\"https:\/\/www.sellerlogic.com\/fi\/resources\/success-story-fj-trading\/#breadcrumb\"},\"inLanguage\":\"fi\",\"potentialAction\":[{\"@type\":\"ReadAction\",\"target\":[\"https:\/\/www.sellerlogic.com\/fi\/resources\/success-story-fj-trading\/\"]}]},{\"@type\":\"ImageObject\",\"inLanguage\":\"fi\",\"@id\":\"https:\/\/www.sellerlogic.com\/fi\/resources\/success-story-fj-trading\/#primaryimage\",\"url\":\"https:\/\/d2bw95mh2ee04s.cloudfront.net\/prod\/content\/wp-content\/uploads\/2020\/12\/23142717\/header-success-story-fj-trading.jpg\",\"contentUrl\":\"https:\/\/d2bw95mh2ee04s.cloudfront.net\/prod\/content\/wp-content\/uploads\/2020\/12\/23142717\/header-success-story-fj-trading.jpg\",\"width\":2500,\"height\":1667},{\"@type\":\"BreadcrumbList\",\"@id\":\"https:\/\/www.sellerlogic.com\/fi\/resources\/success-story-fj-trading\/#breadcrumb\",\"itemListElement\":[{\"@type\":\"ListItem\",\"position\":1,\"name\":\"Home\",\"item\":\"https:\/\/www.sellerlogic.com\/fi\/\"},{\"@type\":\"ListItem\",\"position\":2,\"name\":\"Resurssit EN\",\"item\":\"https:\/\/www.sellerlogic.com\/fi\/resources\/\"},{\"@type\":\"ListItem\",\"position\":3,\"name\":\"Menestystarina: FJ Trading EN\"}]},{\"@type\":\"WebSite\",\"@id\":\"https:\/\/www.sellerlogic.com\/fi\/#website\",\"url\":\"https:\/\/www.sellerlogic.com\/fi\/\",\"name\":\"SELLERLOGIC - Smarte Tools f\u00fcr Amazon-Seller\",\"description\":\"Intelligente Prozessoptimierung und Gewinnmaximierung\",\"publisher\":{\"@id\":\"https:\/\/www.sellerlogic.com\/fi\/#organization\"},\"potentialAction\":[{\"@type\":\"SearchAction\",\"target\":{\"@type\":\"EntryPoint\",\"urlTemplate\":\"https:\/\/www.sellerlogic.com\/fi\/?s={search_term_string}\"},\"query-input\":{\"@type\":\"PropertyValueSpecification\",\"valueRequired\":true,\"valueName\":\"search_term_string\"}}],\"inLanguage\":\"fi\"},{\"@type\":\"Organization\",\"@id\":\"https:\/\/www.sellerlogic.com\/fi\/#organization\",\"name\":\"SELLERLOGIC\",\"url\":\"https:\/\/www.sellerlogic.com\/fi\/\",\"logo\":{\"@type\":\"ImageObject\",\"inLanguage\":\"fi\",\"@id\":\"https:\/\/www.sellerlogic.com\/fi\/#\/schema\/logo\/image\/\",\"url\":\"https:\/\/d2bw95mh2ee04s.cloudfront.net\/prod\/content\/wp-content\/uploads\/2025\/01\/02134814\/Property-Logo-Main.svg\",\"contentUrl\":\"https:\/\/d2bw95mh2ee04s.cloudfront.net\/prod\/content\/wp-content\/uploads\/2025\/01\/02134814\/Property-Logo-Main.svg\",\"width\":184,\"height\":40,\"caption\":\"SELLERLOGIC\"},\"image\":{\"@id\":\"https:\/\/www.sellerlogic.com\/fi\/#\/schema\/logo\/image\/\"},\"sameAs\":[\"https:\/\/www.facebook.com\/SellerLogic\/\",\"https:\/\/x.com\/sellerlogic\",\"https:\/\/www.instagram.com\/sellerlogic\/\",\"https:\/\/www.linkedin.com\/company\/18402037\/\",\"https:\/\/www.youtube.com\/channel\/UC-gULUur-fNj08sprantKsQ\"]}]}<\/script>\n<!-- \/ Yoast SEO plugin. -->","yoast_head_json":{"title":"Enemm\u00e4n Buy Box, enemm\u00e4n liikevaihtoa \u2013 SELLERLOGIC Repricer kanssa","description":"SELLERLOGIC Repricer Amazonille voittaa Buy Box ja lis\u00e4\u00e4 myynti\u00e4si. Asiakkaamme FJ Trading voi vahvistaa t\u00e4m\u00e4n. Opi lis\u00e4\u00e4 nyt!","robots":{"index":"index","follow":"follow","max-snippet":"max-snippet:-1","max-image-preview":"max-image-preview:large","max-video-preview":"max-video-preview:-1"},"canonical":"https:\/\/www.sellerlogic.com\/fi\/resources\/success-story-fj-trading\/","og_locale":"fi_FI","og_type":"article","og_title":"Enemm\u00e4n Buy Box, enemm\u00e4n liikevaihtoa \u2013 SELLERLOGIC Repricer kanssa","og_description":"SELLERLOGIC Repricer Amazonille voittaa Buy Box ja lis\u00e4\u00e4 myynti\u00e4si. Asiakkaamme FJ Trading voi vahvistaa t\u00e4m\u00e4n. Opi lis\u00e4\u00e4 nyt!","og_url":"https:\/\/www.sellerlogic.com\/fi\/resources\/success-story-fj-trading\/","og_site_name":"SELLERLOGIC - Smarte Tools f\u00fcr Amazon-Seller","article_publisher":"https:\/\/www.facebook.com\/SellerLogic\/","og_image":[{"width":2500,"height":1667,"url":"https:\/\/d2bw95mh2ee04s.cloudfront.net\/prod\/content\/wp-content\/uploads\/2020\/12\/23142717\/header-success-story-fj-trading.jpg","type":"image\/jpeg"}],"twitter_card":"summary_large_image","twitter_site":"@sellerlogic","twitter_misc":{"Est. reading time":"3 minutes"},"schema":{"@context":"https:\/\/schema.org","@graph":[{"@type":"WebPage","@id":"https:\/\/www.sellerlogic.com\/fi\/resources\/success-story-fj-trading\/","url":"https:\/\/www.sellerlogic.com\/fi\/resources\/success-story-fj-trading\/","name":"Enemm\u00e4n Buy Box, enemm\u00e4n liikevaihtoa \u2013 SELLERLOGIC Repricer kanssa","isPartOf":{"@id":"https:\/\/www.sellerlogic.com\/fi\/#website"},"primaryImageOfPage":{"@id":"https:\/\/www.sellerlogic.com\/fi\/resources\/success-story-fj-trading\/#primaryimage"},"image":{"@id":"https:\/\/www.sellerlogic.com\/fi\/resources\/success-story-fj-trading\/#primaryimage"},"thumbnailUrl":"https:\/\/d2bw95mh2ee04s.cloudfront.net\/prod\/content\/wp-content\/uploads\/2020\/12\/23142717\/header-success-story-fj-trading.jpg","datePublished":"2020-12-21T22:08:33+00:00","description":"SELLERLOGIC Repricer Amazonille voittaa Buy Box ja lis\u00e4\u00e4 myynti\u00e4si. Asiakkaamme FJ Trading voi vahvistaa t\u00e4m\u00e4n. Opi lis\u00e4\u00e4 nyt!","breadcrumb":{"@id":"https:\/\/www.sellerlogic.com\/fi\/resources\/success-story-fj-trading\/#breadcrumb"},"inLanguage":"fi","potentialAction":[{"@type":"ReadAction","target":["https:\/\/www.sellerlogic.com\/fi\/resources\/success-story-fj-trading\/"]}]},{"@type":"ImageObject","inLanguage":"fi","@id":"https:\/\/www.sellerlogic.com\/fi\/resources\/success-story-fj-trading\/#primaryimage","url":"https:\/\/d2bw95mh2ee04s.cloudfront.net\/prod\/content\/wp-content\/uploads\/2020\/12\/23142717\/header-success-story-fj-trading.jpg","contentUrl":"https:\/\/d2bw95mh2ee04s.cloudfront.net\/prod\/content\/wp-content\/uploads\/2020\/12\/23142717\/header-success-story-fj-trading.jpg","width":2500,"height":1667},{"@type":"BreadcrumbList","@id":"https:\/\/www.sellerlogic.com\/fi\/resources\/success-story-fj-trading\/#breadcrumb","itemListElement":[{"@type":"ListItem","position":1,"name":"Home","item":"https:\/\/www.sellerlogic.com\/fi\/"},{"@type":"ListItem","position":2,"name":"Resurssit EN","item":"https:\/\/www.sellerlogic.com\/fi\/resources\/"},{"@type":"ListItem","position":3,"name":"Menestystarina: FJ Trading EN"}]},{"@type":"WebSite","@id":"https:\/\/www.sellerlogic.com\/fi\/#website","url":"https:\/\/www.sellerlogic.com\/fi\/","name":"SELLERLOGIC - Smarte Tools f\u00fcr Amazon-Seller","description":"Intelligente Prozessoptimierung und Gewinnmaximierung","publisher":{"@id":"https:\/\/www.sellerlogic.com\/fi\/#organization"},"potentialAction":[{"@type":"SearchAction","target":{"@type":"EntryPoint","urlTemplate":"https:\/\/www.sellerlogic.com\/fi\/?s={search_term_string}"},"query-input":{"@type":"PropertyValueSpecification","valueRequired":true,"valueName":"search_term_string"}}],"inLanguage":"fi"},{"@type":"Organization","@id":"https:\/\/www.sellerlogic.com\/fi\/#organization","name":"SELLERLOGIC","url":"https:\/\/www.sellerlogic.com\/fi\/","logo":{"@type":"ImageObject","inLanguage":"fi","@id":"https:\/\/www.sellerlogic.com\/fi\/#\/schema\/logo\/image\/","url":"https:\/\/d2bw95mh2ee04s.cloudfront.net\/prod\/content\/wp-content\/uploads\/2025\/01\/02134814\/Property-Logo-Main.svg","contentUrl":"https:\/\/d2bw95mh2ee04s.cloudfront.net\/prod\/content\/wp-content\/uploads\/2025\/01\/02134814\/Property-Logo-Main.svg","width":184,"height":40,"caption":"SELLERLOGIC"},"image":{"@id":"https:\/\/www.sellerlogic.com\/fi\/#\/schema\/logo\/image\/"},"sameAs":["https:\/\/www.facebook.com\/SellerLogic\/","https:\/\/x.com\/sellerlogic","https:\/\/www.instagram.com\/sellerlogic\/","https:\/\/www.linkedin.com\/company\/18402037\/","https:\/\/www.youtube.com\/channel\/UC-gULUur-fNj08sprantKsQ"]}]}},"_links":{"self":[{"href":"https:\/\/www.sellerlogic.com\/fi\/wp-json\/wp\/v2\/pages\/231240","targetHints":{"allow":["GET"]}}],"collection":[{"href":"https:\/\/www.sellerlogic.com\/fi\/wp-json\/wp\/v2\/pages"}],"about":[{"href":"https:\/\/www.sellerlogic.com\/fi\/wp-json\/wp\/v2\/types\/page"}],"author":[{"embeddable":true,"href":"https:\/\/www.sellerlogic.com\/fi\/wp-json\/wp\/v2\/users\/8"}],"replies":[{"embeddable":true,"href":"https:\/\/www.sellerlogic.com\/fi\/wp-json\/wp\/v2\/comments?post=231240"}],"version-history":[{"count":0,"href":"https:\/\/www.sellerlogic.com\/fi\/wp-json\/wp\/v2\/pages\/231240\/revisions"}],"up":[{"embeddable":true,"href":"https:\/\/www.sellerlogic.com\/fi\/wp-json\/wp\/v2\/pages\/231081"}],"wp:featuredmedia":[{"embeddable":true,"href":"https:\/\/www.sellerlogic.com\/fi\/wp-json\/wp\/v2\/media\/5113"}],"wp:attachment":[{"href":"https:\/\/www.sellerlogic.com\/fi\/wp-json\/wp\/v2\/media?parent=231240"}],"curies":[{"name":"wp","href":"https:\/\/api.w.org\/{rel}","templated":true}]}}