
{"id":5473,"date":"2020-12-17T16:54:56","date_gmt":"2020-12-17T16:54:56","guid":{"rendered":"https:\/\/www.sellerlogic.com\/?page_id=5473"},"modified":"2020-12-18T11:08:39","modified_gmt":"2020-12-18T11:08:39","slug":"histoire-d-un-succes-rewu","status":"publish","type":"page","link":"https:\/\/www.sellerlogic.com\/fr\/ressources\/histoire-d-un-succes-rewu\/","title":{"rendered":"Success Story: ReWu FR"},"content":{"rendered":"\n\t<div  class=\"theme-wp-block theme-block-main-header is-style-full-height desktop-align-full xl-align-full lg-align-full md-align-full sm-align-full desktop-content-align-y-center desktop-content-align-x-center xl-content-align-y-center xl-content-align-x-center lg-content-align-y-center lg-content-align-x-center md-content-align-y-center md-content-align-x-center sm-content-align-y-center sm-content-align-x-center gb-responsive-650367-identifier theme-block-cover\">\n\t\t<div class=\"bg-cover theme-lazy-load-bg\"><\/div>\n\t\t<div class=\"wrap-content-main-header\">\n\t\t\t\n\t\t<div  class=\"theme-wp-block theme-block-text-and-text gb-responsive-130700-identifier desktop-blockDirection-column xl-blockDirection-column lg-blockDirection-column md-blockDirection-column sm-blockDirection-column desktop-align-wide xl-align-wide lg-align-wide md-align-wide sm-align-wide\">\n\t\t<div class=\"tat-column-wrap-wrapper\">\n\t\t\t<div class=\"tat-column-wrapper\">\n\t\t\t\t\n\t<div  class=\"theme-wp-block theme-block-text-and-text-column gb-responsive-420800-identifier desktop-horizontal-center xl-horizontal-center lg-horizontal-center md-horizontal-center sm-horizontal-center\">\n\t\t<div class=\"inner-wrap-column-content\">\n\t\t\t<div class=\"inner-column-content\">\n\t\t\t\t\n\t\t<h1  class=\"theme-wp-block theme-block-heading is-style-default desktop-text-center xl-text-center lg-text-center md-text-center sm-text-center gb-responsive-178195-identifier h1\">\n\t\tDes Accessoires d&#8217;int\u00e9rieur nobles au juste prix : comment Rewu.eu remporte la Buy Box avec SELLERLOGIC\t<\/h1>\n\n\n\t\t\t<\/div>\n\t\t<\/div>\n\t<\/div>\n\n\n\t<div  class=\"theme-wp-block theme-block-text-and-text-column gb-responsive-983379-identifier\">\n\t\t<div class=\"inner-wrap-column-content\">\n\t\t\t<div class=\"inner-column-content\">\n\t\t\t\t\t\t\t<\/div>\n\t\t<\/div>\n\t<\/div>\n\n\t\t\t<\/div>\n\t\t<\/div>\n\t<\/div>\n\n\n\t\t<\/div>\n\t<\/div>\n\n\n\n\n<div style=\"height:50px\" aria-hidden=\"true\" class=\"theme-wp-block wp-block-spacer\"><\/div>\n\n\n\n<div class=\"theme-wp-block wp-block-columns is-layout-flex wp-container-core-columns-is-layout-9d6595d7 wp-block-columns-is-layout-flex\">\n<div class=\"theme-wp-block wp-block-column is-layout-flow wp-block-column-is-layout-flow\" style=\"flex-basis:25%\">\n<figure class=\"theme-wp-block wp-block-image size-large is-resized gb-responsive-62921-identifier\"><img decoding=\"async\" src=\"https:\/\/d2bw95mh2ee04s.cloudfront.net\/prod\/content\/wp-content\/uploads\/2020\/12\/23142722\/logo_rewu.png\" alt=\"Success Story: ReWu FR\" class=\"wp-image-4882\" width=\"300\" height=\"143\" srcset=\"https:\/\/d2bw95mh2ee04s.cloudfront.net\/prod\/content\/wp-content\/uploads\/2020\/12\/23142722\/logo_rewu-407x194.png 407w, https:\/\/d2bw95mh2ee04s.cloudfront.net\/prod\/content\/wp-content\/uploads\/2020\/12\/23142722\/logo_rewu.png 479w\" sizes=\"(max-width: 300px) 100vw, 300px\" \/><\/figure>\n\n\n\n<p class=\"theme-wp-block gb-responsive-141661-identifier\"><strong>Fondation :<\/strong><br>juillet 2017<\/p>\n\n\n\n<p class=\"theme-wp-block gb-responsive-7865-identifier\"><strong>Secteur :<\/strong><br>m\u00e9nage, meubles, jouets<\/p>\n\n\n\n<p class=\"theme-wp-block gb-responsive-725347-identifier\"><strong>Articles sur Amazon :&nbsp;<\/strong><br>env. 900<\/p>\n\n\n\n<p class=\"theme-wp-block gb-responsive-582711-identifier\"><strong>Exp\u00e9ditions :&nbsp;<\/strong><br>env. 7.200 par mois<\/p>\n<\/div>\n\n\n\n<div class=\"theme-wp-block wp-block-column is-layout-flow wp-block-column-is-layout-flow\" style=\"flex-basis:50%\">\n<h3 class=\"theme-wp-block gb-responsive-34353-identifier wp-block-heading\" id=\"block-c06fce04-ef87-4ffc-a3d6-b768ba377d17\">Contexte :<\/h3>\n\n\n\n<p class=\"theme-wp-block gb-responsive-175924-identifier\">Florian Wucherpfennig \u00e9tait \u00e0 la recherche d\u2019une nouvelle aventure professionnelle en plus de son emploi \u00e0 plein temps dans l\u2018entreprise \u00e9lectrique familiale. Sur le conseil d\u2018un ami, il s\u2019est pench\u00e9 sur le commerce en ligne sur Amazon.<\/p>\n\n\n\n<p class=\"theme-wp-block gb-responsive-698548-identifier\">Pour assurer leur succ\u00e8s sur Amazon, les marchands en ligne doivent surmonter plusieurs obstacles et mettre en place des processus solides. Le service client\u00e8le et l\u2018optimisation des prix, notamment, constituent la base du succ\u00e8s sur la plateforme et permettent au marchand de se d\u00e9marquer de la concurrence. Apr\u00e8s le lancement de sa boutique Amazon ReWu.eu, Florian Wucherpfennig s\u2018est imm\u00e9diatement rendu compte qu\u2018il ne pourrait mener \u00e0 bien son entreprise sur Amazon que si la qualit\u00e9, le service client\u00e8le et ses prix \u00e9taient au point.<\/p>\n\n\n\n<p class=\"theme-wp-block gb-responsive-197758-identifier\">Le commerce bat son plein sur Amazon : Presque un euro sur deux d\u00e9pens\u00e9 en ligne en Allemagne aboutit chez le g\u00e9ant du commerce \u00e9lectronique. Dans le domaine du commerce en ligne \u00e0 prix agressif, la boutique Amazon ReWu.eu doit s\u2018affirmer parmi les 100.000 marchands en ligne de la plateforme allemande. Comme Florian Wucherpfennig vend exclusivement des produits de consommation chez Amazon, le directeur g\u00e9n\u00e9ral doit faire face \u00e0 une concurrence croissante. Or, une trop grande concurrence peut entra\u00eener une chute des prix qui sera r\u00e9percut\u00e9e sur la marchandise.<\/p>\n\n\n\n<p class=\"theme-wp-block gb-responsive-3540-identifier\">\u00ab Nous ne voyons aucun avantage \u00e0 proposer de la camelote au prix le plus bas \u00e0 nos clients. Notre priorit\u00e9 est d\u2018offrir des produits nobles et de qualit\u00e9 et de maintenir un service client\u00e8le au plus haut niveau possible. Ce n\u2018est qu\u2018ainsi que nous pourrons rester comp\u00e9titifs. N\u00e9anmoins, la guerre des prix est \u00e9galement pr\u00e9sente dans le segment qualitatif. Pour l\u2018optimisation des prix, il \u00e9tait donc important pour nous de trouver un partenaire qui ne se contente pas uniquement de tirer les prix vers le<br>bas pour atteindre la Buy Box d\u2019Amazon, mais qui agit intelligemment et adapte les prix \u00e0 la situation du march\u00e9 \u00bb, explique M. Wucherpfennig.<\/p>\n\n\n\n<h3 class=\"theme-wp-block gb-responsive-115756-identifier wp-block-heading\">Solution :<\/h3>\n\n\n\n<p class=\"theme-wp-block gb-responsive-464089-identifier\">D\u00e8s la cr\u00e9ation de l\u2018entreprise, Florian Wucherpfennig s\u2018est directement appuy\u00e9 sur le<br>Repricer pour Amazon de SELLERLOGIC, qui positionne les offres du marchand dans la Buy Box d\u2019Amazon, ce qui les rend attrayantes et tr\u00e8s visibles pour les acheteurs. Le Repricer proc\u00e8de de mani\u00e8re \u00e0 ce que les produits atteignent d\u2019abord la Buy Box, puis leur prix est ensuite optimis\u00e9 pour que les produits soient vendus au prix le plus \u00e9lev\u00e9 possible.<\/p>\n\n\n\n<p class=\"theme-wp-block gb-responsive-6650-identifier\">&nbsp;\u00ab A l\u2018heure actuelle, nous proposons uniquement des produits de consommation. C\u2018est pourquoi l\u2019outil de SELLERLOGIC est indispensable pour nous. Il permet non seulement d\u2018adapter les prix \u00e0 la situation du march\u00e9, mais aussi de se faire une id\u00e9e relativement rapide des segments sur lesquels nous devons travailler ou que nous devons surveiller de plus pr\u00e8s \u00bb, confirme le directeur de ReWu.eu.<\/p>\n\n\n<div class=\"theme-block-group-wrap\">\n<div class=\"theme-wp-block wp-block-group gb-responsive-88118-identifier\"><div class=\"wp-block-group__inner-container\"><div class=\"wp-block-group__inner-container is-layout-flow wp-block-group-is-layout-flow\">\t\t<div  class=\"theme-wp-block theme-block-user-card gb-responsive-799176-identifier is-style-full-width-line\">\n\t\t<div class=\"wrap-inner-content\">\n\t\t\t<div class=\"card-user-head\">\n\t\t\t\t<div class=\"card-user-avatar\">\n\t\t\t\t\t<div class=\"cover-avatar\" style=\"background-image: url(https:\/\/d2bw95mh2ee04s.cloudfront.net\/prod\/content\/wp-content\/uploads\/2020\/12\/23142721\/florian_wucherpfennig_raute.png);\"><\/div>\n\t\t\t\t<\/div>\n\t\t\t\t<div class=\"wrap-title\">\n\t\t\t\t\t<div class=\"card-user-name\">\n\t\t\t\t\t\t<div class=\"title\">\n\t\t\t\t\t\t\t<h3 class=\"heading-text\"><strong>Florian Wucherpfennig<\/strong><\/h3>\n\t\t\t\t\t\t<\/div>\n\t\t\t\t\t\t<div class=\"card-user-position\">\n\t\t\t\t\t\t\t<div class=\"card-text\"><strong>Directeur g\u00e9n\u00e9ral ReWu.eu<\/strong><\/div>\n\t\t\t\t\t\t<\/div>\n\t\t\t\t\t<\/div>\n\t\t\t\t\t<div class=\"card-user-quote-icon\">\n\t\t\t\t\t<\/div>\n\t\t\t\t<\/div>\n\t\t\t<\/div>\n\t\t\t<div class=\"card-user-text\">\n\t\t\t\t<div class=\"card-text\"><p>\u00ab Pour l&#8217;optimisation des prix, il \u00e9tait important pour nous de trouver un partenaire qui ne se contente pas uniquement de tirer les prix vers le bas, mais qui agit intelligemment et adapte les prix \u00e0 la situation du march\u00e9. Avec SELLERLOGIC, nous avons clairement trouv\u00e9 le bon partenaire. \u00bb<\/p><\/div>\n\t\t\t<\/div>\n\t\t<\/div>\n\t<\/div>\n\n<\/div><\/div>\n<\/div><\/div>\n\n\n<h3 class=\"theme-wp-block gb-responsive-595368-identifier wp-block-heading\">R\u00e9sultats :<\/h3>\n\n\n\n<p class=\"theme-wp-block gb-responsive-50801-identifier\">\u00ab Il est bien connu qu\u2018un bon service client\u00e8le prend beaucoup de temps, mais que cela en vaut la peine. Apr\u00e8s tout, nous voulons nous d\u00e9marquer de la concurrence. Par cons\u00e9quent, l\u2018utilisation du Repricer n\u2018est pas une d\u00e9cision qui a n\u00e9cessit\u00e9 de longues d\u00e9lib\u00e9rations, mais une conclusion logique. Je pense vraiment que SELLERLOGIC nous permet d\u2018\u00e9conomiser d\u2018\u00e9normes ressources telles que le temps, la main d\u2018\u0153uvre et l\u2018argent, que nous pouvons consacrer au support client. Bien s\u00fbr, les marges sont tout aussi importantes, mais cela, le Repricer les assure de toutes fa\u00e7ons \u00bb, dit l\u2018entrepreneur \u00e0 propos du succ\u00e8s de l\u2018outil SELLERLOGIC.<\/p>\n\n\n\n<p class=\"theme-wp-block gb-responsive-115724-identifier\">\u00ab Il est difficile d\u2018imaginer de retoucher un produit \u00e0 chaque fois que le prix de la concurrence change. Au lieu de cela, nous analysons nos produits une fois par semaine, nous v\u00e9rifions ceux qui ne sont pas dans la Buy Box et nous apportons des ajustements. Le Repricer s\u2018occupe du reste \u00bb, poursuit Florian Wucherpfennig. \u00ab Cependant, je pense que nous n\u2018utilisons pas encore le potentiel de cet outil \u00e0 100% et qu\u2018il comporte encore quelques fonctions qui pourraient \u00eatre astucieuses \u00bb, conclut le directeur g\u00e9n\u00e9ral de ReWu.eu<a href=\"https:\/\/d2bw95mh2ee04s.cloudfront.net\/prod\/content\/files\/SUCCESS-STORIES\/FR\/SELLERLOGIC_SN_Success-Story_ReWu_FR.pdf\" target=\"_blank\" rel=\"noreferrer noopener nofollow\"><\/a><\/p>\n\n\n\n<div class=\"theme-wp-block wp-block-buttons gb-responsive-497426-identifier is-layout-flex wp-block-buttons-is-layout-flex\">\n<div class=\"theme-wp-block wp-block-button gb-responsive-38220-identifier is-style-theme-transparent-with-arrow\"><a class=\"wp-block-button__link\" href=\"https:\/\/d2bw95mh2ee04s.cloudfront.net\/prod\/content\/files\/SUCCESS-STORIES\/FR\/SELLERLOGIC_SN_Success-Story_ReWu_FR.pdf\" target=\"_blank\" rel=\"noreferrer noopener nofollow\">T\u00e9l\u00e9chargez maintenant ! <\/a><\/div>\n<\/div>\n<\/div>\n\n\n\n<div class=\"theme-wp-block wp-block-column is-layout-flow wp-block-column-is-layout-flow\" style=\"flex-basis:25%\"><\/div>\n<\/div>\n","protected":false},"excerpt":{"rendered":"<p>Fondation :juillet 2017 Secteur :m\u00e9nage, meubles, jouets Articles sur Amazon :&nbsp;env. 900 Exp\u00e9ditions :&nbsp;env. 7.200 par mois Contexte : Florian Wucherpfennig \u00e9tait \u00e0 la recherche d\u2019une nouvelle aventure professionnelle en plus de son emploi \u00e0 plein temps dans l\u2018entreprise \u00e9lectrique familiale. Sur le conseil d\u2018un ami, il s\u2019est pench\u00e9 sur le commerce en ligne sur<\/p>\n","protected":false},"author":3,"featured_media":0,"parent":5390,"menu_order":0,"comment_status":"closed","ping_status":"closed","template":"","meta":{"sidebar_recommended_resources":{"data":[]},"sidebar_header_settings":{"hide_buttons":{"register":false}},"_use_new_theme":false,"inline_featured_image":false,"footnotes":""},"class_list":["post-5473","page","type-page","status-publish","hentry"],"yoast_head":"<!-- This site is optimized with the Yoast SEO plugin v26.8 - https:\/\/yoast.com\/product\/yoast-seo-wordpress\/ -->\n<title>T\u00e9l\u00e9charger le t\u00e9moignage de Rewu.eu | SELLERLOGIC<\/title>\n<meta name=\"description\" content=\"Des Accessoires d&#039;int\u00e9rieur nobles au juste prix : comment Rewu.eu remporte la Buy Box avec SELLERLOGIC. Lisez maintenant !\" \/>\n<meta name=\"robots\" content=\"index, follow, max-snippet:-1, max-image-preview:large, max-video-preview:-1\" \/>\n<link rel=\"canonical\" href=\"https:\/\/www.sellerlogic.com\/fr\/ressources\/histoire-d-un-succes-rewu\/\" \/>\n<meta property=\"og:locale\" content=\"fr_FR\" \/>\n<meta property=\"og:type\" content=\"article\" \/>\n<meta property=\"og:title\" content=\"T\u00e9l\u00e9charger le t\u00e9moignage de Rewu.eu | SELLERLOGIC\" \/>\n<meta property=\"og:description\" content=\"Des Accessoires d&#039;int\u00e9rieur nobles au juste prix : comment Rewu.eu remporte la Buy Box avec SELLERLOGIC. Lisez maintenant !\" \/>\n<meta property=\"og:url\" content=\"https:\/\/www.sellerlogic.com\/fr\/ressources\/histoire-d-un-succes-rewu\/\" \/>\n<meta property=\"og:site_name\" content=\"SELLERLOGIC - Outils intelligents pour les vendeurs Amazon\" \/>\n<meta property=\"article:publisher\" content=\"https:\/\/www.facebook.com\/SellerLogic\/\" \/>\n<meta property=\"article:modified_time\" content=\"2020-12-18T11:08:39+00:00\" \/>\n<meta property=\"og:image\" content=\"https:\/\/www.sellerlogic.com\/wp-content\/uploads\/2020\/12\/logo_rewu.png\" \/>\n<meta name=\"twitter:card\" content=\"summary_large_image\" \/>\n<meta name=\"twitter:site\" content=\"@sellerlogic\" \/>\n<meta name=\"twitter:label1\" content=\"Est. reading time\" \/>\n\t<meta name=\"twitter:data1\" content=\"4 minutes\" \/>\n<script type=\"application\/ld+json\" class=\"yoast-schema-graph\">{\"@context\":\"https:\/\/schema.org\",\"@graph\":[{\"@type\":\"WebPage\",\"@id\":\"https:\/\/www.sellerlogic.com\/fr\/ressources\/histoire-d-un-succes-rewu\/\",\"url\":\"https:\/\/www.sellerlogic.com\/fr\/ressources\/histoire-d-un-succes-rewu\/\",\"name\":\"T\u00e9l\u00e9charger le t\u00e9moignage de Rewu.eu | SELLERLOGIC\",\"isPartOf\":{\"@id\":\"https:\/\/www.sellerlogic.com\/fr\/#website\"},\"primaryImageOfPage\":{\"@id\":\"https:\/\/www.sellerlogic.com\/fr\/ressources\/histoire-d-un-succes-rewu\/#primaryimage\"},\"image\":{\"@id\":\"https:\/\/www.sellerlogic.com\/fr\/ressources\/histoire-d-un-succes-rewu\/#primaryimage\"},\"thumbnailUrl\":\"https:\/\/www.sellerlogic.com\/wp-content\/uploads\/2020\/12\/logo_rewu.png\",\"datePublished\":\"2020-12-17T16:54:56+00:00\",\"dateModified\":\"2020-12-18T11:08:39+00:00\",\"description\":\"Des Accessoires d'int\u00e9rieur nobles au juste prix : comment Rewu.eu remporte la Buy Box avec SELLERLOGIC. Lisez maintenant !\",\"breadcrumb\":{\"@id\":\"https:\/\/www.sellerlogic.com\/fr\/ressources\/histoire-d-un-succes-rewu\/#breadcrumb\"},\"inLanguage\":\"fr-FR\",\"potentialAction\":[{\"@type\":\"ReadAction\",\"target\":[\"https:\/\/www.sellerlogic.com\/fr\/ressources\/histoire-d-un-succes-rewu\/\"]}]},{\"@type\":\"ImageObject\",\"inLanguage\":\"fr-FR\",\"@id\":\"https:\/\/www.sellerlogic.com\/fr\/ressources\/histoire-d-un-succes-rewu\/#primaryimage\",\"url\":\"https:\/\/www.sellerlogic.com\/wp-content\/uploads\/2020\/12\/logo_rewu.png\",\"contentUrl\":\"https:\/\/www.sellerlogic.com\/wp-content\/uploads\/2020\/12\/logo_rewu.png\"},{\"@type\":\"BreadcrumbList\",\"@id\":\"https:\/\/www.sellerlogic.com\/fr\/ressources\/histoire-d-un-succes-rewu\/#breadcrumb\",\"itemListElement\":[{\"@type\":\"ListItem\",\"position\":1,\"name\":\"Home\",\"item\":\"https:\/\/www.sellerlogic.com\/fr\/\"},{\"@type\":\"ListItem\",\"position\":2,\"name\":\"Ressourcen FR\",\"item\":\"https:\/\/127.0.0.1\/de\/ressourcen\/\"},{\"@type\":\"ListItem\",\"position\":3,\"name\":\"Success Story: ReWu FR\"}]},{\"@type\":\"WebSite\",\"@id\":\"https:\/\/www.sellerlogic.com\/fr\/#website\",\"url\":\"https:\/\/www.sellerlogic.com\/fr\/\",\"name\":\"SELLERLOGIC - Smarte Tools f\u00fcr Amazon-Seller\",\"description\":\"Intelligente Prozessoptimierung und Gewinnmaximierung\",\"publisher\":{\"@id\":\"https:\/\/www.sellerlogic.com\/fr\/#organization\"},\"potentialAction\":[{\"@type\":\"SearchAction\",\"target\":{\"@type\":\"EntryPoint\",\"urlTemplate\":\"https:\/\/www.sellerlogic.com\/fr\/?s={search_term_string}\"},\"query-input\":{\"@type\":\"PropertyValueSpecification\",\"valueRequired\":true,\"valueName\":\"search_term_string\"}}],\"inLanguage\":\"fr-FR\"},{\"@type\":\"Organization\",\"@id\":\"https:\/\/www.sellerlogic.com\/fr\/#organization\",\"name\":\"SELLERLOGIC\",\"url\":\"https:\/\/www.sellerlogic.com\/fr\/\",\"logo\":{\"@type\":\"ImageObject\",\"inLanguage\":\"fr-FR\",\"@id\":\"https:\/\/www.sellerlogic.com\/fr\/#\/schema\/logo\/image\/\",\"url\":\"https:\/\/d2bw95mh2ee04s.cloudfront.net\/prod\/content\/wp-content\/uploads\/2025\/01\/02134814\/Property-Logo-Main.svg\",\"contentUrl\":\"https:\/\/d2bw95mh2ee04s.cloudfront.net\/prod\/content\/wp-content\/uploads\/2025\/01\/02134814\/Property-Logo-Main.svg\",\"width\":184,\"height\":40,\"caption\":\"SELLERLOGIC\"},\"image\":{\"@id\":\"https:\/\/www.sellerlogic.com\/fr\/#\/schema\/logo\/image\/\"},\"sameAs\":[\"https:\/\/www.facebook.com\/SellerLogic\/\",\"https:\/\/x.com\/sellerlogic\",\"https:\/\/www.instagram.com\/sellerlogic\/\",\"https:\/\/www.linkedin.com\/company\/18402037\/\",\"https:\/\/www.youtube.com\/channel\/UC-gULUur-fNj08sprantKsQ\"]}]}<\/script>\n<!-- \/ Yoast SEO plugin. -->","yoast_head_json":{"title":"T\u00e9l\u00e9charger le t\u00e9moignage de Rewu.eu | SELLERLOGIC","description":"Des Accessoires d'int\u00e9rieur nobles au juste prix : comment Rewu.eu remporte la Buy Box avec SELLERLOGIC. Lisez maintenant !","robots":{"index":"index","follow":"follow","max-snippet":"max-snippet:-1","max-image-preview":"max-image-preview:large","max-video-preview":"max-video-preview:-1"},"canonical":"https:\/\/www.sellerlogic.com\/fr\/ressources\/histoire-d-un-succes-rewu\/","og_locale":"fr_FR","og_type":"article","og_title":"T\u00e9l\u00e9charger le t\u00e9moignage de Rewu.eu | SELLERLOGIC","og_description":"Des Accessoires d'int\u00e9rieur nobles au juste prix : comment Rewu.eu remporte la Buy Box avec SELLERLOGIC. Lisez maintenant !","og_url":"https:\/\/www.sellerlogic.com\/fr\/ressources\/histoire-d-un-succes-rewu\/","og_site_name":"SELLERLOGIC - Outils intelligents pour les vendeurs Amazon","article_publisher":"https:\/\/www.facebook.com\/SellerLogic\/","article_modified_time":"2020-12-18T11:08:39+00:00","og_image":[{"url":"https:\/\/www.sellerlogic.com\/wp-content\/uploads\/2020\/12\/logo_rewu.png","type":"","width":"","height":""}],"twitter_card":"summary_large_image","twitter_site":"@sellerlogic","twitter_misc":{"Est. reading time":"4 minutes"},"schema":{"@context":"https:\/\/schema.org","@graph":[{"@type":"WebPage","@id":"https:\/\/www.sellerlogic.com\/fr\/ressources\/histoire-d-un-succes-rewu\/","url":"https:\/\/www.sellerlogic.com\/fr\/ressources\/histoire-d-un-succes-rewu\/","name":"T\u00e9l\u00e9charger le t\u00e9moignage de Rewu.eu | SELLERLOGIC","isPartOf":{"@id":"https:\/\/www.sellerlogic.com\/fr\/#website"},"primaryImageOfPage":{"@id":"https:\/\/www.sellerlogic.com\/fr\/ressources\/histoire-d-un-succes-rewu\/#primaryimage"},"image":{"@id":"https:\/\/www.sellerlogic.com\/fr\/ressources\/histoire-d-un-succes-rewu\/#primaryimage"},"thumbnailUrl":"https:\/\/www.sellerlogic.com\/wp-content\/uploads\/2020\/12\/logo_rewu.png","datePublished":"2020-12-17T16:54:56+00:00","dateModified":"2020-12-18T11:08:39+00:00","description":"Des Accessoires d'int\u00e9rieur nobles au juste prix : comment Rewu.eu remporte la Buy Box avec SELLERLOGIC. Lisez maintenant !","breadcrumb":{"@id":"https:\/\/www.sellerlogic.com\/fr\/ressources\/histoire-d-un-succes-rewu\/#breadcrumb"},"inLanguage":"fr-FR","potentialAction":[{"@type":"ReadAction","target":["https:\/\/www.sellerlogic.com\/fr\/ressources\/histoire-d-un-succes-rewu\/"]}]},{"@type":"ImageObject","inLanguage":"fr-FR","@id":"https:\/\/www.sellerlogic.com\/fr\/ressources\/histoire-d-un-succes-rewu\/#primaryimage","url":"https:\/\/www.sellerlogic.com\/wp-content\/uploads\/2020\/12\/logo_rewu.png","contentUrl":"https:\/\/www.sellerlogic.com\/wp-content\/uploads\/2020\/12\/logo_rewu.png"},{"@type":"BreadcrumbList","@id":"https:\/\/www.sellerlogic.com\/fr\/ressources\/histoire-d-un-succes-rewu\/#breadcrumb","itemListElement":[{"@type":"ListItem","position":1,"name":"Home","item":"https:\/\/www.sellerlogic.com\/fr\/"},{"@type":"ListItem","position":2,"name":"Ressourcen FR","item":"https:\/\/127.0.0.1\/de\/ressourcen\/"},{"@type":"ListItem","position":3,"name":"Success Story: ReWu FR"}]},{"@type":"WebSite","@id":"https:\/\/www.sellerlogic.com\/fr\/#website","url":"https:\/\/www.sellerlogic.com\/fr\/","name":"SELLERLOGIC - Smarte Tools f\u00fcr Amazon-Seller","description":"Intelligente Prozessoptimierung und Gewinnmaximierung","publisher":{"@id":"https:\/\/www.sellerlogic.com\/fr\/#organization"},"potentialAction":[{"@type":"SearchAction","target":{"@type":"EntryPoint","urlTemplate":"https:\/\/www.sellerlogic.com\/fr\/?s={search_term_string}"},"query-input":{"@type":"PropertyValueSpecification","valueRequired":true,"valueName":"search_term_string"}}],"inLanguage":"fr-FR"},{"@type":"Organization","@id":"https:\/\/www.sellerlogic.com\/fr\/#organization","name":"SELLERLOGIC","url":"https:\/\/www.sellerlogic.com\/fr\/","logo":{"@type":"ImageObject","inLanguage":"fr-FR","@id":"https:\/\/www.sellerlogic.com\/fr\/#\/schema\/logo\/image\/","url":"https:\/\/d2bw95mh2ee04s.cloudfront.net\/prod\/content\/wp-content\/uploads\/2025\/01\/02134814\/Property-Logo-Main.svg","contentUrl":"https:\/\/d2bw95mh2ee04s.cloudfront.net\/prod\/content\/wp-content\/uploads\/2025\/01\/02134814\/Property-Logo-Main.svg","width":184,"height":40,"caption":"SELLERLOGIC"},"image":{"@id":"https:\/\/www.sellerlogic.com\/fr\/#\/schema\/logo\/image\/"},"sameAs":["https:\/\/www.facebook.com\/SellerLogic\/","https:\/\/x.com\/sellerlogic","https:\/\/www.instagram.com\/sellerlogic\/","https:\/\/www.linkedin.com\/company\/18402037\/","https:\/\/www.youtube.com\/channel\/UC-gULUur-fNj08sprantKsQ"]}]}},"_links":{"self":[{"href":"https:\/\/www.sellerlogic.com\/fr\/wp-json\/wp\/v2\/pages\/5473","targetHints":{"allow":["GET"]}}],"collection":[{"href":"https:\/\/www.sellerlogic.com\/fr\/wp-json\/wp\/v2\/pages"}],"about":[{"href":"https:\/\/www.sellerlogic.com\/fr\/wp-json\/wp\/v2\/types\/page"}],"author":[{"embeddable":true,"href":"https:\/\/www.sellerlogic.com\/fr\/wp-json\/wp\/v2\/users\/3"}],"replies":[{"embeddable":true,"href":"https:\/\/www.sellerlogic.com\/fr\/wp-json\/wp\/v2\/comments?post=5473"}],"version-history":[{"count":0,"href":"https:\/\/www.sellerlogic.com\/fr\/wp-json\/wp\/v2\/pages\/5473\/revisions"}],"up":[{"embeddable":true,"href":"https:\/\/www.sellerlogic.com\/fr\/wp-json\/wp\/v2\/pages\/5390"}],"wp:attachment":[{"href":"https:\/\/www.sellerlogic.com\/fr\/wp-json\/wp\/v2\/media?parent=5473"}],"curies":[{"name":"wp","href":"https:\/\/api.w.org\/{rel}","templated":true}]}}