
{"id":5516,"date":"2020-12-18T08:33:58","date_gmt":"2020-12-18T08:33:58","guid":{"rendered":"https:\/\/www.sellerlogic.com\/?page_id=5516"},"modified":"2020-12-18T11:08:02","modified_gmt":"2020-12-18T11:08:02","slug":"histoire-d-un-succes-meinarkenmode","status":"publish","type":"page","link":"https:\/\/www.sellerlogic.com\/fr\/ressources\/histoire-d-un-succes-meinarkenmode\/","title":{"rendered":"Success Story: meinemarkenmode FR"},"content":{"rendered":"\n\t<div  class=\"theme-wp-block theme-block-main-header is-style-full-height desktop-align-full xl-align-full lg-align-full md-align-full sm-align-full desktop-content-align-y-center desktop-content-align-x-center xl-content-align-y-center xl-content-align-x-center lg-content-align-y-center lg-content-align-x-center md-content-align-y-center md-content-align-x-center sm-content-align-y-center sm-content-align-x-center gb-responsive-720212-identifier theme-block-cover\">\n\t\t<div class=\"bg-cover theme-lazy-load-bg\"><\/div>\n\t\t<div class=\"wrap-content-main-header\">\n\t\t\t\n\t\t<div  class=\"theme-wp-block theme-block-text-and-text desktop-align-wide xl-align-wide lg-align-wide md-align-wide sm-align-wide gb-responsive-366658-identifier desktop-blockDirection-column xl-blockDirection-column lg-blockDirection-column md-blockDirection-column sm-blockDirection-column\">\n\t\t<div class=\"tat-column-wrap-wrapper\">\n\t\t\t<div class=\"tat-column-wrapper\">\n\t\t\t\t\n\t<div  class=\"theme-wp-block theme-block-text-and-text-column gb-responsive-923660-identifier desktop-horizontal-center xl-horizontal-center lg-horizontal-center md-horizontal-center sm-horizontal-center\">\n\t\t<div class=\"inner-wrap-column-content\">\n\t\t\t<div class=\"inner-column-content\">\n\t\t\t\t\n\t\t<p  class=\"theme-wp-block theme-block-heading is-style-default desktop-text-center xl-text-center lg-text-center md-text-center sm-text-center gb-responsive-948994-identifier h2\">\n\t\tUne rentr\u00e9e d\u2019argent inesp\u00e9r\u00e9e\t<\/p>\n\n\n\n\t\t<h1  class=\"theme-wp-block theme-block-heading is-style-default desktop-text-center xl-text-center lg-text-center md-text-center sm-text-center gb-responsive-746584-identifier h1\">\n\t\tComment meinemarkenmode.de a re\u00e7u plusieurs centaines de milliers d\u2019euros de remboursements d\u2019Amazon\t<\/h1>\n\n\n\t\t\t<\/div>\n\t\t<\/div>\n\t<\/div>\n\n\n\t<div  class=\"theme-wp-block theme-block-text-and-text-column gb-responsive-441362-identifier\">\n\t\t<div class=\"inner-wrap-column-content\">\n\t\t\t<div class=\"inner-column-content\">\n\t\t\t\t\t\t\t<\/div>\n\t\t<\/div>\n\t<\/div>\n\n\t\t\t<\/div>\n\t\t<\/div>\n\t<\/div>\n\n\n\t\t<\/div>\n\t<\/div>\n\n\n\n\n<div style=\"height:50px\" aria-hidden=\"true\" class=\"theme-wp-block wp-block-spacer\"><\/div>\n\n\n\n<div class=\"theme-wp-block wp-block-columns is-layout-flex wp-container-core-columns-is-layout-9d6595d7 wp-block-columns-is-layout-flex\">\n<div class=\"theme-wp-block wp-block-column is-layout-flow wp-block-column-is-layout-flow\" style=\"flex-basis:25%\">\n<figure class=\"theme-wp-block wp-block-image size-large is-resized gb-responsive-62921-identifier\"><img decoding=\"async\" src=\"https:\/\/d2bw95mh2ee04s.cloudfront.net\/prod\/content\/wp-content\/uploads\/2020\/12\/23142728\/MMM-Logo_2-844x154.png\" alt=\"Success Story: meinemarkenmode FR\" class=\"wp-image-4742\" width=\"300\" height=\"55\" srcset=\"https:\/\/d2bw95mh2ee04s.cloudfront.net\/prod\/content\/wp-content\/uploads\/2020\/12\/23142728\/MMM-Logo_2-407x74.png 407w, https:\/\/d2bw95mh2ee04s.cloudfront.net\/prod\/content\/wp-content\/uploads\/2020\/12\/23142728\/MMM-Logo_2-768x141.png 768w, https:\/\/d2bw95mh2ee04s.cloudfront.net\/prod\/content\/wp-content\/uploads\/2020\/12\/23142728\/MMM-Logo_2-844x154.png 844w, https:\/\/d2bw95mh2ee04s.cloudfront.net\/prod\/content\/wp-content\/uploads\/2020\/12\/23142728\/MMM-Logo_2.png 1000w\" sizes=\"(max-width: 300px) 100vw, 300px\" \/><\/figure>\n\n\n\n<p class=\"theme-wp-block gb-responsive-260400-identifier\"><strong>Fondation :<\/strong><br>2009<\/p>\n\n\n\n<p class=\"theme-wp-block gb-responsive-451101-identifier\"><strong>Secteur :<\/strong><br>Mode<\/p>\n\n\n\n<p class=\"theme-wp-block gb-responsive-97225-identifier\"><strong>Articles sur Amazon :<\/strong><br>30.000<\/p>\n\n\n\n<p class=\"theme-wp-block gb-responsive-582327-identifier\"><strong>Exp\u00e9ditions :&nbsp;<\/strong><br>environ 150 000 par mois<\/p>\n<\/div>\n\n\n\n<div class=\"theme-wp-block wp-block-column is-layout-flow wp-block-column-is-layout-flow\" style=\"flex-basis:50%\">\n<h3 class=\"theme-wp-block gb-responsive-263884-identifier wp-block-heading\">Contexte :<\/h3>\n\n\n\n<p class=\"theme-wp-block gb-responsive-746684-identifier\">Alexander Charatzoglou \u00e9tait conscient que les nombreux mouvements de son stock pouvaient g\u00e9n\u00e9rer des erreurs et des pertes, mais il n\u2018avait jamais r\u00e9elle-ment eu le temps de se consacrer au probl\u00e8me &#8230; jusqu\u2018\u00e0 ce qu\u2019il participe \u00e0 un workshop d\u00e9cisif organis\u00e9 par Amazon.<\/p>\n\n\n\n<p class=\"theme-wp-block gb-responsive-513073-identifier\">L\u2018histoire de meinemarkenmode.de ressemble \u00e0 un r\u00eave am\u00e9ricain. Pour financer ses \u00e9tudes, l\u2018actuel directeur g\u00e9n\u00e9ral Eugen Allerborn s\u2019est lanc\u00e9 sur eBay en 2009. Suite \u00e0 la naissance de ses enfants, Eugen a d\u00fb se d\u00e9cider : se consacrer \u00e0 100% \u00e0 ses \u00e9tudes ou \u00e0 son entreprise. Il a os\u00e9 faire le pas vers la pleine ind\u00e9pendance : une d\u00e9cision qui, r\u00e9trospectivement, \u00e9tait la bonne. Aujourd\u2018hui, avec son partenaire commercial et ami Timo Bethlehem, il dirige avec succ\u00e8s une entreprise en ligne qui<br>compte 50 employ\u00e9s sur deux sites.<\/p>\n\n\n\n<h3 class=\"theme-wp-block gb-responsive-991504-identifier wp-block-heading\">Perspectives :<\/h3>\n\n\n\n<p class=\"theme-wp-block gb-responsive-568938-identifier\">\u00ab Il \u00e9tait clair pour nous que nous subissions quelques pertes dans les entrep\u00f4ts FBA. Avec plus de 30.000 articles r\u00e9partis dans 20 entrep\u00f4ts et les mouvements de stock qui en r\u00e9sultent, c\u2018est in\u00e9vitable \u00bb, explique Alexander Charatzoglou, responsable de la gestion des ventes de la soci\u00e9t\u00e9 de vente par correspondance de mode meinemarkenmode.de depuis 2012. \u00ab Mais comme c\u2018est souvent le cas, d\u2018autres t\u00e2ches \u00e9taient prioritaires. De plus, nous n\u2018avions pas la capacit\u00e9 de v\u00e9rifier les processus manuellement \u00bb.<\/p>\n\n\n\n<p class=\"theme-wp-block gb-responsive-180951-identifier\">Tout cela chang\u00e9 que lorsqu\u2018Alexander s\u2018est entretenu avec un coll\u00e8gue revendeur au cours d\u2019un workshop Amazon. Le sujet \u00e9tait \u00e9galement la perte des marchandises dans les entrep\u00f4ts FBA. \u00ab Mon coll\u00e8gue revendeur \u00e9tait l\u2018un des clients pilotes de SELLERLOGIC Lost &amp; Found. Quand il m\u2018a parl\u00e9 d\u2018un premier remboursement de la valeur d\u2018une petite voiture, j\u2018ai \u00e9t\u00e9 tellement impressionn\u00e9 que ma nouvelle priorit\u00e9 a \u00e9t\u00e9 de tester l\u2019outil d\u00e8s mon retour \u00bb, explique Alexander Charatzoglou.<\/p>\n\n\n\n<h3 class=\"theme-wp-block gb-responsive-710938-identifier wp-block-heading\">Solution :<\/h3>\n\n\n\n<p class=\"theme-wp-block gb-responsive-652708-identifier\">En raison de la bonne exp\u00e9rience de son coll\u00e8gue revendeur, meinemarkenmode.de n\u2019a jamais envisag\u00e9 d\u2019autre solution que Lost &amp; Found. \u00ab La mise en route sur SELLERLOGIC a \u00e9t\u00e9 extr\u00eamement ais\u00e9e et agr\u00e9able. L\u2018outil est intuitif et peut \u00eatre utilis\u00e9 par n\u2019importe qui apr\u00e8s une courte p\u00e9riode de formation.<\/p>\n\n\n\n<p class=\"theme-wp-block gb-responsive-883456-identifier\">Depuis le lancement, nous n\u2018avons eu besoin d\u2018aucun soutien. Pas m\u00eame lorsque nous avons confi\u00e9 la gestion des dossiers \u00e0 de nouveaux employ\u00e9s, ce qui est tout \u00e0 fait remarquable ! \u00bb, raconte M. Charatzoglou \u00e0 propos de ses d\u00e9buts sur SELLERLOGIC Lost &amp; Found. \u00ab L\u2018outil est incroyablement efficace. Derri\u00e8re son fonctionnement intuitif se cache un syst\u00e8me tr\u00e8s sophistiqu\u00e9 qui simplifie grandement le traitement des dossiers \u00bb, ajoute Alexander.<\/p>\n\n\n<div class=\"theme-block-group-wrap\">\n<div class=\"theme-wp-block wp-block-group gb-responsive-88118-identifier\"><div class=\"wp-block-group__inner-container\"><div class=\"wp-block-group__inner-container is-layout-flow wp-block-group-is-layout-flow\">\t\t<div  class=\"theme-wp-block theme-block-user-card gb-responsive-799176-identifier is-style-full-width-line\">\n\t\t<div class=\"wrap-inner-content\">\n\t\t\t<div class=\"card-user-head\">\n\t\t\t\t<div class=\"card-user-avatar\">\n\t\t\t\t\t<div class=\"cover-avatar\" style=\"background-image: url(https:\/\/d2bw95mh2ee04s.cloudfront.net\/prod\/content\/wp-content\/uploads\/2020\/12\/23142728\/alexander_charatzoglou_raute.png);\"><\/div>\n\t\t\t\t<\/div>\n\t\t\t\t<div class=\"wrap-title\">\n\t\t\t\t\t<div class=\"card-user-name\">\n\t\t\t\t\t\t<div class=\"title\">\n\t\t\t\t\t\t\t<h3 class=\"heading-text\"><strong>Alexander Charatzoglou<\/strong><\/h3>\n\t\t\t\t\t\t<\/div>\n\t\t\t\t\t\t<div class=\"card-user-position\">\n\t\t\t\t\t\t\t<div class=\"card-text\"><strong>Responsable de la gestion des ventes chez meinemarkenmode.de<\/strong><\/div>\n\t\t\t\t\t\t<\/div>\n\t\t\t\t\t<\/div>\n\t\t\t\t\t<div class=\"card-user-quote-icon\">\n\t\t\t\t\t<\/div>\n\t\t\t\t<\/div>\n\t\t\t<\/div>\n\t\t\t<div class=\"card-user-text\">\n\t\t\t\t<div class=\"card-text\"><p>Lost &amp; Found est une v\u00e9ritable \u00e9vidence. Et pas seulement au niveau \u00e9conomique. L&#8217;outil lui-m\u00eame, son faible co\u00fbt, la technologie qui le sous-tend, les services fournis et l&#8217;\u00e9quipe qui se cache derri\u00e8re &#8230; Tout contribue \u00e0 notre enti\u00e8re satisfaction.<\/p><\/div>\n\t\t\t<\/div>\n\t\t<\/div>\n\t<\/div>\n\n<\/div><\/div>\n<\/div><\/div>\n\n\n<h3 class=\"theme-wp-block gb-responsive-48805-identifier wp-block-heading\">Succ\u00e8s avec Lost &amp; Found :<\/h3>\n\n\n\n<p class=\"theme-wp-block gb-responsive-765801-identifier\">Depuis son lancement sur SELLERLOGIC Lost &amp; Found, meinemarkenmode.de a pu r\u00e9clamer des remboursements d\u2018un montant d\u2018environ 200.000 euros. \u00ab Ce n\u2018est d\u00e9j\u00e0 plus une petite voiture, mais une maison enti\u00e8re ! \u00bb, s\u2019exclame M. Charatzoglou en riant.<\/p>\n\n\n\n<p class=\"theme-wp-block gb-responsive-290351-identifier\">La perte r\u00e9elle de marchandises dans les entrep\u00f4ts FBA a donc nettement d\u00e9pass\u00e9 les pr\u00e9visions de l\u2018entreprise. En effet, meinemarkenmode.de b\u00e9n\u00e9ficie d\u2018un syst\u00e8me sophistiqu\u00e9 qui d\u00e9tecte des erreurs qui seraient probablement rest\u00e9es non identifi\u00e9es avec un processus manuel. Mais pour Alexander Charatzoglou, le contact humain avec SELLERLOGIC n\u2018en est pas moins important. Pour lui, SELLERLOGIC n\u2019est pas seulement un outil technique utile \u00e0 son entreprise, mais \u00e9galement une \u00e9quipe enti\u00e8re, dont il appr\u00e9cie le service.<\/p>\n\n\n\n<p class=\"theme-wp-block gb-responsive-226651-identifier\">En conclusion, il ne tarit pas d\u2019\u00e9loges : \u00ab SELLERLOGIC Lost &amp; Found est une v\u00e9ritable \u00e9vidence. Et pas seulement au niveau \u00e9conomique. L\u2018outil lui-m\u00eame, son faible co\u00fbt, la technologie qui le sous-tend, les services fournis et l\u2018\u00e9quipe qui se cache derri\u00e8re &#8230; Tout contribue \u00e0 notre enti\u00e8re satisfaction \u00bb.<a href=\"https:\/\/d2bw95mh2ee04s.cloudfront.net\/prod\/content\/files\/SUCCESS-STORIES\/FR\/SELLERLOGIC_SS_meinemarkenmode_FR_web.pdf\" target=\"_blank\" rel=\"noreferrer noopener nofollow\"><\/a><\/p>\n\n\n\n<div class=\"theme-wp-block wp-block-buttons gb-responsive-497426-identifier is-layout-flex wp-block-buttons-is-layout-flex\">\n<div class=\"theme-wp-block wp-block-button gb-responsive-38220-identifier is-style-theme-transparent-with-arrow\"><a class=\"wp-block-button__link\" href=\"https:\/\/d2bw95mh2ee04s.cloudfront.net\/prod\/content\/files\/SUCCESS-STORIES\/FR\/SELLERLOGIC_SS_meinemarkenmode_FR_web.pdf\" target=\"_blank\" rel=\"noreferrer noopener nofollow\">T\u00e9l\u00e9chargez maintenant ! <\/a><\/div>\n<\/div>\n<\/div>\n\n\n\n<div class=\"theme-wp-block wp-block-column is-layout-flow wp-block-column-is-layout-flow\" style=\"flex-basis:25%\"><\/div>\n<\/div>\n","protected":false},"excerpt":{"rendered":"<p>Fondation :2009 Secteur :Mode Articles sur Amazon :30.000 Exp\u00e9ditions :&nbsp;environ 150 000 par mois Contexte : Alexander Charatzoglou \u00e9tait conscient que les nombreux mouvements de son stock pouvaient g\u00e9n\u00e9rer des erreurs et des pertes, mais il n\u2018avait jamais r\u00e9elle-ment eu le temps de se consacrer au probl\u00e8me &#8230; jusqu\u2018\u00e0 ce qu\u2019il participe \u00e0 un workshop<\/p>\n","protected":false},"author":3,"featured_media":0,"parent":5390,"menu_order":0,"comment_status":"closed","ping_status":"closed","template":"","meta":{"sidebar_recommended_resources":{"data":[]},"sidebar_header_settings":{"hide_buttons":{"register":false}},"_use_new_theme":false,"inline_featured_image":false,"footnotes":""},"class_list":["post-5516","page","type-page","status-publish","hentry"],"yoast_head":"<!-- This site is optimized with the Yoast SEO plugin v26.8 - https:\/\/yoast.com\/product\/yoast-seo-wordpress\/ -->\n<title>Remboursement de 200 000 euros par Amazon | SELLERLOGIC<\/title>\n<meta name=\"description\" content=\"Comment meinarkenmode.de a re\u00e7u plusieurs centaines de milliers d&#039;euros de remboursement d&#039;Amazon par le biais de Lost &amp; Found.\" \/>\n<meta name=\"robots\" content=\"index, follow, max-snippet:-1, max-image-preview:large, max-video-preview:-1\" \/>\n<link rel=\"canonical\" href=\"https:\/\/www.sellerlogic.com\/fr\/ressources\/histoire-d-un-succes-meinarkenmode\/\" \/>\n<meta property=\"og:locale\" content=\"fr_FR\" \/>\n<meta property=\"og:type\" content=\"article\" \/>\n<meta property=\"og:title\" content=\"Remboursement de 200 000 euros par Amazon | SELLERLOGIC\" \/>\n<meta property=\"og:description\" content=\"Comment meinarkenmode.de a re\u00e7u plusieurs centaines de milliers d&#039;euros de remboursement d&#039;Amazon par le biais de Lost &amp; Found.\" \/>\n<meta property=\"og:url\" content=\"https:\/\/www.sellerlogic.com\/fr\/ressources\/histoire-d-un-succes-meinarkenmode\/\" \/>\n<meta property=\"og:site_name\" content=\"SELLERLOGIC - Outils intelligents pour les vendeurs Amazon\" \/>\n<meta property=\"article:publisher\" content=\"https:\/\/www.facebook.com\/SellerLogic\/\" \/>\n<meta property=\"article:modified_time\" content=\"2020-12-18T11:08:02+00:00\" \/>\n<meta property=\"og:image\" content=\"https:\/\/www.sellerlogic.com\/wp-content\/uploads\/2020\/12\/MMM-Logo_2-844x154.png\" \/>\n<meta name=\"twitter:card\" content=\"summary_large_image\" \/>\n<meta name=\"twitter:site\" content=\"@sellerlogic\" \/>\n<meta name=\"twitter:label1\" content=\"Est. reading time\" \/>\n\t<meta name=\"twitter:data1\" content=\"3 minutes\" \/>\n<script type=\"application\/ld+json\" class=\"yoast-schema-graph\">{\"@context\":\"https:\/\/schema.org\",\"@graph\":[{\"@type\":\"WebPage\",\"@id\":\"https:\/\/www.sellerlogic.com\/fr\/ressources\/histoire-d-un-succes-meinarkenmode\/\",\"url\":\"https:\/\/www.sellerlogic.com\/fr\/ressources\/histoire-d-un-succes-meinarkenmode\/\",\"name\":\"Remboursement de 200 000 euros par Amazon | SELLERLOGIC\",\"isPartOf\":{\"@id\":\"https:\/\/www.sellerlogic.com\/fr\/#website\"},\"primaryImageOfPage\":{\"@id\":\"https:\/\/www.sellerlogic.com\/fr\/ressources\/histoire-d-un-succes-meinarkenmode\/#primaryimage\"},\"image\":{\"@id\":\"https:\/\/www.sellerlogic.com\/fr\/ressources\/histoire-d-un-succes-meinarkenmode\/#primaryimage\"},\"thumbnailUrl\":\"https:\/\/www.sellerlogic.com\/wp-content\/uploads\/2020\/12\/MMM-Logo_2-844x154.png\",\"datePublished\":\"2020-12-18T08:33:58+00:00\",\"dateModified\":\"2020-12-18T11:08:02+00:00\",\"description\":\"Comment meinarkenmode.de a re\u00e7u plusieurs centaines de milliers d'euros de remboursement d'Amazon par le biais de Lost & Found.\",\"breadcrumb\":{\"@id\":\"https:\/\/www.sellerlogic.com\/fr\/ressources\/histoire-d-un-succes-meinarkenmode\/#breadcrumb\"},\"inLanguage\":\"fr-FR\",\"potentialAction\":[{\"@type\":\"ReadAction\",\"target\":[\"https:\/\/www.sellerlogic.com\/fr\/ressources\/histoire-d-un-succes-meinarkenmode\/\"]}]},{\"@type\":\"ImageObject\",\"inLanguage\":\"fr-FR\",\"@id\":\"https:\/\/www.sellerlogic.com\/fr\/ressources\/histoire-d-un-succes-meinarkenmode\/#primaryimage\",\"url\":\"https:\/\/www.sellerlogic.com\/wp-content\/uploads\/2020\/12\/MMM-Logo_2-844x154.png\",\"contentUrl\":\"https:\/\/www.sellerlogic.com\/wp-content\/uploads\/2020\/12\/MMM-Logo_2-844x154.png\"},{\"@type\":\"BreadcrumbList\",\"@id\":\"https:\/\/www.sellerlogic.com\/fr\/ressources\/histoire-d-un-succes-meinarkenmode\/#breadcrumb\",\"itemListElement\":[{\"@type\":\"ListItem\",\"position\":1,\"name\":\"Home\",\"item\":\"https:\/\/www.sellerlogic.com\/fr\/\"},{\"@type\":\"ListItem\",\"position\":2,\"name\":\"Ressourcen FR\",\"item\":\"https:\/\/127.0.0.1\/de\/ressourcen\/\"},{\"@type\":\"ListItem\",\"position\":3,\"name\":\"Success Story: meinemarkenmode FR\"}]},{\"@type\":\"WebSite\",\"@id\":\"https:\/\/www.sellerlogic.com\/fr\/#website\",\"url\":\"https:\/\/www.sellerlogic.com\/fr\/\",\"name\":\"SELLERLOGIC - Smarte Tools f\u00fcr Amazon-Seller\",\"description\":\"Intelligente Prozessoptimierung und Gewinnmaximierung\",\"publisher\":{\"@id\":\"https:\/\/www.sellerlogic.com\/fr\/#organization\"},\"potentialAction\":[{\"@type\":\"SearchAction\",\"target\":{\"@type\":\"EntryPoint\",\"urlTemplate\":\"https:\/\/www.sellerlogic.com\/fr\/?s={search_term_string}\"},\"query-input\":{\"@type\":\"PropertyValueSpecification\",\"valueRequired\":true,\"valueName\":\"search_term_string\"}}],\"inLanguage\":\"fr-FR\"},{\"@type\":\"Organization\",\"@id\":\"https:\/\/www.sellerlogic.com\/fr\/#organization\",\"name\":\"SELLERLOGIC\",\"url\":\"https:\/\/www.sellerlogic.com\/fr\/\",\"logo\":{\"@type\":\"ImageObject\",\"inLanguage\":\"fr-FR\",\"@id\":\"https:\/\/www.sellerlogic.com\/fr\/#\/schema\/logo\/image\/\",\"url\":\"https:\/\/d2bw95mh2ee04s.cloudfront.net\/prod\/content\/wp-content\/uploads\/2025\/01\/02134814\/Property-Logo-Main.svg\",\"contentUrl\":\"https:\/\/d2bw95mh2ee04s.cloudfront.net\/prod\/content\/wp-content\/uploads\/2025\/01\/02134814\/Property-Logo-Main.svg\",\"width\":184,\"height\":40,\"caption\":\"SELLERLOGIC\"},\"image\":{\"@id\":\"https:\/\/www.sellerlogic.com\/fr\/#\/schema\/logo\/image\/\"},\"sameAs\":[\"https:\/\/www.facebook.com\/SellerLogic\/\",\"https:\/\/x.com\/sellerlogic\",\"https:\/\/www.instagram.com\/sellerlogic\/\",\"https:\/\/www.linkedin.com\/company\/18402037\/\",\"https:\/\/www.youtube.com\/channel\/UC-gULUur-fNj08sprantKsQ\"]}]}<\/script>\n<!-- \/ Yoast SEO plugin. -->","yoast_head_json":{"title":"Remboursement de 200 000 euros par Amazon | SELLERLOGIC","description":"Comment meinarkenmode.de a re\u00e7u plusieurs centaines de milliers d'euros de remboursement d'Amazon par le biais de Lost & Found.","robots":{"index":"index","follow":"follow","max-snippet":"max-snippet:-1","max-image-preview":"max-image-preview:large","max-video-preview":"max-video-preview:-1"},"canonical":"https:\/\/www.sellerlogic.com\/fr\/ressources\/histoire-d-un-succes-meinarkenmode\/","og_locale":"fr_FR","og_type":"article","og_title":"Remboursement de 200 000 euros par Amazon | SELLERLOGIC","og_description":"Comment meinarkenmode.de a re\u00e7u plusieurs centaines de milliers d'euros de remboursement d'Amazon par le biais de Lost & Found.","og_url":"https:\/\/www.sellerlogic.com\/fr\/ressources\/histoire-d-un-succes-meinarkenmode\/","og_site_name":"SELLERLOGIC - Outils intelligents pour les vendeurs Amazon","article_publisher":"https:\/\/www.facebook.com\/SellerLogic\/","article_modified_time":"2020-12-18T11:08:02+00:00","og_image":[{"url":"https:\/\/www.sellerlogic.com\/wp-content\/uploads\/2020\/12\/MMM-Logo_2-844x154.png","type":"","width":"","height":""}],"twitter_card":"summary_large_image","twitter_site":"@sellerlogic","twitter_misc":{"Est. reading time":"3 minutes"},"schema":{"@context":"https:\/\/schema.org","@graph":[{"@type":"WebPage","@id":"https:\/\/www.sellerlogic.com\/fr\/ressources\/histoire-d-un-succes-meinarkenmode\/","url":"https:\/\/www.sellerlogic.com\/fr\/ressources\/histoire-d-un-succes-meinarkenmode\/","name":"Remboursement de 200 000 euros par Amazon | SELLERLOGIC","isPartOf":{"@id":"https:\/\/www.sellerlogic.com\/fr\/#website"},"primaryImageOfPage":{"@id":"https:\/\/www.sellerlogic.com\/fr\/ressources\/histoire-d-un-succes-meinarkenmode\/#primaryimage"},"image":{"@id":"https:\/\/www.sellerlogic.com\/fr\/ressources\/histoire-d-un-succes-meinarkenmode\/#primaryimage"},"thumbnailUrl":"https:\/\/www.sellerlogic.com\/wp-content\/uploads\/2020\/12\/MMM-Logo_2-844x154.png","datePublished":"2020-12-18T08:33:58+00:00","dateModified":"2020-12-18T11:08:02+00:00","description":"Comment meinarkenmode.de a re\u00e7u plusieurs centaines de milliers d'euros de remboursement d'Amazon par le biais de Lost & Found.","breadcrumb":{"@id":"https:\/\/www.sellerlogic.com\/fr\/ressources\/histoire-d-un-succes-meinarkenmode\/#breadcrumb"},"inLanguage":"fr-FR","potentialAction":[{"@type":"ReadAction","target":["https:\/\/www.sellerlogic.com\/fr\/ressources\/histoire-d-un-succes-meinarkenmode\/"]}]},{"@type":"ImageObject","inLanguage":"fr-FR","@id":"https:\/\/www.sellerlogic.com\/fr\/ressources\/histoire-d-un-succes-meinarkenmode\/#primaryimage","url":"https:\/\/www.sellerlogic.com\/wp-content\/uploads\/2020\/12\/MMM-Logo_2-844x154.png","contentUrl":"https:\/\/www.sellerlogic.com\/wp-content\/uploads\/2020\/12\/MMM-Logo_2-844x154.png"},{"@type":"BreadcrumbList","@id":"https:\/\/www.sellerlogic.com\/fr\/ressources\/histoire-d-un-succes-meinarkenmode\/#breadcrumb","itemListElement":[{"@type":"ListItem","position":1,"name":"Home","item":"https:\/\/www.sellerlogic.com\/fr\/"},{"@type":"ListItem","position":2,"name":"Ressourcen FR","item":"https:\/\/127.0.0.1\/de\/ressourcen\/"},{"@type":"ListItem","position":3,"name":"Success Story: meinemarkenmode FR"}]},{"@type":"WebSite","@id":"https:\/\/www.sellerlogic.com\/fr\/#website","url":"https:\/\/www.sellerlogic.com\/fr\/","name":"SELLERLOGIC - Smarte Tools f\u00fcr Amazon-Seller","description":"Intelligente Prozessoptimierung und Gewinnmaximierung","publisher":{"@id":"https:\/\/www.sellerlogic.com\/fr\/#organization"},"potentialAction":[{"@type":"SearchAction","target":{"@type":"EntryPoint","urlTemplate":"https:\/\/www.sellerlogic.com\/fr\/?s={search_term_string}"},"query-input":{"@type":"PropertyValueSpecification","valueRequired":true,"valueName":"search_term_string"}}],"inLanguage":"fr-FR"},{"@type":"Organization","@id":"https:\/\/www.sellerlogic.com\/fr\/#organization","name":"SELLERLOGIC","url":"https:\/\/www.sellerlogic.com\/fr\/","logo":{"@type":"ImageObject","inLanguage":"fr-FR","@id":"https:\/\/www.sellerlogic.com\/fr\/#\/schema\/logo\/image\/","url":"https:\/\/d2bw95mh2ee04s.cloudfront.net\/prod\/content\/wp-content\/uploads\/2025\/01\/02134814\/Property-Logo-Main.svg","contentUrl":"https:\/\/d2bw95mh2ee04s.cloudfront.net\/prod\/content\/wp-content\/uploads\/2025\/01\/02134814\/Property-Logo-Main.svg","width":184,"height":40,"caption":"SELLERLOGIC"},"image":{"@id":"https:\/\/www.sellerlogic.com\/fr\/#\/schema\/logo\/image\/"},"sameAs":["https:\/\/www.facebook.com\/SellerLogic\/","https:\/\/x.com\/sellerlogic","https:\/\/www.instagram.com\/sellerlogic\/","https:\/\/www.linkedin.com\/company\/18402037\/","https:\/\/www.youtube.com\/channel\/UC-gULUur-fNj08sprantKsQ"]}]}},"_links":{"self":[{"href":"https:\/\/www.sellerlogic.com\/fr\/wp-json\/wp\/v2\/pages\/5516","targetHints":{"allow":["GET"]}}],"collection":[{"href":"https:\/\/www.sellerlogic.com\/fr\/wp-json\/wp\/v2\/pages"}],"about":[{"href":"https:\/\/www.sellerlogic.com\/fr\/wp-json\/wp\/v2\/types\/page"}],"author":[{"embeddable":true,"href":"https:\/\/www.sellerlogic.com\/fr\/wp-json\/wp\/v2\/users\/3"}],"replies":[{"embeddable":true,"href":"https:\/\/www.sellerlogic.com\/fr\/wp-json\/wp\/v2\/comments?post=5516"}],"version-history":[{"count":0,"href":"https:\/\/www.sellerlogic.com\/fr\/wp-json\/wp\/v2\/pages\/5516\/revisions"}],"up":[{"embeddable":true,"href":"https:\/\/www.sellerlogic.com\/fr\/wp-json\/wp\/v2\/pages\/5390"}],"wp:attachment":[{"href":"https:\/\/www.sellerlogic.com\/fr\/wp-json\/wp\/v2\/media?parent=5516"}],"curies":[{"name":"wp","href":"https:\/\/api.w.org\/{rel}","templated":true}]}}