
{"id":5555,"date":"2020-12-18T10:58:04","date_gmt":"2020-12-18T10:58:04","guid":{"rendered":"https:\/\/www.sellerlogic.com\/?page_id=5555"},"modified":"2020-12-18T15:49:22","modified_gmt":"2020-12-18T15:49:22","slug":"histoire-d-un-succes-samtige-haut","status":"publish","type":"page","link":"https:\/\/www.sellerlogic.com\/fr\/ressources\/histoire-d-un-succes-samtige-haut\/","title":{"rendered":"Success Story: Samtige Haut FR"},"content":{"rendered":"\n\t<div  class=\"theme-wp-block theme-block-main-header is-style-full-height desktop-align-full xl-align-full lg-align-full md-align-full sm-align-full desktop-content-align-y-center desktop-content-align-x-center xl-content-align-y-center xl-content-align-x-center lg-content-align-y-center lg-content-align-x-center md-content-align-y-center md-content-align-x-center sm-content-align-y-center sm-content-align-x-center gb-responsive-911782-identifier theme-block-cover\">\n\t\t<div class=\"bg-cover theme-lazy-load-bg\"><\/div>\n\t\t<div class=\"wrap-content-main-header\">\n\t\t\t\n\t\t<div  class=\"theme-wp-block theme-block-text-and-text desktop-blockDirection-row xl-blockDirection-row lg-blockDirection-row md-blockDirection-row sm-blockDirection-row gb-responsive-289238-identifier desktop-align-full xl-align-full lg-align-full md-align-full sm-align-full alignfull\">\n\t\t<div class=\"tat-column-wrap-wrapper\">\n\t\t\t<div class=\"tat-column-wrapper\">\n\t\t\t\t\n\t<div  class=\"theme-wp-block theme-block-text-and-text-column gb-responsive-421034-identifier desktop-horizontal-center xl-horizontal-center lg-horizontal-center md-horizontal-center sm-horizontal-center\">\n\t\t<div class=\"inner-wrap-column-content\">\n\t\t\t<div class=\"inner-column-content\">\n\t\t\t\t\n\t\t<h1  class=\"theme-wp-block theme-block-heading is-style-default sm-text-center md-text-center desktop-text-center xl-text-center lg-text-center gb-responsive-292481-identifier desktop-align-full xl-align-full lg-align-full md-align-full sm-align-full alignfull h1 has-text-align\">\n\t\tRembours\u00e9s en un clic\t<\/h1>\n\n\n\n\t\t<h2  class=\"theme-wp-block theme-block-heading is-style-default sm-text-center md-text-center desktop-text-center xl-text-center lg-text-center gb-responsive-831018-identifier desktop-align-full xl-align-full lg-align-full md-align-full sm-align-full alignfull h1 has-text-align\">\n\t\t&#8220;Samtige Haut&#8221; obtient des remboursements d\u2019Amazon gr\u00e2ce \u00e0 Lost &amp; Found\t<\/h2>\n\n\n\t\t\t<\/div>\n\t\t<\/div>\n\t<\/div>\n\n\n\t<div  class=\"theme-wp-block theme-block-text-and-text-column gb-responsive-929552-identifier\">\n\t\t<div class=\"inner-wrap-column-content\">\n\t\t\t<div class=\"inner-column-content\">\n\t\t\t\t\t\t\t<\/div>\n\t\t<\/div>\n\t<\/div>\n\n\t\t\t<\/div>\n\t\t<\/div>\n\t<\/div>\n\n\n\t\t<\/div>\n\t<\/div>\n\n\n\n\n<div style=\"height:50px\" aria-hidden=\"true\" class=\"theme-wp-block wp-block-spacer\"><\/div>\n\n\n\n<div class=\"theme-wp-block wp-block-columns is-layout-flex wp-container-core-columns-is-layout-9d6595d7 wp-block-columns-is-layout-flex\">\n<div class=\"theme-wp-block wp-block-column is-layout-flow wp-block-column-is-layout-flow\" style=\"flex-basis:25%\">\n<figure class=\"theme-wp-block wp-block-image size-large is-resized gb-responsive-62921-identifier\"><img decoding=\"async\" src=\"https:\/\/d2bw95mh2ee04s.cloudfront.net\/prod\/content\/wp-content\/uploads\/2020\/12\/23142732\/samtige-haut-logo.png\" alt=\"Success Story: Samtige Haut FR\" class=\"wp-image-4561\" width=\"300\" height=\"84\" srcset=\"https:\/\/d2bw95mh2ee04s.cloudfront.net\/prod\/content\/wp-content\/uploads\/2020\/12\/23142732\/samtige-haut-logo-407x113.png 407w, https:\/\/d2bw95mh2ee04s.cloudfront.net\/prod\/content\/wp-content\/uploads\/2020\/12\/23142732\/samtige-haut-logo.png 600w\" sizes=\"(max-width: 300px) 100vw, 300px\" \/><\/figure>\n\n\n\n<p class=\"theme-wp-block gb-responsive-312552-identifier\"><strong><strong>Fondation<\/strong>:<\/strong><br>Novembre 2016<\/p>\n\n\n\n<p class=\"theme-wp-block gb-responsive-353708-identifier\"><strong><strong>Secteur<\/strong>:<\/strong><br>Cosm\u00e9tiques, compl\u00e9ments alimentaires, produits biologiques<\/p>\n\n\n\n<p class=\"theme-wp-block gb-responsive-164518-identifier\"><strong><strong>Articles sur Amazon:&nbsp;<\/strong><\/strong><br>1.000<\/p>\n\n\n\n<p class=\"theme-wp-block gb-responsive-888870-identifier\"><strong><strong>Exp\u00e9ditions<\/strong>:&nbsp;<\/strong><br>environ 8.000 par mois<\/p>\n<\/div>\n\n\n\n<div class=\"theme-wp-block wp-block-column is-layout-flow wp-block-column-is-layout-flow\" style=\"flex-basis:50%\">\n<h3 class=\"theme-wp-block gb-responsive-182281-identifier wp-block-heading\">Contexte :<\/h3>\n\n\n\n<p class=\"theme-wp-block gb-responsive-178891-identifier\">En 2018, Amazon a r\u00e9alis\u00e9 un chiffre d\u2019affaires de 232,9 milliards de dollars US. En Allemagne, environ 45% des vendeurs Amazon exp\u00e9dient leurs marchandises via le service \u00ab Exp\u00e9di\u00e9 par Amazon \u00bb \u00ab Fullfilled by Amazon &nbsp;ou FBA \u00bb. C\u2019est le cas de Sandra Schriewer et de sa boutique Amazon \u00ab Samtige Haut \u00bb &nbsp;\u00ab Peau de velours \u00bb. Malgr\u00e9 tous les avantages du programme FBA, il n\u2019est plus possible pour les vendeurs Amazon de suivre le flux de donn\u00e9es des transactions FBA d\u00e8s que leurs ventes augmentent. Pour cette raison, ils renoncent souvent \u00e0 toute forme d\u2019analyse.<\/p>\n\n\n\n<h3 class=\"theme-wp-block is-style-default gb-responsive-204909-identifier wp-block-heading\">Contexte et d\u00e9fi :<\/h3>\n\n\n\n<p class=\"theme-wp-block gb-responsive-275439-identifier\">A l\u2019origine, Sandra Schriewer est issue de l\u2018industrie cosm\u00e9tique. En parall\u00e8le \u00e0 son activit\u00e9 de vente en ligne \u00e0 Berlin, elle poursuit des \u00e9tudes de marketing en ligne et de commerce \u00e9lectronique.<\/p>\n\n\n\n<p class=\"theme-wp-block gb-responsive-515951-identifier\">Elle souhaite mettre en pratique les connaissances qu\u2019elle a acquises durant cette p\u00e9riode et les combiner avec sa passion pour les cosm\u00e9tiques et la nutrition. C\u2019est ainsi qu\u2019elle cr\u00e9e sa boutique \u00ab Samtige Haute \u00bb \u00ab Peau de velours \u00bb sur Amazon. Avec plus de 1.000 articles au catalogue et 8.000 exp\u00e9ditions par mois via le programme FBA, il lui devient pratiquement impossible de suivre l\u2019immense flux de donn\u00e9es g\u00e9n\u00e9r\u00e9 par Amazon. Elle s\u2019aper\u00e7oit rapidement qu\u2019elle a besoin d\u2019un outil pour l\u2019aider \u00e0 contr\u00f4ler les processus du programme FBA.<\/p>\n\n\n\n<p class=\"theme-wp-block gb-responsive-270596-identifier\">\u00ab En tant que vendeur en ligne, vous faites confiance au programme FBA d\u2019Amazon car il facilite consid\u00e9rablement la logistique de l\u2019entreprise. Cependant, il est clair que m\u00eame des g\u00e9ants mondiaux comme Amazon font des erreurs. A mon niveau de vendeur, un contr\u00f4le manuel des erreurs est hors de question, car l\u2019analyse des donn\u00e9es et des probl\u00e9matiques est tr\u00e8s complexe et requiert \u00e9norm\u00e9ment de temps. Cela ne serait pas du tout rentable. \u00bb indique Sandra Schriewer. \u00ab La solution Lost &amp; Found de SELLERLOGIC, m\u2019a \u00e9t\u00e9 recommand\u00e9e par mon mari, qui travaillait d\u00e9j\u00e0 avec le Repricer de l\u2019entreprise et qui \u00e9tait tr\u00e8s satisfait du produit. Il existe de nombreuses solutions sur le march\u00e9 sans lesquelles une entreprise comme la mienne peut difficilement r\u00e9ussir sur la marketplace d\u2019Amazon. Mais je pense que Lost &amp; Found est r\u00e9ellement unique et indispensable pour les<br>vendeurs FBA \u00bb .<\/p>\n\n\n\n<h3 class=\"theme-wp-block gb-responsive-115756-identifier wp-block-heading\">La Solution :<\/h3>\n\n\n\n<p class=\"theme-wp-block gb-responsive-907939-identifier\">\u00ab L\u2019outil est tr\u00e8s simple \u00e0 utiliser et se laisse tr\u00e8s rapidement param\u00e9trer. Les instructions \u00e9tape par \u00e9tape et les pages d\u2019aide disponibles sont tr\u00e8s utiles et vous n\u2019avez pas besoin de l\u2019aide de SELLERLOGIC pour d\u00e9marrer. Lost &amp; Found identifie chaque jour de nouveaux cas de r\u00e9clamations et fournit directement des blocs de texte pr\u00e9d\u00e9finis qu\u2019il suffit d\u2019envoyer \u00e0 Amazon \u00e0 partir de votre compte Seller Central. Il ne me reste plus qu\u2019\u00e0 faire des copier-coller pour obtenir un remboursement d\u2019Amazon. Comme la plupart des r\u00e9clamations sont accept\u00e9es imm\u00e9diatement sans question suppl\u00e9mentaire, c\u2019est un travail tr\u00e8s agr\u00e9able. \u00bb, explique Sandra Schriewer.<\/p>\n\n\n<div class=\"theme-block-group-wrap\">\n<div class=\"theme-wp-block wp-block-group gb-responsive-88118-identifier\"><div class=\"wp-block-group__inner-container\"><div class=\"wp-block-group__inner-container is-layout-flow wp-block-group-is-layout-flow\">\t\t<div  class=\"theme-wp-block theme-block-user-card gb-responsive-799176-identifier is-style-full-width-line\">\n\t\t<div class=\"wrap-inner-content\">\n\t\t\t<div class=\"card-user-head\">\n\t\t\t\t<div class=\"card-user-avatar\">\n\t\t\t\t\t<div class=\"cover-avatar\" style=\"background-image: url(https:\/\/d2bw95mh2ee04s.cloudfront.net\/prod\/content\/wp-content\/uploads\/2020\/12\/23142733\/sandra-schriewer-raute.png);\"><\/div>\n\t\t\t\t<\/div>\n\t\t\t\t<div class=\"wrap-title\">\n\t\t\t\t\t<div class=\"card-user-name\">\n\t\t\t\t\t\t<div class=\"title\">\n\t\t\t\t\t\t\t<h3 class=\"heading-text\"><strong>Sandra Schriewer<\/strong><\/h3>\n\t\t\t\t\t\t<\/div>\n\t\t\t\t\t\t<div class=\"card-user-position\">\n\t\t\t\t\t\t\t<div class=\"card-text\"><strong>Directrice g\u00e9n\u00e9rale de \u201eSamtige Haut\u201c<\/strong><\/div>\n\t\t\t\t\t\t<\/div>\n\t\t\t\t\t<\/div>\n\t\t\t\t\t<div class=\"card-user-quote-icon\">\n\t\t\t\t\t<\/div>\n\t\t\t\t<\/div>\n\t\t\t<\/div>\n\t\t\t<div class=\"card-user-text\">\n\t\t\t\t<div class=\"card-text\"><p>\u00ab\u00a0Il existe de nombreuses solutions sur le march\u00e9 sans lesquelles une entreprise comme la mienne peut difficilement r\u00e9ussir sur la marketplace d\u2019Amazon. Mais je pense que Lost &amp; Found est r\u00e9ellement unique et indispensable pour les vendeurs FBA! \u00bb<\/p><\/div>\n\t\t\t<\/div>\n\t\t<\/div>\n\t<\/div>\n\n<\/div><\/div>\n<\/div><\/div>\n\n\n<h3 class=\"theme-wp-block gb-responsive-595368-identifier wp-block-heading\">Les R\u00e9sultats de Lost &amp; Found :<\/h3>\n\n\n\n<p class=\"theme-wp-block gb-responsive-837379-identifier\">\u00ab Lost &amp; Found analyse r\u00e9troactivement toutes les transactions des 18 derniers mois. De ce fait, imm\u00e9diatement apr\u00e8s l\u2019int\u00e9gration de l\u2019outil, j\u2019ai r\u00e9cup\u00e9r\u00e9 1.300 EUR de remboursements que je n\u2019aurais jamais identifi\u00e9s sans SELLERLOGIC. Avant l\u2019int\u00e9gration de Lost &amp; Found, je n\u2019\u00e9tais pas consciente du nombre de colis qui \u00e9taient tomb\u00e9s entre le mailles du filet. Il m\u2019est impossible de v\u00e9rifier manuellement la quantit\u00e9 de donn\u00e9es et Amazon ne fournit g\u00e9n\u00e9ralement aucun retour sur les marchandises \u00ab disparues \u00bb. Avec Lost &amp; Found, vous r\u00e9cup\u00e9rez votre argent et gagnez \u00e9norm\u00e9ment de temps, principalement gr\u00e2ce \u00e0 la recherche automatique et aux textes pr\u00eats \u00e0 copier-coller sur Seller Central \u00bb, explique Sandra Schriewer.<\/p>\n\n\n\n<p class=\"theme-wp-block gb-responsive-787441-identifier\">\u00ab Je ne peux que recommander aux autres vendeurs d\u2019int\u00e9grer la solution dans leur propre syst\u00e8me. Ils n\u2019ont rien \u00e0 perdre ! Les co\u00fbts pour SELLERLOGIC Lost &amp; Found sont tr\u00e8s justes, \u00e0 mon avis, car ils sont calcul\u00e9s proportionnellement au remboursement r\u00e9el d\u2019Amazon. Si rien n\u2019est trouv\u00e9, aucun frais ni commission n\u2019est factur\u00e9. Chaque jour sans Lost &amp; Found co\u00fbte de l\u2019argent aux vendeurs. Vous ne disposez que de 18 mois, voire moins, pour faire valoir vos r\u00e9clamations. \u00bb, pr\u00e9cise Sandra Schriewer.<a href=\"https:\/\/d2bw95mh2ee04s.cloudfront.net\/prod\/content\/files\/SUCCESS-STORIES\/FR\/SELLERLOGIC_Success-Story_Samtige-Haut-FR.pdf\" target=\"_blank\" rel=\"noreferrer noopener nofollow\"><\/a><\/p>\n\n\n\n<div class=\"theme-wp-block wp-block-buttons gb-responsive-497426-identifier is-layout-flex wp-block-buttons-is-layout-flex\">\n<div class=\"theme-wp-block wp-block-button gb-responsive-38220-identifier is-style-theme-transparent-with-arrow\"><a class=\"wp-block-button__link\" href=\"https:\/\/d2bw95mh2ee04s.cloudfront.net\/prod\/content\/files\/SUCCESS-STORIES\/FR\/SELLERLOGIC_Success-Story_Samtige-Haut-FR.pdf\" target=\"_blank\" rel=\"noreferrer noopener nofollow\">T\u00e9l\u00e9charger maintenant <\/a><\/div>\n<\/div>\n<\/div>\n\n\n\n<div class=\"theme-wp-block wp-block-column is-layout-flow wp-block-column-is-layout-flow\" style=\"flex-basis:25%\"><\/div>\n<\/div>\n\n\n\n<p class=\"theme-wp-block gb-responsive-527070-identifier\"><\/p>\n","protected":false},"excerpt":{"rendered":"<p>Fondation:Novembre 2016 Secteur:Cosm\u00e9tiques, compl\u00e9ments alimentaires, produits biologiques Articles sur Amazon:&nbsp;1.000 Exp\u00e9ditions:&nbsp;environ 8.000 par mois Contexte : En 2018, Amazon a r\u00e9alis\u00e9 un chiffre d\u2019affaires de 232,9 milliards de dollars US. En Allemagne, environ 45% des vendeurs Amazon exp\u00e9dient leurs marchandises via le service \u00ab Exp\u00e9di\u00e9 par Amazon \u00bb \u00ab Fullfilled by Amazon &nbsp;ou FBA \u00bb.<\/p>\n","protected":false},"author":8,"featured_media":0,"parent":5390,"menu_order":0,"comment_status":"closed","ping_status":"closed","template":"","meta":{"sidebar_recommended_resources":{"data":[]},"sidebar_header_settings":{"hide_buttons":{"register":false}},"_use_new_theme":false,"inline_featured_image":false,"footnotes":""},"class_list":["post-5555","page","type-page","status-publish","hentry"],"yoast_head":"<!-- This site is optimized with the Yoast SEO plugin v26.8 - https:\/\/yoast.com\/product\/yoast-seo-wordpress\/ -->\n<title>SELLERLOGIC Success Story - Rembours\u00e9s en un clic<\/title>\n<meta name=\"description\" content=\"SELLERLOGIC - Rembours\u00e9s en un clic : \u201cSamtige Haut\u201d obtient des remboursements d\u2019Amazon gr\u00e2ce \u00e0 Lost &amp; Found.\" \/>\n<meta name=\"robots\" content=\"index, follow, max-snippet:-1, max-image-preview:large, max-video-preview:-1\" \/>\n<link rel=\"canonical\" href=\"https:\/\/www.sellerlogic.com\/fr\/ressources\/histoire-d-un-succes-samtige-haut\/\" \/>\n<meta property=\"og:locale\" content=\"fr_FR\" \/>\n<meta property=\"og:type\" content=\"article\" \/>\n<meta property=\"og:title\" content=\"SELLERLOGIC Success Story - Rembours\u00e9s en un clic\" \/>\n<meta property=\"og:description\" content=\"SELLERLOGIC - Rembours\u00e9s en un clic : \u201cSamtige Haut\u201d obtient des remboursements d\u2019Amazon gr\u00e2ce \u00e0 Lost &amp; Found.\" \/>\n<meta property=\"og:url\" content=\"https:\/\/www.sellerlogic.com\/fr\/ressources\/histoire-d-un-succes-samtige-haut\/\" \/>\n<meta property=\"og:site_name\" content=\"SELLERLOGIC - Outils intelligents pour les vendeurs Amazon\" \/>\n<meta property=\"article:publisher\" content=\"https:\/\/www.facebook.com\/SellerLogic\/\" \/>\n<meta property=\"article:modified_time\" content=\"2020-12-18T15:49:22+00:00\" \/>\n<meta property=\"og:image\" content=\"https:\/\/www.sellerlogic.com\/wp-content\/uploads\/2020\/12\/samtige-haut-logo.png\" \/>\n<meta name=\"twitter:card\" content=\"summary_large_image\" \/>\n<meta name=\"twitter:site\" content=\"@sellerlogic\" \/>\n<meta name=\"twitter:label1\" content=\"Est. reading time\" \/>\n\t<meta name=\"twitter:data1\" content=\"4 minutes\" \/>\n<script type=\"application\/ld+json\" class=\"yoast-schema-graph\">{\"@context\":\"https:\/\/schema.org\",\"@graph\":[{\"@type\":\"WebPage\",\"@id\":\"https:\/\/www.sellerlogic.com\/fr\/ressources\/histoire-d-un-succes-samtige-haut\/\",\"url\":\"https:\/\/www.sellerlogic.com\/fr\/ressources\/histoire-d-un-succes-samtige-haut\/\",\"name\":\"SELLERLOGIC Success Story - Rembours\u00e9s en un clic\",\"isPartOf\":{\"@id\":\"https:\/\/www.sellerlogic.com\/fr\/#website\"},\"primaryImageOfPage\":{\"@id\":\"https:\/\/www.sellerlogic.com\/fr\/ressources\/histoire-d-un-succes-samtige-haut\/#primaryimage\"},\"image\":{\"@id\":\"https:\/\/www.sellerlogic.com\/fr\/ressources\/histoire-d-un-succes-samtige-haut\/#primaryimage\"},\"thumbnailUrl\":\"https:\/\/www.sellerlogic.com\/wp-content\/uploads\/2020\/12\/samtige-haut-logo.png\",\"datePublished\":\"2020-12-18T10:58:04+00:00\",\"dateModified\":\"2020-12-18T15:49:22+00:00\",\"description\":\"SELLERLOGIC - Rembours\u00e9s en un clic : \u201cSamtige Haut\u201d obtient des remboursements d\u2019Amazon gr\u00e2ce \u00e0 Lost & Found.\",\"breadcrumb\":{\"@id\":\"https:\/\/www.sellerlogic.com\/fr\/ressources\/histoire-d-un-succes-samtige-haut\/#breadcrumb\"},\"inLanguage\":\"fr-FR\",\"potentialAction\":[{\"@type\":\"ReadAction\",\"target\":[\"https:\/\/www.sellerlogic.com\/fr\/ressources\/histoire-d-un-succes-samtige-haut\/\"]}]},{\"@type\":\"ImageObject\",\"inLanguage\":\"fr-FR\",\"@id\":\"https:\/\/www.sellerlogic.com\/fr\/ressources\/histoire-d-un-succes-samtige-haut\/#primaryimage\",\"url\":\"https:\/\/www.sellerlogic.com\/wp-content\/uploads\/2020\/12\/samtige-haut-logo.png\",\"contentUrl\":\"https:\/\/www.sellerlogic.com\/wp-content\/uploads\/2020\/12\/samtige-haut-logo.png\"},{\"@type\":\"BreadcrumbList\",\"@id\":\"https:\/\/www.sellerlogic.com\/fr\/ressources\/histoire-d-un-succes-samtige-haut\/#breadcrumb\",\"itemListElement\":[{\"@type\":\"ListItem\",\"position\":1,\"name\":\"Home\",\"item\":\"https:\/\/www.sellerlogic.com\/fr\/\"},{\"@type\":\"ListItem\",\"position\":2,\"name\":\"Ressourcen FR\",\"item\":\"https:\/\/127.0.0.1\/de\/ressourcen\/\"},{\"@type\":\"ListItem\",\"position\":3,\"name\":\"Success Story: Samtige Haut FR\"}]},{\"@type\":\"WebSite\",\"@id\":\"https:\/\/www.sellerlogic.com\/fr\/#website\",\"url\":\"https:\/\/www.sellerlogic.com\/fr\/\",\"name\":\"SELLERLOGIC - Smarte Tools f\u00fcr Amazon-Seller\",\"description\":\"Intelligente Prozessoptimierung und Gewinnmaximierung\",\"publisher\":{\"@id\":\"https:\/\/www.sellerlogic.com\/fr\/#organization\"},\"potentialAction\":[{\"@type\":\"SearchAction\",\"target\":{\"@type\":\"EntryPoint\",\"urlTemplate\":\"https:\/\/www.sellerlogic.com\/fr\/?s={search_term_string}\"},\"query-input\":{\"@type\":\"PropertyValueSpecification\",\"valueRequired\":true,\"valueName\":\"search_term_string\"}}],\"inLanguage\":\"fr-FR\"},{\"@type\":\"Organization\",\"@id\":\"https:\/\/www.sellerlogic.com\/fr\/#organization\",\"name\":\"SELLERLOGIC\",\"url\":\"https:\/\/www.sellerlogic.com\/fr\/\",\"logo\":{\"@type\":\"ImageObject\",\"inLanguage\":\"fr-FR\",\"@id\":\"https:\/\/www.sellerlogic.com\/fr\/#\/schema\/logo\/image\/\",\"url\":\"https:\/\/d2bw95mh2ee04s.cloudfront.net\/prod\/content\/wp-content\/uploads\/2025\/01\/02134814\/Property-Logo-Main.svg\",\"contentUrl\":\"https:\/\/d2bw95mh2ee04s.cloudfront.net\/prod\/content\/wp-content\/uploads\/2025\/01\/02134814\/Property-Logo-Main.svg\",\"width\":184,\"height\":40,\"caption\":\"SELLERLOGIC\"},\"image\":{\"@id\":\"https:\/\/www.sellerlogic.com\/fr\/#\/schema\/logo\/image\/\"},\"sameAs\":[\"https:\/\/www.facebook.com\/SellerLogic\/\",\"https:\/\/x.com\/sellerlogic\",\"https:\/\/www.instagram.com\/sellerlogic\/\",\"https:\/\/www.linkedin.com\/company\/18402037\/\",\"https:\/\/www.youtube.com\/channel\/UC-gULUur-fNj08sprantKsQ\"]}]}<\/script>\n<!-- \/ Yoast SEO plugin. -->","yoast_head_json":{"title":"SELLERLOGIC Success Story - Rembours\u00e9s en un clic","description":"SELLERLOGIC - Rembours\u00e9s en un clic : \u201cSamtige Haut\u201d obtient des remboursements d\u2019Amazon gr\u00e2ce \u00e0 Lost & Found.","robots":{"index":"index","follow":"follow","max-snippet":"max-snippet:-1","max-image-preview":"max-image-preview:large","max-video-preview":"max-video-preview:-1"},"canonical":"https:\/\/www.sellerlogic.com\/fr\/ressources\/histoire-d-un-succes-samtige-haut\/","og_locale":"fr_FR","og_type":"article","og_title":"SELLERLOGIC Success Story - Rembours\u00e9s en un clic","og_description":"SELLERLOGIC - Rembours\u00e9s en un clic : \u201cSamtige Haut\u201d obtient des remboursements d\u2019Amazon gr\u00e2ce \u00e0 Lost & Found.","og_url":"https:\/\/www.sellerlogic.com\/fr\/ressources\/histoire-d-un-succes-samtige-haut\/","og_site_name":"SELLERLOGIC - Outils intelligents pour les vendeurs Amazon","article_publisher":"https:\/\/www.facebook.com\/SellerLogic\/","article_modified_time":"2020-12-18T15:49:22+00:00","og_image":[{"url":"https:\/\/www.sellerlogic.com\/wp-content\/uploads\/2020\/12\/samtige-haut-logo.png","type":"","width":"","height":""}],"twitter_card":"summary_large_image","twitter_site":"@sellerlogic","twitter_misc":{"Est. reading time":"4 minutes"},"schema":{"@context":"https:\/\/schema.org","@graph":[{"@type":"WebPage","@id":"https:\/\/www.sellerlogic.com\/fr\/ressources\/histoire-d-un-succes-samtige-haut\/","url":"https:\/\/www.sellerlogic.com\/fr\/ressources\/histoire-d-un-succes-samtige-haut\/","name":"SELLERLOGIC Success Story - Rembours\u00e9s en un clic","isPartOf":{"@id":"https:\/\/www.sellerlogic.com\/fr\/#website"},"primaryImageOfPage":{"@id":"https:\/\/www.sellerlogic.com\/fr\/ressources\/histoire-d-un-succes-samtige-haut\/#primaryimage"},"image":{"@id":"https:\/\/www.sellerlogic.com\/fr\/ressources\/histoire-d-un-succes-samtige-haut\/#primaryimage"},"thumbnailUrl":"https:\/\/www.sellerlogic.com\/wp-content\/uploads\/2020\/12\/samtige-haut-logo.png","datePublished":"2020-12-18T10:58:04+00:00","dateModified":"2020-12-18T15:49:22+00:00","description":"SELLERLOGIC - Rembours\u00e9s en un clic : \u201cSamtige Haut\u201d obtient des remboursements d\u2019Amazon gr\u00e2ce \u00e0 Lost & Found.","breadcrumb":{"@id":"https:\/\/www.sellerlogic.com\/fr\/ressources\/histoire-d-un-succes-samtige-haut\/#breadcrumb"},"inLanguage":"fr-FR","potentialAction":[{"@type":"ReadAction","target":["https:\/\/www.sellerlogic.com\/fr\/ressources\/histoire-d-un-succes-samtige-haut\/"]}]},{"@type":"ImageObject","inLanguage":"fr-FR","@id":"https:\/\/www.sellerlogic.com\/fr\/ressources\/histoire-d-un-succes-samtige-haut\/#primaryimage","url":"https:\/\/www.sellerlogic.com\/wp-content\/uploads\/2020\/12\/samtige-haut-logo.png","contentUrl":"https:\/\/www.sellerlogic.com\/wp-content\/uploads\/2020\/12\/samtige-haut-logo.png"},{"@type":"BreadcrumbList","@id":"https:\/\/www.sellerlogic.com\/fr\/ressources\/histoire-d-un-succes-samtige-haut\/#breadcrumb","itemListElement":[{"@type":"ListItem","position":1,"name":"Home","item":"https:\/\/www.sellerlogic.com\/fr\/"},{"@type":"ListItem","position":2,"name":"Ressourcen FR","item":"https:\/\/127.0.0.1\/de\/ressourcen\/"},{"@type":"ListItem","position":3,"name":"Success Story: Samtige Haut FR"}]},{"@type":"WebSite","@id":"https:\/\/www.sellerlogic.com\/fr\/#website","url":"https:\/\/www.sellerlogic.com\/fr\/","name":"SELLERLOGIC - Smarte Tools f\u00fcr Amazon-Seller","description":"Intelligente Prozessoptimierung und Gewinnmaximierung","publisher":{"@id":"https:\/\/www.sellerlogic.com\/fr\/#organization"},"potentialAction":[{"@type":"SearchAction","target":{"@type":"EntryPoint","urlTemplate":"https:\/\/www.sellerlogic.com\/fr\/?s={search_term_string}"},"query-input":{"@type":"PropertyValueSpecification","valueRequired":true,"valueName":"search_term_string"}}],"inLanguage":"fr-FR"},{"@type":"Organization","@id":"https:\/\/www.sellerlogic.com\/fr\/#organization","name":"SELLERLOGIC","url":"https:\/\/www.sellerlogic.com\/fr\/","logo":{"@type":"ImageObject","inLanguage":"fr-FR","@id":"https:\/\/www.sellerlogic.com\/fr\/#\/schema\/logo\/image\/","url":"https:\/\/d2bw95mh2ee04s.cloudfront.net\/prod\/content\/wp-content\/uploads\/2025\/01\/02134814\/Property-Logo-Main.svg","contentUrl":"https:\/\/d2bw95mh2ee04s.cloudfront.net\/prod\/content\/wp-content\/uploads\/2025\/01\/02134814\/Property-Logo-Main.svg","width":184,"height":40,"caption":"SELLERLOGIC"},"image":{"@id":"https:\/\/www.sellerlogic.com\/fr\/#\/schema\/logo\/image\/"},"sameAs":["https:\/\/www.facebook.com\/SellerLogic\/","https:\/\/x.com\/sellerlogic","https:\/\/www.instagram.com\/sellerlogic\/","https:\/\/www.linkedin.com\/company\/18402037\/","https:\/\/www.youtube.com\/channel\/UC-gULUur-fNj08sprantKsQ"]}]}},"_links":{"self":[{"href":"https:\/\/www.sellerlogic.com\/fr\/wp-json\/wp\/v2\/pages\/5555","targetHints":{"allow":["GET"]}}],"collection":[{"href":"https:\/\/www.sellerlogic.com\/fr\/wp-json\/wp\/v2\/pages"}],"about":[{"href":"https:\/\/www.sellerlogic.com\/fr\/wp-json\/wp\/v2\/types\/page"}],"author":[{"embeddable":true,"href":"https:\/\/www.sellerlogic.com\/fr\/wp-json\/wp\/v2\/users\/8"}],"replies":[{"embeddable":true,"href":"https:\/\/www.sellerlogic.com\/fr\/wp-json\/wp\/v2\/comments?post=5555"}],"version-history":[{"count":0,"href":"https:\/\/www.sellerlogic.com\/fr\/wp-json\/wp\/v2\/pages\/5555\/revisions"}],"up":[{"embeddable":true,"href":"https:\/\/www.sellerlogic.com\/fr\/wp-json\/wp\/v2\/pages\/5390"}],"wp:attachment":[{"href":"https:\/\/www.sellerlogic.com\/fr\/wp-json\/wp\/v2\/media?parent=5555"}],"curies":[{"name":"wp","href":"https:\/\/api.w.org\/{rel}","templated":true}]}}