
{"id":5577,"date":"2020-12-18T11:41:14","date_gmt":"2020-12-18T11:41:14","guid":{"rendered":"https:\/\/www.sellerlogic.com\/?page_id=5577"},"modified":"2020-12-21T21:54:34","modified_gmt":"2020-12-21T21:54:34","slug":"histoire-dune-reussite-outlet-sofa-direct","status":"publish","type":"page","link":"https:\/\/www.sellerlogic.com\/fr\/ressources\/histoire-dune-reussite-outlet-sofa-direct\/","title":{"rendered":"Success Story: Outlet Sofa Direct FR"},"content":{"rendered":"\n\t<div  class=\"theme-wp-block theme-block-main-header is-style-full-height desktop-align-full xl-align-full lg-align-full md-align-full sm-align-full desktop-content-align-y-center desktop-content-align-x-center xl-content-align-y-center xl-content-align-x-center lg-content-align-y-center lg-content-align-x-center md-content-align-y-center md-content-align-x-center sm-content-align-y-center sm-content-align-x-center gb-responsive-52704-identifier theme-block-cover\">\n\t\t<div class=\"bg-cover theme-lazy-load-bg\"><\/div>\n\t\t<div class=\"wrap-content-main-header\">\n\t\t\t\n\t\t<div  class=\"theme-wp-block theme-block-text-and-text desktop-blockDirection-row xl-blockDirection-row lg-blockDirection-row md-blockDirection-row sm-blockDirection-row gb-responsive-903753-identifier desktop-align-full xl-align-full lg-align-full md-align-full sm-align-full alignfull\">\n\t\t<div class=\"tat-column-wrap-wrapper\">\n\t\t\t<div class=\"tat-column-wrapper\">\n\t\t\t\t\n\t<div  class=\"theme-wp-block theme-block-text-and-text-column gb-responsive-974454-identifier desktop-horizontal-center xl-horizontal-center lg-horizontal-center md-horizontal-center sm-horizontal-center\">\n\t\t<div class=\"inner-wrap-column-content\">\n\t\t\t<div class=\"inner-column-content\">\n\t\t\t\t\n\t\t<h1  class=\"theme-wp-block theme-block-heading is-style-default desktop-text-center xl-text-center lg-text-center md-text-center sm-text-center gb-responsive-560595-identifier desktop-align-wide xl-align-wide lg-align-wide md-align-wide sm-align-wide alignwide h1 has-text-align\">\n\t\tUn appel qui vaut 20.000 \u20ac\t<\/h1>\n\n\n\n\t\t<h2  class=\"theme-wp-block theme-block-heading gb-responsive-579877-identifier desktop-text-center xl-text-center lg-text-center md-text-center sm-text-center h1\">\n\t\tComment Outlet-Sofa Direct a \u00e9conomis\u00e9 du temps, des efforts et des milliers d\u2019euros gr\u00e2ce \u00e0 un appel inattendu.\t<\/h2>\n\n\n\t\t\t<\/div>\n\t\t<\/div>\n\t<\/div>\n\n\n\t<div  class=\"theme-wp-block theme-block-text-and-text-column gb-responsive-681128-identifier\">\n\t\t<div class=\"inner-wrap-column-content\">\n\t\t\t<div class=\"inner-column-content\">\n\t\t\t\t\t\t\t<\/div>\n\t\t<\/div>\n\t<\/div>\n\n\t\t\t<\/div>\n\t\t<\/div>\n\t<\/div>\n\n\n\t\t<\/div>\n\t<\/div>\n\n\n\n\n<div style=\"height:50px\" aria-hidden=\"true\" class=\"theme-wp-block wp-block-spacer\"><\/div>\n\n\n\n<div class=\"theme-wp-block wp-block-columns gb-responsive-55568-identifier is-layout-flex wp-container-core-columns-is-layout-9d6595d7 wp-block-columns-is-layout-flex\">\n<div class=\"theme-wp-block wp-block-column gb-responsive-963999-identifier is-layout-flow wp-block-column-is-layout-flow\" style=\"flex-basis:25%\">\n<figure class=\"theme-wp-block wp-block-image size-large is-resized gb-responsive-62921-identifier\"><img decoding=\"async\" src=\"https:\/\/d2bw95mh2ee04s.cloudfront.net\/prod\/content\/wp-content\/uploads\/2020\/12\/23142714\/outletsofadirect-logo.png\" alt=\"Success Story: Outlet Sofa Direct FR\" class=\"wp-image-5164\" width=\"250\" height=\"89\"\/><\/figure>\n\n\n\n<p class=\"theme-wp-block gb-responsive-312552-identifier\"><strong><strong>Foundation<\/strong><\/strong> <strong>:<\/strong><br>2005<\/p>\n\n\n\n<p class=\"theme-wp-block gb-responsive-353708-identifier\"><strong><strong>Secteur<\/strong><\/strong> <strong>:<\/strong><br>Meubles, salon et literie<\/p>\n\n\n\n<p class=\"theme-wp-block gb-responsive-741269-identifier\"><strong><strong>Articles sur Amazon :<\/strong><\/strong><br>env. 2.000 SKU<\/p>\n\n\n\n<p class=\"theme-wp-block gb-responsive-218030-identifier\"><strong><strong><strong>Exp\u00e9ditions<\/strong><\/strong><\/strong> <strong>:&nbsp;<\/strong><br>env. 8.000 par mois<\/p>\n<\/div>\n\n\n\n<div class=\"theme-wp-block wp-block-column gb-responsive-902849-identifier is-layout-flow wp-block-column-is-layout-flow\" style=\"flex-basis:50%\">\n<h3 class=\"theme-wp-block gb-responsive-34353-identifier wp-block-heading\" id=\"block-c06fce04-ef87-4ffc-a3d6-b768ba377d17\">Contexte :<\/h3>\n\n\n\n<p class=\"theme-wp-block gb-responsive-710769-identifier\">Outlet-Sofa Direct est une association de diff\u00e9rents fabricants de meubles et de literie qui souhaitaient vendre leur gamme de produits directement de l&#8217;usine ou de l&#8217;entrep\u00f4t aux clients finaux sans interm\u00e9diaire &#8211; dans le but d&#8217;offrir la meilleure qualit\u00e9 au meilleur prix. Lorsque l&#8217;industrie du meuble a \u00e9t\u00e9 confront\u00e9e \u00e0 la transformation num\u00e9rique en 2005, l&#8217;entreprise n&#8217;a pas h\u00e9sit\u00e9 une seconde \u00e0 se lancer dans le commerce en ligne.<\/p>\n\n\n\n<h3 class=\"theme-wp-block gb-responsive-182281-identifier wp-block-heading\">Situation initiale :<\/h3>\n\n\n\n<p class=\"theme-wp-block gb-responsive-548283-identifier\">En 2015, Outlet-Sofa Direct a alors d\u00e9cid\u00e9 de commencer \u00e0 vendre sur la Marketplace d&#8217;Amazon en raison de la r\u00e9putation imbattable du g\u00e9ant en ligne dans ce domaine : &#8220;De nos jours, il n&#8217;est plus possible de g\u00e9n\u00e9rer un nombre important de ventes sans passer par Amazon&#8221;, explique Francesco, Marketplace Manager de l&#8217;entreprise.<\/p>\n\n\n\n<p class=\"theme-wp-block gb-responsive-940523-identifier\">\u00ab Nous vendons actuellement sur plusieurs sites, dont eBay et Cdiscount, mais c&#8217;est r\u00e9ellement la vente sur Amazon et particuli\u00e8rement l&#8217;utilisation d&#8217;Exp\u00e9di\u00e9 par Amazon (FBA) qui nous a permis d&#8217;augmenter nos ventes \u00bb, d\u00e9clare Francesco. \u00ab Mais tout a ses avantages et ses inconv\u00e9nients et dans le cas du FBA, le fait que nous ayons perdu le contr\u00f4le de nos retours m&#8217;a montr\u00e9 que quelque chose n&#8217;allait pas. Certaines des donn\u00e9es fournies par Amazon ne correspondaient pas \u00e0 nos chiffres. Dans la plupart des cas, j&#8217;ai simplement cru qu&#8217;Amazon nous informerait correctement de toute erreur &#8211; mais ce ne fut malheureusement pas le cas \u00bb, explique Francesco.<\/p>\n\n\n\n<h3 class=\"theme-wp-block gb-responsive-115756-identifier wp-block-heading\">Solution :<\/h3>\n\n\n\n<p class=\"theme-wp-block gb-responsive-49178-identifier\">\u00ab Bien que je soup\u00e7onnais qu&#8217;il devait y avoir des erreurs dans les transactions FBA, nous avons toujours mis cette question de c\u00f4t\u00e9 en raison du temps et du travail que cela n\u00e9cessiterait pour notre \u00e9quipe. Cependant, tout cela a chang\u00e9 avec l&#8217;appel inattendu de Monica, membre de l&#8217;\u00e9quipe de SELLERLOGIC. Avec sa gentillesse, son professionnalisme et ses explications d\u00e9taill\u00e9es, elle m&#8217;a convaincu d\u00e8s le d\u00e9but \u00bb.<\/p>\n\n\n<div class=\"theme-block-group-wrap\">\n<div class=\"theme-wp-block wp-block-group gb-responsive-88118-identifier\"><div class=\"wp-block-group__inner-container\"><div class=\"wp-block-group__inner-container is-layout-flow wp-block-group-is-layout-flow\">\t\t<div  class=\"theme-wp-block theme-block-user-card gb-responsive-799176-identifier is-style-full-width-line\">\n\t\t<div class=\"wrap-inner-content\">\n\t\t\t<div class=\"card-user-head\">\n\t\t\t\t<div class=\"card-user-avatar\">\n\t\t\t\t\t<div class=\"cover-avatar\" style=\"background-image: url(https:\/\/d2bw95mh2ee04s.cloudfront.net\/prod\/content\/wp-content\/uploads\/2020\/12\/23142714\/francesco_azzi-_raute.png);\"><\/div>\n\t\t\t\t<\/div>\n\t\t\t\t<div class=\"wrap-title\">\n\t\t\t\t\t<div class=\"card-user-name\">\n\t\t\t\t\t\t<div class=\"title\">\n\t\t\t\t\t\t\t<h3 class=\"heading-text\"><strong>Francesco Azzi<\/strong><\/h3>\n\t\t\t\t\t\t<\/div>\n\t\t\t\t\t\t<div class=\"card-user-position\">\n\t\t\t\t\t\t\t<div class=\"card-text\"><strong>Marketplace Manager<\/strong><\/div>\n\t\t\t\t\t\t<\/div>\n\t\t\t\t\t<\/div>\n\t\t\t\t\t<div class=\"card-user-quote-icon\">\n\t\t\t\t\t<\/div>\n\t\t\t\t<\/div>\n\t\t\t<\/div>\n\t\t\t<div class=\"card-user-text\">\n\t\t\t\t<div class=\"card-text\"><p>Le produit est parfaitement flexible : nous ne payons que si nous obtenons r\u00e9ellement un remboursement, nous sommes donc toujours gagnants.<\/p><\/div>\n\t\t\t<\/div>\n\t\t<\/div>\n\t<\/div>\n\n<\/div><\/div>\n<\/div><\/div>\n\n\n<h3 class=\"theme-wp-block gb-responsive-595368-identifier wp-block-heading\">Le succes de SELLERLOGIC :<\/h3>\n\n\n\n<p class=\"theme-wp-block gb-responsive-514579-identifier\">\u00ab \u00c9tant donn\u00e9 la situation dans laquelle nous \u00e9tions avec nos marchandises dans les entrep\u00f4ts de la FBA, je soup\u00e7onnais d\u00e9j\u00e0 que le taux d&#8217;erreur serait \u00e9lev\u00e9. N\u00e9anmoins, je ne me serais jamais attendu \u00e0 ce montant ! En l&#8217;espace de 3 mois, l&#8217;utilisation de Lost &amp; Found a prouv\u00e9 le contraire : Nous avons d\u00e9j\u00e0 re\u00e7u 20.000 EUR de remboursements ! Nous sommes totalement convaincus &#8211; l&#8217;outil fonctionne \u00bb, d\u00e9clare Francesco.<\/p>\n\n\n\n<p class=\"theme-wp-block gb-responsive-750322-identifier\">\u00ab Monica nous a accompagn\u00e9s depuis le d\u00e9but. M\u00eame lors de l&#8217;inscription, elle nous a expliqu\u00e9 toutes les \u00e9tapes \u00e0 suivre apr\u00e8s la mise en place de l&#8217;outil. Je tiens \u00e9galement \u00e0 souligner que l&#8217;\u00e9quipe de SELLERLOGIC est toujours disponible. M\u00eame lorsqu&#8217;ils sont inform\u00e9s de probl\u00e8mes \u00e0 la derni\u00e8re minute, le service client\u00e8le nous assiste de mani\u00e8re fiable. Gr\u00e2ce \u00e0 l&#8217;\u00e9quipe de SELLERLOGIC et \u00e0 la facilit\u00e9 d&#8217;utilisation de l&#8217;outil, nous obtenons tr\u00e8s rapidement des rapports d&#8217;erreurs FBA, ce qui nous permet non seulement de gagner beaucoup de temps, mais aussi de r\u00e9cup\u00e9rer l&#8217;argent auquel nous avions droit \u00bb.<\/p>\n\n\n\n<div class=\"theme-wp-block wp-block-buttons gb-responsive-497426-identifier is-layout-flex wp-block-buttons-is-layout-flex\">\n<div class=\"theme-wp-block wp-block-button gb-responsive-38220-identifier is-style-theme-transparent-with-arrow\"><a class=\"wp-block-button__link\" href=\"https:\/\/d2bw95mh2ee04s.cloudfront.net\/prod\/content\/files\/SUCCESS-STORIES\/FR\/SELLERLOGIC_Success-Story_Outlet-Sofa-Direct_FR.pdf\" target=\"_blank\" rel=\"noreferrer noopener nofollow\">T\u00e9l\u00e9chargez maintenant! <\/a><\/div>\n<\/div>\n<\/div>\n\n\n\n<div class=\"theme-wp-block wp-block-column gb-responsive-735323-identifier is-layout-flow wp-block-column-is-layout-flow\" style=\"flex-basis:25%\"><\/div>\n<\/div>\n","protected":false},"excerpt":{"rendered":"<p>Foundation :2005 Secteur :Meubles, salon et literie Articles sur Amazon :env. 2.000 SKU Exp\u00e9ditions :&nbsp;env. 8.000 par mois Contexte : Outlet-Sofa Direct est une association de diff\u00e9rents fabricants de meubles et de literie qui souhaitaient vendre leur gamme de produits directement de l&#8217;usine ou de l&#8217;entrep\u00f4t aux clients finaux sans interm\u00e9diaire &#8211; dans le but<\/p>\n","protected":false},"author":8,"featured_media":0,"parent":5390,"menu_order":0,"comment_status":"closed","ping_status":"closed","template":"","meta":{"sidebar_recommended_resources":{"data":[]},"sidebar_header_settings":{"hide_buttons":{"register":false}},"_use_new_theme":false,"inline_featured_image":false,"footnotes":""},"class_list":["post-5577","page","type-page","status-publish","hentry"],"yoast_head":"<!-- This site is optimized with the Yoast SEO plugin v26.8 - https:\/\/yoast.com\/product\/yoast-seo-wordpress\/ -->\n<title>SELLERLOGIC \u2013 Histoire d&#039;une reussite Outlet Sofa Direct<\/title>\n<meta name=\"description\" content=\"SELLERLOGIC \u2013 Histoire d&#039;une reussite Outlet Sofa Direct \u2013 Un appel qui vaut 20.000 \u20ac. T\u00e9l\u00e9chargez maintenant!\" \/>\n<meta name=\"robots\" content=\"index, follow, max-snippet:-1, max-image-preview:large, max-video-preview:-1\" \/>\n<link rel=\"canonical\" href=\"https:\/\/www.sellerlogic.com\/fr\/ressources\/histoire-dune-reussite-outlet-sofa-direct\/\" \/>\n<meta property=\"og:locale\" content=\"fr_FR\" \/>\n<meta property=\"og:type\" content=\"article\" \/>\n<meta property=\"og:title\" content=\"SELLERLOGIC \u2013 Histoire d&#039;une reussite Outlet Sofa Direct\" \/>\n<meta property=\"og:description\" content=\"SELLERLOGIC \u2013 Histoire d&#039;une reussite Outlet Sofa Direct \u2013 Un appel qui vaut 20.000 \u20ac. T\u00e9l\u00e9chargez maintenant!\" \/>\n<meta property=\"og:url\" content=\"https:\/\/www.sellerlogic.com\/fr\/ressources\/histoire-dune-reussite-outlet-sofa-direct\/\" \/>\n<meta property=\"og:site_name\" content=\"SELLERLOGIC - Outils intelligents pour les vendeurs Amazon\" \/>\n<meta property=\"article:publisher\" content=\"https:\/\/www.facebook.com\/SellerLogic\/\" \/>\n<meta property=\"article:modified_time\" content=\"2020-12-21T21:54:34+00:00\" \/>\n<meta property=\"og:image\" content=\"https:\/\/www.sellerlogic.com\/wp-content\/uploads\/2020\/12\/outletsofadirect-logo.png\" \/>\n<meta name=\"twitter:card\" content=\"summary_large_image\" \/>\n<meta name=\"twitter:site\" content=\"@sellerlogic\" \/>\n<meta name=\"twitter:label1\" content=\"Est. reading time\" \/>\n\t<meta name=\"twitter:data1\" content=\"3 minutes\" \/>\n<script type=\"application\/ld+json\" class=\"yoast-schema-graph\">{\"@context\":\"https:\/\/schema.org\",\"@graph\":[{\"@type\":\"WebPage\",\"@id\":\"https:\/\/www.sellerlogic.com\/fr\/ressources\/histoire-dune-reussite-outlet-sofa-direct\/\",\"url\":\"https:\/\/www.sellerlogic.com\/fr\/ressources\/histoire-dune-reussite-outlet-sofa-direct\/\",\"name\":\"SELLERLOGIC \u2013 Histoire d'une reussite Outlet Sofa Direct\",\"isPartOf\":{\"@id\":\"https:\/\/www.sellerlogic.com\/fr\/#website\"},\"primaryImageOfPage\":{\"@id\":\"https:\/\/www.sellerlogic.com\/fr\/ressources\/histoire-dune-reussite-outlet-sofa-direct\/#primaryimage\"},\"image\":{\"@id\":\"https:\/\/www.sellerlogic.com\/fr\/ressources\/histoire-dune-reussite-outlet-sofa-direct\/#primaryimage\"},\"thumbnailUrl\":\"https:\/\/www.sellerlogic.com\/wp-content\/uploads\/2020\/12\/outletsofadirect-logo.png\",\"datePublished\":\"2020-12-18T11:41:14+00:00\",\"dateModified\":\"2020-12-21T21:54:34+00:00\",\"description\":\"SELLERLOGIC \u2013 Histoire d'une reussite Outlet Sofa Direct \u2013 Un appel qui vaut 20.000 \u20ac. T\u00e9l\u00e9chargez maintenant!\",\"breadcrumb\":{\"@id\":\"https:\/\/www.sellerlogic.com\/fr\/ressources\/histoire-dune-reussite-outlet-sofa-direct\/#breadcrumb\"},\"inLanguage\":\"fr-FR\",\"potentialAction\":[{\"@type\":\"ReadAction\",\"target\":[\"https:\/\/www.sellerlogic.com\/fr\/ressources\/histoire-dune-reussite-outlet-sofa-direct\/\"]}]},{\"@type\":\"ImageObject\",\"inLanguage\":\"fr-FR\",\"@id\":\"https:\/\/www.sellerlogic.com\/fr\/ressources\/histoire-dune-reussite-outlet-sofa-direct\/#primaryimage\",\"url\":\"https:\/\/www.sellerlogic.com\/wp-content\/uploads\/2020\/12\/outletsofadirect-logo.png\",\"contentUrl\":\"https:\/\/www.sellerlogic.com\/wp-content\/uploads\/2020\/12\/outletsofadirect-logo.png\"},{\"@type\":\"BreadcrumbList\",\"@id\":\"https:\/\/www.sellerlogic.com\/fr\/ressources\/histoire-dune-reussite-outlet-sofa-direct\/#breadcrumb\",\"itemListElement\":[{\"@type\":\"ListItem\",\"position\":1,\"name\":\"Home\",\"item\":\"https:\/\/www.sellerlogic.com\/fr\/\"},{\"@type\":\"ListItem\",\"position\":2,\"name\":\"Ressourcen FR\",\"item\":\"https:\/\/127.0.0.1\/de\/ressourcen\/\"},{\"@type\":\"ListItem\",\"position\":3,\"name\":\"Success Story: Outlet Sofa Direct FR\"}]},{\"@type\":\"WebSite\",\"@id\":\"https:\/\/www.sellerlogic.com\/fr\/#website\",\"url\":\"https:\/\/www.sellerlogic.com\/fr\/\",\"name\":\"SELLERLOGIC - Smarte Tools f\u00fcr Amazon-Seller\",\"description\":\"Intelligente Prozessoptimierung und Gewinnmaximierung\",\"publisher\":{\"@id\":\"https:\/\/www.sellerlogic.com\/fr\/#organization\"},\"potentialAction\":[{\"@type\":\"SearchAction\",\"target\":{\"@type\":\"EntryPoint\",\"urlTemplate\":\"https:\/\/www.sellerlogic.com\/fr\/?s={search_term_string}\"},\"query-input\":{\"@type\":\"PropertyValueSpecification\",\"valueRequired\":true,\"valueName\":\"search_term_string\"}}],\"inLanguage\":\"fr-FR\"},{\"@type\":\"Organization\",\"@id\":\"https:\/\/www.sellerlogic.com\/fr\/#organization\",\"name\":\"SELLERLOGIC\",\"url\":\"https:\/\/www.sellerlogic.com\/fr\/\",\"logo\":{\"@type\":\"ImageObject\",\"inLanguage\":\"fr-FR\",\"@id\":\"https:\/\/www.sellerlogic.com\/fr\/#\/schema\/logo\/image\/\",\"url\":\"https:\/\/d2bw95mh2ee04s.cloudfront.net\/prod\/content\/wp-content\/uploads\/2025\/01\/02134814\/Property-Logo-Main.svg\",\"contentUrl\":\"https:\/\/d2bw95mh2ee04s.cloudfront.net\/prod\/content\/wp-content\/uploads\/2025\/01\/02134814\/Property-Logo-Main.svg\",\"width\":184,\"height\":40,\"caption\":\"SELLERLOGIC\"},\"image\":{\"@id\":\"https:\/\/www.sellerlogic.com\/fr\/#\/schema\/logo\/image\/\"},\"sameAs\":[\"https:\/\/www.facebook.com\/SellerLogic\/\",\"https:\/\/x.com\/sellerlogic\",\"https:\/\/www.instagram.com\/sellerlogic\/\",\"https:\/\/www.linkedin.com\/company\/18402037\/\",\"https:\/\/www.youtube.com\/channel\/UC-gULUur-fNj08sprantKsQ\"]}]}<\/script>\n<!-- \/ Yoast SEO plugin. -->","yoast_head_json":{"title":"SELLERLOGIC \u2013 Histoire d'une reussite Outlet Sofa Direct","description":"SELLERLOGIC \u2013 Histoire d'une reussite Outlet Sofa Direct \u2013 Un appel qui vaut 20.000 \u20ac. T\u00e9l\u00e9chargez maintenant!","robots":{"index":"index","follow":"follow","max-snippet":"max-snippet:-1","max-image-preview":"max-image-preview:large","max-video-preview":"max-video-preview:-1"},"canonical":"https:\/\/www.sellerlogic.com\/fr\/ressources\/histoire-dune-reussite-outlet-sofa-direct\/","og_locale":"fr_FR","og_type":"article","og_title":"SELLERLOGIC \u2013 Histoire d'une reussite Outlet Sofa Direct","og_description":"SELLERLOGIC \u2013 Histoire d'une reussite Outlet Sofa Direct \u2013 Un appel qui vaut 20.000 \u20ac. T\u00e9l\u00e9chargez maintenant!","og_url":"https:\/\/www.sellerlogic.com\/fr\/ressources\/histoire-dune-reussite-outlet-sofa-direct\/","og_site_name":"SELLERLOGIC - Outils intelligents pour les vendeurs Amazon","article_publisher":"https:\/\/www.facebook.com\/SellerLogic\/","article_modified_time":"2020-12-21T21:54:34+00:00","og_image":[{"url":"https:\/\/www.sellerlogic.com\/wp-content\/uploads\/2020\/12\/outletsofadirect-logo.png","type":"","width":"","height":""}],"twitter_card":"summary_large_image","twitter_site":"@sellerlogic","twitter_misc":{"Est. reading time":"3 minutes"},"schema":{"@context":"https:\/\/schema.org","@graph":[{"@type":"WebPage","@id":"https:\/\/www.sellerlogic.com\/fr\/ressources\/histoire-dune-reussite-outlet-sofa-direct\/","url":"https:\/\/www.sellerlogic.com\/fr\/ressources\/histoire-dune-reussite-outlet-sofa-direct\/","name":"SELLERLOGIC \u2013 Histoire d'une reussite Outlet Sofa Direct","isPartOf":{"@id":"https:\/\/www.sellerlogic.com\/fr\/#website"},"primaryImageOfPage":{"@id":"https:\/\/www.sellerlogic.com\/fr\/ressources\/histoire-dune-reussite-outlet-sofa-direct\/#primaryimage"},"image":{"@id":"https:\/\/www.sellerlogic.com\/fr\/ressources\/histoire-dune-reussite-outlet-sofa-direct\/#primaryimage"},"thumbnailUrl":"https:\/\/www.sellerlogic.com\/wp-content\/uploads\/2020\/12\/outletsofadirect-logo.png","datePublished":"2020-12-18T11:41:14+00:00","dateModified":"2020-12-21T21:54:34+00:00","description":"SELLERLOGIC \u2013 Histoire d'une reussite Outlet Sofa Direct \u2013 Un appel qui vaut 20.000 \u20ac. T\u00e9l\u00e9chargez maintenant!","breadcrumb":{"@id":"https:\/\/www.sellerlogic.com\/fr\/ressources\/histoire-dune-reussite-outlet-sofa-direct\/#breadcrumb"},"inLanguage":"fr-FR","potentialAction":[{"@type":"ReadAction","target":["https:\/\/www.sellerlogic.com\/fr\/ressources\/histoire-dune-reussite-outlet-sofa-direct\/"]}]},{"@type":"ImageObject","inLanguage":"fr-FR","@id":"https:\/\/www.sellerlogic.com\/fr\/ressources\/histoire-dune-reussite-outlet-sofa-direct\/#primaryimage","url":"https:\/\/www.sellerlogic.com\/wp-content\/uploads\/2020\/12\/outletsofadirect-logo.png","contentUrl":"https:\/\/www.sellerlogic.com\/wp-content\/uploads\/2020\/12\/outletsofadirect-logo.png"},{"@type":"BreadcrumbList","@id":"https:\/\/www.sellerlogic.com\/fr\/ressources\/histoire-dune-reussite-outlet-sofa-direct\/#breadcrumb","itemListElement":[{"@type":"ListItem","position":1,"name":"Home","item":"https:\/\/www.sellerlogic.com\/fr\/"},{"@type":"ListItem","position":2,"name":"Ressourcen FR","item":"https:\/\/127.0.0.1\/de\/ressourcen\/"},{"@type":"ListItem","position":3,"name":"Success Story: Outlet Sofa Direct FR"}]},{"@type":"WebSite","@id":"https:\/\/www.sellerlogic.com\/fr\/#website","url":"https:\/\/www.sellerlogic.com\/fr\/","name":"SELLERLOGIC - Smarte Tools f\u00fcr Amazon-Seller","description":"Intelligente Prozessoptimierung und Gewinnmaximierung","publisher":{"@id":"https:\/\/www.sellerlogic.com\/fr\/#organization"},"potentialAction":[{"@type":"SearchAction","target":{"@type":"EntryPoint","urlTemplate":"https:\/\/www.sellerlogic.com\/fr\/?s={search_term_string}"},"query-input":{"@type":"PropertyValueSpecification","valueRequired":true,"valueName":"search_term_string"}}],"inLanguage":"fr-FR"},{"@type":"Organization","@id":"https:\/\/www.sellerlogic.com\/fr\/#organization","name":"SELLERLOGIC","url":"https:\/\/www.sellerlogic.com\/fr\/","logo":{"@type":"ImageObject","inLanguage":"fr-FR","@id":"https:\/\/www.sellerlogic.com\/fr\/#\/schema\/logo\/image\/","url":"https:\/\/d2bw95mh2ee04s.cloudfront.net\/prod\/content\/wp-content\/uploads\/2025\/01\/02134814\/Property-Logo-Main.svg","contentUrl":"https:\/\/d2bw95mh2ee04s.cloudfront.net\/prod\/content\/wp-content\/uploads\/2025\/01\/02134814\/Property-Logo-Main.svg","width":184,"height":40,"caption":"SELLERLOGIC"},"image":{"@id":"https:\/\/www.sellerlogic.com\/fr\/#\/schema\/logo\/image\/"},"sameAs":["https:\/\/www.facebook.com\/SellerLogic\/","https:\/\/x.com\/sellerlogic","https:\/\/www.instagram.com\/sellerlogic\/","https:\/\/www.linkedin.com\/company\/18402037\/","https:\/\/www.youtube.com\/channel\/UC-gULUur-fNj08sprantKsQ"]}]}},"_links":{"self":[{"href":"https:\/\/www.sellerlogic.com\/fr\/wp-json\/wp\/v2\/pages\/5577","targetHints":{"allow":["GET"]}}],"collection":[{"href":"https:\/\/www.sellerlogic.com\/fr\/wp-json\/wp\/v2\/pages"}],"about":[{"href":"https:\/\/www.sellerlogic.com\/fr\/wp-json\/wp\/v2\/types\/page"}],"author":[{"embeddable":true,"href":"https:\/\/www.sellerlogic.com\/fr\/wp-json\/wp\/v2\/users\/8"}],"replies":[{"embeddable":true,"href":"https:\/\/www.sellerlogic.com\/fr\/wp-json\/wp\/v2\/comments?post=5577"}],"version-history":[{"count":0,"href":"https:\/\/www.sellerlogic.com\/fr\/wp-json\/wp\/v2\/pages\/5577\/revisions"}],"up":[{"embeddable":true,"href":"https:\/\/www.sellerlogic.com\/fr\/wp-json\/wp\/v2\/pages\/5390"}],"wp:attachment":[{"href":"https:\/\/www.sellerlogic.com\/fr\/wp-json\/wp\/v2\/media?parent=5577"}],"curies":[{"name":"wp","href":"https:\/\/api.w.org\/{rel}","templated":true}]}}