
{"id":5655,"date":"2020-12-21T09:07:11","date_gmt":"2020-12-21T09:07:11","guid":{"rendered":"https:\/\/www.sellerlogic.com\/?page_id=5655"},"modified":"2025-06-27T12:31:45","modified_gmt":"2025-06-27T12:31:45","slug":"histoire-dune-reussite-univers-cake","status":"publish","type":"page","link":"https:\/\/www.sellerlogic.com\/fr\/ressources\/histoire-dune-reussite-univers-cake\/","title":{"rendered":"Success Story: Univers Cake FR"},"content":{"rendered":"\n\t<div  class=\"theme-wp-block theme-block-main-header is-style-full-height desktop-align-full xl-align-full lg-align-full md-align-full sm-align-full desktop-content-align-y-center desktop-content-align-x-center xl-content-align-y-center xl-content-align-x-center lg-content-align-y-center lg-content-align-x-center md-content-align-y-center md-content-align-x-center sm-content-align-y-center sm-content-align-x-center gb-responsive-131969-identifier theme-block-cover\">\n\t\t<div class=\"bg-cover theme-lazy-load-bg\"><\/div>\n\t\t<div class=\"wrap-content-main-header\">\n\t\t\t\n\t\t<div  class=\"theme-wp-block theme-block-text-and-text desktop-blockDirection-row xl-blockDirection-row lg-blockDirection-row md-blockDirection-row sm-blockDirection-row gb-responsive-2306-identifier desktop-vertical-top xl-vertical-top lg-vertical-top md-vertical-top sm-vertical-top desktop-align-wide xl-align-wide lg-align-wide md-align-wide sm-align-wide\">\n\t\t<div class=\"tat-column-wrap-wrapper\">\n\t\t\t<div class=\"tat-column-wrapper\">\n\t\t\t\t\n\t<div  class=\"theme-wp-block theme-block-text-and-text-column gb-responsive-708373-identifier desktop-horizontal-left xl-horizontal-left lg-horizontal-left md-horizontal-left sm-horizontal-center\">\n\t\t<div class=\"inner-wrap-column-content\">\n\t\t\t<div class=\"inner-column-content\">\n\t\t\t\t\n\t\t<h1  class=\"theme-wp-block theme-block-heading is-style-default desktop-text-center xl-text-center lg-text-center md-text-center sm-text-center gb-responsive-813454-identifier desktop-align-wide xl-align-wide lg-align-wide md-align-wide sm-align-wide alignwide h1 has-text-align\">\n\t\t\u00ab Les co\u00fbts du Repricer sont couverts par les remboursements de Lost &amp; Found ! \u00bb\t<\/h1>\n\n\n\t\t\t<\/div>\n\t\t<\/div>\n\t<\/div>\n\n\n\t<div  class=\"theme-wp-block theme-block-text-and-text-column gb-responsive-976923-identifier\">\n\t\t<div class=\"inner-wrap-column-content\">\n\t\t\t<div class=\"inner-column-content\">\n\t\t\t\t\t\t\t<\/div>\n\t\t<\/div>\n\t<\/div>\n\n\t\t\t<\/div>\n\t\t<\/div>\n\t<\/div>\n\n\n\t\t<\/div>\n\t<\/div>\n\n\n\n\n<div style=\"height:50px\" aria-hidden=\"true\" class=\"theme-wp-block wp-block-spacer\"><\/div>\n\n\n\n<div class=\"theme-wp-block wp-block-columns gb-responsive-990644-identifier is-layout-flex wp-container-core-columns-is-layout-9d6595d7 wp-block-columns-is-layout-flex\">\n<div class=\"theme-wp-block wp-block-column gb-responsive-865237-identifier is-layout-flow wp-block-column-is-layout-flow\" style=\"flex-basis:25%\">\n<figure class=\"theme-wp-block wp-block-image size-large is-resized gb-responsive-62921-identifier\"><img decoding=\"async\" src=\"https:\/\/d2bw95mh2ee04s.cloudfront.net\/prod\/content\/wp-content\/uploads\/2020\/12\/23142710\/logo_univers-cake-neu.png\" alt=\"Success Story: Univers Cake FR\" class=\"wp-image-5630\" width=\"258\" height=\"58\"\/><\/figure>\n\n\n\n<p class=\"theme-wp-block gb-responsive-742520-identifier\"><strong>An\u00e8e de fondation :&nbsp;<\/strong><br>2016<\/p>\n\n\n\n<p class=\"theme-wp-block gb-responsive-610127-identifier\"><strong>Secteur :<\/strong><br>Produits de p\u00e2tisserie \/ d\u00e9coration de g\u00e2teaux<\/p>\n\n\n\n<p class=\"theme-wp-block gb-responsive-797027-identifier\"><strong>Exp\u00e9ditions :<\/strong><br>env. 850 par mois<\/p>\n\n\n\n<p class=\"theme-wp-block gb-responsive-452478-identifier\"><strong>Articles sur Amazon :<\/strong><br>env. 3.000 SKU<\/p>\n<\/div>\n\n\n\n<div class=\"theme-wp-block wp-block-column gb-responsive-41122-identifier is-layout-flow wp-block-column-is-layout-flow\" style=\"flex-basis:50%\">\n<h3 class=\"theme-wp-block gb-responsive-34353-identifier wp-block-heading\" id=\"block-c06fce04-ef87-4ffc-a3d6-b768ba377d17\">Contexte :<\/h3>\n\n\n\n<p class=\"theme-wp-block gb-responsive-772271-identifier\">Avec la marque \u00ab Univers Cake \u00bb, l\u2018agence web UP\u2018NBOOST s\u2018est lanc\u00e9e dans le commerce des produits de boulangerie et de confiserie. \u00c0 l\u2018origine, UP\u2018NBOOST avait con\u00e7u le concept pour un client, qui n\u2018a finalement pas pu le mettre en \u0153uvre, faute de temps. Mais l\u2018agence \u00e9tait convaincue par l\u2018id\u00e9e et a permis \u00e0 Univers Cake de voir le jour. Il s\u2018est vite av\u00e9r\u00e9 que la jeune marque avait beaucoup de potentiel &#8211; surtout sur Amazon. Les ventes ont d\u00e9coll\u00e9 rapidement.<\/p>\n\n\n\n<h3 class=\"theme-wp-block gb-responsive-530046-identifier wp-block-heading\">Situation initiale :<\/h3>\n\n\n\n<p class=\"theme-wp-block gb-responsive-223469-identifier\">Pour Jean-Bernard Freymann, co-directeur d\u2018UP\u2018NBOOST, il \u00e9tait clair d\u00e8s le d\u00e9part que le d\u00e9fi principal d\u2018un vendeur de plus de 1.500 produits dans un environnement tr\u00e8s concurrentiel, c\u2018\u00e9tait de gagner du temps. \u00ab Parall\u00e8lement, nous devions travailler \u00e0 maintenir nos marges, malgr\u00e9 les conditions tr\u00e8s concurrentielles \u00bb, explique M. Freymann. \u00ab Nous avons un grand nombre de concurrents sur Amazon qui vendent exactement le m\u00eame produit. Le facteur principal est donc le prix. Or, il est tr\u00e8s difficile de surveiller manuellement la comp\u00e9tition en continu et en temps r\u00e9el \u00bb, poursuit M. Freymann.<\/p>\n\n\n\n<p class=\"theme-wp-block gb-responsive-853459-identifier\">Dans ces conditions, l\u2018utilisation du service Exp\u00e9di\u00e9 par Amazon (FBA) et celle d\u2018un repricer \u00e9taient des \u00e9tapes logiques pour rester comp\u00e9titif et maintenir une forte pr\u00e9sence dans la Buy Box. Avant qu\u2018UP\u2018NBOOST ne d\u00e9couvre SELLERLOGIC, l\u2018agence avait d\u00e9j\u00e0 essay\u00e9 d\u2018autres repricers. Mais ces outils n\u2018\u00e9taient ni techniquement ni \u00e9conomiquement convaincants.&nbsp;<\/p>\n\n\n\n<h3 class=\"theme-wp-block gb-responsive-749842-identifier wp-block-heading\">Solution :<\/h3>\n\n\n\n<p class=\"theme-wp-block gb-responsive-84452-identifier\">\u00ab Dans un secteur o\u00f9 les marges ont tendance \u00e0 \u00eatre limit\u00e9es, le co\u00fbt du Repricer est entr\u00e9 en ligne de compte, \u00e0 c\u00f4t\u00e9 de ses caract\u00e9ristiques technniques \u00bb, explique M. Freymann. \u00ab Apr\u00e8s avoir examin\u00e9 diff\u00e9rents outils, SELLERLOGIC nous a convaincu non seulement par le prix, mais aussi par certaines options sp\u00e9ciales telles que la possibilit\u00e9 d\u2018appliquer diff\u00e9rentes strat\u00e9gies d\u2018ajustement des prix \u00e0 des groupes de produits sp\u00e9cifiques \u00bb.<\/p>\n\n\n\n<p class=\"theme-wp-block gb-responsive-20308-identifier\">Parall\u00e8lement, UP\u2018NBOOST a \u00e9galement activ\u00e9 Lost &amp; Found, un deuxi\u00e8me module de SELLERLOGIC. D\u00e9sormais, l\u2018outil surveille tous les processus FBA d\u2018Univers Cake et signale de mani\u00e8re fiable toute irr\u00e9gularit\u00e9 constat\u00e9e dans les centres logistiques d\u2018Amazon. De ce fait, les demandes de remboursements peuvent \u00eatre r\u00e9clam\u00e9es ais\u00e9ment.&nbsp;<\/p>\n\n\n<div class=\"theme-block-group-wrap\">\n<div class=\"theme-wp-block wp-block-group gb-responsive-88118-identifier\"><div class=\"wp-block-group__inner-container\"><div class=\"wp-block-group__inner-container is-layout-flow wp-block-group-is-layout-flow\">\t\t<div  class=\"theme-wp-block theme-block-user-card gb-responsive-799176-identifier is-style-full-width-line\">\n\t\t<div class=\"wrap-inner-content\">\n\t\t\t<div class=\"card-user-head\">\n\t\t\t\t<div class=\"card-user-avatar\">\n\t\t\t\t\t<div class=\"cover-avatar\" style=\"background-image: url(https:\/\/d2bw95mh2ee04s.cloudfront.net\/prod\/content\/wp-content\/uploads\/2020\/12\/23142710\/portrait_univers-cake_raute.png);\"><\/div>\n\t\t\t\t<\/div>\n\t\t\t\t<div class=\"wrap-title\">\n\t\t\t\t\t<div class=\"card-user-name\">\n\t\t\t\t\t\t<div class=\"title\">\n\t\t\t\t\t\t\t<h3 class=\"heading-text\"><strong>Jean-Bernard Freymann<\/strong><\/h3>\n\t\t\t\t\t\t<\/div>\n\t\t\t\t\t\t<div class=\"card-user-position\">\n\t\t\t\t\t\t\t<div class=\"card-text\"><strong>Co-directeur d&#8217;UP&#8217;NBOOST<\/strong><\/div>\n\t\t\t\t\t\t<\/div>\n\t\t\t\t\t<\/div>\n\t\t\t\t\t<div class=\"card-user-quote-icon\">\n\t\t\t\t\t<\/div>\n\t\t\t\t<\/div>\n\t\t\t<\/div>\n\t\t\t<div class=\"card-user-text\">\n\t\t\t\t<div class=\"card-text\"><p>\u00ab Avec les remboursements FBA que nous obtenons gr\u00e2ce au deuxi\u00e8me outil SELLERLOGIC, nous pouvons couvrir les co\u00fbts du Repricer ! \u00bb<\/p><\/div>\n\t\t\t<\/div>\n\t\t<\/div>\n\t<\/div>\n\n<\/div><\/div>\n<\/div><\/div>\n\n\n<h3 class=\"theme-wp-block gb-responsive-260858-identifier wp-block-heading\">Le Succes avec SELLERLOGIC :<\/h3>\n\n\n\n<p class=\"theme-wp-block gb-responsive-976091-identifier\">\u00ab La configuration du Repricer \u00e9tait assez simple : nous n\u2018avions qu\u2018\u00e0 importer un fichier avec les prix minimum et maximum de chaque produit. L\u2018importation a \u00e9t\u00e9 ais\u00e9e et rapide. En quelques heures, la nouvelle tarification \u00e9tait pr\u00eate \u00e0 \u00eatre utilis\u00e9e \u00bb, confirme Freymann. \u00ab Ces deux outils permettent de gagner \u00e9norm\u00e9ment de temps. \u00bb<\/p>\n\n\n\n<p class=\"theme-wp-block gb-responsive-982831-identifier\">Aujourd\u2018hui, la soci\u00e9t\u00e9 ne perd plus d\u2018argent au profit d\u2018Amazon en raison d\u2018erreurs FBA. Cerise sur le g\u00e2teau, les remboursements r\u00e9cup\u00e9r\u00e9s par UP\u2018NBOOST au moyen de Lost &amp; Found ont imm\u00e9diaterment permis de couvrir l\u2018abonnement du Repricer. \u00ab C\u2018est la meilleure partie\u201c, dit le co-directeur, \u201eGr\u00e2ce \u00e0 Lost &amp; Found, nous pouvons compenser les co\u00fbts de repricing ! \u00bb<\/p>\n\n\n\n<p class=\"theme-wp-block gb-responsive-531195-identifier\">\u00ab De plus, l\u2018\u00e9quipe du service client\u00e8le de SELLERLOGIC est comp\u00e9tente et r\u00e9pond rapidement aux demandes de renseignements. La coop\u00e9ration avec une entreprise allemande bien structur\u00e9e et orient\u00e9e vers le client est tr\u00e8s rassurante pour nous, confirme \u00bb M. Freymann.<\/p>\n\n\n\n<div class=\"theme-wp-block wp-block-buttons gb-responsive-497426-identifier is-layout-flex wp-block-buttons-is-layout-flex\">\n<div class=\"theme-wp-block wp-block-button gb-responsive-38220-identifier is-style-theme-transparent-with-arrow\"><a class=\"wp-block-button__link\" href=\"https:\/\/d2bw95mh2ee04s.cloudfront.net\/prod\/content\/files\/SUCCESS-STORIES\/FR\/SELLERLOGIC_SN_Success-Story_Univers-Cake_FR.pdf\" target=\"_blank\" rel=\"noreferrer noopener nofollow\">T\u00e9l\u00e9chargez maintenant ! <\/a><\/div>\n<\/div>\n<\/div>\n\n\n\n<div class=\"theme-wp-block wp-block-column gb-responsive-472466-identifier is-layout-flow wp-block-column-is-layout-flow\" style=\"flex-basis:25%\"><\/div>\n<\/div>\n","protected":false},"excerpt":{"rendered":"<p>An\u00e8e de fondation :&nbsp;2016 Secteur :Produits de p\u00e2tisserie \/ d\u00e9coration de g\u00e2teaux Exp\u00e9ditions :env. 850 par mois Articles sur Amazon :env. 3.000 SKU Contexte : Avec la marque \u00ab Univers Cake \u00bb, l\u2018agence web UP\u2018NBOOST s\u2018est lanc\u00e9e dans le commerce des produits de boulangerie et de confiserie. \u00c0 l\u2018origine, UP\u2018NBOOST avait con\u00e7u le concept pour<\/p>\n","protected":false},"author":3,"featured_media":5626,"parent":5390,"menu_order":0,"comment_status":"closed","ping_status":"closed","template":"","meta":{"sidebar_recommended_resources":{"data":[]},"sidebar_header_settings":{"hide_buttons":{"register":false}},"_use_new_theme":false,"inline_featured_image":false,"footnotes":""},"class_list":["post-5655","page","type-page","status-publish","has-post-thumbnail","hentry"],"yoast_head":"<!-- This site is optimized with the Yoast SEO plugin v26.8 - https:\/\/yoast.com\/product\/yoast-seo-wordpress\/ -->\n<title>C&#039;est ainsi que Repricer et Lost &amp; Found collaborent ! | SELLERLOGIC<\/title>\n<meta name=\"description\" content=\"La FBA rembourse les sommes re\u00e7ues par UP&#039;NBOOST gr\u00e2ce \u00e0 Lost &amp; Found qui financera le r\u00e9\u00e9diteur. Une r\u00e9ussite particuli\u00e8re !\" \/>\n<meta name=\"robots\" content=\"index, follow, max-snippet:-1, max-image-preview:large, max-video-preview:-1\" \/>\n<link rel=\"canonical\" href=\"https:\/\/www.sellerlogic.com\/fr\/ressources\/histoire-dune-reussite-univers-cake\/\" \/>\n<meta property=\"og:locale\" content=\"fr_FR\" \/>\n<meta property=\"og:type\" content=\"article\" \/>\n<meta property=\"og:title\" content=\"C&#039;est ainsi que Repricer et Lost &amp; Found collaborent ! | SELLERLOGIC\" \/>\n<meta property=\"og:description\" content=\"La FBA rembourse les sommes re\u00e7ues par UP&#039;NBOOST gr\u00e2ce \u00e0 Lost &amp; Found qui financera le r\u00e9\u00e9diteur. Une r\u00e9ussite particuli\u00e8re !\" \/>\n<meta property=\"og:url\" content=\"https:\/\/www.sellerlogic.com\/fr\/ressources\/histoire-dune-reussite-univers-cake\/\" \/>\n<meta property=\"og:site_name\" content=\"SELLERLOGIC - Outils intelligents pour les vendeurs Amazon\" \/>\n<meta property=\"article:publisher\" content=\"https:\/\/www.facebook.com\/SellerLogic\/\" \/>\n<meta property=\"article:modified_time\" content=\"2025-06-27T12:31:45+00:00\" \/>\n<meta property=\"og:image\" content=\"https:\/\/d2bw95mh2ee04s.cloudfront.net\/prod\/content\/wp-content\/uploads\/2020\/12\/23142710\/success-story-univers-cake-header-scaled.jpeg\" \/>\n\t<meta property=\"og:image:width\" content=\"2560\" \/>\n\t<meta property=\"og:image:height\" content=\"1107\" \/>\n\t<meta property=\"og:image:type\" content=\"image\/jpeg\" \/>\n<meta name=\"twitter:card\" content=\"summary_large_image\" \/>\n<meta name=\"twitter:site\" content=\"@sellerlogic\" \/>\n<meta name=\"twitter:label1\" content=\"Est. reading time\" \/>\n\t<meta name=\"twitter:data1\" content=\"3 minutes\" \/>\n<script type=\"application\/ld+json\" class=\"yoast-schema-graph\">{\"@context\":\"https:\/\/schema.org\",\"@graph\":[{\"@type\":\"WebPage\",\"@id\":\"https:\/\/www.sellerlogic.com\/fr\/ressources\/histoire-dune-reussite-univers-cake\/\",\"url\":\"https:\/\/www.sellerlogic.com\/fr\/ressources\/histoire-dune-reussite-univers-cake\/\",\"name\":\"C'est ainsi que Repricer et Lost & Found collaborent ! | SELLERLOGIC\",\"isPartOf\":{\"@id\":\"https:\/\/www.sellerlogic.com\/fr\/#website\"},\"primaryImageOfPage\":{\"@id\":\"https:\/\/www.sellerlogic.com\/fr\/ressources\/histoire-dune-reussite-univers-cake\/#primaryimage\"},\"image\":{\"@id\":\"https:\/\/www.sellerlogic.com\/fr\/ressources\/histoire-dune-reussite-univers-cake\/#primaryimage\"},\"thumbnailUrl\":\"https:\/\/d2bw95mh2ee04s.cloudfront.net\/prod\/content\/wp-content\/uploads\/2020\/12\/23142710\/success-story-univers-cake-header-scaled.jpeg\",\"datePublished\":\"2020-12-21T09:07:11+00:00\",\"dateModified\":\"2025-06-27T12:31:45+00:00\",\"description\":\"La FBA rembourse les sommes re\u00e7ues par UP'NBOOST gr\u00e2ce \u00e0 Lost & Found qui financera le r\u00e9\u00e9diteur. Une r\u00e9ussite particuli\u00e8re !\",\"breadcrumb\":{\"@id\":\"https:\/\/www.sellerlogic.com\/fr\/ressources\/histoire-dune-reussite-univers-cake\/#breadcrumb\"},\"inLanguage\":\"fr-FR\",\"potentialAction\":[{\"@type\":\"ReadAction\",\"target\":[\"https:\/\/www.sellerlogic.com\/fr\/ressources\/histoire-dune-reussite-univers-cake\/\"]}]},{\"@type\":\"ImageObject\",\"inLanguage\":\"fr-FR\",\"@id\":\"https:\/\/www.sellerlogic.com\/fr\/ressources\/histoire-dune-reussite-univers-cake\/#primaryimage\",\"url\":\"https:\/\/d2bw95mh2ee04s.cloudfront.net\/prod\/content\/wp-content\/uploads\/2020\/12\/23142710\/success-story-univers-cake-header-scaled.jpeg\",\"contentUrl\":\"https:\/\/d2bw95mh2ee04s.cloudfront.net\/prod\/content\/wp-content\/uploads\/2020\/12\/23142710\/success-story-univers-cake-header-scaled.jpeg\",\"width\":2560,\"height\":1107,\"caption\":\"Valentine day baking background. Ingredients for cooking Valentine's heart cookies. Flour, eggs, sugar, spices on wooden background with red flower roses. Top view copy space.\"},{\"@type\":\"BreadcrumbList\",\"@id\":\"https:\/\/www.sellerlogic.com\/fr\/ressources\/histoire-dune-reussite-univers-cake\/#breadcrumb\",\"itemListElement\":[{\"@type\":\"ListItem\",\"position\":1,\"name\":\"Home\",\"item\":\"https:\/\/www.sellerlogic.com\/fr\/\"},{\"@type\":\"ListItem\",\"position\":2,\"name\":\"Ressourcen FR\",\"item\":\"https:\/\/127.0.0.1\/de\/ressourcen\/\"},{\"@type\":\"ListItem\",\"position\":3,\"name\":\"Success Story: Univers Cake FR\"}]},{\"@type\":\"WebSite\",\"@id\":\"https:\/\/www.sellerlogic.com\/fr\/#website\",\"url\":\"https:\/\/www.sellerlogic.com\/fr\/\",\"name\":\"SELLERLOGIC - Smarte Tools f\u00fcr Amazon-Seller\",\"description\":\"Intelligente Prozessoptimierung und Gewinnmaximierung\",\"publisher\":{\"@id\":\"https:\/\/www.sellerlogic.com\/fr\/#organization\"},\"potentialAction\":[{\"@type\":\"SearchAction\",\"target\":{\"@type\":\"EntryPoint\",\"urlTemplate\":\"https:\/\/www.sellerlogic.com\/fr\/?s={search_term_string}\"},\"query-input\":{\"@type\":\"PropertyValueSpecification\",\"valueRequired\":true,\"valueName\":\"search_term_string\"}}],\"inLanguage\":\"fr-FR\"},{\"@type\":\"Organization\",\"@id\":\"https:\/\/www.sellerlogic.com\/fr\/#organization\",\"name\":\"SELLERLOGIC\",\"url\":\"https:\/\/www.sellerlogic.com\/fr\/\",\"logo\":{\"@type\":\"ImageObject\",\"inLanguage\":\"fr-FR\",\"@id\":\"https:\/\/www.sellerlogic.com\/fr\/#\/schema\/logo\/image\/\",\"url\":\"https:\/\/d2bw95mh2ee04s.cloudfront.net\/prod\/content\/wp-content\/uploads\/2025\/01\/02134814\/Property-Logo-Main.svg\",\"contentUrl\":\"https:\/\/d2bw95mh2ee04s.cloudfront.net\/prod\/content\/wp-content\/uploads\/2025\/01\/02134814\/Property-Logo-Main.svg\",\"width\":184,\"height\":40,\"caption\":\"SELLERLOGIC\"},\"image\":{\"@id\":\"https:\/\/www.sellerlogic.com\/fr\/#\/schema\/logo\/image\/\"},\"sameAs\":[\"https:\/\/www.facebook.com\/SellerLogic\/\",\"https:\/\/x.com\/sellerlogic\",\"https:\/\/www.instagram.com\/sellerlogic\/\",\"https:\/\/www.linkedin.com\/company\/18402037\/\",\"https:\/\/www.youtube.com\/channel\/UC-gULUur-fNj08sprantKsQ\"]}]}<\/script>\n<!-- \/ Yoast SEO plugin. -->","yoast_head_json":{"title":"C'est ainsi que Repricer et Lost & Found collaborent ! | SELLERLOGIC","description":"La FBA rembourse les sommes re\u00e7ues par UP'NBOOST gr\u00e2ce \u00e0 Lost & Found qui financera le r\u00e9\u00e9diteur. Une r\u00e9ussite particuli\u00e8re !","robots":{"index":"index","follow":"follow","max-snippet":"max-snippet:-1","max-image-preview":"max-image-preview:large","max-video-preview":"max-video-preview:-1"},"canonical":"https:\/\/www.sellerlogic.com\/fr\/ressources\/histoire-dune-reussite-univers-cake\/","og_locale":"fr_FR","og_type":"article","og_title":"C'est ainsi que Repricer et Lost & Found collaborent ! | SELLERLOGIC","og_description":"La FBA rembourse les sommes re\u00e7ues par UP'NBOOST gr\u00e2ce \u00e0 Lost & Found qui financera le r\u00e9\u00e9diteur. Une r\u00e9ussite particuli\u00e8re !","og_url":"https:\/\/www.sellerlogic.com\/fr\/ressources\/histoire-dune-reussite-univers-cake\/","og_site_name":"SELLERLOGIC - Outils intelligents pour les vendeurs Amazon","article_publisher":"https:\/\/www.facebook.com\/SellerLogic\/","article_modified_time":"2025-06-27T12:31:45+00:00","og_image":[{"width":2560,"height":1107,"url":"https:\/\/d2bw95mh2ee04s.cloudfront.net\/prod\/content\/wp-content\/uploads\/2020\/12\/23142710\/success-story-univers-cake-header-scaled.jpeg","type":"image\/jpeg"}],"twitter_card":"summary_large_image","twitter_site":"@sellerlogic","twitter_misc":{"Est. reading time":"3 minutes"},"schema":{"@context":"https:\/\/schema.org","@graph":[{"@type":"WebPage","@id":"https:\/\/www.sellerlogic.com\/fr\/ressources\/histoire-dune-reussite-univers-cake\/","url":"https:\/\/www.sellerlogic.com\/fr\/ressources\/histoire-dune-reussite-univers-cake\/","name":"C'est ainsi que Repricer et Lost & Found collaborent ! | SELLERLOGIC","isPartOf":{"@id":"https:\/\/www.sellerlogic.com\/fr\/#website"},"primaryImageOfPage":{"@id":"https:\/\/www.sellerlogic.com\/fr\/ressources\/histoire-dune-reussite-univers-cake\/#primaryimage"},"image":{"@id":"https:\/\/www.sellerlogic.com\/fr\/ressources\/histoire-dune-reussite-univers-cake\/#primaryimage"},"thumbnailUrl":"https:\/\/d2bw95mh2ee04s.cloudfront.net\/prod\/content\/wp-content\/uploads\/2020\/12\/23142710\/success-story-univers-cake-header-scaled.jpeg","datePublished":"2020-12-21T09:07:11+00:00","dateModified":"2025-06-27T12:31:45+00:00","description":"La FBA rembourse les sommes re\u00e7ues par UP'NBOOST gr\u00e2ce \u00e0 Lost & Found qui financera le r\u00e9\u00e9diteur. Une r\u00e9ussite particuli\u00e8re !","breadcrumb":{"@id":"https:\/\/www.sellerlogic.com\/fr\/ressources\/histoire-dune-reussite-univers-cake\/#breadcrumb"},"inLanguage":"fr-FR","potentialAction":[{"@type":"ReadAction","target":["https:\/\/www.sellerlogic.com\/fr\/ressources\/histoire-dune-reussite-univers-cake\/"]}]},{"@type":"ImageObject","inLanguage":"fr-FR","@id":"https:\/\/www.sellerlogic.com\/fr\/ressources\/histoire-dune-reussite-univers-cake\/#primaryimage","url":"https:\/\/d2bw95mh2ee04s.cloudfront.net\/prod\/content\/wp-content\/uploads\/2020\/12\/23142710\/success-story-univers-cake-header-scaled.jpeg","contentUrl":"https:\/\/d2bw95mh2ee04s.cloudfront.net\/prod\/content\/wp-content\/uploads\/2020\/12\/23142710\/success-story-univers-cake-header-scaled.jpeg","width":2560,"height":1107,"caption":"Valentine day baking background. Ingredients for cooking Valentine's heart cookies. Flour, eggs, sugar, spices on wooden background with red flower roses. Top view copy space."},{"@type":"BreadcrumbList","@id":"https:\/\/www.sellerlogic.com\/fr\/ressources\/histoire-dune-reussite-univers-cake\/#breadcrumb","itemListElement":[{"@type":"ListItem","position":1,"name":"Home","item":"https:\/\/www.sellerlogic.com\/fr\/"},{"@type":"ListItem","position":2,"name":"Ressourcen FR","item":"https:\/\/127.0.0.1\/de\/ressourcen\/"},{"@type":"ListItem","position":3,"name":"Success Story: Univers Cake FR"}]},{"@type":"WebSite","@id":"https:\/\/www.sellerlogic.com\/fr\/#website","url":"https:\/\/www.sellerlogic.com\/fr\/","name":"SELLERLOGIC - Smarte Tools f\u00fcr Amazon-Seller","description":"Intelligente Prozessoptimierung und Gewinnmaximierung","publisher":{"@id":"https:\/\/www.sellerlogic.com\/fr\/#organization"},"potentialAction":[{"@type":"SearchAction","target":{"@type":"EntryPoint","urlTemplate":"https:\/\/www.sellerlogic.com\/fr\/?s={search_term_string}"},"query-input":{"@type":"PropertyValueSpecification","valueRequired":true,"valueName":"search_term_string"}}],"inLanguage":"fr-FR"},{"@type":"Organization","@id":"https:\/\/www.sellerlogic.com\/fr\/#organization","name":"SELLERLOGIC","url":"https:\/\/www.sellerlogic.com\/fr\/","logo":{"@type":"ImageObject","inLanguage":"fr-FR","@id":"https:\/\/www.sellerlogic.com\/fr\/#\/schema\/logo\/image\/","url":"https:\/\/d2bw95mh2ee04s.cloudfront.net\/prod\/content\/wp-content\/uploads\/2025\/01\/02134814\/Property-Logo-Main.svg","contentUrl":"https:\/\/d2bw95mh2ee04s.cloudfront.net\/prod\/content\/wp-content\/uploads\/2025\/01\/02134814\/Property-Logo-Main.svg","width":184,"height":40,"caption":"SELLERLOGIC"},"image":{"@id":"https:\/\/www.sellerlogic.com\/fr\/#\/schema\/logo\/image\/"},"sameAs":["https:\/\/www.facebook.com\/SellerLogic\/","https:\/\/x.com\/sellerlogic","https:\/\/www.instagram.com\/sellerlogic\/","https:\/\/www.linkedin.com\/company\/18402037\/","https:\/\/www.youtube.com\/channel\/UC-gULUur-fNj08sprantKsQ"]}]}},"_links":{"self":[{"href":"https:\/\/www.sellerlogic.com\/fr\/wp-json\/wp\/v2\/pages\/5655","targetHints":{"allow":["GET"]}}],"collection":[{"href":"https:\/\/www.sellerlogic.com\/fr\/wp-json\/wp\/v2\/pages"}],"about":[{"href":"https:\/\/www.sellerlogic.com\/fr\/wp-json\/wp\/v2\/types\/page"}],"author":[{"embeddable":true,"href":"https:\/\/www.sellerlogic.com\/fr\/wp-json\/wp\/v2\/users\/3"}],"replies":[{"embeddable":true,"href":"https:\/\/www.sellerlogic.com\/fr\/wp-json\/wp\/v2\/comments?post=5655"}],"version-history":[{"count":0,"href":"https:\/\/www.sellerlogic.com\/fr\/wp-json\/wp\/v2\/pages\/5655\/revisions"}],"up":[{"embeddable":true,"href":"https:\/\/www.sellerlogic.com\/fr\/wp-json\/wp\/v2\/pages\/5390"}],"wp:featuredmedia":[{"embeddable":true,"href":"https:\/\/www.sellerlogic.com\/fr\/wp-json\/wp\/v2\/media\/5626"}],"wp:attachment":[{"href":"https:\/\/www.sellerlogic.com\/fr\/wp-json\/wp\/v2\/media?parent=5655"}],"curies":[{"name":"wp","href":"https:\/\/api.w.org\/{rel}","templated":true}]}}