
{"id":5724,"date":"2020-12-21T22:17:09","date_gmt":"2020-12-21T22:17:09","guid":{"rendered":"https:\/\/www.sellerlogic.com\/?page_id=5724"},"modified":"2023-08-23T15:45:46","modified_gmt":"2023-08-23T15:45:46","slug":"histoire-dune-reussite-fj-trading","status":"publish","type":"page","link":"https:\/\/www.sellerlogic.com\/fr\/ressources\/histoire-dune-reussite-fj-trading\/","title":{"rendered":"Success Story: FJ Trading FR"},"content":{"rendered":"\n\t<div  class=\"theme-wp-block theme-block-main-header is-style-full-height desktop-content-align-y-center desktop-content-align-x-center xl-content-align-y-center xl-content-align-x-center lg-content-align-y-center lg-content-align-x-center md-content-align-y-center md-content-align-x-center sm-content-align-y-center sm-content-align-x-center gb-responsive-853195-identifier desktop-align-full xl-align-full lg-align-full md-align-full sm-align-full theme-block-cover\">\n\t\t<div class=\"bg-cover theme-lazy-load-bg\"><\/div>\n\t\t<div class=\"wrap-content-main-header\">\n\t\t\t\n\t\t<div  class=\"theme-wp-block theme-block-text-and-text gb-responsive-170032-identifier desktop-vertical-center xl-vertical-center lg-vertical-center md-vertical-center sm-vertical-center md-blockDirection-column sm-blockDirection-column desktop-blockDirection-column xl-blockDirection-column lg-blockDirection-column alignfull\">\n\t\t<div class=\"tat-column-wrap-wrapper\">\n\t\t\t<div class=\"tat-column-wrapper\">\n\t\t\t\t\n\t<div  class=\"theme-wp-block theme-block-text-and-text-column gb-responsive-644092-identifier md-horizontal-center desktop-horizontal-right sm-horizontal-center xl-horizontal-center lg-horizontal-center\">\n\t\t<div class=\"inner-wrap-column-content\">\n\t\t\t<div class=\"inner-column-content\">\n\t\t\t\t\n\t\t<h1  class=\"theme-wp-block theme-block-heading gb-responsive-482560-identifier desktop-text-center xl-text-center lg-text-center md-text-center sm-text-center h1\">\n\t\tPlus de Buy Box, plus de ventes\t<\/h1>\n\n\n\n\t\t<h2  class=\"theme-wp-block theme-block-heading gb-responsive-539815-identifier desktop-text-center xl-text-center lg-text-center md-text-center sm-text-center h1\">\n\t\tComment FJ Trading a augment\u00e9 sa marge et son chiffre d&#8217;affaires gr\u00e2ce \u00e0 la Buy Box du Repricer de SELLERLOGIC !\t<\/h2>\n\n\n\t\t\t<\/div>\n\t\t<\/div>\n\t<\/div>\n\n\n\t<div  class=\"theme-wp-block theme-block-text-and-text-column gb-responsive-840598-identifier desktop-horizontal-center xl-horizontal-center lg-horizontal-center md-horizontal-center sm-horizontal-center\">\n\t\t<div class=\"inner-wrap-column-content\">\n\t\t\t<div class=\"inner-column-content\">\n\t\t\t\t\t\t\t<\/div>\n\t\t<\/div>\n\t<\/div>\n\n\t\t\t<\/div>\n\t\t<\/div>\n\t<\/div>\n\n\n\t\t<\/div>\n\t<\/div>\n\n\n\n\n<div style=\"height:50px\" aria-hidden=\"true\" class=\"theme-wp-block wp-block-spacer\"><\/div>\n\n\n\n<div class=\"theme-wp-block wp-block-columns gb-responsive-492868-identifier is-layout-flex wp-container-core-columns-is-layout-9d6595d7 wp-block-columns-is-layout-flex\">\n<div class=\"theme-wp-block wp-block-column gb-responsive-633979-identifier is-layout-flow wp-block-column-is-layout-flow\" style=\"flex-basis:25%\">\n<figure class=\"theme-wp-block wp-block-image size-large is-resized gb-responsive-62921-identifier\"><img decoding=\"async\" src=\"https:\/\/d2bw95mh2ee04s.cloudfront.net\/prod\/content\/wp-content\/uploads\/2020\/12\/23142716\/fj-trading-logo.jpg\" alt=\"Success Story: FJ Trading FR\" class=\"wp-image-5127\" width=\"300\" height=\"167\"\/><\/figure>\n\n\n\n<p class=\"theme-wp-block gb-responsive-312552-identifier\"><strong><strong><strong>Fondation<\/strong><\/strong><\/strong> <strong>:<\/strong><br>2013<\/p>\n\n\n\n<p class=\"theme-wp-block gb-responsive-353708-identifier\"><strong><strong><strong>Secteur<\/strong><\/strong><\/strong> <strong>:<\/strong><br>Chaussures<\/p>\n\n\n\n<p class=\"theme-wp-block gb-responsive-741269-identifier\"><strong><strong><strong>Articles sur Amazon<\/strong> :&nbsp;<\/strong><\/strong><br>env. 100.000 SKU<\/p>\n\n\n\n<p class=\"theme-wp-block gb-responsive-218030-identifier\"><strong><strong><strong>Exp\u00e9ditions<\/strong><\/strong><\/strong> <strong>:&nbsp;<\/strong><br>env. 50.000 par mois<\/p>\n<\/div>\n\n\n\n<div class=\"theme-wp-block wp-block-column gb-responsive-243785-identifier is-layout-flow wp-block-column-is-layout-flow\" style=\"flex-basis:50%\">\n<h3 class=\"theme-wp-block wp-block-heading gb-responsive-34353-identifier\" id=\"block-c06fce04-ef87-4ffc-a3d6-b768ba377d17\">Contexte :<\/h3>\n\n\n\n<p class=\"theme-wp-block gb-responsive-710769-identifier\">Frank Jemetz est actif dans le monde des plateformes en ligne depuis 2004. Au d\u00e9but, il \u00e9tait principalement pr\u00e9sent sur Ebay, mais s\u2018est maintenant d\u00e9plac\u00e9 sur Amazon. \u00ab Nous avons fait de nombreux essais \u00bb, d\u00e9clare le PDG aujourd\u2018hui. \u00ab Des bateaux gonflables aux mousseurs \u00e0 lait, nous avions de tout. \u00bb Puis Frank Jemetz a propos\u00e9 des baskets Adidas. \u00ab Et d\u2018une mani\u00e8re ou d\u2018une autre, nous sommes rest\u00e9s coinc\u00e9s. \u00bb Aujourd\u2018hui, sa soci\u00e9t\u00e9, FJ Trading, vend principalement des chaussures, en grande partie sur les plateformes en ligne.<\/p>\n\n\n\n<h3 class=\"theme-wp-block wp-block-heading gb-responsive-182281-identifier\">Situation de Depart :<\/h3>\n\n\n\n<p class=\"theme-wp-block gb-responsive-318425-identifier\">\u00ab Sans Amazon, FJ Trading n\u2018existerait pas aujourd\u2018hui, en raison du nombre important d\u2018acheteurs \u00bb, affirme Frank Jemetz. \u00ab Mais la pression concurrentielle dans le commerce de d\u00e9tail y est \u00e9norme. Parfois, les prix sont inf\u00e9rieurs au prix d\u2018achat. D\u2018un c\u00f4t\u00e9, des marges n\u00e9gatives sont hors de question \u00bb, pr\u00e9cise-t-il.<\/p>\n\n\n\n<p class=\"theme-wp-block gb-responsive-730648-identifier\">\u00ab Mais de l\u2018autre, Amazon reste la plateforme de vente en ligne plus importante et est responsable de la majorit\u00e9 de notre chiffre d\u2018affaires.\u201c. Il \u00e9tait donc clair qu\u2018une strat\u00e9gie diff\u00e9rente \u00e9tait n\u00e9cessaire. \u00ab Vous ne pouvez pas suivre sur le long terme avec des prix de vente aussi bas. \u00bb Avec 100.000 r\u00e9f\u00e9rences, il est vite devenu impossible d\u2018optimiser les prix manuellement. Un outil automatis\u00e9 \u00e9tait n\u00e9cessaire.<\/p>\n\n\n\n<h3 class=\"theme-wp-block wp-block-heading gb-responsive-115756-identifier\">La Solution :<\/h3>\n\n\n\n<p class=\"theme-wp-block gb-responsive-49178-identifier\">\u00ab On ne peut plus se passer de repricer \u00bb, dit Frank Jemetz. \u00ab Depuis que nous utilisons le Repricer de SELLERLOGIC, le pourcentage de Buy Box de nos produits a consid\u00e9rablement augment\u00e9. \u00bb La strat\u00e9gie \u00ab Buy Box \u00bb int\u00e9gr\u00e9e \u00e0 l\u2018outil a \u00e9t\u00e9 un facteur d\u00e9cisif dans la d\u00e9cision de FJ Trading d\u2018utiliser le Repricer de SELLERLOGIC : \u00ab Nous avions d\u00e9j\u00e0 travaill\u00e9 avec un autre fournisseur, mais l\u2018outil n\u2018\u00e9tait pas optimis\u00e9 sp\u00e9cifiquement pour la \u00ab Buy Box \u00bb. M\u00eame un repricer maison programm\u00e9 sur mesure n\u2018a pas apport\u00e9 le succ\u00e8s souhait\u00e9, car l\u2018effort \u00e9tait bien trop important.<\/p>\n\n\n<div class=\"theme-block-group-wrap\">\n<div class=\"theme-wp-block wp-block-group gb-responsive-88118-identifier\"><div class=\"wp-block-group__inner-container is-layout-flow wp-block-group-is-layout-flow\">\t\t<div  class=\"theme-wp-block theme-block-user-card gb-responsive-799176-identifier is-style-full-width-line\">\n\t\t<div class=\"wrap-inner-content\">\n\t\t\t<div class=\"card-user-head\">\n\t\t\t\t<div class=\"card-user-avatar\">\n\t\t\t\t\t<div class=\"cover-avatar\" style=\"background-image: url(https:\/\/d2bw95mh2ee04s.cloudfront.net\/prod\/content\/wp-content\/uploads\/2020\/12\/23142717\/frank-jemetz.png);\"><\/div>\n\t\t\t\t<\/div>\n\t\t\t\t<div class=\"wrap-title\">\n\t\t\t\t\t<div class=\"card-user-name\">\n\t\t\t\t\t\t<div class=\"title\">\n\t\t\t\t\t\t\t<h3 class=\"heading-text\"><strong>Frank Jemetz<\/strong><\/h3>\n\t\t\t\t\t\t<\/div>\n\t\t\t\t\t\t<div class=\"card-user-position\">\n\t\t\t\t\t\t\t<div class=\"card-text\"><strong>\u200bDirecteur g\u00e9n\u00e9ral FJ Trading<\/strong><\/div>\n\t\t\t\t\t\t<\/div>\n\t\t\t\t\t<\/div>\n\t\t\t\t\t<div class=\"card-user-quote-icon\">\n\t\t\t\t\t<\/div>\n\t\t\t\t<\/div>\n\t\t\t<\/div>\n\t\t\t<div class=\"card-user-text\">\n\t\t\t\t<div class=\"card-text\"><p>La strat\u00e9gie &#8220;Buy Box&#8221;, qui ne n\u00e9cessite qu&#8217;un effort manuel minimal, le faible taux d&#8217;erreur et le fait que le Repricer fonctionne, tout simplement, sont les grands points forts de SELLERLOGIC !<\/p><\/div>\n\t\t\t<\/div>\n\t\t<\/div>\n\t<\/div>\n\n<\/div>\n<\/div><\/div>\n\n\n<h3 class=\"theme-wp-block wp-block-heading gb-responsive-595368-identifier\">Les R\u00e9sultats de SELLERLOGIC :<\/h3>\n\n\n\n<p class=\"theme-wp-block gb-responsive-439964-identifier\">Le diff\u00e9rence de SELLERLOGIC : \u00ab Une fois que j\u2018ai cr\u00e9\u00e9 les r\u00e8gles, je n\u2018ai plus \u00e0 me soucier de presque rien par la suite. Gr\u00e2ce aux importations automatiques, la mise en place a \u00e9t\u00e9 extr\u00eamement facile et le travail du repricer a imm\u00e9diatement \u00e9t\u00e9 convaincant : notre quota de \u00ab Buy Box \u00bb est tr\u00e8s bon. De plus, le service \u00e0 la client\u00e8le est impeccable et l\u2018outil est continuellement perfectionn\u00e9. \u00bb<\/p>\n\n\n\n<p class=\"theme-wp-block gb-responsive-668364-identifier\">\u00ab Le Repricer SELLERLOGIC affiche une disponibilit\u00e9 importante, les erreurs ne se produisent que tr\u00e8s rarement et sont rapidement corrig\u00e9es \u00bb, d\u00e9clare Frank Jemetz. Il est \u00e9galement important que le syst\u00e8me ne tombe jamais en dessous d\u2018un prix minimum fix\u00e9 afin de ne pas alimenter la guerre des prix sur Amazon. \u00ab Avec SELLERLOGIC, nous pouvons compter sur \u00e7a ! \u00bb<\/p>\n\n\n\n<p class=\"theme-wp-block gb-responsive-697003-identifier\">Frank Jemetz est enti\u00e8rement satisfait du Repricer de SELLERLOGIC : \u00ab La strat\u00e9gie \u00ab Buy Box \u00bb, qui ne n\u00e9cessite qu\u2018un effort manuel minimal, et le faible taux d\u2018erreur sont les grands points forts de SELLERLOGIC. Mais le plus important : le Repricer fonctionne, tout simplement ! \u00bb<\/p>\n\n\n\n<div class=\"theme-wp-block wp-block-buttons gb-responsive-497426-identifier is-layout-flex wp-block-buttons-is-layout-flex\">\n<div class=\"theme-wp-block wp-block-button gb-responsive-38220-identifier is-style-theme-transparent-with-arrow\"><a class=\"wp-block-button__link wp-element-button\" href=\"https:\/\/d2bw95mh2ee04s.cloudfront.net\/prod\/content\/files\/SUCCESS-STORIES\/FR\/SELLERLOGIC_SN_Success-Story_FJ-Trading_FR.pdf\" target=\"_blank\" rel=\"noreferrer noopener nofollow\"><strong>T\u00e9l\u00e9chargez maintenant !<\/strong> <\/a><\/div>\n<\/div>\n<\/div>\n\n\n\n<div class=\"theme-wp-block wp-block-column gb-responsive-252189-identifier is-layout-flow wp-block-column-is-layout-flow\" style=\"flex-basis:25%\"><\/div>\n<\/div>\n\n\n\n<p class=\"theme-wp-block gb-responsive-527070-identifier\"><\/p>\n","protected":false},"excerpt":{"rendered":"<p>Fondation :2013 Secteur :Chaussures Articles sur Amazon :&nbsp;env. 100.000 SKU Exp\u00e9ditions :&nbsp;env. 50.000 par mois Contexte : Frank Jemetz est actif dans le monde des plateformes en ligne depuis 2004. Au d\u00e9but, il \u00e9tait principalement pr\u00e9sent sur Ebay, mais s\u2018est maintenant d\u00e9plac\u00e9 sur Amazon. \u00ab Nous avons fait de nombreux essais \u00bb, d\u00e9clare le PDG<\/p>\n","protected":false},"author":8,"featured_media":0,"parent":5390,"menu_order":0,"comment_status":"closed","ping_status":"closed","template":"","meta":{"sidebar_recommended_resources":{"data":[]},"sidebar_header_settings":{"hide_buttons":{"register":false}},"_use_new_theme":false,"inline_featured_image":false,"footnotes":""},"class_list":["post-5724","page","type-page","status-publish","hentry"],"yoast_head":"<!-- This site is optimized with the Yoast SEO plugin v26.8 - https:\/\/yoast.com\/product\/yoast-seo-wordpress\/ -->\n<title>Plus de Buy Box, plus de ventes - avec le SELLERLOGIC Repricer !<\/title>\n<meta name=\"description\" content=\"Le SELLERLOGIC Repricer pour Amazon remporte la Buy Box et augmente vos ventes. Notre client FJ Trading peut le confirmer. Apprenez-en plus maintenant !\" \/>\n<meta name=\"robots\" content=\"index, follow, max-snippet:-1, max-image-preview:large, max-video-preview:-1\" \/>\n<link rel=\"canonical\" href=\"https:\/\/www.sellerlogic.com\/fr\/ressources\/histoire-dune-reussite-fj-trading\/\" \/>\n<meta property=\"og:locale\" content=\"fr_FR\" \/>\n<meta property=\"og:type\" content=\"article\" \/>\n<meta property=\"og:title\" content=\"Plus de Buy Box, plus de ventes - avec le SELLERLOGIC Repricer !\" \/>\n<meta property=\"og:description\" content=\"Le SELLERLOGIC Repricer pour Amazon remporte la Buy Box et augmente vos ventes. Notre client FJ Trading peut le confirmer. Apprenez-en plus maintenant !\" \/>\n<meta property=\"og:url\" content=\"https:\/\/www.sellerlogic.com\/fr\/ressources\/histoire-dune-reussite-fj-trading\/\" \/>\n<meta property=\"og:site_name\" content=\"SELLERLOGIC - Outils intelligents pour les vendeurs Amazon\" \/>\n<meta property=\"article:publisher\" content=\"https:\/\/www.facebook.com\/SellerLogic\/\" \/>\n<meta property=\"article:modified_time\" content=\"2023-08-23T15:45:46+00:00\" \/>\n<meta property=\"og:image\" content=\"https:\/\/d2bw95mh2ee04s.cloudfront.net\/prod\/content\/wp-content\/uploads\/2020\/12\/23142716\/fj-trading-logo.jpg\" \/>\n\t<meta property=\"og:image:width\" content=\"564\" \/>\n\t<meta property=\"og:image:height\" content=\"296\" \/>\n\t<meta property=\"og:image:type\" content=\"image\/jpeg\" \/>\n<meta name=\"twitter:card\" content=\"summary_large_image\" \/>\n<meta name=\"twitter:site\" content=\"@sellerlogic\" \/>\n<meta name=\"twitter:label1\" content=\"Est. reading time\" \/>\n\t<meta name=\"twitter:data1\" content=\"3 minutes\" \/>\n<script type=\"application\/ld+json\" class=\"yoast-schema-graph\">{\"@context\":\"https:\/\/schema.org\",\"@graph\":[{\"@type\":\"WebPage\",\"@id\":\"https:\/\/www.sellerlogic.com\/fr\/ressources\/histoire-dune-reussite-fj-trading\/\",\"url\":\"https:\/\/www.sellerlogic.com\/fr\/ressources\/histoire-dune-reussite-fj-trading\/\",\"name\":\"Plus de Buy Box, plus de ventes - avec le SELLERLOGIC Repricer !\",\"isPartOf\":{\"@id\":\"https:\/\/www.sellerlogic.com\/fr\/#website\"},\"primaryImageOfPage\":{\"@id\":\"https:\/\/www.sellerlogic.com\/fr\/ressources\/histoire-dune-reussite-fj-trading\/#primaryimage\"},\"image\":{\"@id\":\"https:\/\/www.sellerlogic.com\/fr\/ressources\/histoire-dune-reussite-fj-trading\/#primaryimage\"},\"thumbnailUrl\":\"https:\/\/www.sellerlogic.com\/wp-content\/uploads\/2020\/12\/fj-trading-logo.jpg\",\"datePublished\":\"2020-12-21T22:17:09+00:00\",\"dateModified\":\"2023-08-23T15:45:46+00:00\",\"description\":\"Le SELLERLOGIC Repricer pour Amazon remporte la Buy Box et augmente vos ventes. Notre client FJ Trading peut le confirmer. Apprenez-en plus maintenant !\",\"breadcrumb\":{\"@id\":\"https:\/\/www.sellerlogic.com\/fr\/ressources\/histoire-dune-reussite-fj-trading\/#breadcrumb\"},\"inLanguage\":\"fr-FR\",\"potentialAction\":[{\"@type\":\"ReadAction\",\"target\":[\"https:\/\/www.sellerlogic.com\/fr\/ressources\/histoire-dune-reussite-fj-trading\/\"]}]},{\"@type\":\"ImageObject\",\"inLanguage\":\"fr-FR\",\"@id\":\"https:\/\/www.sellerlogic.com\/fr\/ressources\/histoire-dune-reussite-fj-trading\/#primaryimage\",\"url\":\"https:\/\/www.sellerlogic.com\/wp-content\/uploads\/2020\/12\/fj-trading-logo.jpg\",\"contentUrl\":\"https:\/\/www.sellerlogic.com\/wp-content\/uploads\/2020\/12\/fj-trading-logo.jpg\"},{\"@type\":\"BreadcrumbList\",\"@id\":\"https:\/\/www.sellerlogic.com\/fr\/ressources\/histoire-dune-reussite-fj-trading\/#breadcrumb\",\"itemListElement\":[{\"@type\":\"ListItem\",\"position\":1,\"name\":\"Home\",\"item\":\"https:\/\/www.sellerlogic.com\/fr\/\"},{\"@type\":\"ListItem\",\"position\":2,\"name\":\"Ressourcen FR\",\"item\":\"https:\/\/www.sellerlogic.com\/fr\/ressources\/\"},{\"@type\":\"ListItem\",\"position\":3,\"name\":\"Success Story: FJ Trading FR\"}]},{\"@type\":\"WebSite\",\"@id\":\"https:\/\/www.sellerlogic.com\/fr\/#website\",\"url\":\"https:\/\/www.sellerlogic.com\/fr\/\",\"name\":\"SELLERLOGIC - Smarte Tools f\u00fcr Amazon-Seller\",\"description\":\"Intelligente Prozessoptimierung und Gewinnmaximierung\",\"publisher\":{\"@id\":\"https:\/\/www.sellerlogic.com\/fr\/#organization\"},\"potentialAction\":[{\"@type\":\"SearchAction\",\"target\":{\"@type\":\"EntryPoint\",\"urlTemplate\":\"https:\/\/www.sellerlogic.com\/fr\/?s={search_term_string}\"},\"query-input\":{\"@type\":\"PropertyValueSpecification\",\"valueRequired\":true,\"valueName\":\"search_term_string\"}}],\"inLanguage\":\"fr-FR\"},{\"@type\":\"Organization\",\"@id\":\"https:\/\/www.sellerlogic.com\/fr\/#organization\",\"name\":\"SELLERLOGIC\",\"url\":\"https:\/\/www.sellerlogic.com\/fr\/\",\"logo\":{\"@type\":\"ImageObject\",\"inLanguage\":\"fr-FR\",\"@id\":\"https:\/\/www.sellerlogic.com\/fr\/#\/schema\/logo\/image\/\",\"url\":\"https:\/\/d2bw95mh2ee04s.cloudfront.net\/prod\/content\/wp-content\/uploads\/2025\/01\/02134814\/Property-Logo-Main.svg\",\"contentUrl\":\"https:\/\/d2bw95mh2ee04s.cloudfront.net\/prod\/content\/wp-content\/uploads\/2025\/01\/02134814\/Property-Logo-Main.svg\",\"width\":184,\"height\":40,\"caption\":\"SELLERLOGIC\"},\"image\":{\"@id\":\"https:\/\/www.sellerlogic.com\/fr\/#\/schema\/logo\/image\/\"},\"sameAs\":[\"https:\/\/www.facebook.com\/SellerLogic\/\",\"https:\/\/x.com\/sellerlogic\",\"https:\/\/www.instagram.com\/sellerlogic\/\",\"https:\/\/www.linkedin.com\/company\/18402037\/\",\"https:\/\/www.youtube.com\/channel\/UC-gULUur-fNj08sprantKsQ\"]}]}<\/script>\n<!-- \/ Yoast SEO plugin. -->","yoast_head_json":{"title":"Plus de Buy Box, plus de ventes - avec le SELLERLOGIC Repricer !","description":"Le SELLERLOGIC Repricer pour Amazon remporte la Buy Box et augmente vos ventes. Notre client FJ Trading peut le confirmer. Apprenez-en plus maintenant !","robots":{"index":"index","follow":"follow","max-snippet":"max-snippet:-1","max-image-preview":"max-image-preview:large","max-video-preview":"max-video-preview:-1"},"canonical":"https:\/\/www.sellerlogic.com\/fr\/ressources\/histoire-dune-reussite-fj-trading\/","og_locale":"fr_FR","og_type":"article","og_title":"Plus de Buy Box, plus de ventes - avec le SELLERLOGIC Repricer !","og_description":"Le SELLERLOGIC Repricer pour Amazon remporte la Buy Box et augmente vos ventes. Notre client FJ Trading peut le confirmer. Apprenez-en plus maintenant !","og_url":"https:\/\/www.sellerlogic.com\/fr\/ressources\/histoire-dune-reussite-fj-trading\/","og_site_name":"SELLERLOGIC - Outils intelligents pour les vendeurs Amazon","article_publisher":"https:\/\/www.facebook.com\/SellerLogic\/","article_modified_time":"2023-08-23T15:45:46+00:00","og_image":[{"width":564,"height":296,"url":"https:\/\/d2bw95mh2ee04s.cloudfront.net\/prod\/content\/wp-content\/uploads\/2020\/12\/23142716\/fj-trading-logo.jpg","type":"image\/jpeg"}],"twitter_card":"summary_large_image","twitter_site":"@sellerlogic","twitter_misc":{"Est. reading time":"3 minutes"},"schema":{"@context":"https:\/\/schema.org","@graph":[{"@type":"WebPage","@id":"https:\/\/www.sellerlogic.com\/fr\/ressources\/histoire-dune-reussite-fj-trading\/","url":"https:\/\/www.sellerlogic.com\/fr\/ressources\/histoire-dune-reussite-fj-trading\/","name":"Plus de Buy Box, plus de ventes - avec le SELLERLOGIC Repricer !","isPartOf":{"@id":"https:\/\/www.sellerlogic.com\/fr\/#website"},"primaryImageOfPage":{"@id":"https:\/\/www.sellerlogic.com\/fr\/ressources\/histoire-dune-reussite-fj-trading\/#primaryimage"},"image":{"@id":"https:\/\/www.sellerlogic.com\/fr\/ressources\/histoire-dune-reussite-fj-trading\/#primaryimage"},"thumbnailUrl":"https:\/\/www.sellerlogic.com\/wp-content\/uploads\/2020\/12\/fj-trading-logo.jpg","datePublished":"2020-12-21T22:17:09+00:00","dateModified":"2023-08-23T15:45:46+00:00","description":"Le SELLERLOGIC Repricer pour Amazon remporte la Buy Box et augmente vos ventes. Notre client FJ Trading peut le confirmer. Apprenez-en plus maintenant !","breadcrumb":{"@id":"https:\/\/www.sellerlogic.com\/fr\/ressources\/histoire-dune-reussite-fj-trading\/#breadcrumb"},"inLanguage":"fr-FR","potentialAction":[{"@type":"ReadAction","target":["https:\/\/www.sellerlogic.com\/fr\/ressources\/histoire-dune-reussite-fj-trading\/"]}]},{"@type":"ImageObject","inLanguage":"fr-FR","@id":"https:\/\/www.sellerlogic.com\/fr\/ressources\/histoire-dune-reussite-fj-trading\/#primaryimage","url":"https:\/\/www.sellerlogic.com\/wp-content\/uploads\/2020\/12\/fj-trading-logo.jpg","contentUrl":"https:\/\/www.sellerlogic.com\/wp-content\/uploads\/2020\/12\/fj-trading-logo.jpg"},{"@type":"BreadcrumbList","@id":"https:\/\/www.sellerlogic.com\/fr\/ressources\/histoire-dune-reussite-fj-trading\/#breadcrumb","itemListElement":[{"@type":"ListItem","position":1,"name":"Home","item":"https:\/\/www.sellerlogic.com\/fr\/"},{"@type":"ListItem","position":2,"name":"Ressourcen FR","item":"https:\/\/www.sellerlogic.com\/fr\/ressources\/"},{"@type":"ListItem","position":3,"name":"Success Story: FJ Trading FR"}]},{"@type":"WebSite","@id":"https:\/\/www.sellerlogic.com\/fr\/#website","url":"https:\/\/www.sellerlogic.com\/fr\/","name":"SELLERLOGIC - Smarte Tools f\u00fcr Amazon-Seller","description":"Intelligente Prozessoptimierung und Gewinnmaximierung","publisher":{"@id":"https:\/\/www.sellerlogic.com\/fr\/#organization"},"potentialAction":[{"@type":"SearchAction","target":{"@type":"EntryPoint","urlTemplate":"https:\/\/www.sellerlogic.com\/fr\/?s={search_term_string}"},"query-input":{"@type":"PropertyValueSpecification","valueRequired":true,"valueName":"search_term_string"}}],"inLanguage":"fr-FR"},{"@type":"Organization","@id":"https:\/\/www.sellerlogic.com\/fr\/#organization","name":"SELLERLOGIC","url":"https:\/\/www.sellerlogic.com\/fr\/","logo":{"@type":"ImageObject","inLanguage":"fr-FR","@id":"https:\/\/www.sellerlogic.com\/fr\/#\/schema\/logo\/image\/","url":"https:\/\/d2bw95mh2ee04s.cloudfront.net\/prod\/content\/wp-content\/uploads\/2025\/01\/02134814\/Property-Logo-Main.svg","contentUrl":"https:\/\/d2bw95mh2ee04s.cloudfront.net\/prod\/content\/wp-content\/uploads\/2025\/01\/02134814\/Property-Logo-Main.svg","width":184,"height":40,"caption":"SELLERLOGIC"},"image":{"@id":"https:\/\/www.sellerlogic.com\/fr\/#\/schema\/logo\/image\/"},"sameAs":["https:\/\/www.facebook.com\/SellerLogic\/","https:\/\/x.com\/sellerlogic","https:\/\/www.instagram.com\/sellerlogic\/","https:\/\/www.linkedin.com\/company\/18402037\/","https:\/\/www.youtube.com\/channel\/UC-gULUur-fNj08sprantKsQ"]}]}},"_links":{"self":[{"href":"https:\/\/www.sellerlogic.com\/fr\/wp-json\/wp\/v2\/pages\/5724","targetHints":{"allow":["GET"]}}],"collection":[{"href":"https:\/\/www.sellerlogic.com\/fr\/wp-json\/wp\/v2\/pages"}],"about":[{"href":"https:\/\/www.sellerlogic.com\/fr\/wp-json\/wp\/v2\/types\/page"}],"author":[{"embeddable":true,"href":"https:\/\/www.sellerlogic.com\/fr\/wp-json\/wp\/v2\/users\/8"}],"replies":[{"embeddable":true,"href":"https:\/\/www.sellerlogic.com\/fr\/wp-json\/wp\/v2\/comments?post=5724"}],"version-history":[{"count":0,"href":"https:\/\/www.sellerlogic.com\/fr\/wp-json\/wp\/v2\/pages\/5724\/revisions"}],"up":[{"embeddable":true,"href":"https:\/\/www.sellerlogic.com\/fr\/wp-json\/wp\/v2\/pages\/5390"}],"wp:attachment":[{"href":"https:\/\/www.sellerlogic.com\/fr\/wp-json\/wp\/v2\/media?parent=5724"}],"curies":[{"name":"wp","href":"https:\/\/api.w.org\/{rel}","templated":true}]}}