
{"id":5758,"date":"2020-12-22T10:25:11","date_gmt":"2020-12-22T10:25:11","guid":{"rendered":"https:\/\/www.sellerlogic.com\/?page_id=5758"},"modified":"2021-01-06T15:05:58","modified_gmt":"2021-01-06T15:05:58","slug":"histoire-dune-reussite-dadaro","status":"publish","type":"page","link":"https:\/\/www.sellerlogic.com\/fr\/ressources\/histoire-dune-reussite-dadaro\/","title":{"rendered":"Success Story: Dadaro FR"},"content":{"rendered":"\n\t<div  class=\"theme-wp-block theme-block-main-header is-style-full-height desktop-align-full xl-align-full lg-align-full md-align-full sm-align-full desktop-content-align-y-center desktop-content-align-x-center xl-content-align-y-center xl-content-align-x-center lg-content-align-y-center lg-content-align-x-center md-content-align-y-center md-content-align-x-center sm-content-align-y-center sm-content-align-x-center gb-responsive-439567-identifier theme-block-cover\">\n\t\t<div class=\"bg-cover theme-lazy-load-bg\"><\/div>\n\t\t<div class=\"wrap-content-main-header\">\n\t\t\t\n\t\t<div  class=\"theme-wp-block theme-block-text-and-text desktop-align-wide xl-align-wide lg-align-wide md-align-wide sm-align-wide gb-responsive-511761-identifier desktop-blockDirection-column xl-blockDirection-column lg-blockDirection-column md-blockDirection-column sm-blockDirection-column\">\n\t\t<div class=\"tat-column-wrap-wrapper\">\n\t\t\t<div class=\"tat-column-wrapper\">\n\t\t\t\t\n\t<div  class=\"theme-wp-block theme-block-text-and-text-column gb-responsive-24925-identifier desktop-horizontal-center xl-horizontal-center lg-horizontal-center md-horizontal-center sm-horizontal-center\">\n\t\t<div class=\"inner-wrap-column-content\">\n\t\t\t<div class=\"inner-column-content\">\n\t\t\t\t\n\t\t<h1  class=\"theme-wp-block theme-block-heading gb-responsive-62496-identifier desktop-text-center xl-text-center lg-text-center md-text-center sm-text-center\">\n\t\tComment SELLERLOGIC Lost &amp; Found soutient l\u2018entreprise familiale Dadaro dans la crise du Coronavirus\t<\/h1>\n\n\n\t\t\t<\/div>\n\t\t<\/div>\n\t<\/div>\n\n\n\t<div  class=\"theme-wp-block theme-block-text-and-text-column gb-responsive-195365-identifier\">\n\t\t<div class=\"inner-wrap-column-content\">\n\t\t\t<div class=\"inner-column-content\">\n\t\t\t\t\t\t\t<\/div>\n\t\t<\/div>\n\t<\/div>\n\n\t\t\t<\/div>\n\t\t<\/div>\n\t<\/div>\n\n\n\t\t<\/div>\n\t<\/div>\n\n\n\n\n<div style=\"height:50px\" aria-hidden=\"true\" class=\"theme-wp-block wp-block-spacer\"><\/div>\n\n\n\n<div class=\"theme-wp-block wp-block-columns gb-responsive-586014-identifier is-layout-flex wp-container-core-columns-is-layout-9d6595d7 wp-block-columns-is-layout-flex\">\n<div class=\"theme-wp-block wp-block-column gb-responsive-33587-identifier is-layout-flow wp-block-column-is-layout-flow\" style=\"flex-basis:25%\">\n<figure class=\"theme-wp-block wp-block-image size-large is-resized gb-responsive-62921-identifier\"><img decoding=\"async\" src=\"https:\/\/d2bw95mh2ee04s.cloudfront.net\/prod\/content\/wp-content\/uploads\/2020\/12\/23142718\/logo-monde-petit.png\" alt=\"Success Story: Dadaro FR\" class=\"wp-image-5015\" width=\"249\" height=\"219\" srcset=\"https:\/\/d2bw95mh2ee04s.cloudfront.net\/prod\/content\/wp-content\/uploads\/2020\/12\/23142718\/logo-monde-petit-407x358.png 407w, https:\/\/d2bw95mh2ee04s.cloudfront.net\/prod\/content\/wp-content\/uploads\/2020\/12\/23142718\/logo-monde-petit.png 600w\" sizes=\"(max-width: 249px) 100vw, 249px\" \/><\/figure>\n\n\n\n<p class=\"theme-wp-block gb-responsive-301872-identifier\"><strong>Foundation :<\/strong><br>2004<\/p>\n\n\n\n<p class=\"theme-wp-block gb-responsive-580597-identifier\"><strong>Secteur <\/strong>:<br>Bijouterie<\/p>\n\n\n\n<p class=\"theme-wp-block gb-responsive-313584-identifier\"><strong>Articles sur Amazon :&nbsp;<\/strong><br>environ 1.600 SKU<\/p>\n\n\n\n<p class=\"theme-wp-block gb-responsive-989633-identifier\"><strong>Exp\u00e9ditions :<\/strong><br>environ 700 par mois<\/p>\n<\/div>\n\n\n\n<div class=\"theme-wp-block wp-block-column gb-responsive-980941-identifier is-layout-flow wp-block-column-is-layout-flow\" style=\"flex-basis:50%\">\n<h3 class=\"theme-wp-block gb-responsive-34353-identifier wp-block-heading\" id=\"block-c06fce04-ef87-4ffc-a3d6-b768ba377d17\">Contexte :<\/h3>\n\n\n\n<p class=\"theme-wp-block gb-responsive-585237-identifier\">En 2008, au cours de l\u2018une des ann\u00e9es les plus difficiles de la crise \u00e9conomique en Espagne, l\u2018entreprise familiale Dadaro, fond\u00e9e en 2004, a observ\u00e9 la lente disparition du commerce traditionnel. La soci\u00e9t\u00e9, sp\u00e9cialis\u00e9e dans la fabrication, l\u2018achat et la vente de bijoux, a \u00e9galement d\u00fb faire face \u00e0 la hausse spectaculaire du prix de l\u2018or, qui a r\u00e9duit plus encore la demande de bijoux de qualit\u00e9. \u00c0 ce stade, Luis \u00e9tait s\u00fbr qu\u2018il devait oser quelque chose de nouveau pour sauver l\u2018entreprise familiale : la vente sur Internet.<\/p>\n\n\n\n<h3 class=\"theme-wp-block gb-responsive-23910-identifier wp-block-heading\">Situation initiale&nbsp;:<\/h3>\n\n\n\n<p class=\"theme-wp-block gb-responsive-954719-identifier\">Apr\u00e8s avoir cr\u00e9\u00e9 la boutique en ligne de bijoux \u00ab MondePetit \u00bb, Luis d\u00e9cide de se lancer dans l\u2018aventure de la vente sur Amazon en 2015. Avec sa boutique \u00ab Dadaro \u00bb sur amazon.es, il s\u2018est vite rendu compte que le march\u00e9 lui ouvrait ses portes non seulement en Espagne, mais dans toute l\u2018Europe. En 2017, Luis a transform\u00e9 la petite entreprise familiale en un d\u00e9partement de ventes internationales qui, avec l\u2018aide d\u2018Amazon FBA, vend ses produits en Italie, en Allemagne, en France et au Royaume-Uni.&nbsp;<\/p>\n\n\n\n<p class=\"theme-wp-block gb-responsive-384464-identifier\">\u00ab Le service FBA et sa logistique multicanal ont eu un impact profond sur notre activit\u00e9. \u00bb confirme Luis, \u00ab En termes de service \u00e0 la client\u00e8le \u00e9galement, la FBA nous a \u00e9t\u00e9 tr\u00e8s utile, car Amazon traite directement les demandes des clients. Mais nous avons aussi r\u00e9alis\u00e9 que m\u00eame un g\u00e9ant comme Amazon ne fonctionnait pas parfaitement. Avec tant de mouvements de produits, il arrivait in\u00e9vitablement que des marchandises soient cass\u00e9es ou perdues \u00bb.<\/p>\n\n\n\n<h3 class=\"theme-wp-block gb-responsive-585691-identifier wp-block-heading\">Solution :<\/h3>\n\n\n\n<p class=\"theme-wp-block gb-responsive-512845-identifier\">Au cours de la longue p\u00e9riode de confinement en Espagne, Luis G\u00f3mez utilise son temps pour lire attentivement ses e-mails. C\u2018est ainsi qu\u2018il d\u00e9couvre VGAMZ, l\u2018une des premi\u00e8res agences de conseil en vente sur Amazon : \u00ab L\u2018e-mail a attir\u00e9 mon attention et j\u2018ai pris le temps d\u2018\u00e9couter le podcast de VGAMZ. J\u2018ai ainsi pris connaissance de la cha\u00eene YouTube de l\u2018agence et lorsque j\u2018ai vu le tutoriel vid\u00e9o sur l\u2018outil Lost &amp; Found de SELLERLOGIC, je me suis dit que c\u2018est exactement ce dont nous avions besoin en ce moment \u00bb, d\u00e9clare Luis. \u00ab J\u2018ai not\u00e9 le nom de l\u2018outil et quelques jours plus tard, je cr\u00e9ais mon compte sur SELLERLOGIC \u00bb.<\/p>\n\n\n<div class=\"theme-block-group-wrap\">\n<div class=\"theme-wp-block wp-block-group gb-responsive-88118-identifier\"><div class=\"wp-block-group__inner-container\"><div class=\"wp-block-group__inner-container is-layout-flow wp-block-group-is-layout-flow\">\t\t<div  class=\"theme-wp-block theme-block-user-card gb-responsive-799176-identifier is-style-full-width-line\">\n\t\t<div class=\"wrap-inner-content\">\n\t\t\t<div class=\"card-user-head\">\n\t\t\t\t<div class=\"card-user-avatar\">\n\t\t\t\t\t<div class=\"cover-avatar\" style=\"background-image: url(https:\/\/d2bw95mh2ee04s.cloudfront.net\/prod\/content\/wp-content\/uploads\/2020\/12\/23142718\/luis-gomez_raute.png);\"><\/div>\n\t\t\t\t<\/div>\n\t\t\t\t<div class=\"wrap-title\">\n\t\t\t\t\t<div class=\"card-user-name\">\n\t\t\t\t\t\t<div class=\"title\">\n\t\t\t\t\t\t\t<h3 class=\"heading-text\"><strong>Luis G\u00f3mez<\/strong><\/h3>\n\t\t\t\t\t\t<\/div>\n\t\t\t\t\t\t<div class=\"card-user-position\">\n\t\t\t\t\t\t\t<div class=\"card-text\"><strong>Directeur g\u00e9n\u00e9rale Dadaro<\/strong><\/div>\n\t\t\t\t\t\t<\/div>\n\t\t\t\t\t<\/div>\n\t\t\t\t\t<div class=\"card-user-quote-icon\">\n\t\t\t\t\t<\/div>\n\t\t\t\t<\/div>\n\t\t\t<\/div>\n\t\t\t<div class=\"card-user-text\">\n\t\t\t\t<div class=\"card-text\"><p>\u201cEn ces temps de coronavirus, SELLERLOGIC a \u00e9t\u00e9 un v\u00e9ritable cadeau pour moi. Je nous souhaite une longue et fructueuse collaboration.\u201c<\/p><\/div>\n\t\t\t<\/div>\n\t\t<\/div>\n\t<\/div>\n\n<\/div><\/div>\n<\/div><\/div>\n\n\n<h3 class=\"theme-wp-block gb-responsive-309482-identifier wp-block-heading\">Le succes de SELLERLOGIC :<\/h3>\n\n\n\n<p class=\"theme-wp-block gb-responsive-567075-identifier\">\u00ab Tout a \u00e9t\u00e9 mis en place facilement et tr\u00e8s rapidement. Nous n\u2018avons m\u00eame pas eu besoin de l\u2018aide du service client\u00e8le de SELLERLOGIC. La proc\u00e9dure d\u2018enregistrement \u00e9tait pratique et l\u2018outil a \u00e9t\u00e9 mis en place en quelques clics. Peu de temps apr\u00e8s, les premi\u00e8res demandes de remboursement sont apparues. Quand j\u2018ai vu 117 dossiers, j\u2018en croyais \u00e0 peine mes yeux ! \u00bb.<\/p>\n\n\n\n<p class=\"theme-wp-block gb-responsive-347286-identifier\">\u00ab Ce qui nous a \u00e9t\u00e9 le plus utile, dans la situation actuelle, est l\u2018automatisation de l\u2018ensemble du processus, c\u2018est-\u00e0-dire l\u2018analyse compl\u00e8te de tous les rapports d\u2018Amazon et des transactions suspectes \u00bb, ajoute Luis. \u00ab Il n\u2018a jamais \u00e9t\u00e9 aussi facile de d\u00e9poser des r\u00e9clamations aupr\u00e8s d\u2018Amazon. Il me suffit de copier les informations n\u00e9cessaires et de les coller sur Amazon \u00bb.<\/p>\n\n\n\n<p class=\"theme-wp-block gb-responsive-250014-identifier\">\u00ab Sans SELLERLOGIC, je n\u2018aurais probablement jamais re\u00e7u ce remboursement de plus de 3.886 EUR. Surtout dans la situation actuelle, o\u00f9 les changements constants d\u2018Amazon requi\u00e8rent toute mon attention, je n\u2018aurais pas pu m\u2018occuper des r\u00e9clamations \u00bb. explique Luis Gomez. \u00ab De mon point de vue, les entreprises n\u2018ont rien \u00e0 perdre en utilisant cet outil. Je ne peux que le recommander \u00e0 tout le monde \u00bb.<a href=\"https:\/\/d2bw95mh2ee04s.cloudfront.net\/prod\/content\/files\/SUCCESS-STORIES\/FR\/SELLERLOGIC_SN_Success-Story_Dadaro_FR.pdf\" target=\"_blank\" rel=\"noreferrer noopener nofollow\"><\/a><\/p>\n\n\n\n<div class=\"theme-wp-block wp-block-buttons gb-responsive-497426-identifier is-layout-flex wp-block-buttons-is-layout-flex\">\n<div class=\"theme-wp-block wp-block-button gb-responsive-38220-identifier is-style-theme-transparent-with-arrow\"><a class=\"wp-block-button__link\" href=\"https:\/\/d2bw95mh2ee04s.cloudfront.net\/prod\/content\/files\/SUCCESS-STORIES\/FR\/SELLERLOGIC_SN_Success-Story_Dadaro_FR.pdf\" target=\"_blank\" rel=\"noreferrer noopener nofollow\">T\u00e9l\u00e9chargez maintenant ! <\/a><\/div>\n<\/div>\n<\/div>\n\n\n\n<div class=\"theme-wp-block wp-block-column gb-responsive-405774-identifier is-layout-flow wp-block-column-is-layout-flow\" style=\"flex-basis:25%\"><\/div>\n<\/div>\n\n\n\n<p class=\"theme-wp-block gb-responsive-527070-identifier\"><\/p>\n","protected":false},"excerpt":{"rendered":"<p>Foundation :2004 Secteur :Bijouterie Articles sur Amazon :&nbsp;environ 1.600 SKU Exp\u00e9ditions :environ 700 par mois Contexte : En 2008, au cours de l\u2018une des ann\u00e9es les plus difficiles de la crise \u00e9conomique en Espagne, l\u2018entreprise familiale Dadaro, fond\u00e9e en 2004, a observ\u00e9 la lente disparition du commerce traditionnel. La soci\u00e9t\u00e9, sp\u00e9cialis\u00e9e dans la fabrication, l\u2018achat<\/p>\n","protected":false},"author":3,"featured_media":0,"parent":5390,"menu_order":0,"comment_status":"closed","ping_status":"closed","template":"","meta":{"sidebar_recommended_resources":{"data":[]},"sidebar_header_settings":{"hide_buttons":{"register":false}},"_use_new_theme":false,"inline_featured_image":false,"footnotes":""},"class_list":["post-5758","page","type-page","status-publish","hentry"],"yoast_head":"<!-- This site is optimized with the Yoast SEO plugin v26.8 - https:\/\/yoast.com\/product\/yoast-seo-wordpress\/ -->\n<title>Comment Lost&amp;Found a aid\u00e9 Dadaro dans la crise de Corona | SELLERLOGIC<\/title>\n<meta name=\"description\" content=\"Pour de nombreux vendeurs, 2020 a \u00e9t\u00e9 une ann\u00e9e difficile. D\u00e9couvrez comment Dadaro a utilis\u00e9 l&#039;outil des objets trouv\u00e9s pour g\u00e9rer la crise.\" \/>\n<meta name=\"robots\" content=\"index, follow, max-snippet:-1, max-image-preview:large, max-video-preview:-1\" \/>\n<link rel=\"canonical\" href=\"https:\/\/www.sellerlogic.com\/fr\/ressources\/histoire-dune-reussite-dadaro\/\" \/>\n<meta property=\"og:locale\" content=\"fr_FR\" \/>\n<meta property=\"og:type\" content=\"article\" \/>\n<meta property=\"og:title\" content=\"Comment Lost&amp;Found a aid\u00e9 Dadaro dans la crise de Corona | SELLERLOGIC\" \/>\n<meta property=\"og:description\" content=\"Pour de nombreux vendeurs, 2020 a \u00e9t\u00e9 une ann\u00e9e difficile. D\u00e9couvrez comment Dadaro a utilis\u00e9 l&#039;outil des objets trouv\u00e9s pour g\u00e9rer la crise.\" \/>\n<meta property=\"og:url\" content=\"https:\/\/www.sellerlogic.com\/fr\/ressources\/histoire-dune-reussite-dadaro\/\" \/>\n<meta property=\"og:site_name\" content=\"SELLERLOGIC - Outils intelligents pour les vendeurs Amazon\" \/>\n<meta property=\"article:publisher\" content=\"https:\/\/www.facebook.com\/SellerLogic\/\" \/>\n<meta property=\"article:modified_time\" content=\"2021-01-06T15:05:58+00:00\" \/>\n<meta property=\"og:image\" content=\"https:\/\/www.sellerlogic.com\/wp-content\/uploads\/2020\/12\/logo-monde-petit.png\" \/>\n<meta name=\"twitter:card\" content=\"summary_large_image\" \/>\n<meta name=\"twitter:site\" content=\"@sellerlogic\" \/>\n<meta name=\"twitter:label1\" content=\"Est. reading time\" \/>\n\t<meta name=\"twitter:data1\" content=\"3 minutes\" \/>\n<script type=\"application\/ld+json\" class=\"yoast-schema-graph\">{\"@context\":\"https:\/\/schema.org\",\"@graph\":[{\"@type\":\"WebPage\",\"@id\":\"https:\/\/www.sellerlogic.com\/fr\/ressources\/histoire-dune-reussite-dadaro\/\",\"url\":\"https:\/\/www.sellerlogic.com\/fr\/ressources\/histoire-dune-reussite-dadaro\/\",\"name\":\"Comment Lost&Found a aid\u00e9 Dadaro dans la crise de Corona | SELLERLOGIC\",\"isPartOf\":{\"@id\":\"https:\/\/www.sellerlogic.com\/fr\/#website\"},\"primaryImageOfPage\":{\"@id\":\"https:\/\/www.sellerlogic.com\/fr\/ressources\/histoire-dune-reussite-dadaro\/#primaryimage\"},\"image\":{\"@id\":\"https:\/\/www.sellerlogic.com\/fr\/ressources\/histoire-dune-reussite-dadaro\/#primaryimage\"},\"thumbnailUrl\":\"https:\/\/www.sellerlogic.com\/wp-content\/uploads\/2020\/12\/logo-monde-petit.png\",\"datePublished\":\"2020-12-22T10:25:11+00:00\",\"dateModified\":\"2021-01-06T15:05:58+00:00\",\"description\":\"Pour de nombreux vendeurs, 2020 a \u00e9t\u00e9 une ann\u00e9e difficile. D\u00e9couvrez comment Dadaro a utilis\u00e9 l'outil des objets trouv\u00e9s pour g\u00e9rer la crise.\",\"breadcrumb\":{\"@id\":\"https:\/\/www.sellerlogic.com\/fr\/ressources\/histoire-dune-reussite-dadaro\/#breadcrumb\"},\"inLanguage\":\"fr-FR\",\"potentialAction\":[{\"@type\":\"ReadAction\",\"target\":[\"https:\/\/www.sellerlogic.com\/fr\/ressources\/histoire-dune-reussite-dadaro\/\"]}]},{\"@type\":\"ImageObject\",\"inLanguage\":\"fr-FR\",\"@id\":\"https:\/\/www.sellerlogic.com\/fr\/ressources\/histoire-dune-reussite-dadaro\/#primaryimage\",\"url\":\"https:\/\/www.sellerlogic.com\/wp-content\/uploads\/2020\/12\/logo-monde-petit.png\",\"contentUrl\":\"https:\/\/www.sellerlogic.com\/wp-content\/uploads\/2020\/12\/logo-monde-petit.png\"},{\"@type\":\"BreadcrumbList\",\"@id\":\"https:\/\/www.sellerlogic.com\/fr\/ressources\/histoire-dune-reussite-dadaro\/#breadcrumb\",\"itemListElement\":[{\"@type\":\"ListItem\",\"position\":1,\"name\":\"Home\",\"item\":\"https:\/\/www.sellerlogic.com\/fr\/\"},{\"@type\":\"ListItem\",\"position\":2,\"name\":\"Ressourcen FR\",\"item\":\"https:\/\/127.0.0.1\/de\/ressourcen\/\"},{\"@type\":\"ListItem\",\"position\":3,\"name\":\"Success Story: Dadaro FR\"}]},{\"@type\":\"WebSite\",\"@id\":\"https:\/\/www.sellerlogic.com\/fr\/#website\",\"url\":\"https:\/\/www.sellerlogic.com\/fr\/\",\"name\":\"SELLERLOGIC - Smarte Tools f\u00fcr Amazon-Seller\",\"description\":\"Intelligente Prozessoptimierung und Gewinnmaximierung\",\"publisher\":{\"@id\":\"https:\/\/www.sellerlogic.com\/fr\/#organization\"},\"potentialAction\":[{\"@type\":\"SearchAction\",\"target\":{\"@type\":\"EntryPoint\",\"urlTemplate\":\"https:\/\/www.sellerlogic.com\/fr\/?s={search_term_string}\"},\"query-input\":{\"@type\":\"PropertyValueSpecification\",\"valueRequired\":true,\"valueName\":\"search_term_string\"}}],\"inLanguage\":\"fr-FR\"},{\"@type\":\"Organization\",\"@id\":\"https:\/\/www.sellerlogic.com\/fr\/#organization\",\"name\":\"SELLERLOGIC\",\"url\":\"https:\/\/www.sellerlogic.com\/fr\/\",\"logo\":{\"@type\":\"ImageObject\",\"inLanguage\":\"fr-FR\",\"@id\":\"https:\/\/www.sellerlogic.com\/fr\/#\/schema\/logo\/image\/\",\"url\":\"https:\/\/d2bw95mh2ee04s.cloudfront.net\/prod\/content\/wp-content\/uploads\/2025\/01\/02134814\/Property-Logo-Main.svg\",\"contentUrl\":\"https:\/\/d2bw95mh2ee04s.cloudfront.net\/prod\/content\/wp-content\/uploads\/2025\/01\/02134814\/Property-Logo-Main.svg\",\"width\":184,\"height\":40,\"caption\":\"SELLERLOGIC\"},\"image\":{\"@id\":\"https:\/\/www.sellerlogic.com\/fr\/#\/schema\/logo\/image\/\"},\"sameAs\":[\"https:\/\/www.facebook.com\/SellerLogic\/\",\"https:\/\/x.com\/sellerlogic\",\"https:\/\/www.instagram.com\/sellerlogic\/\",\"https:\/\/www.linkedin.com\/company\/18402037\/\",\"https:\/\/www.youtube.com\/channel\/UC-gULUur-fNj08sprantKsQ\"]}]}<\/script>\n<!-- \/ Yoast SEO plugin. -->","yoast_head_json":{"title":"Comment Lost&Found a aid\u00e9 Dadaro dans la crise de Corona | SELLERLOGIC","description":"Pour de nombreux vendeurs, 2020 a \u00e9t\u00e9 une ann\u00e9e difficile. D\u00e9couvrez comment Dadaro a utilis\u00e9 l'outil des objets trouv\u00e9s pour g\u00e9rer la crise.","robots":{"index":"index","follow":"follow","max-snippet":"max-snippet:-1","max-image-preview":"max-image-preview:large","max-video-preview":"max-video-preview:-1"},"canonical":"https:\/\/www.sellerlogic.com\/fr\/ressources\/histoire-dune-reussite-dadaro\/","og_locale":"fr_FR","og_type":"article","og_title":"Comment Lost&Found a aid\u00e9 Dadaro dans la crise de Corona | SELLERLOGIC","og_description":"Pour de nombreux vendeurs, 2020 a \u00e9t\u00e9 une ann\u00e9e difficile. D\u00e9couvrez comment Dadaro a utilis\u00e9 l'outil des objets trouv\u00e9s pour g\u00e9rer la crise.","og_url":"https:\/\/www.sellerlogic.com\/fr\/ressources\/histoire-dune-reussite-dadaro\/","og_site_name":"SELLERLOGIC - Outils intelligents pour les vendeurs Amazon","article_publisher":"https:\/\/www.facebook.com\/SellerLogic\/","article_modified_time":"2021-01-06T15:05:58+00:00","og_image":[{"url":"https:\/\/www.sellerlogic.com\/wp-content\/uploads\/2020\/12\/logo-monde-petit.png","type":"","width":"","height":""}],"twitter_card":"summary_large_image","twitter_site":"@sellerlogic","twitter_misc":{"Est. reading time":"3 minutes"},"schema":{"@context":"https:\/\/schema.org","@graph":[{"@type":"WebPage","@id":"https:\/\/www.sellerlogic.com\/fr\/ressources\/histoire-dune-reussite-dadaro\/","url":"https:\/\/www.sellerlogic.com\/fr\/ressources\/histoire-dune-reussite-dadaro\/","name":"Comment Lost&Found a aid\u00e9 Dadaro dans la crise de Corona | SELLERLOGIC","isPartOf":{"@id":"https:\/\/www.sellerlogic.com\/fr\/#website"},"primaryImageOfPage":{"@id":"https:\/\/www.sellerlogic.com\/fr\/ressources\/histoire-dune-reussite-dadaro\/#primaryimage"},"image":{"@id":"https:\/\/www.sellerlogic.com\/fr\/ressources\/histoire-dune-reussite-dadaro\/#primaryimage"},"thumbnailUrl":"https:\/\/www.sellerlogic.com\/wp-content\/uploads\/2020\/12\/logo-monde-petit.png","datePublished":"2020-12-22T10:25:11+00:00","dateModified":"2021-01-06T15:05:58+00:00","description":"Pour de nombreux vendeurs, 2020 a \u00e9t\u00e9 une ann\u00e9e difficile. D\u00e9couvrez comment Dadaro a utilis\u00e9 l'outil des objets trouv\u00e9s pour g\u00e9rer la crise.","breadcrumb":{"@id":"https:\/\/www.sellerlogic.com\/fr\/ressources\/histoire-dune-reussite-dadaro\/#breadcrumb"},"inLanguage":"fr-FR","potentialAction":[{"@type":"ReadAction","target":["https:\/\/www.sellerlogic.com\/fr\/ressources\/histoire-dune-reussite-dadaro\/"]}]},{"@type":"ImageObject","inLanguage":"fr-FR","@id":"https:\/\/www.sellerlogic.com\/fr\/ressources\/histoire-dune-reussite-dadaro\/#primaryimage","url":"https:\/\/www.sellerlogic.com\/wp-content\/uploads\/2020\/12\/logo-monde-petit.png","contentUrl":"https:\/\/www.sellerlogic.com\/wp-content\/uploads\/2020\/12\/logo-monde-petit.png"},{"@type":"BreadcrumbList","@id":"https:\/\/www.sellerlogic.com\/fr\/ressources\/histoire-dune-reussite-dadaro\/#breadcrumb","itemListElement":[{"@type":"ListItem","position":1,"name":"Home","item":"https:\/\/www.sellerlogic.com\/fr\/"},{"@type":"ListItem","position":2,"name":"Ressourcen FR","item":"https:\/\/127.0.0.1\/de\/ressourcen\/"},{"@type":"ListItem","position":3,"name":"Success Story: Dadaro FR"}]},{"@type":"WebSite","@id":"https:\/\/www.sellerlogic.com\/fr\/#website","url":"https:\/\/www.sellerlogic.com\/fr\/","name":"SELLERLOGIC - Smarte Tools f\u00fcr Amazon-Seller","description":"Intelligente Prozessoptimierung und Gewinnmaximierung","publisher":{"@id":"https:\/\/www.sellerlogic.com\/fr\/#organization"},"potentialAction":[{"@type":"SearchAction","target":{"@type":"EntryPoint","urlTemplate":"https:\/\/www.sellerlogic.com\/fr\/?s={search_term_string}"},"query-input":{"@type":"PropertyValueSpecification","valueRequired":true,"valueName":"search_term_string"}}],"inLanguage":"fr-FR"},{"@type":"Organization","@id":"https:\/\/www.sellerlogic.com\/fr\/#organization","name":"SELLERLOGIC","url":"https:\/\/www.sellerlogic.com\/fr\/","logo":{"@type":"ImageObject","inLanguage":"fr-FR","@id":"https:\/\/www.sellerlogic.com\/fr\/#\/schema\/logo\/image\/","url":"https:\/\/d2bw95mh2ee04s.cloudfront.net\/prod\/content\/wp-content\/uploads\/2025\/01\/02134814\/Property-Logo-Main.svg","contentUrl":"https:\/\/d2bw95mh2ee04s.cloudfront.net\/prod\/content\/wp-content\/uploads\/2025\/01\/02134814\/Property-Logo-Main.svg","width":184,"height":40,"caption":"SELLERLOGIC"},"image":{"@id":"https:\/\/www.sellerlogic.com\/fr\/#\/schema\/logo\/image\/"},"sameAs":["https:\/\/www.facebook.com\/SellerLogic\/","https:\/\/x.com\/sellerlogic","https:\/\/www.instagram.com\/sellerlogic\/","https:\/\/www.linkedin.com\/company\/18402037\/","https:\/\/www.youtube.com\/channel\/UC-gULUur-fNj08sprantKsQ"]}]}},"_links":{"self":[{"href":"https:\/\/www.sellerlogic.com\/fr\/wp-json\/wp\/v2\/pages\/5758","targetHints":{"allow":["GET"]}}],"collection":[{"href":"https:\/\/www.sellerlogic.com\/fr\/wp-json\/wp\/v2\/pages"}],"about":[{"href":"https:\/\/www.sellerlogic.com\/fr\/wp-json\/wp\/v2\/types\/page"}],"author":[{"embeddable":true,"href":"https:\/\/www.sellerlogic.com\/fr\/wp-json\/wp\/v2\/users\/3"}],"replies":[{"embeddable":true,"href":"https:\/\/www.sellerlogic.com\/fr\/wp-json\/wp\/v2\/comments?post=5758"}],"version-history":[{"count":0,"href":"https:\/\/www.sellerlogic.com\/fr\/wp-json\/wp\/v2\/pages\/5758\/revisions"}],"up":[{"embeddable":true,"href":"https:\/\/www.sellerlogic.com\/fr\/wp-json\/wp\/v2\/pages\/5390"}],"wp:attachment":[{"href":"https:\/\/www.sellerlogic.com\/fr\/wp-json\/wp\/v2\/media?parent=5758"}],"curies":[{"name":"wp","href":"https:\/\/api.w.org\/{rel}","templated":true}]}}