
{"id":6182,"date":"2021-01-06T11:46:27","date_gmt":"2021-01-06T11:46:27","guid":{"rendered":"https:\/\/www.sellerlogic.com\/?page_id=6182"},"modified":"2021-02-22T12:09:39","modified_gmt":"2021-02-22T12:09:39","slug":"wb-fr-202001","status":"publish","type":"page","link":"https:\/\/www.sellerlogic.com\/fr\/ressources\/wb-fr-202001\/","title":{"rendered":"Workbook: 6 FBA-Tipps FR"},"content":{"rendered":"\n\t<div  class=\"theme-wp-block theme-block-main-header is-style-default gb-responsive-748093-identifier desktop-content-align-y-center xl-content-align-y-center lg-content-align-y-center md-content-align-y-center sm-content-align-y-center desktop-content-align-x-center xl-content-align-x-center lg-content-align-x-center md-content-align-x-center sm-content-align-x-center desktop-gb-has-no-icon xl-gb-has-no-icon lg-gb-has-no-icon md-gb-has-no-icon sm-gb-has-no-icon desktop-align-full xl-align-full lg-align-full md-align-full sm-align-full theme-block-cover\">\n\t\t<div class=\"bg-cover theme-lazy-load-bg\"><\/div>\n\t\t<div class=\"wrap-content-main-header\">\n\t\t\t\n\t\t<div  class=\"theme-wp-block theme-block-text-and-text desktop-blockDirection-column xl-blockDirection-column lg-blockDirection-column md-blockDirection-column sm-blockDirection-column desktop-vertical-center xl-vertical-center lg-vertical-center md-vertical-center sm-vertical-center desktop-align-wide xl-align-wide lg-align-wide md-align-wide sm-align-wide is-style-default gb-responsive-4434-identifier\">\n\t\t<div class=\"tat-column-wrap-wrapper\">\n\t\t\t<div class=\"tat-column-wrapper\">\n\t\t\t\t\n\t<div  class=\"theme-wp-block theme-block-text-and-text-column desktop-horizontal-center xl-horizontal-center lg-horizontal-center md-horizontal-center sm-horizontal-center gb-responsive-528051-identifier\">\n\t\t<div class=\"inner-wrap-column-content\">\n\t\t\t<div class=\"inner-column-content\">\n\t\t\t\t\n<div class=\"theme-block-group-wrap\">\n<div class=\"theme-wp-block wp-block-group gb-responsive-653977-identifier has-background\" style=\"background:linear-gradient(19deg,rgba(245,247,250,0.65) 44%,rgba(255,255,255,0.65) 100%)\"><div class=\"wp-block-group__inner-container\"><div class=\"wp-block-group__inner-container is-layout-flow wp-block-group-is-layout-flow\">\t\t<h1  class=\"theme-wp-block theme-block-heading is-style-default desktop-text-center xl-text-center lg-text-center md-text-center sm-text-center gb-responsive-120765-identifier h1\">\n\t\t6 conseils pour FBA\t<\/h1>\n\n\n\n\t\t<h2  class=\"theme-wp-block theme-block-heading gb-responsive-702887-identifier desktop-text-center xl-text-center lg-text-center md-text-center sm-text-center\">\n\t\tVendre avec succ\u00e8s sur Amazon \t<\/h2>\n\n<\/div><\/div>\n<\/div><\/div>\n\t\t\t<\/div>\n\t\t<\/div>\n\t<\/div>\n\n\n\t<div  class=\"theme-wp-block theme-block-text-and-text-column gb-responsive-958875-identifier\">\n\t\t<div class=\"inner-wrap-column-content\">\n\t\t\t<div class=\"inner-column-content\">\n\t\t\t\t\t\t\t<\/div>\n\t\t<\/div>\n\t<\/div>\n\n\t\t\t<\/div>\n\t\t<\/div>\n\t<\/div>\n\n\n\t\t<\/div>\n\t<\/div>\n\n\n\n\n<div style=\"height:50px\" aria-hidden=\"true\" class=\"theme-wp-block wp-block-spacer\"><\/div>\n\n\n\n<div class=\"theme-wp-block wp-block-columns gb-responsive-796690-identifier is-layout-flex wp-container-core-columns-is-layout-9d6595d7 wp-block-columns-is-layout-flex\">\n<div class=\"theme-wp-block wp-block-column gb-responsive-883068-identifier is-layout-flow wp-block-column-is-layout-flow\">\n<h3 class=\"theme-wp-block gb-responsive-719782-identifier wp-block-heading\">Laissez la concurrence derri\u00e8re vous&#8230;&nbsp;<\/h3>\n\n\n\n<div class=\"theme-wp-block wp-block-image gb-responsive-964483-identifier\"><figure class=\"alignright size-large is-resized\"><img decoding=\"async\" src=\"https:\/\/d2bw95mh2ee04s.cloudfront.net\/prod\/content\/wp-content\/uploads\/2021\/01\/23142706\/6-conseils-fba.png\" alt=\"Notre Workbook: 6 conseils aux vendeurs FBA\" class=\"wp-image-6191\" width=\"341\" height=\"371\" srcset=\"https:\/\/d2bw95mh2ee04s.cloudfront.net\/prod\/content\/wp-content\/uploads\/2021\/01\/23142706\/6-conseils-fba-407x443.png 407w, https:\/\/d2bw95mh2ee04s.cloudfront.net\/prod\/content\/wp-content\/uploads\/2021\/01\/23142706\/6-conseils-fba.png 738w\" sizes=\"(max-width: 341px) 100vw, 341px\" \/><\/figure><\/div>\n\n\n\n<p class=\"theme-wp-block gb-responsive-650345-identifier\" style=\"line-height:1.5\">\u2026 Parce que le succ\u00e8s sur Amazon n&#8217;arrive pas par magie! Nous vous montrerons non seulement les avantages du programme logistique propre \u00e0 Amazon &#8220;Exp\u00e9di\u00e9 par Amazon&#8221; pour votre entreprise, mais aussi, comment mettre en forme les pages de d\u00e9tails de vos produits &#8211; car un bon r\u00e9f\u00e9rencement Amazon, cela s&#8217;apprend!<\/p>\n\n\n\n<p class=\"theme-wp-block gb-responsive-67569-identifier\">La Buy Box est \u00e9galement un sujet important sur le chemin vers le sommet. Savez-vous quels crit\u00e8res sont importants pour l&#8217;obtenir? Notre guide vous le dira!<\/p>\n\n\n\n<p class=\"theme-wp-block gb-responsive-801013-identifier\"><strong>T\u00e9l\u00e9chargez d\u00e8s maintenant le manuel gratuit &#8220;6 conseils pour les vendeurs FBA&#8221; et ne manquez aucun de nos conseils et astuces!<\/strong><\/p>\n\n\n\n<div id=\"wb-form\" class=\"theme-wp-block wb-form\"><form id=\"leadform\" action=\"#\" method=\"post\"><label>Nom et pr\u00e9nom<sup style=\"color: rgb(255, 0, 0);\">*<\/sup><\/label><br> <input type=\"text\" placeholder=\"Nom et pr\u00e9nom\" name=\"first-name\" id=\"first-name\" required=\"required\" style=\"padding: 10px; font-size: 18px; width: 100%; margin-bottom: 15px; color: rgb(88, 88, 88);\"><br> <label>Adresse \u00e9lectronique<sup style=\"color: rgb(255, 0, 0);\">*<\/sup><\/label><br> <input type=\"email\" required=\"required\" placeholder=\"Adresse \u00e9lectronique\" name=\"email\" id=\"email\" style=\"padding: 10px; font-size: 18px; width: 100%; margin-bottom: 15px; color: rgb(88, 88, 88);\"><br> <label>T\u00e9l\u00e9phone<sup style=\"color: rgb(255, 0, 0);\">*<\/sup> <span style=\"font-size: 12px;\">(Veuillez entrer le code de pays)<\/span><\/label><br> <input type=\"number\" required=\"required\" placeholder=\"T\u00e9l\u00e9phone\" name=\"telephone\" id=\"telephone\" style=\"padding: 10px; font-size: 18px; width: 100%; margin-bottom: 15px; color: rgb(88, 88, 88);\"><br> <label>URL de votre boutique sur Amazon<sup style=\"color: rgb(255, 0, 0);\">*<\/sup><\/label><br> <input type=\"text\" required=\"required\" placeholder=\"site web\" name=\"website\" id=\"website\" style=\"padding: 10px; font-size: 18px; width: 100%; margin-bottom: 15px; color: rgb(88, 88, 88);\"><br><label>Nombre de SKU<\/label><br> <input type=\"text\" placeholder=\"Nombre de SKU\" name=\"sku_count\" id=\"sku_count\" style=\"padding: 10px; font-size: 18px; width: 100%; margin-bottom: 15px; color: rgb(88, 88, 88);\"><br><input type=\"submit\" value=\"T\u00e9l\u00e9chargez le guide maintenant !\" id=\"submit\" style=\"padding: 10px; font-size: 18px; width: 100%; margin-bottom: 15px; color: rgb(255, 255, 255); background-color: rgb(255, 170, 1); cursor: pointer;\"> <p style=\"margin-bottom: 10px; font-size: 12px;\">Le traitement des donn\u00e9es est effectu\u00e9 conform\u00e9ment \u00e0 notre <a href=\"https:\/\/www.sellerlogic.com\/fr\/politique-de-confidentialite\/\" target=\"_blank\" draggable=\"false\" rel=\"noopener noreferrer\">politique de confidentialit\u00e9<\/a>.<\/p><\/form><\/div>\n<\/div>\n\n\n\n<div class=\"theme-wp-block wp-block-column gb-responsive-534891-identifier is-layout-flow wp-block-column-is-layout-flow\" style=\"flex-basis:25%\"><\/div>\n<\/div>\n\n\n\n<p class=\"theme-wp-block gb-responsive-128211-identifier\"><\/p>\n","protected":false},"excerpt":{"rendered":"<p>Laissez la concurrence derri\u00e8re vous&#8230;&nbsp; \u2026 Parce que le succ\u00e8s sur Amazon n&#8217;arrive pas par magie! Nous vous montrerons non seulement les avantages du programme logistique propre \u00e0 Amazon &#8220;Exp\u00e9di\u00e9 par Amazon&#8221; pour votre entreprise, mais aussi, comment mettre en forme les pages de d\u00e9tails de vos produits &#8211; car un bon r\u00e9f\u00e9rencement Amazon, cela<\/p>\n","protected":false},"author":6,"featured_media":0,"parent":5390,"menu_order":0,"comment_status":"closed","ping_status":"closed","template":"","meta":{"sidebar_recommended_resources":{"data":[]},"sidebar_header_settings":{"hide_buttons":{"register":false}},"_use_new_theme":false,"inline_featured_image":false,"footnotes":""},"class_list":["post-6182","page","type-page","status-publish","hentry"],"yoast_head":"<!-- This site is optimized with the Yoast SEO plugin v26.8 - https:\/\/yoast.com\/product\/yoast-seo-wordpress\/ -->\n<title>Graduit: Les 6 meilleurs conseils pour les vendeurs de FBA!<\/title>\n<meta name=\"description\" content=\"Le succ\u00e8s sur Amazon ne vient pas tout seul! Mais avec ces 6 conseils, le chemin vers le sommet du commerce \u00e9lectronique est plus facile!\" \/>\n<meta name=\"robots\" content=\"index, follow, max-snippet:-1, max-image-preview:large, max-video-preview:-1\" \/>\n<link rel=\"canonical\" href=\"https:\/\/www.sellerlogic.com\/fr\/ressources\/wb-fr-202001\/\" \/>\n<meta property=\"og:locale\" content=\"fr_FR\" \/>\n<meta property=\"og:type\" content=\"article\" \/>\n<meta property=\"og:title\" content=\"Graduit: Les 6 meilleurs conseils pour les vendeurs de FBA!\" \/>\n<meta property=\"og:description\" content=\"Le succ\u00e8s sur Amazon ne vient pas tout seul! Mais avec ces 6 conseils, le chemin vers le sommet du commerce \u00e9lectronique est plus facile!\" \/>\n<meta property=\"og:url\" content=\"https:\/\/www.sellerlogic.com\/fr\/ressources\/wb-fr-202001\/\" \/>\n<meta property=\"og:site_name\" content=\"SELLERLOGIC - Outils intelligents pour les vendeurs Amazon\" \/>\n<meta property=\"article:publisher\" content=\"https:\/\/www.facebook.com\/SellerLogic\/\" \/>\n<meta property=\"article:modified_time\" content=\"2021-02-22T12:09:39+00:00\" \/>\n<meta property=\"og:image\" content=\"https:\/\/www.sellerlogic.com\/wp-content\/uploads\/2021\/01\/6-conseils-fba.png\" \/>\n<meta name=\"twitter:card\" content=\"summary_large_image\" \/>\n<meta name=\"twitter:site\" content=\"@sellerlogic\" \/>\n<meta name=\"twitter:label1\" content=\"Est. reading time\" \/>\n\t<meta name=\"twitter:data1\" content=\"1 minute\" \/>\n<script type=\"application\/ld+json\" class=\"yoast-schema-graph\">{\"@context\":\"https:\/\/schema.org\",\"@graph\":[{\"@type\":\"WebPage\",\"@id\":\"https:\/\/www.sellerlogic.com\/fr\/ressources\/wb-fr-202001\/\",\"url\":\"https:\/\/www.sellerlogic.com\/fr\/ressources\/wb-fr-202001\/\",\"name\":\"Graduit: Les 6 meilleurs conseils pour les vendeurs de FBA!\",\"isPartOf\":{\"@id\":\"https:\/\/www.sellerlogic.com\/fr\/#website\"},\"primaryImageOfPage\":{\"@id\":\"https:\/\/www.sellerlogic.com\/fr\/ressources\/wb-fr-202001\/#primaryimage\"},\"image\":{\"@id\":\"https:\/\/www.sellerlogic.com\/fr\/ressources\/wb-fr-202001\/#primaryimage\"},\"thumbnailUrl\":\"https:\/\/www.sellerlogic.com\/wp-content\/uploads\/2021\/01\/6-conseils-fba.png\",\"datePublished\":\"2021-01-06T11:46:27+00:00\",\"dateModified\":\"2021-02-22T12:09:39+00:00\",\"description\":\"Le succ\u00e8s sur Amazon ne vient pas tout seul! Mais avec ces 6 conseils, le chemin vers le sommet du commerce \u00e9lectronique est plus facile!\",\"breadcrumb\":{\"@id\":\"https:\/\/www.sellerlogic.com\/fr\/ressources\/wb-fr-202001\/#breadcrumb\"},\"inLanguage\":\"fr-FR\",\"potentialAction\":[{\"@type\":\"ReadAction\",\"target\":[\"https:\/\/www.sellerlogic.com\/fr\/ressources\/wb-fr-202001\/\"]}]},{\"@type\":\"ImageObject\",\"inLanguage\":\"fr-FR\",\"@id\":\"https:\/\/www.sellerlogic.com\/fr\/ressources\/wb-fr-202001\/#primaryimage\",\"url\":\"https:\/\/www.sellerlogic.com\/wp-content\/uploads\/2021\/01\/6-conseils-fba.png\",\"contentUrl\":\"https:\/\/www.sellerlogic.com\/wp-content\/uploads\/2021\/01\/6-conseils-fba.png\"},{\"@type\":\"BreadcrumbList\",\"@id\":\"https:\/\/www.sellerlogic.com\/fr\/ressources\/wb-fr-202001\/#breadcrumb\",\"itemListElement\":[{\"@type\":\"ListItem\",\"position\":1,\"name\":\"Home\",\"item\":\"https:\/\/www.sellerlogic.com\/fr\/\"},{\"@type\":\"ListItem\",\"position\":2,\"name\":\"Ressourcen FR\",\"item\":\"https:\/\/www.sellerlogic.com\/fr\/ressources\/\"},{\"@type\":\"ListItem\",\"position\":3,\"name\":\"Workbook: 6 FBA-Tipps FR\"}]},{\"@type\":\"WebSite\",\"@id\":\"https:\/\/www.sellerlogic.com\/fr\/#website\",\"url\":\"https:\/\/www.sellerlogic.com\/fr\/\",\"name\":\"SELLERLOGIC - Smarte Tools f\u00fcr Amazon-Seller\",\"description\":\"Intelligente Prozessoptimierung und Gewinnmaximierung\",\"publisher\":{\"@id\":\"https:\/\/www.sellerlogic.com\/fr\/#organization\"},\"potentialAction\":[{\"@type\":\"SearchAction\",\"target\":{\"@type\":\"EntryPoint\",\"urlTemplate\":\"https:\/\/www.sellerlogic.com\/fr\/?s={search_term_string}\"},\"query-input\":{\"@type\":\"PropertyValueSpecification\",\"valueRequired\":true,\"valueName\":\"search_term_string\"}}],\"inLanguage\":\"fr-FR\"},{\"@type\":\"Organization\",\"@id\":\"https:\/\/www.sellerlogic.com\/fr\/#organization\",\"name\":\"SELLERLOGIC\",\"url\":\"https:\/\/www.sellerlogic.com\/fr\/\",\"logo\":{\"@type\":\"ImageObject\",\"inLanguage\":\"fr-FR\",\"@id\":\"https:\/\/www.sellerlogic.com\/fr\/#\/schema\/logo\/image\/\",\"url\":\"https:\/\/d2bw95mh2ee04s.cloudfront.net\/prod\/content\/wp-content\/uploads\/2025\/01\/02134814\/Property-Logo-Main.svg\",\"contentUrl\":\"https:\/\/d2bw95mh2ee04s.cloudfront.net\/prod\/content\/wp-content\/uploads\/2025\/01\/02134814\/Property-Logo-Main.svg\",\"width\":184,\"height\":40,\"caption\":\"SELLERLOGIC\"},\"image\":{\"@id\":\"https:\/\/www.sellerlogic.com\/fr\/#\/schema\/logo\/image\/\"},\"sameAs\":[\"https:\/\/www.facebook.com\/SellerLogic\/\",\"https:\/\/x.com\/sellerlogic\",\"https:\/\/www.instagram.com\/sellerlogic\/\",\"https:\/\/www.linkedin.com\/company\/18402037\/\",\"https:\/\/www.youtube.com\/channel\/UC-gULUur-fNj08sprantKsQ\"]}]}<\/script>\n<!-- \/ Yoast SEO plugin. -->","yoast_head_json":{"title":"Graduit: Les 6 meilleurs conseils pour les vendeurs de FBA!","description":"Le succ\u00e8s sur Amazon ne vient pas tout seul! Mais avec ces 6 conseils, le chemin vers le sommet du commerce \u00e9lectronique est plus facile!","robots":{"index":"index","follow":"follow","max-snippet":"max-snippet:-1","max-image-preview":"max-image-preview:large","max-video-preview":"max-video-preview:-1"},"canonical":"https:\/\/www.sellerlogic.com\/fr\/ressources\/wb-fr-202001\/","og_locale":"fr_FR","og_type":"article","og_title":"Graduit: Les 6 meilleurs conseils pour les vendeurs de FBA!","og_description":"Le succ\u00e8s sur Amazon ne vient pas tout seul! Mais avec ces 6 conseils, le chemin vers le sommet du commerce \u00e9lectronique est plus facile!","og_url":"https:\/\/www.sellerlogic.com\/fr\/ressources\/wb-fr-202001\/","og_site_name":"SELLERLOGIC - Outils intelligents pour les vendeurs Amazon","article_publisher":"https:\/\/www.facebook.com\/SellerLogic\/","article_modified_time":"2021-02-22T12:09:39+00:00","og_image":[{"url":"https:\/\/www.sellerlogic.com\/wp-content\/uploads\/2021\/01\/6-conseils-fba.png","type":"","width":"","height":""}],"twitter_card":"summary_large_image","twitter_site":"@sellerlogic","twitter_misc":{"Est. reading time":"1 minute"},"schema":{"@context":"https:\/\/schema.org","@graph":[{"@type":"WebPage","@id":"https:\/\/www.sellerlogic.com\/fr\/ressources\/wb-fr-202001\/","url":"https:\/\/www.sellerlogic.com\/fr\/ressources\/wb-fr-202001\/","name":"Graduit: Les 6 meilleurs conseils pour les vendeurs de FBA!","isPartOf":{"@id":"https:\/\/www.sellerlogic.com\/fr\/#website"},"primaryImageOfPage":{"@id":"https:\/\/www.sellerlogic.com\/fr\/ressources\/wb-fr-202001\/#primaryimage"},"image":{"@id":"https:\/\/www.sellerlogic.com\/fr\/ressources\/wb-fr-202001\/#primaryimage"},"thumbnailUrl":"https:\/\/www.sellerlogic.com\/wp-content\/uploads\/2021\/01\/6-conseils-fba.png","datePublished":"2021-01-06T11:46:27+00:00","dateModified":"2021-02-22T12:09:39+00:00","description":"Le succ\u00e8s sur Amazon ne vient pas tout seul! Mais avec ces 6 conseils, le chemin vers le sommet du commerce \u00e9lectronique est plus facile!","breadcrumb":{"@id":"https:\/\/www.sellerlogic.com\/fr\/ressources\/wb-fr-202001\/#breadcrumb"},"inLanguage":"fr-FR","potentialAction":[{"@type":"ReadAction","target":["https:\/\/www.sellerlogic.com\/fr\/ressources\/wb-fr-202001\/"]}]},{"@type":"ImageObject","inLanguage":"fr-FR","@id":"https:\/\/www.sellerlogic.com\/fr\/ressources\/wb-fr-202001\/#primaryimage","url":"https:\/\/www.sellerlogic.com\/wp-content\/uploads\/2021\/01\/6-conseils-fba.png","contentUrl":"https:\/\/www.sellerlogic.com\/wp-content\/uploads\/2021\/01\/6-conseils-fba.png"},{"@type":"BreadcrumbList","@id":"https:\/\/www.sellerlogic.com\/fr\/ressources\/wb-fr-202001\/#breadcrumb","itemListElement":[{"@type":"ListItem","position":1,"name":"Home","item":"https:\/\/www.sellerlogic.com\/fr\/"},{"@type":"ListItem","position":2,"name":"Ressourcen FR","item":"https:\/\/www.sellerlogic.com\/fr\/ressources\/"},{"@type":"ListItem","position":3,"name":"Workbook: 6 FBA-Tipps FR"}]},{"@type":"WebSite","@id":"https:\/\/www.sellerlogic.com\/fr\/#website","url":"https:\/\/www.sellerlogic.com\/fr\/","name":"SELLERLOGIC - Smarte Tools f\u00fcr Amazon-Seller","description":"Intelligente Prozessoptimierung und Gewinnmaximierung","publisher":{"@id":"https:\/\/www.sellerlogic.com\/fr\/#organization"},"potentialAction":[{"@type":"SearchAction","target":{"@type":"EntryPoint","urlTemplate":"https:\/\/www.sellerlogic.com\/fr\/?s={search_term_string}"},"query-input":{"@type":"PropertyValueSpecification","valueRequired":true,"valueName":"search_term_string"}}],"inLanguage":"fr-FR"},{"@type":"Organization","@id":"https:\/\/www.sellerlogic.com\/fr\/#organization","name":"SELLERLOGIC","url":"https:\/\/www.sellerlogic.com\/fr\/","logo":{"@type":"ImageObject","inLanguage":"fr-FR","@id":"https:\/\/www.sellerlogic.com\/fr\/#\/schema\/logo\/image\/","url":"https:\/\/d2bw95mh2ee04s.cloudfront.net\/prod\/content\/wp-content\/uploads\/2025\/01\/02134814\/Property-Logo-Main.svg","contentUrl":"https:\/\/d2bw95mh2ee04s.cloudfront.net\/prod\/content\/wp-content\/uploads\/2025\/01\/02134814\/Property-Logo-Main.svg","width":184,"height":40,"caption":"SELLERLOGIC"},"image":{"@id":"https:\/\/www.sellerlogic.com\/fr\/#\/schema\/logo\/image\/"},"sameAs":["https:\/\/www.facebook.com\/SellerLogic\/","https:\/\/x.com\/sellerlogic","https:\/\/www.instagram.com\/sellerlogic\/","https:\/\/www.linkedin.com\/company\/18402037\/","https:\/\/www.youtube.com\/channel\/UC-gULUur-fNj08sprantKsQ"]}]}},"_links":{"self":[{"href":"https:\/\/www.sellerlogic.com\/fr\/wp-json\/wp\/v2\/pages\/6182","targetHints":{"allow":["GET"]}}],"collection":[{"href":"https:\/\/www.sellerlogic.com\/fr\/wp-json\/wp\/v2\/pages"}],"about":[{"href":"https:\/\/www.sellerlogic.com\/fr\/wp-json\/wp\/v2\/types\/page"}],"author":[{"embeddable":true,"href":"https:\/\/www.sellerlogic.com\/fr\/wp-json\/wp\/v2\/users\/6"}],"replies":[{"embeddable":true,"href":"https:\/\/www.sellerlogic.com\/fr\/wp-json\/wp\/v2\/comments?post=6182"}],"version-history":[{"count":0,"href":"https:\/\/www.sellerlogic.com\/fr\/wp-json\/wp\/v2\/pages\/6182\/revisions"}],"up":[{"embeddable":true,"href":"https:\/\/www.sellerlogic.com\/fr\/wp-json\/wp\/v2\/pages\/5390"}],"wp:attachment":[{"href":"https:\/\/www.sellerlogic.com\/fr\/wp-json\/wp\/v2\/media?parent=6182"}],"curies":[{"name":"wp","href":"https:\/\/api.w.org\/{rel}","templated":true}]}}