
{"id":6331,"date":"2021-01-07T14:24:18","date_gmt":"2021-01-07T14:24:18","guid":{"rendered":"https:\/\/www.sellerlogic.com\/?page_id=6331"},"modified":"2024-04-30T11:12:41","modified_gmt":"2024-04-30T11:12:41","slug":"short-wb-fr-202002","status":"publish","type":"page","link":"https:\/\/www.sellerlogic.com\/fr\/short-wb-fr-202002\/","title":{"rendered":"WB202002: 13 Steps zum Gewinn der Buy Box (LP) FR"},"content":{"rendered":"\n<div style=\"height:30px\" aria-hidden=\"true\" class=\"theme-wp-block wp-block-spacer\"><\/div>\n\n\n<div class=\"wp-block-image gb-responsive-590212-identifier is-style-default desktop-align-center xl-align-center lg-align-center md-align-center sm-align-center\">\n<figure class=\"theme-wp-block aligncenter size-large is-resized\"><img decoding=\"async\" width=\"184\" height=\"40\" src=\"https:\/\/d2bw95mh2ee04s.cloudfront.net\/prod\/content\/wp-content\/uploads\/2024\/04\/30111232\/Property-Logo-Main-2.svg\" alt=\"WB202002: 13 Steps zum Gewinn der Buy Box (LP) FR\" class=\"wp-image-52657\" style=\"width:170px\"\/><\/figure><\/div>\n\n\t\t<h1  class=\"theme-wp-block theme-block-heading gb-responsive-564749-identifier is-style-default desktop-text-center xl-text-center lg-text-center md-text-center sm-text-center h4\">\n\t\t<strong><strong>Guide gratuit<\/strong><\/strong>\t<\/h1>\n\n\n\n\t\t<h2  class=\"theme-wp-block theme-block-heading gb-responsive-412520-identifier is-style-default desktop-text-center xl-text-center lg-text-center md-text-center sm-text-center h1\">\n\t\t<strong><strong><strong>Comment gagner l&#8217;Amazon Buy Box !<\/strong><\/strong><\/strong>\t<\/h2>\n\n\n\n\n<div style=\"height:50px\" aria-hidden=\"true\" class=\"theme-wp-block wp-block-spacer\"><\/div>\n\n\n\n<div class=\"theme-wp-block wp-block-columns gb-responsive-506331-identifier is-layout-flex wp-container-core-columns-is-layout-9d6595d7 wp-block-columns-is-layout-flex\">\n<div class=\"theme-wp-block wp-block-column gb-responsive-414936-identifier is-layout-flow wp-block-column-is-layout-flow\"><div class=\"wp-block-image gb-responsive-19318-identifier\">\n<figure class=\"theme-wp-block alignright size-large is-resized\"><img decoding=\"async\" width=\"738\" height=\"804\" src=\"https:\/\/d2bw95mh2ee04s.cloudfront.net\/prod\/content\/wp-content\/uploads\/2021\/01\/23142705\/wb-bb-kritierien-grafik_FR.png\" alt=\"WB202002: 13 Steps zum Gewinn der Buy Box (LP) FR\" class=\"wp-image-6284\" style=\"width:456px\" srcset=\"https:\/\/d2bw95mh2ee04s.cloudfront.net\/prod\/content\/wp-content\/uploads\/2021\/01\/23142705\/wb-bb-kritierien-grafik_FR-407x443.png 407w, https:\/\/d2bw95mh2ee04s.cloudfront.net\/prod\/content\/wp-content\/uploads\/2021\/01\/23142705\/wb-bb-kritierien-grafik_FR.png 738w\" sizes=\"(max-width: 738px) 100vw, 738px\" \/><\/figure><\/div>\n\n\n<div style=\"height:30px\" aria-hidden=\"true\" class=\"theme-wp-block wp-block-spacer\"><\/div>\n<\/div>\n\n\n\n<div class=\"theme-wp-block wp-block-column gb-responsive-883894-identifier is-layout-flow wp-block-column-is-layout-flow\">\t\t<h3  class=\"theme-wp-block theme-block-heading gb-responsive-531920-identifier is-style-default desktop-text-center xl-text-center lg-text-center md-text-center sm-text-center h3\">\n\t\t<br>Demandez d\u00e8s maintenant le guide gratuit et d\u00e9couvrez :\t<\/h3>\n\n\n\n<div class=\"theme-block-list\">\n<ul class=\"theme-wp-block desktop-bg-style-square xl-bg-style-square lg-bg-style-square md-bg-style-square sm-bg-style-square desktop-gb-has-no-icon xl-gb-has-no-icon lg-gb-has-no-icon md-gb-has-no-icon sm-gb-has-no-icon gb-responsive-346655-identifier wp-block-list\">\n<li class=\"theme-wp-block gb-responsive-407203-identifier desktop-bg-style-square xl-bg-style-square lg-bg-style-square md-bg-style-square sm-bg-style-square desktop-gb-has-no-icon xl-gb-has-no-icon lg-gb-has-no-icon md-gb-has-no-icon sm-gb-has-no-icon\">Quels sont les<strong>&nbsp;chiffres cl\u00e9s<\/strong>&nbsp;d\u00e9cisifs pour les vendeurs d&#8217;Amazon<\/li>\n\n\n\n<li class=\"theme-wp-block gb-responsive-181542-identifier desktop-bg-style-square xl-bg-style-square lg-bg-style-square md-bg-style-square sm-bg-style-square desktop-gb-has-no-icon xl-gb-has-no-icon lg-gb-has-no-icon md-gb-has-no-icon sm-gb-has-no-icon\">Quelles sont les&nbsp;<strong>exigences<\/strong>&nbsp;<strong>minimales<\/strong>&nbsp;que vous devez remplir<\/li>\n\n\n\n<li class=\"theme-wp-block gb-responsive-318106-identifier desktop-bg-style-square xl-bg-style-square lg-bg-style-square md-bg-style-square sm-bg-style-square desktop-gb-has-no-icon xl-gb-has-no-icon lg-gb-has-no-icon md-gb-has-no-icon sm-gb-has-no-icon\">Quelles sont les&nbsp;<strong>valeurs id\u00e9ales<\/strong>&nbsp;que vous devriez viser<\/li>\n<\/ul>\n<\/div>\n\n\n<div id=\"wb-form\" class=\"theme-wp-block wb-form\"><form id=\"leadform\" action=\"#\" method=\"post\"><label>Nom et pr\u00e9nom<sup style=\"color: rgb(255, 0, 0);\">*<\/sup><\/label><br> <input type=\"text\" placeholder=\"Nom et pr\u00e9nom\" name=\"first-name\" id=\"first-name\" required=\"required\" style=\"padding: 10px; font-size: 18px; width: 100%; margin-bottom: 15px; color: rgb(88, 88, 88);\"><br> <label>Adresse \u00e9lectronique<sup style=\"color: rgb(255, 0, 0);\">*<\/sup><\/label><br> <input type=\"email\" required=\"required\" placeholder=\"Adresse \u00e9lectronique\" name=\"email\" id=\"email\" style=\"padding: 10px; font-size: 18px; width: 100%; margin-bottom: 15px; color: rgb(88, 88, 88);\"><br> <label>T\u00e9l\u00e9phone<sup style=\"color: rgb(255, 0, 0);\">*<\/sup> <span style=\"font-size: 12px;\">(Veuillez entrer le code de pays)<\/span><\/label><br> <input type=\"number\" required=\"required\" placeholder=\"T\u00e9l\u00e9phone\" name=\"telephone\" id=\"telephone\" style=\"padding: 10px; font-size: 18px; width: 100%; margin-bottom: 15px; color: rgb(88, 88, 88);\"><br> <label>URL de votre boutique sur Amazon<sup style=\"color: rgb(255, 0, 0);\">*<\/sup><\/label><br> <input type=\"text\" required=\"required\" placeholder=\"site web\" name=\"website\" id=\"website\" style=\"padding: 10px; font-size: 18px; width: 100%; margin-bottom: 15px; color: rgb(88, 88, 88);\"><br><label>Nombre de SKU<\/label><br> <input type=\"text\" placeholder=\"Nombre de SKU\" name=\"sku_count\" id=\"sku_count\" style=\"padding: 10px; font-size: 18px; width: 100%; margin-bottom: 15px; color: rgb(88, 88, 88);\"><br><input type=\"submit\" value=\"T\u00e9l\u00e9chargez le guide maintenant !\" id=\"submit\" style=\"padding: 10px; font-size: 18px; width: 100%; margin-bottom: 15px; color: rgb(255, 255, 255); background-color: rgb(255, 170, 1); cursor: pointer;\"> <p style=\"margin-bottom: 10px; font-size: 12px;\">Le traitement des donn\u00e9es est effectu\u00e9 conform\u00e9ment \u00e0 notre <a href=\"https:\/\/www.sellerlogic.com\/fr\/politique-de-confidentialite\/\" target=\"_blank\" draggable=\"false\" rel=\"noopener\">politique de confidentialit\u00e9<\/a>.<\/p><\/form><\/div>\n<\/div>\n<\/div>\n\n\n\n<div style=\"height:50px\" aria-hidden=\"true\" class=\"theme-wp-block wp-block-spacer\"><\/div>\n\n\n\n<div class=\"theme-wp-block wp-block-columns gb-responsive-803274-identifier is-layout-flex wp-container-core-columns-is-layout-9d6595d7 wp-block-columns-is-layout-flex\">\n<div class=\"theme-wp-block wp-block-column gb-responsive-999466-identifier is-layout-flow wp-block-column-is-layout-flow\" style=\"flex-basis:25%\"><\/div>\n\n\n\n<div class=\"theme-wp-block wp-block-column gb-responsive-50976-identifier is-layout-flow wp-block-column-is-layout-flow\" style=\"flex-basis:50%\">\n<div class=\"theme-wp-block wp-block-columns gb-responsive-222219-identifier is-layout-flex wp-container-core-columns-is-layout-9d6595d7 wp-block-columns-is-layout-flex\">\n<div class=\"theme-wp-block wp-block-column gb-responsive-44944-identifier is-layout-flow wp-block-column-is-layout-flow\">\n<p class=\"theme-wp-block has-text-align-center gb-responsive-882495-identifier\"><strong><a href=\"https:\/\/www.sellerlogic.com\/fr\/mentions-legales\/\" target=\"_blank\" rel=\"noreferrer noopener\">Mentions l\u00e9gales<\/a><\/strong><\/p>\n<\/div>\n\n\n\n<div class=\"theme-wp-block wp-block-column gb-responsive-224794-identifier is-layout-flow wp-block-column-is-layout-flow\">\n<p class=\"theme-wp-block has-text-align-center gb-responsive-924480-identifier\"><strong><a href=\"https:\/\/www.sellerlogic.com\/fr\/politique-de-confidentialite\/\" target=\"_blank\" rel=\"noreferrer noopener\">Politique de confidentialit\u00e9<\/a><\/strong><\/p>\n<\/div>\n\n\n\n<div class=\"theme-wp-block wp-block-column gb-responsive-207053-identifier is-layout-flow wp-block-column-is-layout-flow\">\n<p class=\"theme-wp-block has-text-align-center gb-responsive-685621-identifier\"><strong><a href=\"https:\/\/www.sellerlogic.com\/fr\/conditions-dutilisation\/\" rel=\"noreferrer noopener\" target=\"_blank\"><\/a><a href=\"https:\/\/www.sellerlogic.com\/fr\/conditions-dutilisation\/\" target=\"_blank\" rel=\"noreferrer noopener\"><strong>Conditions d\u2019utilisation<\/strong><\/a><\/strong><\/p>\n<\/div>\n<\/div>\n<\/div>\n\n\n\n<div class=\"theme-wp-block wp-block-column gb-responsive-223943-identifier is-layout-flow wp-block-column-is-layout-flow\" style=\"flex-basis:25%\"><\/div>\n<\/div>\n\n\n\n<p class=\"theme-wp-block gb-responsive-219314-identifier\"><\/p>\n","protected":false},"excerpt":{"rendered":"<p>Nom et pr\u00e9nom* Adresse \u00e9lectronique* T\u00e9l\u00e9phone* (Veuillez entrer le code de pays) URL de votre boutique sur Amazon* Nombre de SKU Le traitement des donn\u00e9es est effectu\u00e9 conform\u00e9ment \u00e0 notre politique de confidentialit\u00e9. Mentions l\u00e9gales Politique de confidentialit\u00e9 Conditions d\u2019utilisation<\/p>\n","protected":false},"author":8,"featured_media":0,"parent":0,"menu_order":0,"comment_status":"closed","ping_status":"closed","template":"","meta":{"sidebar_recommended_resources":{"data":[]},"sidebar_header_settings":{"hide_buttons":{"register":false}},"_use_new_theme":false,"inline_featured_image":false,"footnotes":""},"class_list":["post-6331","page","type-page","status-publish","hentry"],"yoast_head":"<!-- This site is optimized with the Yoast SEO plugin v26.8 - https:\/\/yoast.com\/product\/yoast-seo-wordpress\/ -->\n<title>Guide : En 13 \u00e9tapes dans la &quot;Buy Box&quot; sur Amazon<\/title>\n<meta name=\"description\" content=\"Quels crit\u00e8res l&#039;algorithme Amazon utilise-t-il et quelles mesures les vendeurs doivent-ils respecter pour gagner la Buy Box sur Amazon?\" \/>\n<meta name=\"robots\" content=\"index, follow, max-snippet:-1, max-image-preview:large, max-video-preview:-1\" \/>\n<link rel=\"canonical\" href=\"https:\/\/www.sellerlogic.com\/fr\/short-wb-fr-202002\/\" \/>\n<meta property=\"og:locale\" content=\"fr_FR\" \/>\n<meta property=\"og:type\" content=\"article\" \/>\n<meta property=\"og:title\" content=\"Guide : En 13 \u00e9tapes dans la &quot;Buy Box&quot; sur Amazon\" \/>\n<meta property=\"og:description\" content=\"Quels crit\u00e8res l&#039;algorithme Amazon utilise-t-il et quelles mesures les vendeurs doivent-ils respecter pour gagner la Buy Box sur Amazon?\" \/>\n<meta property=\"og:url\" content=\"https:\/\/www.sellerlogic.com\/fr\/short-wb-fr-202002\/\" \/>\n<meta property=\"og:site_name\" content=\"SELLERLOGIC - Outils intelligents pour les vendeurs Amazon\" \/>\n<meta property=\"article:publisher\" content=\"https:\/\/www.facebook.com\/SellerLogic\/\" \/>\n<meta property=\"article:modified_time\" content=\"2024-04-30T11:12:41+00:00\" \/>\n<meta property=\"og:image\" content=\"https:\/\/www.sellerlogic.com\/wp-content\/uploads\/2024\/04\/Property-Logo-Main-2.svg\" \/>\n<meta name=\"twitter:card\" content=\"summary_large_image\" \/>\n<meta name=\"twitter:site\" content=\"@sellerlogic\" \/>\n<meta name=\"twitter:label1\" content=\"Est. reading time\" \/>\n\t<meta name=\"twitter:data1\" content=\"1 minute\" \/>\n<script type=\"application\/ld+json\" class=\"yoast-schema-graph\">{\"@context\":\"https:\/\/schema.org\",\"@graph\":[{\"@type\":\"WebPage\",\"@id\":\"https:\/\/www.sellerlogic.com\/fr\/short-wb-fr-202002\/\",\"url\":\"https:\/\/www.sellerlogic.com\/fr\/short-wb-fr-202002\/\",\"name\":\"Guide : En 13 \u00e9tapes dans la \\\"Buy Box\\\" sur Amazon\",\"isPartOf\":{\"@id\":\"https:\/\/www.sellerlogic.com\/fr\/#website\"},\"primaryImageOfPage\":{\"@id\":\"https:\/\/www.sellerlogic.com\/fr\/short-wb-fr-202002\/#primaryimage\"},\"image\":{\"@id\":\"https:\/\/www.sellerlogic.com\/fr\/short-wb-fr-202002\/#primaryimage\"},\"thumbnailUrl\":\"https:\/\/www.sellerlogic.com\/wp-content\/uploads\/2024\/04\/Property-Logo-Main-2.svg\",\"datePublished\":\"2021-01-07T14:24:18+00:00\",\"dateModified\":\"2024-04-30T11:12:41+00:00\",\"description\":\"Quels crit\u00e8res l'algorithme Amazon utilise-t-il et quelles mesures les vendeurs doivent-ils respecter pour gagner la Buy Box sur Amazon?\",\"breadcrumb\":{\"@id\":\"https:\/\/www.sellerlogic.com\/fr\/short-wb-fr-202002\/#breadcrumb\"},\"inLanguage\":\"fr-FR\",\"potentialAction\":[{\"@type\":\"ReadAction\",\"target\":[\"https:\/\/www.sellerlogic.com\/fr\/short-wb-fr-202002\/\"]}]},{\"@type\":\"ImageObject\",\"inLanguage\":\"fr-FR\",\"@id\":\"https:\/\/www.sellerlogic.com\/fr\/short-wb-fr-202002\/#primaryimage\",\"url\":\"https:\/\/www.sellerlogic.com\/wp-content\/uploads\/2024\/04\/Property-Logo-Main-2.svg\",\"contentUrl\":\"https:\/\/www.sellerlogic.com\/wp-content\/uploads\/2024\/04\/Property-Logo-Main-2.svg\"},{\"@type\":\"BreadcrumbList\",\"@id\":\"https:\/\/www.sellerlogic.com\/fr\/short-wb-fr-202002\/#breadcrumb\",\"itemListElement\":[{\"@type\":\"ListItem\",\"position\":1,\"name\":\"Home\",\"item\":\"https:\/\/www.sellerlogic.com\/fr\/\"},{\"@type\":\"ListItem\",\"position\":2,\"name\":\"WB202002: 13 Steps zum Gewinn der Buy Box (LP) FR\"}]},{\"@type\":\"WebSite\",\"@id\":\"https:\/\/www.sellerlogic.com\/fr\/#website\",\"url\":\"https:\/\/www.sellerlogic.com\/fr\/\",\"name\":\"SELLERLOGIC - Smarte Tools f\u00fcr Amazon-Seller\",\"description\":\"Intelligente Prozessoptimierung und Gewinnmaximierung\",\"publisher\":{\"@id\":\"https:\/\/www.sellerlogic.com\/fr\/#organization\"},\"potentialAction\":[{\"@type\":\"SearchAction\",\"target\":{\"@type\":\"EntryPoint\",\"urlTemplate\":\"https:\/\/www.sellerlogic.com\/fr\/?s={search_term_string}\"},\"query-input\":{\"@type\":\"PropertyValueSpecification\",\"valueRequired\":true,\"valueName\":\"search_term_string\"}}],\"inLanguage\":\"fr-FR\"},{\"@type\":\"Organization\",\"@id\":\"https:\/\/www.sellerlogic.com\/fr\/#organization\",\"name\":\"SELLERLOGIC\",\"url\":\"https:\/\/www.sellerlogic.com\/fr\/\",\"logo\":{\"@type\":\"ImageObject\",\"inLanguage\":\"fr-FR\",\"@id\":\"https:\/\/www.sellerlogic.com\/fr\/#\/schema\/logo\/image\/\",\"url\":\"https:\/\/d2bw95mh2ee04s.cloudfront.net\/prod\/content\/wp-content\/uploads\/2025\/01\/02134814\/Property-Logo-Main.svg\",\"contentUrl\":\"https:\/\/d2bw95mh2ee04s.cloudfront.net\/prod\/content\/wp-content\/uploads\/2025\/01\/02134814\/Property-Logo-Main.svg\",\"width\":184,\"height\":40,\"caption\":\"SELLERLOGIC\"},\"image\":{\"@id\":\"https:\/\/www.sellerlogic.com\/fr\/#\/schema\/logo\/image\/\"},\"sameAs\":[\"https:\/\/www.facebook.com\/SellerLogic\/\",\"https:\/\/x.com\/sellerlogic\",\"https:\/\/www.instagram.com\/sellerlogic\/\",\"https:\/\/www.linkedin.com\/company\/18402037\/\",\"https:\/\/www.youtube.com\/channel\/UC-gULUur-fNj08sprantKsQ\"]}]}<\/script>\n<!-- \/ Yoast SEO plugin. -->","yoast_head_json":{"title":"Guide : En 13 \u00e9tapes dans la \"Buy Box\" sur Amazon","description":"Quels crit\u00e8res l'algorithme Amazon utilise-t-il et quelles mesures les vendeurs doivent-ils respecter pour gagner la Buy Box sur Amazon?","robots":{"index":"index","follow":"follow","max-snippet":"max-snippet:-1","max-image-preview":"max-image-preview:large","max-video-preview":"max-video-preview:-1"},"canonical":"https:\/\/www.sellerlogic.com\/fr\/short-wb-fr-202002\/","og_locale":"fr_FR","og_type":"article","og_title":"Guide : En 13 \u00e9tapes dans la \"Buy Box\" sur Amazon","og_description":"Quels crit\u00e8res l'algorithme Amazon utilise-t-il et quelles mesures les vendeurs doivent-ils respecter pour gagner la Buy Box sur Amazon?","og_url":"https:\/\/www.sellerlogic.com\/fr\/short-wb-fr-202002\/","og_site_name":"SELLERLOGIC - Outils intelligents pour les vendeurs Amazon","article_publisher":"https:\/\/www.facebook.com\/SellerLogic\/","article_modified_time":"2024-04-30T11:12:41+00:00","og_image":[{"url":"https:\/\/www.sellerlogic.com\/wp-content\/uploads\/2024\/04\/Property-Logo-Main-2.svg","type":"","width":"","height":""}],"twitter_card":"summary_large_image","twitter_site":"@sellerlogic","twitter_misc":{"Est. reading time":"1 minute"},"schema":{"@context":"https:\/\/schema.org","@graph":[{"@type":"WebPage","@id":"https:\/\/www.sellerlogic.com\/fr\/short-wb-fr-202002\/","url":"https:\/\/www.sellerlogic.com\/fr\/short-wb-fr-202002\/","name":"Guide : En 13 \u00e9tapes dans la \"Buy Box\" sur Amazon","isPartOf":{"@id":"https:\/\/www.sellerlogic.com\/fr\/#website"},"primaryImageOfPage":{"@id":"https:\/\/www.sellerlogic.com\/fr\/short-wb-fr-202002\/#primaryimage"},"image":{"@id":"https:\/\/www.sellerlogic.com\/fr\/short-wb-fr-202002\/#primaryimage"},"thumbnailUrl":"https:\/\/www.sellerlogic.com\/wp-content\/uploads\/2024\/04\/Property-Logo-Main-2.svg","datePublished":"2021-01-07T14:24:18+00:00","dateModified":"2024-04-30T11:12:41+00:00","description":"Quels crit\u00e8res l'algorithme Amazon utilise-t-il et quelles mesures les vendeurs doivent-ils respecter pour gagner la Buy Box sur Amazon?","breadcrumb":{"@id":"https:\/\/www.sellerlogic.com\/fr\/short-wb-fr-202002\/#breadcrumb"},"inLanguage":"fr-FR","potentialAction":[{"@type":"ReadAction","target":["https:\/\/www.sellerlogic.com\/fr\/short-wb-fr-202002\/"]}]},{"@type":"ImageObject","inLanguage":"fr-FR","@id":"https:\/\/www.sellerlogic.com\/fr\/short-wb-fr-202002\/#primaryimage","url":"https:\/\/www.sellerlogic.com\/wp-content\/uploads\/2024\/04\/Property-Logo-Main-2.svg","contentUrl":"https:\/\/www.sellerlogic.com\/wp-content\/uploads\/2024\/04\/Property-Logo-Main-2.svg"},{"@type":"BreadcrumbList","@id":"https:\/\/www.sellerlogic.com\/fr\/short-wb-fr-202002\/#breadcrumb","itemListElement":[{"@type":"ListItem","position":1,"name":"Home","item":"https:\/\/www.sellerlogic.com\/fr\/"},{"@type":"ListItem","position":2,"name":"WB202002: 13 Steps zum Gewinn der Buy Box (LP) FR"}]},{"@type":"WebSite","@id":"https:\/\/www.sellerlogic.com\/fr\/#website","url":"https:\/\/www.sellerlogic.com\/fr\/","name":"SELLERLOGIC - Smarte Tools f\u00fcr Amazon-Seller","description":"Intelligente Prozessoptimierung und Gewinnmaximierung","publisher":{"@id":"https:\/\/www.sellerlogic.com\/fr\/#organization"},"potentialAction":[{"@type":"SearchAction","target":{"@type":"EntryPoint","urlTemplate":"https:\/\/www.sellerlogic.com\/fr\/?s={search_term_string}"},"query-input":{"@type":"PropertyValueSpecification","valueRequired":true,"valueName":"search_term_string"}}],"inLanguage":"fr-FR"},{"@type":"Organization","@id":"https:\/\/www.sellerlogic.com\/fr\/#organization","name":"SELLERLOGIC","url":"https:\/\/www.sellerlogic.com\/fr\/","logo":{"@type":"ImageObject","inLanguage":"fr-FR","@id":"https:\/\/www.sellerlogic.com\/fr\/#\/schema\/logo\/image\/","url":"https:\/\/d2bw95mh2ee04s.cloudfront.net\/prod\/content\/wp-content\/uploads\/2025\/01\/02134814\/Property-Logo-Main.svg","contentUrl":"https:\/\/d2bw95mh2ee04s.cloudfront.net\/prod\/content\/wp-content\/uploads\/2025\/01\/02134814\/Property-Logo-Main.svg","width":184,"height":40,"caption":"SELLERLOGIC"},"image":{"@id":"https:\/\/www.sellerlogic.com\/fr\/#\/schema\/logo\/image\/"},"sameAs":["https:\/\/www.facebook.com\/SellerLogic\/","https:\/\/x.com\/sellerlogic","https:\/\/www.instagram.com\/sellerlogic\/","https:\/\/www.linkedin.com\/company\/18402037\/","https:\/\/www.youtube.com\/channel\/UC-gULUur-fNj08sprantKsQ"]}]}},"_links":{"self":[{"href":"https:\/\/www.sellerlogic.com\/fr\/wp-json\/wp\/v2\/pages\/6331","targetHints":{"allow":["GET"]}}],"collection":[{"href":"https:\/\/www.sellerlogic.com\/fr\/wp-json\/wp\/v2\/pages"}],"about":[{"href":"https:\/\/www.sellerlogic.com\/fr\/wp-json\/wp\/v2\/types\/page"}],"author":[{"embeddable":true,"href":"https:\/\/www.sellerlogic.com\/fr\/wp-json\/wp\/v2\/users\/8"}],"replies":[{"embeddable":true,"href":"https:\/\/www.sellerlogic.com\/fr\/wp-json\/wp\/v2\/comments?post=6331"}],"version-history":[{"count":0,"href":"https:\/\/www.sellerlogic.com\/fr\/wp-json\/wp\/v2\/pages\/6331\/revisions"}],"wp:attachment":[{"href":"https:\/\/www.sellerlogic.com\/fr\/wp-json\/wp\/v2\/media?parent=6331"}],"curies":[{"name":"wp","href":"https:\/\/api.w.org\/{rel}","templated":true}]}}