
{"id":81510,"date":"2025-03-12T15:07:18","date_gmt":"2025-03-12T15:07:18","guid":{"rendered":"https:\/\/www.sellerlogic.com\/?page_id=81510"},"modified":"2025-03-17T13:47:16","modified_gmt":"2025-03-17T13:47:16","slug":"old-repricer-pricing","status":"publish","type":"page","link":"https:\/\/www.sellerlogic.com\/fr\/old-repricer-pricing\/","title":{"rendered":"Repricer pour la tarification Amazon &#8211; Ancienne version"},"content":{"rendered":"<div class=\"theme-block-group-wrap\">\n<div class=\"theme-wp-block wp-block-group gb-responsive-747630-identifier\"><div class=\"wp-block-group__inner-container is-layout-constrained wp-block-group-is-layout-constrained\">\n<h2 class=\"theme-wp-block wp-block-heading has-text-align-center gb-responsive-294319-identifier desktop-text-center xl-text-center lg-text-center md-text-center sm-text-center\" id=\"flexible-und-faire-preisgestaltung\">Tarification flexible et \u00e9quitable<\/h2>\n\n\n\n<p class=\"theme-wp-block has-text-align-center gb-responsive-258432-identifier desktop-text-center xl-text-center lg-text-center md-text-center sm-text-center\">Les co\u00fbts d\u00e9pendent du nombre de pays dans lesquels vous vendez et sont bas\u00e9s sur le nombre de SKU. Afin de vous permettre de conserver une vue d&#8217;ensemble claire de vos co\u00fbts, SELLERLOGIC vous fournira deux factures distinctes : une pour l&#8217;optimisation des produits B2C et une pour l&#8217;optimisation des produits B2B, en fonction de l&#8217;option que vous avez activ\u00e9e.<\/p>\n<\/div>\n<\/div><\/div>\n\n\n<h3 class=\"theme-wp-block wp-block-heading has-text-align-center gb-responsive-130011-identifier desktop-text-center xl-text-center lg-text-center md-text-center sm-text-center\">Repricer pour les ventes B2C\/B2B<\/h3>\n\n\n\t\t<div  class=\"theme-wp-block theme-block-your-price gb-responsive-701136-identifier\" identifier=\"gb-responsive-701136-identifier\">\n\t\t<script>\n\t\t\tif(!window.yourPrices)\n\t\t\t\twindow.yourPrices = {};\n\t\t\twindow.yourPrices['gb-responsive-701136-identifier'] = [{\"default\":true,\"label\":\"0-100\",\"prices\":[{\"value\":\"19\"},{\"value\":\"18\"},{\"value\":\"17\"},{\"value\":\"16\"}]},{\"default\":false,\"label\":\"101-500\",\"prices\":[{\"value\":\"39\"},{\"value\":\"37\"},{\"value\":\"35\"},{\"value\":\"33\"}]},{\"default\":false,\"label\":\"501-1000\",\"prices\":[{\"value\":\"49\"},{\"value\":\"46\"},{\"value\":\"44\"},{\"value\":\"41\"}]},{\"label\":\"1.001\\u20132.500\",\"default\":false,\"prices\":[{\"value\":\"69\"},{\"value\":\"65\"},{\"value\":\"62\"},{\"value\":\"58\"}]},{\"label\":\"2.501\\u20135.000\",\"default\":false,\"prices\":[{\"value\":\"99\"},{\"value\":\"94\"},{\"value\":\"89\"},{\"value\":\"84\"}]},{\"label\":\"5.001\\u201310.000\",\"default\":false,\"prices\":[{\"value\":\"149\"},{\"value\":\"141\"},{\"value\":\"134\"},{\"value\":\"126\"}]},{\"label\":\"10.001\\u201325.000\",\"default\":false,\"prices\":[{\"value\":\"249\"},{\"value\":\"236\"},{\"value\":\"224\"},{\"value\":\"211\"}]},{\"label\":\"25.001\\u201350.000\",\"default\":false,\"prices\":[{\"value\":\"429\"},{\"value\":\"407\"},{\"value\":\"386\"},{\"value\":\"364\"}]},{\"label\":\"50.001\\u2013100.000\",\"default\":false,\"prices\":[{\"value\":\"799\"},{\"value\":\"759\"},{\"value\":\"719\"},{\"value\":\"679\"}]},{\"label\":\"100.001\\u2013250.000\",\"default\":false,\"prices\":[{\"value\":\"999\"},{\"value\":\"949\"},{\"value\":\"899\"},{\"value\":\"849\"}]},{\"label\":\"250.001\\u2013500.000\",\"default\":false,\"prices\":[{\"value\":\"1499\"},{\"value\":\"1424\"},{\"value\":\"1349\"},{\"value\":\"1274\"}]},{\"label\":\"500.000\\u20131.000.000\",\"default\":false,\"prices\":[{\"value\":\"1999\"},{\"value\":\"1899\"},{\"value\":\"1799\"},{\"value\":\"1699\"}]},{\"default\":false,\"label\":\">1.000.000\",\"prices\":[{\"value\":\"Sur demande\"},{\"value\":\"Sur demande\"},{\"value\":\"Sur demande\"},{\"value\":\"Sur demande\"}]}];\n\t\t<\/script>\n\t\t<div class=\"wrap-rating\">\n\t\t\t<div class=\"vh\"><\/div>\n\t\t\t<div class=\"rating-left\">\n\t\t\t\t\t\t\t\t\t<label class=\"select-label\">Nombre de SKU par marketplace<\/label>\n\t\t\t\t\t\t\t\t<div class=\"volll hp-custom-select select-order-volume\">\n\t\t\t\t\t<select aria-label=\"Nombre de SKU par marketplace\">\n\t\t\t\t\t\t\t\t\t\t\t\t\t<option data-price-index=\"0\"  selected='selected'>0-100<\/option>\n\t\t\t\t\t\t\t\t\t\t\t\t\t<option data-price-index=\"1\" >101-500<\/option>\n\t\t\t\t\t\t\t\t\t\t\t\t\t<option data-price-index=\"2\" >501-1000<\/option>\n\t\t\t\t\t\t\t\t\t\t\t\t\t<option data-price-index=\"3\" >1.001\u20132.500<\/option>\n\t\t\t\t\t\t\t\t\t\t\t\t\t<option data-price-index=\"4\" >2.501\u20135.000<\/option>\n\t\t\t\t\t\t\t\t\t\t\t\t\t<option data-price-index=\"5\" >5.001\u201310.000<\/option>\n\t\t\t\t\t\t\t\t\t\t\t\t\t<option data-price-index=\"6\" >10.001\u201325.000<\/option>\n\t\t\t\t\t\t\t\t\t\t\t\t\t<option data-price-index=\"7\" >25.001\u201350.000<\/option>\n\t\t\t\t\t\t\t\t\t\t\t\t\t<option data-price-index=\"8\" >50.001\u2013100.000<\/option>\n\t\t\t\t\t\t\t\t\t\t\t\t\t<option data-price-index=\"9\" >100.001\u2013250.000<\/option>\n\t\t\t\t\t\t\t\t\t\t\t\t\t<option data-price-index=\"10\" >250.001\u2013500.000<\/option>\n\t\t\t\t\t\t\t\t\t\t\t\t\t<option data-price-index=\"11\" >500.000\u20131.000.000<\/option>\n\t\t\t\t\t\t\t\t\t\t\t\t\t<option data-price-index=\"12\" >>1.000.000<\/option>\n\t\t\t\t\t\t\t\t\t\t\t<\/select>\n\t\t\t\t<\/div>\n\t\t\t\t<div class=\"mobile-visible term-drop-down\">\n\t\t\t\t\t<label class=\"select-label\">\n\t\t\t\t\t\tDur\u00e9e\t\t\t\t\t\t<span class=\"sale\">\n\t\t\t\t\t\t\t<span class=\"label\"><\/span>\n\t\t\t\t\t\t<\/span>\n\t\t\t\t\t<\/label>\n\t\t\t\t\t<div class=\"hp-custom-select\">\n\t\t\t\t\t\t<select aria-label=\"Nombre de SKU par marketplace\">\n\t\t\t\t\t\t\t\t\t\t\t\t\t\t\t<option data-price-position=\"0\" data-sale=\"0\" >3 mois<\/option>\n\t\t\t\t\t\t\t\t\t\t\t\t\t\t\t<option data-price-position=\"1\" data-sale=\"0\"  selected='selected'>6 mois<\/option>\n\t\t\t\t\t\t\t\t\t\t\t\t\t\t\t<option data-price-position=\"2\" data-sale=\"0\" >1 an<\/option>\n\t\t\t\t\t\t\t\t\t\t\t\t\t\t\t<option data-price-position=\"3\" data-sale=\"0\" >2 ans<\/option>\n\t\t\t\t\t\t\t\t\t\t\t\t\t<\/select>\n\t\t\t\t\t<\/div>\n\t\t\t\t<\/div>\n\n\t\t\t\t\t\t\t\t\t<label class=\"select-label term-title mobile-dn\">Dur\u00e9e<\/label>\n\t\t\t\t\t\t\t\t<div class=\"radio-group custom-radio mobile-dn\">\n\t\t\t\t\t<div class=\"radio-wrap\" style=\"\">\n\t\t\t\t\t\t\t\t\t\t\t\t\t<div class=\"radio-container\">\n\t\t\t\t\t\t\t\t<div class=\"wrap-radio-input-label\">\n\t\t\t\t\t\t\t\t\t<input type=\"radio\" name=\"name-gb-responsive-701136-identifier\" id=\"radio-gb-responsive-701136-identifier-0\" data-price-position=\"0\" >\n\t\t\t\t\t\t\t\t\t<label for=\"radio-gb-responsive-701136-identifier-0\" class=\"radio\">\n\t\t\t\t\t\t\t\t\t\t<span>3 mois<\/span>\n\t\t\t\t\t\t\t\t\t<\/label>\n\t\t\t\t\t\t\t\t<\/div>\n\t\t\t\t\t\t\t\t<div class=\"sale \">\n\t\t\t\t\t\t\t\t\t<div class=\"label \">\n\t\t\t\t\t\t\t\t\t\t\t\t\t\t\t\t\t\t\t<\/div>\n\t\t\t\t\t\t\t\t<\/div>\n\t\t\t\t\t\t\t<\/div>\n\t\t\t\t\t\t\t\t\t\t\t\t\t<div class=\"radio-container\">\n\t\t\t\t\t\t\t\t<div class=\"wrap-radio-input-label\">\n\t\t\t\t\t\t\t\t\t<input type=\"radio\" name=\"name-gb-responsive-701136-identifier\" id=\"radio-gb-responsive-701136-identifier-1\" data-price-position=\"1\"  checked='checked'>\n\t\t\t\t\t\t\t\t\t<label for=\"radio-gb-responsive-701136-identifier-1\" class=\"radio\">\n\t\t\t\t\t\t\t\t\t\t<span>6 mois<\/span>\n\t\t\t\t\t\t\t\t\t<\/label>\n\t\t\t\t\t\t\t\t<\/div>\n\t\t\t\t\t\t\t\t<div class=\"sale active\">\n\t\t\t\t\t\t\t\t\t<div class=\"label active\">\n\t\t\t\t\t\t\t\t\t\tVous \u00e9conomisez 5%\t\t\t\t\t\t\t\t\t<\/div>\n\t\t\t\t\t\t\t\t<\/div>\n\t\t\t\t\t\t\t<\/div>\n\t\t\t\t\t\t\t\t\t\t\t\t\t<div class=\"radio-container\">\n\t\t\t\t\t\t\t\t<div class=\"wrap-radio-input-label\">\n\t\t\t\t\t\t\t\t\t<input type=\"radio\" name=\"name-gb-responsive-701136-identifier\" id=\"radio-gb-responsive-701136-identifier-2\" data-price-position=\"2\" >\n\t\t\t\t\t\t\t\t\t<label for=\"radio-gb-responsive-701136-identifier-2\" class=\"radio\">\n\t\t\t\t\t\t\t\t\t\t<span>1 an<\/span>\n\t\t\t\t\t\t\t\t\t<\/label>\n\t\t\t\t\t\t\t\t<\/div>\n\t\t\t\t\t\t\t\t<div class=\"sale \">\n\t\t\t\t\t\t\t\t\t<div class=\"label \">\n\t\t\t\t\t\t\t\t\t\tVous \u00e9conomisez 10%\t\t\t\t\t\t\t\t\t<\/div>\n\t\t\t\t\t\t\t\t<\/div>\n\t\t\t\t\t\t\t<\/div>\n\t\t\t\t\t\t\t\t\t\t\t\t\t<div class=\"radio-container\">\n\t\t\t\t\t\t\t\t<div class=\"wrap-radio-input-label\">\n\t\t\t\t\t\t\t\t\t<input type=\"radio\" name=\"name-gb-responsive-701136-identifier\" id=\"radio-gb-responsive-701136-identifier-3\" data-price-position=\"3\" >\n\t\t\t\t\t\t\t\t\t<label for=\"radio-gb-responsive-701136-identifier-3\" class=\"radio\">\n\t\t\t\t\t\t\t\t\t\t<span>2 ans<\/span>\n\t\t\t\t\t\t\t\t\t<\/label>\n\t\t\t\t\t\t\t\t<\/div>\n\t\t\t\t\t\t\t\t<div class=\"sale \">\n\t\t\t\t\t\t\t\t\t<div class=\"label \">\n\t\t\t\t\t\t\t\t\t\tVous \u00e9conomisez 15%\t\t\t\t\t\t\t\t\t<\/div>\n\t\t\t\t\t\t\t\t<\/div>\n\t\t\t\t\t\t\t<\/div>\n\t\t\t\t\t\t\t\t\t\t\t<\/div>\n\t\t\t\t<\/div>\n\n\t\t\t<\/div>\n\t\t\t<div class=\"rating-right\">\n\t\t\t\t<div class=\"mobile-dn title\"><span class=\"heading-text\"><strong>Votre prix<\/strong><\/span><\/div>\t\t\t\t<div class=\"rating-price\">\n\t\t\t\t\t\t\t\t\t\t<span class=\"price\">18<\/span><span>&nbsp;<\/span>\n\t\t\t\t\t\t\t\t\t\t\t<strong class=\"currency\"><span class=\"rating-price-separate\"><strong>\u20ac\/Mois<\/strong><\/span><\/strong>\n\t\t\t\t\t\t\t\t\t<\/div>\n\t\t\t\t\t\t\t\t\t<p class=\"text-inverse\">Sauf indication contraire, nos prix s&#8217;entendent hors TVA.<\/p>\n\t\t\t\t\n\t\t\t\t<div class=\"wrap-inner-blocks\">\n\t\t\t\t\t\t\t\t\t\t\n<meta v=\"1.0.0\"\/>\n<p class=\"theme-wp-block gb-responsive-65466-identifier\">Aucun co\u00fbt jusqu&#8217;\u00e0 la fin de la p\u00e9riode d&#8217;essai gratuite<\/p>\n\n\t\t\t\t<\/div>\n\t\t\t<\/div>\n\n\t\t<\/div>\n\t<\/div>\n\n","protected":false},"excerpt":{"rendered":"<p>Tarification flexible et \u00e9quitable Les co\u00fbts d\u00e9pendent du nombre de pays dans lesquels vous vendez et sont bas\u00e9s sur le nombre de SKU. Afin de vous permettre de conserver une vue d&#8217;ensemble claire de vos co\u00fbts, SELLERLOGIC vous fournira deux factures distinctes : une pour l&#8217;optimisation des produits B2C et une pour l&#8217;optimisation des produits<\/p>\n","protected":false},"author":31,"featured_media":0,"parent":0,"menu_order":0,"comment_status":"closed","ping_status":"closed","template":"","meta":{"sidebar_recommended_resources":{"data":[]},"sidebar_header_settings":{"hide_buttons":{"register":false}},"_use_new_theme":false,"inline_featured_image":false,"footnotes":""},"class_list":["post-81510","page","type-page","status-publish","hentry"],"yoast_head":"<!-- This site is optimized with the Yoast SEO plugin v26.8 - https:\/\/yoast.com\/product\/yoast-seo-wordpress\/ -->\n<title>Repricer pour la tarification Amazon - Ancienne version | SELLERLOGIC - Outils intelligents pour les vendeurs Amazon<\/title>\n<meta name=\"robots\" content=\"noindex, nofollow\" \/>\n<meta property=\"og:locale\" content=\"fr_FR\" \/>\n<meta property=\"og:type\" content=\"article\" \/>\n<meta property=\"og:title\" content=\"Repricer pour la tarification Amazon - Ancienne version | SELLERLOGIC - Outils intelligents pour les vendeurs Amazon\" \/>\n<meta property=\"og:description\" content=\"Tarification flexible et \u00e9quitable Les co\u00fbts d\u00e9pendent du nombre de pays dans lesquels vous vendez et sont bas\u00e9s sur le nombre de SKU. Afin de vous permettre de conserver une vue d&#8217;ensemble claire de vos co\u00fbts, SELLERLOGIC vous fournira deux factures distinctes : une pour l&#8217;optimisation des produits B2C et une pour l&#8217;optimisation des produits\" \/>\n<meta property=\"og:url\" content=\"https:\/\/www.sellerlogic.com\/fr\/old-repricer-pricing\/\" \/>\n<meta property=\"og:site_name\" content=\"SELLERLOGIC - Outils intelligents pour les vendeurs Amazon\" \/>\n<meta property=\"article:publisher\" content=\"https:\/\/www.facebook.com\/SellerLogic\/\" \/>\n<meta property=\"article:modified_time\" content=\"2025-03-17T13:47:16+00:00\" \/>\n<meta property=\"og:image\" content=\"https:\/\/d2bw95mh2ee04s.cloudfront.net\/prod\/content\/wp-content\/uploads\/2025\/06\/09094621\/Social-OG-Image-Link.jpg\" \/>\n\t<meta property=\"og:image:width\" content=\"2400\" \/>\n\t<meta property=\"og:image:height\" content=\"1270\" \/>\n\t<meta property=\"og:image:type\" content=\"image\/jpeg\" \/>\n<meta name=\"twitter:card\" content=\"summary_large_image\" \/>\n<meta name=\"twitter:site\" content=\"@sellerlogic\" \/>\n<meta name=\"twitter:label1\" content=\"Est. reading time\" \/>\n\t<meta name=\"twitter:data1\" content=\"1 minute\" \/>\n<script type=\"application\/ld+json\" class=\"yoast-schema-graph\">{\"@context\":\"https:\/\/schema.org\",\"@graph\":[{\"@type\":\"WebPage\",\"@id\":\"https:\/\/www.sellerlogic.com\/fr\/old-repricer-pricing\/\",\"url\":\"https:\/\/www.sellerlogic.com\/fr\/old-repricer-pricing\/\",\"name\":\"Repricer pour la tarification Amazon - Ancienne version | SELLERLOGIC - Outils intelligents pour les vendeurs Amazon\",\"isPartOf\":{\"@id\":\"https:\/\/www.sellerlogic.com\/fr\/#website\"},\"datePublished\":\"2025-03-12T15:07:18+00:00\",\"dateModified\":\"2025-03-17T13:47:16+00:00\",\"breadcrumb\":{\"@id\":\"https:\/\/www.sellerlogic.com\/fr\/old-repricer-pricing\/#breadcrumb\"},\"inLanguage\":\"fr-FR\",\"potentialAction\":[{\"@type\":\"ReadAction\",\"target\":[\"https:\/\/www.sellerlogic.com\/fr\/old-repricer-pricing\/\"]}]},{\"@type\":\"BreadcrumbList\",\"@id\":\"https:\/\/www.sellerlogic.com\/fr\/old-repricer-pricing\/#breadcrumb\",\"itemListElement\":[{\"@type\":\"ListItem\",\"position\":1,\"name\":\"Home\",\"item\":\"https:\/\/www.sellerlogic.com\/fr\/\"},{\"@type\":\"ListItem\",\"position\":2,\"name\":\"Repricer pour la tarification Amazon &#8211; Ancienne version\"}]},{\"@type\":\"WebSite\",\"@id\":\"https:\/\/www.sellerlogic.com\/fr\/#website\",\"url\":\"https:\/\/www.sellerlogic.com\/fr\/\",\"name\":\"SELLERLOGIC - Smarte Tools f\u00fcr Amazon-Seller\",\"description\":\"Intelligente Prozessoptimierung und Gewinnmaximierung\",\"publisher\":{\"@id\":\"https:\/\/www.sellerlogic.com\/fr\/#organization\"},\"potentialAction\":[{\"@type\":\"SearchAction\",\"target\":{\"@type\":\"EntryPoint\",\"urlTemplate\":\"https:\/\/www.sellerlogic.com\/fr\/?s={search_term_string}\"},\"query-input\":{\"@type\":\"PropertyValueSpecification\",\"valueRequired\":true,\"valueName\":\"search_term_string\"}}],\"inLanguage\":\"fr-FR\"},{\"@type\":\"Organization\",\"@id\":\"https:\/\/www.sellerlogic.com\/fr\/#organization\",\"name\":\"SELLERLOGIC\",\"url\":\"https:\/\/www.sellerlogic.com\/fr\/\",\"logo\":{\"@type\":\"ImageObject\",\"inLanguage\":\"fr-FR\",\"@id\":\"https:\/\/www.sellerlogic.com\/fr\/#\/schema\/logo\/image\/\",\"url\":\"https:\/\/d2bw95mh2ee04s.cloudfront.net\/prod\/content\/wp-content\/uploads\/2025\/01\/02134814\/Property-Logo-Main.svg\",\"contentUrl\":\"https:\/\/d2bw95mh2ee04s.cloudfront.net\/prod\/content\/wp-content\/uploads\/2025\/01\/02134814\/Property-Logo-Main.svg\",\"width\":184,\"height\":40,\"caption\":\"SELLERLOGIC\"},\"image\":{\"@id\":\"https:\/\/www.sellerlogic.com\/fr\/#\/schema\/logo\/image\/\"},\"sameAs\":[\"https:\/\/www.facebook.com\/SellerLogic\/\",\"https:\/\/x.com\/sellerlogic\",\"https:\/\/www.instagram.com\/sellerlogic\/\",\"https:\/\/www.linkedin.com\/company\/18402037\/\",\"https:\/\/www.youtube.com\/channel\/UC-gULUur-fNj08sprantKsQ\"]}]}<\/script>\n<!-- \/ Yoast SEO plugin. -->","yoast_head_json":{"title":"Repricer pour la tarification Amazon - Ancienne version | SELLERLOGIC - Outils intelligents pour les vendeurs Amazon","robots":{"index":"noindex","follow":"nofollow"},"og_locale":"fr_FR","og_type":"article","og_title":"Repricer pour la tarification Amazon - Ancienne version | SELLERLOGIC - Outils intelligents pour les vendeurs Amazon","og_description":"Tarification flexible et \u00e9quitable Les co\u00fbts d\u00e9pendent du nombre de pays dans lesquels vous vendez et sont bas\u00e9s sur le nombre de SKU. Afin de vous permettre de conserver une vue d&#8217;ensemble claire de vos co\u00fbts, SELLERLOGIC vous fournira deux factures distinctes : une pour l&#8217;optimisation des produits B2C et une pour l&#8217;optimisation des produits","og_url":"https:\/\/www.sellerlogic.com\/fr\/old-repricer-pricing\/","og_site_name":"SELLERLOGIC - Outils intelligents pour les vendeurs Amazon","article_publisher":"https:\/\/www.facebook.com\/SellerLogic\/","article_modified_time":"2025-03-17T13:47:16+00:00","og_image":[{"width":2400,"height":1270,"url":"https:\/\/d2bw95mh2ee04s.cloudfront.net\/prod\/content\/wp-content\/uploads\/2025\/06\/09094621\/Social-OG-Image-Link.jpg","type":"image\/jpeg"}],"twitter_card":"summary_large_image","twitter_site":"@sellerlogic","twitter_misc":{"Est. reading time":"1 minute"},"schema":{"@context":"https:\/\/schema.org","@graph":[{"@type":"WebPage","@id":"https:\/\/www.sellerlogic.com\/fr\/old-repricer-pricing\/","url":"https:\/\/www.sellerlogic.com\/fr\/old-repricer-pricing\/","name":"Repricer pour la tarification Amazon - Ancienne version | SELLERLOGIC - Outils intelligents pour les vendeurs Amazon","isPartOf":{"@id":"https:\/\/www.sellerlogic.com\/fr\/#website"},"datePublished":"2025-03-12T15:07:18+00:00","dateModified":"2025-03-17T13:47:16+00:00","breadcrumb":{"@id":"https:\/\/www.sellerlogic.com\/fr\/old-repricer-pricing\/#breadcrumb"},"inLanguage":"fr-FR","potentialAction":[{"@type":"ReadAction","target":["https:\/\/www.sellerlogic.com\/fr\/old-repricer-pricing\/"]}]},{"@type":"BreadcrumbList","@id":"https:\/\/www.sellerlogic.com\/fr\/old-repricer-pricing\/#breadcrumb","itemListElement":[{"@type":"ListItem","position":1,"name":"Home","item":"https:\/\/www.sellerlogic.com\/fr\/"},{"@type":"ListItem","position":2,"name":"Repricer pour la tarification Amazon &#8211; Ancienne version"}]},{"@type":"WebSite","@id":"https:\/\/www.sellerlogic.com\/fr\/#website","url":"https:\/\/www.sellerlogic.com\/fr\/","name":"SELLERLOGIC - Smarte Tools f\u00fcr Amazon-Seller","description":"Intelligente Prozessoptimierung und Gewinnmaximierung","publisher":{"@id":"https:\/\/www.sellerlogic.com\/fr\/#organization"},"potentialAction":[{"@type":"SearchAction","target":{"@type":"EntryPoint","urlTemplate":"https:\/\/www.sellerlogic.com\/fr\/?s={search_term_string}"},"query-input":{"@type":"PropertyValueSpecification","valueRequired":true,"valueName":"search_term_string"}}],"inLanguage":"fr-FR"},{"@type":"Organization","@id":"https:\/\/www.sellerlogic.com\/fr\/#organization","name":"SELLERLOGIC","url":"https:\/\/www.sellerlogic.com\/fr\/","logo":{"@type":"ImageObject","inLanguage":"fr-FR","@id":"https:\/\/www.sellerlogic.com\/fr\/#\/schema\/logo\/image\/","url":"https:\/\/d2bw95mh2ee04s.cloudfront.net\/prod\/content\/wp-content\/uploads\/2025\/01\/02134814\/Property-Logo-Main.svg","contentUrl":"https:\/\/d2bw95mh2ee04s.cloudfront.net\/prod\/content\/wp-content\/uploads\/2025\/01\/02134814\/Property-Logo-Main.svg","width":184,"height":40,"caption":"SELLERLOGIC"},"image":{"@id":"https:\/\/www.sellerlogic.com\/fr\/#\/schema\/logo\/image\/"},"sameAs":["https:\/\/www.facebook.com\/SellerLogic\/","https:\/\/x.com\/sellerlogic","https:\/\/www.instagram.com\/sellerlogic\/","https:\/\/www.linkedin.com\/company\/18402037\/","https:\/\/www.youtube.com\/channel\/UC-gULUur-fNj08sprantKsQ"]}]}},"_links":{"self":[{"href":"https:\/\/www.sellerlogic.com\/fr\/wp-json\/wp\/v2\/pages\/81510","targetHints":{"allow":["GET"]}}],"collection":[{"href":"https:\/\/www.sellerlogic.com\/fr\/wp-json\/wp\/v2\/pages"}],"about":[{"href":"https:\/\/www.sellerlogic.com\/fr\/wp-json\/wp\/v2\/types\/page"}],"author":[{"embeddable":true,"href":"https:\/\/www.sellerlogic.com\/fr\/wp-json\/wp\/v2\/users\/31"}],"replies":[{"embeddable":true,"href":"https:\/\/www.sellerlogic.com\/fr\/wp-json\/wp\/v2\/comments?post=81510"}],"version-history":[{"count":0,"href":"https:\/\/www.sellerlogic.com\/fr\/wp-json\/wp\/v2\/pages\/81510\/revisions"}],"wp:attachment":[{"href":"https:\/\/www.sellerlogic.com\/fr\/wp-json\/wp\/v2\/media?parent=81510"}],"curies":[{"name":"wp","href":"https:\/\/api.w.org\/{rel}","templated":true}]}}