
{"id":86064,"date":"2025-05-20T14:13:03","date_gmt":"2025-05-20T14:13:03","guid":{"rendered":"https:\/\/www.sellerlogic.com\/telecharger-la-fiche-dinformation-lost-found\/"},"modified":"2025-05-20T14:13:03","modified_gmt":"2025-05-20T14:13:03","slug":"telecharger-la-fiche-dinformation-lost-found","status":"publish","type":"page","link":"https:\/\/www.sellerlogic.com\/fr\/ressources\/telecharger-la-fiche-dinformation-lost-found\/","title":{"rendered":"T\u00e9l\u00e9charger la fiche d&#8217;information Lost &#038; Found"},"content":{"rendered":"\n\t<div  class=\"theme-wp-block theme-block-main-header is-style-default desktop-content-align-y-center desktop-content-align-x-center xl-content-align-y-center xl-content-align-x-center lg-content-align-y-center lg-content-align-x-center md-content-align-y-center md-content-align-x-center sm-content-align-y-center sm-content-align-x-center gb-responsive-383982-identifier desktop-align-full xl-align-full lg-align-full md-align-full sm-align-full theme-block-cover\">\n\t\t<div class=\"bg-cover theme-lazy-load-bg\"><\/div>\n\t\t<div class=\"wrap-content-main-header\">\n\t\t\t\t\t<div  class=\"theme-wp-block theme-block-text-and-text desktop-blockDirection-row xl-blockDirection-row lg-blockDirection-row md-blockDirection-row sm-blockDirection-row gb-responsive-232445-identifier desktop-align-wide xl-align-wide lg-align-wide md-align-wide sm-align-wide\">\n\t\t<div class=\"tat-column-wrap-wrapper\">\n\t\t\t<div class=\"tat-column-wrapper\">\n\t\t\t\t\t<div  class=\"theme-wp-block theme-block-text-and-text-column desktop-horizontal-center xl-horizontal-center lg-horizontal-center md-horizontal-center sm-horizontal-center gb-responsive-785708-identifier desktop-gb-has-no-icon xl-gb-has-no-icon lg-gb-has-no-icon md-gb-has-no-icon sm-gb-has-no-icon\">\n\t\t<div class=\"inner-wrap-column-content\">\n\t\t\t<div class=\"inner-column-content\">\n\t\t\t\t\t\t<h1  class=\"theme-wp-block theme-block-heading desktop-text-center xl-text-center lg-text-center md-text-center sm-text-center desktop-gb-has-no-icon xl-gb-has-no-icon lg-gb-has-no-icon md-gb-has-no-icon sm-gb-has-no-icon gb-responsive-959617-identifier h1\">\n\t\tSELLERLOGIC Lost &#038; Found\t<\/h1>\n\n\t\t<h2  class=\"theme-wp-block theme-block-heading desktop-text-center xl-text-center lg-text-center md-text-center sm-text-center desktop-gb-has-no-icon xl-gb-has-no-icon lg-gb-has-no-icon md-gb-has-no-icon sm-gb-has-no-icon gb-responsive-1488-identifier h2\">\n\t\tTrouvez et r\u00e9clamez des remboursements pour les erreurs FBA\t<\/h2>\n\n\t\t\t<\/div>\n\t\t<\/div>\n\t<\/div>\n\t<div  class=\"theme-wp-block theme-block-text-and-text-column gb-responsive-339643-identifier\">\n\t\t<div class=\"inner-wrap-column-content\">\n\t\t\t<div class=\"inner-column-content\">\n\t\t\t\t\t\t\t<\/div>\n\t\t<\/div>\n\t<\/div>\n\t\t\t<\/div>\n\t\t<\/div>\n\t<\/div>\n\n\t\t<\/div>\n\t<\/div>\n\n<div style=\"height:50px\" aria-hidden=\"true\" class=\"theme-wp-block wp-block-spacer\"><\/div>\t\t<div  class=\"theme-wp-block theme-block-text-and-text desktop-blockDirection-row xl-blockDirection-row lg-blockDirection-row md-blockDirection-row gb-responsive-91863-identifier sm-blockDirection-column\">\n\t\t<div class=\"tat-column-wrap-wrapper\">\n\t\t\t<div class=\"tat-column-wrapper\">\n\t\t\t\t\t<div  class=\"theme-wp-block theme-block-text-and-text-column gb-responsive-724792-identifier\">\n\t\t<div class=\"inner-wrap-column-content\">\n\t\t\t<div class=\"inner-column-content\">\n\t\t\t\t<h3 class=\"theme-wp-block desktop-gb-has-no-icon xl-gb-has-no-icon lg-gb-has-no-icon md-gb-has-no-icon sm-gb-has-no-icon gb-responsive-788987-identifier wp-block-heading\" id=\"block-c5e5408e-24af-4acd-9cc3-41b31520587f\">Amazon FBA &#8211; le Triangle des Bermudes pour vos marchandises<\/h3><p class=\"theme-wp-block desktop-gb-has-no-icon xl-gb-has-no-icon lg-gb-has-no-icon md-gb-has-no-icon sm-gb-has-no-icon gb-responsive-880758-identifier\" id=\"block-66b36300-2d3f-4a31-b2ce-fc46734a927c\">La gestion par Amazon, ou FBA, est un service merveilleux pour les vendeurs qui ne voient pas leur comp\u00e9tence principale dans la gestion des stocks. Il n&#8217;est donc pas surprenant que tant de vendeurs comptent sur ce service.<\/p><p class=\"theme-wp-block desktop-gb-has-no-icon xl-gb-has-no-icon lg-gb-has-no-icon md-gb-has-no-icon sm-gb-has-no-icon gb-responsive-73267-identifier\" id=\"block-399a36d4-86dd-4bef-94b6-982b577a6788\">Si vous \u00eates entre de bonnes mains avec quelqu&#8217;un, cela doit \u00eatre avec Amazon, pensent certains. Cependant, m\u00eame les plus grands et les meilleurs d&#8217;entre nous font des erreurs. Amazon n&#8217;est pas une exception.<\/p><h3 class=\"theme-wp-block desktop-gb-has-no-icon xl-gb-has-no-icon lg-gb-has-no-icon md-gb-has-no-icon sm-gb-has-no-icon gb-responsive-146360-identifier wp-block-heading\" id=\"block-4ef975f1-b7e7-4aaa-a7bd-6a20cdb1195f\">Personne ne &#8220;emballe&#8221; parfaitement<\/h3><p class=\"theme-wp-block desktop-gb-has-no-icon xl-gb-has-no-icon lg-gb-has-no-icon md-gb-has-no-icon sm-gb-has-no-icon gb-responsive-905118-identifier\" id=\"block-07ccf850-79d1-458c-ad50-92d37c14a0a7\">Les employ\u00e9s des entrep\u00f4ts d&#8217;Amazon sont soumis \u00e0 une forte pression d&#8217;efficacit\u00e9. De plus, les processus deviennent de plus en plus complexes. Il n&#8217;est donc pas surprenant que des erreurs se produisent lors de la manipulation :<\/p><div class=\"theme-block-list\"><ul id=\"block-d7dbf32a-82c8-49fd-b9e5-8413a88662c2\" class=\"theme-wp-block desktop-gb-has-no-icon xl-gb-has-no-icon lg-gb-has-no-icon md-gb-has-no-icon sm-gb-has-no-icon gb-responsive-494230-identifier wp-block-list\"><li>Les marchandises sont endommag\u00e9es, perdues ou \u00e9limin\u00e9es<\/li><li>Les retours sont signal\u00e9s et enregistr\u00e9s, mais n&#8217;arrivent jamais<\/li><li>En raison de mesures incorrectes, des frais FBA incorrects sont factur\u00e9s<\/li><\/ul><\/div><h3 class=\"theme-wp-block desktop-gb-has-no-icon xl-gb-has-no-icon lg-gb-has-no-icon md-gb-has-no-icon sm-gb-has-no-icon gb-responsive-65367-identifier wp-block-heading\" id=\"block-63c528e1-5393-4bb4-b313-a55e68236f30\">Des erreurs peuvent se produire, mais elles ne doivent pas passer inaper\u00e7ues !<\/h3><p class=\"theme-wp-block desktop-gb-has-no-icon xl-gb-has-no-icon lg-gb-has-no-icon md-gb-has-no-icon sm-gb-has-no-icon gb-responsive-885548-identifier\" id=\"block-b54d3c39-5f1a-4ca8-9594-324d8f0439fc\">Parce que chaque erreur non d\u00e9couverte signifie de l&#8217;argent r\u00e9el qui est perdu.<\/p><p class=\"theme-wp-block desktop-gb-has-no-icon xl-gb-has-no-icon lg-gb-has-no-icon md-gb-has-no-icon sm-gb-has-no-icon gb-responsive-420889-identifier\" id=\"block-5ccaa6f0-b074-4cc5-a800-cc276fedeb3c\">Pourquoi vous devriez pr\u00e9f\u00e9rer utiliser SELLERLOGIC Lost &#038; Found au lieu d&#8217;agr\u00e9ger et d&#8217;\u00e9valuer manuellement plus de 10 rapports peut \u00eatre trouv\u00e9 dans notre fiche d&#8217;information.<\/p><div class=\"theme-wp-block wp-block-buttons desktop-gb-has-no-icon xl-gb-has-no-icon lg-gb-has-no-icon md-gb-has-no-icon sm-gb-has-no-icon gb-responsive-223395-identifier is-layout-flex wp-block-buttons-is-layout-flex\"><div class=\"theme-wp-block wp-block-button desktop-gb-has-no-icon xl-gb-has-no-icon lg-gb-has-no-icon md-gb-has-no-icon sm-gb-has-no-icon gb-responsive-847016-identifier is-style-theme-blue\"><a href=\"https:\/\/d2bw95mh2ee04s.cloudfront.net\/prod\/content\/files\/FACTSHEETS\/DE\/FactSheet_Lost-and-Found.pdf\"><strong>T\u00e9l\u00e9charger la fiche d&#8217;information maintenant<\/strong>!<\/a><\/div><\/div>\t\t\t<\/div>\n\t\t<\/div>\n\t<\/div>\n\t<div  class=\"theme-wp-block theme-block-text-and-text-column gb-responsive-626207-identifier\">\n\t\t<div class=\"inner-wrap-column-content\">\n\t\t\t<div class=\"inner-column-content\">\n\t\t\t\t<figure class=\"theme-wp-block wp-block-image size-large gb-responsive-773053-identifier is-style-default desktop-gb-has-no-icon xl-gb-has-no-icon lg-gb-has-no-icon md-gb-has-no-icon sm-gb-has-no-icon\"><img decoding=\"async\" width=\"476\" height=\"674\" src=\"https:\/\/d2bw95mh2ee04s.cloudfront.net\/prod\/content\/wp-content\/uploads\/2020\/12\/23140628\/factSheet_lost_found.gif\" alt=\"Download Factsheet Lost &amp; Found\" class=\"wp-image-4569\"><\/img><\/figure>\t\t\t<\/div>\n\t\t<\/div>\n\t<\/div>\n\t\t\t<\/div>\n\t\t<\/div>\n\t<\/div>\n\n<div style=\"height:50px\" aria-hidden=\"true\" class=\"theme-wp-block wp-block-spacer\"><\/div>","protected":false},"excerpt":{"rendered":"","protected":false},"author":8,"featured_media":6408,"parent":5390,"menu_order":0,"comment_status":"closed","ping_status":"closed","template":"","meta":{"sidebar_recommended_resources":{"data":[]},"sidebar_header_settings":{"hide_buttons":{"register":false}},"_use_new_theme":false,"inline_featured_image":false,"footnotes":""},"class_list":["post-86064","page","type-page","status-publish","has-post-thumbnail","hentry"],"yoast_head":"<!-- This site is optimized with the Yoast SEO plugin v26.8 - https:\/\/yoast.com\/product\/yoast-seo-wordpress\/ -->\n<title>SELLERLOGIC - T\u00e9l\u00e9charger la fiche d&#039;information : SELLERLOGIC Lost &amp; Found<\/title>\n<meta name=\"description\" content=\"Avec SELLERLOGIC Lost &amp; Found, trouvez des erreurs dans les transactions FBA et demandez des remboursements. T\u00e9l\u00e9chargez maintenant !\" \/>\n<meta name=\"robots\" content=\"index, follow, max-snippet:-1, max-image-preview:large, max-video-preview:-1\" \/>\n<link rel=\"canonical\" href=\"https:\/\/www.sellerlogic.com\/fr\/ressources\/telecharger-la-fiche-dinformation-lost-found\/\" \/>\n<meta property=\"og:locale\" content=\"fr_FR\" \/>\n<meta property=\"og:type\" content=\"article\" \/>\n<meta property=\"og:title\" content=\"SELLERLOGIC - T\u00e9l\u00e9charger la fiche d&#039;information : SELLERLOGIC Lost &amp; Found\" \/>\n<meta property=\"og:description\" content=\"Avec SELLERLOGIC Lost &amp; Found, trouvez des erreurs dans les transactions FBA et demandez des remboursements. T\u00e9l\u00e9chargez maintenant !\" \/>\n<meta property=\"og:url\" content=\"https:\/\/www.sellerlogic.com\/fr\/ressources\/telecharger-la-fiche-dinformation-lost-found\/\" \/>\n<meta property=\"og:site_name\" content=\"SELLERLOGIC - Outils intelligents pour les vendeurs Amazon\" \/>\n<meta property=\"article:publisher\" content=\"https:\/\/www.facebook.com\/SellerLogic\/\" \/>\n<meta property=\"og:image\" content=\"https:\/\/d2bw95mh2ee04s.cloudfront.net\/prod\/content\/wp-content\/uploads\/2021\/01\/23142704\/lost-found-amazon-professionell.jpg\" \/>\n\t<meta property=\"og:image:width\" content=\"1300\" \/>\n\t<meta property=\"og:image:height\" content=\"846\" \/>\n\t<meta property=\"og:image:type\" content=\"image\/jpeg\" \/>\n<meta name=\"twitter:card\" content=\"summary_large_image\" \/>\n<meta name=\"twitter:site\" content=\"@sellerlogic\" \/>\n<meta name=\"twitter:label1\" content=\"Est. reading time\" \/>\n\t<meta name=\"twitter:data1\" content=\"1 minute\" \/>\n<script type=\"application\/ld+json\" class=\"yoast-schema-graph\">{\"@context\":\"https:\/\/schema.org\",\"@graph\":[{\"@type\":\"WebPage\",\"@id\":\"https:\/\/www.sellerlogic.com\/fr\/ressources\/telecharger-la-fiche-dinformation-lost-found\/\",\"url\":\"https:\/\/www.sellerlogic.com\/fr\/ressources\/telecharger-la-fiche-dinformation-lost-found\/\",\"name\":\"SELLERLOGIC - T\u00e9l\u00e9charger la fiche d'information : SELLERLOGIC Lost & Found\",\"isPartOf\":{\"@id\":\"https:\/\/www.sellerlogic.com\/fr\/#website\"},\"primaryImageOfPage\":{\"@id\":\"https:\/\/www.sellerlogic.com\/fr\/ressources\/telecharger-la-fiche-dinformation-lost-found\/#primaryimage\"},\"image\":{\"@id\":\"https:\/\/www.sellerlogic.com\/fr\/ressources\/telecharger-la-fiche-dinformation-lost-found\/#primaryimage\"},\"thumbnailUrl\":\"https:\/\/d2bw95mh2ee04s.cloudfront.net\/prod\/content\/wp-content\/uploads\/2021\/01\/23142704\/lost-found-amazon-professionell.jpg\",\"datePublished\":\"2025-05-20T14:13:03+00:00\",\"description\":\"Avec SELLERLOGIC Lost & Found, trouvez des erreurs dans les transactions FBA et demandez des remboursements. T\u00e9l\u00e9chargez maintenant !\",\"breadcrumb\":{\"@id\":\"https:\/\/www.sellerlogic.com\/fr\/ressources\/telecharger-la-fiche-dinformation-lost-found\/#breadcrumb\"},\"inLanguage\":\"fr-FR\",\"potentialAction\":[{\"@type\":\"ReadAction\",\"target\":[\"https:\/\/www.sellerlogic.com\/fr\/ressources\/telecharger-la-fiche-dinformation-lost-found\/\"]}]},{\"@type\":\"ImageObject\",\"inLanguage\":\"fr-FR\",\"@id\":\"https:\/\/www.sellerlogic.com\/fr\/ressources\/telecharger-la-fiche-dinformation-lost-found\/#primaryimage\",\"url\":\"https:\/\/d2bw95mh2ee04s.cloudfront.net\/prod\/content\/wp-content\/uploads\/2021\/01\/23142704\/lost-found-amazon-professionell.jpg\",\"contentUrl\":\"https:\/\/d2bw95mh2ee04s.cloudfront.net\/prod\/content\/wp-content\/uploads\/2021\/01\/23142704\/lost-found-amazon-professionell.jpg\",\"width\":1300,\"height\":846},{\"@type\":\"BreadcrumbList\",\"@id\":\"https:\/\/www.sellerlogic.com\/fr\/ressources\/telecharger-la-fiche-dinformation-lost-found\/#breadcrumb\",\"itemListElement\":[{\"@type\":\"ListItem\",\"position\":1,\"name\":\"Home\",\"item\":\"https:\/\/www.sellerlogic.com\/fr\/\"},{\"@type\":\"ListItem\",\"position\":2,\"name\":\"Ressourcen FR\",\"item\":\"https:\/\/127.0.0.1\/de\/ressourcen\/\"},{\"@type\":\"ListItem\",\"position\":3,\"name\":\"T\u00e9l\u00e9charger la fiche d&#8217;information Lost &#038; Found\"}]},{\"@type\":\"WebSite\",\"@id\":\"https:\/\/www.sellerlogic.com\/fr\/#website\",\"url\":\"https:\/\/www.sellerlogic.com\/fr\/\",\"name\":\"SELLERLOGIC - Smarte Tools f\u00fcr Amazon-Seller\",\"description\":\"Intelligente Prozessoptimierung und Gewinnmaximierung\",\"publisher\":{\"@id\":\"https:\/\/www.sellerlogic.com\/fr\/#organization\"},\"potentialAction\":[{\"@type\":\"SearchAction\",\"target\":{\"@type\":\"EntryPoint\",\"urlTemplate\":\"https:\/\/www.sellerlogic.com\/fr\/?s={search_term_string}\"},\"query-input\":{\"@type\":\"PropertyValueSpecification\",\"valueRequired\":true,\"valueName\":\"search_term_string\"}}],\"inLanguage\":\"fr-FR\"},{\"@type\":\"Organization\",\"@id\":\"https:\/\/www.sellerlogic.com\/fr\/#organization\",\"name\":\"SELLERLOGIC\",\"url\":\"https:\/\/www.sellerlogic.com\/fr\/\",\"logo\":{\"@type\":\"ImageObject\",\"inLanguage\":\"fr-FR\",\"@id\":\"https:\/\/www.sellerlogic.com\/fr\/#\/schema\/logo\/image\/\",\"url\":\"https:\/\/d2bw95mh2ee04s.cloudfront.net\/prod\/content\/wp-content\/uploads\/2025\/01\/02134814\/Property-Logo-Main.svg\",\"contentUrl\":\"https:\/\/d2bw95mh2ee04s.cloudfront.net\/prod\/content\/wp-content\/uploads\/2025\/01\/02134814\/Property-Logo-Main.svg\",\"width\":184,\"height\":40,\"caption\":\"SELLERLOGIC\"},\"image\":{\"@id\":\"https:\/\/www.sellerlogic.com\/fr\/#\/schema\/logo\/image\/\"},\"sameAs\":[\"https:\/\/www.facebook.com\/SellerLogic\/\",\"https:\/\/x.com\/sellerlogic\",\"https:\/\/www.instagram.com\/sellerlogic\/\",\"https:\/\/www.linkedin.com\/company\/18402037\/\",\"https:\/\/www.youtube.com\/channel\/UC-gULUur-fNj08sprantKsQ\"]}]}<\/script>\n<!-- \/ Yoast SEO plugin. -->","yoast_head_json":{"title":"SELLERLOGIC - T\u00e9l\u00e9charger la fiche d'information : SELLERLOGIC Lost & Found","description":"Avec SELLERLOGIC Lost & Found, trouvez des erreurs dans les transactions FBA et demandez des remboursements. T\u00e9l\u00e9chargez maintenant !","robots":{"index":"index","follow":"follow","max-snippet":"max-snippet:-1","max-image-preview":"max-image-preview:large","max-video-preview":"max-video-preview:-1"},"canonical":"https:\/\/www.sellerlogic.com\/fr\/ressources\/telecharger-la-fiche-dinformation-lost-found\/","og_locale":"fr_FR","og_type":"article","og_title":"SELLERLOGIC - T\u00e9l\u00e9charger la fiche d'information : SELLERLOGIC Lost & Found","og_description":"Avec SELLERLOGIC Lost & Found, trouvez des erreurs dans les transactions FBA et demandez des remboursements. T\u00e9l\u00e9chargez maintenant !","og_url":"https:\/\/www.sellerlogic.com\/fr\/ressources\/telecharger-la-fiche-dinformation-lost-found\/","og_site_name":"SELLERLOGIC - Outils intelligents pour les vendeurs Amazon","article_publisher":"https:\/\/www.facebook.com\/SellerLogic\/","og_image":[{"width":1300,"height":846,"url":"https:\/\/d2bw95mh2ee04s.cloudfront.net\/prod\/content\/wp-content\/uploads\/2021\/01\/23142704\/lost-found-amazon-professionell.jpg","type":"image\/jpeg"}],"twitter_card":"summary_large_image","twitter_site":"@sellerlogic","twitter_misc":{"Est. reading time":"1 minute"},"schema":{"@context":"https:\/\/schema.org","@graph":[{"@type":"WebPage","@id":"https:\/\/www.sellerlogic.com\/fr\/ressources\/telecharger-la-fiche-dinformation-lost-found\/","url":"https:\/\/www.sellerlogic.com\/fr\/ressources\/telecharger-la-fiche-dinformation-lost-found\/","name":"SELLERLOGIC - T\u00e9l\u00e9charger la fiche d'information : SELLERLOGIC Lost & Found","isPartOf":{"@id":"https:\/\/www.sellerlogic.com\/fr\/#website"},"primaryImageOfPage":{"@id":"https:\/\/www.sellerlogic.com\/fr\/ressources\/telecharger-la-fiche-dinformation-lost-found\/#primaryimage"},"image":{"@id":"https:\/\/www.sellerlogic.com\/fr\/ressources\/telecharger-la-fiche-dinformation-lost-found\/#primaryimage"},"thumbnailUrl":"https:\/\/d2bw95mh2ee04s.cloudfront.net\/prod\/content\/wp-content\/uploads\/2021\/01\/23142704\/lost-found-amazon-professionell.jpg","datePublished":"2025-05-20T14:13:03+00:00","description":"Avec SELLERLOGIC Lost & Found, trouvez des erreurs dans les transactions FBA et demandez des remboursements. T\u00e9l\u00e9chargez maintenant !","breadcrumb":{"@id":"https:\/\/www.sellerlogic.com\/fr\/ressources\/telecharger-la-fiche-dinformation-lost-found\/#breadcrumb"},"inLanguage":"fr-FR","potentialAction":[{"@type":"ReadAction","target":["https:\/\/www.sellerlogic.com\/fr\/ressources\/telecharger-la-fiche-dinformation-lost-found\/"]}]},{"@type":"ImageObject","inLanguage":"fr-FR","@id":"https:\/\/www.sellerlogic.com\/fr\/ressources\/telecharger-la-fiche-dinformation-lost-found\/#primaryimage","url":"https:\/\/d2bw95mh2ee04s.cloudfront.net\/prod\/content\/wp-content\/uploads\/2021\/01\/23142704\/lost-found-amazon-professionell.jpg","contentUrl":"https:\/\/d2bw95mh2ee04s.cloudfront.net\/prod\/content\/wp-content\/uploads\/2021\/01\/23142704\/lost-found-amazon-professionell.jpg","width":1300,"height":846},{"@type":"BreadcrumbList","@id":"https:\/\/www.sellerlogic.com\/fr\/ressources\/telecharger-la-fiche-dinformation-lost-found\/#breadcrumb","itemListElement":[{"@type":"ListItem","position":1,"name":"Home","item":"https:\/\/www.sellerlogic.com\/fr\/"},{"@type":"ListItem","position":2,"name":"Ressourcen FR","item":"https:\/\/127.0.0.1\/de\/ressourcen\/"},{"@type":"ListItem","position":3,"name":"T\u00e9l\u00e9charger la fiche d&#8217;information Lost &#038; Found"}]},{"@type":"WebSite","@id":"https:\/\/www.sellerlogic.com\/fr\/#website","url":"https:\/\/www.sellerlogic.com\/fr\/","name":"SELLERLOGIC - Smarte Tools f\u00fcr Amazon-Seller","description":"Intelligente Prozessoptimierung und Gewinnmaximierung","publisher":{"@id":"https:\/\/www.sellerlogic.com\/fr\/#organization"},"potentialAction":[{"@type":"SearchAction","target":{"@type":"EntryPoint","urlTemplate":"https:\/\/www.sellerlogic.com\/fr\/?s={search_term_string}"},"query-input":{"@type":"PropertyValueSpecification","valueRequired":true,"valueName":"search_term_string"}}],"inLanguage":"fr-FR"},{"@type":"Organization","@id":"https:\/\/www.sellerlogic.com\/fr\/#organization","name":"SELLERLOGIC","url":"https:\/\/www.sellerlogic.com\/fr\/","logo":{"@type":"ImageObject","inLanguage":"fr-FR","@id":"https:\/\/www.sellerlogic.com\/fr\/#\/schema\/logo\/image\/","url":"https:\/\/d2bw95mh2ee04s.cloudfront.net\/prod\/content\/wp-content\/uploads\/2025\/01\/02134814\/Property-Logo-Main.svg","contentUrl":"https:\/\/d2bw95mh2ee04s.cloudfront.net\/prod\/content\/wp-content\/uploads\/2025\/01\/02134814\/Property-Logo-Main.svg","width":184,"height":40,"caption":"SELLERLOGIC"},"image":{"@id":"https:\/\/www.sellerlogic.com\/fr\/#\/schema\/logo\/image\/"},"sameAs":["https:\/\/www.facebook.com\/SellerLogic\/","https:\/\/x.com\/sellerlogic","https:\/\/www.instagram.com\/sellerlogic\/","https:\/\/www.linkedin.com\/company\/18402037\/","https:\/\/www.youtube.com\/channel\/UC-gULUur-fNj08sprantKsQ"]}]}},"_links":{"self":[{"href":"https:\/\/www.sellerlogic.com\/fr\/wp-json\/wp\/v2\/pages\/86064","targetHints":{"allow":["GET"]}}],"collection":[{"href":"https:\/\/www.sellerlogic.com\/fr\/wp-json\/wp\/v2\/pages"}],"about":[{"href":"https:\/\/www.sellerlogic.com\/fr\/wp-json\/wp\/v2\/types\/page"}],"author":[{"embeddable":true,"href":"https:\/\/www.sellerlogic.com\/fr\/wp-json\/wp\/v2\/users\/8"}],"replies":[{"embeddable":true,"href":"https:\/\/www.sellerlogic.com\/fr\/wp-json\/wp\/v2\/comments?post=86064"}],"version-history":[{"count":0,"href":"https:\/\/www.sellerlogic.com\/fr\/wp-json\/wp\/v2\/pages\/86064\/revisions"}],"up":[{"embeddable":true,"href":"https:\/\/www.sellerlogic.com\/fr\/wp-json\/wp\/v2\/pages\/5390"}],"wp:featuredmedia":[{"embeddable":true,"href":"https:\/\/www.sellerlogic.com\/fr\/wp-json\/wp\/v2\/media\/6408"}],"wp:attachment":[{"href":"https:\/\/www.sellerlogic.com\/fr\/wp-json\/wp\/v2\/media?parent=86064"}],"curies":[{"name":"wp","href":"https:\/\/api.w.org\/{rel}","templated":true}]}}