
{"id":8703,"date":"2021-03-12T08:52:50","date_gmt":"2021-03-12T08:52:50","guid":{"rendered":"https:\/\/www.sellerlogic.com\/?page_id=8703"},"modified":"2023-08-23T15:45:02","modified_gmt":"2023-08-23T15:45:02","slug":"success-story-groupe-dragon","status":"publish","type":"page","link":"https:\/\/www.sellerlogic.com\/fr\/ressources\/success-story-groupe-dragon\/","title":{"rendered":"Success Story: Groupe Dragon FR"},"content":{"rendered":"\n\t<div  class=\"theme-wp-block theme-block-main-header is-style-full-height desktop-content-align-y-center desktop-content-align-x-center xl-content-align-y-center xl-content-align-x-center lg-content-align-y-center lg-content-align-x-center md-content-align-y-center md-content-align-x-center sm-content-align-y-center sm-content-align-x-center gb-responsive-853195-identifier desktop-align-full xl-align-full lg-align-full md-align-full sm-align-full desktop-gb-has-no-icon xl-gb-has-no-icon lg-gb-has-no-icon md-gb-has-no-icon sm-gb-has-no-icon theme-block-cover\">\n\t\t<div class=\"bg-cover theme-lazy-load-bg\"><\/div>\n\t\t<div class=\"wrap-content-main-header\">\n\t\t\t\n\t\t<div  class=\"theme-wp-block theme-block-text-and-text gb-responsive-170032-identifier desktop-vertical-center xl-vertical-center lg-vertical-center md-vertical-center sm-vertical-center md-blockDirection-column sm-blockDirection-column desktop-blockDirection-column xl-blockDirection-column lg-blockDirection-column alignfull\">\n\t\t<div class=\"tat-column-wrap-wrapper\">\n\t\t\t<div class=\"tat-column-wrapper\">\n\t\t\t\t\n\t<div  class=\"theme-wp-block theme-block-text-and-text-column gb-responsive-644092-identifier md-horizontal-center desktop-horizontal-right sm-horizontal-center xl-horizontal-center lg-horizontal-center\">\n\t\t<div class=\"inner-wrap-column-content\">\n\t\t\t<div class=\"inner-column-content\">\n\t\t\t\t\n\t\t<h1  class=\"theme-wp-block theme-block-heading is-style-default sm-text-center md-text-center desktop-text-center xl-text-center lg-text-center gb-responsive-113637-identifier desktop-align-full xl-align-full lg-align-full md-align-full sm-align-full desktop-gb-has-no-icon xl-gb-has-no-icon lg-gb-has-no-icon md-gb-has-no-icon sm-gb-has-no-icon alignfull h1 has-text-align\">\n\t\t<strong>Peu de temps, peu de personnel, peu de ressources<\/strong>\t<\/h1>\n\n\n\n\t\t<h2  class=\"theme-wp-block theme-block-heading desktop-gb-has-no-icon xl-gb-has-no-icon lg-gb-has-no-icon md-gb-has-no-icon sm-gb-has-no-icon gb-responsive-848621-identifier desktop-text-center xl-text-center lg-text-center md-text-center sm-text-center h3\">\n\t\t<strong>Comment le Groupe Dragon a obtenu un remboursement pour chaque erreur FBA<\/strong>\t<\/h2>\n\n\n\t\t\t<\/div>\n\t\t<\/div>\n\t<\/div>\n\n\n\t<div  class=\"theme-wp-block theme-block-text-and-text-column gb-responsive-840598-identifier desktop-horizontal-center xl-horizontal-center lg-horizontal-center md-horizontal-center sm-horizontal-center\">\n\t\t<div class=\"inner-wrap-column-content\">\n\t\t\t<div class=\"inner-column-content\">\n\t\t\t\t\t\t\t<\/div>\n\t\t<\/div>\n\t<\/div>\n\n\t\t\t<\/div>\n\t\t<\/div>\n\t<\/div>\n\n\n\t\t<\/div>\n\t<\/div>\n\n\n\n\n<div style=\"height:50px\" aria-hidden=\"true\" class=\"theme-wp-block wp-block-spacer\"><\/div>\n\n\n\n<div class=\"theme-wp-block wp-block-columns gb-responsive-715185-identifier is-layout-flex wp-container-core-columns-is-layout-9d6595d7 wp-block-columns-is-layout-flex\">\n<div class=\"theme-wp-block wp-block-column gb-responsive-447113-identifier is-layout-flow wp-block-column-is-layout-flow\" style=\"flex-basis:25%\">\n<figure class=\"theme-wp-block wp-block-image size-large gb-responsive-62921-identifier desktop-gb-has-no-icon xl-gb-has-no-icon lg-gb-has-no-icon md-gb-has-no-icon sm-gb-has-no-icon\"><img decoding=\"async\" width=\"156\" height=\"156\" src=\"https:\/\/d2bw95mh2ee04s.cloudfront.net\/prod\/content\/wp-content\/uploads\/2021\/03\/23142640\/logo2_groupe-dragon-edited.png\" alt=\"Success Story: Groupe Dragon FR\" class=\"wp-image-8498\"\/><\/figure>\n\n\n\n<p class=\"theme-wp-block gb-responsive-312552-identifier desktop-gb-has-no-icon xl-gb-has-no-icon lg-gb-has-no-icon md-gb-has-no-icon sm-gb-has-no-icon\"><strong>Fondation<\/strong> <strong>:<\/strong><br>2011<\/p>\n\n\n\n<p class=\"theme-wp-block gb-responsive-353708-identifier desktop-gb-has-no-icon xl-gb-has-no-icon lg-gb-has-no-icon md-gb-has-no-icon sm-gb-has-no-icon\"><strong>Industrie<\/strong> <strong>:<\/strong><br>Pi\u00e8ces d\u00e9tach\u00e9es \/ Accessoires \u00e9lectriques m\u00e9nagers<\/p>\n\n\n\n<p class=\"theme-wp-block gb-responsive-741269-identifier desktop-gb-has-no-icon xl-gb-has-no-icon lg-gb-has-no-icon md-gb-has-no-icon sm-gb-has-no-icon\"><strong>Articles sur Amazon<\/strong> <strong>:<\/strong><br>177.000 (tous march\u00e9s)<\/p>\n\n\n\n<p class=\"theme-wp-block gb-responsive-218030-identifier desktop-gb-has-no-icon xl-gb-has-no-icon lg-gb-has-no-icon md-gb-has-no-icon sm-gb-has-no-icon\"><strong>Exp\u00e9ditions<\/strong> <strong>:&nbsp;<\/strong><br>37.000 par mois<\/p>\n<\/div>\n\n\n\n<div class=\"theme-wp-block wp-block-column gb-responsive-617513-identifier is-layout-flow wp-block-column-is-layout-flow\" style=\"flex-basis:50%\">\n<h3 class=\"theme-wp-block wp-block-heading gb-responsive-34353-identifier desktop-gb-has-no-icon xl-gb-has-no-icon lg-gb-has-no-icon md-gb-has-no-icon sm-gb-has-no-icon\" id=\"block-c06fce04-ef87-4ffc-a3d6-b768ba377d17\"><strong>Contexte<\/strong> :<\/h3>\n\n\n\n<p class=\"theme-wp-block desktop-gb-has-no-icon xl-gb-has-no-icon lg-gb-has-no-icon md-gb-has-no-icon sm-gb-has-no-icon gb-responsive-706595-identifier\">Le Groupe Dragon est l&#8217;une des entreprises fran\u00e7aises les plus performantes sur la marketplace d&#8217;Amazon. Le succ\u00e8s n&#8217;est pas le fruit du hasard : avant que le fondateur du Groupe Dragon ne devienne un vendeur Amazon, il travaillait \u00e0 plein temps comme r\u00e9parateur d&#8217;appareils \u00e9lectriques. &#8220;A l&#8217;\u00e9poque, il proposait m\u00eame des pi\u00e8ces d\u00e9tach\u00e9es dans son magasin&#8221;, explique Florent Noualy, Responsable achats et d\u00e9veloppement marketplace. &#8220;Il s&#8217;est rendu compte que les appareils \u00e9lectriques se cassent beaucoup plus vite de nos jours qu&#8217;auparavant.&#8221;<\/p>\n\n\n\n<p class=\"theme-wp-block desktop-gb-has-no-icon xl-gb-has-no-icon lg-gb-has-no-icon md-gb-has-no-icon sm-gb-has-no-icon gb-responsive-844210-identifier\">\u00c0 cela s&#8217;ajoute une nouvelle l\u00e9gislation qui oblige notamment les fabricants \u00e0 conserver les pi\u00e8ces de rechange en stock pendant un certain temps. Ces d\u00e9veloppements ont contribu\u00e9 \u00e0 une augmentation significative de la demande de mat\u00e9riel de r\u00e9paration, en particulier en ligne. La d\u00e9cision de proposer \u00e9galement des pi\u00e8ces d\u00e9tach\u00e9es en ligne \u00e9tait la bonne : entre-temps, le Groupe Dragon se classe parmi les cinq meilleurs vendeurs fran\u00e7ais sur Amazon.<\/p>\n\n\n\n<h3 class=\"theme-wp-block wp-block-heading gb-responsive-182281-identifier desktop-gb-has-no-icon xl-gb-has-no-icon lg-gb-has-no-icon md-gb-has-no-icon sm-gb-has-no-icon\"><strong>D\u00e9fi<\/strong> :<\/h3>\n\n\n\n<p class=\"theme-wp-block desktop-gb-has-no-icon xl-gb-has-no-icon lg-gb-has-no-icon md-gb-has-no-icon sm-gb-has-no-icon gb-responsive-232695-identifier\">Avec son succ\u00e8s, le Groupe Dragon a \u00e9galement d\u00fb faire face \u00e0 de nouveaux d\u00e9fis qu&#8217;il a fallu surmonter. &#8220;L&#8217;un d&#8217;eux \u00e9tait l&#8217;internationalisation. Amazon nous a \u00e9t\u00e9 d&#8217;une grande aide dans ce domaine, car son acc\u00e8s facile \u00e0 d&#8217;autres march\u00e9s a permis \u00e0 notre entreprise de se d\u00e9velopper r\u00e9guli\u00e8rement&#8221;, explique Florent Noualy. Le march\u00e9 allemand est m\u00eame devenu leur premier canal de vente.<\/p>\n\n\n\n<p class=\"theme-wp-block desktop-gb-has-no-icon xl-gb-has-no-icon lg-gb-has-no-icon md-gb-has-no-icon sm-gb-has-no-icon gb-responsive-305143-identifier\">L&#8217;expansion sur Amazon a \u00e9galement ouvert la voie \u00e0 l&#8217;offre de produits de marque de Dyson ou Elektrolux. &#8220;Cela a massivement augment\u00e9 notre volume de commandes et de stocks. Lorsque j&#8217;ai rejoint l&#8217;\u00e9quipe en 2015, il est apparu assez rapidement que nous devions faire appel au service &#8216;Exp\u00e9di\u00e9 par Amazon&#8217; ou FBA. Pour nous, c&#8217;\u00e9tait la meilleure option&#8221;.<\/p>\n\n\n\n<h3 class=\"theme-wp-block wp-block-heading gb-responsive-115756-identifier desktop-gb-has-no-icon xl-gb-has-no-icon lg-gb-has-no-icon md-gb-has-no-icon sm-gb-has-no-icon\"><strong>Solution<\/strong> :<\/h3>\n\n\n\n<p class=\"theme-wp-block desktop-gb-has-no-icon xl-gb-has-no-icon lg-gb-has-no-icon md-gb-has-no-icon sm-gb-has-no-icon gb-responsive-423940-identifier\">Puis Florent Noualy a re\u00e7u un message via LinkedIn de Monica, qui travaille dans l&#8217;\u00e9quipe commerciale de SELLERLOGIC. &#8220;Je connaissais d\u00e9j\u00e0 SELLERLOGIC&#8221;, dit Noualy, &#8220;et je me suis imm\u00e9diatement int\u00e9ress\u00e9 \u00e0 Lost &amp; Found. Il \u00e9tait d\u00e9j\u00e0 clair pour moi \u00e0 ce moment-l\u00e0 qu&#8217;il nous manquait des informations importantes sur nos processus FBA&#8221;. De plus, personne dans l&#8217;\u00e9quipe du Groupe Dragon n&#8217;\u00e9tait en mesure d&#8217;analyser les quantit\u00e9s massives de donn\u00e9es fournies par Amazon. Celles-ci ont pu \u00eatre g\u00e9r\u00e9es par Lost &amp; Found.<\/p>\n\n\n\n<p class=\"theme-wp-block desktop-gb-has-no-icon xl-gb-has-no-icon lg-gb-has-no-icon md-gb-has-no-icon sm-gb-has-no-icon gb-responsive-837826-identifier\">&#8220;M\u00eame si nous vendions sur Amazon depuis des ann\u00e9es et que nous avions une bonne compr\u00e9hension du fonctionnement du march\u00e9&#8221;, dit Noualy, &#8220;nous n&#8217;avions pas suffisamment de connaissances pour identifier tous les types d&#8217;erreurs&#8221;. Il fallait absolument rem\u00e9dier \u00e0 cette situation. &#8220;Donc, lorsque j&#8217;ai activ\u00e9 Lost &amp; Found, je craignais d\u00e9j\u00e0 que l&#8217;outil identifie beaucoup d&#8217;erreurs FBA. Mais jamais je ne me serais attendu \u00e0 un tel montant !&#8221;<\/p>\n\n\n<div class=\"theme-block-group-wrap\">\n<div class=\"theme-wp-block wp-block-group gb-responsive-88118-identifier\"><div class=\"wp-block-group__inner-container is-layout-flow wp-block-group-is-layout-flow\">\t\t<div  class=\"theme-wp-block theme-block-user-card gb-responsive-799176-identifier is-style-full-width-line desktop-gb-has-no-icon xl-gb-has-no-icon lg-gb-has-no-icon md-gb-has-no-icon sm-gb-has-no-icon\">\n\t\t<div class=\"wrap-inner-content\">\n\t\t\t<div class=\"card-user-head\">\n\t\t\t\t<div class=\"card-user-avatar\">\n\t\t\t\t\t<div class=\"cover-avatar\" style=\"background-image: url(https:\/\/d2bw95mh2ee04s.cloudfront.net\/prod\/content\/wp-content\/uploads\/2021\/03\/23142640\/florent_groupe-dragon-raute.png);\"><\/div>\n\t\t\t\t<\/div>\n\t\t\t\t<div class=\"wrap-title\">\n\t\t\t\t\t<div class=\"card-user-name\">\n\t\t\t\t\t\t<div class=\"title\">\n\t\t\t\t\t\t\t<h3 class=\"heading-text\"><strong>Florent Noualy<\/strong><\/h3>\n\t\t\t\t\t\t<\/div>\n\t\t\t\t\t\t<div class=\"card-user-position\">\n\t\t\t\t\t\t\t<div class=\"card-text\"><strong>Responsable de la strat\u00e9gie d&#8217;achat et de march\u00e9<\/strong><\/div>\n\t\t\t\t\t\t<\/div>\n\t\t\t\t\t<\/div>\n\t\t\t\t\t<div class=\"card-user-quote-icon\">\n\t\t\t\t\t<\/div>\n\t\t\t\t<\/div>\n\t\t\t<\/div>\n\t\t\t<div class=\"card-user-text\">\n\t\t\t\t<div class=\"card-text\"><p>&#8220;Il \u00e9tait absolument inacceptable de continuer \u00e0 perdre autant d&#8217;argent, la d\u00e9cision \u00e9tait donc claire : nous continuerions \u00e0 utiliser Lost &amp; Found&#8221;.<\/p><\/div>\n\t\t\t<\/div>\n\t\t<\/div>\n\t<\/div>\n\n<\/div>\n<\/div><\/div>\n\n\n<h3 class=\"theme-wp-block wp-block-heading gb-responsive-595368-identifier desktop-gb-has-no-icon xl-gb-has-no-icon lg-gb-has-no-icon md-gb-has-no-icon sm-gb-has-no-icon\"><strong>Succ\u00e8s avec SELLERLOGIC <\/strong>:<\/h3>\n\n\n\n<p class=\"theme-wp-block desktop-gb-has-no-icon xl-gb-has-no-icon lg-gb-has-no-icon md-gb-has-no-icon sm-gb-has-no-icon gb-responsive-741122-identifier\">La toute premi\u00e8re vague d&#8217;analyse de Lost &amp; Found a mis en \u00e9vidence 360 erreurs FBA. Noualy a \u00e9t\u00e9 choqu\u00e9. &#8220;Il \u00e9tait absolument inacceptable de continuer \u00e0 perdre autant d&#8217;argent, la d\u00e9cision \u00e9tait donc claire : nous continuerions \u00e0 utiliser Lost &amp; Found&#8221;. Et c&#8217;\u00e9tait une bonne d\u00e9cision. Jusqu&#8217;\u00e0 pr\u00e9sent, Lost &amp; Found a permis \u00e0 la soci\u00e9t\u00e9 de r\u00e9cup\u00e9rer environ 25.000 EUR de remboursements de la part d&#8217;Amazon, qui auraient sans cela \u00e9t\u00e9 perdus.<\/p>\n\n\n\n<p class=\"theme-wp-block desktop-gb-has-no-icon xl-gb-has-no-icon lg-gb-has-no-icon md-gb-has-no-icon sm-gb-has-no-icon gb-responsive-756432-identifier\">Mais ce n&#8217;est pas tout. La solution SELLERLOGIC permet \u00e9galement au Groupe Dragon d&#8217;\u00e9conomiser beaucoup d&#8217;autres ressources telles que du temps et de la main-d&#8217;\u0153uvre. &#8220;La communication avec Amazon est \u00e9galement devenue plus facile. Lost &amp; Found fournit les bonnes informations au bon moment&#8221;. Cela inclut, par exemple, les mod\u00e8les de texte que le Groupe Dragon peut utiliser pour r\u00e9pondre imm\u00e9diatement aux r\u00e9ponses automatis\u00e9es d&#8217;Amazon. &#8220;Il nous suffit de copier-coller le texte fourni avec chaque dossier. Tout ce que nous devons savoir sur une erreur est clairement expliqu\u00e9 sur Lost &amp; Found&#8221;.<\/p>\n\n\n\n<p class=\"theme-wp-block desktop-gb-has-no-icon xl-gb-has-no-icon lg-gb-has-no-icon md-gb-has-no-icon sm-gb-has-no-icon gb-responsive-764572-identifier\">Florent Noualy est \u00e9galement ravi de SELLERLOGIC, car leur service client\u00e8le est inclus dans le prix : &#8220;En cas de probl\u00e8me avec l&#8217;un des dossiers en cours, l&#8217;\u00e9quipe de SELLERLOGIC est toujours disponible pour assister ses clients jsuqu&#8217;\u00e0 ce que le dossier trouve une issue positive&#8221;.<\/p>\n\n\n\n<div class=\"theme-wp-block wp-block-buttons gb-responsive-497426-identifier is-layout-flex wp-block-buttons-is-layout-flex\">\n<div class=\"theme-wp-block wp-block-button gb-responsive-38220-identifier is-style-theme-transparent-with-arrow\"><a class=\"wp-block-button__link wp-element-button\" href=\"https:\/\/d2bw95mh2ee04s.cloudfront.net\/prod\/content\/files\/SUCCESS-STORIES\/FR\/SELLERLOGIC_Success-Story_Groupe-Dragon_FR.pdf\" target=\"_blank\" rel=\"noreferrer noopener nofollow\"><strong><strong>T\u00e9l\u00e9chargez maintenant !<\/strong><\/strong><\/a><\/div>\n<\/div>\n<\/div>\n\n\n\n<div class=\"theme-wp-block wp-block-column gb-responsive-180258-identifier is-layout-flow wp-block-column-is-layout-flow\" style=\"flex-basis:25%\"><\/div>\n<\/div>\n","protected":false},"excerpt":{"rendered":"<p>Fondation :2011 Industrie :Pi\u00e8ces d\u00e9tach\u00e9es \/ Accessoires \u00e9lectriques m\u00e9nagers Articles sur Amazon :177.000 (tous march\u00e9s) Exp\u00e9ditions :&nbsp;37.000 par mois Contexte : Le Groupe Dragon est l&#8217;une des entreprises fran\u00e7aises les plus performantes sur la marketplace d&#8217;Amazon. Le succ\u00e8s n&#8217;est pas le fruit du hasard : avant que le fondateur du Groupe Dragon ne devienne un<\/p>\n","protected":false},"author":8,"featured_media":0,"parent":5390,"menu_order":0,"comment_status":"closed","ping_status":"closed","template":"","meta":{"sidebar_recommended_resources":{"data":[]},"sidebar_header_settings":{"hide_buttons":{"register":false}},"_use_new_theme":false,"inline_featured_image":false,"footnotes":""},"class_list":["post-8703","page","type-page","status-publish","hentry"],"yoast_head":"<!-- This site is optimized with the Yoast SEO plugin v26.8 - https:\/\/yoast.com\/product\/yoast-seo-wordpress\/ -->\n<title>Peu de temps, peu de ressources \u2013 Comment le Groupe Dragon obtient des remboursements d\u2019Amazon gr\u00e2ce \u00e0 Lost &amp; Found.<\/title>\n<meta name=\"description\" content=\"Peu de temps, peu de personnel, peu de ressources \u2013 Comment le Groupe Dragon a obtenu un remboursement pour chaque erreur FBA.\" \/>\n<meta name=\"robots\" content=\"index, follow, max-snippet:-1, max-image-preview:large, max-video-preview:-1\" \/>\n<link rel=\"canonical\" href=\"https:\/\/www.sellerlogic.com\/fr\/ressources\/success-story-groupe-dragon\/\" \/>\n<meta property=\"og:locale\" content=\"fr_FR\" \/>\n<meta property=\"og:type\" content=\"article\" \/>\n<meta property=\"og:title\" content=\"Peu de temps, peu de ressources \u2013 Comment le Groupe Dragon obtient des remboursements d\u2019Amazon gr\u00e2ce \u00e0 Lost &amp; Found.\" \/>\n<meta property=\"og:description\" content=\"Peu de temps, peu de personnel, peu de ressources \u2013 Comment le Groupe Dragon a obtenu un remboursement pour chaque erreur FBA.\" \/>\n<meta property=\"og:url\" content=\"https:\/\/www.sellerlogic.com\/fr\/ressources\/success-story-groupe-dragon\/\" \/>\n<meta property=\"og:site_name\" content=\"SELLERLOGIC - Outils intelligents pour les vendeurs Amazon\" \/>\n<meta property=\"article:publisher\" content=\"https:\/\/www.facebook.com\/SellerLogic\/\" \/>\n<meta property=\"article:modified_time\" content=\"2023-08-23T15:45:02+00:00\" \/>\n<meta property=\"og:image\" content=\"https:\/\/www.sellerlogic.com\/wp-content\/uploads\/2021\/03\/logo2_groupe-dragon-edited.png\" \/>\n<meta name=\"twitter:card\" content=\"summary_large_image\" \/>\n<meta name=\"twitter:site\" content=\"@sellerlogic\" \/>\n<meta name=\"twitter:label1\" content=\"Est. reading time\" \/>\n\t<meta name=\"twitter:data1\" content=\"4 minutes\" \/>\n<script type=\"application\/ld+json\" class=\"yoast-schema-graph\">{\"@context\":\"https:\/\/schema.org\",\"@graph\":[{\"@type\":\"WebPage\",\"@id\":\"https:\/\/www.sellerlogic.com\/fr\/ressources\/success-story-groupe-dragon\/\",\"url\":\"https:\/\/www.sellerlogic.com\/fr\/ressources\/success-story-groupe-dragon\/\",\"name\":\"Peu de temps, peu de ressources \u2013 Comment le Groupe Dragon obtient des remboursements d\u2019Amazon gr\u00e2ce \u00e0 Lost & Found.\",\"isPartOf\":{\"@id\":\"https:\/\/www.sellerlogic.com\/fr\/#website\"},\"primaryImageOfPage\":{\"@id\":\"https:\/\/www.sellerlogic.com\/fr\/ressources\/success-story-groupe-dragon\/#primaryimage\"},\"image\":{\"@id\":\"https:\/\/www.sellerlogic.com\/fr\/ressources\/success-story-groupe-dragon\/#primaryimage\"},\"thumbnailUrl\":\"https:\/\/www.sellerlogic.com\/wp-content\/uploads\/2021\/03\/logo2_groupe-dragon-edited.png\",\"datePublished\":\"2021-03-12T08:52:50+00:00\",\"dateModified\":\"2023-08-23T15:45:02+00:00\",\"description\":\"Peu de temps, peu de personnel, peu de ressources \u2013 Comment le Groupe Dragon a obtenu un remboursement pour chaque erreur FBA.\",\"breadcrumb\":{\"@id\":\"https:\/\/www.sellerlogic.com\/fr\/ressources\/success-story-groupe-dragon\/#breadcrumb\"},\"inLanguage\":\"fr-FR\",\"potentialAction\":[{\"@type\":\"ReadAction\",\"target\":[\"https:\/\/www.sellerlogic.com\/fr\/ressources\/success-story-groupe-dragon\/\"]}]},{\"@type\":\"ImageObject\",\"inLanguage\":\"fr-FR\",\"@id\":\"https:\/\/www.sellerlogic.com\/fr\/ressources\/success-story-groupe-dragon\/#primaryimage\",\"url\":\"https:\/\/www.sellerlogic.com\/wp-content\/uploads\/2021\/03\/logo2_groupe-dragon-edited.png\",\"contentUrl\":\"https:\/\/www.sellerlogic.com\/wp-content\/uploads\/2021\/03\/logo2_groupe-dragon-edited.png\"},{\"@type\":\"BreadcrumbList\",\"@id\":\"https:\/\/www.sellerlogic.com\/fr\/ressources\/success-story-groupe-dragon\/#breadcrumb\",\"itemListElement\":[{\"@type\":\"ListItem\",\"position\":1,\"name\":\"Home\",\"item\":\"https:\/\/www.sellerlogic.com\/fr\/\"},{\"@type\":\"ListItem\",\"position\":2,\"name\":\"Ressourcen FR\",\"item\":\"https:\/\/www.sellerlogic.com\/fr\/ressources\/\"},{\"@type\":\"ListItem\",\"position\":3,\"name\":\"Success Story: Groupe Dragon FR\"}]},{\"@type\":\"WebSite\",\"@id\":\"https:\/\/www.sellerlogic.com\/fr\/#website\",\"url\":\"https:\/\/www.sellerlogic.com\/fr\/\",\"name\":\"SELLERLOGIC - Smarte Tools f\u00fcr Amazon-Seller\",\"description\":\"Intelligente Prozessoptimierung und Gewinnmaximierung\",\"publisher\":{\"@id\":\"https:\/\/www.sellerlogic.com\/fr\/#organization\"},\"potentialAction\":[{\"@type\":\"SearchAction\",\"target\":{\"@type\":\"EntryPoint\",\"urlTemplate\":\"https:\/\/www.sellerlogic.com\/fr\/?s={search_term_string}\"},\"query-input\":{\"@type\":\"PropertyValueSpecification\",\"valueRequired\":true,\"valueName\":\"search_term_string\"}}],\"inLanguage\":\"fr-FR\"},{\"@type\":\"Organization\",\"@id\":\"https:\/\/www.sellerlogic.com\/fr\/#organization\",\"name\":\"SELLERLOGIC\",\"url\":\"https:\/\/www.sellerlogic.com\/fr\/\",\"logo\":{\"@type\":\"ImageObject\",\"inLanguage\":\"fr-FR\",\"@id\":\"https:\/\/www.sellerlogic.com\/fr\/#\/schema\/logo\/image\/\",\"url\":\"https:\/\/d2bw95mh2ee04s.cloudfront.net\/prod\/content\/wp-content\/uploads\/2025\/01\/02134814\/Property-Logo-Main.svg\",\"contentUrl\":\"https:\/\/d2bw95mh2ee04s.cloudfront.net\/prod\/content\/wp-content\/uploads\/2025\/01\/02134814\/Property-Logo-Main.svg\",\"width\":184,\"height\":40,\"caption\":\"SELLERLOGIC\"},\"image\":{\"@id\":\"https:\/\/www.sellerlogic.com\/fr\/#\/schema\/logo\/image\/\"},\"sameAs\":[\"https:\/\/www.facebook.com\/SellerLogic\/\",\"https:\/\/x.com\/sellerlogic\",\"https:\/\/www.instagram.com\/sellerlogic\/\",\"https:\/\/www.linkedin.com\/company\/18402037\/\",\"https:\/\/www.youtube.com\/channel\/UC-gULUur-fNj08sprantKsQ\"]}]}<\/script>\n<!-- \/ Yoast SEO plugin. -->","yoast_head_json":{"title":"Peu de temps, peu de ressources \u2013 Comment le Groupe Dragon obtient des remboursements d\u2019Amazon gr\u00e2ce \u00e0 Lost & Found.","description":"Peu de temps, peu de personnel, peu de ressources \u2013 Comment le Groupe Dragon a obtenu un remboursement pour chaque erreur FBA.","robots":{"index":"index","follow":"follow","max-snippet":"max-snippet:-1","max-image-preview":"max-image-preview:large","max-video-preview":"max-video-preview:-1"},"canonical":"https:\/\/www.sellerlogic.com\/fr\/ressources\/success-story-groupe-dragon\/","og_locale":"fr_FR","og_type":"article","og_title":"Peu de temps, peu de ressources \u2013 Comment le Groupe Dragon obtient des remboursements d\u2019Amazon gr\u00e2ce \u00e0 Lost & Found.","og_description":"Peu de temps, peu de personnel, peu de ressources \u2013 Comment le Groupe Dragon a obtenu un remboursement pour chaque erreur FBA.","og_url":"https:\/\/www.sellerlogic.com\/fr\/ressources\/success-story-groupe-dragon\/","og_site_name":"SELLERLOGIC - Outils intelligents pour les vendeurs Amazon","article_publisher":"https:\/\/www.facebook.com\/SellerLogic\/","article_modified_time":"2023-08-23T15:45:02+00:00","og_image":[{"url":"https:\/\/www.sellerlogic.com\/wp-content\/uploads\/2021\/03\/logo2_groupe-dragon-edited.png","type":"","width":"","height":""}],"twitter_card":"summary_large_image","twitter_site":"@sellerlogic","twitter_misc":{"Est. reading time":"4 minutes"},"schema":{"@context":"https:\/\/schema.org","@graph":[{"@type":"WebPage","@id":"https:\/\/www.sellerlogic.com\/fr\/ressources\/success-story-groupe-dragon\/","url":"https:\/\/www.sellerlogic.com\/fr\/ressources\/success-story-groupe-dragon\/","name":"Peu de temps, peu de ressources \u2013 Comment le Groupe Dragon obtient des remboursements d\u2019Amazon gr\u00e2ce \u00e0 Lost & Found.","isPartOf":{"@id":"https:\/\/www.sellerlogic.com\/fr\/#website"},"primaryImageOfPage":{"@id":"https:\/\/www.sellerlogic.com\/fr\/ressources\/success-story-groupe-dragon\/#primaryimage"},"image":{"@id":"https:\/\/www.sellerlogic.com\/fr\/ressources\/success-story-groupe-dragon\/#primaryimage"},"thumbnailUrl":"https:\/\/www.sellerlogic.com\/wp-content\/uploads\/2021\/03\/logo2_groupe-dragon-edited.png","datePublished":"2021-03-12T08:52:50+00:00","dateModified":"2023-08-23T15:45:02+00:00","description":"Peu de temps, peu de personnel, peu de ressources \u2013 Comment le Groupe Dragon a obtenu un remboursement pour chaque erreur FBA.","breadcrumb":{"@id":"https:\/\/www.sellerlogic.com\/fr\/ressources\/success-story-groupe-dragon\/#breadcrumb"},"inLanguage":"fr-FR","potentialAction":[{"@type":"ReadAction","target":["https:\/\/www.sellerlogic.com\/fr\/ressources\/success-story-groupe-dragon\/"]}]},{"@type":"ImageObject","inLanguage":"fr-FR","@id":"https:\/\/www.sellerlogic.com\/fr\/ressources\/success-story-groupe-dragon\/#primaryimage","url":"https:\/\/www.sellerlogic.com\/wp-content\/uploads\/2021\/03\/logo2_groupe-dragon-edited.png","contentUrl":"https:\/\/www.sellerlogic.com\/wp-content\/uploads\/2021\/03\/logo2_groupe-dragon-edited.png"},{"@type":"BreadcrumbList","@id":"https:\/\/www.sellerlogic.com\/fr\/ressources\/success-story-groupe-dragon\/#breadcrumb","itemListElement":[{"@type":"ListItem","position":1,"name":"Home","item":"https:\/\/www.sellerlogic.com\/fr\/"},{"@type":"ListItem","position":2,"name":"Ressourcen FR","item":"https:\/\/www.sellerlogic.com\/fr\/ressources\/"},{"@type":"ListItem","position":3,"name":"Success Story: Groupe Dragon FR"}]},{"@type":"WebSite","@id":"https:\/\/www.sellerlogic.com\/fr\/#website","url":"https:\/\/www.sellerlogic.com\/fr\/","name":"SELLERLOGIC - Smarte Tools f\u00fcr Amazon-Seller","description":"Intelligente Prozessoptimierung und Gewinnmaximierung","publisher":{"@id":"https:\/\/www.sellerlogic.com\/fr\/#organization"},"potentialAction":[{"@type":"SearchAction","target":{"@type":"EntryPoint","urlTemplate":"https:\/\/www.sellerlogic.com\/fr\/?s={search_term_string}"},"query-input":{"@type":"PropertyValueSpecification","valueRequired":true,"valueName":"search_term_string"}}],"inLanguage":"fr-FR"},{"@type":"Organization","@id":"https:\/\/www.sellerlogic.com\/fr\/#organization","name":"SELLERLOGIC","url":"https:\/\/www.sellerlogic.com\/fr\/","logo":{"@type":"ImageObject","inLanguage":"fr-FR","@id":"https:\/\/www.sellerlogic.com\/fr\/#\/schema\/logo\/image\/","url":"https:\/\/d2bw95mh2ee04s.cloudfront.net\/prod\/content\/wp-content\/uploads\/2025\/01\/02134814\/Property-Logo-Main.svg","contentUrl":"https:\/\/d2bw95mh2ee04s.cloudfront.net\/prod\/content\/wp-content\/uploads\/2025\/01\/02134814\/Property-Logo-Main.svg","width":184,"height":40,"caption":"SELLERLOGIC"},"image":{"@id":"https:\/\/www.sellerlogic.com\/fr\/#\/schema\/logo\/image\/"},"sameAs":["https:\/\/www.facebook.com\/SellerLogic\/","https:\/\/x.com\/sellerlogic","https:\/\/www.instagram.com\/sellerlogic\/","https:\/\/www.linkedin.com\/company\/18402037\/","https:\/\/www.youtube.com\/channel\/UC-gULUur-fNj08sprantKsQ"]}]}},"_links":{"self":[{"href":"https:\/\/www.sellerlogic.com\/fr\/wp-json\/wp\/v2\/pages\/8703","targetHints":{"allow":["GET"]}}],"collection":[{"href":"https:\/\/www.sellerlogic.com\/fr\/wp-json\/wp\/v2\/pages"}],"about":[{"href":"https:\/\/www.sellerlogic.com\/fr\/wp-json\/wp\/v2\/types\/page"}],"author":[{"embeddable":true,"href":"https:\/\/www.sellerlogic.com\/fr\/wp-json\/wp\/v2\/users\/8"}],"replies":[{"embeddable":true,"href":"https:\/\/www.sellerlogic.com\/fr\/wp-json\/wp\/v2\/comments?post=8703"}],"version-history":[{"count":0,"href":"https:\/\/www.sellerlogic.com\/fr\/wp-json\/wp\/v2\/pages\/8703\/revisions"}],"up":[{"embeddable":true,"href":"https:\/\/www.sellerlogic.com\/fr\/wp-json\/wp\/v2\/pages\/5390"}],"wp:attachment":[{"href":"https:\/\/www.sellerlogic.com\/fr\/wp-json\/wp\/v2\/media?parent=8703"}],"curies":[{"name":"wp","href":"https:\/\/api.w.org\/{rel}","templated":true}]}}