
{"id":9859,"date":"2021-04-27T14:30:28","date_gmt":"2021-04-27T14:30:28","guid":{"rendered":"https:\/\/www.sellerlogic.com\/?page_id=9859"},"modified":"2025-03-25T12:17:28","modified_gmt":"2025-03-25T12:17:28","slug":"politique-en-matiere-de-cookies","status":"publish","type":"page","link":"https:\/\/www.sellerlogic.com\/fr\/politique-en-matiere-de-cookies\/","title":{"rendered":"Politique en mati\u00e8re de cookies"},"content":{"rendered":"\n<h1 class=\"theme-wp-block wp-block-heading gb-responsive-464840-identifier\">Politique en mati\u00e8re de cookies<\/h1>\n\n\n\n<p class=\"theme-wp-block is-style-default gb-responsive-807380-identifier\" id=\"block-2d7f5787-1134-4579-b5e4-ac8e5c31dad6\">Veuillez lire attentivement cette politique en mati\u00e8re de cookies avant d&#8217;utiliser notre site web.<\/p>\n\n\n\n<h2 class=\"theme-wp-block wp-block-heading gb-responsive-696670-identifier\" id=\"block-e231e05f-6d83-4e28-b02c-c9882d2750a5\"><strong>Que sont les cookies ?<\/strong><\/h2>\n\n\n\n<p class=\"theme-wp-block is-style-default gb-responsive-666511-identifier\" id=\"block-c33b6009-c65a-4aba-bb9e-f1a02de0b4fa\">Les cookies sont de simples fichiers texte qui sont stock\u00e9s sur votre ordinateur ou votre appareil mobile par le serveur d&#8217;un site web. Chaque cookie est unique \u00e0 votre navigateur web. Il contient des informations anonymes telles qu&#8217;un identifiant unique, le nom de domaine du site web et quelques chiffres et nombres.<\/p>\n\n\n\n<h3 class=\"theme-wp-block wp-block-heading gb-responsive-285341-identifier\" id=\"block-5296e457-8937-46de-a1a0-f7a7b95ef51b\"><strong>Quels types de cookies utilisons-nous ?<\/strong><\/h3>\n\n\n\n<p class=\"theme-wp-block is-style-default gb-responsive-580951-identifier\" id=\"block-a178f427-bbf3-40d2-9285-244dc3ba2b07\"><em><strong>Cookies essentiels<\/strong><\/em><\/p>\n\n\n\n<p class=\"theme-wp-block is-style-default gb-responsive-817039-identifier\" id=\"block-c260375e-e210-4bcc-bb10-2f57f4fb05b0\">Les cookies essentiels permettent des fonctions de base et sont n\u00e9cessaires au bon fonctionnement du site web.<\/p>\n\n\n\n<p class=\"theme-wp-block is-style-default gb-responsive-39765-identifier\" id=\"block-48116731-4d7f-442a-81ba-9304f4c4b5cf\"><em><strong>Cookies fonctionnels<\/strong><\/em><\/p>\n\n\n\n<p class=\"theme-wp-block is-style-default gb-responsive-400220-identifier\" id=\"block-4174fcc9-0ca4-479d-9618-8d40448c3e07\">Ces cookies assurent la fonctionnalit\u00e9 du site, comme l&#8217;inscription \u00e0 la newsletter. Si ces cookies sont rejet\u00e9s, certaines parties du site peuvent \u00eatre limit\u00e9es.<\/p>\n\n\n\n<p class=\"theme-wp-block is-style-default gb-responsive-31852-identifier\" id=\"block-6f4646a8-9f66-4bba-98cc-8683e635c820\"><em><strong>Cookies statistiques<\/strong><\/em><\/p>\n\n\n\n<p class=\"theme-wp-block is-style-default gb-responsive-774469-identifier\" id=\"block-6399da61-5dfa-4137-adac-e75bec74cd71\">Les cookies statistiques collectent des informations de mani\u00e8re anonyme. Ces informations nous aident \u00e0 comprendre comment nos visiteurs utilisent notre site web.<\/p>\n\n\n\n<p class=\"theme-wp-block is-style-default gb-responsive-497250-identifier\" id=\"block-f8ecc343-9d7a-48a3-bad7-b6ac25a25e6d\"><em><strong>Cookies marketing<\/strong><\/em><\/p>\n\n\n\n<p class=\"theme-wp-block is-style-default gb-responsive-338014-identifier\" id=\"block-99b4a358-bbe6-4e60-b135-72e621472c68\">Les cookies marketing sont utilis\u00e9s par des vendeurs ou des \u00e9diteurs tiers pour afficher des publicit\u00e9s personnalis\u00e9es. Ils le font en suivant les visiteurs sur les sites web.<\/p>\n\n\n\n<p class=\"theme-wp-block is-style-default gb-responsive-710217-identifier\" id=\"block-4e0b8e45-0fee-4179-aee9-18831a16a3e1\"><em><strong>Cookies des m\u00e9dias externes<\/strong><\/em><\/p>\n\n\n\n<p class=\"theme-wp-block is-style-default gb-responsive-631419-identifier\" id=\"block-7c8e25e8-932a-4699-bd36-3c887604d1df\">Le contenu des vid\u00e9os et des plateformes de m\u00e9dias sociaux est bloqu\u00e9 par d\u00e9faut. Si les cookies des m\u00e9dias externes sont accept\u00e9s, l&#8217;acc\u00e8s \u00e0 ce contenu ne n\u00e9cessite plus de consentement manuel.<\/p>\n\n\n\n<h3 class=\"theme-wp-block wp-block-heading gb-responsive-821611-identifier\" id=\"block-8be648a8-48f4-4345-92d8-b534f90cc7ba\"><strong>Comment supprimer les cookies ?<\/strong><\/h3>\n\n\n\n<p class=\"theme-wp-block is-style-default gb-responsive-955680-identifier\" id=\"block-e1852c9d-bdb1-4f62-a2ab-accb82fa2d2f\">Si vous souhaitez restreindre ou bloquer les cookies d\u00e9finis par notre site web, vous pouvez le faire via les param\u00e8tres de votre navigateur. Vous pouvez \u00e9galement cliquer sur le bouton ci-dessous, qui rouvrira la banni\u00e8re des cookies et vous permettra de modifier vos consentements.<\/p>\n\n\n\n<div class=\"theme-wp-block wp-block-columns desktop-gb-has-no-icon xl-gb-has-no-icon lg-gb-has-no-icon md-gb-has-no-icon sm-gb-has-no-icon gb-responsive-32779-identifier is-layout-flex wp-container-core-columns-is-layout-9d6595d7 wp-block-columns-is-layout-flex\">\n<div class=\"theme-wp-block wp-block-column desktop-gb-has-no-icon xl-gb-has-no-icon lg-gb-has-no-icon md-gb-has-no-icon sm-gb-has-no-icon gb-responsive-863583-identifier is-layout-flow wp-block-column-is-layout-flow\"><p class=\"theme-wp-block\"><span class=\"borlabs-cookie-open-dialog-preferences brlbs-cmpnt-container\" data-borlabs-cookie-title=\"Ouvrir pr\u00e9f\u00e9rences en mati\u00e8re de consentement\" data-borlabs-cookie-type=\"button\" ><\/span><\/p>\n<\/div>\n\n\n\n<div class=\"theme-wp-block wp-block-column desktop-gb-has-no-icon xl-gb-has-no-icon lg-gb-has-no-icon md-gb-has-no-icon sm-gb-has-no-icon gb-responsive-771708-identifier is-layout-flow wp-block-column-is-layout-flow\"><\/div>\n<\/div>\n\n\n<div class=\"theme-block-group-wrap  desktop-align-full xl-align-full lg-align-full md-align-full sm-align-full\">\n<div class=\"theme-wp-block wp-block-group alignfull questions desktop-align-full xl-align-full lg-align-full md-align-full sm-align-full desktop-gb-has-no-icon xl-gb-has-no-icon lg-gb-has-no-icon md-gb-has-no-icon sm-gb-has-no-icon gb-responsive-236942-identifier\"><div class=\"wp-block-group__inner-container is-layout-flow wp-block-group-is-layout-flow\">\t\t<h2  class=\"theme-wp-block theme-block-heading  desktop-align-center xl-align-center lg-align-center md-align-center sm-align-center desktop-text-center only-editor-has-text-align-center xl-text-center lg-text-center md-text-center sm-text-center desktop-gb-has-no-icon xl-gb-has-no-icon lg-gb-has-no-icon md-gb-has-no-icon sm-gb-has-no-icon gb-responsive-345558-identifier aligncenter has-text-align\">\n\t\tVous avez des questions ?\t<\/h2>\n\n\n\n\n<p class=\"theme-wp-block has-text-align-center desktop-text-center xl-text-center lg-text-center md-text-center sm-text-center desktop-gb-has-no-icon xl-gb-has-no-icon lg-gb-has-no-icon md-gb-has-no-icon sm-gb-has-no-icon gb-responsive-167121-identifier\">Notre service client\u00e8le est \u00e0 votre disposition pour vous aider.<\/p>\n\n\n\t\t<div  class=\"theme-wp-block theme-block-contact-phone desktop-text-center xl-text-center lg-text-center md-text-center sm-text-center desktop-gb-has-no-icon xl-gb-has-no-icon lg-gb-has-no-icon md-gb-has-no-icon sm-gb-has-no-icon gb-responsive-64571-identifier\">\n\t\t\t\t\t<svg class=\"icon\" width=\"24px\" height=\"24px\" viewBox=\"0 0 24 24\" version=\"1.1\" xmlns=\"http:\/\/www.w3.org\/2000\/svg\">\n\t\t\t\t\t\t<g id=\"global--menu-collapsed\" stroke=\"none\" stroke-width=\"1\" fill=\"none\" fill-rule=\"evenodd\" transform=\"translate(-24.000000, -8.000000)\">\n\t\t\t\t\t\t\t<g id=\"menu--2nd-level\">\n\t\t\t\t\t\t\t\t<g id=\"icn--phone-24px--blue\" transform=\"translate(24.000000, 8.000000)\">\n\t\t\t\t\t\t\t\t\t<polygon id=\"Shape\" points=\"0 0 24 0 24 24 0 24\"><\/polygon>\n\t\t\t\t\t\t\t\t\t<path d=\"M7,6 L7,18.6666667 L16.3333333,18.6666667 L16.3333333,6 L7,6 Z M5,4 L18.3333333,4 L18.3333333,20.6666667 L5,20.6666667 L5,4 Z M11.6666667,18.1666667 C12.126904,18.1666667 12.5,17.7935706 12.5,17.3333333 C12.5,16.873096 12.126904,16.5 11.6666667,16.5 C11.2064294,16.5 10.8333333,16.873096 10.8333333,17.3333333 C10.8333333,17.7935706 11.2064294,18.1666667 11.6666667,18.1666667 Z M6.66666667,15.8333333 L6.66666667,13.8333333 L16.6651355,13.8333333 L16.6651355,15.8333333 L6.66666667,15.8333333 Z\" id=\"Rectangle-20\" fill=\"#0055CC\" fill-rule=\"nonzero\"><\/path>\n\t\t\t\t\t\t\t\t<\/g>\n\t\t\t\t\t\t\t<\/g>\n\t\t\t\t\t\t<\/g>\n\t\t\t\t\t<\/svg>\n\t\t<span class=\"phone\">+33 1 776 245 74<\/span>\n\t<\/div>\n\n\n\n<div class=\"theme-block-group-wrap\">\n<div class=\"theme-wp-block wp-block-group desktop-gb-has-no-icon xl-gb-has-no-icon lg-gb-has-no-icon md-gb-has-no-icon sm-gb-has-no-icon gb-responsive-423565-identifier has-custom-width\"><div class=\"wp-block-group__inner-container is-layout-flow wp-block-group-is-layout-flow\"><p class=\"theme-wp-block\">\n<div class=\"wpcf7 no-js\" id=\"wpcf7-f15575-o1\" lang=\"de-DE\" dir=\"ltr\" data-wpcf7-id=\"15575\">\n<div class=\"screen-reader-response\"><p role=\"status\" aria-live=\"polite\" aria-atomic=\"true\"><\/p> <ul><\/ul><\/div>\n<form action=\"\/fr\/wp-json\/wp\/v2\/pages\/9859#wpcf7-f15575-o1\" method=\"post\" class=\"wpcf7-form init\" aria-label=\"Contact form\" novalidate=\"novalidate\" data-status=\"init\">\n<fieldset class=\"hidden-fields-container\"><input type=\"hidden\" name=\"_wpcf7\" value=\"15575\" \/><input type=\"hidden\" name=\"_wpcf7_version\" value=\"6.1.4\" \/><input type=\"hidden\" name=\"_wpcf7_locale\" value=\"de_DE\" \/><input type=\"hidden\" name=\"_wpcf7_unit_tag\" value=\"wpcf7-f15575-o1\" \/><input type=\"hidden\" name=\"_wpcf7_container_post\" value=\"0\" \/><input type=\"hidden\" name=\"_wpcf7_posted_data_hash\" value=\"\" \/><input type=\"hidden\" name=\"_wpcf7_recaptcha_response\" value=\"\" \/>\n<\/fieldset>\n<div class=\"contact-flex\">\n\t<div class=\"contact-row\">\n\t\t<div class=\"contact-input\">\n\t\t\t<label for=\"contact-form-name\">Nom et pr\u00e9nom<\/label><span class=\"wpcf7-form-control-wrap\" data-name=\"your-name\"><input size=\"40\" maxlength=\"400\" class=\"wpcf7-form-control wpcf7-text wpcf7-validates-as-required\" id=\"contact-form-name\" aria-required=\"true\" aria-invalid=\"false\" placeholder=\"Votre nom complet\" value=\"\" type=\"text\" name=\"your-name\" \/><\/span>\n\t\t<\/div>\n\t\t<div class=\"contact-input\">\n\t\t\t<label for=\"contact-form-email\">E-mail<\/label><span class=\"wpcf7-form-control-wrap\" data-name=\"your-email\"><input size=\"40\" maxlength=\"400\" class=\"wpcf7-form-control wpcf7-email wpcf7-validates-as-required wpcf7-text wpcf7-validates-as-email\" id=\"contact-form-email\" aria-required=\"true\" aria-invalid=\"false\" placeholder=\"Votre adresse e-mail\" value=\"\" type=\"email\" name=\"your-email\" \/><\/span>\n\t\t<\/div>\n\t<\/div>\n\t<div class=\"contact-row\">\n\t\t<div class=\"contact-input contact-textarea\">\n\t\t\t<label for=\"contact-form-message\">Message<\/label><span class=\"wpcf7-form-control-wrap\" data-name=\"your-message\"><textarea cols=\"40\" rows=\"3\" maxlength=\"2000\" class=\"wpcf7-form-control wpcf7-textarea\" id=\"contact-form-message\" aria-invalid=\"false\" placeholder=\"Veuillez saisir votre message\" name=\"your-message\"><\/textarea><\/span>\n\t\t<\/div>\n\t<\/div>\n\t<div class=\"contact-row submit-wrap\">\n\t\t<div class=\"contact-input\"><input class=\"wpcf7-form-control wpcf7-submit has-spinner\" type=\"submit\" value=\"Envoyez un message\" \/><\/div>\n\t\t<div class=\"policy-text\">\n\t\t\tLes donn\u00e9es sont trait\u00e9es conform\u00e9ment \u00e0 notre <a href=\"\/fr\/politique-de-confidentialite\/\" target=\"_blank\" rel=\"noreferrer noopener\">Politique de confidentialit\u00e9<\/a>\t\t<\/div>\n\t<\/div>\n\t<input type=\"hidden\" name=\"icl_post_language\" value=\"fr\">\n<\/div>\n<div class=\"wpcf7-response-output\" aria-hidden=\"true\"><\/div>\n<\/form>\n<\/div>\n<\/p>\n<\/div>\n<\/div><\/div><\/div>\n<\/div><\/div>","protected":false},"excerpt":{"rendered":"<p>Politique en mati\u00e8re de cookies Veuillez lire attentivement cette politique en mati\u00e8re de cookies avant d&#8217;utiliser notre site web. Que sont les cookies ? Les cookies sont de simples fichiers texte qui sont stock\u00e9s sur votre ordinateur ou votre appareil mobile par le serveur d&#8217;un site web. Chaque cookie est unique \u00e0 votre navigateur web.<\/p>\n","protected":false},"author":5,"featured_media":0,"parent":0,"menu_order":0,"comment_status":"closed","ping_status":"closed","template":"","meta":{"sidebar_recommended_resources":{"data":[]},"sidebar_header_settings":{"hide_buttons":{"register":false}},"_use_new_theme":false,"inline_featured_image":false,"footnotes":""},"class_list":["post-9859","page","type-page","status-publish","hentry"],"yoast_head":"<!-- This site is optimized with the Yoast SEO plugin v26.8 - https:\/\/yoast.com\/product\/yoast-seo-wordpress\/ -->\n<title>Politique en mati\u00e8re de cookies | SELLERLOGIC - Outils intelligents pour les vendeurs Amazon<\/title>\n<meta name=\"description\" content=\"D\u00e9couvrez comment SELLERLOGIC utilise les cookies pour am\u00e9liorer votre exp\u00e9rience. Lisez notre Politique en mati\u00e8re de cookies et g\u00e9rez vos pr\u00e9f\u00e9rences d\u00e8s aujourd&#039;hui !\" \/>\n<meta name=\"robots\" content=\"index, follow, max-snippet:-1, max-image-preview:large, max-video-preview:-1\" \/>\n<link rel=\"canonical\" href=\"https:\/\/www.sellerlogic.com\/fr\/politique-en-matiere-de-cookies\/\" \/>\n<meta property=\"og:locale\" content=\"fr_FR\" \/>\n<meta property=\"og:type\" content=\"article\" \/>\n<meta property=\"og:title\" content=\"Politique en mati\u00e8re de cookies | SELLERLOGIC - Outils intelligents pour les vendeurs Amazon\" \/>\n<meta property=\"og:description\" content=\"D\u00e9couvrez comment SELLERLOGIC utilise les cookies pour am\u00e9liorer votre exp\u00e9rience. Lisez notre Politique en mati\u00e8re de cookies et g\u00e9rez vos pr\u00e9f\u00e9rences d\u00e8s aujourd&#039;hui !\" \/>\n<meta property=\"og:url\" content=\"https:\/\/www.sellerlogic.com\/fr\/politique-en-matiere-de-cookies\/\" \/>\n<meta property=\"og:site_name\" content=\"SELLERLOGIC - Outils intelligents pour les vendeurs Amazon\" \/>\n<meta property=\"article:publisher\" content=\"https:\/\/www.facebook.com\/SellerLogic\/\" \/>\n<meta property=\"article:modified_time\" content=\"2025-03-25T12:17:28+00:00\" \/>\n<meta property=\"og:image\" content=\"https:\/\/d2bw95mh2ee04s.cloudfront.net\/prod\/content\/wp-content\/uploads\/2025\/06\/09094621\/Social-OG-Image-Link.jpg\" \/>\n\t<meta property=\"og:image:width\" content=\"2400\" \/>\n\t<meta property=\"og:image:height\" content=\"1270\" \/>\n\t<meta property=\"og:image:type\" content=\"image\/jpeg\" \/>\n<meta name=\"twitter:card\" content=\"summary_large_image\" \/>\n<meta name=\"twitter:site\" content=\"@sellerlogic\" \/>\n<meta name=\"twitter:label1\" content=\"Est. reading time\" \/>\n\t<meta name=\"twitter:data1\" content=\"2 minutes\" \/>\n<script type=\"application\/ld+json\" class=\"yoast-schema-graph\">{\"@context\":\"https:\/\/schema.org\",\"@graph\":[{\"@type\":\"WebPage\",\"@id\":\"https:\/\/www.sellerlogic.com\/fr\/politique-en-matiere-de-cookies\/\",\"url\":\"https:\/\/www.sellerlogic.com\/fr\/politique-en-matiere-de-cookies\/\",\"name\":\"Politique en mati\u00e8re de cookies | SELLERLOGIC - Outils intelligents pour les vendeurs Amazon\",\"isPartOf\":{\"@id\":\"https:\/\/www.sellerlogic.com\/fr\/#website\"},\"datePublished\":\"2021-04-27T14:30:28+00:00\",\"dateModified\":\"2025-03-25T12:17:28+00:00\",\"description\":\"D\u00e9couvrez comment SELLERLOGIC utilise les cookies pour am\u00e9liorer votre exp\u00e9rience. Lisez notre Politique en mati\u00e8re de cookies et g\u00e9rez vos pr\u00e9f\u00e9rences d\u00e8s aujourd'hui !\",\"breadcrumb\":{\"@id\":\"https:\/\/www.sellerlogic.com\/fr\/politique-en-matiere-de-cookies\/#breadcrumb\"},\"inLanguage\":\"fr-FR\",\"potentialAction\":[{\"@type\":\"ReadAction\",\"target\":[\"https:\/\/www.sellerlogic.com\/fr\/politique-en-matiere-de-cookies\/\"]}]},{\"@type\":\"BreadcrumbList\",\"@id\":\"https:\/\/www.sellerlogic.com\/fr\/politique-en-matiere-de-cookies\/#breadcrumb\",\"itemListElement\":[{\"@type\":\"ListItem\",\"position\":1,\"name\":\"Home\",\"item\":\"https:\/\/www.sellerlogic.com\/fr\/\"},{\"@type\":\"ListItem\",\"position\":2,\"name\":\"Politique en mati\u00e8re de cookies\"}]},{\"@type\":\"WebSite\",\"@id\":\"https:\/\/www.sellerlogic.com\/fr\/#website\",\"url\":\"https:\/\/www.sellerlogic.com\/fr\/\",\"name\":\"SELLERLOGIC - Smarte Tools f\u00fcr Amazon-Seller\",\"description\":\"Intelligente Prozessoptimierung und Gewinnmaximierung\",\"publisher\":{\"@id\":\"https:\/\/www.sellerlogic.com\/fr\/#organization\"},\"potentialAction\":[{\"@type\":\"SearchAction\",\"target\":{\"@type\":\"EntryPoint\",\"urlTemplate\":\"https:\/\/www.sellerlogic.com\/fr\/?s={search_term_string}\"},\"query-input\":{\"@type\":\"PropertyValueSpecification\",\"valueRequired\":true,\"valueName\":\"search_term_string\"}}],\"inLanguage\":\"fr-FR\"},{\"@type\":\"Organization\",\"@id\":\"https:\/\/www.sellerlogic.com\/fr\/#organization\",\"name\":\"SELLERLOGIC\",\"url\":\"https:\/\/www.sellerlogic.com\/fr\/\",\"logo\":{\"@type\":\"ImageObject\",\"inLanguage\":\"fr-FR\",\"@id\":\"https:\/\/www.sellerlogic.com\/fr\/#\/schema\/logo\/image\/\",\"url\":\"https:\/\/d2bw95mh2ee04s.cloudfront.net\/prod\/content\/wp-content\/uploads\/2025\/01\/02134814\/Property-Logo-Main.svg\",\"contentUrl\":\"https:\/\/d2bw95mh2ee04s.cloudfront.net\/prod\/content\/wp-content\/uploads\/2025\/01\/02134814\/Property-Logo-Main.svg\",\"width\":184,\"height\":40,\"caption\":\"SELLERLOGIC\"},\"image\":{\"@id\":\"https:\/\/www.sellerlogic.com\/fr\/#\/schema\/logo\/image\/\"},\"sameAs\":[\"https:\/\/www.facebook.com\/SellerLogic\/\",\"https:\/\/x.com\/sellerlogic\",\"https:\/\/www.instagram.com\/sellerlogic\/\",\"https:\/\/www.linkedin.com\/company\/18402037\/\",\"https:\/\/www.youtube.com\/channel\/UC-gULUur-fNj08sprantKsQ\"]}]}<\/script>\n<!-- \/ Yoast SEO plugin. -->","yoast_head_json":{"title":"Politique en mati\u00e8re de cookies | SELLERLOGIC - Outils intelligents pour les vendeurs Amazon","description":"D\u00e9couvrez comment SELLERLOGIC utilise les cookies pour am\u00e9liorer votre exp\u00e9rience. Lisez notre Politique en mati\u00e8re de cookies et g\u00e9rez vos pr\u00e9f\u00e9rences d\u00e8s aujourd'hui !","robots":{"index":"index","follow":"follow","max-snippet":"max-snippet:-1","max-image-preview":"max-image-preview:large","max-video-preview":"max-video-preview:-1"},"canonical":"https:\/\/www.sellerlogic.com\/fr\/politique-en-matiere-de-cookies\/","og_locale":"fr_FR","og_type":"article","og_title":"Politique en mati\u00e8re de cookies | SELLERLOGIC - Outils intelligents pour les vendeurs Amazon","og_description":"D\u00e9couvrez comment SELLERLOGIC utilise les cookies pour am\u00e9liorer votre exp\u00e9rience. Lisez notre Politique en mati\u00e8re de cookies et g\u00e9rez vos pr\u00e9f\u00e9rences d\u00e8s aujourd'hui !","og_url":"https:\/\/www.sellerlogic.com\/fr\/politique-en-matiere-de-cookies\/","og_site_name":"SELLERLOGIC - Outils intelligents pour les vendeurs Amazon","article_publisher":"https:\/\/www.facebook.com\/SellerLogic\/","article_modified_time":"2025-03-25T12:17:28+00:00","og_image":[{"width":2400,"height":1270,"url":"https:\/\/d2bw95mh2ee04s.cloudfront.net\/prod\/content\/wp-content\/uploads\/2025\/06\/09094621\/Social-OG-Image-Link.jpg","type":"image\/jpeg"}],"twitter_card":"summary_large_image","twitter_site":"@sellerlogic","twitter_misc":{"Est. reading time":"2 minutes"},"schema":{"@context":"https:\/\/schema.org","@graph":[{"@type":"WebPage","@id":"https:\/\/www.sellerlogic.com\/fr\/politique-en-matiere-de-cookies\/","url":"https:\/\/www.sellerlogic.com\/fr\/politique-en-matiere-de-cookies\/","name":"Politique en mati\u00e8re de cookies | SELLERLOGIC - Outils intelligents pour les vendeurs Amazon","isPartOf":{"@id":"https:\/\/www.sellerlogic.com\/fr\/#website"},"datePublished":"2021-04-27T14:30:28+00:00","dateModified":"2025-03-25T12:17:28+00:00","description":"D\u00e9couvrez comment SELLERLOGIC utilise les cookies pour am\u00e9liorer votre exp\u00e9rience. Lisez notre Politique en mati\u00e8re de cookies et g\u00e9rez vos pr\u00e9f\u00e9rences d\u00e8s aujourd'hui !","breadcrumb":{"@id":"https:\/\/www.sellerlogic.com\/fr\/politique-en-matiere-de-cookies\/#breadcrumb"},"inLanguage":"fr-FR","potentialAction":[{"@type":"ReadAction","target":["https:\/\/www.sellerlogic.com\/fr\/politique-en-matiere-de-cookies\/"]}]},{"@type":"BreadcrumbList","@id":"https:\/\/www.sellerlogic.com\/fr\/politique-en-matiere-de-cookies\/#breadcrumb","itemListElement":[{"@type":"ListItem","position":1,"name":"Home","item":"https:\/\/www.sellerlogic.com\/fr\/"},{"@type":"ListItem","position":2,"name":"Politique en mati\u00e8re de cookies"}]},{"@type":"WebSite","@id":"https:\/\/www.sellerlogic.com\/fr\/#website","url":"https:\/\/www.sellerlogic.com\/fr\/","name":"SELLERLOGIC - Smarte Tools f\u00fcr Amazon-Seller","description":"Intelligente Prozessoptimierung und Gewinnmaximierung","publisher":{"@id":"https:\/\/www.sellerlogic.com\/fr\/#organization"},"potentialAction":[{"@type":"SearchAction","target":{"@type":"EntryPoint","urlTemplate":"https:\/\/www.sellerlogic.com\/fr\/?s={search_term_string}"},"query-input":{"@type":"PropertyValueSpecification","valueRequired":true,"valueName":"search_term_string"}}],"inLanguage":"fr-FR"},{"@type":"Organization","@id":"https:\/\/www.sellerlogic.com\/fr\/#organization","name":"SELLERLOGIC","url":"https:\/\/www.sellerlogic.com\/fr\/","logo":{"@type":"ImageObject","inLanguage":"fr-FR","@id":"https:\/\/www.sellerlogic.com\/fr\/#\/schema\/logo\/image\/","url":"https:\/\/d2bw95mh2ee04s.cloudfront.net\/prod\/content\/wp-content\/uploads\/2025\/01\/02134814\/Property-Logo-Main.svg","contentUrl":"https:\/\/d2bw95mh2ee04s.cloudfront.net\/prod\/content\/wp-content\/uploads\/2025\/01\/02134814\/Property-Logo-Main.svg","width":184,"height":40,"caption":"SELLERLOGIC"},"image":{"@id":"https:\/\/www.sellerlogic.com\/fr\/#\/schema\/logo\/image\/"},"sameAs":["https:\/\/www.facebook.com\/SellerLogic\/","https:\/\/x.com\/sellerlogic","https:\/\/www.instagram.com\/sellerlogic\/","https:\/\/www.linkedin.com\/company\/18402037\/","https:\/\/www.youtube.com\/channel\/UC-gULUur-fNj08sprantKsQ"]}]}},"_links":{"self":[{"href":"https:\/\/www.sellerlogic.com\/fr\/wp-json\/wp\/v2\/pages\/9859","targetHints":{"allow":["GET"]}}],"collection":[{"href":"https:\/\/www.sellerlogic.com\/fr\/wp-json\/wp\/v2\/pages"}],"about":[{"href":"https:\/\/www.sellerlogic.com\/fr\/wp-json\/wp\/v2\/types\/page"}],"author":[{"embeddable":true,"href":"https:\/\/www.sellerlogic.com\/fr\/wp-json\/wp\/v2\/users\/5"}],"replies":[{"embeddable":true,"href":"https:\/\/www.sellerlogic.com\/fr\/wp-json\/wp\/v2\/comments?post=9859"}],"version-history":[{"count":0,"href":"https:\/\/www.sellerlogic.com\/fr\/wp-json\/wp\/v2\/pages\/9859\/revisions"}],"wp:attachment":[{"href":"https:\/\/www.sellerlogic.com\/fr\/wp-json\/wp\/v2\/media?parent=9859"}],"curies":[{"name":"wp","href":"https:\/\/api.w.org\/{rel}","templated":true}]}}