
{"id":225186,"date":"2020-12-18T10:43:41","date_gmt":"2020-12-18T10:43:41","guid":{"rendered":"https:\/\/127.0.0.1\/resources\/success-story-samtige-haut\/"},"modified":"2020-12-18T10:43:41","modified_gmt":"2020-12-18T10:43:41","slug":"success-story-samtige-haut","status":"publish","type":"page","link":"https:\/\/www.sellerlogic.com\/hu\/resources\/success-story-samtige-haut\/","title":{"rendered":"Siker T\u00f6rt\u00e9net: Samtige Haut EN"},"content":{"rendered":"\n\t<div  class=\"theme-wp-block theme-block-main-header is-style-full-height desktop-align-full xl-align-full lg-align-full md-align-full sm-align-full desktop-content-align-y-center desktop-content-align-x-center xl-content-align-y-center xl-content-align-x-center lg-content-align-y-center lg-content-align-x-center md-content-align-y-center md-content-align-x-center sm-content-align-y-center sm-content-align-x-center gb-responsive-911782-identifier theme-block-cover\">\n\t\t<div class=\"bg-cover theme-lazy-load-bg\"><\/div>\n\t\t<div class=\"wrap-content-main-header\">\n\t\t\t\t\t<div  class=\"theme-wp-block theme-block-text-and-text desktop-blockDirection-row xl-blockDirection-row lg-blockDirection-row md-blockDirection-row sm-blockDirection-row gb-responsive-289238-identifier desktop-align-full xl-align-full lg-align-full md-align-full sm-align-full alignfull\">\n\t\t<div class=\"tat-column-wrap-wrapper\">\n\t\t\t<div class=\"tat-column-wrapper\">\n\t\t\t\t\t<div  class=\"theme-wp-block theme-block-text-and-text-column gb-responsive-421034-identifier desktop-horizontal-center xl-horizontal-center lg-horizontal-center md-horizontal-center sm-horizontal-center\">\n\t\t<div class=\"inner-wrap-column-content\">\n\t\t\t<div class=\"inner-column-content\">\n\t\t\t\t\t\t<h1  class=\"theme-wp-block theme-block-heading is-style-default sm-text-center md-text-center desktop-text-center xl-text-center lg-text-center gb-responsive-292481-identifier desktop-align-full xl-align-full lg-align-full md-align-full sm-align-full alignfull h1 has-text-align\">\n\t\tVisszat\u00e9r\u00edt\u00e9sek egy kattint\u00e1ssal\t<\/h1>\n\n\t\t<h2  class=\"theme-wp-block theme-block-heading is-style-default sm-text-center md-text-center desktop-text-center xl-text-center lg-text-center gb-responsive-831018-identifier desktop-align-full xl-align-full lg-align-full md-align-full sm-align-full alignfull h1 has-text-align\">\n\t\t&#8220;Samtige Haut&#8221; visszat\u00e9r\u00edt\u00e9seket kap az Amazont\u00f3l a Lost &amp; Found-on kereszt\u00fcl\t<\/h2>\n\n\t\t\t<\/div>\n\t\t<\/div>\n\t<\/div>\n\t<div  class=\"theme-wp-block theme-block-text-and-text-column gb-responsive-929552-identifier\">\n\t\t<div class=\"inner-wrap-column-content\">\n\t\t\t<div class=\"inner-column-content\">\n\t\t\t\t\t\t\t<\/div>\n\t\t<\/div>\n\t<\/div>\n\t\t\t<\/div>\n\t\t<\/div>\n\t<\/div>\n\n\t\t<\/div>\n\t<\/div>\n\n<div style=\"height:50px\" aria-hidden=\"true\" class=\"theme-wp-block wp-block-spacer\"><\/div><div class=\"theme-wp-block wp-block-columns gb-responsive-655645-identifier is-layout-flex wp-container-core-columns-is-layout-9d6595d7 wp-block-columns-is-layout-flex\"><div class=\"theme-wp-block wp-block-column gb-responsive-959393-identifier is-layout-flow wp-block-column-is-layout-flow\" style=\"flex-basis:25%\"><figure class=\"theme-wp-block wp-block-image size-large is-resized gb-responsive-62921-identifier\"><img decoding=\"async\" src=\"https:\/\/d2bw95mh2ee04s.cloudfront.net\/prod\/content\/wp-content\/uploads\/2020\/12\/23142732\/samtige-haut-logo.png\" alt=\"Siker T\u00f6rt\u00e9net: Samtige Haut EN\" class=\"wp-image-4561\" width=\"300\" height=\"84\" srcset=\"https:\/\/d2bw95mh2ee04s.cloudfront.net\/prod\/content\/wp-content\/uploads\/2020\/12\/23142732\/samtige-haut-logo-407x113.png 407w, https:\/\/d2bw95mh2ee04s.cloudfront.net\/prod\/content\/wp-content\/uploads\/2020\/12\/23142732\/samtige-haut-logo.png 600w\" sizes=\"(max-width: 300px) 100vw, 300px\" \/><\/figure><p class=\"theme-wp-block gb-responsive-312552-identifier\"><strong><strong>Alap\u00edt\u00e1s<\/strong>:<\/strong><br>2016. november<\/p><p class=\"theme-wp-block gb-responsive-353708-identifier\"><strong><strong>\u00c1gazat<\/strong>:<\/strong><br>Kozmetikumok, t\u00e1pl\u00e1l\u00e9kkieg\u00e9sz\u00edt\u0151k, bio term\u00e9kek<\/p><p class=\"theme-wp-block gb-responsive-164518-identifier\"><strong><strong>Term\u00e9kek az Amazonon:<\/strong><\/strong><br>1,000<\/p><p class=\"theme-wp-block gb-responsive-888870-identifier\"><strong><strong>K\u00fcldem\u00e9nyek<\/strong>:\u00a0<\/strong><br>kb. 8,000 havonta<\/p><\/div><div class=\"theme-wp-block wp-block-column gb-responsive-252265-identifier is-layout-flow wp-block-column-is-layout-flow\" style=\"flex-basis:50%\"><h3 class=\"theme-wp-block wp-block-heading gb-responsive-34353-identifier\" id=\"block-c06fce04-ef87-4ffc-a3d6-b768ba377d17\">H\u00e1tt\u00e9r:<\/h3><p class=\"theme-wp-block gb-responsive-620393-identifier\">2018-ban az Amazon forgalma 232,9 milli\u00e1rd amerikai doll\u00e1r volt. A n\u00e9met Amazon elad\u00f3k k\u00f6r\u00fclbel\u00fcl 45 sz\u00e1zal\u00e9ka a Fulfillment by Amazon (FBA) szolg\u00e1ltat\u00e1son kereszt\u00fcl sz\u00e1ll\u00edtja term\u00e9keit. Sandra Schriewer \u2013 a \u201cSamtige Haut\u201d (n\u00e9met\u00fcl \u201cSima B\u0151r\u201d) Amazon bolt tulajdonosa \u2013 az egyik\u00fck. A FBA program minden el\u0151nye ellen\u00e9re az online keresked\u0151k sz\u00e1m\u00e1ra lehetetlenn\u00e9 v\u00e1lt nyomon k\u00f6vetni az FBA tranzakci\u00f3k adat\u00e1raml\u00e1s\u00e1t az \u00e9rt\u00e9kes\u00edt\u00e9s n\u00f6veked\u00e9s\u00e9vel. Ennek k\u00f6vetkezt\u00e9ben az elemz\u00e9s egy\u00e1ltal\u00e1n nem t\u00f6rt\u00e9nik meg.<\/p><h3 class=\"theme-wp-block wp-block-heading gb-responsive-182281-identifier\">Kih\u00edv\u00e1s:<\/h3><p class=\"theme-wp-block gb-responsive-880667-identifier\">Sandra Schriewer eredetileg a kozmetikai iparb\u00f3l sz\u00e1rmazik. A berlini e-kereskedelmi szektorban v\u00e9gzett munk\u00e1ja sor\u00e1n online marketing \u00e9s e-kereskedelem szakon v\u00e9gzett tanulm\u00e1nyokat.<\/p><p class=\"theme-wp-block gb-responsive-3897-identifier\">Azt akarta, hogy a megszerzett tud\u00e1s\u00e1t gyakorlatba \u00fcltethesse, \u00e9s \u00f6tv\u00f6zze a kozmetikumok \u00e9s t\u00e1pl\u00e1lkoz\u00e1s ir\u00e1nti szenved\u00e9ly\u00e9vel. \u00cdgy j\u00f6tt l\u00e9tre az Amazon bolt, a \u201cSamtige Haut\u201d. K\u00f6r\u00fclbel\u00fcl 1,000 term\u00e9kkel \u00e9s havi k\u00f6r\u00fclbel\u00fcl 8,000 k\u00fcldem\u00e9nnyel az FBA programon kereszt\u00fcl szinte lehetetlen volt nyomon k\u00f6vetni az Amazonon zajl\u00f3 hatalmas adat\u00e1raml\u00e1st. Hamarosan r\u00e1j\u00f6tt, hogy sz\u00fcks\u00e9ge van egy szolg\u00e1ltat\u00f3ra, aki seg\u00edthet neki ir\u00e1ny\u00edtani az FBA program folyamatait. \u201cOnline keresked\u0151k\u00e9nt a Fulfillment by Amazon-ra t\u00e1maszkodik, mert a program sokkal k\u00f6nnyebb\u00e9 teszi a logisztikai folyamatokat a v\u00e1llalatban. Azonban senki sem t\u00f6k\u00e9letes, \u00e9s term\u00e9szetesen olyan vezet\u0151 c\u00e9gek, mint az Amazon is hib\u00e1zhatnak.<\/p><p class=\"theme-wp-block gb-responsive-135542-identifier\">Manual-t ellen\u0151rizni a hib\u00e1k miatt sz\u00f3ba sem j\u00f6hetett. A probl\u00e9maforr\u00e1sok elemz\u00e9se nagyon \u00f6sszetett, \u00e9s hatalmas mennyis\u00e9g\u0171 id\u0151t ig\u00e9nyel. &#8220;Ez t\u00falmutatna b\u00e1rmilyen gazdas\u00e1gi kereten,&#8221; mondta Sandra. &#8220;A Lost &#038; Found megold\u00e1st a SELLERLOGIC aj\u00e1nlotta nekem a f\u00e9rjem, aki m\u00e1r dolgozik a szolg\u00e1ltat\u00f3 Repricer-j\u00e9vel, \u00e9s nagyon el\u00e9gedett a term\u00e9kkel. Sok megold\u00e1s l\u00e9tezik a piacon, amire egy Amazon \u00fczletnek sz\u00fcks\u00e9ge van ahhoz, hogy sikeres legyen a megfelel\u0151 piactereken. \u00dagy v\u00e9lem, hogy a Lost &#038; Found egyed\u00fcl\u00e1ll\u00f3 \u00e9s n\u00e9lk\u00fcl\u00f6zhetetlen az FBA elad\u00f3k sz\u00e1m\u00e1ra.\u201d<\/p><h3 class=\"theme-wp-block wp-block-heading gb-responsive-115756-identifier\">Megold\u00e1s:<\/h3><p class=\"theme-wp-block gb-responsive-907939-identifier\">\u201eAz eszk\u00f6z haszn\u00e1lata nem neh\u00e9z, \u00e9s gyorsan, k\u00f6nnyen integr\u00e1lhat\u00f3. A l\u00e9p\u00e9sr\u0151l l\u00e9p\u00e9sre \u00fatmutat\u00f3k \u2013 valamint a tud\u00e1sb\u00e1zis \u2013 nagyon hasznosak, \u00e9s nem ig\u00e9nyelnek t\u00e1mogat\u00e1st a SELLERLOGIC-t\u00f3l. Az Lost &#038; Found minden nap \u00faj eseteket jelent, \u00e9s el\u0151re defini\u00e1lt sz\u00f6veges modulokat biztos\u00edt, amelyeket egyszer\u0171en m\u00e1solni \u00e9s beilleszteni lehet az Amazon Seller Centralba. Csak m\u00e1solnom \u00e9s beillesztenem kell a munk\u00e1t, hogy visszat\u00e9r\u00edt\u00e9st kapjak az Amazont\u00f3l. Mivel a beny\u00fajtott eseteket \u00e1ltal\u00e1ban tov\u00e1bbi k\u00e9rd\u00e9sek n\u00e9lk\u00fcl elfogadj\u00e1k, az eg\u00e9sz folyamat nagyon egyszer\u0171 marad!\u201d<\/p><div class=\"theme-block-group-wrap\"><div class=\"theme-wp-block wp-block-group gb-responsive-88118-identifier\">\t\t<div  class=\"theme-wp-block theme-block-user-card gb-responsive-799176-identifier is-style-full-width-line\">\n\t\t<div class=\"wrap-inner-content\">\n\t\t\t<div class=\"card-user-head\">\n\t\t\t\t<div class=\"card-user-avatar\">\n\t\t\t\t\t<div class=\"cover-avatar\" style=\"background-image: url(https:\/\/d2bw95mh2ee04s.cloudfront.net\/prod\/content\/wp-content\/uploads\/2020\/12\/23142733\/sandra-schriewer-raute.png);\"><\/div>\n\t\t\t\t<\/div>\n\t\t\t\t<div class=\"wrap-title\">\n\t\t\t\t\t<div class=\"card-user-name\">\n\t\t\t\t\t\t<div class=\"title\">\n\t\t\t\t\t\t\t<h3 class=\"heading-text\"><strong>Sandra Schriewer<\/strong><\/h3>\n\t\t\t\t\t\t<\/div>\n\t\t\t\t\t\t<div class=\"card-user-position\">\n\t\t\t\t\t\t\t<div class=\"card-text\"><strong>CEO \u201eSamtige Haut\u201c<\/strong><\/div>\n\t\t\t\t\t\t<\/div>\n\t\t\t\t\t<\/div>\n\t\t\t\t\t<div class=\"card-user-quote-icon\">\n\t\t\t\t\t<\/div>\n\t\t\t\t<\/div>\n\t\t\t<\/div>\n\t\t\t<div class=\"card-user-text\">\n\t\t\t\t<div class=\"card-text\"><p>\u201eSok megold\u00e1s l\u00e9tezik a piacon, amire egy Amazon \u00fczletnek sz\u00fcks\u00e9ge van ahhoz, hogy sikeres legyen a megfelel\u0151 piactereken. \u00dagy v\u00e9lem, hogy a Lost &amp; Found egyedi \u00e9s n\u00e9lk\u00fcl\u00f6zhetetlen az FBA elad\u00f3k sz\u00e1m\u00e1ra.\u201d<\/p><\/div>\n\t\t\t<\/div>\n\t\t<\/div>\n\t<\/div>\n\n<\/div><\/div><h3 class=\"theme-wp-block wp-block-heading gb-responsive-595368-identifier\">Sikeres eredm\u00e9nyek a SELLERLOGIC-val:<\/h3><p class=\"theme-wp-block gb-responsive-414432-identifier\">\u201eMivel az Lost &#038; Found ak\u00e1r 18 h\u00f3napra visszamen\u0151leg nyomon k\u00f6veti az egyes tranzakci\u00f3kat, az eszk\u00f6z integr\u00e1l\u00e1sa ut\u00e1n azonnal k\u00f6r\u00fclbel\u00fcl 1,300 EUR visszat\u00e9r\u00edt\u00e9st kaptam, amit soha nem vettem volna \u00e9szre az SELLERLOGIC n\u00e9lk\u00fcl. Az Lost &#038; Found integr\u00e1l\u00e1sa el\u0151tt nem volt vil\u00e1gos sz\u00e1momra, hogy h\u00e1ny csomag t\u0171nt el egyszer\u0171en az\u00f3ta. Az adat mennyis\u00e9g\u00e9t manu\u00e1lisan nem lehet ellen\u0151rizni, \u00e9s \u00e1ltal\u00e1ban az Amazon nem ad visszajelz\u00e9st a hi\u00e1nyz\u00f3 \u00e1rukr\u00f3l. Az Lost &#038; Found-el visszakapod a p\u00e9nzed, \u00e9s \u00f3ri\u00e1si mennyis\u00e9g\u0171 id\u0151t sp\u00f3rolsz meg \u2013 k\u00f6sz\u00f6nhet\u0151en az automatiz\u00e1lt kutat\u00e1snak \u00e9s az esetek beny\u00fajt\u00e1s\u00e1nak a M\u00e1sol\u00e1s &#038; Beilleszt\u00e9s funkci\u00f3val.\u201d<\/p><p class=\"theme-wp-block gb-responsive-57813-identifier\">\u201eCsak aj\u00e1nlani tudom mindenkinek, hogy integr\u00e1lja a megold\u00e1st a saj\u00e1t rendszer\u00e9be. Nincs mit vesz\u00edteni! Az SELLERLOGIC Lost &#038; Found k\u00f6lts\u00e9gei nagyon tisztess\u00e9gesek a sz\u00e1momra, mert az Amazont\u00f3l kapott t\u00e9nyleges visszat\u00e9r\u00edt\u00e9s ar\u00e1ny\u00e1ban sz\u00e1molj\u00e1k el \u0151ket. Ha semmit sem tal\u00e1lnak, akkor d\u00edjat nem sz\u00e1m\u00edtanak fel. Minden egyes nap, ami eltelik az Lost &#038; Found n\u00e9lk\u00fcl, p\u00e9nzbe ker\u00fcl az elad\u00f3knak. Ezen k\u00edv\u00fcl maximum 18 h\u00f3nap \u00e1ll rendelkez\u00e9sedre a k\u00f6vetel\u00e9seid beny\u00fajt\u00e1s\u00e1ra, egyes esetekben m\u00e9g kevesebb\u201d \u2013 z\u00e1rja le Sandra sz\u00e1munkra.<a href=\"https:\/\/d2bw95mh2ee04s.cloudfront.net\/prod\/content\/files\/SUCCESS-STORIES\/EN\/NEU_SELLERLOGIC_SN_Success-Story_Samtige-Haut-EN.pdf\" target=\"_blank\" rel=\"noreferrer noopener nofollow\"><\/a><\/p><div class=\"theme-wp-block wp-block-buttons gb-responsive-497426-identifier is-layout-flex wp-block-buttons-is-layout-flex\"><div class=\"theme-wp-block wp-block-button gb-responsive-38220-identifier is-style-theme-transparent-with-arrow\"><a class=\"wp-block-button__link wp-element-button\" href=\"https:\/\/d2bw95mh2ee04s.cloudfront.net\/prod\/content\/files\/SUCCESS-STORIES\/EN\/SELLERLOGIC_SN_Success-Story_Samtige-Haut-EN.pdf\" target=\"_blank\" rel=\"noreferrer noopener nofollow\">T\u00f6ltsd le a sikert\u00f6rt\u00e9netet!  <\/a><\/div><\/div><\/div><div class=\"theme-wp-block wp-block-column gb-responsive-147753-identifier is-layout-flow wp-block-column-is-layout-flow\" style=\"flex-basis:25%\"><\/div><\/div><p class=\"theme-wp-block gb-responsive-527070-identifier\"><\/p>","protected":false},"excerpt":{"rendered":"<p>Alap\u00edt\u00e1s:2016. november \u00c1gazat:Kozmetikumok, t\u00e1pl\u00e1l\u00e9kkieg\u00e9sz\u00edt\u0151k, bio term\u00e9kek Term\u00e9kek az Amazonon:1,000 K\u00fcldem\u00e9nyek:\u00a0kb. 8,000 havonta H\u00e1tt\u00e9r: 2018-ban az Amazon forgalma 232,9 milli\u00e1rd amerikai doll\u00e1r volt. A n\u00e9met Amazon elad\u00f3k k\u00f6r\u00fclbel\u00fcl 45 sz\u00e1zal\u00e9ka a Fulfillment by Amazon (FBA) szolg\u00e1ltat\u00e1son kereszt\u00fcl sz\u00e1ll\u00edtja term\u00e9keit. Sandra Schriewer \u2013 a \u201cSamtige Haut\u201d (n\u00e9met\u00fcl \u201cSima B\u0151r\u201d) Amazon bolt tulajdonosa \u2013 az egyik\u00fck. A FBA<\/p>\n","protected":false},"author":8,"featured_media":0,"parent":225390,"menu_order":0,"comment_status":"closed","ping_status":"closed","template":"","meta":{"sidebar_recommended_resources":{"data":[]},"sidebar_header_settings":{"hide_buttons":{"register":false}},"_use_new_theme":false,"inline_featured_image":false,"footnotes":""},"class_list":["post-225186","page","type-page","status-publish","hentry"],"yoast_head":"<!-- This site is optimized with the Yoast SEO plugin v26.8 - https:\/\/yoast.com\/product\/yoast-seo-wordpress\/ -->\n<title>\u201eSamtige Haut\u201d Amazon-visszat\u00e9r\u00edt\u00e9st kap az SELLERLOGIC Lost &amp; Found-en kereszt\u00fcl<\/title>\n<meta name=\"description\" content=\"Visszat\u00e9r\u00edt\u00e9sek egy kattint\u00e1ssal: Az SELLERLOGIC \u00fcgyf\u00e9l \u201eSamtige Haut\u201d visszat\u00e9r\u00edt\u00e9seket kap az Amazont\u00f3l az Lost &amp; Found-en kereszt\u00fcl.\" \/>\n<meta name=\"robots\" content=\"index, follow, max-snippet:-1, max-image-preview:large, max-video-preview:-1\" \/>\n<link rel=\"canonical\" href=\"https:\/\/www.sellerlogic.com\/hu\/resources\/success-story-samtige-haut\/\" \/>\n<meta property=\"og:locale\" content=\"hu_HU\" \/>\n<meta property=\"og:type\" content=\"article\" \/>\n<meta property=\"og:title\" content=\"\u201eSamtige Haut\u201d Amazon-visszat\u00e9r\u00edt\u00e9st kap az SELLERLOGIC Lost &amp; Found-en kereszt\u00fcl\" \/>\n<meta property=\"og:description\" content=\"Visszat\u00e9r\u00edt\u00e9sek egy kattint\u00e1ssal: Az SELLERLOGIC \u00fcgyf\u00e9l \u201eSamtige Haut\u201d visszat\u00e9r\u00edt\u00e9seket kap az Amazont\u00f3l az Lost &amp; Found-en kereszt\u00fcl.\" \/>\n<meta property=\"og:url\" content=\"https:\/\/www.sellerlogic.com\/hu\/resources\/success-story-samtige-haut\/\" \/>\n<meta property=\"og:site_name\" content=\"SELLERLOGIC - Smarte Tools f\u00fcr Amazon-Seller\" \/>\n<meta property=\"article:publisher\" content=\"https:\/\/www.facebook.com\/SellerLogic\/\" \/>\n<meta property=\"og:image\" content=\"https:\/\/www.sellerlogic.com\/wp-content\/uploads\/2020\/12\/samtige-haut-logo.png\" \/>\n<meta name=\"twitter:card\" content=\"summary_large_image\" \/>\n<meta name=\"twitter:site\" content=\"@sellerlogic\" \/>\n<meta name=\"twitter:label1\" content=\"Est. reading time\" \/>\n\t<meta name=\"twitter:data1\" content=\"3 minutes\" \/>\n<script type=\"application\/ld+json\" class=\"yoast-schema-graph\">{\"@context\":\"https:\/\/schema.org\",\"@graph\":[{\"@type\":\"WebPage\",\"@id\":\"https:\/\/www.sellerlogic.com\/hu\/resources\/success-story-samtige-haut\/\",\"url\":\"https:\/\/www.sellerlogic.com\/hu\/resources\/success-story-samtige-haut\/\",\"name\":\"\u201eSamtige Haut\u201d Amazon-visszat\u00e9r\u00edt\u00e9st kap az SELLERLOGIC Lost & Found-en kereszt\u00fcl\",\"isPartOf\":{\"@id\":\"https:\/\/www.sellerlogic.com\/hu\/#website\"},\"primaryImageOfPage\":{\"@id\":\"https:\/\/www.sellerlogic.com\/hu\/resources\/success-story-samtige-haut\/#primaryimage\"},\"image\":{\"@id\":\"https:\/\/www.sellerlogic.com\/hu\/resources\/success-story-samtige-haut\/#primaryimage\"},\"thumbnailUrl\":\"https:\/\/www.sellerlogic.com\/wp-content\/uploads\/2020\/12\/samtige-haut-logo.png\",\"datePublished\":\"2020-12-18T10:43:41+00:00\",\"description\":\"Visszat\u00e9r\u00edt\u00e9sek egy kattint\u00e1ssal: Az SELLERLOGIC \u00fcgyf\u00e9l \u201eSamtige Haut\u201d visszat\u00e9r\u00edt\u00e9seket kap az Amazont\u00f3l az Lost & Found-en kereszt\u00fcl.\",\"breadcrumb\":{\"@id\":\"https:\/\/www.sellerlogic.com\/hu\/resources\/success-story-samtige-haut\/#breadcrumb\"},\"inLanguage\":\"hu-HU\",\"potentialAction\":[{\"@type\":\"ReadAction\",\"target\":[\"https:\/\/www.sellerlogic.com\/hu\/resources\/success-story-samtige-haut\/\"]}]},{\"@type\":\"ImageObject\",\"inLanguage\":\"hu-HU\",\"@id\":\"https:\/\/www.sellerlogic.com\/hu\/resources\/success-story-samtige-haut\/#primaryimage\",\"url\":\"https:\/\/www.sellerlogic.com\/wp-content\/uploads\/2020\/12\/samtige-haut-logo.png\",\"contentUrl\":\"https:\/\/www.sellerlogic.com\/wp-content\/uploads\/2020\/12\/samtige-haut-logo.png\"},{\"@type\":\"BreadcrumbList\",\"@id\":\"https:\/\/www.sellerlogic.com\/hu\/resources\/success-story-samtige-haut\/#breadcrumb\",\"itemListElement\":[{\"@type\":\"ListItem\",\"position\":1,\"name\":\"Home\",\"item\":\"https:\/\/www.sellerlogic.com\/hu\/\"},{\"@type\":\"ListItem\",\"position\":2,\"name\":\"Ressourcen EN\",\"item\":\"https:\/\/www.sellerlogic.com\/hu\/resources\/\"},{\"@type\":\"ListItem\",\"position\":3,\"name\":\"Siker T\u00f6rt\u00e9net: Samtige Haut EN\"}]},{\"@type\":\"WebSite\",\"@id\":\"https:\/\/www.sellerlogic.com\/hu\/#website\",\"url\":\"https:\/\/www.sellerlogic.com\/hu\/\",\"name\":\"SELLERLOGIC - Smarte Tools f\u00fcr Amazon-Seller\",\"description\":\"Intelligente Prozessoptimierung und Gewinnmaximierung\",\"publisher\":{\"@id\":\"https:\/\/www.sellerlogic.com\/hu\/#organization\"},\"potentialAction\":[{\"@type\":\"SearchAction\",\"target\":{\"@type\":\"EntryPoint\",\"urlTemplate\":\"https:\/\/www.sellerlogic.com\/hu\/?s={search_term_string}\"},\"query-input\":{\"@type\":\"PropertyValueSpecification\",\"valueRequired\":true,\"valueName\":\"search_term_string\"}}],\"inLanguage\":\"hu-HU\"},{\"@type\":\"Organization\",\"@id\":\"https:\/\/www.sellerlogic.com\/hu\/#organization\",\"name\":\"SELLERLOGIC\",\"url\":\"https:\/\/www.sellerlogic.com\/hu\/\",\"logo\":{\"@type\":\"ImageObject\",\"inLanguage\":\"hu-HU\",\"@id\":\"https:\/\/www.sellerlogic.com\/hu\/#\/schema\/logo\/image\/\",\"url\":\"https:\/\/d2bw95mh2ee04s.cloudfront.net\/prod\/content\/wp-content\/uploads\/2025\/01\/02134814\/Property-Logo-Main.svg\",\"contentUrl\":\"https:\/\/d2bw95mh2ee04s.cloudfront.net\/prod\/content\/wp-content\/uploads\/2025\/01\/02134814\/Property-Logo-Main.svg\",\"width\":184,\"height\":40,\"caption\":\"SELLERLOGIC\"},\"image\":{\"@id\":\"https:\/\/www.sellerlogic.com\/hu\/#\/schema\/logo\/image\/\"},\"sameAs\":[\"https:\/\/www.facebook.com\/SellerLogic\/\",\"https:\/\/x.com\/sellerlogic\",\"https:\/\/www.instagram.com\/sellerlogic\/\",\"https:\/\/www.linkedin.com\/company\/18402037\/\",\"https:\/\/www.youtube.com\/channel\/UC-gULUur-fNj08sprantKsQ\"]}]}<\/script>\n<!-- \/ Yoast SEO plugin. -->","yoast_head_json":{"title":"\u201eSamtige Haut\u201d Amazon-visszat\u00e9r\u00edt\u00e9st kap az SELLERLOGIC Lost & Found-en kereszt\u00fcl","description":"Visszat\u00e9r\u00edt\u00e9sek egy kattint\u00e1ssal: Az SELLERLOGIC \u00fcgyf\u00e9l \u201eSamtige Haut\u201d visszat\u00e9r\u00edt\u00e9seket kap az Amazont\u00f3l az Lost & Found-en kereszt\u00fcl.","robots":{"index":"index","follow":"follow","max-snippet":"max-snippet:-1","max-image-preview":"max-image-preview:large","max-video-preview":"max-video-preview:-1"},"canonical":"https:\/\/www.sellerlogic.com\/hu\/resources\/success-story-samtige-haut\/","og_locale":"hu_HU","og_type":"article","og_title":"\u201eSamtige Haut\u201d Amazon-visszat\u00e9r\u00edt\u00e9st kap az SELLERLOGIC Lost & Found-en kereszt\u00fcl","og_description":"Visszat\u00e9r\u00edt\u00e9sek egy kattint\u00e1ssal: Az SELLERLOGIC \u00fcgyf\u00e9l \u201eSamtige Haut\u201d visszat\u00e9r\u00edt\u00e9seket kap az Amazont\u00f3l az Lost & Found-en kereszt\u00fcl.","og_url":"https:\/\/www.sellerlogic.com\/hu\/resources\/success-story-samtige-haut\/","og_site_name":"SELLERLOGIC - Smarte Tools f\u00fcr Amazon-Seller","article_publisher":"https:\/\/www.facebook.com\/SellerLogic\/","og_image":[{"url":"https:\/\/www.sellerlogic.com\/wp-content\/uploads\/2020\/12\/samtige-haut-logo.png","type":"","width":"","height":""}],"twitter_card":"summary_large_image","twitter_site":"@sellerlogic","twitter_misc":{"Est. reading time":"3 minutes"},"schema":{"@context":"https:\/\/schema.org","@graph":[{"@type":"WebPage","@id":"https:\/\/www.sellerlogic.com\/hu\/resources\/success-story-samtige-haut\/","url":"https:\/\/www.sellerlogic.com\/hu\/resources\/success-story-samtige-haut\/","name":"\u201eSamtige Haut\u201d Amazon-visszat\u00e9r\u00edt\u00e9st kap az SELLERLOGIC Lost & Found-en kereszt\u00fcl","isPartOf":{"@id":"https:\/\/www.sellerlogic.com\/hu\/#website"},"primaryImageOfPage":{"@id":"https:\/\/www.sellerlogic.com\/hu\/resources\/success-story-samtige-haut\/#primaryimage"},"image":{"@id":"https:\/\/www.sellerlogic.com\/hu\/resources\/success-story-samtige-haut\/#primaryimage"},"thumbnailUrl":"https:\/\/www.sellerlogic.com\/wp-content\/uploads\/2020\/12\/samtige-haut-logo.png","datePublished":"2020-12-18T10:43:41+00:00","description":"Visszat\u00e9r\u00edt\u00e9sek egy kattint\u00e1ssal: Az SELLERLOGIC \u00fcgyf\u00e9l \u201eSamtige Haut\u201d visszat\u00e9r\u00edt\u00e9seket kap az Amazont\u00f3l az Lost & Found-en kereszt\u00fcl.","breadcrumb":{"@id":"https:\/\/www.sellerlogic.com\/hu\/resources\/success-story-samtige-haut\/#breadcrumb"},"inLanguage":"hu-HU","potentialAction":[{"@type":"ReadAction","target":["https:\/\/www.sellerlogic.com\/hu\/resources\/success-story-samtige-haut\/"]}]},{"@type":"ImageObject","inLanguage":"hu-HU","@id":"https:\/\/www.sellerlogic.com\/hu\/resources\/success-story-samtige-haut\/#primaryimage","url":"https:\/\/www.sellerlogic.com\/wp-content\/uploads\/2020\/12\/samtige-haut-logo.png","contentUrl":"https:\/\/www.sellerlogic.com\/wp-content\/uploads\/2020\/12\/samtige-haut-logo.png"},{"@type":"BreadcrumbList","@id":"https:\/\/www.sellerlogic.com\/hu\/resources\/success-story-samtige-haut\/#breadcrumb","itemListElement":[{"@type":"ListItem","position":1,"name":"Home","item":"https:\/\/www.sellerlogic.com\/hu\/"},{"@type":"ListItem","position":2,"name":"Ressourcen EN","item":"https:\/\/www.sellerlogic.com\/hu\/resources\/"},{"@type":"ListItem","position":3,"name":"Siker T\u00f6rt\u00e9net: Samtige Haut EN"}]},{"@type":"WebSite","@id":"https:\/\/www.sellerlogic.com\/hu\/#website","url":"https:\/\/www.sellerlogic.com\/hu\/","name":"SELLERLOGIC - Smarte Tools f\u00fcr Amazon-Seller","description":"Intelligente Prozessoptimierung und Gewinnmaximierung","publisher":{"@id":"https:\/\/www.sellerlogic.com\/hu\/#organization"},"potentialAction":[{"@type":"SearchAction","target":{"@type":"EntryPoint","urlTemplate":"https:\/\/www.sellerlogic.com\/hu\/?s={search_term_string}"},"query-input":{"@type":"PropertyValueSpecification","valueRequired":true,"valueName":"search_term_string"}}],"inLanguage":"hu-HU"},{"@type":"Organization","@id":"https:\/\/www.sellerlogic.com\/hu\/#organization","name":"SELLERLOGIC","url":"https:\/\/www.sellerlogic.com\/hu\/","logo":{"@type":"ImageObject","inLanguage":"hu-HU","@id":"https:\/\/www.sellerlogic.com\/hu\/#\/schema\/logo\/image\/","url":"https:\/\/d2bw95mh2ee04s.cloudfront.net\/prod\/content\/wp-content\/uploads\/2025\/01\/02134814\/Property-Logo-Main.svg","contentUrl":"https:\/\/d2bw95mh2ee04s.cloudfront.net\/prod\/content\/wp-content\/uploads\/2025\/01\/02134814\/Property-Logo-Main.svg","width":184,"height":40,"caption":"SELLERLOGIC"},"image":{"@id":"https:\/\/www.sellerlogic.com\/hu\/#\/schema\/logo\/image\/"},"sameAs":["https:\/\/www.facebook.com\/SellerLogic\/","https:\/\/x.com\/sellerlogic","https:\/\/www.instagram.com\/sellerlogic\/","https:\/\/www.linkedin.com\/company\/18402037\/","https:\/\/www.youtube.com\/channel\/UC-gULUur-fNj08sprantKsQ"]}]}},"_links":{"self":[{"href":"https:\/\/www.sellerlogic.com\/hu\/wp-json\/wp\/v2\/pages\/225186","targetHints":{"allow":["GET"]}}],"collection":[{"href":"https:\/\/www.sellerlogic.com\/hu\/wp-json\/wp\/v2\/pages"}],"about":[{"href":"https:\/\/www.sellerlogic.com\/hu\/wp-json\/wp\/v2\/types\/page"}],"author":[{"embeddable":true,"href":"https:\/\/www.sellerlogic.com\/hu\/wp-json\/wp\/v2\/users\/8"}],"replies":[{"embeddable":true,"href":"https:\/\/www.sellerlogic.com\/hu\/wp-json\/wp\/v2\/comments?post=225186"}],"version-history":[{"count":0,"href":"https:\/\/www.sellerlogic.com\/hu\/wp-json\/wp\/v2\/pages\/225186\/revisions"}],"up":[{"embeddable":true,"href":"https:\/\/www.sellerlogic.com\/hu\/wp-json\/wp\/v2\/pages\/225390"}],"wp:attachment":[{"href":"https:\/\/www.sellerlogic.com\/hu\/wp-json\/wp\/v2\/media?parent=225186"}],"curies":[{"name":"wp","href":"https:\/\/api.w.org\/{rel}","templated":true}]}}