
{"id":225192,"date":"2020-12-11T10:04:17","date_gmt":"2020-12-11T10:04:17","guid":{"rendered":"https:\/\/127.0.0.1\/resources\/workbook-shopping-cart-field\/"},"modified":"2020-12-11T10:04:17","modified_gmt":"2020-12-11T10:04:17","slug":"workbook-shopping-cart-field","status":"publish","type":"page","link":"https:\/\/www.sellerlogic.com\/hu\/resources\/workbook-shopping-cart-field\/","title":{"rendered":"Munkaf\u00fczet Bev\u00e1s\u00e1rl\u00f3kocsi Mez\u0151"},"content":{"rendered":"\n\t<div  class=\"theme-wp-block theme-block-main-header is-style-default desktop-content-align-y-center desktop-content-align-x-center xl-content-align-y-center xl-content-align-x-center lg-content-align-y-center lg-content-align-x-center md-content-align-y-center md-content-align-x-center sm-content-align-y-center sm-content-align-x-center gb-responsive-50877-identifier desktop-align-full xl-align-full lg-align-full md-align-full sm-align-full theme-block-cover\">\n\t\t<div class=\"bg-cover theme-lazy-load-bg\"><\/div>\n\t\t<div class=\"wrap-content-main-header\">\n\t\t\t\t\t<div  class=\"theme-wp-block theme-block-text-and-text desktop-vertical-top xl-vertical-top lg-vertical-top md-vertical-top sm-vertical-top desktop-align-wide xl-align-wide lg-align-wide md-align-wide sm-align-wide desktop-blockDirection-row xl-blockDirection-row lg-blockDirection-row md-blockDirection-row sm-blockDirection-row gb-responsive-882765-identifier\">\n\t\t<div class=\"tat-column-wrap-wrapper\">\n\t\t\t<div class=\"tat-column-wrapper\">\n\t\t\t\t\t<div  class=\"theme-wp-block theme-block-text-and-text-column desktop-horizontal-center xl-horizontal-center lg-horizontal-center md-horizontal-center sm-horizontal-center gb-responsive-201010-identifier\">\n\t\t<div class=\"inner-wrap-column-content\">\n\t\t\t<div class=\"inner-column-content\">\n\t\t\t\t\t\t<h1  class=\"theme-wp-block theme-block-heading is-style-default desktop-text-center xl-text-center lg-text-center md-text-center sm-text-center gb-responsive-460412-identifier h1\">\n\t\tA Bev\u00e1s\u00e1rl\u00f3kocsi Mez\u0151\t<\/h1>\n\n\t\t<h2  class=\"theme-wp-block theme-block-heading is-style-default desktop-text-center xl-text-center lg-text-center md-text-center sm-text-center gb-responsive-560947-identifier h2\">\n\t\tHogyan nyerd meg a Buy Box-t magadnak!\t<\/h2>\n\n\t\t\t<\/div>\n\t\t<\/div>\n\t<\/div>\n\t<div  class=\"theme-wp-block theme-block-text-and-text-column gb-responsive-34770-identifier\">\n\t\t<div class=\"inner-wrap-column-content\">\n\t\t\t<div class=\"inner-column-content\">\n\t\t\t\t\t\t\t<\/div>\n\t\t<\/div>\n\t<\/div>\n\t\t\t<\/div>\n\t\t<\/div>\n\t<\/div>\n\n\t\t<\/div>\n\t<\/div>\n\n<div style=\"height:50px\" aria-hidden=\"true\" class=\"theme-wp-block wp-block-spacer\"><\/div><div class=\"theme-wp-block wp-block-columns gb-responsive-252501-identifier is-layout-flex wp-container-core-columns-is-layout-9d6595d7 wp-block-columns-is-layout-flex\"><div class=\"theme-wp-block wp-block-column gb-responsive-521804-identifier desktop-gb-has-no-icon xl-gb-has-no-icon lg-gb-has-no-icon md-gb-has-no-icon sm-gb-has-no-icon is-layout-flow wp-block-column-is-layout-flow\"><h3 class=\"theme-wp-block gb-responsive-613947-identifier wp-block-heading\">Nincs Buy Box &#8211; nincs bev\u00e9tel<\/h3><div class=\"theme-wp-block wp-block-image gb-responsive-948511-identifier\"><figure class=\"alignright size-large is-resized\"><img decoding=\"async\" src=\"https:\/\/d2bw95mh2ee04s.cloudfront.net\/prod\/content\/wp-content\/uploads\/2020\/12\/23142720\/workbook-einkaufswagenfeld-cover.png\" alt=\"Munkaf\u00fczet Bev\u00e1s\u00e1rl\u00f3kocsi Mez\u0151\" class=\"wp-image-4954\" width=\"399\" height=\"435\" srcset=\"https:\/\/d2bw95mh2ee04s.cloudfront.net\/prod\/content\/wp-content\/uploads\/2020\/12\/23142720\/workbook-einkaufswagenfeld-cover-407x443.png 407w, https:\/\/d2bw95mh2ee04s.cloudfront.net\/prod\/content\/wp-content\/uploads\/2020\/12\/23142720\/workbook-einkaufswagenfeld-cover.png 738w\" sizes=\"(max-width: 399px) 100vw, 399px\" \/><\/figure><\/div><p class=\"theme-wp-block gb-responsive-342029-identifier\">Az Amazonon a teljes \u00e9rt\u00e9kes\u00edt\u00e9sek 90%-a a Buy Box-ben t\u00f6rt\u00e9nik. Ez azt jelenti, hogy 90 esetb\u0151l 100-ban az a elad\u00f3, aki a bev\u00e1s\u00e1rl\u00f3kocsi mez\u0151ben van, realiz\u00e1lja az elad\u00e1st. A legt\u00f6bben v\u00e9g\u00fcl semmit sem kapnak.<\/p><p class=\"theme-wp-block gb-responsive-957449-identifier\">Ez\u00e9rt l\u00e9tfontoss\u00e1g\u00fa sz\u00e1modra, mint elad\u00f3, aki a versenyt\u00e1rsakkal kell versenyeznie ugyanazok\u00e9rt a term\u00e9kek\u00e9rt, hogy meg\u00e9rtsd, hogyan nyerheted meg a Buy Box-t.<\/p><p class=\"theme-wp-block gb-responsive-622057-identifier\"><strong>Ez pontosan az, ahol a \u201eBev\u00e1s\u00e1rl\u00f3kocsi Mez\u0151 &#8211; Hogyan nyerd meg a Buy Box-t magadnak!\u201d munkaf\u00fczet\u00fcnk seg\u00edt neked.<\/strong><\/p><div class=\"theme-wp-block wp-block-columns desktop-gb-has-no-icon xl-gb-has-no-icon lg-gb-has-no-icon md-gb-has-no-icon sm-gb-has-no-icon gb-responsive-450543-identifier is-layout-flex wp-container-core-columns-is-layout-9d6595d7 wp-block-columns-is-layout-flex\"><div class=\"theme-wp-block wp-block-column desktop-gb-has-no-icon xl-gb-has-no-icon lg-gb-has-no-icon md-gb-has-no-icon sm-gb-has-no-icon gb-responsive-84714-identifier is-layout-flow wp-block-column-is-layout-flow\" style=\"flex-basis:100%\"><p class=\"theme-wp-block desktop-gb-has-no-icon xl-gb-has-no-icon lg-gb-has-no-icon md-gb-has-no-icon sm-gb-has-no-icon gb-responsive-41815-identifier\"><em>A munkaf\u00fczeted let\u00f6lt\u00e9s\u00e9hez sz\u00fcks\u00e9ges, hogy el\u0151zetesen enged\u00e9lyezd az \u00f6sszes s\u00fctit. A be\u00e1ll\u00edt\u00e1said szerkeszt\u00e9s\u00e9hez k\u00e9rlek, kattints az al\u00e1bbi gombra.<\/em><\/p><p class=\"theme-wp-block\"><span class=\"borlabs-cookie-open-dialog-preferences brlbs-cmpnt-container\" data-borlabs-cookie-title=\"Open Consent Preferences\" data-borlabs-cookie-type=\"button\" ><\/span><\/p>\n<div class=\"theme-wp-block wp-block-columns gb-responsive-295103-identifier is-layout-flex wp-container-core-columns-is-layout-9d6595d7 wp-block-columns-is-layout-flex\"><div class=\"theme-wp-block wp-block-column gb-responsive-736519-identifier is-layout-flow wp-block-column-is-layout-flow\"><div id=\"wb-form\" class=\"theme-wp-block wb-form\"><p>\n\t\tAdd meg a neved \u00e9s az email c\u00edmed, hogy k\u00e9rhesd a munkaf\u00fczetet. Ezut\u00e1n el fogj\u00e1k neked k\u00fcldeni.<br>\u00a0\n<\/p><form id=\"leadform\" action=\"#\" method=\"post\"><input type=\"text\" name=\"name\" id=\"name\" placeholder=\"A neved\" required=\"required\" style=\"padding: 10px; font-size: 18px; width: 100%; margin-bottom: 15px; color: rgb(88, 88, 88);\"><\/input><input type=\"email\" name=\"email\" id=\"email\" placeholder=\"Az email c\u00edmed\" required=\"required\" data-com-onepassword-filled=\"light\" style=\"padding: 10px; font-size: 18px; width: 100%; margin-bottom: 15px; color: rgb(88, 88, 88);\"><\/input><input type=\"submit\" value=\"K\u00e9rd ingyen a munkaf\u00fczetet most\" id=\"submit\" style=\"padding: 10px; font-size: 18px; width: 100%; margin-bottom: 15px; color: rgb(255, 255, 255); background-color: rgb(255, 170, 1); cursor: pointer;\"><\/input><p style=\"margin-bottom: 10px; font-size: 12px;\">Az adatok feldolgoz\u00e1sa a <a href=\"https:\/\/www.sellerlogic.com\/en\/privacy-policy\/\" target=\"_blank\" draggable=\"false\" rel=\"noopener noreferrer\">adatv\u00e9delmi ir\u00e1nyelveinknek<\/a> megfelel\u0151en t\u00f6rt\u00e9nik.<\/p><\/form><\/div><\/div><\/div><\/div><\/div><div class=\"theme-wp-block wp-block-columns gb-responsive-347256-identifier is-layout-flex wp-container-core-columns-is-layout-9d6595d7 wp-block-columns-is-layout-flex\"><div class=\"theme-wp-block wp-block-column gb-responsive-850623-identifier is-layout-flow wp-block-column-is-layout-flow\" style=\"flex-basis:100%\"><\/div><\/div><\/div><div class=\"theme-wp-block wp-block-column gb-responsive-343842-identifier desktop-gb-has-no-icon xl-gb-has-no-icon lg-gb-has-no-icon md-gb-has-no-icon sm-gb-has-no-icon is-layout-flow wp-block-column-is-layout-flow\" style=\"flex-basis:25%\"><\/div><\/div>\t\t<p  class=\"theme-wp-block theme-block-heading gb-responsive-150569-identifier is-style-default desktop-text-center xl-text-center lg-text-center md-text-center sm-text-center h3\">\n\t\tTov\u00e1bbi \u00e9rdekes tartalom\t<\/p>\n\n<div style=\"height:20px\" aria-hidden=\"true\" class=\"theme-wp-block wp-block-spacer\"><\/div>\t\t<div  class=\"theme-wp-block theme-block-card-posts gb-responsive-763167-identifier layout-horizontal-cards-content\">\n\t\t<div class=\"wrap-inner-blocks\">\n\t\t\t<div class=\"post-card \">\n\t<div class=\"inside-wrap-card\">\n\t\t<div class=\"cover-wrap\">\n\t\t\t\t\t\t\t<a class=\"background-thumbnail has-image\" href=\"https:\/\/www.sellerlogic.com\/hu\/resources\/wb-en-202002\/\">\n\t\t\t\t\t<img decoding=\"async\" width=\"405\" height=\"240\" src=\"https:\/\/d2bw95mh2ee04s.cloudfront.net\/prod\/content\/wp-content\/uploads\/2020\/12\/23142715\/workbook_metriken_optimieren-thumbnail.jpeg\" class=\"attachment-thumbnail size-thumbnail wp-post-image\" alt=\"In 13 Schritten in die Buy Box:  So optimieren Sie Ihre Metriken!\" \/>\t\t\t\t<\/a>\n\t\t\t\t\t<\/div>\n\n\t\t<div class=\"wrap-content\">\n\t\t\t<div class=\"title\">\n\t\t\t\t<a href=\"https:\/\/www.sellerlogic.com\/hu\/resources\/wb-en-202002\/\">Ingyenes munkaf\u00fczet: 13 l\u00e9p\u00e9s a Buy Box-be<\/a>\n\t\t\t<\/div>\n\t\t\t<div class=\"wrap-excerpt\">Tudja, mely metrik\u00e1kat kell optimaliz\u00e1lnia ahhoz, hogy megtartsa vagy megszerezze a Buy Box-t? Megmutatjuk \u00d6nnek a 13 legfontosabbat \u2013 bele\u00e9rtve a minimum- \u00e9s ide\u00e1lis \u00e9rt\u00e9keket, valamint az \u00f6sszes sz\u00e1m\u00edt\u00e1si k\u00e9pletet!<\/div>\n\t\t<\/div>\n\t<\/div>\n<\/div><div class=\"post-card \">\n\t<div class=\"inside-wrap-card\">\n\t\t<div class=\"cover-wrap\">\n\t\t\t\t\t\t\t<a class=\"background-thumbnail has-image\" href=\"https:\/\/www.sellerlogic.com\/hu\/blog\/repricer-az-amazonon-a-tanulmany-szerint-ezek-a-leg-sikeresebb-modszerek-a-buy-box-profitert\/\">\n\t\t\t\t\t<img decoding=\"async\" width=\"405\" height=\"240\" src=\"https:\/\/d2bw95mh2ee04s.cloudfront.net\/prod\/content\/wp-content\/uploads\/2020\/12\/23142812\/studie-repricer-amazon-thumbnail.jpg\" class=\"attachment-thumbnail size-thumbnail wp-post-image\" alt=\"Studie \u00fcber Repricer auf Amazon\" \/>\t\t\t\t<\/a>\n\t\t\t\t\t<\/div>\n\n\t\t<div class=\"wrap-content\">\n\t\t\t<div class=\"title\">\n\t\t\t\t<a href=\"https:\/\/www.sellerlogic.com\/hu\/blog\/repricer-az-amazonon-a-tanulmany-szerint-ezek-a-leg-sikeresebb-modszerek-a-buy-box-profitert\/\">Tanulm\u00e1ny: Egy Repricer haszn\u00e1lata jelent\u0151sen n\u00f6veli a Buy Box-nyer\u00e9s es\u00e9lyeit!<\/a>\n\t\t\t<\/div>\n\t\t\t<div class=\"wrap-excerpt\">A kiv\u00e1l\u00f3 elad\u00f3i teljes\u00edtm\u00e9ny fontos, de nem minden \u2013 ezt a tanulm\u00e1ny vil\u00e1gosan megmutatja. Megvizsg\u00e1ltuk a legfontosabb meg\u00e1llap\u00edt\u00e1sokat, \u00e9s el\u00e1ruljuk \u00d6nnek, mely m\u00f3dszerek vezetnek a sikerhez.<\/div>\n\t\t<\/div>\n\t<\/div>\n<\/div>\t\t<\/div>\n\t<\/div>\n","protected":false},"excerpt":{"rendered":"<p>Nincs Buy Box &#8211; nincs bev\u00e9tel Az Amazonon a teljes \u00e9rt\u00e9kes\u00edt\u00e9sek 90%-a a Buy Box-ben t\u00f6rt\u00e9nik. Ez azt jelenti, hogy 90 esetb\u0151l 100-ban az a elad\u00f3, aki a bev\u00e1s\u00e1rl\u00f3kocsi mez\u0151ben van, realiz\u00e1lja az elad\u00e1st. A legt\u00f6bben v\u00e9g\u00fcl semmit sem kapnak. Ez\u00e9rt l\u00e9tfontoss\u00e1g\u00fa sz\u00e1modra, mint elad\u00f3, aki a versenyt\u00e1rsakkal kell versenyeznie ugyanazok\u00e9rt a term\u00e9kek\u00e9rt, hogy meg\u00e9rtsd,<\/p>\n","protected":false},"author":3,"featured_media":0,"parent":225390,"menu_order":0,"comment_status":"closed","ping_status":"closed","template":"","meta":{"sidebar_recommended_resources":{"data":[]},"sidebar_header_settings":{"hide_buttons":{"register":false}},"_use_new_theme":false,"inline_featured_image":false,"footnotes":""},"class_list":["post-225192","page","type-page","status-publish","hentry"],"yoast_head":"<!-- This site is optimized with the Yoast SEO plugin v26.8 - https:\/\/yoast.com\/product\/yoast-seo-wordpress\/ -->\n<title>\u00cdgy nyerheted meg garant\u00e1ltan a bev\u00e1s\u00e1rl\u00f3kocsi mez\u0151t magadnak!<\/title>\n<meta name=\"description\" content=\"Ingyenes \u00e9s aj\u00e1nd\u00e9k: Munkaf\u00fczet \u201eA Bev\u00e1s\u00e1rl\u00f3kocsi Mez\u0151 - Hogyan nyerd meg a Buy Box-t magadnak!\u201d T\u00f6ltsd le most!\" \/>\n<meta name=\"robots\" content=\"index, follow, max-snippet:-1, max-image-preview:large, max-video-preview:-1\" \/>\n<link rel=\"canonical\" href=\"https:\/\/www.sellerlogic.com\/hu\/resources\/workbook-shopping-cart-field\/\" \/>\n<meta property=\"og:locale\" content=\"hu_HU\" \/>\n<meta property=\"og:type\" content=\"article\" \/>\n<meta property=\"og:title\" content=\"\u00cdgy nyerheted meg garant\u00e1ltan a bev\u00e1s\u00e1rl\u00f3kocsi mez\u0151t magadnak!\" \/>\n<meta property=\"og:description\" content=\"Ingyenes \u00e9s aj\u00e1nd\u00e9k: Munkaf\u00fczet \u201eA Bev\u00e1s\u00e1rl\u00f3kocsi Mez\u0151 - Hogyan nyerd meg a Buy Box-t magadnak!\u201d T\u00f6ltsd le most!\" \/>\n<meta property=\"og:url\" content=\"https:\/\/www.sellerlogic.com\/hu\/resources\/workbook-shopping-cart-field\/\" \/>\n<meta property=\"og:site_name\" content=\"SELLERLOGIC - Smarte Tools f\u00fcr Amazon-Seller\" \/>\n<meta property=\"article:publisher\" content=\"https:\/\/www.facebook.com\/SellerLogic\/\" \/>\n<meta property=\"og:image\" content=\"https:\/\/d2bw95mh2ee04s.cloudfront.net\/prod\/content\/wp-content\/uploads\/2020\/12\/23142720\/workbook-einkaufswagenfeld-cover.png\" \/>\n\t<meta property=\"og:image:width\" content=\"738\" \/>\n\t<meta property=\"og:image:height\" content=\"804\" \/>\n\t<meta property=\"og:image:type\" content=\"image\/png\" \/>\n<meta name=\"twitter:card\" content=\"summary_large_image\" \/>\n<meta name=\"twitter:site\" content=\"@sellerlogic\" \/>\n<meta name=\"twitter:label1\" content=\"Est. reading time\" \/>\n\t<meta name=\"twitter:data1\" content=\"1 minute\" \/>\n<script type=\"application\/ld+json\" class=\"yoast-schema-graph\">{\"@context\":\"https:\/\/schema.org\",\"@graph\":[{\"@type\":\"WebPage\",\"@id\":\"https:\/\/www.sellerlogic.com\/hu\/resources\/workbook-shopping-cart-field\/\",\"url\":\"https:\/\/www.sellerlogic.com\/hu\/resources\/workbook-shopping-cart-field\/\",\"name\":\"\u00cdgy nyerheted meg garant\u00e1ltan a bev\u00e1s\u00e1rl\u00f3kocsi mez\u0151t magadnak!\",\"isPartOf\":{\"@id\":\"https:\/\/www.sellerlogic.com\/hu\/#website\"},\"primaryImageOfPage\":{\"@id\":\"https:\/\/www.sellerlogic.com\/hu\/resources\/workbook-shopping-cart-field\/#primaryimage\"},\"image\":{\"@id\":\"https:\/\/www.sellerlogic.com\/hu\/resources\/workbook-shopping-cart-field\/#primaryimage\"},\"thumbnailUrl\":\"https:\/\/www.sellerlogic.com\/wp-content\/uploads\/2020\/12\/workbook-einkaufswagenfeld-cover.png\",\"datePublished\":\"2020-12-11T10:04:17+00:00\",\"description\":\"Ingyenes \u00e9s aj\u00e1nd\u00e9k: Munkaf\u00fczet \u201eA Bev\u00e1s\u00e1rl\u00f3kocsi Mez\u0151 - Hogyan nyerd meg a Buy Box-t magadnak!\u201d T\u00f6ltsd le most!\",\"breadcrumb\":{\"@id\":\"https:\/\/www.sellerlogic.com\/hu\/resources\/workbook-shopping-cart-field\/#breadcrumb\"},\"inLanguage\":\"hu-HU\",\"potentialAction\":[{\"@type\":\"ReadAction\",\"target\":[\"https:\/\/www.sellerlogic.com\/hu\/resources\/workbook-shopping-cart-field\/\"]}]},{\"@type\":\"ImageObject\",\"inLanguage\":\"hu-HU\",\"@id\":\"https:\/\/www.sellerlogic.com\/hu\/resources\/workbook-shopping-cart-field\/#primaryimage\",\"url\":\"https:\/\/www.sellerlogic.com\/wp-content\/uploads\/2020\/12\/workbook-einkaufswagenfeld-cover.png\",\"contentUrl\":\"https:\/\/www.sellerlogic.com\/wp-content\/uploads\/2020\/12\/workbook-einkaufswagenfeld-cover.png\"},{\"@type\":\"BreadcrumbList\",\"@id\":\"https:\/\/www.sellerlogic.com\/hu\/resources\/workbook-shopping-cart-field\/#breadcrumb\",\"itemListElement\":[{\"@type\":\"ListItem\",\"position\":1,\"name\":\"Home\",\"item\":\"https:\/\/www.sellerlogic.com\/hu\/\"},{\"@type\":\"ListItem\",\"position\":2,\"name\":\"Ressourcen EN\",\"item\":\"https:\/\/www.sellerlogic.com\/hu\/resources\/\"},{\"@type\":\"ListItem\",\"position\":3,\"name\":\"Munkaf\u00fczet Bev\u00e1s\u00e1rl\u00f3kocsi Mez\u0151\"}]},{\"@type\":\"WebSite\",\"@id\":\"https:\/\/www.sellerlogic.com\/hu\/#website\",\"url\":\"https:\/\/www.sellerlogic.com\/hu\/\",\"name\":\"SELLERLOGIC - Smarte Tools f\u00fcr Amazon-Seller\",\"description\":\"Intelligente Prozessoptimierung und Gewinnmaximierung\",\"publisher\":{\"@id\":\"https:\/\/www.sellerlogic.com\/hu\/#organization\"},\"potentialAction\":[{\"@type\":\"SearchAction\",\"target\":{\"@type\":\"EntryPoint\",\"urlTemplate\":\"https:\/\/www.sellerlogic.com\/hu\/?s={search_term_string}\"},\"query-input\":{\"@type\":\"PropertyValueSpecification\",\"valueRequired\":true,\"valueName\":\"search_term_string\"}}],\"inLanguage\":\"hu-HU\"},{\"@type\":\"Organization\",\"@id\":\"https:\/\/www.sellerlogic.com\/hu\/#organization\",\"name\":\"SELLERLOGIC\",\"url\":\"https:\/\/www.sellerlogic.com\/hu\/\",\"logo\":{\"@type\":\"ImageObject\",\"inLanguage\":\"hu-HU\",\"@id\":\"https:\/\/www.sellerlogic.com\/hu\/#\/schema\/logo\/image\/\",\"url\":\"https:\/\/d2bw95mh2ee04s.cloudfront.net\/prod\/content\/wp-content\/uploads\/2025\/01\/02134814\/Property-Logo-Main.svg\",\"contentUrl\":\"https:\/\/d2bw95mh2ee04s.cloudfront.net\/prod\/content\/wp-content\/uploads\/2025\/01\/02134814\/Property-Logo-Main.svg\",\"width\":184,\"height\":40,\"caption\":\"SELLERLOGIC\"},\"image\":{\"@id\":\"https:\/\/www.sellerlogic.com\/hu\/#\/schema\/logo\/image\/\"},\"sameAs\":[\"https:\/\/www.facebook.com\/SellerLogic\/\",\"https:\/\/x.com\/sellerlogic\",\"https:\/\/www.instagram.com\/sellerlogic\/\",\"https:\/\/www.linkedin.com\/company\/18402037\/\",\"https:\/\/www.youtube.com\/channel\/UC-gULUur-fNj08sprantKsQ\"]}]}<\/script>\n<!-- \/ Yoast SEO plugin. -->","yoast_head_json":{"title":"\u00cdgy nyerheted meg garant\u00e1ltan a bev\u00e1s\u00e1rl\u00f3kocsi mez\u0151t magadnak!","description":"Ingyenes \u00e9s aj\u00e1nd\u00e9k: Munkaf\u00fczet \u201eA Bev\u00e1s\u00e1rl\u00f3kocsi Mez\u0151 - Hogyan nyerd meg a Buy Box-t magadnak!\u201d T\u00f6ltsd le most!","robots":{"index":"index","follow":"follow","max-snippet":"max-snippet:-1","max-image-preview":"max-image-preview:large","max-video-preview":"max-video-preview:-1"},"canonical":"https:\/\/www.sellerlogic.com\/hu\/resources\/workbook-shopping-cart-field\/","og_locale":"hu_HU","og_type":"article","og_title":"\u00cdgy nyerheted meg garant\u00e1ltan a bev\u00e1s\u00e1rl\u00f3kocsi mez\u0151t magadnak!","og_description":"Ingyenes \u00e9s aj\u00e1nd\u00e9k: Munkaf\u00fczet \u201eA Bev\u00e1s\u00e1rl\u00f3kocsi Mez\u0151 - Hogyan nyerd meg a Buy Box-t magadnak!\u201d T\u00f6ltsd le most!","og_url":"https:\/\/www.sellerlogic.com\/hu\/resources\/workbook-shopping-cart-field\/","og_site_name":"SELLERLOGIC - Smarte Tools f\u00fcr Amazon-Seller","article_publisher":"https:\/\/www.facebook.com\/SellerLogic\/","og_image":[{"width":738,"height":804,"url":"https:\/\/d2bw95mh2ee04s.cloudfront.net\/prod\/content\/wp-content\/uploads\/2020\/12\/23142720\/workbook-einkaufswagenfeld-cover.png","type":"image\/png"}],"twitter_card":"summary_large_image","twitter_site":"@sellerlogic","twitter_misc":{"Est. reading time":"1 minute"},"schema":{"@context":"https:\/\/schema.org","@graph":[{"@type":"WebPage","@id":"https:\/\/www.sellerlogic.com\/hu\/resources\/workbook-shopping-cart-field\/","url":"https:\/\/www.sellerlogic.com\/hu\/resources\/workbook-shopping-cart-field\/","name":"\u00cdgy nyerheted meg garant\u00e1ltan a bev\u00e1s\u00e1rl\u00f3kocsi mez\u0151t magadnak!","isPartOf":{"@id":"https:\/\/www.sellerlogic.com\/hu\/#website"},"primaryImageOfPage":{"@id":"https:\/\/www.sellerlogic.com\/hu\/resources\/workbook-shopping-cart-field\/#primaryimage"},"image":{"@id":"https:\/\/www.sellerlogic.com\/hu\/resources\/workbook-shopping-cart-field\/#primaryimage"},"thumbnailUrl":"https:\/\/www.sellerlogic.com\/wp-content\/uploads\/2020\/12\/workbook-einkaufswagenfeld-cover.png","datePublished":"2020-12-11T10:04:17+00:00","description":"Ingyenes \u00e9s aj\u00e1nd\u00e9k: Munkaf\u00fczet \u201eA Bev\u00e1s\u00e1rl\u00f3kocsi Mez\u0151 - Hogyan nyerd meg a Buy Box-t magadnak!\u201d T\u00f6ltsd le most!","breadcrumb":{"@id":"https:\/\/www.sellerlogic.com\/hu\/resources\/workbook-shopping-cart-field\/#breadcrumb"},"inLanguage":"hu-HU","potentialAction":[{"@type":"ReadAction","target":["https:\/\/www.sellerlogic.com\/hu\/resources\/workbook-shopping-cart-field\/"]}]},{"@type":"ImageObject","inLanguage":"hu-HU","@id":"https:\/\/www.sellerlogic.com\/hu\/resources\/workbook-shopping-cart-field\/#primaryimage","url":"https:\/\/www.sellerlogic.com\/wp-content\/uploads\/2020\/12\/workbook-einkaufswagenfeld-cover.png","contentUrl":"https:\/\/www.sellerlogic.com\/wp-content\/uploads\/2020\/12\/workbook-einkaufswagenfeld-cover.png"},{"@type":"BreadcrumbList","@id":"https:\/\/www.sellerlogic.com\/hu\/resources\/workbook-shopping-cart-field\/#breadcrumb","itemListElement":[{"@type":"ListItem","position":1,"name":"Home","item":"https:\/\/www.sellerlogic.com\/hu\/"},{"@type":"ListItem","position":2,"name":"Ressourcen EN","item":"https:\/\/www.sellerlogic.com\/hu\/resources\/"},{"@type":"ListItem","position":3,"name":"Munkaf\u00fczet Bev\u00e1s\u00e1rl\u00f3kocsi Mez\u0151"}]},{"@type":"WebSite","@id":"https:\/\/www.sellerlogic.com\/hu\/#website","url":"https:\/\/www.sellerlogic.com\/hu\/","name":"SELLERLOGIC - Smarte Tools f\u00fcr Amazon-Seller","description":"Intelligente Prozessoptimierung und Gewinnmaximierung","publisher":{"@id":"https:\/\/www.sellerlogic.com\/hu\/#organization"},"potentialAction":[{"@type":"SearchAction","target":{"@type":"EntryPoint","urlTemplate":"https:\/\/www.sellerlogic.com\/hu\/?s={search_term_string}"},"query-input":{"@type":"PropertyValueSpecification","valueRequired":true,"valueName":"search_term_string"}}],"inLanguage":"hu-HU"},{"@type":"Organization","@id":"https:\/\/www.sellerlogic.com\/hu\/#organization","name":"SELLERLOGIC","url":"https:\/\/www.sellerlogic.com\/hu\/","logo":{"@type":"ImageObject","inLanguage":"hu-HU","@id":"https:\/\/www.sellerlogic.com\/hu\/#\/schema\/logo\/image\/","url":"https:\/\/d2bw95mh2ee04s.cloudfront.net\/prod\/content\/wp-content\/uploads\/2025\/01\/02134814\/Property-Logo-Main.svg","contentUrl":"https:\/\/d2bw95mh2ee04s.cloudfront.net\/prod\/content\/wp-content\/uploads\/2025\/01\/02134814\/Property-Logo-Main.svg","width":184,"height":40,"caption":"SELLERLOGIC"},"image":{"@id":"https:\/\/www.sellerlogic.com\/hu\/#\/schema\/logo\/image\/"},"sameAs":["https:\/\/www.facebook.com\/SellerLogic\/","https:\/\/x.com\/sellerlogic","https:\/\/www.instagram.com\/sellerlogic\/","https:\/\/www.linkedin.com\/company\/18402037\/","https:\/\/www.youtube.com\/channel\/UC-gULUur-fNj08sprantKsQ"]}]}},"_links":{"self":[{"href":"https:\/\/www.sellerlogic.com\/hu\/wp-json\/wp\/v2\/pages\/225192","targetHints":{"allow":["GET"]}}],"collection":[{"href":"https:\/\/www.sellerlogic.com\/hu\/wp-json\/wp\/v2\/pages"}],"about":[{"href":"https:\/\/www.sellerlogic.com\/hu\/wp-json\/wp\/v2\/types\/page"}],"author":[{"embeddable":true,"href":"https:\/\/www.sellerlogic.com\/hu\/wp-json\/wp\/v2\/users\/3"}],"replies":[{"embeddable":true,"href":"https:\/\/www.sellerlogic.com\/hu\/wp-json\/wp\/v2\/comments?post=225192"}],"version-history":[{"count":0,"href":"https:\/\/www.sellerlogic.com\/hu\/wp-json\/wp\/v2\/pages\/225192\/revisions"}],"up":[{"embeddable":true,"href":"https:\/\/www.sellerlogic.com\/hu\/wp-json\/wp\/v2\/pages\/225390"}],"wp:attachment":[{"href":"https:\/\/www.sellerlogic.com\/hu\/wp-json\/wp\/v2\/media?parent=225192"}],"curies":[{"name":"wp","href":"https:\/\/api.w.org\/{rel}","templated":true}]}}