
{"id":225225,"date":"2020-12-17T16:17:58","date_gmt":"2020-12-17T16:17:58","guid":{"rendered":"https:\/\/127.0.0.1\/resources\/success-story-rewu-eu\/"},"modified":"2020-12-17T16:17:58","modified_gmt":"2020-12-17T16:17:58","slug":"success-story-rewu-eu","status":"publish","type":"page","link":"https:\/\/www.sellerlogic.com\/hu\/resources\/success-story-rewu-eu\/","title":{"rendered":"Siker T\u00f6rt\u00e9net: ReWu EN"},"content":{"rendered":"\n\t<div  class=\"theme-wp-block theme-block-main-header is-style-full-height desktop-align-full xl-align-full lg-align-full md-align-full sm-align-full desktop-content-align-y-center desktop-content-align-x-center xl-content-align-y-center xl-content-align-x-center lg-content-align-y-center lg-content-align-x-center md-content-align-y-center md-content-align-x-center sm-content-align-y-center sm-content-align-x-center gb-responsive-650367-identifier theme-block-cover\">\n\t\t<div class=\"bg-cover theme-lazy-load-bg\"><\/div>\n\t\t<div class=\"wrap-content-main-header\">\n\t\t\t\t\t<div  class=\"theme-wp-block theme-block-text-and-text gb-responsive-130700-identifier desktop-blockDirection-column xl-blockDirection-column lg-blockDirection-column md-blockDirection-column sm-blockDirection-column desktop-align-wide xl-align-wide lg-align-wide md-align-wide sm-align-wide\">\n\t\t<div class=\"tat-column-wrap-wrapper\">\n\t\t\t<div class=\"tat-column-wrapper\">\n\t\t\t\t\t<div  class=\"theme-wp-block theme-block-text-and-text-column gb-responsive-420800-identifier desktop-horizontal-center xl-horizontal-center lg-horizontal-center md-horizontal-center sm-horizontal-center\">\n\t\t<div class=\"inner-wrap-column-content\">\n\t\t\t<div class=\"inner-column-content\">\n\t\t\t\t\t\t<h1  class=\"theme-wp-block theme-block-heading is-style-default desktop-text-center xl-text-center lg-text-center md-text-center sm-text-center gb-responsive-178195-identifier h1\">\n\t\tMagas sz\u00ednvonal\u00fa lakberendez\u00e9si kieg\u00e9sz\u00edt\u0151k a t\u00f6k\u00e9letes \u00e1ron\t<\/h1>\n\n\t\t<h2  class=\"theme-wp-block theme-block-heading is-style-default desktop-text-center xl-text-center lg-text-center md-text-center sm-text-center gb-responsive-77462-identifier desktop-align-center xl-align-center lg-align-center md-align-center sm-align-center aligncenter h2 has-text-align\">\n\t\tHogyan nyer a ReWu.eu az Amazon Buy Box\t<\/h2>\n\n\t\t\t<\/div>\n\t\t<\/div>\n\t<\/div>\n\t<div  class=\"theme-wp-block theme-block-text-and-text-column gb-responsive-983379-identifier\">\n\t\t<div class=\"inner-wrap-column-content\">\n\t\t\t<div class=\"inner-column-content\">\n\t\t\t\t\t\t\t<\/div>\n\t\t<\/div>\n\t<\/div>\n\t\t\t<\/div>\n\t\t<\/div>\n\t<\/div>\n\n\t\t<\/div>\n\t<\/div>\n\n<div style=\"height:50px\" aria-hidden=\"true\" class=\"theme-wp-block wp-block-spacer\"><\/div><div class=\"theme-wp-block wp-block-columns gb-responsive-678291-identifier is-layout-flex wp-container-core-columns-is-layout-9d6595d7 wp-block-columns-is-layout-flex\"><div class=\"theme-wp-block wp-block-column gb-responsive-277127-identifier is-layout-flow wp-block-column-is-layout-flow\" style=\"flex-basis:25%\"><figure class=\"theme-wp-block wp-block-image size-large is-resized gb-responsive-62921-identifier\"><img decoding=\"async\" src=\"https:\/\/d2bw95mh2ee04s.cloudfront.net\/prod\/content\/wp-content\/uploads\/2020\/12\/23142722\/logo_rewu.png\" alt=\"Siker T\u00f6rt\u00e9net: ReWu EN\" class=\"wp-image-4882\" width=\"300\" height=\"143\" srcset=\"https:\/\/d2bw95mh2ee04s.cloudfront.net\/prod\/content\/wp-content\/uploads\/2020\/12\/23142722\/logo_rewu-407x194.png 407w, https:\/\/d2bw95mh2ee04s.cloudfront.net\/prod\/content\/wp-content\/uploads\/2020\/12\/23142722\/logo_rewu.png 479w\" sizes=\"(max-width: 300px) 100vw, 300px\" \/><\/figure><p class=\"theme-wp-block gb-responsive-589628-identifier\"><strong>Alap\u00edt\u00e1s:<\/strong><br>2017. j\u00falius<\/p><p class=\"theme-wp-block gb-responsive-203014-identifier\"><strong>\u00c1gazat:<\/strong><br>H\u00e1ztart\u00e1s, b\u00fator,<br>j\u00e1t\u00e9kok<\/p><p class=\"theme-wp-block gb-responsive-55456-identifier\"><strong>T\u00e9telek az Amazonon:\u00a0<\/strong><br>kb. 900<\/p><p class=\"theme-wp-block gb-responsive-107672-identifier\"><strong>K\u00fcldem\u00e9nyek:<\/strong><br>kb. 7.200 havonta<\/p><\/div><div class=\"theme-wp-block wp-block-column gb-responsive-745505-identifier is-layout-flow wp-block-column-is-layout-flow\" style=\"flex-basis:50%\"><h3 class=\"theme-wp-block wp-block-heading gb-responsive-34353-identifier\" id=\"block-c06fce04-ef87-4ffc-a3d6-b768ba377d17\">H\u00e1tt\u00e9r:<\/h3><p class=\"theme-wp-block gb-responsive-175924-identifier desktop-gb-has-no-icon xl-gb-has-no-icon lg-gb-has-no-icon md-gb-has-no-icon sm-gb-has-no-icon\">Florian Wucherpfennig \u00faj tapasztalatokat keresett a csal\u00e1di tulajdon\u00fa villamosipari v\u00e1llalkoz\u00e1sban v\u00e9gzett f\u0151\u00e1ll\u00e1sa mellett. Egy bar\u00e1tja tan\u00e1cs\u00e1ra elkezdett \u00e9rdekl\u0151dni az Amazonon val\u00f3 \u00e9rt\u00e9kes\u00edt\u00e9s ir\u00e1nt.<\/p><p class=\"theme-wp-block gb-responsive-353482-identifier desktop-gb-has-no-icon xl-gb-has-no-icon lg-gb-has-no-icon md-gb-has-no-icon sm-gb-has-no-icon\">Ahhoz, hogy sikeres legyen az online platformon, egy keresked\u0151nek sz\u00e1mos akad\u00e1lyt le kell k\u00fczdenie \u00e9s l\u00e9p\u00e9seket kell tennie. Az \u00fcgyf\u00e9lszolg\u00e1lat \u00e9s az \u00e1roptimaliz\u00e1l\u00e1s k\u00e9pezi a siker alapj\u00e1t a piacon, \u00e9s kiemeli a kiskeresked\u0151t. A ReWu.eu Amazon boltj\u00e1nak elind\u00edt\u00e1sa ut\u00e1n Florian azonnal felismerte az \u00fcgyf\u00e9lszolg\u00e1lat \u00e9s az \u00e1rk\u00e9pz\u00e9s fontoss\u00e1g\u00e1t.<\/p><h3 class=\"theme-wp-block wp-block-heading gb-responsive-182281-identifier\">Kih\u00edv\u00e1s:<\/h3><p class=\"theme-wp-block gb-responsive-432341-identifier desktop-gb-has-no-icon xl-gb-has-no-icon lg-gb-has-no-icon md-gb-has-no-icon sm-gb-has-no-icon\">Majdnem minden m\u00e1sodik eur\u00f3, amelyet online k\u00f6ltenek el, az Amazonon v\u00e9gz\u0151dik. Ebben a rendk\u00edv\u00fcl versenyk\u00e9pes online \u00fczlet\u00e1gban a ReWu.eu-nak meg kell \u00e1llnia a t\u00f6bbi 100.000 online kiskeresked\u0151 k\u00f6z\u00f6tt N\u00e9metorsz\u00e1gban. Mivel Florian kiz\u00e1r\u00f3lag nagykereskedelmet folytat, az \u00fcgyvezet\u0151 igazgat\u00f3nak nap mint nap a n\u00f6vekv\u0151 versennyel kell megk\u00fczdenie. Az \u00e1rak cs\u00f6kkenhetnek, \u00e9s ennek k\u00f6vetkezt\u00e9ben a term\u00e9kek min\u0151s\u00e9ge szenved.<\/p><p class=\"theme-wp-block gb-responsive-926294-identifier desktop-gb-has-no-icon xl-gb-has-no-icon lg-gb-has-no-icon md-gb-has-no-icon sm-gb-has-no-icon\">\u201eNem akarunk szem\u00e9tterm\u00e9keket eladni az \u00fcgyfeleknek a legalacsonyabb \u00e1ron. C\u00e9lunk, hogy magas min\u0151s\u00e9g\u0171 term\u00e9keket k\u00edn\u00e1ljunk olyan \u00fcgyf\u00e9lszolg\u00e1lattal, amelyet egyik versenyt\u00e1rsunk sem tud fel\u00fclm\u00falni. Ez a legfontosabb priorit\u00e1sunk. \u00cdgy maradunk versenyk\u00e9pesek. Term\u00e9szetesen az \u00e1rh\u00e1bor\u00fa a min\u0151s\u00e9gi szegmensben is jelen van. Ez\u00e9rt sz\u00fcks\u00e9g\u00fcnk volt egy partnerre az \u00e1roptimaliz\u00e1l\u00e1sban, amely nem a legalacsonyabb \u00e1rra t\u00e1maszkodik a Buy Box-be val\u00f3 bel\u00e9p\u00e9shez, hanem dinamikusan cselekszik \u00e9s az \u00e1rakat a piaci helyzethez igaz\u00edtja,\u201c magyar\u00e1zza Florian.<\/p><h3 class=\"theme-wp-block wp-block-heading gb-responsive-115756-identifier\">Megold\u00e1s:<\/h3><p class=\"theme-wp-block gb-responsive-578168-identifier desktop-gb-has-no-icon xl-gb-has-no-icon lg-gb-has-no-icon md-gb-has-no-icon sm-gb-has-no-icon\">Florian a SELLERLOGIC Repricer-re tette a fogad\u00e1st, mert ez nyeri meg a Buy Box-et \u00e9s a legmagasabb \u00e1rat. Miut\u00e1n a term\u00e9kek elhelyezkedtek a Buy Box-ben, a Repricer optimaliz\u00e1lja a sz\u00f3ban forg\u00f3 term\u00e9k \u00e1r\u00e1t a lehets\u00e9ges maximumra. \u201eJelenleg \u00e1rukra vagyunk tervezve. Ez\u00e9rt a SELLERLOGIC term\u00e9k elengedhetetlen sz\u00e1munkra. Az \u00e1rakat a piaci helyzethez igaz\u00edtja, de seg\u00edt abban is, hogy gyors \u00e1ttekint\u00e9st kapjunk azokr\u00f3l a szegmensekr\u0151l, ahol m\u00e9g iter\u00e1lnunk kell, vagy ahol k\u00f6zelebbr\u0151l kell figyeln\u00fcnk,\u201c er\u0151s\u00edti meg Florian.<\/p><div class=\"theme-block-group-wrap\"><div class=\"theme-wp-block wp-block-group gb-responsive-88118-identifier\">\t\t<div  class=\"theme-wp-block theme-block-user-card gb-responsive-799176-identifier is-style-full-width-line desktop-gb-has-no-icon xl-gb-has-no-icon lg-gb-has-no-icon md-gb-has-no-icon sm-gb-has-no-icon\">\n\t\t<div class=\"wrap-inner-content\">\n\t\t\t<div class=\"card-user-head\">\n\t\t\t\t<div class=\"card-user-avatar\">\n\t\t\t\t\t<div class=\"cover-avatar\" style=\"background-image: url(https:\/\/d2bw95mh2ee04s.cloudfront.net\/prod\/content\/wp-content\/uploads\/2020\/12\/23142721\/florian_wucherpfennig_raute.png);\"><\/div>\n\t\t\t\t<\/div>\n\t\t\t\t<div class=\"wrap-title\">\n\t\t\t\t\t<div class=\"card-user-name\">\n\t\t\t\t\t\t<div class=\"title\">\n\t\t\t\t\t\t\t<h3 class=\"heading-text\"><strong>Florian Wucherpfennig<\/strong><\/h3>\n\t\t\t\t\t\t<\/div>\n\t\t\t\t\t\t<div class=\"card-user-position\">\n\t\t\t\t\t\t\t<div class=\"card-text\"><strong>A ReWu.eu \u00fcgyvezet\u0151 igazgat\u00f3ja<\/strong><\/div>\n\t\t\t\t\t\t<\/div>\n\t\t\t\t\t<\/div>\n\t\t\t\t\t<div class=\"card-user-quote-icon\">\n\t\t\t\t\t<\/div>\n\t\t\t\t<\/div>\n\t\t\t<\/div>\n\t\t\t<div class=\"card-user-text\">\n\t\t\t\t<div class=\"card-text\"><p>\u201eNagyon \u00fagy gondolom, hogy a SELLERLOGIC \u00f3ri\u00e1si er\u0151forr\u00e1sokat takar\u00edt meg nek\u00fcnk. Most id\u0151t, munkaer\u0151t \u00e9s p\u00e9nzt tudunk ford\u00edtani az \u00fcgyf\u00e9lt\u00e1mogat\u00e1sra. Term\u00e9szetesen a magasabb profit is ugyanolyan fontos, \u00e9s a Repricer ezt minden alkalommal biztos\u00edtja.\u201c<\/p><\/div>\n\t\t\t<\/div>\n\t\t<\/div>\n\t<\/div>\n\n<\/div><\/div><h3 class=\"theme-wp-block wp-block-heading gb-responsive-595368-identifier\">Sikeres Eredm\u00e9nyek a SELLERLOGIC-val:<\/h3><p class=\"theme-wp-block gb-responsive-295853-identifier desktop-gb-has-no-icon xl-gb-has-no-icon lg-gb-has-no-icon md-gb-has-no-icon sm-gb-has-no-icon\">Az \u00fcgyf\u00e9lszolg\u00e1lat magas rangot \u00e9lvez a ReWU.eu-n\u00e1l. Florian elmagyar\u00e1zza, mi\u00e9rt: \u201cK\u00f6ztudott, hogy a j\u00f3 \u00fcgyf\u00e9lszolg\u00e1lat energiaig\u00e9nyes, de a v\u00e9g\u00e9n k\u00e9tszeresen megt\u00e9r\u00fcl. Ez egy biztos m\u00f3dszer arra, hogy kiemelkedj\u00fcnk a versenyt\u00e1rsak k\u00f6z\u00fcl. Az Repricer haszn\u00e1lata lehet\u0151v\u00e9 teszi sz\u00e1munkra, hogy \u00f3ri\u00e1si mennyis\u00e9g\u0171 energi\u00e1t takar\u00edtsunk meg, amelyet az \u00fcgyf\u00e9lszolg\u00e1latunkba tudunk csatorn\u00e1zni, ami viszont az \u00fcgyfeleink jav\u00e1t szolg\u00e1lja. Term\u00e9szetesen az Repricer \u00e1ltal biztos\u00edtott magasabb profit is \u00e9ppolyan fontos, \u00e9s minden alkalommal megval\u00f3sul.\u201d<\/p><p class=\"theme-wp-block gb-responsive-525743-identifier desktop-gb-has-no-icon xl-gb-has-no-icon lg-gb-has-no-icon md-gb-has-no-icon sm-gb-has-no-icon\">\u201cNehezen elk\u00e9pzelhet\u0151, hogy minden term\u00e9ket manu\u00e1lisan \u00fajra \u00e9s \u00fajra \u00e1tn\u00e9zz\u00fcnk, amikor a verseny v\u00e1ltozik. Ehelyett hetente egyszer megn\u00e9zz\u00fck a term\u00e9keinket, ellen\u0151rizz\u00fck, hogy melyek nincsenek az Buy Box-ben, \u00e9s m\u00f3dos\u00edt\u00e1sokat v\u00e9gz\u00fcnk. Az Repricer gondoskodik a t\u00f6bbi r\u00e9szr\u0151l,\u201d folytatja Florian. \u201cUgyanakkor \u00fagy v\u00e9lem, hogy m\u00e9g nem haszn\u00e1ljuk ezt az eszk\u00f6zt a k\u00e9pess\u00e9geinek 100%-\u00e1n, \u00e9s m\u00e9g mindig van n\u00e9h\u00e1ny tr\u00fckk \u00e9s funkci\u00f3, ami hasznos \u00e9s sz\u00f3rakoztat\u00f3 lehet.\u201d<\/p><div class=\"theme-wp-block wp-block-buttons gb-responsive-497426-identifier is-layout-flex wp-block-buttons-is-layout-flex\"><div class=\"theme-wp-block wp-block-button gb-responsive-38220-identifier is-style-theme-transparent-with-arrow\"><a class=\"wp-block-button__link wp-element-button\" href=\"https:\/\/d2bw95mh2ee04s.cloudfront.net\/prod\/content\/files\/SUCCESS-STORIES\/HU\/SELLERLOGIC_SN_Success-Story_ReWu_HU.pdf\" target=\"_blank\" rel=\"noreferrer noopener nofollow\">T\u00f6ltse le most!<\/a><\/div><\/div><\/div><div class=\"theme-wp-block wp-block-column gb-responsive-561369-identifier is-layout-flow wp-block-column-is-layout-flow\" style=\"flex-basis:25%\"><\/div><\/div>","protected":false},"excerpt":{"rendered":"<p>Alap\u00edt\u00e1s:2017. j\u00falius \u00c1gazat:H\u00e1ztart\u00e1s, b\u00fator,j\u00e1t\u00e9kok T\u00e9telek az Amazonon:\u00a0kb. 900 K\u00fcldem\u00e9nyek:kb. 7.200 havonta H\u00e1tt\u00e9r: Florian Wucherpfennig \u00faj tapasztalatokat keresett a csal\u00e1di tulajdon\u00fa villamosipari v\u00e1llalkoz\u00e1sban v\u00e9gzett f\u0151\u00e1ll\u00e1sa mellett. Egy bar\u00e1tja tan\u00e1cs\u00e1ra elkezdett \u00e9rdekl\u0151dni az Amazonon val\u00f3 \u00e9rt\u00e9kes\u00edt\u00e9s ir\u00e1nt. Ahhoz, hogy sikeres legyen az online platformon, egy keresked\u0151nek sz\u00e1mos akad\u00e1lyt le kell k\u00fczdenie \u00e9s l\u00e9p\u00e9seket kell tennie. Az \u00fcgyf\u00e9lszolg\u00e1lat<\/p>\n","protected":false},"author":3,"featured_media":4796,"parent":225390,"menu_order":0,"comment_status":"closed","ping_status":"closed","template":"","meta":{"sidebar_recommended_resources":{"data":[]},"sidebar_header_settings":{"hide_buttons":{"register":false}},"_use_new_theme":false,"inline_featured_image":false,"footnotes":""},"class_list":["post-225225","page","type-page","status-publish","has-post-thumbnail","hentry"],"yoast_head":"<!-- This site is optimized with the Yoast SEO plugin v26.8 - https:\/\/yoast.com\/product\/yoast-seo-wordpress\/ -->\n<title>Hogyan nyer a ReWu.eu az Amazon Buy Box-ben | SELLERLOGIC<\/title>\n<meta name=\"description\" content=\"Az Buy Box megnyer\u00e9se kulcsfontoss\u00e1g\u00fa az Amazonon. N\u00e9zze meg most, hogyan k\u00fczd meg ezzel az akad\u00e1llyal a ReWu.eu az SELLERLOGIC Repricer-vel!\" \/>\n<meta name=\"robots\" content=\"index, follow, max-snippet:-1, max-image-preview:large, max-video-preview:-1\" \/>\n<link rel=\"canonical\" href=\"https:\/\/www.sellerlogic.com\/hu\/resources\/success-story-rewu-eu\/\" \/>\n<meta property=\"og:locale\" content=\"hu_HU\" \/>\n<meta property=\"og:type\" content=\"article\" \/>\n<meta property=\"og:title\" content=\"Hogyan nyer a ReWu.eu az Amazon Buy Box-ben | SELLERLOGIC\" \/>\n<meta property=\"og:description\" content=\"Az Buy Box megnyer\u00e9se kulcsfontoss\u00e1g\u00fa az Amazonon. N\u00e9zze meg most, hogyan k\u00fczd meg ezzel az akad\u00e1llyal a ReWu.eu az SELLERLOGIC Repricer-vel!\" \/>\n<meta property=\"og:url\" content=\"https:\/\/www.sellerlogic.com\/hu\/resources\/success-story-rewu-eu\/\" \/>\n<meta property=\"og:site_name\" content=\"SELLERLOGIC - Smarte Tools f\u00fcr Amazon-Seller\" \/>\n<meta property=\"article:publisher\" content=\"https:\/\/www.facebook.com\/SellerLogic\/\" \/>\n<meta property=\"og:image\" content=\"https:\/\/d2bw95mh2ee04s.cloudfront.net\/prod\/content\/wp-content\/uploads\/2020\/12\/23142724\/header-success-story-rewu.jpg\" \/>\n\t<meta property=\"og:image:width\" content=\"2500\" \/>\n\t<meta property=\"og:image:height\" content=\"1667\" \/>\n\t<meta property=\"og:image:type\" content=\"image\/jpeg\" \/>\n<meta name=\"twitter:card\" content=\"summary_large_image\" \/>\n<meta name=\"twitter:site\" content=\"@sellerlogic\" \/>\n<meta name=\"twitter:label1\" content=\"Est. reading time\" \/>\n\t<meta name=\"twitter:data1\" content=\"3 minutes\" \/>\n<script type=\"application\/ld+json\" class=\"yoast-schema-graph\">{\"@context\":\"https:\/\/schema.org\",\"@graph\":[{\"@type\":\"WebPage\",\"@id\":\"https:\/\/www.sellerlogic.com\/hu\/resources\/success-story-rewu-eu\/\",\"url\":\"https:\/\/www.sellerlogic.com\/hu\/resources\/success-story-rewu-eu\/\",\"name\":\"Hogyan nyer a ReWu.eu az Amazon Buy Box-ben | SELLERLOGIC\",\"isPartOf\":{\"@id\":\"https:\/\/www.sellerlogic.com\/hu\/#website\"},\"primaryImageOfPage\":{\"@id\":\"https:\/\/www.sellerlogic.com\/hu\/resources\/success-story-rewu-eu\/#primaryimage\"},\"image\":{\"@id\":\"https:\/\/www.sellerlogic.com\/hu\/resources\/success-story-rewu-eu\/#primaryimage\"},\"thumbnailUrl\":\"https:\/\/d2bw95mh2ee04s.cloudfront.net\/prod\/content\/wp-content\/uploads\/2020\/12\/23142724\/header-success-story-rewu.jpg\",\"datePublished\":\"2020-12-17T16:17:58+00:00\",\"description\":\"Az Buy Box megnyer\u00e9se kulcsfontoss\u00e1g\u00fa az Amazonon. N\u00e9zze meg most, hogyan k\u00fczd meg ezzel az akad\u00e1llyal a ReWu.eu az SELLERLOGIC Repricer-vel!\",\"breadcrumb\":{\"@id\":\"https:\/\/www.sellerlogic.com\/hu\/resources\/success-story-rewu-eu\/#breadcrumb\"},\"inLanguage\":\"hu-HU\",\"potentialAction\":[{\"@type\":\"ReadAction\",\"target\":[\"https:\/\/www.sellerlogic.com\/hu\/resources\/success-story-rewu-eu\/\"]}]},{\"@type\":\"ImageObject\",\"inLanguage\":\"hu-HU\",\"@id\":\"https:\/\/www.sellerlogic.com\/hu\/resources\/success-story-rewu-eu\/#primaryimage\",\"url\":\"https:\/\/d2bw95mh2ee04s.cloudfront.net\/prod\/content\/wp-content\/uploads\/2020\/12\/23142724\/header-success-story-rewu.jpg\",\"contentUrl\":\"https:\/\/d2bw95mh2ee04s.cloudfront.net\/prod\/content\/wp-content\/uploads\/2020\/12\/23142724\/header-success-story-rewu.jpg\",\"width\":2500,\"height\":1667,\"caption\":\"Amazon seller software for professionals: SELLERLOGIC Repricer\"},{\"@type\":\"BreadcrumbList\",\"@id\":\"https:\/\/www.sellerlogic.com\/hu\/resources\/success-story-rewu-eu\/#breadcrumb\",\"itemListElement\":[{\"@type\":\"ListItem\",\"position\":1,\"name\":\"Home\",\"item\":\"https:\/\/www.sellerlogic.com\/hu\/\"},{\"@type\":\"ListItem\",\"position\":2,\"name\":\"Ressourcen EN\",\"item\":\"https:\/\/www.sellerlogic.com\/hu\/resources\/\"},{\"@type\":\"ListItem\",\"position\":3,\"name\":\"Siker T\u00f6rt\u00e9net: ReWu EN\"}]},{\"@type\":\"WebSite\",\"@id\":\"https:\/\/www.sellerlogic.com\/hu\/#website\",\"url\":\"https:\/\/www.sellerlogic.com\/hu\/\",\"name\":\"SELLERLOGIC - Smarte Tools f\u00fcr Amazon-Seller\",\"description\":\"Intelligente Prozessoptimierung und Gewinnmaximierung\",\"publisher\":{\"@id\":\"https:\/\/www.sellerlogic.com\/hu\/#organization\"},\"potentialAction\":[{\"@type\":\"SearchAction\",\"target\":{\"@type\":\"EntryPoint\",\"urlTemplate\":\"https:\/\/www.sellerlogic.com\/hu\/?s={search_term_string}\"},\"query-input\":{\"@type\":\"PropertyValueSpecification\",\"valueRequired\":true,\"valueName\":\"search_term_string\"}}],\"inLanguage\":\"hu-HU\"},{\"@type\":\"Organization\",\"@id\":\"https:\/\/www.sellerlogic.com\/hu\/#organization\",\"name\":\"SELLERLOGIC\",\"url\":\"https:\/\/www.sellerlogic.com\/hu\/\",\"logo\":{\"@type\":\"ImageObject\",\"inLanguage\":\"hu-HU\",\"@id\":\"https:\/\/www.sellerlogic.com\/hu\/#\/schema\/logo\/image\/\",\"url\":\"https:\/\/d2bw95mh2ee04s.cloudfront.net\/prod\/content\/wp-content\/uploads\/2025\/01\/02134814\/Property-Logo-Main.svg\",\"contentUrl\":\"https:\/\/d2bw95mh2ee04s.cloudfront.net\/prod\/content\/wp-content\/uploads\/2025\/01\/02134814\/Property-Logo-Main.svg\",\"width\":184,\"height\":40,\"caption\":\"SELLERLOGIC\"},\"image\":{\"@id\":\"https:\/\/www.sellerlogic.com\/hu\/#\/schema\/logo\/image\/\"},\"sameAs\":[\"https:\/\/www.facebook.com\/SellerLogic\/\",\"https:\/\/x.com\/sellerlogic\",\"https:\/\/www.instagram.com\/sellerlogic\/\",\"https:\/\/www.linkedin.com\/company\/18402037\/\",\"https:\/\/www.youtube.com\/channel\/UC-gULUur-fNj08sprantKsQ\"]}]}<\/script>\n<!-- \/ Yoast SEO plugin. -->","yoast_head_json":{"title":"Hogyan nyer a ReWu.eu az Amazon Buy Box-ben | SELLERLOGIC","description":"Az Buy Box megnyer\u00e9se kulcsfontoss\u00e1g\u00fa az Amazonon. N\u00e9zze meg most, hogyan k\u00fczd meg ezzel az akad\u00e1llyal a ReWu.eu az SELLERLOGIC Repricer-vel!","robots":{"index":"index","follow":"follow","max-snippet":"max-snippet:-1","max-image-preview":"max-image-preview:large","max-video-preview":"max-video-preview:-1"},"canonical":"https:\/\/www.sellerlogic.com\/hu\/resources\/success-story-rewu-eu\/","og_locale":"hu_HU","og_type":"article","og_title":"Hogyan nyer a ReWu.eu az Amazon Buy Box-ben | SELLERLOGIC","og_description":"Az Buy Box megnyer\u00e9se kulcsfontoss\u00e1g\u00fa az Amazonon. N\u00e9zze meg most, hogyan k\u00fczd meg ezzel az akad\u00e1llyal a ReWu.eu az SELLERLOGIC Repricer-vel!","og_url":"https:\/\/www.sellerlogic.com\/hu\/resources\/success-story-rewu-eu\/","og_site_name":"SELLERLOGIC - Smarte Tools f\u00fcr Amazon-Seller","article_publisher":"https:\/\/www.facebook.com\/SellerLogic\/","og_image":[{"width":2500,"height":1667,"url":"https:\/\/d2bw95mh2ee04s.cloudfront.net\/prod\/content\/wp-content\/uploads\/2020\/12\/23142724\/header-success-story-rewu.jpg","type":"image\/jpeg"}],"twitter_card":"summary_large_image","twitter_site":"@sellerlogic","twitter_misc":{"Est. reading time":"3 minutes"},"schema":{"@context":"https:\/\/schema.org","@graph":[{"@type":"WebPage","@id":"https:\/\/www.sellerlogic.com\/hu\/resources\/success-story-rewu-eu\/","url":"https:\/\/www.sellerlogic.com\/hu\/resources\/success-story-rewu-eu\/","name":"Hogyan nyer a ReWu.eu az Amazon Buy Box-ben | SELLERLOGIC","isPartOf":{"@id":"https:\/\/www.sellerlogic.com\/hu\/#website"},"primaryImageOfPage":{"@id":"https:\/\/www.sellerlogic.com\/hu\/resources\/success-story-rewu-eu\/#primaryimage"},"image":{"@id":"https:\/\/www.sellerlogic.com\/hu\/resources\/success-story-rewu-eu\/#primaryimage"},"thumbnailUrl":"https:\/\/d2bw95mh2ee04s.cloudfront.net\/prod\/content\/wp-content\/uploads\/2020\/12\/23142724\/header-success-story-rewu.jpg","datePublished":"2020-12-17T16:17:58+00:00","description":"Az Buy Box megnyer\u00e9se kulcsfontoss\u00e1g\u00fa az Amazonon. N\u00e9zze meg most, hogyan k\u00fczd meg ezzel az akad\u00e1llyal a ReWu.eu az SELLERLOGIC Repricer-vel!","breadcrumb":{"@id":"https:\/\/www.sellerlogic.com\/hu\/resources\/success-story-rewu-eu\/#breadcrumb"},"inLanguage":"hu-HU","potentialAction":[{"@type":"ReadAction","target":["https:\/\/www.sellerlogic.com\/hu\/resources\/success-story-rewu-eu\/"]}]},{"@type":"ImageObject","inLanguage":"hu-HU","@id":"https:\/\/www.sellerlogic.com\/hu\/resources\/success-story-rewu-eu\/#primaryimage","url":"https:\/\/d2bw95mh2ee04s.cloudfront.net\/prod\/content\/wp-content\/uploads\/2020\/12\/23142724\/header-success-story-rewu.jpg","contentUrl":"https:\/\/d2bw95mh2ee04s.cloudfront.net\/prod\/content\/wp-content\/uploads\/2020\/12\/23142724\/header-success-story-rewu.jpg","width":2500,"height":1667,"caption":"Amazon seller software for professionals: SELLERLOGIC Repricer"},{"@type":"BreadcrumbList","@id":"https:\/\/www.sellerlogic.com\/hu\/resources\/success-story-rewu-eu\/#breadcrumb","itemListElement":[{"@type":"ListItem","position":1,"name":"Home","item":"https:\/\/www.sellerlogic.com\/hu\/"},{"@type":"ListItem","position":2,"name":"Ressourcen EN","item":"https:\/\/www.sellerlogic.com\/hu\/resources\/"},{"@type":"ListItem","position":3,"name":"Siker T\u00f6rt\u00e9net: ReWu EN"}]},{"@type":"WebSite","@id":"https:\/\/www.sellerlogic.com\/hu\/#website","url":"https:\/\/www.sellerlogic.com\/hu\/","name":"SELLERLOGIC - Smarte Tools f\u00fcr Amazon-Seller","description":"Intelligente Prozessoptimierung und Gewinnmaximierung","publisher":{"@id":"https:\/\/www.sellerlogic.com\/hu\/#organization"},"potentialAction":[{"@type":"SearchAction","target":{"@type":"EntryPoint","urlTemplate":"https:\/\/www.sellerlogic.com\/hu\/?s={search_term_string}"},"query-input":{"@type":"PropertyValueSpecification","valueRequired":true,"valueName":"search_term_string"}}],"inLanguage":"hu-HU"},{"@type":"Organization","@id":"https:\/\/www.sellerlogic.com\/hu\/#organization","name":"SELLERLOGIC","url":"https:\/\/www.sellerlogic.com\/hu\/","logo":{"@type":"ImageObject","inLanguage":"hu-HU","@id":"https:\/\/www.sellerlogic.com\/hu\/#\/schema\/logo\/image\/","url":"https:\/\/d2bw95mh2ee04s.cloudfront.net\/prod\/content\/wp-content\/uploads\/2025\/01\/02134814\/Property-Logo-Main.svg","contentUrl":"https:\/\/d2bw95mh2ee04s.cloudfront.net\/prod\/content\/wp-content\/uploads\/2025\/01\/02134814\/Property-Logo-Main.svg","width":184,"height":40,"caption":"SELLERLOGIC"},"image":{"@id":"https:\/\/www.sellerlogic.com\/hu\/#\/schema\/logo\/image\/"},"sameAs":["https:\/\/www.facebook.com\/SellerLogic\/","https:\/\/x.com\/sellerlogic","https:\/\/www.instagram.com\/sellerlogic\/","https:\/\/www.linkedin.com\/company\/18402037\/","https:\/\/www.youtube.com\/channel\/UC-gULUur-fNj08sprantKsQ"]}]}},"_links":{"self":[{"href":"https:\/\/www.sellerlogic.com\/hu\/wp-json\/wp\/v2\/pages\/225225","targetHints":{"allow":["GET"]}}],"collection":[{"href":"https:\/\/www.sellerlogic.com\/hu\/wp-json\/wp\/v2\/pages"}],"about":[{"href":"https:\/\/www.sellerlogic.com\/hu\/wp-json\/wp\/v2\/types\/page"}],"author":[{"embeddable":true,"href":"https:\/\/www.sellerlogic.com\/hu\/wp-json\/wp\/v2\/users\/3"}],"replies":[{"embeddable":true,"href":"https:\/\/www.sellerlogic.com\/hu\/wp-json\/wp\/v2\/comments?post=225225"}],"version-history":[{"count":0,"href":"https:\/\/www.sellerlogic.com\/hu\/wp-json\/wp\/v2\/pages\/225225\/revisions"}],"up":[{"embeddable":true,"href":"https:\/\/www.sellerlogic.com\/hu\/wp-json\/wp\/v2\/pages\/225390"}],"wp:featuredmedia":[{"embeddable":true,"href":"https:\/\/www.sellerlogic.com\/hu\/wp-json\/wp\/v2\/media\/4796"}],"wp:attachment":[{"href":"https:\/\/www.sellerlogic.com\/hu\/wp-json\/wp\/v2\/media?parent=225225"}],"curies":[{"name":"wp","href":"https:\/\/api.w.org\/{rel}","templated":true}]}}