
{"id":225252,"date":"2020-12-21T10:32:03","date_gmt":"2020-12-21T10:32:03","guid":{"rendered":"https:\/\/127.0.0.1\/resources\/success-story-univers-cake\/"},"modified":"2020-12-21T10:32:03","modified_gmt":"2020-12-21T10:32:03","slug":"success-story-univers-cake","status":"publish","type":"page","link":"https:\/\/www.sellerlogic.com\/hu\/resources\/success-story-univers-cake\/","title":{"rendered":"Siker T\u00f6rt\u00e9net: Univers Cake EN"},"content":{"rendered":"\n\t<div  class=\"theme-wp-block theme-block-main-header is-style-full-height desktop-align-full xl-align-full lg-align-full md-align-full sm-align-full desktop-content-align-y-center desktop-content-align-x-center xl-content-align-y-center xl-content-align-x-center lg-content-align-y-center lg-content-align-x-center md-content-align-y-center md-content-align-x-center sm-content-align-y-center sm-content-align-x-center gb-responsive-131969-identifier theme-block-cover\">\n\t\t<div class=\"bg-cover theme-lazy-load-bg\"><\/div>\n\t\t<div class=\"wrap-content-main-header\">\n\t\t\t\t\t<div  class=\"theme-wp-block theme-block-text-and-text desktop-blockDirection-row xl-blockDirection-row lg-blockDirection-row md-blockDirection-row sm-blockDirection-row gb-responsive-2306-identifier desktop-vertical-top xl-vertical-top lg-vertical-top md-vertical-top sm-vertical-top desktop-align-wide xl-align-wide lg-align-wide md-align-wide sm-align-wide\">\n\t\t<div class=\"tat-column-wrap-wrapper\">\n\t\t\t<div class=\"tat-column-wrapper\">\n\t\t\t\t\t<div  class=\"theme-wp-block theme-block-text-and-text-column gb-responsive-708373-identifier desktop-horizontal-center xl-horizontal-center lg-horizontal-center md-horizontal-center sm-horizontal-center\">\n\t\t<div class=\"inner-wrap-column-content\">\n\t\t\t<div class=\"inner-column-content\">\n\t\t\t\t\t\t<h1  class=\"theme-wp-block theme-block-heading is-style-default desktop-text-center xl-text-center lg-text-center md-text-center sm-text-center gb-responsive-813454-identifier desktop-align-wide xl-align-wide lg-align-wide md-align-wide sm-align-wide alignwide h1 has-text-align\">\n\t\t&#8220;Az Repricer-t a Lost &amp; Found k\u00e1rtalan\u00edt\u00e1sainkkal fizetj\u00fck!&#8221;\t<\/h1>\n\n\t\t\t<\/div>\n\t\t<\/div>\n\t<\/div>\n\t<div  class=\"theme-wp-block theme-block-text-and-text-column gb-responsive-976923-identifier\">\n\t\t<div class=\"inner-wrap-column-content\">\n\t\t\t<div class=\"inner-column-content\">\n\t\t\t\t\t\t\t<\/div>\n\t\t<\/div>\n\t<\/div>\n\t\t\t<\/div>\n\t\t<\/div>\n\t<\/div>\n\n\t\t<\/div>\n\t<\/div>\n\n<div style=\"height:50px\" aria-hidden=\"true\" class=\"theme-wp-block wp-block-spacer\"><\/div><div class=\"theme-wp-block wp-block-columns gb-responsive-990644-identifier is-layout-flex wp-container-core-columns-is-layout-9d6595d7 wp-block-columns-is-layout-flex\"><div class=\"theme-wp-block wp-block-column gb-responsive-865237-identifier is-layout-flow wp-block-column-is-layout-flow\" style=\"flex-basis:25%\"><figure class=\"theme-wp-block wp-block-image size-large is-resized gb-responsive-62921-identifier\"><img decoding=\"async\" src=\"https:\/\/d2bw95mh2ee04s.cloudfront.net\/prod\/content\/wp-content\/uploads\/2020\/12\/23142710\/logo_univers-cake-neu.png\" alt=\"Siker T\u00f6rt\u00e9net: Univers Cake EN\" class=\"wp-image-5630\" width=\"301\" height=\"54\" srcset=\"https:\/\/d2bw95mh2ee04s.cloudfront.net\/prod\/content\/wp-content\/uploads\/2020\/12\/23142710\/logo_univers-cake-neu-407x72.png 407w, https:\/\/d2bw95mh2ee04s.cloudfront.net\/prod\/content\/wp-content\/uploads\/2020\/12\/23142710\/logo_univers-cake-neu.png 576w\" sizes=\"(max-width: 301px) 100vw, 301px\" \/><\/figure><p class=\"theme-wp-block gb-responsive-904737-identifier\"><strong>Alap\u00edtva:<\/strong><br>2016<\/p><p class=\"theme-wp-block gb-responsive-263844-identifier\"><strong>\u00c1gazat:<\/strong><br>P\u00e9ks\u00e9g \u00e9s cukr\u00e1szat<\/p><p class=\"theme-wp-block gb-responsive-644265-identifier\"><strong>Amazonon el\u00e9rhet\u0151 term\u00e9kek:<\/strong><br>kb. 3,000 SKU<\/p><p class=\"theme-wp-block gb-responsive-788481-identifier\"><strong>Sz\u00e1ll\u00edtm\u00e1nyok:\u00a0<\/strong><br>kb. 850 \/ h\u00f3nap<\/p><\/div><div class=\"theme-wp-block wp-block-column gb-responsive-41122-identifier is-layout-flow wp-block-column-is-layout-flow\" style=\"flex-basis:50%\"><h3 class=\"theme-wp-block wp-block-heading gb-responsive-34353-identifier\" id=\"block-c06fce04-ef87-4ffc-a3d6-b768ba377d17\">H\u00e1tt\u00e9r:<\/h3><p class=\"theme-wp-block gb-responsive-772271-identifier\">A UP\u2018NBOOST web\u00fcgyn\u00f6ks\u00e9g sikeresen bel\u00e9pett a p\u00e9ks\u00e9g \u00e9s cukr\u00e1szat piac\u00e1ra saj\u00e1t &#8220;Univers Cake&#8221; m\u00e1rk\u00e1j\u00e1val. A UP\u2018NBOOST eredetileg egy \u00fcgyf\u00e9l sz\u00e1m\u00e1ra tervezte az Univers Cake koncepci\u00f3t, aki v\u00e9g\u00fcl nem tudta megval\u00f3s\u00edtani az \u00f6tletet az id\u0151hi\u00e1ny miatt. Az \u00fcgyn\u00f6ks\u00e9g, amely er\u0151sen hitt a l\u00e9trehozott koncepci\u00f3ban, \u00fagy d\u00f6nt\u00f6tt, hogy saj\u00e1t maguk val\u00f3s\u00edtj\u00e1k meg az Univers Cake-t. Hamarosan vil\u00e1goss\u00e1 v\u00e1lt, hogy a m\u00e1rk\u00e1nak rengeteg potenci\u00e1lja van &#8211; k\u00fcl\u00f6n\u00f6sen az Amazonon. Az elad\u00e1sok gyorsan n\u00f6vekedni kezdtek az online piact\u00e9ren.<\/p><h3 class=\"theme-wp-block wp-block-heading gb-responsive-530046-identifier\">Hogyan kezd\u0151d\u00f6tt az eg\u00e9sz:<\/h3><p class=\"theme-wp-block gb-responsive-266688-identifier\">Jean-Bernard Freymann, a UP\u2018NBOOST t\u00e1rsigazgat\u00f3ja sz\u00e1m\u00e1ra m\u00e1r a kezdetekt\u0151l vil\u00e1gos volt, hogy a legnagyobb kih\u00edv\u00e1s az lesz, hogy a lehet\u0151 legt\u00f6bb id\u0151t megsp\u00f3rolj\u00e1k. K\u00fcl\u00f6n\u00f6sen, amikor t\u00f6bb mint 1,500 term\u00e9ket \u00e1rulnak egy rendk\u00edv\u00fcl versenyk\u00e9pes k\u00f6rnyezetben m\u00e1rka n\u00e9lk\u00fcl. &#8220;Meg kellett tartanunk a haszonkulcsainkat a k\u00f6r\u00fclm\u00e9nyek ellen\u00e9re,\u201c mondja Freymann. &#8220;Sok versenyt\u00e1rsunk van az Amazonon, akik pontosan ugyanazt a term\u00e9ket \u00e1rulj\u00e1k. Ez\u00e9rt a f\u0151 t\u00e9nyez\u0151 az \u00e1r. Ilyen helyzetben szinte lehetetlen manu\u00e1lisan figyelemmel k\u00eds\u00e9rni a versenyt.\u201c<\/p><p class=\"theme-wp-block gb-responsive-243429-identifier\">Ezekben a k\u00f6r\u00fclm\u00e9nyek k\u00f6z\u00f6tt a k\u00f6vetkez\u0151 logikus l\u00e9p\u00e9s az volt, hogy ne csak az Amazon \u00e1ltal v\u00e9gzett teljes\u00edt\u00e9st (FBA) haszn\u00e1lj\u00e1k, hanem egy \u00e1raz\u00f3 eszk\u00f6zt is, hogy versenyk\u00e9pesek maradjanak \u00e9s a Buy Box r\u00e9szesed\u00e9st magas szinten tarts\u00e1k. Miel\u0151tt a UP\u2018NBOOST felfedezte volna a SELLERLOGIC-t, az \u00fcgyn\u00f6ks\u00e9g m\u00e1r haszn\u00e1lt m\u00e1s \u00e1raz\u00f3 eszk\u00f6z\u00f6ket, amelyek azonban technikailag vagy gazdas\u00e1gilag nem tudt\u00e1k meggy\u0151zni \u0151ket.<\/p><h3 class=\"theme-wp-block wp-block-heading gb-responsive-749842-identifier\">Megold\u00e1s:<\/h3><p class=\"theme-wp-block gb-responsive-190699-identifier\">\u201cEgy olyan szektorban, ahol a haszonkulcsok \u00e1ltal\u00e1ban alacsonyak, figyelembe vett\u00fck nemcsak a Repricer el\u0151nyeit, hanem a k\u00f6lts\u00e9geit is, mint a siker kulcs\u00e1t\u201c magyar\u00e1zza Freymann. \u201cMiut\u00e1n k\u00fcl\u00f6nb\u00f6z\u0151 megold\u00e1sokat megvizsg\u00e1ltunk, a SELLERLOGIC nemcsak az \u00e1r\u00e1val, hanem olyan k\u00fcl\u00f6nleges funkci\u00f3ival is meggy\u0151z\u00f6tt minket, mint p\u00e9ld\u00e1ul a k\u00fcl\u00f6nb\u00f6z\u0151 \u00e1rkorrekci\u00f3s strat\u00e9gi\u00e1k alkalmaz\u00e1s\u00e1nak lehet\u0151s\u00e9ge a specifikus term\u00e9kcsoportokra.\u201c<\/p><p class=\"theme-wp-block gb-responsive-680671-identifier\">A UP\u2018NBOOST a m\u00e1sodik SELLERLOGIC eszk\u00f6zt is megval\u00f3s\u00edtotta: a Lost &#038; Found mostant\u00f3l figyelemmel k\u00eds\u00e9ri az \u00f6sszes FBA folyamatot, \u00e9s megb\u00edzhat\u00f3an jelenti az Amazon logisztikai k\u00f6zpontjaiban tal\u00e1lt rendelleness\u00e9geket, lehet\u0151v\u00e9 t\u00e9ve a gyors \u00e9s egyszer\u0171 visszat\u00e9r\u00edt\u00e9si k\u00e9relmeket.<\/p><div class=\"theme-block-group-wrap\"><div class=\"theme-wp-block wp-block-group gb-responsive-88118-identifier\">\t\t<div  class=\"theme-wp-block theme-block-user-card gb-responsive-799176-identifier is-style-full-width-line\">\n\t\t<div class=\"wrap-inner-content\">\n\t\t\t<div class=\"card-user-head\">\n\t\t\t\t<div class=\"card-user-avatar\">\n\t\t\t\t\t<div class=\"cover-avatar\" style=\"background-image: url(https:\/\/d2bw95mh2ee04s.cloudfront.net\/prod\/content\/wp-content\/uploads\/2020\/12\/23142710\/portrait_univers-cake_raute.png);\"><\/div>\n\t\t\t\t<\/div>\n\t\t\t\t<div class=\"wrap-title\">\n\t\t\t\t\t<div class=\"card-user-name\">\n\t\t\t\t\t\t<div class=\"title\">\n\t\t\t\t\t\t\t<h3 class=\"heading-text\"><strong>Jean-Bernard Freymann<\/strong><\/h3>\n\t\t\t\t\t\t<\/div>\n\t\t\t\t\t\t<div class=\"card-user-position\">\n\t\t\t\t\t\t\t<div class=\"card-text\"><strong>T\u00e1rsigazgat\u00f3 UP&#8217;NBOOST<\/strong><\/div>\n\t\t\t\t\t\t<\/div>\n\t\t\t\t\t<\/div>\n\t\t\t\t\t<div class=\"card-user-quote-icon\">\n\t\t\t\t\t<\/div>\n\t\t\t\t<\/div>\n\t\t\t<\/div>\n\t\t\t<div class=\"card-user-text\">\n\t\t\t\t<div class=\"card-text\"><p>\u201cA m\u00e1sodik SELLERLOGIC eszk\u00f6znek k\u00f6sz\u00f6nhet\u0151 FBA visszat\u00e9r\u00edt\u00e9ssel finansz\u00edrozni tudjuk a Repricer-t!\u201c<\/p><\/div>\n\t\t\t<\/div>\n\t\t<\/div>\n\t<\/div>\n\n<\/div><\/div><h3 class=\"theme-wp-block wp-block-heading gb-responsive-260858-identifier\">Siker a SELLERLOGIC-val:<\/h3><p class=\"theme-wp-block gb-responsive-566423-identifier\">\u201cA be\u00e1ll\u00edt\u00e1s meglehet\u0151sen egyszer\u0171 volt: csak egy f\u00e1jlt kellett import\u00e1lnunk, amely tartalmazta az \u00f6sszes term\u00e9k\u00fcnket \u00e9s a megfelel\u0151 minimum \u00e9s maximum \u00e1rakat. Az import gyors \u00e9s egyszer\u0171 volt. N\u00e9h\u00e1ny \u00f3r\u00e1n bel\u00fcl az SELLERLOGIC Repricer m\u0171k\u00f6d\u00e9sbe l\u00e9pett,\u201c er\u0151s\u00edti meg Freymann. \u201cMindk\u00e9t eszk\u00f6z hatalmas mennyis\u00e9g\u0171 id\u0151t sp\u00f3rol meg nek\u00fcnk.\u201c<\/p><p class=\"theme-wp-block gb-responsive-468554-identifier desktop-gb-has-no-icon xl-gb-has-no-icon lg-gb-has-no-icon md-gb-has-no-icon sm-gb-has-no-icon\">Ezen k\u00edv\u00fcl a UP\u2018NBOOST k\u00e9pes volt cs\u00f6kkenteni a Repricer haszn\u00e1lat\u00e1nak k\u00f6lts\u00e9geit, \u00e9s egyidej\u0171leg n\u00f6velni a Univers Cake term\u00e9kek elad\u00e1s\u00e1t a megn\u00f6vekedett Buy Box r\u00e9szesed\u00e9sek \u00e9s a SELLERLOGIC Repricer k\u00fcl\u00f6nb\u00f6z\u0151 strat\u00e9gi\u00e1i r\u00e9v\u00e9n. \u201cDe a legjobb az, hogy a Lost &#038; Found lehet\u0151v\u00e9 teszi sz\u00e1munkra, hogy kompenz\u00e1ljuk az \u00e1raz\u00e1si k\u00f6lts\u00e9geket,\u201c mondja Freymann boldogan.<\/p><p class=\"theme-wp-block gb-responsive-469189-identifier\">\u201cEzen k\u00edv\u00fcl a SELLERLOGIC \u00fcgyf\u00e9lszolg\u00e1lati csapata kompetens \u00e9s gyorsan v\u00e1laszol a megkeres\u00e9sekre. Az egy\u00fcttm\u0171k\u00f6d\u00e9s egy j\u00f3l struktur\u00e1lt \u00e9s \u00fcgyf\u00e9lorient\u00e1lt n\u00e9met c\u00e9ggel nagyon megnyugtat\u00f3 sz\u00e1munkra,\u201c er\u0151s\u00edti meg Freymann.<\/p><div class=\"theme-wp-block wp-block-buttons gb-responsive-497426-identifier is-layout-flex wp-block-buttons-is-layout-flex\"><div class=\"theme-wp-block wp-block-button gb-responsive-38220-identifier is-style-theme-transparent-with-arrow\"><a class=\"wp-block-button__link wp-element-button\" href=\"https:\/\/d2bw95mh2ee04s.cloudfront.net\/prod\/content\/files\/SUCCESS-STORIES\/EN\/SELLERLOGIC_SN_Success-Story_Univers-Cake_EN.pdf\" target=\"_blank\" rel=\"noreferrer noopener nofollow\">T\u00f6ltse le most!<\/a><\/div><\/div><\/div><div class=\"theme-wp-block wp-block-column gb-responsive-472466-identifier is-layout-flow wp-block-column-is-layout-flow\" style=\"flex-basis:25%\"><\/div><\/div>","protected":false},"excerpt":{"rendered":"<p>Alap\u00edtva:2016 \u00c1gazat:P\u00e9ks\u00e9g \u00e9s cukr\u00e1szat Amazonon el\u00e9rhet\u0151 term\u00e9kek:kb. 3,000 SKU Sz\u00e1ll\u00edtm\u00e1nyok:\u00a0kb. 850 \/ h\u00f3nap H\u00e1tt\u00e9r: A UP\u2018NBOOST web\u00fcgyn\u00f6ks\u00e9g sikeresen bel\u00e9pett a p\u00e9ks\u00e9g \u00e9s cukr\u00e1szat piac\u00e1ra saj\u00e1t &#8220;Univers Cake&#8221; m\u00e1rk\u00e1j\u00e1val. A UP\u2018NBOOST eredetileg egy \u00fcgyf\u00e9l sz\u00e1m\u00e1ra tervezte az Univers Cake koncepci\u00f3t, aki v\u00e9g\u00fcl nem tudta megval\u00f3s\u00edtani az \u00f6tletet az id\u0151hi\u00e1ny miatt. Az \u00fcgyn\u00f6ks\u00e9g, amely er\u0151sen hitt a<\/p>\n","protected":false},"author":3,"featured_media":5625,"parent":225390,"menu_order":0,"comment_status":"closed","ping_status":"closed","template":"","meta":{"sidebar_recommended_resources":{"data":[]},"sidebar_header_settings":{"hide_buttons":{"register":false}},"_use_new_theme":false,"inline_featured_image":false,"footnotes":""},"class_list":["post-225252","page","type-page","status-publish","has-post-thumbnail","hentry"],"yoast_head":"<!-- This site is optimized with the Yoast SEO plugin v26.8 - https:\/\/yoast.com\/product\/yoast-seo-wordpress\/ -->\n<title>\u00cdgy m\u0171k\u00f6dik egy\u00fctt a Repricer \u00e9s a Lost &amp; Found! | SELLERLOGIC<\/title>\n<meta name=\"description\" content=\"A Lost &amp; Found-nek k\u00f6sz\u00f6nhet\u0151en a UP&#039;NBOOST az FBA visszat\u00e9r\u00edt\u00e9sekkel fizeti a Repricer-t. Egy k\u00fcl\u00f6nleges siker t\u00f6rt\u00e9net!\" \/>\n<meta name=\"robots\" content=\"index, follow, max-snippet:-1, max-image-preview:large, max-video-preview:-1\" \/>\n<link rel=\"canonical\" href=\"https:\/\/www.sellerlogic.com\/hu\/resources\/success-story-univers-cake\/\" \/>\n<meta property=\"og:locale\" content=\"hu_HU\" \/>\n<meta property=\"og:type\" content=\"article\" \/>\n<meta property=\"og:title\" content=\"\u00cdgy m\u0171k\u00f6dik egy\u00fctt a Repricer \u00e9s a Lost &amp; Found! | SELLERLOGIC\" \/>\n<meta property=\"og:description\" content=\"A Lost &amp; Found-nek k\u00f6sz\u00f6nhet\u0151en a UP&#039;NBOOST az FBA visszat\u00e9r\u00edt\u00e9sekkel fizeti a Repricer-t. Egy k\u00fcl\u00f6nleges siker t\u00f6rt\u00e9net!\" \/>\n<meta property=\"og:url\" content=\"https:\/\/www.sellerlogic.com\/hu\/resources\/success-story-univers-cake\/\" \/>\n<meta property=\"og:site_name\" content=\"SELLERLOGIC - Smarte Tools f\u00fcr Amazon-Seller\" \/>\n<meta property=\"article:publisher\" content=\"https:\/\/www.facebook.com\/SellerLogic\/\" \/>\n<meta property=\"og:image\" content=\"http:\/\/d2bw95mh2ee04s.cloudfront.net\/prod\/content\/wp-content\/uploads\/2020\/12\/23142710\/success-story-univers-cake-header-scaled.jpeg\" \/>\n\t<meta property=\"og:image:width\" content=\"2560\" \/>\n\t<meta property=\"og:image:height\" content=\"1107\" \/>\n\t<meta property=\"og:image:type\" content=\"image\/jpeg\" \/>\n<meta name=\"twitter:card\" content=\"summary_large_image\" \/>\n<meta name=\"twitter:site\" content=\"@sellerlogic\" \/>\n<meta name=\"twitter:label1\" content=\"Est. reading time\" \/>\n\t<meta name=\"twitter:data1\" content=\"3 minutes\" \/>\n<script type=\"application\/ld+json\" class=\"yoast-schema-graph\">{\"@context\":\"https:\/\/schema.org\",\"@graph\":[{\"@type\":\"WebPage\",\"@id\":\"https:\/\/www.sellerlogic.com\/hu\/resources\/success-story-univers-cake\/\",\"url\":\"https:\/\/www.sellerlogic.com\/hu\/resources\/success-story-univers-cake\/\",\"name\":\"\u00cdgy m\u0171k\u00f6dik egy\u00fctt a Repricer \u00e9s a Lost & Found! | SELLERLOGIC\",\"isPartOf\":{\"@id\":\"https:\/\/www.sellerlogic.com\/hu\/#website\"},\"primaryImageOfPage\":{\"@id\":\"https:\/\/www.sellerlogic.com\/hu\/resources\/success-story-univers-cake\/#primaryimage\"},\"image\":{\"@id\":\"https:\/\/www.sellerlogic.com\/hu\/resources\/success-story-univers-cake\/#primaryimage\"},\"thumbnailUrl\":\"https:\/\/d2bw95mh2ee04s.cloudfront.net\/prod\/content\/wp-content\/uploads\/2020\/12\/23142710\/success-story-univers-cake-header-scaled.jpeg\",\"datePublished\":\"2020-12-21T10:32:03+00:00\",\"description\":\"A Lost & Found-nek k\u00f6sz\u00f6nhet\u0151en a UP'NBOOST az FBA visszat\u00e9r\u00edt\u00e9sekkel fizeti a Repricer-t. Egy k\u00fcl\u00f6nleges siker t\u00f6rt\u00e9net!\",\"breadcrumb\":{\"@id\":\"https:\/\/www.sellerlogic.com\/hu\/resources\/success-story-univers-cake\/#breadcrumb\"},\"inLanguage\":\"hu-HU\",\"potentialAction\":[{\"@type\":\"ReadAction\",\"target\":[\"https:\/\/www.sellerlogic.com\/hu\/resources\/success-story-univers-cake\/\"]}]},{\"@type\":\"ImageObject\",\"inLanguage\":\"hu-HU\",\"@id\":\"https:\/\/www.sellerlogic.com\/hu\/resources\/success-story-univers-cake\/#primaryimage\",\"url\":\"https:\/\/d2bw95mh2ee04s.cloudfront.net\/prod\/content\/wp-content\/uploads\/2020\/12\/23142710\/success-story-univers-cake-header-scaled.jpeg\",\"contentUrl\":\"https:\/\/d2bw95mh2ee04s.cloudfront.net\/prod\/content\/wp-content\/uploads\/2020\/12\/23142710\/success-story-univers-cake-header-scaled.jpeg\",\"width\":2560,\"height\":1107,\"caption\":\"Valentine day baking background. Ingredients for cooking Valentine's heart cookies. Flour, eggs, sugar, spices on wooden background with red flower roses. Top view copy space.\"},{\"@type\":\"BreadcrumbList\",\"@id\":\"https:\/\/www.sellerlogic.com\/hu\/resources\/success-story-univers-cake\/#breadcrumb\",\"itemListElement\":[{\"@type\":\"ListItem\",\"position\":1,\"name\":\"Home\",\"item\":\"https:\/\/www.sellerlogic.com\/hu\/\"},{\"@type\":\"ListItem\",\"position\":2,\"name\":\"Ressourcen EN\",\"item\":\"https:\/\/www.sellerlogic.com\/hu\/ressourcen\/\"},{\"@type\":\"ListItem\",\"position\":3,\"name\":\"Siker T\u00f6rt\u00e9net: Univers Cake EN\"}]},{\"@type\":\"WebSite\",\"@id\":\"https:\/\/www.sellerlogic.com\/hu\/#website\",\"url\":\"https:\/\/www.sellerlogic.com\/hu\/\",\"name\":\"SELLERLOGIC - Smarte Tools f\u00fcr Amazon-Seller\",\"description\":\"Intelligente Prozessoptimierung und Gewinnmaximierung\",\"publisher\":{\"@id\":\"https:\/\/www.sellerlogic.com\/hu\/#organization\"},\"potentialAction\":[{\"@type\":\"SearchAction\",\"target\":{\"@type\":\"EntryPoint\",\"urlTemplate\":\"https:\/\/www.sellerlogic.com\/hu\/?s={search_term_string}\"},\"query-input\":{\"@type\":\"PropertyValueSpecification\",\"valueRequired\":true,\"valueName\":\"search_term_string\"}}],\"inLanguage\":\"hu-HU\"},{\"@type\":\"Organization\",\"@id\":\"https:\/\/www.sellerlogic.com\/hu\/#organization\",\"name\":\"SELLERLOGIC\",\"url\":\"https:\/\/www.sellerlogic.com\/hu\/\",\"logo\":{\"@type\":\"ImageObject\",\"inLanguage\":\"hu-HU\",\"@id\":\"https:\/\/www.sellerlogic.com\/hu\/#\/schema\/logo\/image\/\",\"url\":\"https:\/\/d2bw95mh2ee04s.cloudfront.net\/prod\/content\/wp-content\/uploads\/2025\/01\/02134814\/Property-Logo-Main.svg\",\"contentUrl\":\"https:\/\/d2bw95mh2ee04s.cloudfront.net\/prod\/content\/wp-content\/uploads\/2025\/01\/02134814\/Property-Logo-Main.svg\",\"width\":184,\"height\":40,\"caption\":\"SELLERLOGIC\"},\"image\":{\"@id\":\"https:\/\/www.sellerlogic.com\/hu\/#\/schema\/logo\/image\/\"},\"sameAs\":[\"https:\/\/www.facebook.com\/SellerLogic\/\",\"https:\/\/x.com\/sellerlogic\",\"https:\/\/www.instagram.com\/sellerlogic\/\",\"https:\/\/www.linkedin.com\/company\/18402037\/\",\"https:\/\/www.youtube.com\/channel\/UC-gULUur-fNj08sprantKsQ\"]}]}<\/script>\n<!-- \/ Yoast SEO plugin. -->","yoast_head_json":{"title":"\u00cdgy m\u0171k\u00f6dik egy\u00fctt a Repricer \u00e9s a Lost & Found! | SELLERLOGIC","description":"A Lost & Found-nek k\u00f6sz\u00f6nhet\u0151en a UP'NBOOST az FBA visszat\u00e9r\u00edt\u00e9sekkel fizeti a Repricer-t. Egy k\u00fcl\u00f6nleges siker t\u00f6rt\u00e9net!","robots":{"index":"index","follow":"follow","max-snippet":"max-snippet:-1","max-image-preview":"max-image-preview:large","max-video-preview":"max-video-preview:-1"},"canonical":"https:\/\/www.sellerlogic.com\/hu\/resources\/success-story-univers-cake\/","og_locale":"hu_HU","og_type":"article","og_title":"\u00cdgy m\u0171k\u00f6dik egy\u00fctt a Repricer \u00e9s a Lost & Found! | SELLERLOGIC","og_description":"A Lost & Found-nek k\u00f6sz\u00f6nhet\u0151en a UP'NBOOST az FBA visszat\u00e9r\u00edt\u00e9sekkel fizeti a Repricer-t. Egy k\u00fcl\u00f6nleges siker t\u00f6rt\u00e9net!","og_url":"https:\/\/www.sellerlogic.com\/hu\/resources\/success-story-univers-cake\/","og_site_name":"SELLERLOGIC - Smarte Tools f\u00fcr Amazon-Seller","article_publisher":"https:\/\/www.facebook.com\/SellerLogic\/","og_image":[{"width":2560,"height":1107,"url":"http:\/\/d2bw95mh2ee04s.cloudfront.net\/prod\/content\/wp-content\/uploads\/2020\/12\/23142710\/success-story-univers-cake-header-scaled.jpeg","type":"image\/jpeg"}],"twitter_card":"summary_large_image","twitter_site":"@sellerlogic","twitter_misc":{"Est. reading time":"3 minutes"},"schema":{"@context":"https:\/\/schema.org","@graph":[{"@type":"WebPage","@id":"https:\/\/www.sellerlogic.com\/hu\/resources\/success-story-univers-cake\/","url":"https:\/\/www.sellerlogic.com\/hu\/resources\/success-story-univers-cake\/","name":"\u00cdgy m\u0171k\u00f6dik egy\u00fctt a Repricer \u00e9s a Lost & Found! | SELLERLOGIC","isPartOf":{"@id":"https:\/\/www.sellerlogic.com\/hu\/#website"},"primaryImageOfPage":{"@id":"https:\/\/www.sellerlogic.com\/hu\/resources\/success-story-univers-cake\/#primaryimage"},"image":{"@id":"https:\/\/www.sellerlogic.com\/hu\/resources\/success-story-univers-cake\/#primaryimage"},"thumbnailUrl":"https:\/\/d2bw95mh2ee04s.cloudfront.net\/prod\/content\/wp-content\/uploads\/2020\/12\/23142710\/success-story-univers-cake-header-scaled.jpeg","datePublished":"2020-12-21T10:32:03+00:00","description":"A Lost & Found-nek k\u00f6sz\u00f6nhet\u0151en a UP'NBOOST az FBA visszat\u00e9r\u00edt\u00e9sekkel fizeti a Repricer-t. Egy k\u00fcl\u00f6nleges siker t\u00f6rt\u00e9net!","breadcrumb":{"@id":"https:\/\/www.sellerlogic.com\/hu\/resources\/success-story-univers-cake\/#breadcrumb"},"inLanguage":"hu-HU","potentialAction":[{"@type":"ReadAction","target":["https:\/\/www.sellerlogic.com\/hu\/resources\/success-story-univers-cake\/"]}]},{"@type":"ImageObject","inLanguage":"hu-HU","@id":"https:\/\/www.sellerlogic.com\/hu\/resources\/success-story-univers-cake\/#primaryimage","url":"https:\/\/d2bw95mh2ee04s.cloudfront.net\/prod\/content\/wp-content\/uploads\/2020\/12\/23142710\/success-story-univers-cake-header-scaled.jpeg","contentUrl":"https:\/\/d2bw95mh2ee04s.cloudfront.net\/prod\/content\/wp-content\/uploads\/2020\/12\/23142710\/success-story-univers-cake-header-scaled.jpeg","width":2560,"height":1107,"caption":"Valentine day baking background. Ingredients for cooking Valentine's heart cookies. Flour, eggs, sugar, spices on wooden background with red flower roses. Top view copy space."},{"@type":"BreadcrumbList","@id":"https:\/\/www.sellerlogic.com\/hu\/resources\/success-story-univers-cake\/#breadcrumb","itemListElement":[{"@type":"ListItem","position":1,"name":"Home","item":"https:\/\/www.sellerlogic.com\/hu\/"},{"@type":"ListItem","position":2,"name":"Ressourcen EN","item":"https:\/\/www.sellerlogic.com\/hu\/ressourcen\/"},{"@type":"ListItem","position":3,"name":"Siker T\u00f6rt\u00e9net: Univers Cake EN"}]},{"@type":"WebSite","@id":"https:\/\/www.sellerlogic.com\/hu\/#website","url":"https:\/\/www.sellerlogic.com\/hu\/","name":"SELLERLOGIC - Smarte Tools f\u00fcr Amazon-Seller","description":"Intelligente Prozessoptimierung und Gewinnmaximierung","publisher":{"@id":"https:\/\/www.sellerlogic.com\/hu\/#organization"},"potentialAction":[{"@type":"SearchAction","target":{"@type":"EntryPoint","urlTemplate":"https:\/\/www.sellerlogic.com\/hu\/?s={search_term_string}"},"query-input":{"@type":"PropertyValueSpecification","valueRequired":true,"valueName":"search_term_string"}}],"inLanguage":"hu-HU"},{"@type":"Organization","@id":"https:\/\/www.sellerlogic.com\/hu\/#organization","name":"SELLERLOGIC","url":"https:\/\/www.sellerlogic.com\/hu\/","logo":{"@type":"ImageObject","inLanguage":"hu-HU","@id":"https:\/\/www.sellerlogic.com\/hu\/#\/schema\/logo\/image\/","url":"https:\/\/d2bw95mh2ee04s.cloudfront.net\/prod\/content\/wp-content\/uploads\/2025\/01\/02134814\/Property-Logo-Main.svg","contentUrl":"https:\/\/d2bw95mh2ee04s.cloudfront.net\/prod\/content\/wp-content\/uploads\/2025\/01\/02134814\/Property-Logo-Main.svg","width":184,"height":40,"caption":"SELLERLOGIC"},"image":{"@id":"https:\/\/www.sellerlogic.com\/hu\/#\/schema\/logo\/image\/"},"sameAs":["https:\/\/www.facebook.com\/SellerLogic\/","https:\/\/x.com\/sellerlogic","https:\/\/www.instagram.com\/sellerlogic\/","https:\/\/www.linkedin.com\/company\/18402037\/","https:\/\/www.youtube.com\/channel\/UC-gULUur-fNj08sprantKsQ"]}]}},"_links":{"self":[{"href":"https:\/\/www.sellerlogic.com\/hu\/wp-json\/wp\/v2\/pages\/225252","targetHints":{"allow":["GET"]}}],"collection":[{"href":"https:\/\/www.sellerlogic.com\/hu\/wp-json\/wp\/v2\/pages"}],"about":[{"href":"https:\/\/www.sellerlogic.com\/hu\/wp-json\/wp\/v2\/types\/page"}],"author":[{"embeddable":true,"href":"https:\/\/www.sellerlogic.com\/hu\/wp-json\/wp\/v2\/users\/3"}],"replies":[{"embeddable":true,"href":"https:\/\/www.sellerlogic.com\/hu\/wp-json\/wp\/v2\/comments?post=225252"}],"version-history":[{"count":0,"href":"https:\/\/www.sellerlogic.com\/hu\/wp-json\/wp\/v2\/pages\/225252\/revisions"}],"up":[{"embeddable":true,"href":"https:\/\/www.sellerlogic.com\/hu\/wp-json\/wp\/v2\/pages\/225390"}],"wp:featuredmedia":[{"embeddable":true,"href":"https:\/\/www.sellerlogic.com\/hu\/wp-json\/wp\/v2\/media\/5625"}],"wp:attachment":[{"href":"https:\/\/www.sellerlogic.com\/hu\/wp-json\/wp\/v2\/media?parent=225252"}],"curies":[{"name":"wp","href":"https:\/\/api.w.org\/{rel}","templated":true}]}}