
{"id":225264,"date":"2021-03-02T08:05:46","date_gmt":"2021-03-02T08:05:46","guid":{"rendered":"https:\/\/127.0.0.1\/resources\/success-story-groupe-dragon\/"},"modified":"2021-03-02T08:05:46","modified_gmt":"2021-03-02T08:05:46","slug":"success-story-groupe-dragon","status":"publish","type":"page","link":"https:\/\/www.sellerlogic.com\/hu\/resources\/success-story-groupe-dragon\/","title":{"rendered":"Siker\u00fclt T\u00f6rt\u00e9net: Groupe Dragon EN"},"content":{"rendered":"\n\t<div  class=\"theme-wp-block theme-block-main-header desktop-content-align-y-center desktop-content-align-x-center xl-content-align-y-center xl-content-align-x-center lg-content-align-y-center lg-content-align-x-center md-content-align-y-center md-content-align-x-center sm-content-align-y-center sm-content-align-x-center gb-responsive-853195-identifier desktop-align-full xl-align-full lg-align-full md-align-full sm-align-full is-style-default theme-block-cover\">\n\t\t<div class=\"bg-cover theme-lazy-load-bg\"><\/div>\n\t\t<div class=\"wrap-content-main-header\">\n\t\t\t\t\t<div  class=\"theme-wp-block theme-block-text-and-text gb-responsive-170032-identifier desktop-vertical-center xl-vertical-center lg-vertical-center md-vertical-center sm-vertical-center md-blockDirection-column sm-blockDirection-column desktop-blockDirection-column xl-blockDirection-column lg-blockDirection-column is-style-default desktop-align-wide xl-align-wide lg-align-wide md-align-wide sm-align-wide alignwide\">\n\t\t<div class=\"tat-column-wrap-wrapper\">\n\t\t\t<div class=\"tat-column-wrapper\">\n\t\t\t\t\t<div  class=\"theme-wp-block theme-block-text-and-text-column gb-responsive-644092-identifier md-horizontal-center sm-horizontal-center xl-horizontal-center lg-horizontal-center desktop-horizontal-left\">\n\t\t<div class=\"inner-wrap-column-content\">\n\t\t\t<div class=\"inner-column-content\">\n\t\t\t\t\t\t<h1  class=\"theme-wp-block theme-block-heading is-style-default sm-text-center md-text-center desktop-text-center xl-text-center lg-text-center gb-responsive-113637-identifier desktop-align-full xl-align-full lg-align-full md-align-full sm-align-full alignfull h1 has-text-align\">\n\t\t<strong>Nincs id\u0151, nincs munkaer\u0151, nincsenek er\u0151forr\u00e1sok<\/strong>\t<\/h1>\n\n\t\t<h2  class=\"theme-wp-block theme-block-heading desktop-gb-has-no-icon xl-gb-has-no-icon lg-gb-has-no-icon md-gb-has-no-icon sm-gb-has-no-icon gb-responsive-848621-identifier desktop-text-center xl-text-center lg-text-center md-text-center sm-text-center h3\">\n\t\t<strong>Hogyan kapja meg a Groupe Dragon az \u00f6sszes FBA hib\u00e1t visszat\u00e9r\u00edtve<\/strong>\t<\/h2>\n\n\t\t\t<\/div>\n\t\t<\/div>\n\t<\/div>\n\t<div  class=\"theme-wp-block theme-block-text-and-text-column gb-responsive-840598-identifier desktop-horizontal-center xl-horizontal-center lg-horizontal-center md-horizontal-center sm-horizontal-center\">\n\t\t<div class=\"inner-wrap-column-content\">\n\t\t\t<div class=\"inner-column-content\">\n\t\t\t\t\t\t\t<\/div>\n\t\t<\/div>\n\t<\/div>\n\t\t\t<\/div>\n\t\t<\/div>\n\t<\/div>\n\n\t\t<\/div>\n\t<\/div>\n\n<div style=\"height:50px\" aria-hidden=\"true\" class=\"theme-wp-block wp-block-spacer\"><\/div><div class=\"theme-wp-block wp-block-columns gb-responsive-492868-identifier is-layout-flex wp-container-core-columns-is-layout-9d6595d7 wp-block-columns-is-layout-flex\"><div class=\"theme-wp-block wp-block-column gb-responsive-633979-identifier is-layout-flow wp-block-column-is-layout-flow\" style=\"flex-basis:25%\"><figure class=\"theme-wp-block wp-block-image size-large is-resized desktop-gb-has-no-icon xl-gb-has-no-icon lg-gb-has-no-icon md-gb-has-no-icon sm-gb-has-no-icon gb-responsive-595564-identifier\"><img decoding=\"async\" width=\"156\" height=\"156\" src=\"https:\/\/d2bw95mh2ee04s.cloudfront.net\/prod\/content\/wp-content\/uploads\/2021\/03\/23142640\/logo2_groupe-dragon-edited.png\" alt=\"Siker\u00fclt T\u00f6rt\u00e9net: Groupe Dragon EN\" class=\"wp-image-8499\" style=\"width:156px;height:156px\"><\/figure><p class=\"theme-wp-block desktop-gb-has-no-icon xl-gb-has-no-icon lg-gb-has-no-icon md-gb-has-no-icon sm-gb-has-no-icon gb-responsive-471154-identifier\"><strong><strong>Alap\u00edt\u00e1s<\/strong>:<\/strong><br>2011<\/p><p class=\"theme-wp-block desktop-gb-has-no-icon xl-gb-has-no-icon lg-gb-has-no-icon md-gb-has-no-icon sm-gb-has-no-icon gb-responsive-988471-identifier\"><strong><strong>\u00c1gazat<\/strong>:<\/strong><br>Alkatr\u00e9szek \u00e9s elektronikus h\u00e1ztart\u00e1si eszk\u00f6z\u00f6k<\/p><p class=\"theme-wp-block desktop-gb-has-no-icon xl-gb-has-no-icon lg-gb-has-no-icon md-gb-has-no-icon sm-gb-has-no-icon gb-responsive-290042-identifier\"><strong><strong>Term\u00e9kek az Amazonon:<\/strong><\/strong><br>kb. 177,000 SKU<\/p><p class=\"theme-wp-block desktop-gb-has-no-icon xl-gb-has-no-icon lg-gb-has-no-icon md-gb-has-no-icon sm-gb-has-no-icon gb-responsive-427484-identifier\"><strong><strong>K\u00fcldem\u00e9nyek<\/strong>:\u00a0<\/strong><br>kb. 37,000 havonta<\/p><\/div><div class=\"theme-wp-block wp-block-column gb-responsive-243785-identifier is-layout-flow wp-block-column-is-layout-flow\" style=\"flex-basis:50%\"><h3 class=\"theme-wp-block wp-block-heading desktop-gb-has-no-icon xl-gb-has-no-icon lg-gb-has-no-icon md-gb-has-no-icon sm-gb-has-no-icon gb-responsive-998927-identifier\" id=\"block-c06fce04-ef87-4ffc-a3d6-b768ba377d17\">H\u00e1tt\u00e9r:<\/h3><p class=\"theme-wp-block gb-responsive-710769-identifier\">A Groupe Dragon az egyik legsikeresebb francia c\u00e9g az Amazon piacter\u00e9n. Ennek oka van: Miel\u0151tt a Groupe Dragon alap\u00edt\u00f3ja Amazon elad\u00f3v\u00e1 v\u00e1lt, teljes munkaid\u0151ben elektromos k\u00e9sz\u00fcl\u00e9kek jav\u00edt\u00f3jak\u00e9nt dolgozott. \u201eM\u00e1r akkor is alkatr\u00e9szeket k\u00edn\u00e1lt az \u00fczlet\u00e9ben\u201d &#8211; mondja Florent Noualy, a beszerz\u00e9si \u00e9s piact\u00e9ri strat\u00e9gia vezet\u0151je. \u201eR\u00e1j\u00f6tt, hogy az elektromos k\u00e9sz\u00fcl\u00e9kek manaps\u00e1g sokkal k\u00f6nnyebben meghib\u00e1sodnak, mint r\u00e9gen.\u201d<\/p><p class=\"theme-wp-block gb-responsive-502902-identifier\">Ezenk\u00edv\u00fcl \u00faj jogszab\u00e1lyok l\u00e9ptek \u00e9letbe, amelyek megk\u00f6vetelt\u00e9k a gy\u00e1rt\u00f3kt\u00f3l, hogy p\u00e9ld\u00e1ul bizonyos ideig alkatr\u00e9szeket tartsanak k\u00e9szleten. E v\u00e1ltoz\u00e1sok k\u00f6vetkezt\u00e9ben jelent\u0151s n\u00f6veked\u00e9s tapasztalhat\u00f3 a jav\u00edt\u00f3anyagok ir\u00e1nti keresletben, k\u00fcl\u00f6n\u00f6sen online. A d\u00f6nt\u00e9s, hogy az alkatr\u00e9szeket online is k\u00edn\u00e1lj\u00e1k, telital\u00e1lat volt: az\u00f3ta a Groupe Dragon a legjobb 5 legsikeresebb francia Amazon elad\u00f3 k\u00f6z\u00e9 tartozik.<\/p><h3 class=\"theme-wp-block wp-block-heading desktop-gb-has-no-icon xl-gb-has-no-icon lg-gb-has-no-icon md-gb-has-no-icon sm-gb-has-no-icon gb-responsive-686902-identifier\">Kezd\u0151 helyzet:<\/h3><p class=\"theme-wp-block gb-responsive-145505-identifier\">A siker\u00e9vel azonban a Groupe Dragon \u00faj kih\u00edv\u00e1sokkal is szembes\u00fclt, amelyeket le kellett k\u00fczdeni. \u201eAz egyik a nemzetk\u00f6zies\u00edt\u00e9s volt. Az Amazon nagy seg\u00edts\u00e9get ny\u00fajtott ebben, mert a m\u00e1s piacokhoz val\u00f3 k\u00f6nny\u0171 hozz\u00e1f\u00e9r\u00e9s azt jelentette, hogy a c\u00e9g\u00fcnk folyamatosan n\u00f6vekedett\u201d \u2013 mondja Florent Noualy. A n\u00e9met piac m\u00e9g a vezet\u0151 \u00e9rt\u00e9kes\u00edt\u00e9si csatorn\u00e1v\u00e1 is v\u00e1lt<\/p><p class=\"theme-wp-block gb-responsive-223640-identifier\">De az Amazonon kereszt\u00fcli terjeszked\u00e9s lehet\u0151s\u00e9get ny\u00fajtott a Groupe Dragon sz\u00e1m\u00e1ra, hogy m\u00e1rk\u00e1s term\u00e9keket k\u00edn\u00e1ljon a Dysons vagy Elektrolux-t\u00f3l. \u201eEz massz\u00edvan megn\u00f6velte a rendel\u00e9si \u00e9s rakt\u00e1r volumen\u00fcnket. Amikor 2015-ben csatlakoztam a csapathoz, viszonylag gyorsan vil\u00e1goss\u00e1 v\u00e1lt, hogy a j\u00f6v\u0151ben \u00e1t kell \u00e1llnunk az FBA-ra. Sz\u00e1munkra ez volt a legjobb lehet\u0151s\u00e9g.\u201d<\/p><h3 class=\"theme-wp-block wp-block-heading desktop-gb-has-no-icon xl-gb-has-no-icon lg-gb-has-no-icon md-gb-has-no-icon sm-gb-has-no-icon gb-responsive-423206-identifier\">Megold\u00e1s:<\/h3><p class=\"theme-wp-block gb-responsive-405561-identifier\">Ezut\u00e1n Noualy \u00fczenetet kapott LinkedIn-en Monic\u00e1t\u00f3l, a SELLERLOGIC \u00e9rt\u00e9kes\u00edt\u00e9si fejleszt\u00e9si k\u00e9pvisel\u0151nkt\u0151l. \u201eM\u00e1r ismertem a SELLERLOGIC-t\u201d \u2013 eml\u00e9kszik vissza Noualy, \u201e\u00e9s azonnal \u00e9rdekelt a Lost &#038; Found. Abban a pillanatban m\u00e1r vil\u00e1gos volt sz\u00e1momra, hogy fontos inform\u00e1ci\u00f3k hi\u00e1nyoznak az FBA folyamatainkr\u00f3l.\u201d R\u00e1ad\u00e1sul a Groupe Dragon csapat\u00e1ban senki sem volt k\u00e9pes elemezni azokat a hatalmas adatokat, amelyeket a Lost &#038; Found kezel.<\/p><p class=\"theme-wp-block gb-responsive-793217-identifier\">\u201eB\u00e1r \u00e9vek \u00f3ta \u00e1rulunk az Amazonon, \u00e9s j\u00f3l \u00e9rtj\u00fck, hogyan m\u0171k\u00f6dik\u201d \u2013 teszi hozz\u00e1 Noualy, \u201enem volt el\u00e9g szak\u00e9rtelm\u00fcnk ahhoz, hogy az \u00f6sszes hiba t\u00edpust azonos\u00edtani tudjuk.\u201d<br> Kritikus volt, hogy ezt a helyzetet ellen\u0151rz\u00e9s al\u00e1 vonjuk. \u201eAmikor aktiv\u00e1ltam a Lost &#038; Found-et, m\u00e1r el\u0151re sejtettem, hogy az eszk\u00f6z sok FBA hib\u00e1t fog azonos\u00edtani. De soha nem gondoltam volna a t\u00e9nyleges mennyis\u00e9gre!\u201d<\/p><div class=\"theme-block-group-wrap\"><div class=\"theme-wp-block wp-block-group gb-responsive-88118-identifier\">\t\t<div  class=\"theme-wp-block theme-block-user-card gb-responsive-799176-identifier is-style-full-width-line desktop-gb-has-no-icon xl-gb-has-no-icon lg-gb-has-no-icon md-gb-has-no-icon sm-gb-has-no-icon\">\n\t\t<div class=\"wrap-inner-content\">\n\t\t\t<div class=\"card-user-head\">\n\t\t\t\t<div class=\"card-user-avatar\">\n\t\t\t\t\t<div class=\"cover-avatar\" style=\"background-image: url(https:\/\/d2bw95mh2ee04s.cloudfront.net\/prod\/content\/wp-content\/uploads\/2021\/03\/23142640\/florent_groupe-dragon-raute.png);\"><\/div>\n\t\t\t\t<\/div>\n\t\t\t\t<div class=\"wrap-title\">\n\t\t\t\t\t<div class=\"card-user-name\">\n\t\t\t\t\t\t<div class=\"title\">\n\t\t\t\t\t\t\t<h3 class=\"heading-text\"><strong>Florent Noualy<\/strong><\/h3>\n\t\t\t\t\t\t<\/div>\n\t\t\t\t\t\t<div class=\"card-user-position\">\n\t\t\t\t\t\t\t<div class=\"card-text\"><strong>A beszerz\u00e9s \u00e9s a piact\u00e9ri strat\u00e9gia vezet\u0151je<\/strong><\/div>\n\t\t\t\t\t\t<\/div>\n\t\t\t\t\t<\/div>\n\t\t\t\t\t<div class=\"card-user-quote-icon\">\n\t\t\t\t\t<\/div>\n\t\t\t\t<\/div>\n\t\t\t<\/div>\n\t\t\t<div class=\"card-user-text\">\n\t\t\t\t<div class=\"card-text\"><p>\u201eTeljesen elfogadhatatlan volt, hogy tov\u00e1bbra is ennyi p\u00e9nzt vesz\u00edts\u00fcnk, \u00edgy a d\u00f6nt\u00e9s vil\u00e1goss\u00e1 v\u00e1lt: folytatni fogjuk a Lost &amp; Found haszn\u00e1lat\u00e1t.\u201d<\/p><\/div>\n\t\t\t<\/div>\n\t\t<\/div>\n\t<\/div>\n\n<\/div><\/div><h3 class=\"theme-wp-block wp-block-heading desktop-gb-has-no-icon xl-gb-has-no-icon lg-gb-has-no-icon md-gb-has-no-icon sm-gb-has-no-icon gb-responsive-599569-identifier\">Sikeres eredm\u00e9nyek a SELLERLOGIC-val:<\/h3><p class=\"theme-wp-block gb-responsive-44628-identifier\">Az Lost &#038; Found els\u0151 fut\u00e1sa 360 hib\u00e1t hozott felsz\u00ednre. Noualy megd\u00f6bbent. \u201eTeljesen elfogadhatatlan volt sz\u00e1munkra, hogy ennyi p\u00e9nzt vesz\u00edts\u00fcnk, \u00edgy a d\u00f6nt\u00e9s vil\u00e1gos volt: tov\u00e1bbra is haszn\u00e1lni fogjuk az Lost &#038; Found-et.\u201d Ez j\u00f3 d\u00f6nt\u00e9snek bizonyult. Eddig az Lost &#038; Found k\u00f6r\u00fclbel\u00fcl 25,000 eur\u00f3t hozott a c\u00e9gnek visszat\u00e9r\u00edt\u00e9sek form\u00e1j\u00e1ban, amelyek egy\u00e9bk\u00e9nt elvesztek volna.<\/p><p class=\"theme-wp-block gb-responsive-8364-identifier\">De ez m\u00e9g nem minden. Ezen k\u00edv\u00fcl a SELLERLOGIC Groupe Dragon megold\u00e1sa sz\u00e1mos egy\u00e9b er\u0151forr\u00e1st is megtakar\u00edt sz\u00e1munkra, p\u00e9ld\u00e1ul id\u0151t \u00e9s munkaer\u0151t. \u201eA kommunik\u00e1ci\u00f3 az Amazonnal is k\u00f6nnyebb\u00e9 v\u00e1lt, mert az Lost &#038; Found mindig a megfelel\u0151 inform\u00e1ci\u00f3t biztos\u00edt sz\u00e1munkra.\u201d Ez mag\u00e1ban foglalja p\u00e9ld\u00e1ul azokat a sablonokat, amelyeket a Groupe Dragon az Amazon automatiz\u00e1lt v\u00e1laszaira val\u00f3 azonnali reag\u00e1l\u00e1sra haszn\u00e1lhat. \u201eCsak annyit kell tenn\u00fcnk, hogy egyszer\u0171en lem\u00e1soljuk ezeket a sablonokat. Minden, amit tudnunk kell egy hib\u00e1r\u00f3l, vil\u00e1gosan megjelenik az Lost &#038; Found-ben.\u201d<\/p><p class=\"theme-wp-block gb-responsive-936816-identifier\">Florent Noualy szint\u00e9n lelkesedik a SELLERLOGIC ir\u00e1nt, mert az \u00fcgyf\u00e9lszolg\u00e1lat benne van az \u00e1rban: \u201eHa b\u00e1rmilyen probl\u00e9ma mer\u00fcl fel az egyik nyitott \u00fcggyel kapcsolatban, a SELLERLOGIC csapata mindig el\u00e9rhet\u0151, \u00e9s mindent megtesznek, hogy seg\u00edtsenek \u00fcgyfeleiknek \u00e9s a lehet\u0151 legjobb eredm\u00e9nnyel z\u00e1rj\u00e1k le az \u00fcgyet.<\/p><div class=\"theme-wp-block wp-block-buttons desktop-gb-has-no-icon xl-gb-has-no-icon lg-gb-has-no-icon md-gb-has-no-icon sm-gb-has-no-icon gb-responsive-237208-identifier is-layout-flex wp-block-buttons-is-layout-flex\"><div class=\"theme-wp-block wp-block-button is-style-theme-transparent-with-arrow gb-responsive-303674-identifier\"><a class=\"wp-block-button__link wp-element-button\" href=\"https:\/\/d2bw95mh2ee04s.cloudfront.net\/prod\/content\/files\/SUCCESS-STORIES\/EN\/SELLERLOGIC_Success-Story_Groupe-Dragon_EN.pdf\" target=\"_blank\" rel=\"noreferrer noopener nofollow\">T\u00f6ltse le most!<\/a><\/div><\/div><\/div><div class=\"theme-wp-block wp-block-column gb-responsive-252189-identifier is-layout-flow wp-block-column-is-layout-flow\" style=\"flex-basis:25%\"><\/div><\/div><p class=\"theme-wp-block gb-responsive-208920-identifier\"><\/p>","protected":false},"excerpt":{"rendered":"<p>Alap\u00edt\u00e1s:2011 \u00c1gazat:Alkatr\u00e9szek \u00e9s elektronikus h\u00e1ztart\u00e1si eszk\u00f6z\u00f6k Term\u00e9kek az Amazonon:kb. 177,000 SKU K\u00fcldem\u00e9nyek:\u00a0kb. 37,000 havonta H\u00e1tt\u00e9r: A Groupe Dragon az egyik legsikeresebb francia c\u00e9g az Amazon piacter\u00e9n. Ennek oka van: Miel\u0151tt a Groupe Dragon alap\u00edt\u00f3ja Amazon elad\u00f3v\u00e1 v\u00e1lt, teljes munkaid\u0151ben elektromos k\u00e9sz\u00fcl\u00e9kek jav\u00edt\u00f3jak\u00e9nt dolgozott. \u201eM\u00e1r akkor is alkatr\u00e9szeket k\u00edn\u00e1lt az \u00fczlet\u00e9ben\u201d &#8211; mondja Florent Noualy, a<\/p>\n","protected":false},"author":3,"featured_media":8511,"parent":225390,"menu_order":0,"comment_status":"closed","ping_status":"closed","template":"","meta":{"sidebar_recommended_resources":{"data":[]},"sidebar_header_settings":{"hide_buttons":{"register":false}},"_use_new_theme":false,"inline_featured_image":false,"footnotes":""},"class_list":["post-225264","page","type-page","status-publish","has-post-thumbnail","hentry"],"yoast_head":"<!-- This site is optimized with the Yoast SEO plugin v26.8 - https:\/\/yoast.com\/product\/yoast-seo-wordpress\/ -->\n<title>Siker\u00fclt t\u00f6rt\u00e9net: Groupe Dragon \u00e9s Lost &amp; Found | SELLERLOGIC<\/title>\n<meta name=\"description\" content=\"Nincs id\u0151, nincs munkaer\u0151, nincs er\u0151forr\u00e1s: Hogyan kapja vissza a Groupe Dragon az \u00f6sszes FBA hib\u00e1t. Olvasson most \u00e9s tudjon meg t\u00f6bbet!\" \/>\n<meta name=\"robots\" content=\"index, follow, max-snippet:-1, max-image-preview:large, max-video-preview:-1\" \/>\n<link rel=\"canonical\" href=\"https:\/\/www.sellerlogic.com\/hu\/resources\/success-story-groupe-dragon\/\" \/>\n<meta property=\"og:locale\" content=\"hu_HU\" \/>\n<meta property=\"og:type\" content=\"article\" \/>\n<meta property=\"og:title\" content=\"Siker\u00fclt t\u00f6rt\u00e9net: Groupe Dragon \u00e9s Lost &amp; Found | SELLERLOGIC\" \/>\n<meta property=\"og:description\" content=\"Nincs id\u0151, nincs munkaer\u0151, nincs er\u0151forr\u00e1s: Hogyan kapja vissza a Groupe Dragon az \u00f6sszes FBA hib\u00e1t. Olvasson most \u00e9s tudjon meg t\u00f6bbet!\" \/>\n<meta property=\"og:url\" content=\"https:\/\/www.sellerlogic.com\/hu\/resources\/success-story-groupe-dragon\/\" \/>\n<meta property=\"og:site_name\" content=\"SELLERLOGIC - Smarte Tools f\u00fcr Amazon-Seller\" \/>\n<meta property=\"article:publisher\" content=\"https:\/\/www.facebook.com\/SellerLogic\/\" \/>\n<meta property=\"og:image\" content=\"http:\/\/d2bw95mh2ee04s.cloudfront.net\/prod\/content\/wp-content\/uploads\/2021\/03\/23142639\/wp-header_groupe-dragon.jpeg\" \/>\n\t<meta property=\"og:image:width\" content=\"2000\" \/>\n\t<meta property=\"og:image:height\" content=\"1333\" \/>\n\t<meta property=\"og:image:type\" content=\"image\/jpeg\" \/>\n<meta name=\"twitter:card\" content=\"summary_large_image\" \/>\n<meta name=\"twitter:site\" content=\"@sellerlogic\" \/>\n<meta name=\"twitter:label1\" content=\"Est. reading time\" \/>\n\t<meta name=\"twitter:data1\" content=\"4 minutes\" \/>\n<script type=\"application\/ld+json\" class=\"yoast-schema-graph\">{\"@context\":\"https:\/\/schema.org\",\"@graph\":[{\"@type\":\"WebPage\",\"@id\":\"https:\/\/www.sellerlogic.com\/hu\/resources\/success-story-groupe-dragon\/\",\"url\":\"https:\/\/www.sellerlogic.com\/hu\/resources\/success-story-groupe-dragon\/\",\"name\":\"Siker\u00fclt t\u00f6rt\u00e9net: Groupe Dragon \u00e9s Lost & Found | SELLERLOGIC\",\"isPartOf\":{\"@id\":\"https:\/\/www.sellerlogic.com\/hu\/#website\"},\"primaryImageOfPage\":{\"@id\":\"https:\/\/www.sellerlogic.com\/hu\/resources\/success-story-groupe-dragon\/#primaryimage\"},\"image\":{\"@id\":\"https:\/\/www.sellerlogic.com\/hu\/resources\/success-story-groupe-dragon\/#primaryimage\"},\"thumbnailUrl\":\"https:\/\/d2bw95mh2ee04s.cloudfront.net\/prod\/content\/wp-content\/uploads\/2021\/03\/23142639\/wp-header_groupe-dragon.jpeg\",\"datePublished\":\"2021-03-02T08:05:46+00:00\",\"description\":\"Nincs id\u0151, nincs munkaer\u0151, nincs er\u0151forr\u00e1s: Hogyan kapja vissza a Groupe Dragon az \u00f6sszes FBA hib\u00e1t. Olvasson most \u00e9s tudjon meg t\u00f6bbet!\",\"breadcrumb\":{\"@id\":\"https:\/\/www.sellerlogic.com\/hu\/resources\/success-story-groupe-dragon\/#breadcrumb\"},\"inLanguage\":\"hu-HU\",\"potentialAction\":[{\"@type\":\"ReadAction\",\"target\":[\"https:\/\/www.sellerlogic.com\/hu\/resources\/success-story-groupe-dragon\/\"]}]},{\"@type\":\"ImageObject\",\"inLanguage\":\"hu-HU\",\"@id\":\"https:\/\/www.sellerlogic.com\/hu\/resources\/success-story-groupe-dragon\/#primaryimage\",\"url\":\"https:\/\/d2bw95mh2ee04s.cloudfront.net\/prod\/content\/wp-content\/uploads\/2021\/03\/23142639\/wp-header_groupe-dragon.jpeg\",\"contentUrl\":\"https:\/\/d2bw95mh2ee04s.cloudfront.net\/prod\/content\/wp-content\/uploads\/2021\/03\/23142639\/wp-header_groupe-dragon.jpeg\",\"width\":2000,\"height\":1333,\"caption\":\"electrical tools and equipment on wooden background with copy space\"},{\"@type\":\"BreadcrumbList\",\"@id\":\"https:\/\/www.sellerlogic.com\/hu\/resources\/success-story-groupe-dragon\/#breadcrumb\",\"itemListElement\":[{\"@type\":\"ListItem\",\"position\":1,\"name\":\"Home\",\"item\":\"https:\/\/www.sellerlogic.com\/hu\/\"},{\"@type\":\"ListItem\",\"position\":2,\"name\":\"Ressourcen EN\",\"item\":\"https:\/\/www.sellerlogic.com\/hu\/resources\/\"},{\"@type\":\"ListItem\",\"position\":3,\"name\":\"Siker\u00fclt T\u00f6rt\u00e9net: Groupe Dragon EN\"}]},{\"@type\":\"WebSite\",\"@id\":\"https:\/\/www.sellerlogic.com\/hu\/#website\",\"url\":\"https:\/\/www.sellerlogic.com\/hu\/\",\"name\":\"SELLERLOGIC - Smarte Tools f\u00fcr Amazon-Seller\",\"description\":\"Intelligente Prozessoptimierung und Gewinnmaximierung\",\"publisher\":{\"@id\":\"https:\/\/www.sellerlogic.com\/hu\/#organization\"},\"potentialAction\":[{\"@type\":\"SearchAction\",\"target\":{\"@type\":\"EntryPoint\",\"urlTemplate\":\"https:\/\/www.sellerlogic.com\/hu\/?s={search_term_string}\"},\"query-input\":{\"@type\":\"PropertyValueSpecification\",\"valueRequired\":true,\"valueName\":\"search_term_string\"}}],\"inLanguage\":\"hu-HU\"},{\"@type\":\"Organization\",\"@id\":\"https:\/\/www.sellerlogic.com\/hu\/#organization\",\"name\":\"SELLERLOGIC\",\"url\":\"https:\/\/www.sellerlogic.com\/hu\/\",\"logo\":{\"@type\":\"ImageObject\",\"inLanguage\":\"hu-HU\",\"@id\":\"https:\/\/www.sellerlogic.com\/hu\/#\/schema\/logo\/image\/\",\"url\":\"https:\/\/d2bw95mh2ee04s.cloudfront.net\/prod\/content\/wp-content\/uploads\/2025\/01\/02134814\/Property-Logo-Main.svg\",\"contentUrl\":\"https:\/\/d2bw95mh2ee04s.cloudfront.net\/prod\/content\/wp-content\/uploads\/2025\/01\/02134814\/Property-Logo-Main.svg\",\"width\":184,\"height\":40,\"caption\":\"SELLERLOGIC\"},\"image\":{\"@id\":\"https:\/\/www.sellerlogic.com\/hu\/#\/schema\/logo\/image\/\"},\"sameAs\":[\"https:\/\/www.facebook.com\/SellerLogic\/\",\"https:\/\/x.com\/sellerlogic\",\"https:\/\/www.instagram.com\/sellerlogic\/\",\"https:\/\/www.linkedin.com\/company\/18402037\/\",\"https:\/\/www.youtube.com\/channel\/UC-gULUur-fNj08sprantKsQ\"]}]}<\/script>\n<!-- \/ Yoast SEO plugin. -->","yoast_head_json":{"title":"Siker\u00fclt t\u00f6rt\u00e9net: Groupe Dragon \u00e9s Lost & Found | SELLERLOGIC","description":"Nincs id\u0151, nincs munkaer\u0151, nincs er\u0151forr\u00e1s: Hogyan kapja vissza a Groupe Dragon az \u00f6sszes FBA hib\u00e1t. Olvasson most \u00e9s tudjon meg t\u00f6bbet!","robots":{"index":"index","follow":"follow","max-snippet":"max-snippet:-1","max-image-preview":"max-image-preview:large","max-video-preview":"max-video-preview:-1"},"canonical":"https:\/\/www.sellerlogic.com\/hu\/resources\/success-story-groupe-dragon\/","og_locale":"hu_HU","og_type":"article","og_title":"Siker\u00fclt t\u00f6rt\u00e9net: Groupe Dragon \u00e9s Lost & Found | SELLERLOGIC","og_description":"Nincs id\u0151, nincs munkaer\u0151, nincs er\u0151forr\u00e1s: Hogyan kapja vissza a Groupe Dragon az \u00f6sszes FBA hib\u00e1t. Olvasson most \u00e9s tudjon meg t\u00f6bbet!","og_url":"https:\/\/www.sellerlogic.com\/hu\/resources\/success-story-groupe-dragon\/","og_site_name":"SELLERLOGIC - Smarte Tools f\u00fcr Amazon-Seller","article_publisher":"https:\/\/www.facebook.com\/SellerLogic\/","og_image":[{"width":2000,"height":1333,"url":"http:\/\/d2bw95mh2ee04s.cloudfront.net\/prod\/content\/wp-content\/uploads\/2021\/03\/23142639\/wp-header_groupe-dragon.jpeg","type":"image\/jpeg"}],"twitter_card":"summary_large_image","twitter_site":"@sellerlogic","twitter_misc":{"Est. reading time":"4 minutes"},"schema":{"@context":"https:\/\/schema.org","@graph":[{"@type":"WebPage","@id":"https:\/\/www.sellerlogic.com\/hu\/resources\/success-story-groupe-dragon\/","url":"https:\/\/www.sellerlogic.com\/hu\/resources\/success-story-groupe-dragon\/","name":"Siker\u00fclt t\u00f6rt\u00e9net: Groupe Dragon \u00e9s Lost & Found | SELLERLOGIC","isPartOf":{"@id":"https:\/\/www.sellerlogic.com\/hu\/#website"},"primaryImageOfPage":{"@id":"https:\/\/www.sellerlogic.com\/hu\/resources\/success-story-groupe-dragon\/#primaryimage"},"image":{"@id":"https:\/\/www.sellerlogic.com\/hu\/resources\/success-story-groupe-dragon\/#primaryimage"},"thumbnailUrl":"https:\/\/d2bw95mh2ee04s.cloudfront.net\/prod\/content\/wp-content\/uploads\/2021\/03\/23142639\/wp-header_groupe-dragon.jpeg","datePublished":"2021-03-02T08:05:46+00:00","description":"Nincs id\u0151, nincs munkaer\u0151, nincs er\u0151forr\u00e1s: Hogyan kapja vissza a Groupe Dragon az \u00f6sszes FBA hib\u00e1t. Olvasson most \u00e9s tudjon meg t\u00f6bbet!","breadcrumb":{"@id":"https:\/\/www.sellerlogic.com\/hu\/resources\/success-story-groupe-dragon\/#breadcrumb"},"inLanguage":"hu-HU","potentialAction":[{"@type":"ReadAction","target":["https:\/\/www.sellerlogic.com\/hu\/resources\/success-story-groupe-dragon\/"]}]},{"@type":"ImageObject","inLanguage":"hu-HU","@id":"https:\/\/www.sellerlogic.com\/hu\/resources\/success-story-groupe-dragon\/#primaryimage","url":"https:\/\/d2bw95mh2ee04s.cloudfront.net\/prod\/content\/wp-content\/uploads\/2021\/03\/23142639\/wp-header_groupe-dragon.jpeg","contentUrl":"https:\/\/d2bw95mh2ee04s.cloudfront.net\/prod\/content\/wp-content\/uploads\/2021\/03\/23142639\/wp-header_groupe-dragon.jpeg","width":2000,"height":1333,"caption":"electrical tools and equipment on wooden background with copy space"},{"@type":"BreadcrumbList","@id":"https:\/\/www.sellerlogic.com\/hu\/resources\/success-story-groupe-dragon\/#breadcrumb","itemListElement":[{"@type":"ListItem","position":1,"name":"Home","item":"https:\/\/www.sellerlogic.com\/hu\/"},{"@type":"ListItem","position":2,"name":"Ressourcen EN","item":"https:\/\/www.sellerlogic.com\/hu\/resources\/"},{"@type":"ListItem","position":3,"name":"Siker\u00fclt T\u00f6rt\u00e9net: Groupe Dragon EN"}]},{"@type":"WebSite","@id":"https:\/\/www.sellerlogic.com\/hu\/#website","url":"https:\/\/www.sellerlogic.com\/hu\/","name":"SELLERLOGIC - Smarte Tools f\u00fcr Amazon-Seller","description":"Intelligente Prozessoptimierung und Gewinnmaximierung","publisher":{"@id":"https:\/\/www.sellerlogic.com\/hu\/#organization"},"potentialAction":[{"@type":"SearchAction","target":{"@type":"EntryPoint","urlTemplate":"https:\/\/www.sellerlogic.com\/hu\/?s={search_term_string}"},"query-input":{"@type":"PropertyValueSpecification","valueRequired":true,"valueName":"search_term_string"}}],"inLanguage":"hu-HU"},{"@type":"Organization","@id":"https:\/\/www.sellerlogic.com\/hu\/#organization","name":"SELLERLOGIC","url":"https:\/\/www.sellerlogic.com\/hu\/","logo":{"@type":"ImageObject","inLanguage":"hu-HU","@id":"https:\/\/www.sellerlogic.com\/hu\/#\/schema\/logo\/image\/","url":"https:\/\/d2bw95mh2ee04s.cloudfront.net\/prod\/content\/wp-content\/uploads\/2025\/01\/02134814\/Property-Logo-Main.svg","contentUrl":"https:\/\/d2bw95mh2ee04s.cloudfront.net\/prod\/content\/wp-content\/uploads\/2025\/01\/02134814\/Property-Logo-Main.svg","width":184,"height":40,"caption":"SELLERLOGIC"},"image":{"@id":"https:\/\/www.sellerlogic.com\/hu\/#\/schema\/logo\/image\/"},"sameAs":["https:\/\/www.facebook.com\/SellerLogic\/","https:\/\/x.com\/sellerlogic","https:\/\/www.instagram.com\/sellerlogic\/","https:\/\/www.linkedin.com\/company\/18402037\/","https:\/\/www.youtube.com\/channel\/UC-gULUur-fNj08sprantKsQ"]}]}},"_links":{"self":[{"href":"https:\/\/www.sellerlogic.com\/hu\/wp-json\/wp\/v2\/pages\/225264","targetHints":{"allow":["GET"]}}],"collection":[{"href":"https:\/\/www.sellerlogic.com\/hu\/wp-json\/wp\/v2\/pages"}],"about":[{"href":"https:\/\/www.sellerlogic.com\/hu\/wp-json\/wp\/v2\/types\/page"}],"author":[{"embeddable":true,"href":"https:\/\/www.sellerlogic.com\/hu\/wp-json\/wp\/v2\/users\/3"}],"replies":[{"embeddable":true,"href":"https:\/\/www.sellerlogic.com\/hu\/wp-json\/wp\/v2\/comments?post=225264"}],"version-history":[{"count":0,"href":"https:\/\/www.sellerlogic.com\/hu\/wp-json\/wp\/v2\/pages\/225264\/revisions"}],"up":[{"embeddable":true,"href":"https:\/\/www.sellerlogic.com\/hu\/wp-json\/wp\/v2\/pages\/225390"}],"wp:featuredmedia":[{"embeddable":true,"href":"https:\/\/www.sellerlogic.com\/hu\/wp-json\/wp\/v2\/media\/8511"}],"wp:attachment":[{"href":"https:\/\/www.sellerlogic.com\/hu\/wp-json\/wp\/v2\/media?parent=225264"}],"curies":[{"name":"wp","href":"https:\/\/api.w.org\/{rel}","templated":true}]}}