
{"id":225324,"date":"2020-12-18T11:33:09","date_gmt":"2020-12-18T11:33:09","guid":{"rendered":"https:\/\/127.0.0.1\/resources\/success-story-outlet-sofa-direct\/"},"modified":"2020-12-18T11:33:09","modified_gmt":"2020-12-18T11:33:09","slug":"success-story-outlet-sofa-direct","status":"publish","type":"page","link":"https:\/\/www.sellerlogic.com\/hu\/resources\/success-story-outlet-sofa-direct\/","title":{"rendered":"Siker\u00fclt\u00f6rt\u00e9net: Outlet Sofa Direct EN"},"content":{"rendered":"\n\t<div  class=\"theme-wp-block theme-block-main-header is-style-full-height desktop-align-full xl-align-full lg-align-full md-align-full sm-align-full desktop-content-align-y-center desktop-content-align-x-center xl-content-align-y-center xl-content-align-x-center lg-content-align-y-center lg-content-align-x-center md-content-align-y-center md-content-align-x-center sm-content-align-y-center sm-content-align-x-center gb-responsive-52704-identifier theme-block-cover\">\n\t\t<div class=\"bg-cover theme-lazy-load-bg\"><\/div>\n\t\t<div class=\"wrap-content-main-header\">\n\t\t\t\t\t<div  class=\"theme-wp-block theme-block-text-and-text desktop-blockDirection-row xl-blockDirection-row lg-blockDirection-row md-blockDirection-row sm-blockDirection-row gb-responsive-903753-identifier desktop-align-full xl-align-full lg-align-full md-align-full sm-align-full alignfull\">\n\t\t<div class=\"tat-column-wrap-wrapper\">\n\t\t\t<div class=\"tat-column-wrapper\">\n\t\t\t\t\t<div  class=\"theme-wp-block theme-block-text-and-text-column gb-responsive-974454-identifier desktop-horizontal-center xl-horizontal-center lg-horizontal-center md-horizontal-center sm-horizontal-center\">\n\t\t<div class=\"inner-wrap-column-content\">\n\t\t\t<div class=\"inner-column-content\">\n\t\t\t\t\t\t<h1  class=\"theme-wp-block theme-block-heading is-style-default gb-responsive-560595-identifier desktop-align-wide xl-align-wide lg-align-wide md-align-wide sm-align-wide desktop-text-center xl-text-center lg-text-center md-text-center sm-text-center alignwide h1 has-text-align\">\n\t\tA 20k Telefonh\u00edv\u00e1s\t<\/h1>\n\n\t\t<h2  class=\"theme-wp-block theme-block-heading is-style-default gb-responsive-64452-identifier desktop-text-center xl-text-center lg-text-center md-text-center sm-text-center h1\">\n\t\tHogyan tudta az Outlet-Sofa Direct megsp\u00f3rolni az id\u0151t, energi\u00e1t \u00e9s t\u00f6bb ezer eur\u00f3t\t<\/h2>\n\n<p class=\"theme-wp-block gb-responsive-93774-identifier\"><a href=\"https:\/\/www.sellerlogic.com\/hu\/resources\/success-story-outlet-sofa-direct\/\" target=\"_blank\" rel=\"noreferrer noopener\"><\/a><\/p>\t\t\t<\/div>\n\t\t<\/div>\n\t<\/div>\n\t<div  class=\"theme-wp-block theme-block-text-and-text-column gb-responsive-681128-identifier\">\n\t\t<div class=\"inner-wrap-column-content\">\n\t\t\t<div class=\"inner-column-content\">\n\t\t\t\t\t\t\t<\/div>\n\t\t<\/div>\n\t<\/div>\n\t\t\t<\/div>\n\t\t<\/div>\n\t<\/div>\n\n\t\t<\/div>\n\t<\/div>\n\n<div style=\"height:50px\" aria-hidden=\"true\" class=\"theme-wp-block wp-block-spacer\"><\/div><div class=\"theme-wp-block wp-block-columns gb-responsive-608602-identifier is-layout-flex wp-container-core-columns-is-layout-9d6595d7 wp-block-columns-is-layout-flex\"><div class=\"theme-wp-block wp-block-column gb-responsive-696523-identifier is-layout-flow wp-block-column-is-layout-flow\" style=\"flex-basis:25%\"><figure class=\"theme-wp-block wp-block-image size-large is-resized gb-responsive-62921-identifier\"><img decoding=\"async\" src=\"https:\/\/d2bw95mh2ee04s.cloudfront.net\/prod\/content\/wp-content\/uploads\/2020\/12\/23142714\/outletsofadirect-logo.png\" alt=\"Siker\u00fclt\u00f6rt\u00e9net: Outlet Sofa Direct EN\" class=\"wp-image-5164\" width=\"250\" height=\"89\"><\/figure><p class=\"theme-wp-block gb-responsive-312552-identifier\"><strong><strong><strong>Alap\u00edtv\u00e1ny<\/strong><\/strong>:<\/strong><br>2005<\/p><p class=\"theme-wp-block gb-responsive-353708-identifier\"><strong><strong><strong>\u00c1gazat<\/strong><\/strong>:<\/strong><br>B\u00fator\/Nappali &#8211; \u00c1gytakar\u00f3 ell\u00e1t\u00e1s<\/p><p class=\"theme-wp-block gb-responsive-741269-identifier\"><strong><strong><strong>T\u00e9telek az Amazonon:\u00a0<\/strong>\u00a0<\/strong><\/strong><br>k\u00f6r\u00fclbel\u00fcl 2,000 SKU<\/p><p class=\"theme-wp-block gb-responsive-218030-identifier\"><strong><strong><strong>K\u00fcldem\u00e9nyek<\/strong><\/strong>:\u00a0<\/strong><br>kb. 8,000 \/ h\u00f3nap<\/p><\/div><div class=\"theme-wp-block wp-block-column gb-responsive-409151-identifier is-layout-flow wp-block-column-is-layout-flow\" style=\"flex-basis:50%\"><h3 class=\"theme-wp-block wp-block-heading gb-responsive-34353-identifier\" id=\"block-c06fce04-ef87-4ffc-a3d6-b768ba377d17\">H\u00e1tt\u00e9r:<\/h3><p class=\"theme-wp-block gb-responsive-710769-identifier\">Az Outlet-Sofa Direct \u00f6tlete akkor sz\u00fcletett, amikor t\u00f6bb, az \u00e1gytakar\u00f3 \u00e9s j\u00f3l\u00e9t ell\u00e1t\u00e1s\u00e1ra specializ\u00e1l\u00f3dott gy\u00e1rt\u00f3 \u00f6sszefogott, hogy lehet\u0151s\u00e9get k\u00edn\u00e1ljon \u00fcgyfeleiknek a k\u00f6zvetlen hozz\u00e1f\u00e9r\u00e9sre az \u00f6sszes olyan t\u00e9telhez, amely a gy\u00e1ron kereszt\u00fcl \u00e9s k\u00e9szlethi\u00e1ny miatt ker\u00fcl forgalomba, \u00edgy biztos\u00edtva a fogyaszt\u00f3nak a legjobb min\u0151s\u00e9get az ide\u00e1lis \u00e1ron. 2005-ben, a b\u00fatoripar elker\u00fclhetetlen digit\u00e1lis \u00e1talakul\u00e1s\u00e1nak k\u00f6vetkezt\u00e9ben a c\u00e9g egy pillanatig sem habozott, hogy az online kereskedelem mellett d\u00f6nts\u00f6n.<\/p><h3 class=\"theme-wp-block wp-block-heading gb-responsive-182281-identifier\">Kezd\u0151 helyzet:<\/h3><p class=\"theme-wp-block gb-responsive-548283-identifier\">Az e-kereskedelem \u00f3ri\u00e1s\u00e1nak szil\u00e1rd \u00e9s j\u00f3l ismert h\u00edrnev\u00e9nek k\u00f6sz\u00f6nhet\u0151en az Outlet-Sofa-Direct 2015-ben \u00fagy d\u00f6nt\u00f6tt, hogy elkezdi term\u00e9keik \u00e9rt\u00e9kes\u00edt\u00e9s\u00e9t az Amazonon: &#8220;A nagy sz\u00e1m\u00fa online \u00e9rt\u00e9kes\u00edt\u00e9s ir\u00e1nti v\u00e1gy \u00e9s az Amazonon val\u00f3 \u00e9rt\u00e9kes\u00edt\u00e9s hi\u00e1nya ma m\u00e1r gyakran nem lehets\u00e9ges&#8221; &#8211; mondja Francesco, a c\u00e9g Marketplace menedzsere.<\/p><p class=\"theme-wp-block gb-responsive-940523-identifier\">&#8220;Jelenleg t\u00f6bb Marketplace-en \u00e9rt\u00e9kes\u00edt\u00fcnk: eBay, Cdiscount, de az Amazonon val\u00f3 \u00e9rt\u00e9kes\u00edt\u00e9s \u00e9s az Amazon FBA szolg\u00e1ltat\u00e1sok haszn\u00e1lata jelent\u0151sen n\u00f6velte az elad\u00e1sainkat&#8221; &#8211; \u00e1ll\u00edtja Francesco. &#8220;Nyilv\u00e1nval\u00f3an mindennek megvannak az el\u0151nyei \u00e9s h\u00e1tr\u00e1nyai, \u00e9s az Amazon FBA eset\u00e9ben az, hogy elvesztett\u00fck az ir\u00e1ny\u00edt\u00e1st az \u00fcgyf\u00e9l visszak\u00fcld\u00e9sei felett, r\u00e1\u00e9bresztett, hogy valami nincs rendben. N\u00e9h\u00e1ny adat, amelyet az Amazon szolg\u00e1ltatott, nem egyezett azzal, amit mi tudtunk, de a legt\u00f6bb esetben egyszer\u0171en b\u00edztam benne, hogy az Amazon megfelel\u0151en t\u00e1j\u00e9koztat minket a hib\u00e1kr\u00f3l; sajnos ez nem \u00edgy volt&#8221; &#8211; magyar\u00e1zza Francesco.<\/p><h3 class=\"theme-wp-block wp-block-heading gb-responsive-115756-identifier\">Megold\u00e1s:<\/h3><p class=\"theme-wp-block gb-responsive-49178-identifier\">&#8220;B\u00e1r elk\u00e9pzeltem, hogy hib\u00e1k vannak az FBA tranzakci\u00f3kban, ez egy olyan probl\u00e9ma volt, amelyet f\u00e9lretett\u00fcnk, mivel hatalmas id\u0151t \u00e9s energi\u00e1t ig\u00e9nyel a csapatunkt\u00f3l. Azonban minden megv\u00e1ltozott Monica v\u00e1ratlan h\u00edv\u00e1s\u00e1val, az SELLERLOGIC csapattagj\u00e1val. Kedvess\u00e9ge \u00e9s professzionalizmusa m\u00e1r az elej\u00e9t\u0151l meggy\u0151z\u00f6tt, ahogy mindent gyorsan \u00e9s r\u00e9szletesen elmagyar\u00e1zott.&#8221;<\/p><div class=\"theme-block-group-wrap\"><div class=\"theme-wp-block wp-block-group gb-responsive-88118-identifier\">\t\t<div  class=\"theme-wp-block theme-block-user-card gb-responsive-799176-identifier is-style-full-width-line\">\n\t\t<div class=\"wrap-inner-content\">\n\t\t\t<div class=\"card-user-head\">\n\t\t\t\t<div class=\"card-user-avatar\">\n\t\t\t\t\t<div class=\"cover-avatar\" style=\"background-image: url(https:\/\/d2bw95mh2ee04s.cloudfront.net\/prod\/content\/wp-content\/uploads\/2020\/12\/23142714\/francesco_azzi-_raute.png);\"><\/div>\n\t\t\t\t<\/div>\n\t\t\t\t<div class=\"wrap-title\">\n\t\t\t\t\t<div class=\"card-user-name\">\n\t\t\t\t\t\t<div class=\"title\">\n\t\t\t\t\t\t\t<h3 class=\"heading-text\"><strong>Francesco Azzi<\/strong><\/h3>\n\t\t\t\t\t\t<\/div>\n\t\t\t\t\t\t<div class=\"card-user-position\">\n\t\t\t\t\t\t\t<div class=\"card-text\"><strong>Marketplace Menedzser<\/strong><\/div>\n\t\t\t\t\t\t<\/div>\n\t\t\t\t\t<\/div>\n\t\t\t\t\t<div class=\"card-user-quote-icon\">\n\t\t\t\t\t<\/div>\n\t\t\t\t<\/div>\n\t\t\t<\/div>\n\t\t\t<div class=\"card-user-text\">\n\t\t\t\t<div class=\"card-text\"><p>A term\u00e9k rugalmass\u00e1ga. Nincs elk\u00f6telez\u0151d\u00e9s, \u00e9s csak az\u00e9rt kell fizetni, amit visszat\u00e9r\u00edtettek, ez egy nyer\u0151 strat\u00e9gia.<\/p><\/div>\n\t\t\t<\/div>\n\t\t<\/div>\n\t<\/div>\n\n<\/div><\/div><h3 class=\"theme-wp-block wp-block-heading gb-responsive-595368-identifier\">Sikeres eredm\u00e9nyek az SELLERLOGIC-val:<\/h3><p class=\"theme-wp-block gb-responsive-514579-identifier\">&#8220;Miut\u00e1n l\u00e1ttam a helyzetet, amiben a FBA rakt\u00e1rainkban l\u00e9v\u0151 \u00e1ruk voltak, tudtam, hogy nagy val\u00f3sz\u00edn\u0171s\u00e9ggel magas lesz a hib\u00e1k sz\u00e1ma, de el\u0151sz\u00f6r nem gondoltam, hogy ennyi p\u00e9nzt is megsp\u00f3rolhatunk. H\u00e1rom h\u00f3nap alatt az Lost &#038; Found haszn\u00e1lata megc\u00e1folta ezt, m\u00e1r 20,000 eur\u00f3t visszanyert\u00fcnk, \u00e9s teljesen meg vagyunk gy\u0151z\u0151dve arr\u00f3l, hogy az eszk\u00f6z m\u0171k\u00f6dik&#8221; &#8211; mondja Francesco.<\/p><p class=\"theme-wp-block gb-responsive-750322-identifier\">&#8220;Monica az elej\u00e9t\u0151l fogva ir\u00e1ny\u00edtott; a regisztr\u00e1ci\u00f3s folyamat sor\u00e1n t\u00e1j\u00e9koztatott az \u00f6sszes l\u00e9p\u00e9sr\u0151l, amelyet k\u00f6vetni kell, miut\u00e1n az eszk\u00f6z elindult. \u00c9rdemes megeml\u00edteni, hogy az SELLERLOGIC csapat t\u00f6bbi tagja is mindig rendk\u00edv\u00fcl el\u00e9rhet\u0151 \u00e9s jelen volt. M\u00e9g akkor is, amikor az utols\u00f3 pillanatban \u00e9rtes\u00edtik \u0151ket a probl\u00e9m\u00e1kr\u00f3l. Az eg\u00e9sz csapatnak \u00e9s az eszk\u00f6z intuit\u00edv haszn\u00e1lat\u00e1nak k\u00f6sz\u00f6nhet\u0151en nemcsak a k\u00f6vetel\u00e9sek kezel\u00e9se sp\u00f3rolt meg nek\u00fcnk rengeteg id\u0151t, hanem seg\u00edtett visszaszerezni a p\u00e9nzt, amelyre jogosultak voltunk.&#8221;<\/p><div class=\"theme-wp-block wp-block-buttons gb-responsive-497426-identifier is-layout-flex wp-block-buttons-is-layout-flex\"><div class=\"theme-wp-block wp-block-button gb-responsive-38220-identifier is-style-theme-transparent-with-arrow\"><a class=\"wp-block-button__link wp-element-button\" href=\"https:\/\/d2bw95mh2ee04s.cloudfront.net\/prod\/content\/files\/SUCCESS-STORIES\/EN\/SELLERLOGIC_Success-Story_Outlet-Sofa-Direct_EN.pdf\" target=\"_blank\" rel=\"noreferrer noopener nofollow\">T\u00f6ltse le most!<\/a><\/div><\/div><\/div><div class=\"theme-wp-block wp-block-column gb-responsive-276018-identifier is-layout-flow wp-block-column-is-layout-flow\" style=\"flex-basis:25%\"><\/div><\/div><p class=\"theme-wp-block gb-responsive-437508-identifier\"><\/p>","protected":false},"excerpt":{"rendered":"<p>Alap\u00edtv\u00e1ny:2005 \u00c1gazat:B\u00fator\/Nappali &#8211; \u00c1gytakar\u00f3 ell\u00e1t\u00e1s T\u00e9telek az Amazonon:\u00a0\u00a0k\u00f6r\u00fclbel\u00fcl 2,000 SKU K\u00fcldem\u00e9nyek:\u00a0kb. 8,000 \/ h\u00f3nap H\u00e1tt\u00e9r: Az Outlet-Sofa Direct \u00f6tlete akkor sz\u00fcletett, amikor t\u00f6bb, az \u00e1gytakar\u00f3 \u00e9s j\u00f3l\u00e9t ell\u00e1t\u00e1s\u00e1ra specializ\u00e1l\u00f3dott gy\u00e1rt\u00f3 \u00f6sszefogott, hogy lehet\u0151s\u00e9get k\u00edn\u00e1ljon \u00fcgyfeleiknek a k\u00f6zvetlen hozz\u00e1f\u00e9r\u00e9sre az \u00f6sszes olyan t\u00e9telhez, amely a gy\u00e1ron kereszt\u00fcl \u00e9s k\u00e9szlethi\u00e1ny miatt ker\u00fcl forgalomba, \u00edgy biztos\u00edtva a fogyaszt\u00f3nak<\/p>\n","protected":false},"author":8,"featured_media":0,"parent":225390,"menu_order":0,"comment_status":"closed","ping_status":"closed","template":"","meta":{"sidebar_recommended_resources":{"data":[]},"sidebar_header_settings":{"hide_buttons":{"register":false}},"_use_new_theme":false,"inline_featured_image":false,"footnotes":""},"class_list":["post-225324","page","type-page","status-publish","hentry"],"yoast_head":"<!-- This site is optimized with the Yoast SEO plugin v26.8 - https:\/\/yoast.com\/product\/yoast-seo-wordpress\/ -->\n<title>SELLERLOGIC - Siker\u00fclt\u00f6rt\u00e9net: Outlet-Sofa Direct<\/title>\n<meta name=\"description\" content=\"SELLERLOGIC Lost &amp; Found teljesen meggy\u0151zte az Outlet-Sofa Direct-et - Egy h\u00edv\u00e1s, amely 20,000 eur\u00f3t \u00e9r! Olvassa el Siker\u00fclt\u00f6rt\u00e9net\u00fcnket most!\" \/>\n<meta name=\"robots\" content=\"index, follow, max-snippet:-1, max-image-preview:large, max-video-preview:-1\" \/>\n<link rel=\"canonical\" href=\"https:\/\/www.sellerlogic.com\/hu\/resources\/success-story-outlet-sofa-direct\/\" \/>\n<meta property=\"og:locale\" content=\"hu_HU\" \/>\n<meta property=\"og:type\" content=\"article\" \/>\n<meta property=\"og:title\" content=\"SELLERLOGIC - Siker\u00fclt\u00f6rt\u00e9net: Outlet-Sofa Direct\" \/>\n<meta property=\"og:description\" content=\"SELLERLOGIC Lost &amp; Found teljesen meggy\u0151zte az Outlet-Sofa Direct-et - Egy h\u00edv\u00e1s, amely 20,000 eur\u00f3t \u00e9r! Olvassa el Siker\u00fclt\u00f6rt\u00e9net\u00fcnket most!\" \/>\n<meta property=\"og:url\" content=\"https:\/\/www.sellerlogic.com\/hu\/resources\/success-story-outlet-sofa-direct\/\" \/>\n<meta property=\"og:site_name\" content=\"SELLERLOGIC - Smarte Tools f\u00fcr Amazon-Seller\" \/>\n<meta property=\"article:publisher\" content=\"https:\/\/www.facebook.com\/SellerLogic\/\" \/>\n<meta property=\"og:image\" content=\"https:\/\/www.sellerlogic.com\/wp-content\/uploads\/2020\/12\/outletsofadirect-logo.png\" \/>\n<meta name=\"twitter:card\" content=\"summary_large_image\" \/>\n<meta name=\"twitter:site\" content=\"@sellerlogic\" \/>\n<meta name=\"twitter:label1\" content=\"Est. reading time\" \/>\n\t<meta name=\"twitter:data1\" content=\"3 minutes\" \/>\n<script type=\"application\/ld+json\" class=\"yoast-schema-graph\">{\"@context\":\"https:\/\/schema.org\",\"@graph\":[{\"@type\":\"WebPage\",\"@id\":\"https:\/\/www.sellerlogic.com\/hu\/resources\/success-story-outlet-sofa-direct\/\",\"url\":\"https:\/\/www.sellerlogic.com\/hu\/resources\/success-story-outlet-sofa-direct\/\",\"name\":\"SELLERLOGIC - Siker\u00fclt\u00f6rt\u00e9net: Outlet-Sofa Direct\",\"isPartOf\":{\"@id\":\"https:\/\/www.sellerlogic.com\/hu\/#website\"},\"primaryImageOfPage\":{\"@id\":\"https:\/\/www.sellerlogic.com\/hu\/resources\/success-story-outlet-sofa-direct\/#primaryimage\"},\"image\":{\"@id\":\"https:\/\/www.sellerlogic.com\/hu\/resources\/success-story-outlet-sofa-direct\/#primaryimage\"},\"thumbnailUrl\":\"https:\/\/www.sellerlogic.com\/wp-content\/uploads\/2020\/12\/outletsofadirect-logo.png\",\"datePublished\":\"2020-12-18T11:33:09+00:00\",\"description\":\"SELLERLOGIC Lost & Found teljesen meggy\u0151zte az Outlet-Sofa Direct-et - Egy h\u00edv\u00e1s, amely 20,000 eur\u00f3t \u00e9r! Olvassa el Siker\u00fclt\u00f6rt\u00e9net\u00fcnket most!\",\"breadcrumb\":{\"@id\":\"https:\/\/www.sellerlogic.com\/hu\/resources\/success-story-outlet-sofa-direct\/#breadcrumb\"},\"inLanguage\":\"hu-HU\",\"potentialAction\":[{\"@type\":\"ReadAction\",\"target\":[\"https:\/\/www.sellerlogic.com\/hu\/resources\/success-story-outlet-sofa-direct\/\"]}]},{\"@type\":\"ImageObject\",\"inLanguage\":\"hu-HU\",\"@id\":\"https:\/\/www.sellerlogic.com\/hu\/resources\/success-story-outlet-sofa-direct\/#primaryimage\",\"url\":\"https:\/\/www.sellerlogic.com\/wp-content\/uploads\/2020\/12\/outletsofadirect-logo.png\",\"contentUrl\":\"https:\/\/www.sellerlogic.com\/wp-content\/uploads\/2020\/12\/outletsofadirect-logo.png\"},{\"@type\":\"BreadcrumbList\",\"@id\":\"https:\/\/www.sellerlogic.com\/hu\/resources\/success-story-outlet-sofa-direct\/#breadcrumb\",\"itemListElement\":[{\"@type\":\"ListItem\",\"position\":1,\"name\":\"Home\",\"item\":\"https:\/\/www.sellerlogic.com\/hu\/\"},{\"@type\":\"ListItem\",\"position\":2,\"name\":\"Ressourcen EN\",\"item\":\"https:\/\/www.sellerlogic.com\/hu\/resources\/\"},{\"@type\":\"ListItem\",\"position\":3,\"name\":\"Siker\u00fclt\u00f6rt\u00e9net: Outlet Sofa Direct EN\"}]},{\"@type\":\"WebSite\",\"@id\":\"https:\/\/www.sellerlogic.com\/hu\/#website\",\"url\":\"https:\/\/www.sellerlogic.com\/hu\/\",\"name\":\"SELLERLOGIC - Smarte Tools f\u00fcr Amazon-Seller\",\"description\":\"Intelligente Prozessoptimierung und Gewinnmaximierung\",\"publisher\":{\"@id\":\"https:\/\/www.sellerlogic.com\/hu\/#organization\"},\"potentialAction\":[{\"@type\":\"SearchAction\",\"target\":{\"@type\":\"EntryPoint\",\"urlTemplate\":\"https:\/\/www.sellerlogic.com\/hu\/?s={search_term_string}\"},\"query-input\":{\"@type\":\"PropertyValueSpecification\",\"valueRequired\":true,\"valueName\":\"search_term_string\"}}],\"inLanguage\":\"hu-HU\"},{\"@type\":\"Organization\",\"@id\":\"https:\/\/www.sellerlogic.com\/hu\/#organization\",\"name\":\"SELLERLOGIC\",\"url\":\"https:\/\/www.sellerlogic.com\/hu\/\",\"logo\":{\"@type\":\"ImageObject\",\"inLanguage\":\"hu-HU\",\"@id\":\"https:\/\/www.sellerlogic.com\/hu\/#\/schema\/logo\/image\/\",\"url\":\"https:\/\/d2bw95mh2ee04s.cloudfront.net\/prod\/content\/wp-content\/uploads\/2025\/01\/02134814\/Property-Logo-Main.svg\",\"contentUrl\":\"https:\/\/d2bw95mh2ee04s.cloudfront.net\/prod\/content\/wp-content\/uploads\/2025\/01\/02134814\/Property-Logo-Main.svg\",\"width\":184,\"height\":40,\"caption\":\"SELLERLOGIC\"},\"image\":{\"@id\":\"https:\/\/www.sellerlogic.com\/hu\/#\/schema\/logo\/image\/\"},\"sameAs\":[\"https:\/\/www.facebook.com\/SellerLogic\/\",\"https:\/\/x.com\/sellerlogic\",\"https:\/\/www.instagram.com\/sellerlogic\/\",\"https:\/\/www.linkedin.com\/company\/18402037\/\",\"https:\/\/www.youtube.com\/channel\/UC-gULUur-fNj08sprantKsQ\"]}]}<\/script>\n<!-- \/ Yoast SEO plugin. -->","yoast_head_json":{"title":"SELLERLOGIC - Siker\u00fclt\u00f6rt\u00e9net: Outlet-Sofa Direct","description":"SELLERLOGIC Lost & Found teljesen meggy\u0151zte az Outlet-Sofa Direct-et - Egy h\u00edv\u00e1s, amely 20,000 eur\u00f3t \u00e9r! Olvassa el Siker\u00fclt\u00f6rt\u00e9net\u00fcnket most!","robots":{"index":"index","follow":"follow","max-snippet":"max-snippet:-1","max-image-preview":"max-image-preview:large","max-video-preview":"max-video-preview:-1"},"canonical":"https:\/\/www.sellerlogic.com\/hu\/resources\/success-story-outlet-sofa-direct\/","og_locale":"hu_HU","og_type":"article","og_title":"SELLERLOGIC - Siker\u00fclt\u00f6rt\u00e9net: Outlet-Sofa Direct","og_description":"SELLERLOGIC Lost & Found teljesen meggy\u0151zte az Outlet-Sofa Direct-et - Egy h\u00edv\u00e1s, amely 20,000 eur\u00f3t \u00e9r! Olvassa el Siker\u00fclt\u00f6rt\u00e9net\u00fcnket most!","og_url":"https:\/\/www.sellerlogic.com\/hu\/resources\/success-story-outlet-sofa-direct\/","og_site_name":"SELLERLOGIC - Smarte Tools f\u00fcr Amazon-Seller","article_publisher":"https:\/\/www.facebook.com\/SellerLogic\/","og_image":[{"url":"https:\/\/www.sellerlogic.com\/wp-content\/uploads\/2020\/12\/outletsofadirect-logo.png","type":"","width":"","height":""}],"twitter_card":"summary_large_image","twitter_site":"@sellerlogic","twitter_misc":{"Est. reading time":"3 minutes"},"schema":{"@context":"https:\/\/schema.org","@graph":[{"@type":"WebPage","@id":"https:\/\/www.sellerlogic.com\/hu\/resources\/success-story-outlet-sofa-direct\/","url":"https:\/\/www.sellerlogic.com\/hu\/resources\/success-story-outlet-sofa-direct\/","name":"SELLERLOGIC - Siker\u00fclt\u00f6rt\u00e9net: Outlet-Sofa Direct","isPartOf":{"@id":"https:\/\/www.sellerlogic.com\/hu\/#website"},"primaryImageOfPage":{"@id":"https:\/\/www.sellerlogic.com\/hu\/resources\/success-story-outlet-sofa-direct\/#primaryimage"},"image":{"@id":"https:\/\/www.sellerlogic.com\/hu\/resources\/success-story-outlet-sofa-direct\/#primaryimage"},"thumbnailUrl":"https:\/\/www.sellerlogic.com\/wp-content\/uploads\/2020\/12\/outletsofadirect-logo.png","datePublished":"2020-12-18T11:33:09+00:00","description":"SELLERLOGIC Lost & Found teljesen meggy\u0151zte az Outlet-Sofa Direct-et - Egy h\u00edv\u00e1s, amely 20,000 eur\u00f3t \u00e9r! Olvassa el Siker\u00fclt\u00f6rt\u00e9net\u00fcnket most!","breadcrumb":{"@id":"https:\/\/www.sellerlogic.com\/hu\/resources\/success-story-outlet-sofa-direct\/#breadcrumb"},"inLanguage":"hu-HU","potentialAction":[{"@type":"ReadAction","target":["https:\/\/www.sellerlogic.com\/hu\/resources\/success-story-outlet-sofa-direct\/"]}]},{"@type":"ImageObject","inLanguage":"hu-HU","@id":"https:\/\/www.sellerlogic.com\/hu\/resources\/success-story-outlet-sofa-direct\/#primaryimage","url":"https:\/\/www.sellerlogic.com\/wp-content\/uploads\/2020\/12\/outletsofadirect-logo.png","contentUrl":"https:\/\/www.sellerlogic.com\/wp-content\/uploads\/2020\/12\/outletsofadirect-logo.png"},{"@type":"BreadcrumbList","@id":"https:\/\/www.sellerlogic.com\/hu\/resources\/success-story-outlet-sofa-direct\/#breadcrumb","itemListElement":[{"@type":"ListItem","position":1,"name":"Home","item":"https:\/\/www.sellerlogic.com\/hu\/"},{"@type":"ListItem","position":2,"name":"Ressourcen EN","item":"https:\/\/www.sellerlogic.com\/hu\/resources\/"},{"@type":"ListItem","position":3,"name":"Siker\u00fclt\u00f6rt\u00e9net: Outlet Sofa Direct EN"}]},{"@type":"WebSite","@id":"https:\/\/www.sellerlogic.com\/hu\/#website","url":"https:\/\/www.sellerlogic.com\/hu\/","name":"SELLERLOGIC - Smarte Tools f\u00fcr Amazon-Seller","description":"Intelligente Prozessoptimierung und Gewinnmaximierung","publisher":{"@id":"https:\/\/www.sellerlogic.com\/hu\/#organization"},"potentialAction":[{"@type":"SearchAction","target":{"@type":"EntryPoint","urlTemplate":"https:\/\/www.sellerlogic.com\/hu\/?s={search_term_string}"},"query-input":{"@type":"PropertyValueSpecification","valueRequired":true,"valueName":"search_term_string"}}],"inLanguage":"hu-HU"},{"@type":"Organization","@id":"https:\/\/www.sellerlogic.com\/hu\/#organization","name":"SELLERLOGIC","url":"https:\/\/www.sellerlogic.com\/hu\/","logo":{"@type":"ImageObject","inLanguage":"hu-HU","@id":"https:\/\/www.sellerlogic.com\/hu\/#\/schema\/logo\/image\/","url":"https:\/\/d2bw95mh2ee04s.cloudfront.net\/prod\/content\/wp-content\/uploads\/2025\/01\/02134814\/Property-Logo-Main.svg","contentUrl":"https:\/\/d2bw95mh2ee04s.cloudfront.net\/prod\/content\/wp-content\/uploads\/2025\/01\/02134814\/Property-Logo-Main.svg","width":184,"height":40,"caption":"SELLERLOGIC"},"image":{"@id":"https:\/\/www.sellerlogic.com\/hu\/#\/schema\/logo\/image\/"},"sameAs":["https:\/\/www.facebook.com\/SellerLogic\/","https:\/\/x.com\/sellerlogic","https:\/\/www.instagram.com\/sellerlogic\/","https:\/\/www.linkedin.com\/company\/18402037\/","https:\/\/www.youtube.com\/channel\/UC-gULUur-fNj08sprantKsQ"]}]}},"_links":{"self":[{"href":"https:\/\/www.sellerlogic.com\/hu\/wp-json\/wp\/v2\/pages\/225324","targetHints":{"allow":["GET"]}}],"collection":[{"href":"https:\/\/www.sellerlogic.com\/hu\/wp-json\/wp\/v2\/pages"}],"about":[{"href":"https:\/\/www.sellerlogic.com\/hu\/wp-json\/wp\/v2\/types\/page"}],"author":[{"embeddable":true,"href":"https:\/\/www.sellerlogic.com\/hu\/wp-json\/wp\/v2\/users\/8"}],"replies":[{"embeddable":true,"href":"https:\/\/www.sellerlogic.com\/hu\/wp-json\/wp\/v2\/comments?post=225324"}],"version-history":[{"count":0,"href":"https:\/\/www.sellerlogic.com\/hu\/wp-json\/wp\/v2\/pages\/225324\/revisions"}],"up":[{"embeddable":true,"href":"https:\/\/www.sellerlogic.com\/hu\/wp-json\/wp\/v2\/pages\/225390"}],"wp:attachment":[{"href":"https:\/\/www.sellerlogic.com\/hu\/wp-json\/wp\/v2\/media?parent=225324"}],"curies":[{"name":"wp","href":"https:\/\/api.w.org\/{rel}","templated":true}]}}