
{"id":225354,"date":"2020-12-18T08:11:11","date_gmt":"2020-12-18T08:11:11","guid":{"rendered":"https:\/\/127.0.0.1\/resources\/success-story-meinemarkenmode\/"},"modified":"2020-12-18T08:11:11","modified_gmt":"2020-12-18T08:11:11","slug":"success-story-meinemarkenmode","status":"publish","type":"page","link":"https:\/\/www.sellerlogic.com\/hu\/resources\/success-story-meinemarkenmode\/","title":{"rendered":"Siker T\u00f6rt\u00e9net: meinemarkenmode.de HU"},"content":{"rendered":"\n\t<div  class=\"theme-wp-block theme-block-main-header is-style-full-height desktop-align-full xl-align-full lg-align-full md-align-full sm-align-full desktop-content-align-y-center desktop-content-align-x-center xl-content-align-y-center xl-content-align-x-center lg-content-align-y-center lg-content-align-x-center md-content-align-y-center md-content-align-x-center sm-content-align-y-center sm-content-align-x-center gb-responsive-720212-identifier theme-block-cover\">\n\t\t<div class=\"bg-cover theme-lazy-load-bg\"><\/div>\n\t\t<div class=\"wrap-content-main-header\">\n\t\t\t\t\t<div  class=\"theme-wp-block theme-block-text-and-text desktop-align-wide xl-align-wide lg-align-wide md-align-wide sm-align-wide gb-responsive-366658-identifier desktop-blockDirection-column xl-blockDirection-column lg-blockDirection-column md-blockDirection-column sm-blockDirection-column\">\n\t\t<div class=\"tat-column-wrap-wrapper\">\n\t\t\t<div class=\"tat-column-wrapper\">\n\t\t\t\t\t<div  class=\"theme-wp-block theme-block-text-and-text-column gb-responsive-923660-identifier desktop-horizontal-center xl-horizontal-center lg-horizontal-center md-horizontal-center sm-horizontal-center\">\n\t\t<div class=\"inner-wrap-column-content\">\n\t\t\t<div class=\"inner-column-content\">\n\t\t\t\t\t\t<p  class=\"theme-wp-block theme-block-heading is-style-default desktop-text-center xl-text-center lg-text-center md-text-center sm-text-center gb-responsive-948994-identifier h2\">\n\t\tT\u00f6bb p\u00e9nz, kevesebb probl\u00e9ma\t<\/p>\n\n\t\t<h1  class=\"theme-wp-block theme-block-heading gb-responsive-522772-identifier is-style-default desktop-text-center xl-text-center lg-text-center md-text-center sm-text-center h1\">\n\t\tHogyan kapott a meinemarkenmode 6 sz\u00e1mjegy\u0171 visszat\u00e9r\u00edt\u00e9st az Amazont\u00f3l\t<\/h1>\n\n\t\t\t<\/div>\n\t\t<\/div>\n\t<\/div>\n\t<div  class=\"theme-wp-block theme-block-text-and-text-column gb-responsive-441362-identifier\">\n\t\t<div class=\"inner-wrap-column-content\">\n\t\t\t<div class=\"inner-column-content\">\n\t\t\t\t\t\t\t<\/div>\n\t\t<\/div>\n\t<\/div>\n\t\t\t<\/div>\n\t\t<\/div>\n\t<\/div>\n\n\t\t<\/div>\n\t<\/div>\n\n<div style=\"height:50px\" aria-hidden=\"true\" class=\"theme-wp-block wp-block-spacer\"><\/div><div class=\"theme-wp-block wp-block-columns gb-responsive-34913-identifier is-layout-flex wp-container-core-columns-is-layout-9d6595d7 wp-block-columns-is-layout-flex\"><div class=\"theme-wp-block wp-block-column gb-responsive-118097-identifier is-layout-flow wp-block-column-is-layout-flow\" style=\"flex-basis:25%\"><figure class=\"theme-wp-block wp-block-image size-large is-resized gb-responsive-62921-identifier\"><img decoding=\"async\" src=\"https:\/\/d2bw95mh2ee04s.cloudfront.net\/prod\/content\/wp-content\/uploads\/2020\/12\/23142728\/MMM-Logo_2-844x154.png\" alt=\"Siker T\u00f6rt\u00e9net: meinemarkenmode.de EN\" class=\"wp-image-4742\" width=\"300\" height=\"55\" srcset=\"https:\/\/d2bw95mh2ee04s.cloudfront.net\/prod\/content\/wp-content\/uploads\/2020\/12\/23142728\/MMM-Logo_2-407x74.png 407w, https:\/\/d2bw95mh2ee04s.cloudfront.net\/prod\/content\/wp-content\/uploads\/2020\/12\/23142728\/MMM-Logo_2-768x141.png 768w, https:\/\/d2bw95mh2ee04s.cloudfront.net\/prod\/content\/wp-content\/uploads\/2020\/12\/23142728\/MMM-Logo_2-844x154.png 844w, https:\/\/d2bw95mh2ee04s.cloudfront.net\/prod\/content\/wp-content\/uploads\/2020\/12\/23142728\/MMM-Logo_2.png 1000w\" sizes=\"(max-width: 300px) 100vw, 300px\" \/><\/figure><p class=\"theme-wp-block gb-responsive-595107-identifier\"><strong>Alap\u00edt\u00e1s:<\/strong><br>2009<\/p><p class=\"theme-wp-block gb-responsive-627172-identifier\"><strong>Ipar\u00e1g:<\/strong><br>Divat<\/p><p class=\"theme-wp-block gb-responsive-331586-identifier\"><strong>T\u00e9telek az Amazonon:\u00a0<\/strong><br>30.000<\/p><p class=\"theme-wp-block gb-responsive-485766-identifier\"><strong>K\u00fcldem\u00e9nyek:<\/strong><br>kb. 150.000 havonta<\/p><\/div><div class=\"theme-wp-block wp-block-column gb-responsive-36942-identifier is-layout-flow wp-block-column-is-layout-flow\" style=\"flex-basis:50%\"><h3 class=\"theme-wp-block wp-block-heading gb-responsive-34353-identifier\" id=\"block-c06fce04-ef87-4ffc-a3d6-b768ba377d17\">H\u00e1tt\u00e9r:<\/h3><p class=\"theme-wp-block gb-responsive-767855-identifier desktop-gb-has-no-icon xl-gb-has-no-icon lg-gb-has-no-icon md-gb-has-no-icon sm-gb-has-no-icon\">A rakt\u00e1raikba be- \u00e9s kimen\u0151 \u00f6sszes k\u00e9szlettel Alexander Charatzoglou tiszt\u00e1ban volt azzal, hogy a hib\u00e1k elker\u00fclhetetlenek. Eddig a lev\u00e9lrendel\u0151 c\u00e9gnek nem volt olyan folyamata, amely lehet\u0151v\u00e9 tette volna minden egyes hiba azonos\u00edt\u00e1s\u00e1t, am\u00edg Alexander r\u00e9szt nem vett egy Amazon elad\u00f3 workshopon, amely megold\u00e1st k\u00edn\u00e1lt.<\/p><p class=\"theme-wp-block desktop-gb-has-no-icon xl-gb-has-no-icon lg-gb-has-no-icon md-gb-has-no-icon sm-gb-has-no-icon gb-responsive-7132-identifier\">A meinmarkenmode.de t\u00f6rt\u00e9nete nagyon hasonl\u00edt az amerikai \u00e1lom protot\u00edpus\u00e1ra.<\/p><p class=\"theme-wp-block desktop-gb-has-no-icon xl-gb-has-no-icon lg-gb-has-no-icon md-gb-has-no-icon sm-gb-has-no-icon gb-responsive-663910-identifier\">Tanulm\u00e1nyai finansz\u00edroz\u00e1s\u00e1hoz a jelenlegi \u00fcgyvezet\u0151 igazgat\u00f3, Eugen Allerborn 2009-ben elkezdett kereskedni az eBay-en. Ahogy a c\u00e9g n\u00f6vekedett, szembe kellett n\u00e9znie azzal a d\u00f6nt\u00e9ssel, hogy befejezze-e tanulm\u00e1nyait, vagy otthagyja az egyetemet, \u00e9s minden idej\u00e9t a munk\u00e1j\u00e1nak szentelje. Az ut\u00f3bbit v\u00e1lasztotta: egy olyan d\u00f6nt\u00e9st, amely sok kem\u00e9ny munk\u00e1hoz, de m\u00e9g t\u00f6bb sikerhez vezetett. Ma, \u00fczlett\u00e1rs\u00e1val \u00e9s bar\u00e1tj\u00e1val, Timo Bethlehem-mel egy\u00fctt egy sikeres online v\u00e1llalkoz\u00e1st vezet 50 alkalmazottal k\u00e9t helysz\u00ednen.<\/p><h3 class=\"theme-wp-block wp-block-heading gb-responsive-182281-identifier desktop-gb-has-no-icon xl-gb-has-no-icon lg-gb-has-no-icon md-gb-has-no-icon sm-gb-has-no-icon\">Kezd\u00e9s:<\/h3><p class=\"theme-wp-block gb-responsive-262664-identifier desktop-gb-has-no-icon xl-gb-has-no-icon lg-gb-has-no-icon md-gb-has-no-icon sm-gb-has-no-icon\">\u201eVil\u00e1gos volt sz\u00e1munkra, hogy k\u00e9szletet vesz\u00edt\u00fcnk az FBA rakt\u00e1rakban. T\u00f6bb mint 30.000 t\u00e9tellel 20 rakt\u00e1rban \u00e9s az ebb\u0151l ad\u00f3d\u00f3 k\u00e9szletmozg\u00e1sokkal ez elker\u00fclhetetlen\u201d, magyar\u00e1zza Alexander, aki 2012 \u00f3ta a meinmarkenmode.de \u00e9rt\u00e9kes\u00edt\u00e9si menedzsmentj\u00e9nek vezet\u0151je. \u201eDe ahogy ez gyakran el\u0151fordul, t\u00fal sok m\u00e1s feladat volt, amelyek magasabb priorit\u00e1st \u00e9lveztek. Ezenk\u00edv\u00fcl hi\u00e1nyzott a kapacit\u00e1sunk a folyamatok manu\u00e1lis ellen\u0151rz\u00e9s\u00e9re.\u201d<\/p><p class=\"theme-wp-block gb-responsive-587817-identifier desktop-gb-has-no-icon xl-gb-has-no-icon lg-gb-has-no-icon md-gb-has-no-icon sm-gb-has-no-icon\">Ez csak akkor v\u00e1ltozott meg, amikor Alexander egy besz\u00e9lget\u00e9st folytatott err\u0151l a t\u00e9m\u00e1r\u00f3l egy m\u00e1sik kiskeresked\u0151vel egy Amazon workshopon. \u201eA koll\u00e9g\u00e1m az SELLERLOGIC Lost &#038; Found pilot \u00fcgyfelei k\u00f6z\u00e9 tartozott. Amikor mes\u00e9lt nekem egy kezdeti visszat\u00e9r\u00edt\u00e9sr\u0151l, amely egy kisaut\u00f3 \u00e9rt\u00e9k\u00e9vel volt egyenl\u0151, annyira leny\u0171g\u00f6z\u00f6tt, hogy ennek az eszk\u00f6znek a kipr\u00f3b\u00e1l\u00e1sa a priorit\u00e1si list\u00e1m \u00e9l\u00e9re ker\u00fclt,\u201d eml\u00e9kszik vissza Alexander.<\/p><h3 class=\"theme-wp-block wp-block-heading gb-responsive-115756-identifier\">Megold\u00e1s:<\/h3><p class=\"theme-wp-block gb-responsive-231780-identifier\">A koll\u00e9g\u00e1ja pozit\u00edv tapasztalata alapj\u00e1n a meinmarkenmode.de sz\u00e1m\u00e1ra soha nem fontolgattak m\u00e1s megold\u00e1st, mint az Lost &#038; Found.<\/p><p class=\"theme-wp-block gb-responsive-392728-identifier desktop-gb-has-no-icon xl-gb-has-no-icon lg-gb-has-no-icon md-gb-has-no-icon sm-gb-has-no-icon\"><br>Alexander felid\u00e9zi az els\u0151 tapasztalatokat az SELLERLOGIC szoftver\u00e9vel: \u201eAz SELLERLOGIC-val val\u00f3 bevezet\u00e9s rendk\u00edv\u00fcl egyszer\u0171 \u00e9s kellemes volt. A megold\u00e1s intuit\u00edv, \u00e9s b\u00e1rki haszn\u00e1lhatja egy r\u00f6vid k\u00e9pz\u00e9si id\u0151 ut\u00e1n. Mi\u00f3ta elind\u00edtottuk, nem volt sz\u00fcks\u00e9g semmilyen t\u00e1mogat\u00e1sra. M\u00e9g akkor sem, amikor az \u00fcgykezel\u00e9st \u00faj alkalmazottakra b\u00edztuk \u2013 ez igaz\u00e1n figyelemre m\u00e9lt\u00f3!\u201d. Egy pillanat m\u00falva hozz\u00e1teszi: \u201eAz eszk\u00f6z rendk\u00edv\u00fcl hat\u00e9kony is. Az intuit\u00edv m\u0171k\u00f6d\u00e9se m\u00f6g\u00f6tt egy nagyon kifinomult rendszer \u00e1ll, amely nagym\u00e9rt\u00e9kben egyszer\u0171s\u00edti az \u00fcgyek feldolgoz\u00e1s\u00e1t.\u201d<\/p><div class=\"theme-block-group-wrap\"><div class=\"theme-wp-block wp-block-group gb-responsive-88118-identifier\">\t\t<div  class=\"theme-wp-block theme-block-user-card gb-responsive-799176-identifier is-style-full-width-line desktop-gb-has-no-icon xl-gb-has-no-icon lg-gb-has-no-icon md-gb-has-no-icon sm-gb-has-no-icon\">\n\t\t<div class=\"wrap-inner-content\">\n\t\t\t<div class=\"card-user-head\">\n\t\t\t\t<div class=\"card-user-avatar\">\n\t\t\t\t\t<div class=\"cover-avatar\" style=\"background-image: url(https:\/\/d2bw95mh2ee04s.cloudfront.net\/prod\/content\/wp-content\/uploads\/2020\/12\/23142728\/alexander_charatzoglou_raute.png);\"><\/div>\n\t\t\t\t<\/div>\n\t\t\t\t<div class=\"wrap-title\">\n\t\t\t\t\t<div class=\"card-user-name\">\n\t\t\t\t\t\t<div class=\"title\">\n\t\t\t\t\t\t\t<h3 class=\"heading-text\"><strong>Alexander Charatzoglou<\/strong><\/h3>\n\t\t\t\t\t\t<\/div>\n\t\t\t\t\t\t<div class=\"card-user-position\">\n\t\t\t\t\t\t\t<div class=\"card-text\"><strong>\u00c9rt\u00e9kes\u00edt\u00e9si menedzsment vezet\u0151je a meinmarkenmode.de-n<\/strong><\/div>\n\t\t\t\t\t\t<\/div>\n\t\t\t\t\t<\/div>\n\t\t\t\t\t<div class=\"card-user-quote-icon\">\n\t\t\t\t\t<\/div>\n\t\t\t\t<\/div>\n\t\t\t<\/div>\n\t\t\t<div class=\"card-user-text\">\n\t\t\t\t<div class=\"card-text\"><p>&#8220;SELLERLOGIC Lost &amp; Found val\u00f3ban egy\u00e9rtelm\u0171 v\u00e1laszt\u00e1s. \u00c9s nemcsak gazdas\u00e1gi \u00e9rtelemben. Az alacsony k\u00f6lts\u00e9gek, az eszk\u00f6z, a m\u00f6g\u00f6tte \u00e1ll\u00f3 technol\u00f3gia, a szolg\u00e1ltat\u00e1sok \u00e9s a m\u00f6g\u00f6tte \u00e1ll\u00f3 csapat \u2013 egyszer\u0171en minden \u2013 hozz\u00e1j\u00e1rul a teljes el\u00e9gedetts\u00e9g\u00fcnkh\u00f6z.&#8221;<\/p><p><\/p><\/div>\n\t\t\t<\/div>\n\t\t<\/div>\n\t<\/div>\n\n<\/div><\/div><h3 class=\"theme-wp-block wp-block-heading gb-responsive-595368-identifier\">Sikeres Eredm\u00e9nyek az SELLERLOGIC-val:<\/h3><p class=\"theme-wp-block gb-responsive-905876-identifier desktop-gb-has-no-icon xl-gb-has-no-icon lg-gb-has-no-icon md-gb-has-no-icon sm-gb-has-no-icon\">Mi\u00f3ta elindultak az SELLERLOGIC Lost &#038; Found-el, a meinmarkenmode.de k\u00f6r\u00fclbel\u00fcl 200.000 eur\u00f3 \u00e9rt\u00e9k\u0171 visszat\u00e9r\u00edt\u00e9st tudott ig\u00e9nyelni. \u201eEz m\u00e1r nem egy kisaut\u00f3, hanem egy eg\u00e9sz h\u00e1z,\u201d nevet Alexander.<\/p><p class=\"theme-wp-block gb-responsive-208143-identifier desktop-gb-has-no-icon xl-gb-has-no-icon lg-gb-has-no-icon md-gb-has-no-icon sm-gb-has-no-icon\">\u00cdgy a val\u00f3s k\u00e9szletvesztes\u00e9g az FBA rakt\u00e1rakban egy\u00e9rtelm\u0171en meghaladta a c\u00e9g elv\u00e1r\u00e1sait. Ugyanakkor a meinmarkenmode.de profit\u00e1l a kifinomult rendszerb\u0151l, amely olyan hib\u00e1kat is felfedez, amelyek val\u00f3sz\u00edn\u0171leg \u00e9szrev\u00e9tlenek maradn\u00e1nak, ha manu\u00e1lisan keresn\u00e9k \u0151ket. Alexander sz\u00e1m\u00e1ra az emberi kapcsolat az SELLERLOGIC-val \u00e9ppolyan fontos. Sz\u00e1m\u00e1ra az SELLERLOGIC nemcsak egy eszk\u00f6z, amelyet a c\u00e9ge haszn\u00e1l, hanem \u00e9rt\u00e9keli a teljes csapatot \u00e9s annak szolg\u00e1ltat\u00e1s\u00e1t is.<\/p><p class=\"theme-wp-block gb-responsive-355671-identifier desktop-gb-has-no-icon xl-gb-has-no-icon lg-gb-has-no-icon md-gb-has-no-icon sm-gb-has-no-icon\">\u00d6sszegz\u00e9sk\u00e9ppen vil\u00e1gos dics\u00e9r\u0151 szavakat fogalmaz meg: \u201eAz SELLERLOGIC Lost &#038; Found val\u00f3ban egy\u00e9rtelm\u0171 v\u00e1laszt\u00e1s. \u00c9s nemcsak gazdas\u00e1gi \u00e9rtelemben. Az alacsony k\u00f6lts\u00e9gek, az eszk\u00f6z, a m\u00f6g\u00f6tte \u00e1ll\u00f3 technol\u00f3gia, a szolg\u00e1ltat\u00e1sok \u00e9s a m\u00f6g\u00f6tte \u00e1ll\u00f3 csapat \u2013 egyszer\u0171en minden \u2013 hozz\u00e1j\u00e1rul a teljes el\u00e9gedetts\u00e9g\u00fcnkh\u00f6z\u201c.<\/p><div class=\"theme-wp-block wp-block-buttons gb-responsive-497426-identifier is-layout-flex wp-block-buttons-is-layout-flex\"><div class=\"theme-wp-block wp-block-button gb-responsive-38220-identifier is-style-theme-transparent-with-arrow\"><a class=\"wp-block-button__link wp-element-button\" href=\"https:\/\/d2bw95mh2ee04s.cloudfront.net\/prod\/content\/files\/SUCCESS-STORIES\/EN\/NEU_SELLERLOGIC_Success-Story_meinemarkenmode_EN.pdf\" target=\"_blank\" rel=\"noreferrer noopener nofollow\">T\u00f6ltse le most!<\/a><\/div><\/div><\/div><div class=\"theme-wp-block wp-block-column gb-responsive-638649-identifier is-layout-flow wp-block-column-is-layout-flow\" style=\"flex-basis:25%\"><\/div><\/div><p class=\"theme-wp-block gb-responsive-554668-identifier\"><\/p>","protected":false},"excerpt":{"rendered":"<p>Alap\u00edt\u00e1s:2009 Ipar\u00e1g:Divat T\u00e9telek az Amazonon:\u00a030.000 K\u00fcldem\u00e9nyek:kb. 150.000 havonta H\u00e1tt\u00e9r: A rakt\u00e1raikba be- \u00e9s kimen\u0151 \u00f6sszes k\u00e9szlettel Alexander Charatzoglou tiszt\u00e1ban volt azzal, hogy a hib\u00e1k elker\u00fclhetetlenek. Eddig a lev\u00e9lrendel\u0151 c\u00e9gnek nem volt olyan folyamata, amely lehet\u0151v\u00e9 tette volna minden egyes hiba azonos\u00edt\u00e1s\u00e1t, am\u00edg Alexander r\u00e9szt nem vett egy Amazon elad\u00f3 workshopon, amely megold\u00e1st k\u00edn\u00e1lt. A meinmarkenmode.de<\/p>\n","protected":false},"author":3,"featured_media":0,"parent":225390,"menu_order":0,"comment_status":"closed","ping_status":"closed","template":"","meta":{"sidebar_recommended_resources":{"data":[]},"sidebar_header_settings":{"hide_buttons":{"register":false}},"_use_new_theme":false,"inline_featured_image":false,"footnotes":""},"class_list":["post-225354","page","type-page","status-publish","hentry"],"yoast_head":"<!-- This site is optimized with the Yoast SEO plugin v26.8 - https:\/\/yoast.com\/product\/yoast-seo-wordpress\/ -->\n<title>Hogyan lehet 6 sz\u00e1mjegy\u0171 visszat\u00e9r\u00edt\u00e9st kapni az Amazont\u00f3l | SELLERLOGIC<\/title>\n<meta name=\"description\" content=\"SELLERLOGIC Lost &amp; Found elemzi az \u00f6sszes FBA hib\u00e1t. Olvassa el itt, hogyan kapott a meinmarkenmode.de visszat\u00e9r\u00edt\u00e9seket egy csal\u00e1di h\u00e1z \u00e9rt\u00e9k\u00e9ben!\" \/>\n<meta name=\"robots\" content=\"index, follow, max-snippet:-1, max-image-preview:large, max-video-preview:-1\" \/>\n<link rel=\"canonical\" href=\"https:\/\/www.sellerlogic.com\/hu\/resources\/success-story-meinemarkenmode\/\" \/>\n<meta property=\"og:locale\" content=\"hu_HU\" \/>\n<meta property=\"og:type\" content=\"article\" \/>\n<meta property=\"og:title\" content=\"Hogyan lehet 6 sz\u00e1mjegy\u0171 visszat\u00e9r\u00edt\u00e9st kapni az Amazont\u00f3l | SELLERLOGIC\" \/>\n<meta property=\"og:description\" content=\"SELLERLOGIC Lost &amp; Found elemzi az \u00f6sszes FBA hib\u00e1t. Olvassa el itt, hogyan kapott a meinmarkenmode.de visszat\u00e9r\u00edt\u00e9seket egy csal\u00e1di h\u00e1z \u00e9rt\u00e9k\u00e9ben!\" \/>\n<meta property=\"og:url\" content=\"https:\/\/www.sellerlogic.com\/hu\/resources\/success-story-meinemarkenmode\/\" \/>\n<meta property=\"og:site_name\" content=\"SELLERLOGIC - Smarte Tools f\u00fcr Amazon-Seller\" \/>\n<meta property=\"article:publisher\" content=\"https:\/\/www.facebook.com\/SellerLogic\/\" \/>\n<meta property=\"og:image\" content=\"https:\/\/www.sellerlogic.com\/wp-content\/uploads\/2020\/12\/MMM-Logo_2-844x154.png\" \/>\n<meta name=\"twitter:card\" content=\"summary_large_image\" \/>\n<meta name=\"twitter:site\" content=\"@sellerlogic\" \/>\n<meta name=\"twitter:label1\" content=\"Est. reading time\" \/>\n\t<meta name=\"twitter:data1\" content=\"3 minutes\" \/>\n<script type=\"application\/ld+json\" class=\"yoast-schema-graph\">{\"@context\":\"https:\/\/schema.org\",\"@graph\":[{\"@type\":\"WebPage\",\"@id\":\"https:\/\/www.sellerlogic.com\/hu\/resources\/success-story-meinemarkenmode\/\",\"url\":\"https:\/\/www.sellerlogic.com\/hu\/resources\/success-story-meinemarkenmode\/\",\"name\":\"Hogyan lehet 6 sz\u00e1mjegy\u0171 visszat\u00e9r\u00edt\u00e9st kapni az Amazont\u00f3l | SELLERLOGIC\",\"isPartOf\":{\"@id\":\"https:\/\/www.sellerlogic.com\/hu\/#website\"},\"primaryImageOfPage\":{\"@id\":\"https:\/\/www.sellerlogic.com\/hu\/resources\/success-story-meinemarkenmode\/#primaryimage\"},\"image\":{\"@id\":\"https:\/\/www.sellerlogic.com\/hu\/resources\/success-story-meinemarkenmode\/#primaryimage\"},\"thumbnailUrl\":\"https:\/\/www.sellerlogic.com\/wp-content\/uploads\/2020\/12\/MMM-Logo_2-844x154.png\",\"datePublished\":\"2020-12-18T08:11:11+00:00\",\"description\":\"SELLERLOGIC Lost & Found elemzi az \u00f6sszes FBA hib\u00e1t. Olvassa el itt, hogyan kapott a meinmarkenmode.de visszat\u00e9r\u00edt\u00e9seket egy csal\u00e1di h\u00e1z \u00e9rt\u00e9k\u00e9ben!\",\"breadcrumb\":{\"@id\":\"https:\/\/www.sellerlogic.com\/hu\/resources\/success-story-meinemarkenmode\/#breadcrumb\"},\"inLanguage\":\"hu-HU\",\"potentialAction\":[{\"@type\":\"ReadAction\",\"target\":[\"https:\/\/www.sellerlogic.com\/hu\/resources\/success-story-meinemarkenmode\/\"]}]},{\"@type\":\"ImageObject\",\"inLanguage\":\"hu-HU\",\"@id\":\"https:\/\/www.sellerlogic.com\/hu\/resources\/success-story-meinemarkenmode\/#primaryimage\",\"url\":\"https:\/\/www.sellerlogic.com\/wp-content\/uploads\/2020\/12\/MMM-Logo_2-844x154.png\",\"contentUrl\":\"https:\/\/www.sellerlogic.com\/wp-content\/uploads\/2020\/12\/MMM-Logo_2-844x154.png\"},{\"@type\":\"BreadcrumbList\",\"@id\":\"https:\/\/www.sellerlogic.com\/hu\/resources\/success-story-meinemarkenmode\/#breadcrumb\",\"itemListElement\":[{\"@type\":\"ListItem\",\"position\":1,\"name\":\"Home\",\"item\":\"https:\/\/www.sellerlogic.com\/hu\/\"},{\"@type\":\"ListItem\",\"position\":2,\"name\":\"Ressourcen EN\",\"item\":\"https:\/\/www.sellerlogic.com\/hu\/resources\/\"},{\"@type\":\"ListItem\",\"position\":3,\"name\":\"Siker T\u00f6rt\u00e9net: meinemarkenmode.de HU\"}]},{\"@type\":\"WebSite\",\"@id\":\"https:\/\/www.sellerlogic.com\/hu\/#website\",\"url\":\"https:\/\/www.sellerlogic.com\/hu\/\",\"name\":\"SELLERLOGIC - Smarte Tools f\u00fcr Amazon-Seller\",\"description\":\"Intelligente Prozessoptimierung und Gewinnmaximierung\",\"publisher\":{\"@id\":\"https:\/\/www.sellerlogic.com\/hu\/#organization\"},\"potentialAction\":[{\"@type\":\"SearchAction\",\"target\":{\"@type\":\"EntryPoint\",\"urlTemplate\":\"https:\/\/www.sellerlogic.com\/hu\/?s={search_term_string}\"},\"query-input\":{\"@type\":\"PropertyValueSpecification\",\"valueRequired\":true,\"valueName\":\"search_term_string\"}}],\"inLanguage\":\"hu-HU\"},{\"@type\":\"Organization\",\"@id\":\"https:\/\/www.sellerlogic.com\/hu\/#organization\",\"name\":\"SELLERLOGIC\",\"url\":\"https:\/\/www.sellerlogic.com\/hu\/\",\"logo\":{\"@type\":\"ImageObject\",\"inLanguage\":\"hu-HU\",\"@id\":\"https:\/\/www.sellerlogic.com\/hu\/#\/schema\/logo\/image\/\",\"url\":\"https:\/\/d2bw95mh2ee04s.cloudfront.net\/prod\/content\/wp-content\/uploads\/2025\/01\/02134814\/Property-Logo-Main.svg\",\"contentUrl\":\"https:\/\/d2bw95mh2ee04s.cloudfront.net\/prod\/content\/wp-content\/uploads\/2025\/01\/02134814\/Property-Logo-Main.svg\",\"width\":184,\"height\":40,\"caption\":\"SELLERLOGIC\"},\"image\":{\"@id\":\"https:\/\/www.sellerlogic.com\/hu\/#\/schema\/logo\/image\/\"},\"sameAs\":[\"https:\/\/www.facebook.com\/SellerLogic\/\",\"https:\/\/x.com\/sellerlogic\",\"https:\/\/www.instagram.com\/sellerlogic\/\",\"https:\/\/www.linkedin.com\/company\/18402037\/\",\"https:\/\/www.youtube.com\/channel\/UC-gULUur-fNj08sprantKsQ\"]}]}<\/script>\n<!-- \/ Yoast SEO plugin. -->","yoast_head_json":{"title":"Hogyan lehet 6 sz\u00e1mjegy\u0171 visszat\u00e9r\u00edt\u00e9st kapni az Amazont\u00f3l | SELLERLOGIC","description":"SELLERLOGIC Lost & Found elemzi az \u00f6sszes FBA hib\u00e1t. Olvassa el itt, hogyan kapott a meinmarkenmode.de visszat\u00e9r\u00edt\u00e9seket egy csal\u00e1di h\u00e1z \u00e9rt\u00e9k\u00e9ben!","robots":{"index":"index","follow":"follow","max-snippet":"max-snippet:-1","max-image-preview":"max-image-preview:large","max-video-preview":"max-video-preview:-1"},"canonical":"https:\/\/www.sellerlogic.com\/hu\/resources\/success-story-meinemarkenmode\/","og_locale":"hu_HU","og_type":"article","og_title":"Hogyan lehet 6 sz\u00e1mjegy\u0171 visszat\u00e9r\u00edt\u00e9st kapni az Amazont\u00f3l | SELLERLOGIC","og_description":"SELLERLOGIC Lost & Found elemzi az \u00f6sszes FBA hib\u00e1t. Olvassa el itt, hogyan kapott a meinmarkenmode.de visszat\u00e9r\u00edt\u00e9seket egy csal\u00e1di h\u00e1z \u00e9rt\u00e9k\u00e9ben!","og_url":"https:\/\/www.sellerlogic.com\/hu\/resources\/success-story-meinemarkenmode\/","og_site_name":"SELLERLOGIC - Smarte Tools f\u00fcr Amazon-Seller","article_publisher":"https:\/\/www.facebook.com\/SellerLogic\/","og_image":[{"url":"https:\/\/www.sellerlogic.com\/wp-content\/uploads\/2020\/12\/MMM-Logo_2-844x154.png","type":"","width":"","height":""}],"twitter_card":"summary_large_image","twitter_site":"@sellerlogic","twitter_misc":{"Est. reading time":"3 minutes"},"schema":{"@context":"https:\/\/schema.org","@graph":[{"@type":"WebPage","@id":"https:\/\/www.sellerlogic.com\/hu\/resources\/success-story-meinemarkenmode\/","url":"https:\/\/www.sellerlogic.com\/hu\/resources\/success-story-meinemarkenmode\/","name":"Hogyan lehet 6 sz\u00e1mjegy\u0171 visszat\u00e9r\u00edt\u00e9st kapni az Amazont\u00f3l | SELLERLOGIC","isPartOf":{"@id":"https:\/\/www.sellerlogic.com\/hu\/#website"},"primaryImageOfPage":{"@id":"https:\/\/www.sellerlogic.com\/hu\/resources\/success-story-meinemarkenmode\/#primaryimage"},"image":{"@id":"https:\/\/www.sellerlogic.com\/hu\/resources\/success-story-meinemarkenmode\/#primaryimage"},"thumbnailUrl":"https:\/\/www.sellerlogic.com\/wp-content\/uploads\/2020\/12\/MMM-Logo_2-844x154.png","datePublished":"2020-12-18T08:11:11+00:00","description":"SELLERLOGIC Lost & Found elemzi az \u00f6sszes FBA hib\u00e1t. Olvassa el itt, hogyan kapott a meinmarkenmode.de visszat\u00e9r\u00edt\u00e9seket egy csal\u00e1di h\u00e1z \u00e9rt\u00e9k\u00e9ben!","breadcrumb":{"@id":"https:\/\/www.sellerlogic.com\/hu\/resources\/success-story-meinemarkenmode\/#breadcrumb"},"inLanguage":"hu-HU","potentialAction":[{"@type":"ReadAction","target":["https:\/\/www.sellerlogic.com\/hu\/resources\/success-story-meinemarkenmode\/"]}]},{"@type":"ImageObject","inLanguage":"hu-HU","@id":"https:\/\/www.sellerlogic.com\/hu\/resources\/success-story-meinemarkenmode\/#primaryimage","url":"https:\/\/www.sellerlogic.com\/wp-content\/uploads\/2020\/12\/MMM-Logo_2-844x154.png","contentUrl":"https:\/\/www.sellerlogic.com\/wp-content\/uploads\/2020\/12\/MMM-Logo_2-844x154.png"},{"@type":"BreadcrumbList","@id":"https:\/\/www.sellerlogic.com\/hu\/resources\/success-story-meinemarkenmode\/#breadcrumb","itemListElement":[{"@type":"ListItem","position":1,"name":"Home","item":"https:\/\/www.sellerlogic.com\/hu\/"},{"@type":"ListItem","position":2,"name":"Ressourcen EN","item":"https:\/\/www.sellerlogic.com\/hu\/resources\/"},{"@type":"ListItem","position":3,"name":"Siker T\u00f6rt\u00e9net: meinemarkenmode.de HU"}]},{"@type":"WebSite","@id":"https:\/\/www.sellerlogic.com\/hu\/#website","url":"https:\/\/www.sellerlogic.com\/hu\/","name":"SELLERLOGIC - Smarte Tools f\u00fcr Amazon-Seller","description":"Intelligente Prozessoptimierung und Gewinnmaximierung","publisher":{"@id":"https:\/\/www.sellerlogic.com\/hu\/#organization"},"potentialAction":[{"@type":"SearchAction","target":{"@type":"EntryPoint","urlTemplate":"https:\/\/www.sellerlogic.com\/hu\/?s={search_term_string}"},"query-input":{"@type":"PropertyValueSpecification","valueRequired":true,"valueName":"search_term_string"}}],"inLanguage":"hu-HU"},{"@type":"Organization","@id":"https:\/\/www.sellerlogic.com\/hu\/#organization","name":"SELLERLOGIC","url":"https:\/\/www.sellerlogic.com\/hu\/","logo":{"@type":"ImageObject","inLanguage":"hu-HU","@id":"https:\/\/www.sellerlogic.com\/hu\/#\/schema\/logo\/image\/","url":"https:\/\/d2bw95mh2ee04s.cloudfront.net\/prod\/content\/wp-content\/uploads\/2025\/01\/02134814\/Property-Logo-Main.svg","contentUrl":"https:\/\/d2bw95mh2ee04s.cloudfront.net\/prod\/content\/wp-content\/uploads\/2025\/01\/02134814\/Property-Logo-Main.svg","width":184,"height":40,"caption":"SELLERLOGIC"},"image":{"@id":"https:\/\/www.sellerlogic.com\/hu\/#\/schema\/logo\/image\/"},"sameAs":["https:\/\/www.facebook.com\/SellerLogic\/","https:\/\/x.com\/sellerlogic","https:\/\/www.instagram.com\/sellerlogic\/","https:\/\/www.linkedin.com\/company\/18402037\/","https:\/\/www.youtube.com\/channel\/UC-gULUur-fNj08sprantKsQ"]}]}},"_links":{"self":[{"href":"https:\/\/www.sellerlogic.com\/hu\/wp-json\/wp\/v2\/pages\/225354","targetHints":{"allow":["GET"]}}],"collection":[{"href":"https:\/\/www.sellerlogic.com\/hu\/wp-json\/wp\/v2\/pages"}],"about":[{"href":"https:\/\/www.sellerlogic.com\/hu\/wp-json\/wp\/v2\/types\/page"}],"author":[{"embeddable":true,"href":"https:\/\/www.sellerlogic.com\/hu\/wp-json\/wp\/v2\/users\/3"}],"replies":[{"embeddable":true,"href":"https:\/\/www.sellerlogic.com\/hu\/wp-json\/wp\/v2\/comments?post=225354"}],"version-history":[{"count":0,"href":"https:\/\/www.sellerlogic.com\/hu\/wp-json\/wp\/v2\/pages\/225354\/revisions"}],"up":[{"embeddable":true,"href":"https:\/\/www.sellerlogic.com\/hu\/wp-json\/wp\/v2\/pages\/225390"}],"wp:attachment":[{"href":"https:\/\/www.sellerlogic.com\/hu\/wp-json\/wp\/v2\/media?parent=225354"}],"curies":[{"name":"wp","href":"https:\/\/api.w.org\/{rel}","templated":true}]}}