
{"id":225366,"date":"2020-12-09T14:09:30","date_gmt":"2020-12-09T14:09:30","guid":{"rendered":"https:\/\/127.0.0.1\/resources\/download-factsheet-repricer\/"},"modified":"2020-12-09T14:09:30","modified_gmt":"2020-12-09T14:09:30","slug":"download-factsheet-repricer","status":"publish","type":"page","link":"https:\/\/www.sellerlogic.com\/hu\/resources\/download-factsheet-repricer\/","title":{"rendered":"T\u00f6ltse le a t\u00e9nylapot Repricer"},"content":{"rendered":"\n\t<div  class=\"theme-wp-block theme-block-main-header desktop-align-full xl-align-full lg-align-full md-align-full sm-align-full desktop-content-align-y-center desktop-content-align-x-center xl-content-align-y-center xl-content-align-x-center lg-content-align-y-center lg-content-align-x-center md-content-align-y-center md-content-align-x-center sm-content-align-y-center sm-content-align-x-center desktop-gb-has-no-icon xl-gb-has-no-icon lg-gb-has-no-icon md-gb-has-no-icon sm-gb-has-no-icon gb-responsive-537623-identifier is-style-default theme-block-cover\">\n\t\t<div class=\"bg-cover theme-lazy-load-bg\"><\/div>\n\t\t<div class=\"wrap-content-main-header\">\n\t\t\t\t\t<div  class=\"theme-wp-block theme-block-text-and-text desktop-align-wide xl-align-wide lg-align-wide md-align-wide sm-align-wide desktop-gb-has-no-icon xl-gb-has-no-icon lg-gb-has-no-icon md-gb-has-no-icon sm-gb-has-no-icon desktop-blockDirection-row xl-blockDirection-row lg-blockDirection-row md-blockDirection-row sm-blockDirection-row gb-responsive-557074-identifier alignwide\">\n\t\t<div class=\"tat-column-wrap-wrapper\">\n\t\t\t<div class=\"tat-column-wrapper\">\n\t\t\t\t\t<div  class=\"theme-wp-block theme-block-text-and-text-column desktop-gb-has-no-icon xl-gb-has-no-icon lg-gb-has-no-icon md-gb-has-no-icon sm-gb-has-no-icon gb-responsive-901442-identifier desktop-horizontal-center xl-horizontal-center lg-horizontal-center md-horizontal-center sm-horizontal-center\">\n\t\t<div class=\"inner-wrap-column-content\">\n\t\t\t<div class=\"inner-column-content\">\n\t\t\t\t\t\t<h1 id=\"block-12e198b5-f8eb-4a3c-9e0c-18467e9637af\" class=\"theme-wp-block theme-block-heading desktop-gb-has-no-icon xl-gb-has-no-icon lg-gb-has-no-icon md-gb-has-no-icon sm-gb-has-no-icon desktop-text-center xl-text-center lg-text-center md-text-center sm-text-center gb-responsive-378554-identifier h1\">\n\t\tSELLERLOGIC Repricer az Amazonhoz\t<\/h1>\n\n\t\t<h2 id=\"block-12e198b5-f8eb-4a3c-9e0c-18467e9637af\" class=\"theme-wp-block theme-block-heading desktop-text-center xl-text-center lg-text-center md-text-center sm-text-center gb-responsive-844401-identifier h2\">\n\t\tDinamikus, \u00f6n\u00e1ll\u00f3an tanul\u00f3 \u00e1rmeghat\u00e1roz\u00e1s\t<\/h2>\n\n\t\t\t<\/div>\n\t\t<\/div>\n\t<\/div>\n\t<div  class=\"theme-wp-block theme-block-text-and-text-column desktop-gb-has-no-icon xl-gb-has-no-icon lg-gb-has-no-icon md-gb-has-no-icon sm-gb-has-no-icon gb-responsive-971381-identifier\">\n\t\t<div class=\"inner-wrap-column-content\">\n\t\t\t<div class=\"inner-column-content\">\n\t\t\t\t\t\t\t<\/div>\n\t\t<\/div>\n\t<\/div>\n\t\t\t<\/div>\n\t\t<\/div>\n\t<\/div>\n\n\t\t<\/div>\n\t<\/div>\n\n<div style=\"height:50px\" aria-hidden=\"true\" class=\"theme-wp-block wp-block-spacer\"><\/div>\t\t<div  class=\"theme-wp-block theme-block-text-and-text desktop-blockDirection-row xl-blockDirection-row lg-blockDirection-row md-blockDirection-row gb-responsive-91863-identifier sm-blockDirection-column\">\n\t\t<div class=\"tat-column-wrap-wrapper\">\n\t\t\t<div class=\"tat-column-wrapper\">\n\t\t\t\t\t<div  class=\"theme-wp-block theme-block-text-and-text-column gb-responsive-724792-identifier\">\n\t\t<div class=\"inner-wrap-column-content\">\n\t\t\t<div class=\"inner-column-content\">\n\t\t\t\t\t\t<h2  class=\"theme-wp-block theme-block-heading gb-responsive-276790-identifier is-style-default h3\">\n\t\tA siker receptje az Amazon viszontelad\u00f3i sz\u00e1m\u00e1ra: A legjobb \u00e1r a Buy Box-ben\t<\/h2>\n\n<p class=\"theme-wp-block is-style-default gb-responsive-488408-identifier\">Az Amazonon 100.000 elad\u00f3 versenyez a v\u00e1gyott bev\u00e1s\u00e1rl\u00f3kos\u00e1r mez\u0151\u00e9rt (angolul: Buy Box). Ezt a harcot hevesen v\u00edvj\u00e1k, k\u00fcl\u00f6n\u00f6sen figyelembe v\u00e9ve, hogy az Amazon nem hozza nyilv\u00e1noss\u00e1gra az Buy Box meghat\u00e1roz\u00e1s\u00e1hoz haszn\u00e1lt t\u00e9nyez\u0151ket.<\/p><p class=\"theme-wp-block is-style-default gb-responsive-712622-identifier\">Sok t\u00e9nyez\u0151 nincs k\u00f6zvetlen\u00fcl az elad\u00f3 ir\u00e1ny\u00edt\u00e1sa alatt. Azonban egy biztosan az: AZ \u00c1R.<\/p>\t\t<h3  class=\"theme-wp-block theme-block-heading gb-responsive-764810-identifier is-style-default h3\">\n\t\tNem a legalacsonyabb \u00e1rral, hanem az optim\u00e1lissal\t<\/h3>\n\n<p class=\"theme-wp-block is-style-default gb-responsive-924998-identifier\">A teljes\u00edtm\u00e9ny \u00e1llapot\u00e1t\u00f3l f\u00fcgg\u0151en az SELLERLOGIC Repricer az Amazon sz\u00e1m\u00e1ra el\u0151sz\u00f6r meghat\u00e1rozza azt az \u00e1rat, amelyen az Amazon elad\u00f3 megnyeri az Buy Box-et. Miut\u00e1n ez megval\u00f3sult, az \u00e1r tov\u00e1bb optimaliz\u00e1l\u00e1sra ker\u00fcl. \u00cdgy az Buy Box-et nem a legalacsonyabb \u00e1rral, hanem a lehet\u0151 legmagasabb \u00e1rral nyerik meg.<\/p><p class=\"theme-wp-block is-style-default gb-responsive-79005-identifier\">Mi k\u00fcl\u00f6nb\u00f6zteti meg az SELLERLOGIC Repricer-t az Amazon sz\u00e1m\u00e1ra a t\u00f6bbi \u00e1rk\u00e9pz\u0151t\u0151l, \u00e9s mely strat\u00e9gi\u00e1k seg\u00edthetnek \u00d6nnek megnyerni az Buy Box-et, azt a t\u00e9nylapunkban tal\u00e1lja.<\/p><div class=\"theme-wp-block wp-block-buttons gb-responsive-998044-identifier is-layout-flex wp-block-buttons-is-layout-flex\"><div class=\"theme-wp-block wp-block-button gb-responsive-547103-identifier is-style-theme-blue\"><a class=\"wp-block-button__link wp-element-button\" href=\"https:\/\/d2bw95mh2ee04s.cloudfront.net\/prod\/content\/files\/FACTSHEETS\/DE\/FactSheet_Repricer.pdf\" target=\"_blank\" rel=\"noreferrer noopener nofollow\"><strong>T\u00f6ltse le a t\u00e9nylapot most<\/strong>!<\/a><\/div><\/div>\t\t\t<\/div>\n\t\t<\/div>\n\t<\/div>\n\t<div  class=\"theme-wp-block theme-block-text-and-text-column gb-responsive-626207-identifier\">\n\t\t<div class=\"inner-wrap-column-content\">\n\t\t\t<div class=\"inner-column-content\">\n\t\t\t\t<figure class=\"theme-wp-block wp-block-image size-large is-resized gb-responsive-773053-identifier is-style-default\"><img decoding=\"async\" width=\"476\" height=\"674\" src=\"https:\/\/d2bw95mh2ee04s.cloudfront.net\/prod\/content\/wp-content\/uploads\/2020\/12\/23140627\/factsheet_repricer.gif\" alt=\"T\u00f6ltse le a t\u00e9nylapot Repricer\" class=\"wp-image-4477\" style=\"width:407px;height:576px\"><\/figure>\t\t\t<\/div>\n\t\t<\/div>\n\t<\/div>\n\t\t\t<\/div>\n\t\t<\/div>\n\t<\/div>\n\n<div style=\"height:50px\" aria-hidden=\"true\" class=\"theme-wp-block wp-block-spacer\"><\/div>","protected":false},"excerpt":{"rendered":"","protected":false},"author":8,"featured_media":4489,"parent":225390,"menu_order":0,"comment_status":"closed","ping_status":"closed","template":"","meta":{"sidebar_recommended_resources":{"data":[]},"sidebar_header_settings":{"hide_buttons":{"register":false}},"_use_new_theme":false,"inline_featured_image":false,"footnotes":""},"class_list":["post-225366","page","type-page","status-publish","has-post-thumbnail","hentry"],"yoast_head":"<!-- This site is optimized with the Yoast SEO plugin v26.8 - https:\/\/yoast.com\/product\/yoast-seo-wordpress\/ -->\n<title>SELLERLOGIC - T\u00f6ltse le a t\u00e9nylapot: SELLERLOGIC Repricer az Amazonhoz<\/title>\n<meta name=\"description\" content=\"R\u00f6viden \u00e9s t\u00f6m\u00f6ren minden az SELLERLOGIC Repricer-r\u0151l az Amazonhoz \u2013 A dinamikus, \u00f6n\u00e1ll\u00f3an tanul\u00f3 \u00e1rmeghat\u00e1roz\u00e1s az Buy Box megnyer\u00e9s\u00e9hez.\" \/>\n<meta name=\"robots\" content=\"index, follow, max-snippet:-1, max-image-preview:large, max-video-preview:-1\" \/>\n<link rel=\"canonical\" href=\"https:\/\/www.sellerlogic.com\/hu\/resources\/download-factsheet-repricer\/\" \/>\n<meta property=\"og:locale\" content=\"hu_HU\" \/>\n<meta property=\"og:type\" content=\"article\" \/>\n<meta property=\"og:title\" content=\"SELLERLOGIC - T\u00f6ltse le a t\u00e9nylapot: SELLERLOGIC Repricer az Amazonhoz\" \/>\n<meta property=\"og:description\" content=\"R\u00f6viden \u00e9s t\u00f6m\u00f6ren minden az SELLERLOGIC Repricer-r\u0151l az Amazonhoz \u2013 A dinamikus, \u00f6n\u00e1ll\u00f3an tanul\u00f3 \u00e1rmeghat\u00e1roz\u00e1s az Buy Box megnyer\u00e9s\u00e9hez.\" \/>\n<meta property=\"og:url\" content=\"https:\/\/www.sellerlogic.com\/hu\/resources\/download-factsheet-repricer\/\" \/>\n<meta property=\"og:site_name\" content=\"SELLERLOGIC - Smarte Tools f\u00fcr Amazon-Seller\" \/>\n<meta property=\"article:publisher\" content=\"https:\/\/www.facebook.com\/SellerLogic\/\" \/>\n<meta property=\"og:image\" content=\"https:\/\/d2bw95mh2ee04s.cloudfront.net\/prod\/content\/wp-content\/uploads\/2020\/12\/23140626\/blog-min.jpg\" \/>\n\t<meta property=\"og:image:width\" content=\"844\" \/>\n\t<meta property=\"og:image:height\" content=\"302\" \/>\n\t<meta property=\"og:image:type\" content=\"image\/jpeg\" \/>\n<meta name=\"twitter:card\" content=\"summary_large_image\" \/>\n<meta name=\"twitter:site\" content=\"@sellerlogic\" \/>\n<meta name=\"twitter:label1\" content=\"Est. reading time\" \/>\n\t<meta name=\"twitter:data1\" content=\"1 minute\" \/>\n<script type=\"application\/ld+json\" class=\"yoast-schema-graph\">{\"@context\":\"https:\/\/schema.org\",\"@graph\":[{\"@type\":\"WebPage\",\"@id\":\"https:\/\/www.sellerlogic.com\/hu\/resources\/download-factsheet-repricer\/\",\"url\":\"https:\/\/www.sellerlogic.com\/hu\/resources\/download-factsheet-repricer\/\",\"name\":\"SELLERLOGIC - T\u00f6ltse le a t\u00e9nylapot: SELLERLOGIC Repricer az Amazonhoz\",\"isPartOf\":{\"@id\":\"https:\/\/www.sellerlogic.com\/hu\/#website\"},\"primaryImageOfPage\":{\"@id\":\"https:\/\/www.sellerlogic.com\/hu\/resources\/download-factsheet-repricer\/#primaryimage\"},\"image\":{\"@id\":\"https:\/\/www.sellerlogic.com\/hu\/resources\/download-factsheet-repricer\/#primaryimage\"},\"thumbnailUrl\":\"https:\/\/d2bw95mh2ee04s.cloudfront.net\/prod\/content\/wp-content\/uploads\/2020\/12\/23140626\/blog-min.jpg\",\"datePublished\":\"2020-12-09T14:09:30+00:00\",\"description\":\"R\u00f6viden \u00e9s t\u00f6m\u00f6ren minden az SELLERLOGIC Repricer-r\u0151l az Amazonhoz \u2013 A dinamikus, \u00f6n\u00e1ll\u00f3an tanul\u00f3 \u00e1rmeghat\u00e1roz\u00e1s az Buy Box megnyer\u00e9s\u00e9hez.\",\"breadcrumb\":{\"@id\":\"https:\/\/www.sellerlogic.com\/hu\/resources\/download-factsheet-repricer\/#breadcrumb\"},\"inLanguage\":\"hu-HU\",\"potentialAction\":[{\"@type\":\"ReadAction\",\"target\":[\"https:\/\/www.sellerlogic.com\/hu\/resources\/download-factsheet-repricer\/\"]}]},{\"@type\":\"ImageObject\",\"inLanguage\":\"hu-HU\",\"@id\":\"https:\/\/www.sellerlogic.com\/hu\/resources\/download-factsheet-repricer\/#primaryimage\",\"url\":\"https:\/\/d2bw95mh2ee04s.cloudfront.net\/prod\/content\/wp-content\/uploads\/2020\/12\/23140626\/blog-min.jpg\",\"contentUrl\":\"https:\/\/d2bw95mh2ee04s.cloudfront.net\/prod\/content\/wp-content\/uploads\/2020\/12\/23140626\/blog-min.jpg\",\"width\":844,\"height\":302},{\"@type\":\"BreadcrumbList\",\"@id\":\"https:\/\/www.sellerlogic.com\/hu\/resources\/download-factsheet-repricer\/#breadcrumb\",\"itemListElement\":[{\"@type\":\"ListItem\",\"position\":1,\"name\":\"Home\",\"item\":\"https:\/\/www.sellerlogic.com\/hu\/\"},{\"@type\":\"ListItem\",\"position\":2,\"name\":\"Ressourcen EN\",\"item\":\"https:\/\/www.sellerlogic.com\/hu\/resources\/\"},{\"@type\":\"ListItem\",\"position\":3,\"name\":\"T\u00f6ltse le a t\u00e9nylapot Repricer\"}]},{\"@type\":\"WebSite\",\"@id\":\"https:\/\/www.sellerlogic.com\/hu\/#website\",\"url\":\"https:\/\/www.sellerlogic.com\/hu\/\",\"name\":\"SELLERLOGIC - Smarte Tools f\u00fcr Amazon-Seller\",\"description\":\"Intelligente Prozessoptimierung und Gewinnmaximierung\",\"publisher\":{\"@id\":\"https:\/\/www.sellerlogic.com\/hu\/#organization\"},\"potentialAction\":[{\"@type\":\"SearchAction\",\"target\":{\"@type\":\"EntryPoint\",\"urlTemplate\":\"https:\/\/www.sellerlogic.com\/hu\/?s={search_term_string}\"},\"query-input\":{\"@type\":\"PropertyValueSpecification\",\"valueRequired\":true,\"valueName\":\"search_term_string\"}}],\"inLanguage\":\"hu-HU\"},{\"@type\":\"Organization\",\"@id\":\"https:\/\/www.sellerlogic.com\/hu\/#organization\",\"name\":\"SELLERLOGIC\",\"url\":\"https:\/\/www.sellerlogic.com\/hu\/\",\"logo\":{\"@type\":\"ImageObject\",\"inLanguage\":\"hu-HU\",\"@id\":\"https:\/\/www.sellerlogic.com\/hu\/#\/schema\/logo\/image\/\",\"url\":\"https:\/\/d2bw95mh2ee04s.cloudfront.net\/prod\/content\/wp-content\/uploads\/2025\/01\/02134814\/Property-Logo-Main.svg\",\"contentUrl\":\"https:\/\/d2bw95mh2ee04s.cloudfront.net\/prod\/content\/wp-content\/uploads\/2025\/01\/02134814\/Property-Logo-Main.svg\",\"width\":184,\"height\":40,\"caption\":\"SELLERLOGIC\"},\"image\":{\"@id\":\"https:\/\/www.sellerlogic.com\/hu\/#\/schema\/logo\/image\/\"},\"sameAs\":[\"https:\/\/www.facebook.com\/SellerLogic\/\",\"https:\/\/x.com\/sellerlogic\",\"https:\/\/www.instagram.com\/sellerlogic\/\",\"https:\/\/www.linkedin.com\/company\/18402037\/\",\"https:\/\/www.youtube.com\/channel\/UC-gULUur-fNj08sprantKsQ\"]}]}<\/script>\n<!-- \/ Yoast SEO plugin. -->","yoast_head_json":{"title":"SELLERLOGIC - T\u00f6ltse le a t\u00e9nylapot: SELLERLOGIC Repricer az Amazonhoz","description":"R\u00f6viden \u00e9s t\u00f6m\u00f6ren minden az SELLERLOGIC Repricer-r\u0151l az Amazonhoz \u2013 A dinamikus, \u00f6n\u00e1ll\u00f3an tanul\u00f3 \u00e1rmeghat\u00e1roz\u00e1s az Buy Box megnyer\u00e9s\u00e9hez.","robots":{"index":"index","follow":"follow","max-snippet":"max-snippet:-1","max-image-preview":"max-image-preview:large","max-video-preview":"max-video-preview:-1"},"canonical":"https:\/\/www.sellerlogic.com\/hu\/resources\/download-factsheet-repricer\/","og_locale":"hu_HU","og_type":"article","og_title":"SELLERLOGIC - T\u00f6ltse le a t\u00e9nylapot: SELLERLOGIC Repricer az Amazonhoz","og_description":"R\u00f6viden \u00e9s t\u00f6m\u00f6ren minden az SELLERLOGIC Repricer-r\u0151l az Amazonhoz \u2013 A dinamikus, \u00f6n\u00e1ll\u00f3an tanul\u00f3 \u00e1rmeghat\u00e1roz\u00e1s az Buy Box megnyer\u00e9s\u00e9hez.","og_url":"https:\/\/www.sellerlogic.com\/hu\/resources\/download-factsheet-repricer\/","og_site_name":"SELLERLOGIC - Smarte Tools f\u00fcr Amazon-Seller","article_publisher":"https:\/\/www.facebook.com\/SellerLogic\/","og_image":[{"width":844,"height":302,"url":"https:\/\/d2bw95mh2ee04s.cloudfront.net\/prod\/content\/wp-content\/uploads\/2020\/12\/23140626\/blog-min.jpg","type":"image\/jpeg"}],"twitter_card":"summary_large_image","twitter_site":"@sellerlogic","twitter_misc":{"Est. reading time":"1 minute"},"schema":{"@context":"https:\/\/schema.org","@graph":[{"@type":"WebPage","@id":"https:\/\/www.sellerlogic.com\/hu\/resources\/download-factsheet-repricer\/","url":"https:\/\/www.sellerlogic.com\/hu\/resources\/download-factsheet-repricer\/","name":"SELLERLOGIC - T\u00f6ltse le a t\u00e9nylapot: SELLERLOGIC Repricer az Amazonhoz","isPartOf":{"@id":"https:\/\/www.sellerlogic.com\/hu\/#website"},"primaryImageOfPage":{"@id":"https:\/\/www.sellerlogic.com\/hu\/resources\/download-factsheet-repricer\/#primaryimage"},"image":{"@id":"https:\/\/www.sellerlogic.com\/hu\/resources\/download-factsheet-repricer\/#primaryimage"},"thumbnailUrl":"https:\/\/d2bw95mh2ee04s.cloudfront.net\/prod\/content\/wp-content\/uploads\/2020\/12\/23140626\/blog-min.jpg","datePublished":"2020-12-09T14:09:30+00:00","description":"R\u00f6viden \u00e9s t\u00f6m\u00f6ren minden az SELLERLOGIC Repricer-r\u0151l az Amazonhoz \u2013 A dinamikus, \u00f6n\u00e1ll\u00f3an tanul\u00f3 \u00e1rmeghat\u00e1roz\u00e1s az Buy Box megnyer\u00e9s\u00e9hez.","breadcrumb":{"@id":"https:\/\/www.sellerlogic.com\/hu\/resources\/download-factsheet-repricer\/#breadcrumb"},"inLanguage":"hu-HU","potentialAction":[{"@type":"ReadAction","target":["https:\/\/www.sellerlogic.com\/hu\/resources\/download-factsheet-repricer\/"]}]},{"@type":"ImageObject","inLanguage":"hu-HU","@id":"https:\/\/www.sellerlogic.com\/hu\/resources\/download-factsheet-repricer\/#primaryimage","url":"https:\/\/d2bw95mh2ee04s.cloudfront.net\/prod\/content\/wp-content\/uploads\/2020\/12\/23140626\/blog-min.jpg","contentUrl":"https:\/\/d2bw95mh2ee04s.cloudfront.net\/prod\/content\/wp-content\/uploads\/2020\/12\/23140626\/blog-min.jpg","width":844,"height":302},{"@type":"BreadcrumbList","@id":"https:\/\/www.sellerlogic.com\/hu\/resources\/download-factsheet-repricer\/#breadcrumb","itemListElement":[{"@type":"ListItem","position":1,"name":"Home","item":"https:\/\/www.sellerlogic.com\/hu\/"},{"@type":"ListItem","position":2,"name":"Ressourcen EN","item":"https:\/\/www.sellerlogic.com\/hu\/resources\/"},{"@type":"ListItem","position":3,"name":"T\u00f6ltse le a t\u00e9nylapot Repricer"}]},{"@type":"WebSite","@id":"https:\/\/www.sellerlogic.com\/hu\/#website","url":"https:\/\/www.sellerlogic.com\/hu\/","name":"SELLERLOGIC - Smarte Tools f\u00fcr Amazon-Seller","description":"Intelligente Prozessoptimierung und Gewinnmaximierung","publisher":{"@id":"https:\/\/www.sellerlogic.com\/hu\/#organization"},"potentialAction":[{"@type":"SearchAction","target":{"@type":"EntryPoint","urlTemplate":"https:\/\/www.sellerlogic.com\/hu\/?s={search_term_string}"},"query-input":{"@type":"PropertyValueSpecification","valueRequired":true,"valueName":"search_term_string"}}],"inLanguage":"hu-HU"},{"@type":"Organization","@id":"https:\/\/www.sellerlogic.com\/hu\/#organization","name":"SELLERLOGIC","url":"https:\/\/www.sellerlogic.com\/hu\/","logo":{"@type":"ImageObject","inLanguage":"hu-HU","@id":"https:\/\/www.sellerlogic.com\/hu\/#\/schema\/logo\/image\/","url":"https:\/\/d2bw95mh2ee04s.cloudfront.net\/prod\/content\/wp-content\/uploads\/2025\/01\/02134814\/Property-Logo-Main.svg","contentUrl":"https:\/\/d2bw95mh2ee04s.cloudfront.net\/prod\/content\/wp-content\/uploads\/2025\/01\/02134814\/Property-Logo-Main.svg","width":184,"height":40,"caption":"SELLERLOGIC"},"image":{"@id":"https:\/\/www.sellerlogic.com\/hu\/#\/schema\/logo\/image\/"},"sameAs":["https:\/\/www.facebook.com\/SellerLogic\/","https:\/\/x.com\/sellerlogic","https:\/\/www.instagram.com\/sellerlogic\/","https:\/\/www.linkedin.com\/company\/18402037\/","https:\/\/www.youtube.com\/channel\/UC-gULUur-fNj08sprantKsQ"]}]}},"_links":{"self":[{"href":"https:\/\/www.sellerlogic.com\/hu\/wp-json\/wp\/v2\/pages\/225366","targetHints":{"allow":["GET"]}}],"collection":[{"href":"https:\/\/www.sellerlogic.com\/hu\/wp-json\/wp\/v2\/pages"}],"about":[{"href":"https:\/\/www.sellerlogic.com\/hu\/wp-json\/wp\/v2\/types\/page"}],"author":[{"embeddable":true,"href":"https:\/\/www.sellerlogic.com\/hu\/wp-json\/wp\/v2\/users\/8"}],"replies":[{"embeddable":true,"href":"https:\/\/www.sellerlogic.com\/hu\/wp-json\/wp\/v2\/comments?post=225366"}],"version-history":[{"count":0,"href":"https:\/\/www.sellerlogic.com\/hu\/wp-json\/wp\/v2\/pages\/225366\/revisions"}],"up":[{"embeddable":true,"href":"https:\/\/www.sellerlogic.com\/hu\/wp-json\/wp\/v2\/pages\/225390"}],"wp:featuredmedia":[{"embeddable":true,"href":"https:\/\/www.sellerlogic.com\/hu\/wp-json\/wp\/v2\/media\/4489"}],"wp:attachment":[{"href":"https:\/\/www.sellerlogic.com\/hu\/wp-json\/wp\/v2\/media?parent=225366"}],"curies":[{"name":"wp","href":"https:\/\/api.w.org\/{rel}","templated":true}]}}