
{"id":225375,"date":"2020-12-22T10:05:12","date_gmt":"2020-12-22T10:05:12","guid":{"rendered":"https:\/\/127.0.0.1\/resources\/success-story-dadaro\/"},"modified":"2020-12-22T10:05:12","modified_gmt":"2020-12-22T10:05:12","slug":"success-story-dadaro","status":"publish","type":"page","link":"https:\/\/www.sellerlogic.com\/hu\/resources\/success-story-dadaro\/","title":{"rendered":"Siker T\u00f6rt\u00e9net: Dadaro EN"},"content":{"rendered":"\n\t<div  class=\"theme-wp-block theme-block-main-header is-style-full-height desktop-align-full xl-align-full lg-align-full md-align-full sm-align-full desktop-content-align-y-center desktop-content-align-x-center xl-content-align-y-center xl-content-align-x-center lg-content-align-y-center lg-content-align-x-center md-content-align-y-center md-content-align-x-center sm-content-align-y-center sm-content-align-x-center gb-responsive-439567-identifier theme-block-cover\">\n\t\t<div class=\"bg-cover theme-lazy-load-bg\"><\/div>\n\t\t<div class=\"wrap-content-main-header\">\n\t\t\t\t\t<div  class=\"theme-wp-block theme-block-text-and-text desktop-align-wide xl-align-wide lg-align-wide md-align-wide sm-align-wide gb-responsive-511761-identifier desktop-blockDirection-column xl-blockDirection-column lg-blockDirection-column md-blockDirection-column sm-blockDirection-column\">\n\t\t<div class=\"tat-column-wrap-wrapper\">\n\t\t\t<div class=\"tat-column-wrapper\">\n\t\t\t\t\t<div  class=\"theme-wp-block theme-block-text-and-text-column gb-responsive-24925-identifier desktop-horizontal-center xl-horizontal-center lg-horizontal-center md-horizontal-center sm-horizontal-center\">\n\t\t<div class=\"inner-wrap-column-content\">\n\t\t\t<div class=\"inner-column-content\">\n\t\t\t\t\t\t<h1  class=\"theme-wp-block theme-block-heading gb-responsive-62496-identifier desktop-text-center xl-text-center lg-text-center md-text-center sm-text-center desktop-gb-has-no-icon xl-gb-has-no-icon lg-gb-has-no-icon md-gb-has-no-icon sm-gb-has-no-icon\">\n\t\tMi\u00e9rt nem \u00e9rinti a Dadaro-t a vil\u00e1gj\u00e1rv\u00e1ny?\t<\/h1>\n\n\t\t\t<\/div>\n\t\t<\/div>\n\t<\/div>\n\t<div  class=\"theme-wp-block theme-block-text-and-text-column gb-responsive-195365-identifier\">\n\t\t<div class=\"inner-wrap-column-content\">\n\t\t\t<div class=\"inner-column-content\">\n\t\t\t\t\t\t\t<\/div>\n\t\t<\/div>\n\t<\/div>\n\t\t\t<\/div>\n\t\t<\/div>\n\t<\/div>\n\n\t\t<\/div>\n\t<\/div>\n\n<div style=\"height:50px\" aria-hidden=\"true\" class=\"theme-wp-block wp-block-spacer\"><\/div><div class=\"theme-wp-block wp-block-columns gb-responsive-586014-identifier is-layout-flex wp-container-core-columns-is-layout-9d6595d7 wp-block-columns-is-layout-flex\"><div class=\"theme-wp-block wp-block-column gb-responsive-33587-identifier is-layout-flow wp-block-column-is-layout-flow\" style=\"flex-basis:25%\"><figure class=\"theme-wp-block wp-block-image size-large is-resized gb-responsive-62921-identifier\"><img decoding=\"async\" src=\"https:\/\/d2bw95mh2ee04s.cloudfront.net\/prod\/content\/wp-content\/uploads\/2020\/12\/23142718\/logo-monde-petit.png\" alt=\"Siker T\u00f6rt\u00e9net: Dadaro EN\" class=\"wp-image-5012\" width=\"300\" height=\"264\" srcset=\"https:\/\/d2bw95mh2ee04s.cloudfront.net\/prod\/content\/wp-content\/uploads\/2020\/12\/23142718\/logo-monde-petit-407x358.png 407w, https:\/\/d2bw95mh2ee04s.cloudfront.net\/prod\/content\/wp-content\/uploads\/2020\/12\/23142718\/logo-monde-petit.png 600w\" sizes=\"(max-width: 300px) 100vw, 300px\" \/><\/figure><p class=\"theme-wp-block gb-responsive-263243-identifier\"><strong>Alap\u00edt\u00e1s:<\/strong><br>2004<\/p><p class=\"theme-wp-block gb-responsive-412647-identifier\"><strong>Ipar\u00e1g:<\/strong><br>\u00c9kszerek \u00e9s nemesf\u00e9mek<\/p><p class=\"theme-wp-block gb-responsive-679138-identifier\"><strong>T\u00e9telek az Amazonon: <\/strong><br>kb. 1.600 SKU<\/p><p class=\"theme-wp-block gb-responsive-236096-identifier\"><strong>K\u00fcldem\u00e9nyek:<\/strong><br>kb. 700 havonta<\/p><\/div><div class=\"theme-wp-block wp-block-column gb-responsive-980941-identifier is-layout-flow wp-block-column-is-layout-flow\" style=\"flex-basis:50%\"><h3 class=\"theme-wp-block wp-block-heading gb-responsive-34353-identifier\" id=\"block-c06fce04-ef87-4ffc-a3d6-b768ba377d17\">H\u00e1tt\u00e9r:<\/h3><p class=\"theme-wp-block gb-responsive-414178-identifier desktop-gb-has-no-icon xl-gb-has-no-icon lg-gb-has-no-icon md-gb-has-no-icon sm-gb-has-no-icon\">2008-ban a csal\u00e1di v\u00e1llalkoz\u00e1s \u2013 amelyet 2004-ben alap\u00edtottak \u00e9s az \u00e9kszerek gy\u00e1rt\u00e1s\u00e1ra, v\u00e1s\u00e1rl\u00e1s\u00e1ra \u00e9s \u00e9rt\u00e9kes\u00edt\u00e9s\u00e9re specializ\u00e1l\u00f3dtak \u2013 l\u00e1tta, hogy a hagyom\u00e1nyos nagykereskedelmi csatorna lassan a v\u00e9g\u00e9hez k\u00f6zeledik. A gazdas\u00e1gi v\u00e1ls\u00e1g \u00e9s az arany \u00e1r\u00e1nak emelked\u00e9se miatt cs\u00f6kkent az \u00e9kszerek v\u00e1s\u00e1rl\u00e1s\u00e1nak ir\u00e1nti kereslet, ami negat\u00edvan hatott az elad\u00e1saikra. Ekkor Luis G\u00f3mez, a Dadaro vez\u00e9rigazgat\u00f3ja, nem k\u00e9telkedett abban, hogy a csal\u00e1di v\u00e1llalkoz\u00e1s megment\u00e9s\u00e9hez \u00e1t kell ugrania az online \u00e9rt\u00e9kes\u00edt\u00e9sbe.<\/p><h3 class=\"theme-wp-block wp-block-heading gb-responsive-846776-identifier desktop-gb-has-no-icon xl-gb-has-no-icon lg-gb-has-no-icon md-gb-has-no-icon sm-gb-has-no-icon\">Kezd\u00e9s:<\/h3><p class=\"theme-wp-block gb-responsive-166194-identifier desktop-gb-has-no-icon xl-gb-has-no-icon lg-gb-has-no-icon md-gb-has-no-icon sm-gb-has-no-icon\">Miut\u00e1n l\u00e9trehozta az \u00e9kszer e-kereskedelmi boltj\u00e1t, a MondePetit-t, Luis 2015-ben \u00fagy d\u00f6nt\u00f6tt, hogy Amazon elad\u00f3v\u00e1 v\u00e1lik. A Dadaro sz\u00e1m\u00e1ra, az akt\u00edv Amazon boltj\u00e1val Spanyolorsz\u00e1gban, azonnal felismerte a lehet\u0151s\u00e9geket, amelyeket a Marketplace k\u00edn\u00e1lt a term\u00e9keinek nemzetk\u00f6zi \u00e9rt\u00e9kes\u00edt\u00e9se szempontj\u00e1b\u00f3l. 2017-ben elkezdett dolgozni az Amazon FBA szolg\u00e1ltat\u00e1saival, ezzel a csal\u00e1di v\u00e1llalkoz\u00e1st nemzetk\u00f6zi szintre emelve, olyan piacokon \u00e9rt\u00e9kes\u00edtve, mint Olaszorsz\u00e1g, N\u00e9metorsz\u00e1g, Franciaorsz\u00e1g \u00e9s az Egyes\u00fclt Kir\u00e1lys\u00e1g.<\/p><p class=\"theme-wp-block gb-responsive-6809-identifier\">\u201eAz Amazon FBA szolg\u00e1ltat\u00e1sainak \u00e9s a t\u00f6bbcsatorn\u00e1s logisztik\u00e1nak a weboldalunkon kereszt\u00fcli haszn\u00e1lata hatalmas hat\u00e1ssal volt a v\u00e1llalkoz\u00e1sunkra\u201d \u2013 er\u0151s\u00edti meg Luis. \u201eAz \u00fcgyf\u00e9lszolg\u00e1lati szempontb\u00f3l nagyon sokat seg\u00edtett, mivel az Amazon k\u00f6zvetlen\u00fcl kezeli az \u00fcgyf\u00e9lk\u00e9r\u00e9seket. Ugyanakkor tudat\u00e1ban voltam annak, hogy \u2013 a kezelt tranzakci\u00f3k mennyis\u00e9g\u00e9vel \u2013 voltak olyan \u00e1ruk, amelyek elvesztek a logisztikai k\u00f6zpontjaikban.\u201d<\/p><h3 class=\"theme-wp-block wp-block-heading gb-responsive-826598-identifier\">Megold\u00e1s:<\/h3><p class=\"theme-wp-block gb-responsive-981559-identifier desktop-gb-has-no-icon xl-gb-has-no-icon lg-gb-has-no-icon md-gb-has-no-icon sm-gb-has-no-icon\">A s\u00falyos lez\u00e1r\u00e1si int\u00e9zked\u00e9sek idej\u00e9n Spanyolorsz\u00e1gban Luis figyelemmel k\u00eds\u00e9rte azokat az aj\u00e1nlatokat, amelyek megjelentek az inbox\u00e1ban. \u00cdgy bukkant r\u00e1 egy e-mailre, amelyet a VGAMZ-t\u00f3l kapott, Spanyolorsz\u00e1g els\u0151 Amazonra specializ\u00e1l\u00f3dott piact\u00e9ri tan\u00e1csad\u00f3 \u00fcgyn\u00f6ks\u00e9g\u00e9t\u0151l: \u201eAz e-mail felkeltette az \u00e9rdekl\u0151d\u00e9semet, \u00e9s mivel \u00e9ppen volt egy kis id\u0151m, \u00fagy d\u00f6nt\u00f6ttem, hogy meghallgatom a VGAMZ podcastj\u00e1t. \u00cdgy tal\u00e1ltam r\u00e1 a Youtube csatorn\u00e1jukra, ahol vide\u00f3s oktat\u00f3anyagokat n\u00e9ztem az Lost &#038; Found eszk\u00f6zr\u0151l, \u00e9s itt fedeztem fel az SELLERLOGIC-t!\u201d \u2013 magyar\u00e1zza Luis. \u201eAzonnal azt mondtam magamnak, hogy ez pontosan az, amire most sz\u00fcks\u00e9gem van. Fel\u00edrtam, \u00e9s n\u00e9h\u00e1ny napon bel\u00fcl l\u00e9trehoztam a fi\u00f3kamat az SELLERLOGIC-n.\u201d<\/p><div class=\"theme-block-group-wrap\"><div class=\"theme-wp-block wp-block-group gb-responsive-88118-identifier\">\t\t<div  class=\"theme-wp-block theme-block-user-card gb-responsive-799176-identifier is-style-full-width-line\">\n\t\t<div class=\"wrap-inner-content\">\n\t\t\t<div class=\"card-user-head\">\n\t\t\t\t<div class=\"card-user-avatar\">\n\t\t\t\t\t<div class=\"cover-avatar\" style=\"background-image: url(https:\/\/d2bw95mh2ee04s.cloudfront.net\/prod\/content\/wp-content\/uploads\/2020\/12\/23142718\/luis-gomez_raute.png);\"><\/div>\n\t\t\t\t<\/div>\n\t\t\t\t<div class=\"wrap-title\">\n\t\t\t\t\t<div class=\"card-user-name\">\n\t\t\t\t\t\t<div class=\"title\">\n\t\t\t\t\t\t\t<h3 class=\"heading-text\"><strong>Luis G\u00f3mez<\/strong><\/h3>\n\t\t\t\t\t\t<\/div>\n\t\t\t\t\t\t<div class=\"card-user-position\">\n\t\t\t\t\t\t\t<div class=\"card-text\"><strong>Vez\u00e9rigazgat\u00f3 a Dadaro-n\u00e1l<\/strong><\/div>\n\t\t\t\t\t\t<\/div>\n\t\t\t\t\t<\/div>\n\t\t\t\t\t<div class=\"card-user-quote-icon\">\n\t\t\t\t\t<\/div>\n\t\t\t\t<\/div>\n\t\t\t<\/div>\n\t\t\t<div class=\"card-user-text\">\n\t\t\t\t<div class=\"card-text\"><p>\u201eA c\u00e9geknek semmi vesz\u00edtenival\u00f3juk nincs e tool haszn\u00e1lat\u00e1val, mindenkinek aj\u00e1nlom, aki Amazon elad\u00f3.\u201c<\/p><p><\/p><\/div>\n\t\t\t<\/div>\n\t\t<\/div>\n\t<\/div>\n\n<\/div><\/div><h3 class=\"theme-wp-block wp-block-heading gb-responsive-727373-identifier desktop-gb-has-no-icon xl-gb-has-no-icon lg-gb-has-no-icon md-gb-has-no-icon sm-gb-has-no-icon\">Sikeres Eredm\u00e9nyek az SELLERLOGIC-val:<\/h3><p class=\"theme-wp-block gb-responsive-306957-identifier\">Minden gyors \u00e9s egyszer\u0171 volt az elej\u00e9t\u0151l fogva, an\u00e9lk\u00fcl, hogy b\u00e1rmilyen seg\u00edts\u00e9get kellett volna k\u00e9rnem az SELLERLOGIC \u00fcgyf\u00e9lszolg\u00e1lati csapat\u00e1t\u00f3l \u2013 mondja Luis. \u201eA regisztr\u00e1ci\u00f3s folyamat egyszer\u0171 volt, \u00e9s az eszk\u00f6z bevezet\u00e9se nagyon k\u00f6nny\u0171. Nagyon r\u00f6vid id\u0151n bel\u00fcl megkezd\u0151dtek az els\u0151 visszat\u00e9r\u00edt\u00e9si esetek. Nem tudtam elhinni, amikor l\u00e1ttam, hogy 117 eset van.\u201d<\/p><p class=\"theme-wp-block gb-responsive-412864-identifier\">\u201eAz a t\u00e9ny, hogy automatiz\u00e1ltam az FBA tranzakci\u00f3k nyomon k\u00f6vet\u00e9s\u00e9nek \u00e9s jelent\u00e9s\u00e9nek teljes folyamat\u00e1t, nagyon hasznos volt, k\u00fcl\u00f6n\u00f6sen a jelenlegi id\u0151kben, amelyekben \u00e9l\u00fcnk. Az inform\u00e1ci\u00f3k m\u00e1sol\u00e1sa \u00e9s beilleszt\u00e9se a k\u00f6vetel\u00e9seim jelent\u00e9s\u00e9hez az Amazonhoz soha nem volt ilyen egyszer\u0171!\u201d<\/p><p class=\"theme-wp-block gb-responsive-741970-identifier\">\u201eAz SELLERLOGIC n\u00e9lk\u00fcl nem tudtam volna megkapni ezt a 3886,91 \u20ac-s visszat\u00e9r\u00edt\u00e9st. Jelenleg, a jelenlegi helyzet miatt, a munkaterhel\u00e9s \u00e9s az Amazonon folyamatosan zajl\u00f3 v\u00e1ltoz\u00e1sokkal, lehetetlen lett volna, hogy foglalkozzam ezzel a k\u00e9rd\u00e9ssel\u201d \u2013 magyar\u00e1zza Luis. \u201eA koronav\u00edrus idej\u00e9n az SELLERLOGIC igazi aj\u00e1nd\u00e9k volt, rem\u00e9lem, hogy hossz\u00fa ideig tudom majd haszn\u00e1lni.\u201d<\/p><div class=\"theme-wp-block wp-block-buttons gb-responsive-497426-identifier is-layout-flex wp-block-buttons-is-layout-flex\"><div class=\"theme-wp-block wp-block-button gb-responsive-38220-identifier is-style-theme-transparent-with-arrow\"><a class=\"wp-block-button__link wp-element-button\" href=\"https:\/\/d2bw95mh2ee04s.cloudfront.net\/prod\/content\/files\/SUCCESS-STORIES\/EN\/SELLERLOGIC_SN_Success-Story_Dadaro_EN.pdf\" target=\"_blank\" rel=\"noreferrer noopener nofollow\">T\u00f6ltse le most!<\/a><\/div><\/div><\/div><div class=\"theme-wp-block wp-block-column gb-responsive-405774-identifier is-layout-flow wp-block-column-is-layout-flow\" style=\"flex-basis:25%\"><\/div><\/div><p class=\"theme-wp-block gb-responsive-527070-identifier\"><\/p>","protected":false},"excerpt":{"rendered":"<p>Alap\u00edt\u00e1s:2004 Ipar\u00e1g:\u00c9kszerek \u00e9s nemesf\u00e9mek T\u00e9telek az Amazonon: kb. 1.600 SKU K\u00fcldem\u00e9nyek:kb. 700 havonta H\u00e1tt\u00e9r: 2008-ban a csal\u00e1di v\u00e1llalkoz\u00e1s \u2013 amelyet 2004-ben alap\u00edtottak \u00e9s az \u00e9kszerek gy\u00e1rt\u00e1s\u00e1ra, v\u00e1s\u00e1rl\u00e1s\u00e1ra \u00e9s \u00e9rt\u00e9kes\u00edt\u00e9s\u00e9re specializ\u00e1l\u00f3dtak \u2013 l\u00e1tta, hogy a hagyom\u00e1nyos nagykereskedelmi csatorna lassan a v\u00e9g\u00e9hez k\u00f6zeledik. A gazdas\u00e1gi v\u00e1ls\u00e1g \u00e9s az arany \u00e1r\u00e1nak emelked\u00e9se miatt cs\u00f6kkent az \u00e9kszerek v\u00e1s\u00e1rl\u00e1s\u00e1nak ir\u00e1nti<\/p>\n","protected":false},"author":3,"featured_media":0,"parent":225390,"menu_order":0,"comment_status":"closed","ping_status":"closed","template":"","meta":{"sidebar_recommended_resources":{"data":[]},"sidebar_header_settings":{"hide_buttons":{"register":false}},"_use_new_theme":false,"inline_featured_image":false,"footnotes":""},"class_list":["post-225375","page","type-page","status-publish","hentry"],"yoast_head":"<!-- This site is optimized with the Yoast SEO plugin v26.8 - https:\/\/yoast.com\/product\/yoast-seo-wordpress\/ -->\n<title>Hogyan seg\u00edtett az Lost &amp; Found a Dadaro-nak a korona v\u00e1ls\u00e1g idej\u00e9n | SELLERLOGIC<\/title>\n<meta name=\"description\" content=\"Sok elad\u00f3 sz\u00e1m\u00e1ra 2020 neh\u00e9z \u00e9v volt. Tudja meg, hogyan haszn\u00e1lta a Dadaro az Lost &amp; Found eszk\u00f6zt a v\u00e1ls\u00e1g kezel\u00e9s\u00e9re. Olvassa el most!\" \/>\n<meta name=\"robots\" content=\"index, follow, max-snippet:-1, max-image-preview:large, max-video-preview:-1\" \/>\n<link rel=\"canonical\" href=\"https:\/\/www.sellerlogic.com\/hu\/resources\/success-story-dadaro\/\" \/>\n<meta property=\"og:locale\" content=\"hu_HU\" \/>\n<meta property=\"og:type\" content=\"article\" \/>\n<meta property=\"og:title\" content=\"Hogyan seg\u00edtett az Lost &amp; Found a Dadaro-nak a korona v\u00e1ls\u00e1g idej\u00e9n | SELLERLOGIC\" \/>\n<meta property=\"og:description\" content=\"Sok elad\u00f3 sz\u00e1m\u00e1ra 2020 neh\u00e9z \u00e9v volt. Tudja meg, hogyan haszn\u00e1lta a Dadaro az Lost &amp; Found eszk\u00f6zt a v\u00e1ls\u00e1g kezel\u00e9s\u00e9re. Olvassa el most!\" \/>\n<meta property=\"og:url\" content=\"https:\/\/www.sellerlogic.com\/hu\/resources\/success-story-dadaro\/\" \/>\n<meta property=\"og:site_name\" content=\"SELLERLOGIC - Smarte Tools f\u00fcr Amazon-Seller\" \/>\n<meta property=\"article:publisher\" content=\"https:\/\/www.facebook.com\/SellerLogic\/\" \/>\n<meta property=\"og:image\" content=\"https:\/\/www.sellerlogic.com\/wp-content\/uploads\/2020\/12\/logo-monde-petit.png\" \/>\n<meta name=\"twitter:card\" content=\"summary_large_image\" \/>\n<meta name=\"twitter:site\" content=\"@sellerlogic\" \/>\n<meta name=\"twitter:label1\" content=\"Est. reading time\" \/>\n\t<meta name=\"twitter:data1\" content=\"3 minutes\" \/>\n<script type=\"application\/ld+json\" class=\"yoast-schema-graph\">{\"@context\":\"https:\/\/schema.org\",\"@graph\":[{\"@type\":\"WebPage\",\"@id\":\"https:\/\/www.sellerlogic.com\/hu\/resources\/success-story-dadaro\/\",\"url\":\"https:\/\/www.sellerlogic.com\/hu\/resources\/success-story-dadaro\/\",\"name\":\"Hogyan seg\u00edtett az Lost & Found a Dadaro-nak a korona v\u00e1ls\u00e1g idej\u00e9n | SELLERLOGIC\",\"isPartOf\":{\"@id\":\"https:\/\/www.sellerlogic.com\/hu\/#website\"},\"primaryImageOfPage\":{\"@id\":\"https:\/\/www.sellerlogic.com\/hu\/resources\/success-story-dadaro\/#primaryimage\"},\"image\":{\"@id\":\"https:\/\/www.sellerlogic.com\/hu\/resources\/success-story-dadaro\/#primaryimage\"},\"thumbnailUrl\":\"https:\/\/www.sellerlogic.com\/wp-content\/uploads\/2020\/12\/logo-monde-petit.png\",\"datePublished\":\"2020-12-22T10:05:12+00:00\",\"description\":\"Sok elad\u00f3 sz\u00e1m\u00e1ra 2020 neh\u00e9z \u00e9v volt. Tudja meg, hogyan haszn\u00e1lta a Dadaro az Lost & Found eszk\u00f6zt a v\u00e1ls\u00e1g kezel\u00e9s\u00e9re. Olvassa el most!\",\"breadcrumb\":{\"@id\":\"https:\/\/www.sellerlogic.com\/hu\/resources\/success-story-dadaro\/#breadcrumb\"},\"inLanguage\":\"hu-HU\",\"potentialAction\":[{\"@type\":\"ReadAction\",\"target\":[\"https:\/\/www.sellerlogic.com\/hu\/resources\/success-story-dadaro\/\"]}]},{\"@type\":\"ImageObject\",\"inLanguage\":\"hu-HU\",\"@id\":\"https:\/\/www.sellerlogic.com\/hu\/resources\/success-story-dadaro\/#primaryimage\",\"url\":\"https:\/\/www.sellerlogic.com\/wp-content\/uploads\/2020\/12\/logo-monde-petit.png\",\"contentUrl\":\"https:\/\/www.sellerlogic.com\/wp-content\/uploads\/2020\/12\/logo-monde-petit.png\"},{\"@type\":\"BreadcrumbList\",\"@id\":\"https:\/\/www.sellerlogic.com\/hu\/resources\/success-story-dadaro\/#breadcrumb\",\"itemListElement\":[{\"@type\":\"ListItem\",\"position\":1,\"name\":\"Home\",\"item\":\"https:\/\/www.sellerlogic.com\/hu\/\"},{\"@type\":\"ListItem\",\"position\":2,\"name\":\"Ressourcen EN\",\"item\":\"https:\/\/www.sellerlogic.com\/hu\/resources\/\"},{\"@type\":\"ListItem\",\"position\":3,\"name\":\"Siker T\u00f6rt\u00e9net: Dadaro EN\"}]},{\"@type\":\"WebSite\",\"@id\":\"https:\/\/www.sellerlogic.com\/hu\/#website\",\"url\":\"https:\/\/www.sellerlogic.com\/hu\/\",\"name\":\"SELLERLOGIC - Smarte Tools f\u00fcr Amazon-Seller\",\"description\":\"Intelligente Prozessoptimierung und Gewinnmaximierung\",\"publisher\":{\"@id\":\"https:\/\/www.sellerlogic.com\/hu\/#organization\"},\"potentialAction\":[{\"@type\":\"SearchAction\",\"target\":{\"@type\":\"EntryPoint\",\"urlTemplate\":\"https:\/\/www.sellerlogic.com\/hu\/?s={search_term_string}\"},\"query-input\":{\"@type\":\"PropertyValueSpecification\",\"valueRequired\":true,\"valueName\":\"search_term_string\"}}],\"inLanguage\":\"hu-HU\"},{\"@type\":\"Organization\",\"@id\":\"https:\/\/www.sellerlogic.com\/hu\/#organization\",\"name\":\"SELLERLOGIC\",\"url\":\"https:\/\/www.sellerlogic.com\/hu\/\",\"logo\":{\"@type\":\"ImageObject\",\"inLanguage\":\"hu-HU\",\"@id\":\"https:\/\/www.sellerlogic.com\/hu\/#\/schema\/logo\/image\/\",\"url\":\"https:\/\/d2bw95mh2ee04s.cloudfront.net\/prod\/content\/wp-content\/uploads\/2025\/01\/02134814\/Property-Logo-Main.svg\",\"contentUrl\":\"https:\/\/d2bw95mh2ee04s.cloudfront.net\/prod\/content\/wp-content\/uploads\/2025\/01\/02134814\/Property-Logo-Main.svg\",\"width\":184,\"height\":40,\"caption\":\"SELLERLOGIC\"},\"image\":{\"@id\":\"https:\/\/www.sellerlogic.com\/hu\/#\/schema\/logo\/image\/\"},\"sameAs\":[\"https:\/\/www.facebook.com\/SellerLogic\/\",\"https:\/\/x.com\/sellerlogic\",\"https:\/\/www.instagram.com\/sellerlogic\/\",\"https:\/\/www.linkedin.com\/company\/18402037\/\",\"https:\/\/www.youtube.com\/channel\/UC-gULUur-fNj08sprantKsQ\"]}]}<\/script>\n<!-- \/ Yoast SEO plugin. -->","yoast_head_json":{"title":"Hogyan seg\u00edtett az Lost & Found a Dadaro-nak a korona v\u00e1ls\u00e1g idej\u00e9n | SELLERLOGIC","description":"Sok elad\u00f3 sz\u00e1m\u00e1ra 2020 neh\u00e9z \u00e9v volt. Tudja meg, hogyan haszn\u00e1lta a Dadaro az Lost & Found eszk\u00f6zt a v\u00e1ls\u00e1g kezel\u00e9s\u00e9re. Olvassa el most!","robots":{"index":"index","follow":"follow","max-snippet":"max-snippet:-1","max-image-preview":"max-image-preview:large","max-video-preview":"max-video-preview:-1"},"canonical":"https:\/\/www.sellerlogic.com\/hu\/resources\/success-story-dadaro\/","og_locale":"hu_HU","og_type":"article","og_title":"Hogyan seg\u00edtett az Lost & Found a Dadaro-nak a korona v\u00e1ls\u00e1g idej\u00e9n | SELLERLOGIC","og_description":"Sok elad\u00f3 sz\u00e1m\u00e1ra 2020 neh\u00e9z \u00e9v volt. Tudja meg, hogyan haszn\u00e1lta a Dadaro az Lost & Found eszk\u00f6zt a v\u00e1ls\u00e1g kezel\u00e9s\u00e9re. Olvassa el most!","og_url":"https:\/\/www.sellerlogic.com\/hu\/resources\/success-story-dadaro\/","og_site_name":"SELLERLOGIC - Smarte Tools f\u00fcr Amazon-Seller","article_publisher":"https:\/\/www.facebook.com\/SellerLogic\/","og_image":[{"url":"https:\/\/www.sellerlogic.com\/wp-content\/uploads\/2020\/12\/logo-monde-petit.png","type":"","width":"","height":""}],"twitter_card":"summary_large_image","twitter_site":"@sellerlogic","twitter_misc":{"Est. reading time":"3 minutes"},"schema":{"@context":"https:\/\/schema.org","@graph":[{"@type":"WebPage","@id":"https:\/\/www.sellerlogic.com\/hu\/resources\/success-story-dadaro\/","url":"https:\/\/www.sellerlogic.com\/hu\/resources\/success-story-dadaro\/","name":"Hogyan seg\u00edtett az Lost & Found a Dadaro-nak a korona v\u00e1ls\u00e1g idej\u00e9n | SELLERLOGIC","isPartOf":{"@id":"https:\/\/www.sellerlogic.com\/hu\/#website"},"primaryImageOfPage":{"@id":"https:\/\/www.sellerlogic.com\/hu\/resources\/success-story-dadaro\/#primaryimage"},"image":{"@id":"https:\/\/www.sellerlogic.com\/hu\/resources\/success-story-dadaro\/#primaryimage"},"thumbnailUrl":"https:\/\/www.sellerlogic.com\/wp-content\/uploads\/2020\/12\/logo-monde-petit.png","datePublished":"2020-12-22T10:05:12+00:00","description":"Sok elad\u00f3 sz\u00e1m\u00e1ra 2020 neh\u00e9z \u00e9v volt. Tudja meg, hogyan haszn\u00e1lta a Dadaro az Lost & Found eszk\u00f6zt a v\u00e1ls\u00e1g kezel\u00e9s\u00e9re. Olvassa el most!","breadcrumb":{"@id":"https:\/\/www.sellerlogic.com\/hu\/resources\/success-story-dadaro\/#breadcrumb"},"inLanguage":"hu-HU","potentialAction":[{"@type":"ReadAction","target":["https:\/\/www.sellerlogic.com\/hu\/resources\/success-story-dadaro\/"]}]},{"@type":"ImageObject","inLanguage":"hu-HU","@id":"https:\/\/www.sellerlogic.com\/hu\/resources\/success-story-dadaro\/#primaryimage","url":"https:\/\/www.sellerlogic.com\/wp-content\/uploads\/2020\/12\/logo-monde-petit.png","contentUrl":"https:\/\/www.sellerlogic.com\/wp-content\/uploads\/2020\/12\/logo-monde-petit.png"},{"@type":"BreadcrumbList","@id":"https:\/\/www.sellerlogic.com\/hu\/resources\/success-story-dadaro\/#breadcrumb","itemListElement":[{"@type":"ListItem","position":1,"name":"Home","item":"https:\/\/www.sellerlogic.com\/hu\/"},{"@type":"ListItem","position":2,"name":"Ressourcen EN","item":"https:\/\/www.sellerlogic.com\/hu\/resources\/"},{"@type":"ListItem","position":3,"name":"Siker T\u00f6rt\u00e9net: Dadaro EN"}]},{"@type":"WebSite","@id":"https:\/\/www.sellerlogic.com\/hu\/#website","url":"https:\/\/www.sellerlogic.com\/hu\/","name":"SELLERLOGIC - Smarte Tools f\u00fcr Amazon-Seller","description":"Intelligente Prozessoptimierung und Gewinnmaximierung","publisher":{"@id":"https:\/\/www.sellerlogic.com\/hu\/#organization"},"potentialAction":[{"@type":"SearchAction","target":{"@type":"EntryPoint","urlTemplate":"https:\/\/www.sellerlogic.com\/hu\/?s={search_term_string}"},"query-input":{"@type":"PropertyValueSpecification","valueRequired":true,"valueName":"search_term_string"}}],"inLanguage":"hu-HU"},{"@type":"Organization","@id":"https:\/\/www.sellerlogic.com\/hu\/#organization","name":"SELLERLOGIC","url":"https:\/\/www.sellerlogic.com\/hu\/","logo":{"@type":"ImageObject","inLanguage":"hu-HU","@id":"https:\/\/www.sellerlogic.com\/hu\/#\/schema\/logo\/image\/","url":"https:\/\/d2bw95mh2ee04s.cloudfront.net\/prod\/content\/wp-content\/uploads\/2025\/01\/02134814\/Property-Logo-Main.svg","contentUrl":"https:\/\/d2bw95mh2ee04s.cloudfront.net\/prod\/content\/wp-content\/uploads\/2025\/01\/02134814\/Property-Logo-Main.svg","width":184,"height":40,"caption":"SELLERLOGIC"},"image":{"@id":"https:\/\/www.sellerlogic.com\/hu\/#\/schema\/logo\/image\/"},"sameAs":["https:\/\/www.facebook.com\/SellerLogic\/","https:\/\/x.com\/sellerlogic","https:\/\/www.instagram.com\/sellerlogic\/","https:\/\/www.linkedin.com\/company\/18402037\/","https:\/\/www.youtube.com\/channel\/UC-gULUur-fNj08sprantKsQ"]}]}},"_links":{"self":[{"href":"https:\/\/www.sellerlogic.com\/hu\/wp-json\/wp\/v2\/pages\/225375","targetHints":{"allow":["GET"]}}],"collection":[{"href":"https:\/\/www.sellerlogic.com\/hu\/wp-json\/wp\/v2\/pages"}],"about":[{"href":"https:\/\/www.sellerlogic.com\/hu\/wp-json\/wp\/v2\/types\/page"}],"author":[{"embeddable":true,"href":"https:\/\/www.sellerlogic.com\/hu\/wp-json\/wp\/v2\/users\/3"}],"replies":[{"embeddable":true,"href":"https:\/\/www.sellerlogic.com\/hu\/wp-json\/wp\/v2\/comments?post=225375"}],"version-history":[{"count":0,"href":"https:\/\/www.sellerlogic.com\/hu\/wp-json\/wp\/v2\/pages\/225375\/revisions"}],"up":[{"embeddable":true,"href":"https:\/\/www.sellerlogic.com\/hu\/wp-json\/wp\/v2\/pages\/225390"}],"wp:attachment":[{"href":"https:\/\/www.sellerlogic.com\/hu\/wp-json\/wp\/v2\/media?parent=225375"}],"curies":[{"name":"wp","href":"https:\/\/api.w.org\/{rel}","templated":true}]}}