
{"id":225399,"date":"2020-12-18T10:57:32","date_gmt":"2020-12-18T10:57:32","guid":{"rendered":"https:\/\/127.0.0.1\/resources\/success-story-sport-hesse\/"},"modified":"2020-12-18T10:57:32","modified_gmt":"2020-12-18T10:57:32","slug":"success-story-sport-hesse","status":"publish","type":"page","link":"https:\/\/www.sellerlogic.com\/hu\/resources\/success-story-sport-hesse\/","title":{"rendered":"Success Story: Sport Hesse EN"},"content":{"rendered":"\n\t<div  class=\"theme-wp-block theme-block-main-header is-style-full-height desktop-align-full xl-align-full lg-align-full md-align-full sm-align-full desktop-content-align-y-center desktop-content-align-x-center xl-content-align-y-center xl-content-align-x-center lg-content-align-y-center lg-content-align-x-center md-content-align-y-center md-content-align-x-center sm-content-align-y-center sm-content-align-x-center gb-responsive-131969-identifier theme-block-cover\">\n\t\t<div class=\"bg-cover theme-lazy-load-bg\"><\/div>\n\t\t<div class=\"wrap-content-main-header\">\n\t\t\t\t\t<div  class=\"theme-wp-block theme-block-text-and-text desktop-blockDirection-row xl-blockDirection-row lg-blockDirection-row md-blockDirection-row sm-blockDirection-row gb-responsive-2306-identifier desktop-align-full xl-align-full lg-align-full md-align-full sm-align-full desktop-vertical-top xl-vertical-top lg-vertical-top md-vertical-top sm-vertical-top alignfull\">\n\t\t<div class=\"tat-column-wrap-wrapper\">\n\t\t\t<div class=\"tat-column-wrapper\">\n\t\t\t\t\t<div  class=\"theme-wp-block theme-block-text-and-text-column gb-responsive-708373-identifier\">\n\t\t<div class=\"inner-wrap-column-content\">\n\t\t\t<div class=\"inner-column-content\">\n\t\t\t\t\t\t<h1  class=\"theme-wp-block theme-block-heading is-style-default desktop-text-center xl-text-center lg-text-center md-text-center sm-text-center desktop-align-wide xl-align-wide lg-align-wide md-align-wide sm-align-wide gb-responsive-599464-identifier alignwide h1 has-text-align\">\n\t\tWinning Through Personalized Expertise\t<\/h1>\n\n\t\t<h2  class=\"theme-wp-block theme-block-heading is-style-default desktop-text-center xl-text-center lg-text-center md-text-center sm-text-center desktop-align-wide xl-align-wide lg-align-wide md-align-wide sm-align-wide gb-responsive-17576-identifier alignwide h2 has-text-align\">\n\t\tSport-Hesse &amp; SELLERLOGIC\t<\/h2>\n\n\t\t\t<\/div>\n\t\t<\/div>\n\t<\/div>\n\t<div  class=\"theme-wp-block theme-block-text-and-text-column gb-responsive-976923-identifier\">\n\t\t<div class=\"inner-wrap-column-content\">\n\t\t\t<div class=\"inner-column-content\">\n\t\t\t\t\t\t\t<\/div>\n\t\t<\/div>\n\t<\/div>\n\t\t\t<\/div>\n\t\t<\/div>\n\t<\/div>\n\n\t\t<\/div>\n\t<\/div>\n\n<div style=\"height:50px\" aria-hidden=\"true\" class=\"theme-wp-block wp-block-spacer\"><\/div><div class=\"theme-wp-block wp-block-columns gb-responsive-759712-identifier is-layout-flex wp-container-core-columns-is-layout-9d6595d7 wp-block-columns-is-layout-flex\"><div class=\"theme-wp-block wp-block-column gb-responsive-24590-identifier is-layout-flow wp-block-column-is-layout-flow\" style=\"flex-basis:25%\"><figure class=\"theme-wp-block wp-block-image size-large is-resized gb-responsive-62921-identifier\"><img decoding=\"async\" width=\"500\" height=\"357\" src=\"https:\/\/d2bw95mh2ee04s.cloudfront.net\/prod\/content\/wp-content\/uploads\/2020\/12\/23142723\/logo-sport-hesse.png\" alt=\"Success Story: Sport Hesse EN\" class=\"wp-image-4836\" style=\"width:176px;height:125px\" srcset=\"https:\/\/d2bw95mh2ee04s.cloudfront.net\/prod\/content\/wp-content\/uploads\/2020\/12\/23142723\/logo-sport-hesse-407x291.png 407w, https:\/\/d2bw95mh2ee04s.cloudfront.net\/prod\/content\/wp-content\/uploads\/2020\/12\/23142723\/logo-sport-hesse.png 500w\" sizes=\"(max-width: 500px) 100vw, 500px\" \/><\/figure><p class=\"theme-wp-block gb-responsive-160011-identifier\"><strong>Alap\u00edt\u00e1s:<\/strong><br>1984<\/p><p class=\"theme-wp-block gb-responsive-297884-identifier\"><strong>\u00c1gazat:<\/strong><br>Sportfelszerel\u00e9s, Csapatsportok, Sportm\u00e1rk\u00e1k<\/p><p class=\"theme-wp-block gb-responsive-938889-identifier\"><strong>T\u00e9telek az Amazonon:\u00a0<\/strong><br>kb. 6.000 SKU<\/p><p class=\"theme-wp-block gb-responsive-337749-identifier\"><strong>K\u00fcldem\u00e9nyek:<\/strong><br>kb. 30.000 havonta<\/p><\/div><div class=\"theme-wp-block wp-block-column gb-responsive-542944-identifier is-layout-flow wp-block-column-is-layout-flow\" style=\"flex-basis:50%\"><h3 class=\"theme-wp-block wp-block-heading gb-responsive-34353-identifier\" id=\"block-c06fce04-ef87-4ffc-a3d6-b768ba377d17\">H\u00e1tt\u00e9r:<\/h3><p class=\"theme-wp-block gb-responsive-772271-identifier desktop-gb-has-no-icon xl-gb-has-no-icon lg-gb-has-no-icon md-gb-has-no-icon sm-gb-has-no-icon\">Christoph J. Hesse k\u00f6zvetlen\u00fcl a p\u00e1ly\u00e1n kezdte el \u00e1rulni sportfelszerel\u00e9s\u00e9t a m\u00e9rk\u0151z\u00e9sek ut\u00e1n, mik\u00f6zben m\u00e9g \u00fczleti k\u00f6zgazdas\u00e1gtant tanult. \u00cdgy sz\u00fcletett meg a v\u00e1llalkoz\u00e1s\u00e1nak \u00f6tlete. 1984-ben Christoph megnyitotta els\u0151 sportboltj\u00e1t 45 n\u00e9gyzetm\u00e9teres kiskereskedelmi ter\u00fclettel. Csak n\u00e9h\u00e1ny \u00e9vvel k\u00e9s\u0151bb el\u0151sz\u00f6r 100 n\u00e9gyzetm\u00e9terre, majd 500 n\u00e9gyzetm\u00e9terre kellett b\u0151v\u00edteni\u00fck. Ma a Sport-Hesse k\u00f6r\u00fclbel\u00fcl 1000 n\u00e9gyzetm\u00e9teren \u00e1rul, \u00e9s rendk\u00edv\u00fcl sikeres csapatsportfelszerel\u00e9s-besz\u00e1ll\u00edt\u00f3, amelyet vil\u00e1gszerte haszn\u00e1lnak az \u00fcgyfelek.<\/p><h3 class=\"theme-wp-block wp-block-heading gb-responsive-530046-identifier desktop-gb-has-no-icon xl-gb-has-no-icon lg-gb-has-no-icon md-gb-has-no-icon sm-gb-has-no-icon\">Kezdetek:<\/h3><p class=\"theme-wp-block gb-responsive-657993-identifier\">2014 \u00f3ta a c\u00e9g term\u00e9keit az Amazonon is \u00e1rus\u00edtja. Ami n\u00e9h\u00e1ny focilabda kisz\u00e1ll\u00edt\u00e1s\u00e1val indult, az v\u00e9g\u00fcl egy PAN EU \u00e9rt\u00e9kes\u00edt\u00e9ss\u00e9 fejl\u0151d\u00f6tt Eur\u00f3pa-szerte. K\u00f6r\u00fclbel\u00fcl 6.000 t\u00e9tellel Christoph Hesse tiszt\u00e1ban volt azzal, hogy hib\u00e1kra lehet sz\u00e1m\u00edtani az Amazon rakt\u00e1raiban.<\/p><p class=\"theme-wp-block gb-responsive-780031-identifier\">\u201eSz\u00e9les term\u00e9kv\u00e1laszt\u00e9kunk van az Amazonon, \u00e9s annyi nemzetk\u00f6zi piac \u00f6sszehasonl\u00edt\u00e1sa \u00f6sszetett \u00e9s id\u0151ig\u00e9nyes,\u201c magyar\u00e1zza Christoph. \u201eK\u00e9zzel elemezt\u00fck a sz\u00e1ll\u00edt\u00e1si jelent\u00e9seket, mert tiszt\u00e1ban voltunk a f\u0151 probl\u00e9m\u00e1val, de mivel ez sok id\u0151t ig\u00e9nyel, csak kis l\u00e9pt\u00e9kben tudtuk v\u00e9gezni a nyomon k\u00f6vet\u00e9st.\u201c<\/p><h3 class=\"theme-wp-block wp-block-heading gb-responsive-749842-identifier\">Megold\u00e1s:<\/h3><p class=\"theme-wp-block gb-responsive-642257-identifier desktop-gb-has-no-icon xl-gb-has-no-icon lg-gb-has-no-icon md-gb-has-no-icon sm-gb-has-no-icon\">Ezut\u00e1n Christoph r\u00e9szt vett egy konferenci\u00e1n az Amazon elad\u00f3k sz\u00e1m\u00e1ra. Mivel m\u00e1r kapott egy megh\u00edv\u00f3t SELLERLOGIC-t\u00f3l a Lost &#038; Found megold\u00e1sr\u00f3l, felkeresett minket, \u00e9s meghallgatta az egyik konferenci\u00e1n tartott el\u0151ad\u00e1sunkat. \u201eA workshop m\u00e1r meggy\u0151z\u00f6tt Lost &#038; Found-r\u00f3l. De a konstrukt\u00edv besz\u00e9lget\u00e9s a besz\u00e9l\u0151vel ut\u00e1na volt a hab a tort\u00e1n, \u00e9s teljesen meger\u0151s\u00edtette az els\u0151 benyom\u00e1somat,\u201c eml\u00e9kszik vissza Christoph. \u201eAmint haza\u00e9rtem, azonnal regisztr\u00e1ltam.\u201c<\/p><div class=\"theme-block-group-wrap\"><div class=\"theme-wp-block wp-block-group gb-responsive-88118-identifier\">\t\t<div  class=\"theme-wp-block theme-block-user-card gb-responsive-799176-identifier is-style-full-width-line\">\n\t\t<div class=\"wrap-inner-content\">\n\t\t\t<div class=\"card-user-head\">\n\t\t\t\t<div class=\"card-user-avatar\">\n\t\t\t\t\t<div class=\"cover-avatar\" style=\"background-image: url(https:\/\/d2bw95mh2ee04s.cloudfront.net\/prod\/content\/wp-content\/uploads\/2020\/12\/23142724\/sport-hesse-raute.png);\"><\/div>\n\t\t\t\t<\/div>\n\t\t\t\t<div class=\"wrap-title\">\n\t\t\t\t\t<div class=\"card-user-name\">\n\t\t\t\t\t\t<div class=\"title\">\n\t\t\t\t\t\t\t<h3 class=\"heading-text\"><strong>Christoph Hesse<\/strong><\/h3>\n\t\t\t\t\t\t<\/div>\n\t\t\t\t\t\t<div class=\"card-user-position\">\n\t\t\t\t\t\t\t<div class=\"card-text\"><strong>\u00dcgyvezet\u0151 igazgat\u00f3 a Sport-Hesse-n\u00e9l<\/strong><\/div>\n\t\t\t\t\t\t<\/div>\n\t\t\t\t\t<\/div>\n\t\t\t\t\t<div class=\"card-user-quote-icon\">\n\t\t\t\t\t<\/div>\n\t\t\t\t<\/div>\n\t\t\t<\/div>\n\t\t\t<div class=\"card-user-text\">\n\t\t\t\t<div class=\"card-text\"><p>&#8220;SELLERLOGIC Lost &amp; Found egyszer\u0171en egy nagyszer\u0171 eszk\u00f6z, minden t\u00f6k\u00e9letesen illeszkedik, a m\u0171k\u00f6d\u00e9s, a visszat\u00e9r\u00edt\u00e9sek, a bevezet\u00e9s \u00e9s a szolg\u00e1ltat\u00e1s! Hat\u00e1rozottan nem akarunk visszat\u00e9rni a lehets\u00e9ges visszat\u00e9r\u00edt\u00e9si ig\u00e9nyek k\u00e9zi kidolgoz\u00e1s\u00e1hoz.&#8221;<\/p><\/div>\n\t\t\t<\/div>\n\t\t<\/div>\n\t<\/div>\n\n<\/div><\/div><h3 class=\"theme-wp-block wp-block-heading gb-responsive-260858-identifier\">Sikeres eredm\u00e9nyek SELLERLOGIC-val:<\/h3><p class=\"theme-wp-block gb-responsive-536715-identifier desktop-gb-has-no-icon xl-gb-has-no-icon lg-gb-has-no-icon md-gb-has-no-icon sm-gb-has-no-icon\">M\u00e9g a megold\u00e1s megval\u00f3s\u00edt\u00e1sa is fel\u00fclm\u00falta az elv\u00e1r\u00e1sait. B\u00e1r Christoph szem\u00e9lyes tapasztalata SELLERLOGIC CSO-j\u00e1val a konferenci\u00e1n m\u00e1r elegend\u0151 volt a d\u00f6nt\u00e9s meghozatal\u00e1hoz, \u201ea kezdeti visszat\u00e9r\u00edt\u00e9s \u00edgy is meglepett: a Sport-Hesse 15.000 eur\u00f3t kapott vissza az Amazont\u00f3l!\u201c.<\/p><p class=\"theme-wp-block gb-responsive-557617-identifier desktop-gb-has-no-icon xl-gb-has-no-icon lg-gb-has-no-icon md-gb-has-no-icon sm-gb-has-no-icon\">SELLERLOGIC \u00edg\u00e9rete az id\u0151megtakar\u00edt\u00e1sr\u00f3l \u00e9s a k\u00f6nny\u0171 kezelhet\u0151s\u00e9gr\u0151l szint\u00e9n igaznak bizonyult. \u201eT\u00f6k\u00e9letes szolg\u00e1ltat\u00e1st is ny\u00fajtanak &#8211; m\u00e9g szombaton is v\u00e1laszt kaptam az \u00fcgyf\u00e9lszolg\u00e1lati csapatt\u00f3l!\u201c magyar\u00e1zza Christoph. \u201e\u00c1ltal\u00e1ban az \u00fcgyf\u00e9lszolg\u00e1lati csapattal val\u00f3 kapcsolatfelv\u00e9tel nagyon kellemes volt. Mindig van megfelel\u0151 v\u00e1laszuk a probl\u00e9m\u00e1imra.\u201c<\/p><p class=\"theme-wp-block gb-responsive-570460-identifier desktop-gb-has-no-icon xl-gb-has-no-icon lg-gb-has-no-icon md-gb-has-no-icon sm-gb-has-no-icon\">\u201eA maga az eszk\u00f6z nagyon j\u00f3l m\u0171k\u00f6dik, mivel a m\u0171k\u00f6d\u00e9si komponens vil\u00e1gos, \u00e9s k\u00f6nnyen integr\u00e1lhat\u00f3 a saj\u00e1t napi rutinj\u00e1ba. Ezenk\u00edv\u00fcl van egy tud\u00e1sb\u00e1zis \u2013 amely az \u00fcgyf\u00e9lszolg\u00e1lati csapat mellett \u2013 szint\u00e9n sokat seg\u00edtett nek\u00fcnk, amikor k\u00e9ts\u00e9geink vagy k\u00e9rd\u00e9seink voltak.\u201c<\/p><p class=\"theme-wp-block gb-responsive-270774-identifier desktop-gb-has-no-icon xl-gb-has-no-icon lg-gb-has-no-icon md-gb-has-no-icon sm-gb-has-no-icon\">\u201eAz eszk\u00f6z teljes\u00edtm\u00e9nye egyszer\u0171en meggy\u0151z\u0151, \u00e9s teljes m\u00e9rt\u00e9kben indokolja az \u00e1rat!\u201c \u00e1ll\u00edtja Christoph. \u201eMindenesetre a k\u00e9zi ellen\u0151rz\u00e9s m\u00e1r nem k\u00e9rd\u00e9s a Sport-Hesse-n\u00e9l.\u201c<\/p><div class=\"theme-wp-block wp-block-buttons gb-responsive-497426-identifier is-layout-flex wp-block-buttons-is-layout-flex\"><div class=\"theme-wp-block wp-block-button gb-responsive-38220-identifier is-style-theme-transparent-with-arrow\"><a class=\"wp-block-button__link wp-element-button\" href=\"https:\/\/d2bw95mh2ee04s.cloudfront.net\/prod\/content\/files\/SUCCESS-STORIES\/EN\/SELLERLOGIC_SN_Success-Story_Sport-Hesse_EN.pdf\" target=\"_blank\" rel=\"noreferrer noopener nofollow\">T\u00f6ltse le most!<\/a><\/div><\/div><\/div><div class=\"theme-wp-block wp-block-column gb-responsive-271329-identifier is-layout-flow wp-block-column-is-layout-flow\" style=\"flex-basis:25%\"><\/div><\/div>","protected":false},"excerpt":{"rendered":"<p>Alap\u00edt\u00e1s:1984 \u00c1gazat:Sportfelszerel\u00e9s, Csapatsportok, Sportm\u00e1rk\u00e1k T\u00e9telek az Amazonon:\u00a0kb. 6.000 SKU K\u00fcldem\u00e9nyek:kb. 30.000 havonta H\u00e1tt\u00e9r: Christoph J. Hesse k\u00f6zvetlen\u00fcl a p\u00e1ly\u00e1n kezdte el \u00e1rulni sportfelszerel\u00e9s\u00e9t a m\u00e9rk\u0151z\u00e9sek ut\u00e1n, mik\u00f6zben m\u00e9g \u00fczleti k\u00f6zgazdas\u00e1gtant tanult. \u00cdgy sz\u00fcletett meg a v\u00e1llalkoz\u00e1s\u00e1nak \u00f6tlete. 1984-ben Christoph megnyitotta els\u0151 sportboltj\u00e1t 45 n\u00e9gyzetm\u00e9teres kiskereskedelmi ter\u00fclettel. Csak n\u00e9h\u00e1ny \u00e9vvel k\u00e9s\u0151bb el\u0151sz\u00f6r 100 n\u00e9gyzetm\u00e9terre, majd 500<\/p>\n","protected":false},"author":3,"featured_media":4855,"parent":225390,"menu_order":0,"comment_status":"closed","ping_status":"closed","template":"","meta":{"sidebar_recommended_resources":{"data":[]},"sidebar_header_settings":{"hide_buttons":{"register":false}},"_use_new_theme":false,"inline_featured_image":false,"footnotes":""},"class_list":["post-225399","page","type-page","status-publish","has-post-thumbnail","hentry"],"yoast_head":"<!-- This site is optimized with the Yoast SEO plugin v26.8 - https:\/\/yoast.com\/product\/yoast-seo-wordpress\/ -->\n<title>Mi\u00e9rt gy\u0151zte meg Lost &amp; Found a Sport-Hesse-t | SELLERLOGIC<\/title>\n<meta name=\"description\" content=\"\u201eMindig van megfelel\u0151 v\u00e1laszuk a probl\u00e9m\u00e1imra\u201c - Hogyan kapott a Sport-Hesse \u00f6t sz\u00e1mjegy\u0171 visszat\u00e9r\u00edt\u00e9st az Amazont\u00f3l Lost &amp; Found-nek k\u00f6sz\u00f6nhet\u0151en.\" \/>\n<meta name=\"robots\" content=\"index, follow, max-snippet:-1, max-image-preview:large, max-video-preview:-1\" \/>\n<link rel=\"canonical\" href=\"https:\/\/www.sellerlogic.com\/hu\/resources\/success-story-sport-hesse\/\" \/>\n<meta property=\"og:locale\" content=\"hu_HU\" \/>\n<meta property=\"og:type\" content=\"article\" \/>\n<meta property=\"og:title\" content=\"Mi\u00e9rt gy\u0151zte meg Lost &amp; Found a Sport-Hesse-t | SELLERLOGIC\" \/>\n<meta property=\"og:description\" content=\"\u201eMindig van megfelel\u0151 v\u00e1laszuk a probl\u00e9m\u00e1imra\u201c - Hogyan kapott a Sport-Hesse \u00f6t sz\u00e1mjegy\u0171 visszat\u00e9r\u00edt\u00e9st az Amazont\u00f3l Lost &amp; Found-nek k\u00f6sz\u00f6nhet\u0151en.\" \/>\n<meta property=\"og:url\" content=\"https:\/\/www.sellerlogic.com\/hu\/resources\/success-story-sport-hesse\/\" \/>\n<meta property=\"og:site_name\" content=\"SELLERLOGIC - Smarte Tools f\u00fcr Amazon-Seller\" \/>\n<meta property=\"article:publisher\" content=\"https:\/\/www.facebook.com\/SellerLogic\/\" \/>\n<meta property=\"og:image\" content=\"https:\/\/d2bw95mh2ee04s.cloudfront.net\/prod\/content\/wp-content\/uploads\/2020\/12\/23142722\/sport-hesse-header-neu.jpeg\" \/>\n\t<meta property=\"og:image:width\" content=\"2500\" \/>\n\t<meta property=\"og:image:height\" content=\"1667\" \/>\n\t<meta property=\"og:image:type\" content=\"image\/jpeg\" \/>\n<meta name=\"twitter:card\" content=\"summary_large_image\" \/>\n<meta name=\"twitter:site\" content=\"@sellerlogic\" \/>\n<meta name=\"twitter:label1\" content=\"Est. reading time\" \/>\n\t<meta name=\"twitter:data1\" content=\"3 minutes\" \/>\n<script type=\"application\/ld+json\" class=\"yoast-schema-graph\">{\"@context\":\"https:\/\/schema.org\",\"@graph\":[{\"@type\":\"WebPage\",\"@id\":\"https:\/\/www.sellerlogic.com\/hu\/resources\/success-story-sport-hesse\/\",\"url\":\"https:\/\/www.sellerlogic.com\/hu\/resources\/success-story-sport-hesse\/\",\"name\":\"Mi\u00e9rt gy\u0151zte meg Lost & Found a Sport-Hesse-t | SELLERLOGIC\",\"isPartOf\":{\"@id\":\"https:\/\/www.sellerlogic.com\/hu\/#website\"},\"primaryImageOfPage\":{\"@id\":\"https:\/\/www.sellerlogic.com\/hu\/resources\/success-story-sport-hesse\/#primaryimage\"},\"image\":{\"@id\":\"https:\/\/www.sellerlogic.com\/hu\/resources\/success-story-sport-hesse\/#primaryimage\"},\"thumbnailUrl\":\"https:\/\/d2bw95mh2ee04s.cloudfront.net\/prod\/content\/wp-content\/uploads\/2020\/12\/23142722\/sport-hesse-header-neu.jpeg\",\"datePublished\":\"2020-12-18T10:57:32+00:00\",\"description\":\"\u201eMindig van megfelel\u0151 v\u00e1laszuk a probl\u00e9m\u00e1imra\u201c - Hogyan kapott a Sport-Hesse \u00f6t sz\u00e1mjegy\u0171 visszat\u00e9r\u00edt\u00e9st az Amazont\u00f3l Lost & Found-nek k\u00f6sz\u00f6nhet\u0151en.\",\"breadcrumb\":{\"@id\":\"https:\/\/www.sellerlogic.com\/hu\/resources\/success-story-sport-hesse\/#breadcrumb\"},\"inLanguage\":\"hu-HU\",\"potentialAction\":[{\"@type\":\"ReadAction\",\"target\":[\"https:\/\/www.sellerlogic.com\/hu\/resources\/success-story-sport-hesse\/\"]}]},{\"@type\":\"ImageObject\",\"inLanguage\":\"hu-HU\",\"@id\":\"https:\/\/www.sellerlogic.com\/hu\/resources\/success-story-sport-hesse\/#primaryimage\",\"url\":\"https:\/\/d2bw95mh2ee04s.cloudfront.net\/prod\/content\/wp-content\/uploads\/2020\/12\/23142722\/sport-hesse-header-neu.jpeg\",\"contentUrl\":\"https:\/\/d2bw95mh2ee04s.cloudfront.net\/prod\/content\/wp-content\/uploads\/2020\/12\/23142722\/sport-hesse-header-neu.jpeg\",\"width\":2500,\"height\":1667,\"caption\":\"Sport-Hesse: Header\"},{\"@type\":\"BreadcrumbList\",\"@id\":\"https:\/\/www.sellerlogic.com\/hu\/resources\/success-story-sport-hesse\/#breadcrumb\",\"itemListElement\":[{\"@type\":\"ListItem\",\"position\":1,\"name\":\"Home\",\"item\":\"https:\/\/www.sellerlogic.com\/hu\/\"},{\"@type\":\"ListItem\",\"position\":2,\"name\":\"Ressourcen EN\",\"item\":\"https:\/\/www.sellerlogic.com\/hu\/resources\/\"},{\"@type\":\"ListItem\",\"position\":3,\"name\":\"Success Story: Sport Hesse EN\"}]},{\"@type\":\"WebSite\",\"@id\":\"https:\/\/www.sellerlogic.com\/hu\/#website\",\"url\":\"https:\/\/www.sellerlogic.com\/hu\/\",\"name\":\"SELLERLOGIC - Smarte Tools f\u00fcr Amazon-Seller\",\"description\":\"Intelligente Prozessoptimierung und Gewinnmaximierung\",\"publisher\":{\"@id\":\"https:\/\/www.sellerlogic.com\/hu\/#organization\"},\"potentialAction\":[{\"@type\":\"SearchAction\",\"target\":{\"@type\":\"EntryPoint\",\"urlTemplate\":\"https:\/\/www.sellerlogic.com\/hu\/?s={search_term_string}\"},\"query-input\":{\"@type\":\"PropertyValueSpecification\",\"valueRequired\":true,\"valueName\":\"search_term_string\"}}],\"inLanguage\":\"hu-HU\"},{\"@type\":\"Organization\",\"@id\":\"https:\/\/www.sellerlogic.com\/hu\/#organization\",\"name\":\"SELLERLOGIC\",\"url\":\"https:\/\/www.sellerlogic.com\/hu\/\",\"logo\":{\"@type\":\"ImageObject\",\"inLanguage\":\"hu-HU\",\"@id\":\"https:\/\/www.sellerlogic.com\/hu\/#\/schema\/logo\/image\/\",\"url\":\"https:\/\/d2bw95mh2ee04s.cloudfront.net\/prod\/content\/wp-content\/uploads\/2025\/01\/02134814\/Property-Logo-Main.svg\",\"contentUrl\":\"https:\/\/d2bw95mh2ee04s.cloudfront.net\/prod\/content\/wp-content\/uploads\/2025\/01\/02134814\/Property-Logo-Main.svg\",\"width\":184,\"height\":40,\"caption\":\"SELLERLOGIC\"},\"image\":{\"@id\":\"https:\/\/www.sellerlogic.com\/hu\/#\/schema\/logo\/image\/\"},\"sameAs\":[\"https:\/\/www.facebook.com\/SellerLogic\/\",\"https:\/\/x.com\/sellerlogic\",\"https:\/\/www.instagram.com\/sellerlogic\/\",\"https:\/\/www.linkedin.com\/company\/18402037\/\",\"https:\/\/www.youtube.com\/channel\/UC-gULUur-fNj08sprantKsQ\"]}]}<\/script>\n<!-- \/ Yoast SEO plugin. -->","yoast_head_json":{"title":"Mi\u00e9rt gy\u0151zte meg Lost & Found a Sport-Hesse-t | SELLERLOGIC","description":"\u201eMindig van megfelel\u0151 v\u00e1laszuk a probl\u00e9m\u00e1imra\u201c - Hogyan kapott a Sport-Hesse \u00f6t sz\u00e1mjegy\u0171 visszat\u00e9r\u00edt\u00e9st az Amazont\u00f3l Lost & Found-nek k\u00f6sz\u00f6nhet\u0151en.","robots":{"index":"index","follow":"follow","max-snippet":"max-snippet:-1","max-image-preview":"max-image-preview:large","max-video-preview":"max-video-preview:-1"},"canonical":"https:\/\/www.sellerlogic.com\/hu\/resources\/success-story-sport-hesse\/","og_locale":"hu_HU","og_type":"article","og_title":"Mi\u00e9rt gy\u0151zte meg Lost & Found a Sport-Hesse-t | SELLERLOGIC","og_description":"\u201eMindig van megfelel\u0151 v\u00e1laszuk a probl\u00e9m\u00e1imra\u201c - Hogyan kapott a Sport-Hesse \u00f6t sz\u00e1mjegy\u0171 visszat\u00e9r\u00edt\u00e9st az Amazont\u00f3l Lost & Found-nek k\u00f6sz\u00f6nhet\u0151en.","og_url":"https:\/\/www.sellerlogic.com\/hu\/resources\/success-story-sport-hesse\/","og_site_name":"SELLERLOGIC - Smarte Tools f\u00fcr Amazon-Seller","article_publisher":"https:\/\/www.facebook.com\/SellerLogic\/","og_image":[{"width":2500,"height":1667,"url":"https:\/\/d2bw95mh2ee04s.cloudfront.net\/prod\/content\/wp-content\/uploads\/2020\/12\/23142722\/sport-hesse-header-neu.jpeg","type":"image\/jpeg"}],"twitter_card":"summary_large_image","twitter_site":"@sellerlogic","twitter_misc":{"Est. reading time":"3 minutes"},"schema":{"@context":"https:\/\/schema.org","@graph":[{"@type":"WebPage","@id":"https:\/\/www.sellerlogic.com\/hu\/resources\/success-story-sport-hesse\/","url":"https:\/\/www.sellerlogic.com\/hu\/resources\/success-story-sport-hesse\/","name":"Mi\u00e9rt gy\u0151zte meg Lost & Found a Sport-Hesse-t | SELLERLOGIC","isPartOf":{"@id":"https:\/\/www.sellerlogic.com\/hu\/#website"},"primaryImageOfPage":{"@id":"https:\/\/www.sellerlogic.com\/hu\/resources\/success-story-sport-hesse\/#primaryimage"},"image":{"@id":"https:\/\/www.sellerlogic.com\/hu\/resources\/success-story-sport-hesse\/#primaryimage"},"thumbnailUrl":"https:\/\/d2bw95mh2ee04s.cloudfront.net\/prod\/content\/wp-content\/uploads\/2020\/12\/23142722\/sport-hesse-header-neu.jpeg","datePublished":"2020-12-18T10:57:32+00:00","description":"\u201eMindig van megfelel\u0151 v\u00e1laszuk a probl\u00e9m\u00e1imra\u201c - Hogyan kapott a Sport-Hesse \u00f6t sz\u00e1mjegy\u0171 visszat\u00e9r\u00edt\u00e9st az Amazont\u00f3l Lost & Found-nek k\u00f6sz\u00f6nhet\u0151en.","breadcrumb":{"@id":"https:\/\/www.sellerlogic.com\/hu\/resources\/success-story-sport-hesse\/#breadcrumb"},"inLanguage":"hu-HU","potentialAction":[{"@type":"ReadAction","target":["https:\/\/www.sellerlogic.com\/hu\/resources\/success-story-sport-hesse\/"]}]},{"@type":"ImageObject","inLanguage":"hu-HU","@id":"https:\/\/www.sellerlogic.com\/hu\/resources\/success-story-sport-hesse\/#primaryimage","url":"https:\/\/d2bw95mh2ee04s.cloudfront.net\/prod\/content\/wp-content\/uploads\/2020\/12\/23142722\/sport-hesse-header-neu.jpeg","contentUrl":"https:\/\/d2bw95mh2ee04s.cloudfront.net\/prod\/content\/wp-content\/uploads\/2020\/12\/23142722\/sport-hesse-header-neu.jpeg","width":2500,"height":1667,"caption":"Sport-Hesse: Header"},{"@type":"BreadcrumbList","@id":"https:\/\/www.sellerlogic.com\/hu\/resources\/success-story-sport-hesse\/#breadcrumb","itemListElement":[{"@type":"ListItem","position":1,"name":"Home","item":"https:\/\/www.sellerlogic.com\/hu\/"},{"@type":"ListItem","position":2,"name":"Ressourcen EN","item":"https:\/\/www.sellerlogic.com\/hu\/resources\/"},{"@type":"ListItem","position":3,"name":"Success Story: Sport Hesse EN"}]},{"@type":"WebSite","@id":"https:\/\/www.sellerlogic.com\/hu\/#website","url":"https:\/\/www.sellerlogic.com\/hu\/","name":"SELLERLOGIC - Smarte Tools f\u00fcr Amazon-Seller","description":"Intelligente Prozessoptimierung und Gewinnmaximierung","publisher":{"@id":"https:\/\/www.sellerlogic.com\/hu\/#organization"},"potentialAction":[{"@type":"SearchAction","target":{"@type":"EntryPoint","urlTemplate":"https:\/\/www.sellerlogic.com\/hu\/?s={search_term_string}"},"query-input":{"@type":"PropertyValueSpecification","valueRequired":true,"valueName":"search_term_string"}}],"inLanguage":"hu-HU"},{"@type":"Organization","@id":"https:\/\/www.sellerlogic.com\/hu\/#organization","name":"SELLERLOGIC","url":"https:\/\/www.sellerlogic.com\/hu\/","logo":{"@type":"ImageObject","inLanguage":"hu-HU","@id":"https:\/\/www.sellerlogic.com\/hu\/#\/schema\/logo\/image\/","url":"https:\/\/d2bw95mh2ee04s.cloudfront.net\/prod\/content\/wp-content\/uploads\/2025\/01\/02134814\/Property-Logo-Main.svg","contentUrl":"https:\/\/d2bw95mh2ee04s.cloudfront.net\/prod\/content\/wp-content\/uploads\/2025\/01\/02134814\/Property-Logo-Main.svg","width":184,"height":40,"caption":"SELLERLOGIC"},"image":{"@id":"https:\/\/www.sellerlogic.com\/hu\/#\/schema\/logo\/image\/"},"sameAs":["https:\/\/www.facebook.com\/SellerLogic\/","https:\/\/x.com\/sellerlogic","https:\/\/www.instagram.com\/sellerlogic\/","https:\/\/www.linkedin.com\/company\/18402037\/","https:\/\/www.youtube.com\/channel\/UC-gULUur-fNj08sprantKsQ"]}]}},"_links":{"self":[{"href":"https:\/\/www.sellerlogic.com\/hu\/wp-json\/wp\/v2\/pages\/225399","targetHints":{"allow":["GET"]}}],"collection":[{"href":"https:\/\/www.sellerlogic.com\/hu\/wp-json\/wp\/v2\/pages"}],"about":[{"href":"https:\/\/www.sellerlogic.com\/hu\/wp-json\/wp\/v2\/types\/page"}],"author":[{"embeddable":true,"href":"https:\/\/www.sellerlogic.com\/hu\/wp-json\/wp\/v2\/users\/3"}],"replies":[{"embeddable":true,"href":"https:\/\/www.sellerlogic.com\/hu\/wp-json\/wp\/v2\/comments?post=225399"}],"version-history":[{"count":0,"href":"https:\/\/www.sellerlogic.com\/hu\/wp-json\/wp\/v2\/pages\/225399\/revisions"}],"up":[{"embeddable":true,"href":"https:\/\/www.sellerlogic.com\/hu\/wp-json\/wp\/v2\/pages\/225390"}],"wp:featuredmedia":[{"embeddable":true,"href":"https:\/\/www.sellerlogic.com\/hu\/wp-json\/wp\/v2\/media\/4855"}],"wp:attachment":[{"href":"https:\/\/www.sellerlogic.com\/hu\/wp-json\/wp\/v2\/media?parent=225399"}],"curies":[{"name":"wp","href":"https:\/\/api.w.org\/{rel}","templated":true}]}}