
{"id":225432,"date":"2020-12-21T22:08:33","date_gmt":"2020-12-21T22:08:33","guid":{"rendered":"https:\/\/127.0.0.1\/resources\/success-story-fj-trading\/"},"modified":"2020-12-21T22:08:33","modified_gmt":"2020-12-21T22:08:33","slug":"success-story-fj-trading","status":"publish","type":"page","link":"https:\/\/www.sellerlogic.com\/hu\/resources\/success-story-fj-trading\/","title":{"rendered":"Siker\u00fclt t\u00f6rt\u00e9net: FJ Trading EN"},"content":{"rendered":"\n\t<div  class=\"theme-wp-block theme-block-main-header is-style-full-height desktop-content-align-y-center desktop-content-align-x-center xl-content-align-y-center xl-content-align-x-center lg-content-align-y-center lg-content-align-x-center md-content-align-y-center md-content-align-x-center sm-content-align-y-center sm-content-align-x-center gb-responsive-853195-identifier desktop-align-full xl-align-full lg-align-full md-align-full sm-align-full theme-block-cover\">\n\t\t<div class=\"bg-cover theme-lazy-load-bg\"><\/div>\n\t\t<div class=\"wrap-content-main-header\">\n\t\t\t\t\t<div  class=\"theme-wp-block theme-block-text-and-text gb-responsive-170032-identifier desktop-vertical-center xl-vertical-center lg-vertical-center md-vertical-center sm-vertical-center md-blockDirection-column sm-blockDirection-column desktop-blockDirection-column xl-blockDirection-column lg-blockDirection-column alignfull\">\n\t\t<div class=\"tat-column-wrap-wrapper\">\n\t\t\t<div class=\"tat-column-wrapper\">\n\t\t\t\t\t<div  class=\"theme-wp-block theme-block-text-and-text-column gb-responsive-644092-identifier md-horizontal-center desktop-horizontal-right sm-horizontal-center xl-horizontal-center lg-horizontal-center\">\n\t\t<div class=\"inner-wrap-column-content\">\n\t\t\t<div class=\"inner-column-content\">\n\t\t\t\t\t\t<h1  class=\"theme-wp-block theme-block-heading gb-responsive-482560-identifier desktop-text-center xl-text-center lg-text-center md-text-center sm-text-center h1\">\n\t\tT\u00f6bb Buy Box, t\u00f6bb forgalom!\t<\/h1>\n\n\t\t<h2  class=\"theme-wp-block theme-block-heading gb-responsive-539815-identifier desktop-text-center xl-text-center lg-text-center md-text-center sm-text-center desktop-gb-has-no-icon xl-gb-has-no-icon lg-gb-has-no-icon md-gb-has-no-icon sm-gb-has-no-icon h1\">\n\t\tHogyan n\u00f6veli az FJ Trading az Buy Box sz\u00e1zal\u00e9kot \u00e9s a forgalmat az SELLERLOGIC-val!\t<\/h2>\n\n\t\t\t<\/div>\n\t\t<\/div>\n\t<\/div>\n\t<div  class=\"theme-wp-block theme-block-text-and-text-column gb-responsive-840598-identifier desktop-horizontal-center xl-horizontal-center lg-horizontal-center md-horizontal-center sm-horizontal-center\">\n\t\t<div class=\"inner-wrap-column-content\">\n\t\t\t<div class=\"inner-column-content\">\n\t\t\t\t\t\t\t<\/div>\n\t\t<\/div>\n\t<\/div>\n\t\t\t<\/div>\n\t\t<\/div>\n\t<\/div>\n\n\t\t<\/div>\n\t<\/div>\n\n<div style=\"height:50px\" aria-hidden=\"true\" class=\"theme-wp-block wp-block-spacer\"><\/div><div class=\"theme-wp-block wp-block-columns gb-responsive-492868-identifier is-layout-flex wp-container-core-columns-is-layout-9d6595d7 wp-block-columns-is-layout-flex\"><div class=\"theme-wp-block wp-block-column gb-responsive-633979-identifier is-layout-flow wp-block-column-is-layout-flow\" style=\"flex-basis:25%\"><figure class=\"theme-wp-block wp-block-image size-large is-resized gb-responsive-62921-identifier\"><img decoding=\"async\" src=\"https:\/\/d2bw95mh2ee04s.cloudfront.net\/prod\/content\/wp-content\/uploads\/2020\/12\/23142716\/fj-trading-logo.jpg\" alt=\"Siker\u00fclt t\u00f6rt\u00e9net: FJ Trading EN\" class=\"wp-image-5127\" width=\"300\" height=\"167\"><\/figure><strong class=\"theme-wp-block\">Alap\u00edt\u00e1s:<\/strong><br>2013<strong class=\"theme-wp-block\">\u00c1gazat:<\/strong><br>Cip\u0151k<strong class=\"theme-wp-block\">Amazonon l\u00e9v\u0151 term\u00e9kek:<\/strong><br>kb. 100.000 SKUK\u00fcldem\u00e9nyek:<br class=\"theme-wp-block\">kb. 50.000 havonta<\/div><div class=\"theme-wp-block wp-block-column gb-responsive-243785-identifier is-layout-flow wp-block-column-is-layout-flow\" style=\"flex-basis:50%\"><h3 class=\"theme-wp-block wp-block-heading gb-responsive-34353-identifier\" id=\"block-c06fce04-ef87-4ffc-a3d6-b768ba377d17\">H\u00e1tt\u00e9r:<\/h3><p class=\"theme-wp-block gb-responsive-710769-identifier desktop-gb-has-no-icon xl-gb-has-no-icon lg-gb-has-no-icon md-gb-has-no-icon sm-gb-has-no-icon\">Frank Jemetz 2004 \u00f3ta akt\u00edvan \u00e9rt\u00e9kes\u00edt az online piacterek vil\u00e1g\u00e1ban. Kezdetben ez f\u0151k\u00e9nt az eBay-en kereszt\u00fcl t\u00f6rt\u00e9nt, de mostanra \u00e1tt\u00e9rt az Amazonra. &#8220;Sok term\u00e9kkel k\u00eds\u00e9rletezt\u00fcnk,&#8221; mondja ma a vez\u00e9rigazgat\u00f3. &#8220;Felf\u00fajhat\u00f3 cs\u00f3nakokt\u00f3l kezdve a tejhabos\u00edt\u00f3kig.&#8221; Frank ezut\u00e1n \u00fagy d\u00f6nt\u00f6tt, hogy Adidas sportcip\u0151ket ad hozz\u00e1 a portf\u00f3li\u00f3j\u00e1hoz. &#8220;\u00c9s valahogy ez nagyon j\u00f3l m\u0171k\u00f6d\u00f6tt.&#8221; Ma az FJ Trading f\u0151k\u00e9nt cip\u0151ket \u00e9rt\u00e9kes\u00edt online piactereken, \u00e9s ezt egyre n\u00f6vekv\u0151 sikerrel teszi.<\/p><h3 class=\"theme-wp-block wp-block-heading gb-responsive-182281-identifier desktop-gb-has-no-icon xl-gb-has-no-icon lg-gb-has-no-icon md-gb-has-no-icon sm-gb-has-no-icon\">Kezd\u00e9s:<\/h3><p class=\"theme-wp-block gb-responsive-318425-identifier desktop-gb-has-no-icon xl-gb-has-no-icon lg-gb-has-no-icon md-gb-has-no-icon sm-gb-has-no-icon\">Frank szerint az FJ Trading ma nem l\u00e9tezne az Amazon n\u00e9lk\u00fcl \u00e9s az elk\u00e9peszt\u0151en magas v\u00e1s\u00e1rl\u00f3sz\u00e1m n\u00e9lk\u00fcl, amely havonta l\u00e1togatja az online piacteret. &#8220;De a kiskereskedelemben a verseny nyom\u00e1sa k\u00fcl\u00f6n\u00f6sen \u00e9les. Nem ritka, hogy az \u00e1rak a beszerz\u00e9si \u00e1r al\u00e1 cs\u00f6kkennek.&#8221;<\/p><p class=\"theme-wp-block gb-responsive-730648-identifier desktop-gb-has-no-icon xl-gb-has-no-icon lg-gb-has-no-icon md-gb-has-no-icon sm-gb-has-no-icon\">Azonban Frank sz\u00e1m\u00e1ra elk\u00e9pzelhetetlen, hogy olyan meg\u00e1llapod\u00e1st k\u00f6ss\u00f6n, ahol a c\u00e9g p\u00e9nzt vesz\u00edt. &#8220;Ugyanakkor tudtuk, hogy az Amazonon kell maradnunk, tekintettel arra, hogy ez volt \u2013 \u00e9s m\u00e9g mindig az \u2013 a legfontosabb \u00e9rt\u00e9kes\u00edt\u00e9si platformunk.&#8221; Vil\u00e1gos volt, hogy m\u00e1s strat\u00e9gi\u00e1ra van sz\u00fcks\u00e9g. &#8220;Hossz\u00fa t\u00e1von nem lehet l\u00e9p\u00e9st tartani, ha folyamatosan a meg\u00e1llapod\u00e1s lez\u00e1r\u00e1s\u00e1nak priorit\u00e1s\u00e1t helyezed a j\u00f3 \u00e1rr\u00e9s f\u00f6l\u00e9.&#8221; Az FJ Tradingnek sz\u00fcks\u00e9ge volt egy m\u00f3dra, hogy dinamikusan optimaliz\u00e1lja az \u00e1rait, k\u00f6zvetlen\u00fcl a versenyt\u00e1rsai v\u00e1lasz\u00e1ra. K\u00f6r\u00fclbel\u00fcl 100,000 SKU-val azonban gyorsan vil\u00e1goss\u00e1 v\u00e1lt, hogy a manu\u00e1lis feldolgoz\u00e1s m\u00e1r nem opci\u00f3. Ezen a ponton automatiz\u00e1lt eszk\u00f6zre volt sz\u00fcks\u00e9g.<\/p><h3 class=\"theme-wp-block wp-block-heading gb-responsive-115756-identifier\">Megold\u00e1s:<\/h3><p class=\"theme-wp-block gb-responsive-49178-identifier desktop-gb-has-no-icon xl-gb-has-no-icon lg-gb-has-no-icon md-gb-has-no-icon sm-gb-has-no-icon\">&#8220;Nem tehetsz semmit egy \u00e1raz\u00e1si eszk\u00f6z n\u00e9lk\u00fcl,&#8221; nyilatkozik Frank. &#8220;Mi\u00f3ta haszn\u00e1ljuk a SELLERLOGIC Repricer-t, a Buy Box term\u00e9keink ar\u00e1nya jelent\u0151sen megn\u0151tt.&#8221; K\u00fcl\u00f6n\u00f6sen a Buy Box strat\u00e9gia integr\u00e1ci\u00f3ja volt fontos t\u00e9nyez\u0151 az FJ Trading d\u00f6nt\u00e9s\u00e9ben: &#8220;Kor\u00e1bban egy m\u00e1sik szolg\u00e1ltat\u00f3val dolgoztunk, de az eszk\u00f6z nem optimaliz\u00e1lt kifejezetten a Buy Box-ra.&#8221; M\u00e9g egy programozott \u00e1raz\u00f3 sem \u00e9rte el a k\u00edv\u00e1nt eredm\u00e9nyeket, mert a sz\u00fcks\u00e9ges er\u0151fesz\u00edt\u00e9s t\u00fal magas volt.<\/p><div class=\"theme-block-group-wrap\"><div class=\"theme-wp-block wp-block-group gb-responsive-88118-identifier\">\t\t<div  class=\"theme-wp-block theme-block-user-card gb-responsive-799176-identifier is-style-full-width-line desktop-gb-has-no-icon xl-gb-has-no-icon lg-gb-has-no-icon md-gb-has-no-icon sm-gb-has-no-icon\">\n\t\t<div class=\"wrap-inner-content\">\n\t\t\t<div class=\"card-user-head\">\n\t\t\t\t<div class=\"card-user-avatar\">\n\t\t\t\t\t<div class=\"cover-avatar\" style=\"background-image: url(https:\/\/d2bw95mh2ee04s.cloudfront.net\/prod\/content\/wp-content\/uploads\/2020\/12\/23142717\/frank-jemetz.png);\"><\/div>\n\t\t\t\t<\/div>\n\t\t\t\t<div class=\"wrap-title\">\n\t\t\t\t\t<div class=\"card-user-name\">\n\t\t\t\t\t\t<div class=\"title\">\n\t\t\t\t\t\t\t<h3 class=\"heading-text\"><strong>Frank Jemetz<\/strong><\/h3>\n\t\t\t\t\t\t<\/div>\n\t\t\t\t\t\t<div class=\"card-user-position\">\n\t\t\t\t\t\t\t<div class=\"card-text\"><strong>CEO FJ Trading<\/strong><\/div>\n\t\t\t\t\t\t<\/div>\n\t\t\t\t\t<\/div>\n\t\t\t\t\t<div class=\"card-user-quote-icon\">\n\t\t\t\t\t<\/div>\n\t\t\t\t<\/div>\n\t\t\t<\/div>\n\t\t\t<div class=\"card-user-text\">\n\t\t\t\t<div class=\"card-text\"><p>A Buy Box strat\u00e9gia, amely minim\u00e1lis manu\u00e1lis er\u0151fesz\u00edt\u00e9st ig\u00e9nyel, az alacsony hibaar\u00e1ny \u00e9s az a t\u00e9ny, hogy a Repricer nagyszer\u0171en m\u0171k\u00f6dik, a SELLERLOGIC term\u00e9kei mellett sz\u00f3l!<\/p><\/div>\n\t\t\t<\/div>\n\t\t<\/div>\n\t<\/div>\n\n<\/div><\/div><h3 class=\"theme-wp-block wp-block-heading gb-responsive-595368-identifier desktop-gb-has-no-icon xl-gb-has-no-icon lg-gb-has-no-icon md-gb-has-no-icon sm-gb-has-no-icon\">Sikeres eredm\u00e9nyek a SELLERLOGIC-val:<\/h3><p class=\"theme-wp-block gb-responsive-439964-identifier desktop-gb-has-no-icon xl-gb-has-no-icon lg-gb-has-no-icon md-gb-has-no-icon sm-gb-has-no-icon\">SELLERLOGIC Repricer-je m\u00e1sk\u00e9pp m\u0171k\u00f6dik: &#8220;Miut\u00e1n meghat\u00e1roztam a szab\u00e1lyokat, ut\u00e1na nem kell agg\u00f3dnom semmi miatt.&#8221; Az automatikus importoknak k\u00f6sz\u00f6nhet\u0151en a be\u00e1ll\u00edt\u00e1s nagyon egyszer\u0171 volt, \u00e9s az Repricer eredm\u00e9nyei is meggy\u0151z\u0151ek voltak: &#8220;A Buy Box ar\u00e1ny nagyon j\u00f3. Ezen k\u00edv\u00fcl az \u00fcgyf\u00e9lszolg\u00e1lata kiv\u00e1l\u00f3, \u00e9s az eszk\u00f6zt folyamatosan fejlesztik.&#8221;<\/p><p class=\"theme-wp-block gb-responsive-668364-identifier\">&#8220;Emellett a SELLERLOGIC Repricer magas rendelkez\u00e9sre \u00e1ll\u00e1ssal b\u00edr. A hib\u00e1k nagyon ritk\u00e1k \u00e9s gyorsan megold\u00f3dnak,&#8221; mondja Frank Jemetz. &#8220;Fontos az is, hogy a rendszer soha nem esik a meghat\u00e1rozott minimum \u00e1r al\u00e1. &#8220;Nem akarjuk f\u0171teni az \u00e1rh\u00e1bor\u00fat az Amazonon. A SELLERLOGIC-ra t\u00e1maszkodhatunk!&#8221;<\/p><p class=\"theme-wp-block gb-responsive-697003-identifier desktop-gb-has-no-icon xl-gb-has-no-icon lg-gb-has-no-icon md-gb-has-no-icon sm-gb-has-no-icon\">Frank teljesen el\u00e9gedett a SELLERLOGIC Repricer-j\u00e9vel: &#8220;A Buy Box strat\u00e9gia \u2013 amely csak minim\u00e1lis manu\u00e1lis er\u0151fesz\u00edt\u00e9st ig\u00e9nyel \u2013 \u00e9s az alacsony hibaar\u00e1ny m\u00e1r \u00f6nmag\u00e1ban is a SELLERLOGIC mellett sz\u00f3l. De a legfontosabb: A Repricer egyszer\u0171en \u00fagy m\u0171k\u00f6dik, mint egy \u00e1lom!&#8221;<\/p><div class=\"theme-wp-block wp-block-buttons gb-responsive-497426-identifier is-layout-flex wp-block-buttons-is-layout-flex\"><div class=\"theme-wp-block wp-block-button gb-responsive-38220-identifier is-style-theme-transparent-with-arrow\"><a class=\"wp-block-button__link wp-element-button\" href=\"https:\/\/d2bw95mh2ee04s.cloudfront.net\/prod\/content\/files\/SUCCESS-STORIES\/EN\/SELLERLOGIC_SN_Success-Story_FJ-Trading_EN.pdf\" target=\"_blank\" rel=\"noreferrer noopener nofollow\">T\u00f6ltse le most!<\/a><\/div><\/div><\/div><div class=\"theme-wp-block wp-block-column gb-responsive-252189-identifier is-layout-flow wp-block-column-is-layout-flow\" style=\"flex-basis:25%\"><\/div><\/div><p class=\"theme-wp-block gb-responsive-527070-identifier\"><\/p>","protected":false},"excerpt":{"rendered":"<p>Alap\u00edt\u00e1s:2013\u00c1gazat:Cip\u0151kAmazonon l\u00e9v\u0151 term\u00e9kek:kb. 100.000 SKUK\u00fcldem\u00e9nyek:kb. 50.000 havonta H\u00e1tt\u00e9r: Frank Jemetz 2004 \u00f3ta akt\u00edvan \u00e9rt\u00e9kes\u00edt az online piacterek vil\u00e1g\u00e1ban. Kezdetben ez f\u0151k\u00e9nt az eBay-en kereszt\u00fcl t\u00f6rt\u00e9nt, de mostanra \u00e1tt\u00e9rt az Amazonra. &#8220;Sok term\u00e9kkel k\u00eds\u00e9rletezt\u00fcnk,&#8221; mondja ma a vez\u00e9rigazgat\u00f3. &#8220;Felf\u00fajhat\u00f3 cs\u00f3nakokt\u00f3l kezdve a tejhabos\u00edt\u00f3kig.&#8221; Frank ezut\u00e1n \u00fagy d\u00f6nt\u00f6tt, hogy Adidas sportcip\u0151ket ad hozz\u00e1 a portf\u00f3li\u00f3j\u00e1hoz. &#8220;\u00c9s valahogy<\/p>\n","protected":false},"author":8,"featured_media":5113,"parent":225390,"menu_order":0,"comment_status":"closed","ping_status":"closed","template":"","meta":{"sidebar_recommended_resources":{"data":[]},"sidebar_header_settings":{"hide_buttons":{"register":false}},"_use_new_theme":false,"inline_featured_image":false,"footnotes":""},"class_list":["post-225432","page","type-page","status-publish","has-post-thumbnail","hentry"],"yoast_head":"<!-- This site is optimized with the Yoast SEO plugin v26.8 - https:\/\/yoast.com\/product\/yoast-seo-wordpress\/ -->\n<title>T\u00f6bb Buy Box, t\u00f6bb forgalom \u2013 a SELLERLOGIC Repricer-vel<\/title>\n<meta name=\"description\" content=\"A SELLERLOGIC Repricer az Amazonhoz megnyeri a Buy Box-t \u00e9s n\u00f6veli az elad\u00e1sait. \u00dcgyfel\u00fcnk, az FJ Trading meger\u0151s\u00edtheti ezt. Tudjon meg t\u00f6bbet most!\" \/>\n<meta name=\"robots\" content=\"index, follow, max-snippet:-1, max-image-preview:large, max-video-preview:-1\" \/>\n<link rel=\"canonical\" href=\"https:\/\/www.sellerlogic.com\/hu\/resources\/success-story-fj-trading\/\" \/>\n<meta property=\"og:locale\" content=\"hu_HU\" \/>\n<meta property=\"og:type\" content=\"article\" \/>\n<meta property=\"og:title\" content=\"T\u00f6bb Buy Box, t\u00f6bb forgalom \u2013 a SELLERLOGIC Repricer-vel\" \/>\n<meta property=\"og:description\" content=\"A SELLERLOGIC Repricer az Amazonhoz megnyeri a Buy Box-t \u00e9s n\u00f6veli az elad\u00e1sait. \u00dcgyfel\u00fcnk, az FJ Trading meger\u0151s\u00edtheti ezt. Tudjon meg t\u00f6bbet most!\" \/>\n<meta property=\"og:url\" content=\"https:\/\/www.sellerlogic.com\/hu\/resources\/success-story-fj-trading\/\" \/>\n<meta property=\"og:site_name\" content=\"SELLERLOGIC - Smarte Tools f\u00fcr Amazon-Seller\" \/>\n<meta property=\"article:publisher\" content=\"https:\/\/www.facebook.com\/SellerLogic\/\" \/>\n<meta property=\"og:image\" content=\"https:\/\/d2bw95mh2ee04s.cloudfront.net\/prod\/content\/wp-content\/uploads\/2020\/12\/23142717\/header-success-story-fj-trading.jpg\" \/>\n\t<meta property=\"og:image:width\" content=\"2500\" \/>\n\t<meta property=\"og:image:height\" content=\"1667\" \/>\n\t<meta property=\"og:image:type\" content=\"image\/jpeg\" \/>\n<meta name=\"twitter:card\" content=\"summary_large_image\" \/>\n<meta name=\"twitter:site\" content=\"@sellerlogic\" \/>\n<meta name=\"twitter:label1\" content=\"Est. reading time\" \/>\n\t<meta name=\"twitter:data1\" content=\"3 minutes\" \/>\n<script type=\"application\/ld+json\" class=\"yoast-schema-graph\">{\"@context\":\"https:\/\/schema.org\",\"@graph\":[{\"@type\":\"WebPage\",\"@id\":\"https:\/\/www.sellerlogic.com\/hu\/resources\/success-story-fj-trading\/\",\"url\":\"https:\/\/www.sellerlogic.com\/hu\/resources\/success-story-fj-trading\/\",\"name\":\"T\u00f6bb Buy Box, t\u00f6bb forgalom \u2013 a SELLERLOGIC Repricer-vel\",\"isPartOf\":{\"@id\":\"https:\/\/www.sellerlogic.com\/hu\/#website\"},\"primaryImageOfPage\":{\"@id\":\"https:\/\/www.sellerlogic.com\/hu\/resources\/success-story-fj-trading\/#primaryimage\"},\"image\":{\"@id\":\"https:\/\/www.sellerlogic.com\/hu\/resources\/success-story-fj-trading\/#primaryimage\"},\"thumbnailUrl\":\"https:\/\/d2bw95mh2ee04s.cloudfront.net\/prod\/content\/wp-content\/uploads\/2020\/12\/23142717\/header-success-story-fj-trading.jpg\",\"datePublished\":\"2020-12-21T22:08:33+00:00\",\"description\":\"A SELLERLOGIC Repricer az Amazonhoz megnyeri a Buy Box-t \u00e9s n\u00f6veli az elad\u00e1sait. \u00dcgyfel\u00fcnk, az FJ Trading meger\u0151s\u00edtheti ezt. Tudjon meg t\u00f6bbet most!\",\"breadcrumb\":{\"@id\":\"https:\/\/www.sellerlogic.com\/hu\/resources\/success-story-fj-trading\/#breadcrumb\"},\"inLanguage\":\"hu-HU\",\"potentialAction\":[{\"@type\":\"ReadAction\",\"target\":[\"https:\/\/www.sellerlogic.com\/hu\/resources\/success-story-fj-trading\/\"]}]},{\"@type\":\"ImageObject\",\"inLanguage\":\"hu-HU\",\"@id\":\"https:\/\/www.sellerlogic.com\/hu\/resources\/success-story-fj-trading\/#primaryimage\",\"url\":\"https:\/\/d2bw95mh2ee04s.cloudfront.net\/prod\/content\/wp-content\/uploads\/2020\/12\/23142717\/header-success-story-fj-trading.jpg\",\"contentUrl\":\"https:\/\/d2bw95mh2ee04s.cloudfront.net\/prod\/content\/wp-content\/uploads\/2020\/12\/23142717\/header-success-story-fj-trading.jpg\",\"width\":2500,\"height\":1667},{\"@type\":\"BreadcrumbList\",\"@id\":\"https:\/\/www.sellerlogic.com\/hu\/resources\/success-story-fj-trading\/#breadcrumb\",\"itemListElement\":[{\"@type\":\"ListItem\",\"position\":1,\"name\":\"Home\",\"item\":\"https:\/\/www.sellerlogic.com\/hu\/\"},{\"@type\":\"ListItem\",\"position\":2,\"name\":\"Ressourcen EN\",\"item\":\"https:\/\/www.sellerlogic.com\/hu\/resources\/\"},{\"@type\":\"ListItem\",\"position\":3,\"name\":\"Siker\u00fclt t\u00f6rt\u00e9net: FJ Trading EN\"}]},{\"@type\":\"WebSite\",\"@id\":\"https:\/\/www.sellerlogic.com\/hu\/#website\",\"url\":\"https:\/\/www.sellerlogic.com\/hu\/\",\"name\":\"SELLERLOGIC - Smarte Tools f\u00fcr Amazon-Seller\",\"description\":\"Intelligente Prozessoptimierung und Gewinnmaximierung\",\"publisher\":{\"@id\":\"https:\/\/www.sellerlogic.com\/hu\/#organization\"},\"potentialAction\":[{\"@type\":\"SearchAction\",\"target\":{\"@type\":\"EntryPoint\",\"urlTemplate\":\"https:\/\/www.sellerlogic.com\/hu\/?s={search_term_string}\"},\"query-input\":{\"@type\":\"PropertyValueSpecification\",\"valueRequired\":true,\"valueName\":\"search_term_string\"}}],\"inLanguage\":\"hu-HU\"},{\"@type\":\"Organization\",\"@id\":\"https:\/\/www.sellerlogic.com\/hu\/#organization\",\"name\":\"SELLERLOGIC\",\"url\":\"https:\/\/www.sellerlogic.com\/hu\/\",\"logo\":{\"@type\":\"ImageObject\",\"inLanguage\":\"hu-HU\",\"@id\":\"https:\/\/www.sellerlogic.com\/hu\/#\/schema\/logo\/image\/\",\"url\":\"https:\/\/d2bw95mh2ee04s.cloudfront.net\/prod\/content\/wp-content\/uploads\/2025\/01\/02134814\/Property-Logo-Main.svg\",\"contentUrl\":\"https:\/\/d2bw95mh2ee04s.cloudfront.net\/prod\/content\/wp-content\/uploads\/2025\/01\/02134814\/Property-Logo-Main.svg\",\"width\":184,\"height\":40,\"caption\":\"SELLERLOGIC\"},\"image\":{\"@id\":\"https:\/\/www.sellerlogic.com\/hu\/#\/schema\/logo\/image\/\"},\"sameAs\":[\"https:\/\/www.facebook.com\/SellerLogic\/\",\"https:\/\/x.com\/sellerlogic\",\"https:\/\/www.instagram.com\/sellerlogic\/\",\"https:\/\/www.linkedin.com\/company\/18402037\/\",\"https:\/\/www.youtube.com\/channel\/UC-gULUur-fNj08sprantKsQ\"]}]}<\/script>\n<!-- \/ Yoast SEO plugin. -->","yoast_head_json":{"title":"T\u00f6bb Buy Box, t\u00f6bb forgalom \u2013 a SELLERLOGIC Repricer-vel","description":"A SELLERLOGIC Repricer az Amazonhoz megnyeri a Buy Box-t \u00e9s n\u00f6veli az elad\u00e1sait. \u00dcgyfel\u00fcnk, az FJ Trading meger\u0151s\u00edtheti ezt. Tudjon meg t\u00f6bbet most!","robots":{"index":"index","follow":"follow","max-snippet":"max-snippet:-1","max-image-preview":"max-image-preview:large","max-video-preview":"max-video-preview:-1"},"canonical":"https:\/\/www.sellerlogic.com\/hu\/resources\/success-story-fj-trading\/","og_locale":"hu_HU","og_type":"article","og_title":"T\u00f6bb Buy Box, t\u00f6bb forgalom \u2013 a SELLERLOGIC Repricer-vel","og_description":"A SELLERLOGIC Repricer az Amazonhoz megnyeri a Buy Box-t \u00e9s n\u00f6veli az elad\u00e1sait. \u00dcgyfel\u00fcnk, az FJ Trading meger\u0151s\u00edtheti ezt. Tudjon meg t\u00f6bbet most!","og_url":"https:\/\/www.sellerlogic.com\/hu\/resources\/success-story-fj-trading\/","og_site_name":"SELLERLOGIC - Smarte Tools f\u00fcr Amazon-Seller","article_publisher":"https:\/\/www.facebook.com\/SellerLogic\/","og_image":[{"width":2500,"height":1667,"url":"https:\/\/d2bw95mh2ee04s.cloudfront.net\/prod\/content\/wp-content\/uploads\/2020\/12\/23142717\/header-success-story-fj-trading.jpg","type":"image\/jpeg"}],"twitter_card":"summary_large_image","twitter_site":"@sellerlogic","twitter_misc":{"Est. reading time":"3 minutes"},"schema":{"@context":"https:\/\/schema.org","@graph":[{"@type":"WebPage","@id":"https:\/\/www.sellerlogic.com\/hu\/resources\/success-story-fj-trading\/","url":"https:\/\/www.sellerlogic.com\/hu\/resources\/success-story-fj-trading\/","name":"T\u00f6bb Buy Box, t\u00f6bb forgalom \u2013 a SELLERLOGIC Repricer-vel","isPartOf":{"@id":"https:\/\/www.sellerlogic.com\/hu\/#website"},"primaryImageOfPage":{"@id":"https:\/\/www.sellerlogic.com\/hu\/resources\/success-story-fj-trading\/#primaryimage"},"image":{"@id":"https:\/\/www.sellerlogic.com\/hu\/resources\/success-story-fj-trading\/#primaryimage"},"thumbnailUrl":"https:\/\/d2bw95mh2ee04s.cloudfront.net\/prod\/content\/wp-content\/uploads\/2020\/12\/23142717\/header-success-story-fj-trading.jpg","datePublished":"2020-12-21T22:08:33+00:00","description":"A SELLERLOGIC Repricer az Amazonhoz megnyeri a Buy Box-t \u00e9s n\u00f6veli az elad\u00e1sait. \u00dcgyfel\u00fcnk, az FJ Trading meger\u0151s\u00edtheti ezt. Tudjon meg t\u00f6bbet most!","breadcrumb":{"@id":"https:\/\/www.sellerlogic.com\/hu\/resources\/success-story-fj-trading\/#breadcrumb"},"inLanguage":"hu-HU","potentialAction":[{"@type":"ReadAction","target":["https:\/\/www.sellerlogic.com\/hu\/resources\/success-story-fj-trading\/"]}]},{"@type":"ImageObject","inLanguage":"hu-HU","@id":"https:\/\/www.sellerlogic.com\/hu\/resources\/success-story-fj-trading\/#primaryimage","url":"https:\/\/d2bw95mh2ee04s.cloudfront.net\/prod\/content\/wp-content\/uploads\/2020\/12\/23142717\/header-success-story-fj-trading.jpg","contentUrl":"https:\/\/d2bw95mh2ee04s.cloudfront.net\/prod\/content\/wp-content\/uploads\/2020\/12\/23142717\/header-success-story-fj-trading.jpg","width":2500,"height":1667},{"@type":"BreadcrumbList","@id":"https:\/\/www.sellerlogic.com\/hu\/resources\/success-story-fj-trading\/#breadcrumb","itemListElement":[{"@type":"ListItem","position":1,"name":"Home","item":"https:\/\/www.sellerlogic.com\/hu\/"},{"@type":"ListItem","position":2,"name":"Ressourcen EN","item":"https:\/\/www.sellerlogic.com\/hu\/resources\/"},{"@type":"ListItem","position":3,"name":"Siker\u00fclt t\u00f6rt\u00e9net: FJ Trading EN"}]},{"@type":"WebSite","@id":"https:\/\/www.sellerlogic.com\/hu\/#website","url":"https:\/\/www.sellerlogic.com\/hu\/","name":"SELLERLOGIC - Smarte Tools f\u00fcr Amazon-Seller","description":"Intelligente Prozessoptimierung und Gewinnmaximierung","publisher":{"@id":"https:\/\/www.sellerlogic.com\/hu\/#organization"},"potentialAction":[{"@type":"SearchAction","target":{"@type":"EntryPoint","urlTemplate":"https:\/\/www.sellerlogic.com\/hu\/?s={search_term_string}"},"query-input":{"@type":"PropertyValueSpecification","valueRequired":true,"valueName":"search_term_string"}}],"inLanguage":"hu-HU"},{"@type":"Organization","@id":"https:\/\/www.sellerlogic.com\/hu\/#organization","name":"SELLERLOGIC","url":"https:\/\/www.sellerlogic.com\/hu\/","logo":{"@type":"ImageObject","inLanguage":"hu-HU","@id":"https:\/\/www.sellerlogic.com\/hu\/#\/schema\/logo\/image\/","url":"https:\/\/d2bw95mh2ee04s.cloudfront.net\/prod\/content\/wp-content\/uploads\/2025\/01\/02134814\/Property-Logo-Main.svg","contentUrl":"https:\/\/d2bw95mh2ee04s.cloudfront.net\/prod\/content\/wp-content\/uploads\/2025\/01\/02134814\/Property-Logo-Main.svg","width":184,"height":40,"caption":"SELLERLOGIC"},"image":{"@id":"https:\/\/www.sellerlogic.com\/hu\/#\/schema\/logo\/image\/"},"sameAs":["https:\/\/www.facebook.com\/SellerLogic\/","https:\/\/x.com\/sellerlogic","https:\/\/www.instagram.com\/sellerlogic\/","https:\/\/www.linkedin.com\/company\/18402037\/","https:\/\/www.youtube.com\/channel\/UC-gULUur-fNj08sprantKsQ"]}]}},"_links":{"self":[{"href":"https:\/\/www.sellerlogic.com\/hu\/wp-json\/wp\/v2\/pages\/225432","targetHints":{"allow":["GET"]}}],"collection":[{"href":"https:\/\/www.sellerlogic.com\/hu\/wp-json\/wp\/v2\/pages"}],"about":[{"href":"https:\/\/www.sellerlogic.com\/hu\/wp-json\/wp\/v2\/types\/page"}],"author":[{"embeddable":true,"href":"https:\/\/www.sellerlogic.com\/hu\/wp-json\/wp\/v2\/users\/8"}],"replies":[{"embeddable":true,"href":"https:\/\/www.sellerlogic.com\/hu\/wp-json\/wp\/v2\/comments?post=225432"}],"version-history":[{"count":0,"href":"https:\/\/www.sellerlogic.com\/hu\/wp-json\/wp\/v2\/pages\/225432\/revisions"}],"up":[{"embeddable":true,"href":"https:\/\/www.sellerlogic.com\/hu\/wp-json\/wp\/v2\/pages\/225390"}],"wp:featuredmedia":[{"embeddable":true,"href":"https:\/\/www.sellerlogic.com\/hu\/wp-json\/wp\/v2\/media\/5113"}],"wp:attachment":[{"href":"https:\/\/www.sellerlogic.com\/hu\/wp-json\/wp\/v2\/media?parent=225432"}],"curies":[{"name":"wp","href":"https:\/\/api.w.org\/{rel}","templated":true}]}}