
{"id":90185,"date":"2025-06-02T20:13:47","date_gmt":"2025-06-02T20:13:47","guid":{"rendered":"https:\/\/www.sellerlogic.com\/success-story-groupe-dragon\/"},"modified":"2025-06-02T20:13:47","modified_gmt":"2025-06-02T20:13:47","slug":"success-story-groupe-dragon","status":"publish","type":"page","link":"https:\/\/www.sellerlogic.com\/it\/risorse\/success-story-groupe-dragon\/","title":{"rendered":"Success Story: Groupe Dragon ES"},"content":{"rendered":"\n\t<div  class=\"theme-wp-block theme-block-main-header is-style-full-height desktop-content-align-y-center desktop-content-align-x-center xl-content-align-y-center xl-content-align-x-center lg-content-align-y-center lg-content-align-x-center md-content-align-y-center md-content-align-x-center sm-content-align-y-center sm-content-align-x-center gb-responsive-853195-identifier desktop-align-full xl-align-full lg-align-full md-align-full sm-align-full desktop-gb-has-no-icon xl-gb-has-no-icon lg-gb-has-no-icon md-gb-has-no-icon sm-gb-has-no-icon theme-block-cover\">\n\t\t<div class=\"bg-cover theme-lazy-load-bg\"><\/div>\n\t\t<div class=\"wrap-content-main-header\">\n\t\t\t\t\t<div  class=\"theme-wp-block theme-block-text-and-text gb-responsive-170032-identifier desktop-vertical-center xl-vertical-center lg-vertical-center md-vertical-center sm-vertical-center md-blockDirection-column sm-blockDirection-column desktop-blockDirection-column xl-blockDirection-column lg-blockDirection-column alignfull\">\n\t\t<div class=\"tat-column-wrap-wrapper\">\n\t\t\t<div class=\"tat-column-wrapper\">\n\t\t\t\t\t<div  class=\"theme-wp-block theme-block-text-and-text-column gb-responsive-644092-identifier md-horizontal-center desktop-horizontal-right sm-horizontal-center xl-horizontal-center lg-horizontal-center\">\n\t\t<div class=\"inner-wrap-column-content\">\n\t\t\t<div class=\"inner-column-content\">\n\t\t\t\t\t\t<h1  class=\"theme-wp-block theme-block-heading is-style-default sm-text-center md-text-center desktop-text-center xl-text-center lg-text-center gb-responsive-113637-identifier desktop-align-full xl-align-full lg-align-full md-align-full sm-align-full desktop-gb-has-no-icon xl-gb-has-no-icon lg-gb-has-no-icon md-gb-has-no-icon sm-gb-has-no-icon alignfull h1 has-text-align\">\n\t\t<strong>Non c&#8217;\u00e8 tempo, n\u00e9 manodopera, n\u00e9 risorse<\/strong>\t<\/h1>\n\n\t\t<h2  class=\"theme-wp-block theme-block-heading desktop-gb-has-no-icon xl-gb-has-no-icon lg-gb-has-no-icon md-gb-has-no-icon sm-gb-has-no-icon gb-responsive-848621-identifier desktop-text-center xl-text-center lg-text-center md-text-center sm-text-center h3\">\n\t\t<strong>Come il Gruppo Dragon continua a essere rimborsato per ogni errore dell&#8217;FBA<\/strong>\t<\/h2>\n\n\t\t\t<\/div>\n\t\t<\/div>\n\t<\/div>\n\t<div  class=\"theme-wp-block theme-block-text-and-text-column gb-responsive-840598-identifier desktop-horizontal-center xl-horizontal-center lg-horizontal-center md-horizontal-center sm-horizontal-center\">\n\t\t<div class=\"inner-wrap-column-content\">\n\t\t\t<div class=\"inner-column-content\">\n\t\t\t\t\t\t\t<\/div>\n\t\t<\/div>\n\t<\/div>\n\t\t\t<\/div>\n\t\t<\/div>\n\t<\/div>\n\n\t\t<\/div>\n\t<\/div>\n\n<div style=\"height:50px\" aria-hidden=\"true\" class=\"theme-wp-block wp-block-spacer\"><\/div><div class=\"theme-wp-block wp-block-columns gb-responsive-715185-identifier is-layout-flex wp-container-core-columns-is-layout-9d6595d7 wp-block-columns-is-layout-flex\"><div class=\"theme-wp-block wp-block-column gb-responsive-447113-identifier is-layout-flow wp-block-column-is-layout-flow\" style=\"flex-basis:25%\"><figure class=\"theme-wp-block wp-block-image size-large gb-responsive-62921-identifier desktop-gb-has-no-icon xl-gb-has-no-icon lg-gb-has-no-icon md-gb-has-no-icon sm-gb-has-no-icon\"><img decoding=\"async\" width=\"156\" height=\"156\" src=\"https:\/\/d2bw95mh2ee04s.cloudfront.net\/prod\/content\/wp-content\/uploads\/2021\/03\/23142640\/logo2_groupe-dragon-edited.png\" alt=\"Success Story: Groupe Dragon ES\" class=\"wp-image-8498\"><\/figure><p class=\"theme-wp-block gb-responsive-312552-identifier desktop-gb-has-no-icon xl-gb-has-no-icon lg-gb-has-no-icon md-gb-has-no-icon sm-gb-has-no-icon\"><strong>Fondazione:<\/strong><br>2011<\/p><p class=\"theme-wp-block gb-responsive-353708-identifier desktop-gb-has-no-icon xl-gb-has-no-icon lg-gb-has-no-icon md-gb-has-no-icon sm-gb-has-no-icon\"><strong>Settore:<\/strong><br>Ricambi \/ Accessori elettrici per la casa<\/p><p class=\"theme-wp-block gb-responsive-741269-identifier desktop-gb-has-no-icon xl-gb-has-no-icon lg-gb-has-no-icon md-gb-has-no-icon sm-gb-has-no-icon\"><strong>Prodotti su Amazon:<\/strong><br>177.000 (tutti i mercati)<\/p><p class=\"theme-wp-block gb-responsive-218030-identifier desktop-gb-has-no-icon xl-gb-has-no-icon lg-gb-has-no-icon md-gb-has-no-icon sm-gb-has-no-icon\"><strong>Spedizioni:<\/strong><br>37.000 al mese<\/p><\/div><div class=\"theme-wp-block wp-block-column gb-responsive-617513-identifier is-layout-flow wp-block-column-is-layout-flow\" style=\"flex-basis:50%\"><h3 class=\"theme-wp-block wp-block-heading gb-responsive-34353-identifier desktop-gb-has-no-icon xl-gb-has-no-icon lg-gb-has-no-icon md-gb-has-no-icon sm-gb-has-no-icon\" id=\"block-c06fce04-ef87-4ffc-a3d6-b768ba377d17\"><strong>Storia<\/strong>:<\/h3><p class=\"theme-wp-block desktop-gb-has-no-icon xl-gb-has-no-icon lg-gb-has-no-icon md-gb-has-no-icon sm-gb-has-no-icon gb-responsive-137794-identifier\">Groupe Dragon \u00e8 una delle aziende francesi di maggior successo nel mercato di Amazon. Il successo non \u00e8 casuale: prima che il fondatore di Groupe Dragon diventasse venditore su Amazon, lavorava a tempo pieno come riparatore di elettrodomestici. &#8220;Gi\u00e0 allora offriva pezzi di ricambio nel suo negozio&#8221;, dice Florent Noualy, responsabile degli acquisti e della strategia di mercato. &#8220;Si \u00e8 reso conto che oggigiorno gli apparecchi elettrici si rompono molto pi\u00f9 rapidamente rispetto a prima&#8221;.<\/p><p class=\"theme-wp-block desktop-gb-has-no-icon xl-gb-has-no-icon lg-gb-has-no-icon md-gb-has-no-icon sm-gb-has-no-icon gb-responsive-442556-identifier\">A questo si \u00e8 aggiunta la nuova legislazione che richiede ai produttori, ad esempio, di mantenere i pezzi di ricambio in stock per un determinato periodo di tempo. Questi eventi hanno contribuito a un aumento significativo della domanda di materiali di riparazione, specialmente online. La decisione di offrire anche pezzi di ricambio online \u00e8 stata azzeccata: nel frattempo, Groupe Dragon si trova tra i 5 venditori francesi di maggior successo su Amazon.<\/p><h3 class=\"theme-wp-block wp-block-heading gb-responsive-182281-identifier desktop-gb-has-no-icon xl-gb-has-no-icon lg-gb-has-no-icon md-gb-has-no-icon sm-gb-has-no-icon\"><strong>Situazione iniziale<\/strong>:<\/h3><p class=\"theme-wp-block desktop-gb-has-no-icon xl-gb-has-no-icon lg-gb-has-no-icon md-gb-has-no-icon sm-gb-has-no-icon gb-responsive-232695-identifier\">Tuttavia, con il suo successo, il Groupe Dragon ha dovuto affrontare anche nuove sfide che ha dovuto superare. &#8220;Una di queste \u00e8 stata l&#8217;internazionalizzazione. Amazon \u00e8 stata di grande aiuto in questo senso, perch\u00e9 il suo facile accesso ad altri mercati ha fatto s\u00ec che la nostra azienda crescesse in modo costante&#8221;, dice Florent Noualy. Il mercato tedesco \u00e8 diventato persino il principale canale di vendita.<\/p><p class=\"theme-wp-block desktop-gb-has-no-icon xl-gb-has-no-icon lg-gb-has-no-icon md-gb-has-no-icon sm-gb-has-no-icon gb-responsive-81637-identifier\">Tuttavia, l&#8217;espansione attraverso Amazon ha anche aperto la strada affinch\u00e9 Groupe Dragon offrisse prodotti a marchio Dyson o Elektrolux. &#8220;Questo ha aumentato massicciamente il nostro volume di ordini e scorte. Quando sono entrato a far parte del team nel 2015, \u00e8 diventato chiaro relativamente in fretta che dovevamo cambiare il nostro adempimento a FBA in futuro. Per noi, questa era la migliore opzione&#8221;.<\/p><h3 class=\"theme-wp-block wp-block-heading gb-responsive-115756-identifier desktop-gb-has-no-icon xl-gb-has-no-icon lg-gb-has-no-icon md-gb-has-no-icon sm-gb-has-no-icon\"><strong>Soluzione:<\/strong><\/h3><p class=\"theme-wp-block desktop-gb-has-no-icon xl-gb-has-no-icon lg-gb-has-no-icon md-gb-has-no-icon sm-gb-has-no-icon gb-responsive-423940-identifier\">Allora Noualy ha ricevuto un messaggio tramite LinkedIn da M\u00f3nica, che lavora nel team vendite di SELLERLOGIC. &#8220;Conoscevo gi\u00e0 SELLERLOGIC&#8221;, dice Noualy, &#8220;e mi sono interessato immediatamente a Lost &#038; Found. In quel momento era gi\u00e0 chiaro che ci mancava un&#8217;informazione importante sui nostri processi di FBA&#8221;. Inoltre, non c&#8217;era nessuno nel team del Groupe Dragon in grado di analizzare le stesse quantit\u00e0 massicce di dati che gestisce Lost &#038; Found.<\/p><p class=\"theme-wp-block desktop-gb-has-no-icon xl-gb-has-no-icon lg-gb-has-no-icon md-gb-has-no-icon sm-gb-has-no-icon gb-responsive-837826-identifier\">Anche se vendiamo su Amazon da anni e conosciamo bene il funzionamento del mercato, dice Noualy, &#8220;tuttavia, non avevamo le conoscenze sufficienti per identificare ogni tipo di errore&#8221;. Questo era qualcosa che doveva essere sicuramente rimediato. &#8220;Quindi, quando ho attivato Lost &#038; Found, ero gi\u00e0 preoccupato che lo strumento identificasse molti errori di FBA. Ma mai, mai avrei aspettato la quantit\u00e0 reale&#8221;.<\/p><div class=\"theme-block-group-wrap\"><div class=\"theme-wp-block wp-block-group gb-responsive-88118-identifier\">\t\t<div  class=\"theme-wp-block theme-block-user-card gb-responsive-799176-identifier is-style-full-width-line desktop-gb-has-no-icon xl-gb-has-no-icon lg-gb-has-no-icon md-gb-has-no-icon sm-gb-has-no-icon\">\n\t\t<div class=\"wrap-inner-content\">\n\t\t\t<div class=\"card-user-head\">\n\t\t\t\t<div class=\"card-user-avatar\">\n\t\t\t\t\t<div class=\"cover-avatar\" style=\"background-image: url(https:\/\/d2bw95mh2ee04s.cloudfront.net\/prod\/content\/wp-content\/uploads\/2021\/03\/23142640\/florent_groupe-dragon-raute.png);\"><\/div>\n\t\t\t\t<\/div>\n\t\t\t\t<div class=\"wrap-title\">\n\t\t\t\t\t<div class=\"card-user-name\">\n\t\t\t\t\t\t<div class=\"title\">\n\t\t\t\t\t\t\t<h3 class=\"heading-text\"><strong>Florent Noualy<\/strong><\/h3>\n\t\t\t\t\t\t<\/div>\n\t\t\t\t\t\t<div class=\"card-user-position\">\n\t\t\t\t\t\t\t<div class=\"card-text\"><strong>Responsabile degli Acquisti e della Strategia di Mercato<\/strong><\/div>\n\t\t\t\t\t\t<\/div>\n\t\t\t\t\t<\/div>\n\t\t\t\t\t<div class=\"card-user-quote-icon\">\n\t\t\t\t\t<\/div>\n\t\t\t\t<\/div>\n\t\t\t<\/div>\n\t\t\t<div class=\"card-user-text\">\n\t\t\t\t<div class=\"card-text\"><p>&#8220;Era assolutamente inaccettabile continuare a perdere cos\u00ec tanti soldi, quindi la decisione \u00e8 stata chiara: avremmo continuato a utilizzare Lost &amp; Found&#8221;.<\/p><\/div>\n\t\t\t<\/div>\n\t\t<\/div>\n\t<\/div>\n\n<\/div><\/div><h3 class=\"theme-wp-block wp-block-heading gb-responsive-595368-identifier desktop-gb-has-no-icon xl-gb-has-no-icon lg-gb-has-no-icon md-gb-has-no-icon sm-gb-has-no-icon\"><strong>Successi con SELLERLOGIC:<\/strong><\/h3><p class=\"theme-wp-block desktop-gb-has-no-icon xl-gb-has-no-icon lg-gb-has-no-icon md-gb-has-no-icon sm-gb-has-no-icon gb-responsive-631358-identifier\">La prima esecuzione di Lost &#038; Found ha messo in luce 360 errori. Noualy \u00e8 rimasto molto sorpreso. &#8220;Era assolutamente inaccettabile continuare a perdere cos\u00ec tanti soldi, quindi la decisione \u00e8 stata chiara: avremmo continuato a utilizzare Lost &#038; Found&#8221;. E \u00e8 stata una buona decisione. Fino ad oggi, Lost &#038; Found ha portato all&#8217;azienda circa 25.000 euro in restituzioni che, altrimenti, sarebbero andate perse.<\/p><p class=\"theme-wp-block desktop-gb-has-no-icon xl-gb-has-no-icon lg-gb-has-no-icon md-gb-has-no-icon sm-gb-has-no-icon gb-responsive-886470-identifier\">Ma non \u00e8 tutto. Inoltre, la soluzione SELLERLOGIC di Groupe Dragon ci fa risparmiare anche molte altre risorse, come tempo e manodopera. &#8220;La comunicazione con Amazon \u00e8 stata semplificata. Lost &#038; Found fornisce le informazioni adeguate in ogni momento&#8221;. Questo include, ad esempio, i modelli che Groupe Dragon pu\u00f2 utilizzare per rispondere immediatamente alle risposte automatiche di Amazon. &#8220;L&#8217;unica cosa che dobbiamo fare \u00e8 semplicemente copiare i modelli. Tutto ci\u00f2 che dobbiamo sapere su un errore pu\u00f2 essere trovato in Lost &#038; Found in modo chiaro&#8221;.<\/p><p class=\"theme-wp-block desktop-gb-has-no-icon xl-gb-has-no-icon lg-gb-has-no-icon md-gb-has-no-icon sm-gb-has-no-icon gb-responsive-811927-identifier\">Florent Noualy \u00e8 anche entusiasta di SELLERLOGIC perch\u00e9 il loro servizio di assistenza clienti \u00e8 incluso nel prezzo: &#8220;Se c&#8217;\u00e8 qualche problema con uno dei casi aperti, il team di SELLERLOGIC \u00e8 sempre disponibile e fa tutto il possibile per aiutare i propri clienti e portare il caso a buon fine.&#8221;<\/p><div class=\"theme-wp-block wp-block-buttons gb-responsive-497426-identifier is-layout-flex wp-block-buttons-is-layout-flex\"><div class=\"theme-wp-block wp-block-button gb-responsive-38220-identifier is-style-theme-transparent-with-arrow\"><a class=\"wp-block-button__link wp-element-button\" href=\"https:\/\/d2bw95mh2ee04s.cloudfront.net\/prod\/content\/files\/SUCCESS-STORIES\/ES\/SELLERLOGIC_Success-Story_Groupe-Dragon_ES.pdf\" target=\"_blank\" rel=\"noreferrer noopener nofollow\">Scarica ora!<\/a><\/div><\/div><\/div><div class=\"theme-wp-block wp-block-column gb-responsive-180258-identifier is-layout-flow wp-block-column-is-layout-flow\" style=\"flex-basis:25%\"><\/div><\/div>","protected":false},"excerpt":{"rendered":"<p>Fondazione:2011 Settore:Ricambi \/ Accessori elettrici per la casa Prodotti su Amazon:177.000 (tutti i mercati) Spedizioni:37.000 al mese Storia: Groupe Dragon \u00e8 una delle aziende francesi di maggior successo nel mercato di Amazon. Il successo non \u00e8 casuale: prima che il fondatore di Groupe Dragon diventasse venditore su Amazon, lavorava a tempo pieno come riparatore di<\/p>\n","protected":false},"author":8,"featured_media":0,"parent":90173,"menu_order":0,"comment_status":"closed","ping_status":"closed","template":"","meta":{"sidebar_recommended_resources":{"data":[]},"sidebar_header_settings":{"hide_buttons":{"register":false}},"_use_new_theme":false,"inline_featured_image":false,"footnotes":""},"class_list":["post-90185","page","type-page","status-publish","hentry"],"yoast_head":"<!-- This site is optimized with the Yoast SEO plugin v26.8 - https:\/\/yoast.com\/product\/yoast-seo-wordpress\/ -->\n<title>Non ci sono tempo n\u00e9 risorse \u2013 Groupe Dragon riceve i suoi rimborsi da Amazon tramite Lost &amp; Found<\/title>\n<meta name=\"description\" content=\"Non ci sono tempo, n\u00e9 manodopera, n\u00e9 risorse \u2013 Come il Groupe Dragon continua a essere rimborsato per ogni errore di FBA tramite SELLERLOGIC Lost &amp; Found.\" \/>\n<meta name=\"robots\" content=\"index, follow, max-snippet:-1, max-image-preview:large, max-video-preview:-1\" \/>\n<link rel=\"canonical\" href=\"https:\/\/www.sellerlogic.com\/it\/risorse\/success-story-groupe-dragon\/\" \/>\n<meta property=\"og:locale\" content=\"it_IT\" \/>\n<meta property=\"og:type\" content=\"article\" \/>\n<meta property=\"og:title\" content=\"Non ci sono tempo n\u00e9 risorse \u2013 Groupe Dragon riceve i suoi rimborsi da Amazon tramite Lost &amp; Found\" \/>\n<meta property=\"og:description\" content=\"Non ci sono tempo, n\u00e9 manodopera, n\u00e9 risorse \u2013 Come il Groupe Dragon continua a essere rimborsato per ogni errore di FBA tramite SELLERLOGIC Lost &amp; Found.\" \/>\n<meta property=\"og:url\" content=\"https:\/\/www.sellerlogic.com\/it\/risorse\/success-story-groupe-dragon\/\" \/>\n<meta property=\"og:site_name\" content=\"SELLERLOGIC - Smarte Tools f\u00fcr Amazon-Seller\" \/>\n<meta property=\"article:publisher\" content=\"https:\/\/www.facebook.com\/SellerLogic\/\" \/>\n<meta property=\"og:image\" content=\"https:\/\/www.sellerlogic.com\/wp-content\/uploads\/2021\/03\/logo2_groupe-dragon-edited.png\" \/>\n<meta name=\"twitter:card\" content=\"summary_large_image\" \/>\n<meta name=\"twitter:site\" content=\"@sellerlogic\" \/>\n<meta name=\"twitter:label1\" content=\"Est. reading time\" \/>\n\t<meta name=\"twitter:data1\" content=\"4 minutes\" \/>\n<script type=\"application\/ld+json\" class=\"yoast-schema-graph\">{\"@context\":\"https:\/\/schema.org\",\"@graph\":[{\"@type\":\"WebPage\",\"@id\":\"https:\/\/www.sellerlogic.com\/it\/risorse\/success-story-groupe-dragon\/\",\"url\":\"https:\/\/www.sellerlogic.com\/it\/risorse\/success-story-groupe-dragon\/\",\"name\":\"Non ci sono tempo n\u00e9 risorse \u2013 Groupe Dragon riceve i suoi rimborsi da Amazon tramite Lost & Found\",\"isPartOf\":{\"@id\":\"https:\/\/www.sellerlogic.com\/it\/#website\"},\"primaryImageOfPage\":{\"@id\":\"https:\/\/www.sellerlogic.com\/it\/risorse\/success-story-groupe-dragon\/#primaryimage\"},\"image\":{\"@id\":\"https:\/\/www.sellerlogic.com\/it\/risorse\/success-story-groupe-dragon\/#primaryimage\"},\"thumbnailUrl\":\"https:\/\/www.sellerlogic.com\/wp-content\/uploads\/2021\/03\/logo2_groupe-dragon-edited.png\",\"datePublished\":\"2025-06-02T20:13:47+00:00\",\"description\":\"Non ci sono tempo, n\u00e9 manodopera, n\u00e9 risorse \u2013 Come il Groupe Dragon continua a essere rimborsato per ogni errore di FBA tramite SELLERLOGIC Lost & Found.\",\"breadcrumb\":{\"@id\":\"https:\/\/www.sellerlogic.com\/it\/risorse\/success-story-groupe-dragon\/#breadcrumb\"},\"inLanguage\":\"it-IT\",\"potentialAction\":[{\"@type\":\"ReadAction\",\"target\":[\"https:\/\/www.sellerlogic.com\/it\/risorse\/success-story-groupe-dragon\/\"]}]},{\"@type\":\"ImageObject\",\"inLanguage\":\"it-IT\",\"@id\":\"https:\/\/www.sellerlogic.com\/it\/risorse\/success-story-groupe-dragon\/#primaryimage\",\"url\":\"https:\/\/www.sellerlogic.com\/wp-content\/uploads\/2021\/03\/logo2_groupe-dragon-edited.png\",\"contentUrl\":\"https:\/\/www.sellerlogic.com\/wp-content\/uploads\/2021\/03\/logo2_groupe-dragon-edited.png\"},{\"@type\":\"BreadcrumbList\",\"@id\":\"https:\/\/www.sellerlogic.com\/it\/risorse\/success-story-groupe-dragon\/#breadcrumb\",\"itemListElement\":[{\"@type\":\"ListItem\",\"position\":1,\"name\":\"Home\",\"item\":\"https:\/\/www.sellerlogic.com\/it\/\"},{\"@type\":\"ListItem\",\"position\":2,\"name\":\"Ressourcen EN\",\"item\":\"https:\/\/www.sellerlogic.com\/it\/risorse\/\"},{\"@type\":\"ListItem\",\"position\":3,\"name\":\"Success Story: Groupe Dragon ES\"}]},{\"@type\":\"WebSite\",\"@id\":\"https:\/\/www.sellerlogic.com\/it\/#website\",\"url\":\"https:\/\/www.sellerlogic.com\/it\/\",\"name\":\"SELLERLOGIC - Smarte Tools f\u00fcr Amazon-Seller\",\"description\":\"Intelligente Prozessoptimierung und Gewinnmaximierung\",\"publisher\":{\"@id\":\"https:\/\/www.sellerlogic.com\/it\/#organization\"},\"potentialAction\":[{\"@type\":\"SearchAction\",\"target\":{\"@type\":\"EntryPoint\",\"urlTemplate\":\"https:\/\/www.sellerlogic.com\/it\/?s={search_term_string}\"},\"query-input\":{\"@type\":\"PropertyValueSpecification\",\"valueRequired\":true,\"valueName\":\"search_term_string\"}}],\"inLanguage\":\"it-IT\"},{\"@type\":\"Organization\",\"@id\":\"https:\/\/www.sellerlogic.com\/it\/#organization\",\"name\":\"SELLERLOGIC\",\"url\":\"https:\/\/www.sellerlogic.com\/it\/\",\"logo\":{\"@type\":\"ImageObject\",\"inLanguage\":\"it-IT\",\"@id\":\"https:\/\/www.sellerlogic.com\/it\/#\/schema\/logo\/image\/\",\"url\":\"https:\/\/d2bw95mh2ee04s.cloudfront.net\/prod\/content\/wp-content\/uploads\/2025\/01\/02134814\/Property-Logo-Main.svg\",\"contentUrl\":\"https:\/\/d2bw95mh2ee04s.cloudfront.net\/prod\/content\/wp-content\/uploads\/2025\/01\/02134814\/Property-Logo-Main.svg\",\"width\":184,\"height\":40,\"caption\":\"SELLERLOGIC\"},\"image\":{\"@id\":\"https:\/\/www.sellerlogic.com\/it\/#\/schema\/logo\/image\/\"},\"sameAs\":[\"https:\/\/www.facebook.com\/SellerLogic\/\",\"https:\/\/x.com\/sellerlogic\",\"https:\/\/www.instagram.com\/sellerlogic\/\",\"https:\/\/www.linkedin.com\/company\/18402037\/\",\"https:\/\/www.youtube.com\/channel\/UC-gULUur-fNj08sprantKsQ\"]}]}<\/script>\n<!-- \/ Yoast SEO plugin. -->","yoast_head_json":{"title":"Non ci sono tempo n\u00e9 risorse \u2013 Groupe Dragon riceve i suoi rimborsi da Amazon tramite Lost & Found","description":"Non ci sono tempo, n\u00e9 manodopera, n\u00e9 risorse \u2013 Come il Groupe Dragon continua a essere rimborsato per ogni errore di FBA tramite SELLERLOGIC Lost & Found.","robots":{"index":"index","follow":"follow","max-snippet":"max-snippet:-1","max-image-preview":"max-image-preview:large","max-video-preview":"max-video-preview:-1"},"canonical":"https:\/\/www.sellerlogic.com\/it\/risorse\/success-story-groupe-dragon\/","og_locale":"it_IT","og_type":"article","og_title":"Non ci sono tempo n\u00e9 risorse \u2013 Groupe Dragon riceve i suoi rimborsi da Amazon tramite Lost & Found","og_description":"Non ci sono tempo, n\u00e9 manodopera, n\u00e9 risorse \u2013 Come il Groupe Dragon continua a essere rimborsato per ogni errore di FBA tramite SELLERLOGIC Lost & Found.","og_url":"https:\/\/www.sellerlogic.com\/it\/risorse\/success-story-groupe-dragon\/","og_site_name":"SELLERLOGIC - Smarte Tools f\u00fcr Amazon-Seller","article_publisher":"https:\/\/www.facebook.com\/SellerLogic\/","og_image":[{"url":"https:\/\/www.sellerlogic.com\/wp-content\/uploads\/2021\/03\/logo2_groupe-dragon-edited.png","type":"","width":"","height":""}],"twitter_card":"summary_large_image","twitter_site":"@sellerlogic","twitter_misc":{"Est. reading time":"4 minutes"},"schema":{"@context":"https:\/\/schema.org","@graph":[{"@type":"WebPage","@id":"https:\/\/www.sellerlogic.com\/it\/risorse\/success-story-groupe-dragon\/","url":"https:\/\/www.sellerlogic.com\/it\/risorse\/success-story-groupe-dragon\/","name":"Non ci sono tempo n\u00e9 risorse \u2013 Groupe Dragon riceve i suoi rimborsi da Amazon tramite Lost & Found","isPartOf":{"@id":"https:\/\/www.sellerlogic.com\/it\/#website"},"primaryImageOfPage":{"@id":"https:\/\/www.sellerlogic.com\/it\/risorse\/success-story-groupe-dragon\/#primaryimage"},"image":{"@id":"https:\/\/www.sellerlogic.com\/it\/risorse\/success-story-groupe-dragon\/#primaryimage"},"thumbnailUrl":"https:\/\/www.sellerlogic.com\/wp-content\/uploads\/2021\/03\/logo2_groupe-dragon-edited.png","datePublished":"2025-06-02T20:13:47+00:00","description":"Non ci sono tempo, n\u00e9 manodopera, n\u00e9 risorse \u2013 Come il Groupe Dragon continua a essere rimborsato per ogni errore di FBA tramite SELLERLOGIC Lost & Found.","breadcrumb":{"@id":"https:\/\/www.sellerlogic.com\/it\/risorse\/success-story-groupe-dragon\/#breadcrumb"},"inLanguage":"it-IT","potentialAction":[{"@type":"ReadAction","target":["https:\/\/www.sellerlogic.com\/it\/risorse\/success-story-groupe-dragon\/"]}]},{"@type":"ImageObject","inLanguage":"it-IT","@id":"https:\/\/www.sellerlogic.com\/it\/risorse\/success-story-groupe-dragon\/#primaryimage","url":"https:\/\/www.sellerlogic.com\/wp-content\/uploads\/2021\/03\/logo2_groupe-dragon-edited.png","contentUrl":"https:\/\/www.sellerlogic.com\/wp-content\/uploads\/2021\/03\/logo2_groupe-dragon-edited.png"},{"@type":"BreadcrumbList","@id":"https:\/\/www.sellerlogic.com\/it\/risorse\/success-story-groupe-dragon\/#breadcrumb","itemListElement":[{"@type":"ListItem","position":1,"name":"Home","item":"https:\/\/www.sellerlogic.com\/it\/"},{"@type":"ListItem","position":2,"name":"Ressourcen EN","item":"https:\/\/www.sellerlogic.com\/it\/risorse\/"},{"@type":"ListItem","position":3,"name":"Success Story: Groupe Dragon ES"}]},{"@type":"WebSite","@id":"https:\/\/www.sellerlogic.com\/it\/#website","url":"https:\/\/www.sellerlogic.com\/it\/","name":"SELLERLOGIC - Smarte Tools f\u00fcr Amazon-Seller","description":"Intelligente Prozessoptimierung und Gewinnmaximierung","publisher":{"@id":"https:\/\/www.sellerlogic.com\/it\/#organization"},"potentialAction":[{"@type":"SearchAction","target":{"@type":"EntryPoint","urlTemplate":"https:\/\/www.sellerlogic.com\/it\/?s={search_term_string}"},"query-input":{"@type":"PropertyValueSpecification","valueRequired":true,"valueName":"search_term_string"}}],"inLanguage":"it-IT"},{"@type":"Organization","@id":"https:\/\/www.sellerlogic.com\/it\/#organization","name":"SELLERLOGIC","url":"https:\/\/www.sellerlogic.com\/it\/","logo":{"@type":"ImageObject","inLanguage":"it-IT","@id":"https:\/\/www.sellerlogic.com\/it\/#\/schema\/logo\/image\/","url":"https:\/\/d2bw95mh2ee04s.cloudfront.net\/prod\/content\/wp-content\/uploads\/2025\/01\/02134814\/Property-Logo-Main.svg","contentUrl":"https:\/\/d2bw95mh2ee04s.cloudfront.net\/prod\/content\/wp-content\/uploads\/2025\/01\/02134814\/Property-Logo-Main.svg","width":184,"height":40,"caption":"SELLERLOGIC"},"image":{"@id":"https:\/\/www.sellerlogic.com\/it\/#\/schema\/logo\/image\/"},"sameAs":["https:\/\/www.facebook.com\/SellerLogic\/","https:\/\/x.com\/sellerlogic","https:\/\/www.instagram.com\/sellerlogic\/","https:\/\/www.linkedin.com\/company\/18402037\/","https:\/\/www.youtube.com\/channel\/UC-gULUur-fNj08sprantKsQ"]}]}},"_links":{"self":[{"href":"https:\/\/www.sellerlogic.com\/it\/wp-json\/wp\/v2\/pages\/90185","targetHints":{"allow":["GET"]}}],"collection":[{"href":"https:\/\/www.sellerlogic.com\/it\/wp-json\/wp\/v2\/pages"}],"about":[{"href":"https:\/\/www.sellerlogic.com\/it\/wp-json\/wp\/v2\/types\/page"}],"author":[{"embeddable":true,"href":"https:\/\/www.sellerlogic.com\/it\/wp-json\/wp\/v2\/users\/8"}],"replies":[{"embeddable":true,"href":"https:\/\/www.sellerlogic.com\/it\/wp-json\/wp\/v2\/comments?post=90185"}],"version-history":[{"count":0,"href":"https:\/\/www.sellerlogic.com\/it\/wp-json\/wp\/v2\/pages\/90185\/revisions"}],"up":[{"embeddable":true,"href":"https:\/\/www.sellerlogic.com\/it\/wp-json\/wp\/v2\/pages\/90173"}],"wp:attachment":[{"href":"https:\/\/www.sellerlogic.com\/it\/wp-json\/wp\/v2\/media?parent=90185"}],"curies":[{"name":"wp","href":"https:\/\/api.w.org\/{rel}","templated":true}]}}