
{"id":90188,"date":"2020-12-18T08:11:11","date_gmt":"2020-12-18T08:11:11","guid":{"rendered":"https:\/\/www.sellerlogic.com\/success-story-meinemarkenmode\/"},"modified":"2025-09-05T12:27:07","modified_gmt":"2025-09-05T12:27:07","slug":"success-story-meinemarkenmode","status":"publish","type":"page","link":"https:\/\/www.sellerlogic.com\/it\/risorse\/success-story-meinemarkenmode\/","title":{"rendered":"Success Story: meinemarkenmode.de EN"},"content":{"rendered":"\n\t<div  class=\"theme-wp-block theme-block-main-header is-style-full-height desktop-align-full xl-align-full lg-align-full md-align-full sm-align-full desktop-content-align-y-center desktop-content-align-x-center xl-content-align-y-center xl-content-align-x-center lg-content-align-y-center lg-content-align-x-center md-content-align-y-center md-content-align-x-center sm-content-align-y-center sm-content-align-x-center gb-responsive-720212-identifier theme-block-cover\">\n\t\t<div class=\"bg-cover theme-lazy-load-bg\"><\/div>\n\t\t<div class=\"wrap-content-main-header\">\n\t\t\t\t\t<div  class=\"theme-wp-block theme-block-text-and-text desktop-align-wide xl-align-wide lg-align-wide md-align-wide sm-align-wide gb-responsive-366658-identifier desktop-blockDirection-column xl-blockDirection-column lg-blockDirection-column md-blockDirection-column sm-blockDirection-column\">\n\t\t<div class=\"tat-column-wrap-wrapper\">\n\t\t\t<div class=\"tat-column-wrapper\">\n\t\t\t\t\t<div  class=\"theme-wp-block theme-block-text-and-text-column gb-responsive-923660-identifier desktop-horizontal-center xl-horizontal-center lg-horizontal-center md-horizontal-center sm-horizontal-center\">\n\t\t<div class=\"inner-wrap-column-content\">\n\t\t\t<div class=\"inner-column-content\">\n\t\t\t\t\t\t<p  class=\"theme-wp-block theme-block-heading is-style-default desktop-text-center xl-text-center lg-text-center md-text-center sm-text-center gb-responsive-948994-identifier h2\">\n\t\tPi\u00f9 soldi, meno problemi\t<\/p>\n\n\t\t<h1  class=\"theme-wp-block theme-block-heading gb-responsive-522772-identifier is-style-default desktop-text-center xl-text-center lg-text-center md-text-center sm-text-center h1\">\n\t\tCome meinmarkenmode ha ricevuto un rimborso a sei cifre da Amazon\t<\/h1>\n\n\t\t\t<\/div>\n\t\t<\/div>\n\t<\/div>\n\t<div  class=\"theme-wp-block theme-block-text-and-text-column gb-responsive-441362-identifier\">\n\t\t<div class=\"inner-wrap-column-content\">\n\t\t\t<div class=\"inner-column-content\">\n\t\t\t\t\t\t\t<\/div>\n\t\t<\/div>\n\t<\/div>\n\t\t\t<\/div>\n\t\t<\/div>\n\t<\/div>\n\n\t\t<\/div>\n\t<\/div>\n\n<div style=\"height:50px\" aria-hidden=\"true\" class=\"theme-wp-block wp-block-spacer\"><\/div><div class=\"theme-wp-block wp-block-columns gb-responsive-34913-identifier is-layout-flex wp-container-core-columns-is-layout-9d6595d7 wp-block-columns-is-layout-flex\"><div class=\"theme-wp-block wp-block-column gb-responsive-118097-identifier is-layout-flow wp-block-column-is-layout-flow\" style=\"flex-basis:25%\"><figure class=\"theme-wp-block wp-block-image size-large is-resized gb-responsive-62921-identifier\"><img decoding=\"async\" src=\"https:\/\/d2bw95mh2ee04s.cloudfront.net\/prod\/content\/wp-content\/uploads\/2020\/12\/23142728\/MMM-Logo_2-844x154.png\" alt=\"Success Story: meinemarkenmode.de EN\" class=\"wp-image-4742\" width=\"300\" height=\"55\" srcset=\"https:\/\/d2bw95mh2ee04s.cloudfront.net\/prod\/content\/wp-content\/uploads\/2020\/12\/23142728\/MMM-Logo_2-407x74.png 407w, https:\/\/d2bw95mh2ee04s.cloudfront.net\/prod\/content\/wp-content\/uploads\/2020\/12\/23142728\/MMM-Logo_2-768x141.png 768w, https:\/\/d2bw95mh2ee04s.cloudfront.net\/prod\/content\/wp-content\/uploads\/2020\/12\/23142728\/MMM-Logo_2-844x154.png 844w, https:\/\/d2bw95mh2ee04s.cloudfront.net\/prod\/content\/wp-content\/uploads\/2020\/12\/23142728\/MMM-Logo_2.png 1000w\" sizes=\"(max-width: 300px) 100vw, 300px\" \/><\/figure><p class=\"theme-wp-block gb-responsive-595107-identifier\"><strong>Fondazione:<\/strong><br>2009<\/p><p class=\"theme-wp-block gb-responsive-627172-identifier\"><strong>Settore:<\/strong><br>Moda<\/p><p class=\"theme-wp-block gb-responsive-331586-identifier\"><strong>Articoli su Amazon: <\/strong><br>30.000<\/p><p class=\"theme-wp-block gb-responsive-485766-identifier\"><strong>Spedizioni:<\/strong><br>circa 150.000 al mese<\/p><\/div><div class=\"theme-wp-block wp-block-column gb-responsive-36942-identifier is-layout-flow wp-block-column-is-layout-flow\" style=\"flex-basis:50%\"><h3 class=\"theme-wp-block wp-block-heading gb-responsive-34353-identifier\" id=\"block-c06fce04-ef87-4ffc-a3d6-b768ba377d17\">Contesto:<\/h3><p class=\"theme-wp-block gb-responsive-767855-identifier desktop-gb-has-no-icon xl-gb-has-no-icon lg-gb-has-no-icon md-gb-has-no-icon sm-gb-has-no-icon\">Con tutto l&#8217;inventario che entra ed esce dai loro magazzini, Alexander Charatzoglou era consapevole che gli errori erano destinati a verificarsi. Finora, l&#8217;azienda di vendita per corrispondenza non aveva alcun processo che consentisse l&#8217;identificazione di ogni singolo errore che si verificava, fino a quando Alexander non visit\u00f2 un workshop per venditori Amazon che forn\u00ec una soluzione.<\/p><p class=\"theme-wp-block desktop-gb-has-no-icon xl-gb-has-no-icon lg-gb-has-no-icon md-gb-has-no-icon sm-gb-has-no-icon gb-responsive-7132-identifier\">La storia di meinmarkenmode.de assomiglia molto al prototipo del Sogno Americano<\/p><p class=\"theme-wp-block desktop-gb-has-no-icon xl-gb-has-no-icon lg-gb-has-no-icon md-gb-has-no-icon sm-gb-has-no-icon gb-responsive-663910-identifier\">Per finanziare i suoi studi, l&#8217;attuale amministratore delegato Eugen Allerborn ha iniziato a fare trading su eBay nel 2009. Con la crescita dell&#8217;azienda, ha dovuto affrontare la decisione di completare i suoi studi o abbandonare l&#8217;universit\u00e0 e dedicare tutto il suo tempo al lavoro. Ha scelto quest&#8217;ultima opzione: una decisione che ha portato a molto lavoro duro ma a ancora pi\u00f9 successo. Oggi, insieme al suo socio in affari e amico Timo Bethlehem, gestisce un&#8217;attivit\u00e0 online di successo con 50 dipendenti in due sedi.<\/p><h3 class=\"theme-wp-block wp-block-heading gb-responsive-182281-identifier desktop-gb-has-no-icon xl-gb-has-no-icon lg-gb-has-no-icon md-gb-has-no-icon sm-gb-has-no-icon\">Inizio:<\/h3><p class=\"theme-wp-block gb-responsive-262664-identifier desktop-gb-has-no-icon xl-gb-has-no-icon lg-gb-has-no-icon md-gb-has-no-icon sm-gb-has-no-icon\">\u201cEra chiaro per noi che stavamo perdendo stock nei magazzini FBA. Con oltre 30.000 articoli in 20 magazzini e i conseguenti movimenti di stock, questo \u00e8 inevitabile\u201d, spiega Alexander, che lavora come Responsabile della Gestione Vendite presso meinmarkenmode.de dal 2012. \u201cMa, come spesso accade, c&#8217;erano troppi altri compiti che avevano una priorit\u00e0 pi\u00f9 alta. Inoltre, ci mancava la capacit\u00e0 di controllare i processi manualmente\u201d.<\/p>\u201c\u00c8 cambiato solo quando Alexander ha avuto una conversazione su questo argomento con un collega rivenditore durante un workshop di Amazon. \u201cIl mio collega rivenditore era uno dei clienti pilota di SELLERLOGIC Lost &#038; Found. Quando mi ha parlato di un rimborso iniziale del valore di una piccola auto, sono rimasto cos\u00ec colpito che provare questo strumento \u00e8 stato in cima alla mia lista di priorit\u00e0,\u201d ricorda Alexander.\u201d<h3 class=\"theme-wp-block wp-block-heading gb-responsive-115756-identifier\">Soluzione:<\/h3><p class=\"theme-wp-block gb-responsive-231780-identifier\">Basato sull&#8217;esperienza positiva del suo collega rivenditore, nessun&#8217;altra soluzione oltre a Lost &#038; Found \u00e8 mai stata presa in considerazione per meinmarkenmode.de.<\/p>Alexander ricorda le prime esperienze con il software di SELLERLOGIC: \u201cL&#8217;inserimento con SELLERLOGIC \u00e8 stato estremamente facile e piacevole. La soluzione \u00e8 intuitiva e pu\u00f2 essere utilizzata da chiunque dopo un breve periodo di formazione. Da quando l&#8217;abbiamo lanciata, non c&#8217;\u00e8 stato bisogno di alcun supporto. Neanche quando abbiamo trasferito la gestione dei casi a nuovi dipendenti \u2013 questo \u00e8 piuttosto notevole!\u201d. Dopo un momento, aggiunge: \u201cLo strumento \u00e8 anche incredibilmente efficiente. Dietro il suo funzionamento intuitivo si nasconde un sistema molto sofisticato che semplifica notevolmente l&#8217;elaborazione dei casi.\u201d<div class=\"theme-block-group-wrap\"><div class=\"theme-wp-block wp-block-group gb-responsive-88118-identifier\">\t\t<div  class=\"theme-wp-block theme-block-user-card gb-responsive-799176-identifier is-style-full-width-line desktop-gb-has-no-icon xl-gb-has-no-icon lg-gb-has-no-icon md-gb-has-no-icon sm-gb-has-no-icon\">\n\t\t<div class=\"wrap-inner-content\">\n\t\t\t<div class=\"card-user-head\">\n\t\t\t\t<div class=\"card-user-avatar\">\n\t\t\t\t\t<div class=\"cover-avatar\" style=\"background-image: url(https:\/\/d2bw95mh2ee04s.cloudfront.net\/prod\/content\/wp-content\/uploads\/2020\/12\/23142728\/alexander_charatzoglou_raute.png);\"><\/div>\n\t\t\t\t<\/div>\n\t\t\t\t<div class=\"wrap-title\">\n\t\t\t\t\t<div class=\"card-user-name\">\n\t\t\t\t\t\t<div class=\"title\">\n\t\t\t\t\t\t\t<h3 class=\"heading-text\"><strong>Alexander Charatzoglou<\/strong><\/h3>\n\t\t\t\t\t\t<\/div>\n\t\t\t\t\t\t<div class=\"card-user-position\">\n\t\t\t\t\t\t\t<div class=\"card-text\"><strong>Responsabile della gestione vendite presso meinmarkenmode.de<\/strong><\/div>\n\t\t\t\t\t\t<\/div>\n\t\t\t\t\t<\/div>\n\t\t\t\t\t<div class=\"card-user-quote-icon\">\n\t\t\t\t\t<\/div>\n\t\t\t\t<\/div>\n\t\t\t<\/div>\n\t\t\t<div class=\"card-user-text\">\n\t\t\t\t<div class=\"card-text\">\u201cSELLERLOGIC Lost &#038; Found \u00e8 davvero una scelta ovvia. E non solo in senso economico. I costi contenuti, lo strumento, la tecnologia dietro di esso, i servizi e il team che lo supporta \u2013 semplicemente tutto \u2013 contribuisce alla nostra completa soddisfazione.\u201d<\/div>\n\t\t\t<\/div>\n\t\t<\/div>\n\t<\/div>\n\n<\/div><\/div><h3 class=\"theme-wp-block wp-block-heading gb-responsive-595368-identifier\">Risultati di successo con SELLERLOGIC:<\/h3><p class=\"theme-wp-block gb-responsive-905876-identifier desktop-gb-has-no-icon xl-gb-has-no-icon lg-gb-has-no-icon md-gb-has-no-icon sm-gb-has-no-icon\">Da quando hanno lanciato SELLERLOGIC Lost &#038; Found, meinmarkenmode.de \u00e8 stata in grado di richiedere rimborsi per un valore di circa 200.000 Euro. \u201cQuesto non \u00e8 pi\u00f9 una piccola auto, ma un&#8217;intera casa,\u201d ride Alexander.<\/p><p class=\"theme-wp-block gb-responsive-208143-identifier desktop-gb-has-no-icon xl-gb-has-no-icon lg-gb-has-no-icon md-gb-has-no-icon sm-gb-has-no-icon\">Quindi la reale perdita di stock nei magazzini FBA ha chiaramente superato le aspettative dell&#8217;azienda. Allo stesso tempo, meinmarkenmode.de beneficia del sistema sofisticato, che trova anche errori che probabilmente rimarrebbero non rilevati se cercati manualmente. Per Alexander, il contatto umano con SELLERLOGIC \u00e8 altrettanto importante. Per lui, SELLERLOGIC non \u00e8 solo uno strumento che la sua azienda utilizza, ma apprezza anche l&#8217;intero team e il suo servizio.<\/p><p class=\"theme-wp-block gb-responsive-355671-identifier desktop-gb-has-no-icon xl-gb-has-no-icon lg-gb-has-no-icon md-gb-has-no-icon sm-gb-has-no-icon\">Per concludere, trova parole chiare di elogio: \u201cSELLERLOGIC Lost &#038; Found \u00e8 davvero una scelta ovvia. E non solo in senso economico. I costi contenuti, lo strumento, la tecnologia dietro di esso, i servizi e il team che lo supporta \u2013 semplicemente tutto \u2013 contribuisce alla nostra completa soddisfazione\u201c.<\/p><div class=\"theme-wp-block wp-block-buttons gb-responsive-497426-identifier is-layout-flex wp-block-buttons-is-layout-flex\"><div class=\"theme-wp-block wp-block-button gb-responsive-38220-identifier is-style-theme-transparent-with-arrow\"><a class=\"wp-block-button__link wp-element-button\" href=\"https:\/\/d2bw95mh2ee04s.cloudfront.net\/prod\/content\/files\/SUCCESS-STORIES\/EN\/NEU_SELLERLOGIC_Success-Story_meinemarkenmode_EN.pdf\" target=\"_blank\" rel=\"noreferrer noopener nofollow\">Scarica ora!<\/a><\/div><\/div><\/div><div class=\"theme-wp-block wp-block-column gb-responsive-638649-identifier is-layout-flow wp-block-column-is-layout-flow\" style=\"flex-basis:25%\"><\/div><\/div><p class=\"theme-wp-block gb-responsive-554668-identifier\"><\/p>","protected":false},"excerpt":{"rendered":"<p>Fondazione:2009 Settore:Moda Articoli su Amazon: 30.000 Spedizioni:circa 150.000 al mese Contesto: Con tutto l&#8217;inventario che entra ed esce dai loro magazzini, Alexander Charatzoglou era consapevole che gli errori erano destinati a verificarsi. Finora, l&#8217;azienda di vendita per corrispondenza non aveva alcun processo che consentisse l&#8217;identificazione di ogni singolo errore che si verificava, fino a quando<\/p>\n","protected":false},"author":3,"featured_media":0,"parent":90173,"menu_order":0,"comment_status":"closed","ping_status":"closed","template":"","meta":{"sidebar_recommended_resources":{"data":[]},"sidebar_header_settings":{"hide_buttons":{"register":false}},"_use_new_theme":false,"inline_featured_image":false,"footnotes":""},"class_list":["post-90188","page","type-page","status-publish","hentry"],"yoast_head":"<!-- This site is optimized with the Yoast SEO plugin v26.8 - https:\/\/yoast.com\/product\/yoast-seo-wordpress\/ -->\n<title>Come ottenere un rimborso a sei cifre da Amazon | SELLERLOGIC<\/title>\n<meta name=\"description\" content=\"SELLERLOGIC Lost &amp; Found analizza tutti gli errori FBA. Leggi qui come meinmarkenmode.de ha ottenuto rimborsi per il valore di una casa unifamiliare!\" \/>\n<meta name=\"robots\" content=\"index, follow, max-snippet:-1, max-image-preview:large, max-video-preview:-1\" \/>\n<link rel=\"canonical\" href=\"https:\/\/www.sellerlogic.com\/it\/risorse\/success-story-meinemarkenmode\/\" \/>\n<meta property=\"og:locale\" content=\"it_IT\" \/>\n<meta property=\"og:type\" content=\"article\" \/>\n<meta property=\"og:title\" content=\"Come ottenere un rimborso a sei cifre da Amazon | SELLERLOGIC\" \/>\n<meta property=\"og:description\" content=\"SELLERLOGIC Lost &amp; Found analizza tutti gli errori FBA. Leggi qui come meinmarkenmode.de ha ottenuto rimborsi per il valore di una casa unifamiliare!\" \/>\n<meta property=\"og:url\" content=\"https:\/\/www.sellerlogic.com\/it\/risorse\/success-story-meinemarkenmode\/\" \/>\n<meta property=\"og:site_name\" content=\"SELLERLOGIC - Smarte Tools f\u00fcr Amazon-Seller\" \/>\n<meta property=\"article:publisher\" content=\"https:\/\/www.facebook.com\/SellerLogic\/\" \/>\n<meta property=\"article:modified_time\" content=\"2025-09-05T12:27:07+00:00\" \/>\n<meta property=\"og:image\" content=\"https:\/\/d2bw95mh2ee04s.cloudfront.net\/prod\/content\/wp-content\/uploads\/2020\/12\/23142728\/MMM-Logo_2.png\" \/>\n\t<meta property=\"og:image:width\" content=\"1000\" \/>\n\t<meta property=\"og:image:height\" content=\"183\" \/>\n\t<meta property=\"og:image:type\" content=\"image\/png\" \/>\n<meta name=\"twitter:card\" content=\"summary_large_image\" \/>\n<meta name=\"twitter:site\" content=\"@sellerlogic\" \/>\n<meta name=\"twitter:label1\" content=\"Est. reading time\" \/>\n\t<meta name=\"twitter:data1\" content=\"3 minutes\" \/>\n<script type=\"application\/ld+json\" class=\"yoast-schema-graph\">{\"@context\":\"https:\/\/schema.org\",\"@graph\":[{\"@type\":\"WebPage\",\"@id\":\"https:\/\/www.sellerlogic.com\/it\/risorse\/success-story-meinemarkenmode\/\",\"url\":\"https:\/\/www.sellerlogic.com\/it\/risorse\/success-story-meinemarkenmode\/\",\"name\":\"Come ottenere un rimborso a sei cifre da Amazon | SELLERLOGIC\",\"isPartOf\":{\"@id\":\"https:\/\/www.sellerlogic.com\/it\/#website\"},\"primaryImageOfPage\":{\"@id\":\"https:\/\/www.sellerlogic.com\/it\/risorse\/success-story-meinemarkenmode\/#primaryimage\"},\"image\":{\"@id\":\"https:\/\/www.sellerlogic.com\/it\/risorse\/success-story-meinemarkenmode\/#primaryimage\"},\"thumbnailUrl\":\"https:\/\/www.sellerlogic.com\/wp-content\/uploads\/2020\/12\/MMM-Logo_2-844x154.png\",\"datePublished\":\"2020-12-18T08:11:11+00:00\",\"dateModified\":\"2025-09-05T12:27:07+00:00\",\"description\":\"SELLERLOGIC Lost & Found analizza tutti gli errori FBA. Leggi qui come meinmarkenmode.de ha ottenuto rimborsi per il valore di una casa unifamiliare!\",\"breadcrumb\":{\"@id\":\"https:\/\/www.sellerlogic.com\/it\/risorse\/success-story-meinemarkenmode\/#breadcrumb\"},\"inLanguage\":\"it-IT\",\"potentialAction\":[{\"@type\":\"ReadAction\",\"target\":[\"https:\/\/www.sellerlogic.com\/it\/risorse\/success-story-meinemarkenmode\/\"]}]},{\"@type\":\"ImageObject\",\"inLanguage\":\"it-IT\",\"@id\":\"https:\/\/www.sellerlogic.com\/it\/risorse\/success-story-meinemarkenmode\/#primaryimage\",\"url\":\"https:\/\/www.sellerlogic.com\/wp-content\/uploads\/2020\/12\/MMM-Logo_2-844x154.png\",\"contentUrl\":\"https:\/\/www.sellerlogic.com\/wp-content\/uploads\/2020\/12\/MMM-Logo_2-844x154.png\"},{\"@type\":\"BreadcrumbList\",\"@id\":\"https:\/\/www.sellerlogic.com\/it\/risorse\/success-story-meinemarkenmode\/#breadcrumb\",\"itemListElement\":[{\"@type\":\"ListItem\",\"position\":1,\"name\":\"Home\",\"item\":\"https:\/\/www.sellerlogic.com\/it\/\"},{\"@type\":\"ListItem\",\"position\":2,\"name\":\"Ressourcen EN\",\"item\":\"https:\/\/www.sellerlogic.com\/it\/risorse\/\"},{\"@type\":\"ListItem\",\"position\":3,\"name\":\"Success Story: meinemarkenmode.de EN\"}]},{\"@type\":\"WebSite\",\"@id\":\"https:\/\/www.sellerlogic.com\/it\/#website\",\"url\":\"https:\/\/www.sellerlogic.com\/it\/\",\"name\":\"SELLERLOGIC - Smarte Tools f\u00fcr Amazon-Seller\",\"description\":\"Intelligente Prozessoptimierung und Gewinnmaximierung\",\"publisher\":{\"@id\":\"https:\/\/www.sellerlogic.com\/it\/#organization\"},\"potentialAction\":[{\"@type\":\"SearchAction\",\"target\":{\"@type\":\"EntryPoint\",\"urlTemplate\":\"https:\/\/www.sellerlogic.com\/it\/?s={search_term_string}\"},\"query-input\":{\"@type\":\"PropertyValueSpecification\",\"valueRequired\":true,\"valueName\":\"search_term_string\"}}],\"inLanguage\":\"it-IT\"},{\"@type\":\"Organization\",\"@id\":\"https:\/\/www.sellerlogic.com\/it\/#organization\",\"name\":\"SELLERLOGIC\",\"url\":\"https:\/\/www.sellerlogic.com\/it\/\",\"logo\":{\"@type\":\"ImageObject\",\"inLanguage\":\"it-IT\",\"@id\":\"https:\/\/www.sellerlogic.com\/it\/#\/schema\/logo\/image\/\",\"url\":\"https:\/\/d2bw95mh2ee04s.cloudfront.net\/prod\/content\/wp-content\/uploads\/2025\/01\/02134814\/Property-Logo-Main.svg\",\"contentUrl\":\"https:\/\/d2bw95mh2ee04s.cloudfront.net\/prod\/content\/wp-content\/uploads\/2025\/01\/02134814\/Property-Logo-Main.svg\",\"width\":184,\"height\":40,\"caption\":\"SELLERLOGIC\"},\"image\":{\"@id\":\"https:\/\/www.sellerlogic.com\/it\/#\/schema\/logo\/image\/\"},\"sameAs\":[\"https:\/\/www.facebook.com\/SellerLogic\/\",\"https:\/\/x.com\/sellerlogic\",\"https:\/\/www.instagram.com\/sellerlogic\/\",\"https:\/\/www.linkedin.com\/company\/18402037\/\",\"https:\/\/www.youtube.com\/channel\/UC-gULUur-fNj08sprantKsQ\"]}]}<\/script>\n<!-- \/ Yoast SEO plugin. -->","yoast_head_json":{"title":"Come ottenere un rimborso a sei cifre da Amazon | SELLERLOGIC","description":"SELLERLOGIC Lost & Found analizza tutti gli errori FBA. Leggi qui come meinmarkenmode.de ha ottenuto rimborsi per il valore di una casa unifamiliare!","robots":{"index":"index","follow":"follow","max-snippet":"max-snippet:-1","max-image-preview":"max-image-preview:large","max-video-preview":"max-video-preview:-1"},"canonical":"https:\/\/www.sellerlogic.com\/it\/risorse\/success-story-meinemarkenmode\/","og_locale":"it_IT","og_type":"article","og_title":"Come ottenere un rimborso a sei cifre da Amazon | SELLERLOGIC","og_description":"SELLERLOGIC Lost & Found analizza tutti gli errori FBA. Leggi qui come meinmarkenmode.de ha ottenuto rimborsi per il valore di una casa unifamiliare!","og_url":"https:\/\/www.sellerlogic.com\/it\/risorse\/success-story-meinemarkenmode\/","og_site_name":"SELLERLOGIC - Smarte Tools f\u00fcr Amazon-Seller","article_publisher":"https:\/\/www.facebook.com\/SellerLogic\/","article_modified_time":"2025-09-05T12:27:07+00:00","og_image":[{"width":1000,"height":183,"url":"https:\/\/d2bw95mh2ee04s.cloudfront.net\/prod\/content\/wp-content\/uploads\/2020\/12\/23142728\/MMM-Logo_2.png","type":"image\/png"}],"twitter_card":"summary_large_image","twitter_site":"@sellerlogic","twitter_misc":{"Est. reading time":"3 minutes"},"schema":{"@context":"https:\/\/schema.org","@graph":[{"@type":"WebPage","@id":"https:\/\/www.sellerlogic.com\/it\/risorse\/success-story-meinemarkenmode\/","url":"https:\/\/www.sellerlogic.com\/it\/risorse\/success-story-meinemarkenmode\/","name":"Come ottenere un rimborso a sei cifre da Amazon | SELLERLOGIC","isPartOf":{"@id":"https:\/\/www.sellerlogic.com\/it\/#website"},"primaryImageOfPage":{"@id":"https:\/\/www.sellerlogic.com\/it\/risorse\/success-story-meinemarkenmode\/#primaryimage"},"image":{"@id":"https:\/\/www.sellerlogic.com\/it\/risorse\/success-story-meinemarkenmode\/#primaryimage"},"thumbnailUrl":"https:\/\/www.sellerlogic.com\/wp-content\/uploads\/2020\/12\/MMM-Logo_2-844x154.png","datePublished":"2020-12-18T08:11:11+00:00","dateModified":"2025-09-05T12:27:07+00:00","description":"SELLERLOGIC Lost & Found analizza tutti gli errori FBA. Leggi qui come meinmarkenmode.de ha ottenuto rimborsi per il valore di una casa unifamiliare!","breadcrumb":{"@id":"https:\/\/www.sellerlogic.com\/it\/risorse\/success-story-meinemarkenmode\/#breadcrumb"},"inLanguage":"it-IT","potentialAction":[{"@type":"ReadAction","target":["https:\/\/www.sellerlogic.com\/it\/risorse\/success-story-meinemarkenmode\/"]}]},{"@type":"ImageObject","inLanguage":"it-IT","@id":"https:\/\/www.sellerlogic.com\/it\/risorse\/success-story-meinemarkenmode\/#primaryimage","url":"https:\/\/www.sellerlogic.com\/wp-content\/uploads\/2020\/12\/MMM-Logo_2-844x154.png","contentUrl":"https:\/\/www.sellerlogic.com\/wp-content\/uploads\/2020\/12\/MMM-Logo_2-844x154.png"},{"@type":"BreadcrumbList","@id":"https:\/\/www.sellerlogic.com\/it\/risorse\/success-story-meinemarkenmode\/#breadcrumb","itemListElement":[{"@type":"ListItem","position":1,"name":"Home","item":"https:\/\/www.sellerlogic.com\/it\/"},{"@type":"ListItem","position":2,"name":"Ressourcen EN","item":"https:\/\/www.sellerlogic.com\/it\/risorse\/"},{"@type":"ListItem","position":3,"name":"Success Story: meinemarkenmode.de EN"}]},{"@type":"WebSite","@id":"https:\/\/www.sellerlogic.com\/it\/#website","url":"https:\/\/www.sellerlogic.com\/it\/","name":"SELLERLOGIC - Smarte Tools f\u00fcr Amazon-Seller","description":"Intelligente Prozessoptimierung und Gewinnmaximierung","publisher":{"@id":"https:\/\/www.sellerlogic.com\/it\/#organization"},"potentialAction":[{"@type":"SearchAction","target":{"@type":"EntryPoint","urlTemplate":"https:\/\/www.sellerlogic.com\/it\/?s={search_term_string}"},"query-input":{"@type":"PropertyValueSpecification","valueRequired":true,"valueName":"search_term_string"}}],"inLanguage":"it-IT"},{"@type":"Organization","@id":"https:\/\/www.sellerlogic.com\/it\/#organization","name":"SELLERLOGIC","url":"https:\/\/www.sellerlogic.com\/it\/","logo":{"@type":"ImageObject","inLanguage":"it-IT","@id":"https:\/\/www.sellerlogic.com\/it\/#\/schema\/logo\/image\/","url":"https:\/\/d2bw95mh2ee04s.cloudfront.net\/prod\/content\/wp-content\/uploads\/2025\/01\/02134814\/Property-Logo-Main.svg","contentUrl":"https:\/\/d2bw95mh2ee04s.cloudfront.net\/prod\/content\/wp-content\/uploads\/2025\/01\/02134814\/Property-Logo-Main.svg","width":184,"height":40,"caption":"SELLERLOGIC"},"image":{"@id":"https:\/\/www.sellerlogic.com\/it\/#\/schema\/logo\/image\/"},"sameAs":["https:\/\/www.facebook.com\/SellerLogic\/","https:\/\/x.com\/sellerlogic","https:\/\/www.instagram.com\/sellerlogic\/","https:\/\/www.linkedin.com\/company\/18402037\/","https:\/\/www.youtube.com\/channel\/UC-gULUur-fNj08sprantKsQ"]}]}},"_links":{"self":[{"href":"https:\/\/www.sellerlogic.com\/it\/wp-json\/wp\/v2\/pages\/90188","targetHints":{"allow":["GET"]}}],"collection":[{"href":"https:\/\/www.sellerlogic.com\/it\/wp-json\/wp\/v2\/pages"}],"about":[{"href":"https:\/\/www.sellerlogic.com\/it\/wp-json\/wp\/v2\/types\/page"}],"author":[{"embeddable":true,"href":"https:\/\/www.sellerlogic.com\/it\/wp-json\/wp\/v2\/users\/3"}],"replies":[{"embeddable":true,"href":"https:\/\/www.sellerlogic.com\/it\/wp-json\/wp\/v2\/comments?post=90188"}],"version-history":[{"count":0,"href":"https:\/\/www.sellerlogic.com\/it\/wp-json\/wp\/v2\/pages\/90188\/revisions"}],"up":[{"embeddable":true,"href":"https:\/\/www.sellerlogic.com\/it\/wp-json\/wp\/v2\/pages\/90173"}],"wp:attachment":[{"href":"https:\/\/www.sellerlogic.com\/it\/wp-json\/wp\/v2\/media?parent=90188"}],"curies":[{"name":"wp","href":"https:\/\/api.w.org\/{rel}","templated":true}]}}