
{"id":90191,"date":"2020-12-18T11:33:09","date_gmt":"2020-12-18T11:33:09","guid":{"rendered":"https:\/\/www.sellerlogic.com\/success-story-outlet-sofa-direct\/"},"modified":"2025-09-05T12:23:51","modified_gmt":"2025-09-05T12:23:51","slug":"success-story-outlet-sofa-direct","status":"publish","type":"page","link":"https:\/\/www.sellerlogic.com\/it\/risorse\/success-story-outlet-sofa-direct\/","title":{"rendered":"Success Story: Outlet Sofa Direct EN"},"content":{"rendered":"\n\t<div  class=\"theme-wp-block theme-block-main-header is-style-full-height desktop-align-full xl-align-full lg-align-full md-align-full sm-align-full desktop-content-align-y-center desktop-content-align-x-center xl-content-align-y-center xl-content-align-x-center lg-content-align-y-center lg-content-align-x-center md-content-align-y-center md-content-align-x-center sm-content-align-y-center sm-content-align-x-center gb-responsive-52704-identifier theme-block-cover\">\n\t\t<div class=\"bg-cover theme-lazy-load-bg\"><\/div>\n\t\t<div class=\"wrap-content-main-header\">\n\t\t\t\t\t<div  class=\"theme-wp-block theme-block-text-and-text desktop-blockDirection-row xl-blockDirection-row lg-blockDirection-row md-blockDirection-row sm-blockDirection-row gb-responsive-903753-identifier desktop-align-full xl-align-full lg-align-full md-align-full sm-align-full alignfull\">\n\t\t<div class=\"tat-column-wrap-wrapper\">\n\t\t\t<div class=\"tat-column-wrapper\">\n\t\t\t\t\t<div  class=\"theme-wp-block theme-block-text-and-text-column gb-responsive-974454-identifier desktop-horizontal-center xl-horizontal-center lg-horizontal-center md-horizontal-center sm-horizontal-center\">\n\t\t<div class=\"inner-wrap-column-content\">\n\t\t\t<div class=\"inner-column-content\">\n\t\t\t\t\t\t<h1  class=\"theme-wp-block theme-block-heading is-style-default gb-responsive-560595-identifier desktop-align-wide xl-align-wide lg-align-wide md-align-wide sm-align-wide desktop-text-center xl-text-center lg-text-center md-text-center sm-text-center alignwide h1 has-text-align\">\n\t\tLa telefonata da 20k\t<\/h1>\n\n\t\t<h2  class=\"theme-wp-block theme-block-heading is-style-default gb-responsive-64452-identifier desktop-text-center xl-text-center lg-text-center md-text-center sm-text-center h1\">\n\t\tCome Outlet-Sofa Direct \u00e8 riuscita a risparmiare tempo, sforzi e migliaia di euro\t<\/h2>\n\n<p class=\"theme-wp-block gb-responsive-93774-identifier\"><a href=\"https:\/\/www.sellerlogic.com\/it\/risorse\/success-story-outlet-sofa-direct\/\" target=\"_blank\" rel=\"noreferrer noopener\"><\/a><\/p>\t\t\t<\/div>\n\t\t<\/div>\n\t<\/div>\n\t<div  class=\"theme-wp-block theme-block-text-and-text-column gb-responsive-681128-identifier\">\n\t\t<div class=\"inner-wrap-column-content\">\n\t\t\t<div class=\"inner-column-content\">\n\t\t\t\t\t\t\t<\/div>\n\t\t<\/div>\n\t<\/div>\n\t\t\t<\/div>\n\t\t<\/div>\n\t<\/div>\n\n\t\t<\/div>\n\t<\/div>\n\n<div style=\"height:50px\" aria-hidden=\"true\" class=\"theme-wp-block wp-block-spacer\"><\/div><div class=\"theme-wp-block wp-block-columns gb-responsive-608602-identifier is-layout-flex wp-container-core-columns-is-layout-9d6595d7 wp-block-columns-is-layout-flex\"><div class=\"theme-wp-block wp-block-column gb-responsive-696523-identifier is-layout-flow wp-block-column-is-layout-flow\" style=\"flex-basis:25%\"><figure class=\"theme-wp-block wp-block-image size-large is-resized gb-responsive-62921-identifier\"><img decoding=\"async\" src=\"https:\/\/d2bw95mh2ee04s.cloudfront.net\/prod\/content\/wp-content\/uploads\/2020\/12\/23142714\/outletsofadirect-logo.png\" alt=\"Success Story: Outlet Sofa Direct EN\" class=\"wp-image-5164\" width=\"250\" height=\"89\"><\/figure><p class=\"theme-wp-block gb-responsive-312552-identifier\"><strong><strong><strong>Fondazione<\/strong><\/strong>:<\/strong><br>2005<\/p><p class=\"theme-wp-block gb-responsive-353708-identifier\"><strong><strong><strong>Settore<\/strong><\/strong>:<\/strong><br>Mobili\/Soggiorno-Articoli per la biancheria<\/p><p class=\"theme-wp-block gb-responsive-741269-identifier\"><strong><strong><strong>Articoli su Amazon:\u00a0<\/strong>\u00a0<\/strong><\/strong><br>circa 2.000 SKU<\/p><p class=\"theme-wp-block gb-responsive-218030-identifier\"><strong><strong><strong>Spedizioni<\/strong><\/strong>:\u00a0<\/strong><br>circa 8.000 \/ mese<\/p><\/div><div class=\"theme-wp-block wp-block-column gb-responsive-409151-identifier is-layout-flow wp-block-column-is-layout-flow\" style=\"flex-basis:50%\"><h3 class=\"theme-wp-block wp-block-heading gb-responsive-34353-identifier\" id=\"block-c06fce04-ef87-4ffc-a3d6-b768ba377d17\">Sfondo:<\/h3><p class=\"theme-wp-block gb-responsive-710769-identifier\">L&#8217;idea di Outlet-Sofa Direct \u00e8 nata quando diversi produttori specializzati nella produzione di articoli per la biancheria e il benessere si sono uniti per offrire ai loro clienti la possibilit\u00e0 di accesso diretto a tutti quegli articoli che passano attraverso la fabbrica e fuori stock, fornendo cos\u00ec al consumatore la migliore qualit\u00e0 al prezzo ideale. Nel 2005, a seguito della inevitabile trasformazione digitale del settore dell&#8217;arredamento, l&#8217;azienda non ha esitato nemmeno per un momento a optare per il commercio online.<\/p><h3 class=\"theme-wp-block wp-block-heading gb-responsive-182281-identifier\">Situazione iniziale:<\/h3><p class=\"theme-wp-block gb-responsive-548283-identifier\">A causa della solida e ben nota reputazione del gigante dell&#8217;e-commerce, Outlet-Sofa-Direct ha deciso nel 2015 di iniziare a vendere i propri prodotti su Amazon: &#8220;Volere avere grandi numeri di vendite online e non vendere su Amazon spesso non \u00e8 possibile oggi&#8221; afferma Francesco, il Marketplace Manager dell&#8217;azienda.<\/p><p class=\"theme-wp-block gb-responsive-940523-identifier\">&#8220;Attualmente vendiamo in diversi Marketplace: eBay, Cdiscount, ma vendere su Amazon e l&#8217;uso dei servizi Amazon FBA ha aumentato significativamente le vendite per noi&#8221; afferma Francesco. &#8220;Ovviamente, tutto ha i suoi vantaggi e svantaggi e nel caso di Amazon FBA il fatto di perdere il controllo dei resi dei clienti mi ha fatto capire che qualcosa non andava. Alcuni dei dati forniti da Amazon non corrispondevano a quelli che avevamo dalla nostra parte, ma nella maggior parte dei casi, mi sono semplicemente fidato che Amazon ci avrebbe informato correttamente degli errori; sfortunatamente, cos\u00ec non \u00e8 stato&#8221; spiega Francesco.<\/p><h3 class=\"theme-wp-block wp-block-heading gb-responsive-115756-identifier\">Soluzione:<\/h3><p class=\"theme-wp-block gb-responsive-49178-identifier\">&#8220;Anche se immaginavo che ci fossero errori nelle transazioni FBA, questo \u00e8 un problema che avevamo messo da parte poich\u00e9 richiede enormi tempo e sforzo per il nostro team. Tuttavia, tutto ci\u00f2 \u00e8 cambiato con la chiamata inaspettata di Monica, un membro del team di SELLERLOGIC. La sua gentilezza e professionalit\u00e0 mi hanno convinto fin dall&#8217;inizio mentre spiegava tutto prontamente e in dettaglio&#8221;.<\/p><div class=\"theme-block-group-wrap\"><div class=\"theme-wp-block wp-block-group gb-responsive-88118-identifier\">\t\t<div  class=\"theme-wp-block theme-block-user-card gb-responsive-799176-identifier is-style-full-width-line\">\n\t\t<div class=\"wrap-inner-content\">\n\t\t\t<div class=\"card-user-head\">\n\t\t\t\t<div class=\"card-user-avatar\">\n\t\t\t\t\t<div class=\"cover-avatar\" style=\"background-image: url(https:\/\/d2bw95mh2ee04s.cloudfront.net\/prod\/content\/wp-content\/uploads\/2020\/12\/23142714\/francesco_azzi-_raute.png);\"><\/div>\n\t\t\t\t<\/div>\n\t\t\t\t<div class=\"wrap-title\">\n\t\t\t\t\t<div class=\"card-user-name\">\n\t\t\t\t\t\t<div class=\"title\">\n\t\t\t\t\t\t\t<h3 class=\"heading-text\"><strong>Francesco Azzi<\/strong><\/h3>\n\t\t\t\t\t\t<\/div>\n\t\t\t\t\t\t<div class=\"card-user-position\">\n\t\t\t\t\t\t\t<div class=\"card-text\"><strong>Marketplace Manager<\/strong><\/div>\n\t\t\t\t\t\t<\/div>\n\t\t\t\t\t<\/div>\n\t\t\t\t\t<div class=\"card-user-quote-icon\">\n\t\t\t\t\t<\/div>\n\t\t\t\t<\/div>\n\t\t\t<\/div>\n\t\t\t<div class=\"card-user-text\">\n\t\t\t\t<div class=\"card-text\"><p>La flessibilit\u00e0 del prodotto. Non c&#8217;\u00e8 impegno e pagare solo su ci\u00f2 che sei stato rimborsato \u00e8 una strategia vincente.<\/p><\/div>\n\t\t\t<\/div>\n\t\t<\/div>\n\t<\/div>\n\n<\/div><\/div><h3 class=\"theme-wp-block wp-block-heading gb-responsive-595368-identifier\">Risultati di successo con SELLERLOGIC:<\/h3><p class=\"theme-wp-block gb-responsive-514579-identifier\">&#8220;Visto la situazione in cui ci trovavamo con la nostra merce nei magazzini FBA, sapevo che c&#8217;era una grande possibilit\u00e0 che il volume degli errori fosse alto, ma all&#8217;inizio non pensavo nemmeno che ci avrebbe fatto risparmiare cos\u00ec tanti soldi. Nel corso di 3 mesi, l&#8217;uso di Lost &#038; Found ha dimostrato il contrario, abbiamo gi\u00e0 recuperato 20.000 Euro e siamo completamente convinti che lo strumento funzioni&#8221; afferma Francesco.<\/p><p class=\"theme-wp-block gb-responsive-750322-identifier\">&#8220;Monica mi ha guidato fin dall&#8217;inizio; durante il processo di registrazione mi ha informato di tutti i passaggi da seguire una volta lanciato lo strumento. Vale anche la pena menzionare che il resto del team di SELLERLOGIC \u00e8 sempre stato estremamente disponibile e presente. Anche quando vengono notificati di problemi dell&#8217;ultimo minuto. Grazie a tutto il team e all&#8217;uso intuitivo dello strumento, non solo la richiesta di casi ci ha fatto risparmiare molto tempo, ma ci ha anche aiutato a recuperare il denaro a cui avevamo diritto.&#8221;<\/p><div class=\"theme-wp-block wp-block-buttons gb-responsive-497426-identifier is-layout-flex wp-block-buttons-is-layout-flex\"><div class=\"theme-wp-block wp-block-button gb-responsive-38220-identifier is-style-theme-transparent-with-arrow\"><a class=\"wp-block-button__link wp-element-button\" href=\"https:\/\/d2bw95mh2ee04s.cloudfront.net\/prod\/content\/files\/SUCCESS-STORIES\/EN\/SELLERLOGIC_Success-Story_Outlet-Sofa-Direct_EN.pdf\" target=\"_blank\" rel=\"noreferrer noopener nofollow\">Scarica ora!<\/a><\/div><\/div><\/div><div class=\"theme-wp-block wp-block-column gb-responsive-276018-identifier is-layout-flow wp-block-column-is-layout-flow\" style=\"flex-basis:25%\"><\/div><\/div><p class=\"theme-wp-block gb-responsive-437508-identifier\"><\/p>","protected":false},"excerpt":{"rendered":"<p>Fondazione:2005 Settore:Mobili\/Soggiorno-Articoli per la biancheria Articoli su Amazon:\u00a0\u00a0circa 2.000 SKU Spedizioni:\u00a0circa 8.000 \/ mese Sfondo: L&#8217;idea di Outlet-Sofa Direct \u00e8 nata quando diversi produttori specializzati nella produzione di articoli per la biancheria e il benessere si sono uniti per offrire ai loro clienti la possibilit\u00e0 di accesso diretto a tutti quegli articoli che passano attraverso<\/p>\n","protected":false},"author":8,"featured_media":0,"parent":90173,"menu_order":0,"comment_status":"closed","ping_status":"closed","template":"","meta":{"sidebar_recommended_resources":{"data":[]},"sidebar_header_settings":{"hide_buttons":{"register":false}},"_use_new_theme":false,"inline_featured_image":false,"footnotes":""},"class_list":["post-90191","page","type-page","status-publish","hentry"],"yoast_head":"<!-- This site is optimized with the Yoast SEO plugin v26.8 - https:\/\/yoast.com\/product\/yoast-seo-wordpress\/ -->\n<title>SELLERLOGIC - Storia di Successo: Outlet-Sofa Direct<\/title>\n<meta name=\"description\" content=\"SELLERLOGIC Lost &amp; Found ha convinto completamente Outlet-Sofa Direct - Una chiamata, del valore di 20.000 Euro! Leggi ora la nostra Storia di Successo!\" \/>\n<meta name=\"robots\" content=\"index, follow, max-snippet:-1, max-image-preview:large, max-video-preview:-1\" \/>\n<link rel=\"canonical\" href=\"https:\/\/www.sellerlogic.com\/it\/risorse\/success-story-outlet-sofa-direct\/\" \/>\n<meta property=\"og:locale\" content=\"it_IT\" \/>\n<meta property=\"og:type\" content=\"article\" \/>\n<meta property=\"og:title\" content=\"SELLERLOGIC - Storia di Successo: Outlet-Sofa Direct\" \/>\n<meta property=\"og:description\" content=\"SELLERLOGIC Lost &amp; Found ha convinto completamente Outlet-Sofa Direct - Una chiamata, del valore di 20.000 Euro! Leggi ora la nostra Storia di Successo!\" \/>\n<meta property=\"og:url\" content=\"https:\/\/www.sellerlogic.com\/it\/risorse\/success-story-outlet-sofa-direct\/\" \/>\n<meta property=\"og:site_name\" content=\"SELLERLOGIC - Smarte Tools f\u00fcr Amazon-Seller\" \/>\n<meta property=\"article:publisher\" content=\"https:\/\/www.facebook.com\/SellerLogic\/\" \/>\n<meta property=\"article:modified_time\" content=\"2025-09-05T12:23:51+00:00\" \/>\n<meta property=\"og:image\" content=\"https:\/\/www.sellerlogic.com\/wp-content\/uploads\/2020\/12\/outletsofadirect-logo.png\" \/>\n<meta name=\"twitter:card\" content=\"summary_large_image\" \/>\n<meta name=\"twitter:site\" content=\"@sellerlogic\" \/>\n<meta name=\"twitter:label1\" content=\"Est. reading time\" \/>\n\t<meta name=\"twitter:data1\" content=\"3 minutes\" \/>\n<script type=\"application\/ld+json\" class=\"yoast-schema-graph\">{\"@context\":\"https:\/\/schema.org\",\"@graph\":[{\"@type\":\"WebPage\",\"@id\":\"https:\/\/www.sellerlogic.com\/it\/risorse\/success-story-outlet-sofa-direct\/\",\"url\":\"https:\/\/www.sellerlogic.com\/it\/risorse\/success-story-outlet-sofa-direct\/\",\"name\":\"SELLERLOGIC - Storia di Successo: Outlet-Sofa Direct\",\"isPartOf\":{\"@id\":\"https:\/\/www.sellerlogic.com\/it\/#website\"},\"primaryImageOfPage\":{\"@id\":\"https:\/\/www.sellerlogic.com\/it\/risorse\/success-story-outlet-sofa-direct\/#primaryimage\"},\"image\":{\"@id\":\"https:\/\/www.sellerlogic.com\/it\/risorse\/success-story-outlet-sofa-direct\/#primaryimage\"},\"thumbnailUrl\":\"https:\/\/www.sellerlogic.com\/wp-content\/uploads\/2020\/12\/outletsofadirect-logo.png\",\"datePublished\":\"2020-12-18T11:33:09+00:00\",\"dateModified\":\"2025-09-05T12:23:51+00:00\",\"description\":\"SELLERLOGIC Lost & Found ha convinto completamente Outlet-Sofa Direct - Una chiamata, del valore di 20.000 Euro! Leggi ora la nostra Storia di Successo!\",\"breadcrumb\":{\"@id\":\"https:\/\/www.sellerlogic.com\/it\/risorse\/success-story-outlet-sofa-direct\/#breadcrumb\"},\"inLanguage\":\"it-IT\",\"potentialAction\":[{\"@type\":\"ReadAction\",\"target\":[\"https:\/\/www.sellerlogic.com\/it\/risorse\/success-story-outlet-sofa-direct\/\"]}]},{\"@type\":\"ImageObject\",\"inLanguage\":\"it-IT\",\"@id\":\"https:\/\/www.sellerlogic.com\/it\/risorse\/success-story-outlet-sofa-direct\/#primaryimage\",\"url\":\"https:\/\/www.sellerlogic.com\/wp-content\/uploads\/2020\/12\/outletsofadirect-logo.png\",\"contentUrl\":\"https:\/\/www.sellerlogic.com\/wp-content\/uploads\/2020\/12\/outletsofadirect-logo.png\"},{\"@type\":\"BreadcrumbList\",\"@id\":\"https:\/\/www.sellerlogic.com\/it\/risorse\/success-story-outlet-sofa-direct\/#breadcrumb\",\"itemListElement\":[{\"@type\":\"ListItem\",\"position\":1,\"name\":\"Home\",\"item\":\"https:\/\/www.sellerlogic.com\/it\/\"},{\"@type\":\"ListItem\",\"position\":2,\"name\":\"Ressourcen EN\",\"item\":\"https:\/\/www.sellerlogic.com\/it\/risorse\/\"},{\"@type\":\"ListItem\",\"position\":3,\"name\":\"Success Story: Outlet Sofa Direct EN\"}]},{\"@type\":\"WebSite\",\"@id\":\"https:\/\/www.sellerlogic.com\/it\/#website\",\"url\":\"https:\/\/www.sellerlogic.com\/it\/\",\"name\":\"SELLERLOGIC - Smarte Tools f\u00fcr Amazon-Seller\",\"description\":\"Intelligente Prozessoptimierung und Gewinnmaximierung\",\"publisher\":{\"@id\":\"https:\/\/www.sellerlogic.com\/it\/#organization\"},\"potentialAction\":[{\"@type\":\"SearchAction\",\"target\":{\"@type\":\"EntryPoint\",\"urlTemplate\":\"https:\/\/www.sellerlogic.com\/it\/?s={search_term_string}\"},\"query-input\":{\"@type\":\"PropertyValueSpecification\",\"valueRequired\":true,\"valueName\":\"search_term_string\"}}],\"inLanguage\":\"it-IT\"},{\"@type\":\"Organization\",\"@id\":\"https:\/\/www.sellerlogic.com\/it\/#organization\",\"name\":\"SELLERLOGIC\",\"url\":\"https:\/\/www.sellerlogic.com\/it\/\",\"logo\":{\"@type\":\"ImageObject\",\"inLanguage\":\"it-IT\",\"@id\":\"https:\/\/www.sellerlogic.com\/it\/#\/schema\/logo\/image\/\",\"url\":\"https:\/\/d2bw95mh2ee04s.cloudfront.net\/prod\/content\/wp-content\/uploads\/2025\/01\/02134814\/Property-Logo-Main.svg\",\"contentUrl\":\"https:\/\/d2bw95mh2ee04s.cloudfront.net\/prod\/content\/wp-content\/uploads\/2025\/01\/02134814\/Property-Logo-Main.svg\",\"width\":184,\"height\":40,\"caption\":\"SELLERLOGIC\"},\"image\":{\"@id\":\"https:\/\/www.sellerlogic.com\/it\/#\/schema\/logo\/image\/\"},\"sameAs\":[\"https:\/\/www.facebook.com\/SellerLogic\/\",\"https:\/\/x.com\/sellerlogic\",\"https:\/\/www.instagram.com\/sellerlogic\/\",\"https:\/\/www.linkedin.com\/company\/18402037\/\",\"https:\/\/www.youtube.com\/channel\/UC-gULUur-fNj08sprantKsQ\"]}]}<\/script>\n<!-- \/ Yoast SEO plugin. -->","yoast_head_json":{"title":"SELLERLOGIC - Storia di Successo: Outlet-Sofa Direct","description":"SELLERLOGIC Lost & Found ha convinto completamente Outlet-Sofa Direct - Una chiamata, del valore di 20.000 Euro! Leggi ora la nostra Storia di Successo!","robots":{"index":"index","follow":"follow","max-snippet":"max-snippet:-1","max-image-preview":"max-image-preview:large","max-video-preview":"max-video-preview:-1"},"canonical":"https:\/\/www.sellerlogic.com\/it\/risorse\/success-story-outlet-sofa-direct\/","og_locale":"it_IT","og_type":"article","og_title":"SELLERLOGIC - Storia di Successo: Outlet-Sofa Direct","og_description":"SELLERLOGIC Lost & Found ha convinto completamente Outlet-Sofa Direct - Una chiamata, del valore di 20.000 Euro! Leggi ora la nostra Storia di Successo!","og_url":"https:\/\/www.sellerlogic.com\/it\/risorse\/success-story-outlet-sofa-direct\/","og_site_name":"SELLERLOGIC - Smarte Tools f\u00fcr Amazon-Seller","article_publisher":"https:\/\/www.facebook.com\/SellerLogic\/","article_modified_time":"2025-09-05T12:23:51+00:00","og_image":[{"url":"https:\/\/www.sellerlogic.com\/wp-content\/uploads\/2020\/12\/outletsofadirect-logo.png","type":"","width":"","height":""}],"twitter_card":"summary_large_image","twitter_site":"@sellerlogic","twitter_misc":{"Est. reading time":"3 minutes"},"schema":{"@context":"https:\/\/schema.org","@graph":[{"@type":"WebPage","@id":"https:\/\/www.sellerlogic.com\/it\/risorse\/success-story-outlet-sofa-direct\/","url":"https:\/\/www.sellerlogic.com\/it\/risorse\/success-story-outlet-sofa-direct\/","name":"SELLERLOGIC - Storia di Successo: Outlet-Sofa Direct","isPartOf":{"@id":"https:\/\/www.sellerlogic.com\/it\/#website"},"primaryImageOfPage":{"@id":"https:\/\/www.sellerlogic.com\/it\/risorse\/success-story-outlet-sofa-direct\/#primaryimage"},"image":{"@id":"https:\/\/www.sellerlogic.com\/it\/risorse\/success-story-outlet-sofa-direct\/#primaryimage"},"thumbnailUrl":"https:\/\/www.sellerlogic.com\/wp-content\/uploads\/2020\/12\/outletsofadirect-logo.png","datePublished":"2020-12-18T11:33:09+00:00","dateModified":"2025-09-05T12:23:51+00:00","description":"SELLERLOGIC Lost & Found ha convinto completamente Outlet-Sofa Direct - Una chiamata, del valore di 20.000 Euro! Leggi ora la nostra Storia di Successo!","breadcrumb":{"@id":"https:\/\/www.sellerlogic.com\/it\/risorse\/success-story-outlet-sofa-direct\/#breadcrumb"},"inLanguage":"it-IT","potentialAction":[{"@type":"ReadAction","target":["https:\/\/www.sellerlogic.com\/it\/risorse\/success-story-outlet-sofa-direct\/"]}]},{"@type":"ImageObject","inLanguage":"it-IT","@id":"https:\/\/www.sellerlogic.com\/it\/risorse\/success-story-outlet-sofa-direct\/#primaryimage","url":"https:\/\/www.sellerlogic.com\/wp-content\/uploads\/2020\/12\/outletsofadirect-logo.png","contentUrl":"https:\/\/www.sellerlogic.com\/wp-content\/uploads\/2020\/12\/outletsofadirect-logo.png"},{"@type":"BreadcrumbList","@id":"https:\/\/www.sellerlogic.com\/it\/risorse\/success-story-outlet-sofa-direct\/#breadcrumb","itemListElement":[{"@type":"ListItem","position":1,"name":"Home","item":"https:\/\/www.sellerlogic.com\/it\/"},{"@type":"ListItem","position":2,"name":"Ressourcen EN","item":"https:\/\/www.sellerlogic.com\/it\/risorse\/"},{"@type":"ListItem","position":3,"name":"Success Story: Outlet Sofa Direct EN"}]},{"@type":"WebSite","@id":"https:\/\/www.sellerlogic.com\/it\/#website","url":"https:\/\/www.sellerlogic.com\/it\/","name":"SELLERLOGIC - Smarte Tools f\u00fcr Amazon-Seller","description":"Intelligente Prozessoptimierung und Gewinnmaximierung","publisher":{"@id":"https:\/\/www.sellerlogic.com\/it\/#organization"},"potentialAction":[{"@type":"SearchAction","target":{"@type":"EntryPoint","urlTemplate":"https:\/\/www.sellerlogic.com\/it\/?s={search_term_string}"},"query-input":{"@type":"PropertyValueSpecification","valueRequired":true,"valueName":"search_term_string"}}],"inLanguage":"it-IT"},{"@type":"Organization","@id":"https:\/\/www.sellerlogic.com\/it\/#organization","name":"SELLERLOGIC","url":"https:\/\/www.sellerlogic.com\/it\/","logo":{"@type":"ImageObject","inLanguage":"it-IT","@id":"https:\/\/www.sellerlogic.com\/it\/#\/schema\/logo\/image\/","url":"https:\/\/d2bw95mh2ee04s.cloudfront.net\/prod\/content\/wp-content\/uploads\/2025\/01\/02134814\/Property-Logo-Main.svg","contentUrl":"https:\/\/d2bw95mh2ee04s.cloudfront.net\/prod\/content\/wp-content\/uploads\/2025\/01\/02134814\/Property-Logo-Main.svg","width":184,"height":40,"caption":"SELLERLOGIC"},"image":{"@id":"https:\/\/www.sellerlogic.com\/it\/#\/schema\/logo\/image\/"},"sameAs":["https:\/\/www.facebook.com\/SellerLogic\/","https:\/\/x.com\/sellerlogic","https:\/\/www.instagram.com\/sellerlogic\/","https:\/\/www.linkedin.com\/company\/18402037\/","https:\/\/www.youtube.com\/channel\/UC-gULUur-fNj08sprantKsQ"]}]}},"_links":{"self":[{"href":"https:\/\/www.sellerlogic.com\/it\/wp-json\/wp\/v2\/pages\/90191","targetHints":{"allow":["GET"]}}],"collection":[{"href":"https:\/\/www.sellerlogic.com\/it\/wp-json\/wp\/v2\/pages"}],"about":[{"href":"https:\/\/www.sellerlogic.com\/it\/wp-json\/wp\/v2\/types\/page"}],"author":[{"embeddable":true,"href":"https:\/\/www.sellerlogic.com\/it\/wp-json\/wp\/v2\/users\/8"}],"replies":[{"embeddable":true,"href":"https:\/\/www.sellerlogic.com\/it\/wp-json\/wp\/v2\/comments?post=90191"}],"version-history":[{"count":0,"href":"https:\/\/www.sellerlogic.com\/it\/wp-json\/wp\/v2\/pages\/90191\/revisions"}],"up":[{"embeddable":true,"href":"https:\/\/www.sellerlogic.com\/it\/wp-json\/wp\/v2\/pages\/90173"}],"wp:attachment":[{"href":"https:\/\/www.sellerlogic.com\/it\/wp-json\/wp\/v2\/media?parent=90191"}],"curies":[{"name":"wp","href":"https:\/\/api.w.org\/{rel}","templated":true}]}}