
{"id":90194,"date":"2020-12-17T16:17:58","date_gmt":"2020-12-17T16:17:58","guid":{"rendered":"https:\/\/www.sellerlogic.com\/success-story-rewu-eu\/"},"modified":"2025-09-05T08:43:05","modified_gmt":"2025-09-05T08:43:05","slug":"success-story-rewu-eu","status":"publish","type":"page","link":"https:\/\/www.sellerlogic.com\/it\/risorse\/success-story-rewu-eu\/","title":{"rendered":"Success Story: ReWu EN"},"content":{"rendered":"\n\t<div  class=\"theme-wp-block theme-block-main-header is-style-full-height desktop-align-full xl-align-full lg-align-full md-align-full sm-align-full desktop-content-align-y-center desktop-content-align-x-center xl-content-align-y-center xl-content-align-x-center lg-content-align-y-center lg-content-align-x-center md-content-align-y-center md-content-align-x-center sm-content-align-y-center sm-content-align-x-center gb-responsive-650367-identifier theme-block-cover\">\n\t\t<div class=\"bg-cover theme-lazy-load-bg\"><\/div>\n\t\t<div class=\"wrap-content-main-header\">\n\t\t\t\t\t<div  class=\"theme-wp-block theme-block-text-and-text gb-responsive-130700-identifier desktop-blockDirection-column xl-blockDirection-column lg-blockDirection-column md-blockDirection-column sm-blockDirection-column desktop-align-wide xl-align-wide lg-align-wide md-align-wide sm-align-wide\">\n\t\t<div class=\"tat-column-wrap-wrapper\">\n\t\t\t<div class=\"tat-column-wrapper\">\n\t\t\t\t\t<div  class=\"theme-wp-block theme-block-text-and-text-column gb-responsive-420800-identifier desktop-horizontal-center xl-horizontal-center lg-horizontal-center md-horizontal-center sm-horizontal-center\">\n\t\t<div class=\"inner-wrap-column-content\">\n\t\t\t<div class=\"inner-column-content\">\n\t\t\t\t\t\t<h1  class=\"theme-wp-block theme-block-heading is-style-default desktop-text-center xl-text-center lg-text-center md-text-center sm-text-center gb-responsive-178195-identifier h1\">\n\t\tAccessori per la vita di alta gamma al prezzo perfetto\t<\/h1>\n\n\t\t<h2  class=\"theme-wp-block theme-block-heading is-style-default desktop-text-center xl-text-center lg-text-center md-text-center sm-text-center gb-responsive-77462-identifier desktop-align-center xl-align-center lg-align-center md-align-center sm-align-center aligncenter h2 has-text-align\">\n\t\tCome ReWu.eu vince l&#8217;Amazon Buy Box\t<\/h2>\n\n\t\t\t<\/div>\n\t\t<\/div>\n\t<\/div>\n\t<div  class=\"theme-wp-block theme-block-text-and-text-column gb-responsive-983379-identifier\">\n\t\t<div class=\"inner-wrap-column-content\">\n\t\t\t<div class=\"inner-column-content\">\n\t\t\t\t\t\t\t<\/div>\n\t\t<\/div>\n\t<\/div>\n\t\t\t<\/div>\n\t\t<\/div>\n\t<\/div>\n\n\t\t<\/div>\n\t<\/div>\n\n<div style=\"height:50px\" aria-hidden=\"true\" class=\"theme-wp-block wp-block-spacer\"><\/div><div class=\"theme-wp-block wp-block-columns gb-responsive-678291-identifier is-layout-flex wp-container-core-columns-is-layout-9d6595d7 wp-block-columns-is-layout-flex\"><div class=\"theme-wp-block wp-block-column gb-responsive-277127-identifier is-layout-flow wp-block-column-is-layout-flow\" style=\"flex-basis:25%\"><figure class=\"theme-wp-block wp-block-image size-large is-resized gb-responsive-62921-identifier\"><img decoding=\"async\" src=\"https:\/\/d2bw95mh2ee04s.cloudfront.net\/prod\/content\/wp-content\/uploads\/2020\/12\/23142722\/logo_rewu.png\" alt=\"Success Story: ReWu EN\" class=\"wp-image-4882\" width=\"300\" height=\"143\" srcset=\"https:\/\/d2bw95mh2ee04s.cloudfront.net\/prod\/content\/wp-content\/uploads\/2020\/12\/23142722\/logo_rewu-407x194.png 407w, https:\/\/d2bw95mh2ee04s.cloudfront.net\/prod\/content\/wp-content\/uploads\/2020\/12\/23142722\/logo_rewu.png 479w\" sizes=\"(max-width: 300px) 100vw, 300px\" \/><\/figure><p class=\"theme-wp-block gb-responsive-589628-identifier\"><strong>Fondazione:<\/strong><br>luglio 2017<\/p><p class=\"theme-wp-block gb-responsive-203014-identifier\"><strong>Settore:<\/strong><br>Servizi di pulizia, mobili,<br>giocattoli<\/p><p class=\"theme-wp-block gb-responsive-55456-identifier\"><strong>Articoli su Amazon:\u00a0<\/strong><br>circa 900<\/p><p class=\"theme-wp-block gb-responsive-107672-identifier\"><strong>Spedizioni:<\/strong><br>circa 7.200 al mese<\/p><\/div><div class=\"theme-wp-block wp-block-column gb-responsive-745505-identifier is-layout-flow wp-block-column-is-layout-flow\" style=\"flex-basis:50%\"><h3 class=\"theme-wp-block wp-block-heading gb-responsive-34353-identifier\" id=\"block-c06fce04-ef87-4ffc-a3d6-b768ba377d17\">Sfondo:<\/h3><p class=\"theme-wp-block gb-responsive-175924-identifier desktop-gb-has-no-icon xl-gb-has-no-icon lg-gb-has-no-icon md-gb-has-no-icon sm-gb-has-no-icon\">Florian Wucherpfennig stava cercando nuove esperienze oltre al suo lavoro a tempo pieno nell&#8217;azienda elettrica a conduzione familiare. Su consiglio di un amico, ha iniziato a informarsi sulla vendita su Amazon.<\/p><p class=\"theme-wp-block gb-responsive-353482-identifier desktop-gb-has-no-icon xl-gb-has-no-icon lg-gb-has-no-icon md-gb-has-no-icon sm-gb-has-no-icon\">Per avere successo sulla piattaforma online, un venditore deve superare diversi ostacoli e agire. Il servizio clienti e l&#8217;ottimizzazione dei prezzi costituiscono la base per il successo nel mercato e fanno distinguere il rivenditore. Dopo il lancio del suo negozio Amazon ReWu.eu, Florian ha immediatamente riconosciuto l&#8217;importanza del servizio clienti e dei prezzi.<\/p><h3 class=\"theme-wp-block wp-block-heading gb-responsive-182281-identifier\">Sfida:<\/h3><p class=\"theme-wp-block gb-responsive-432341-identifier desktop-gb-has-no-icon xl-gb-has-no-icon lg-gb-has-no-icon md-gb-has-no-icon sm-gb-has-no-icon\">Quasi ogni secondo euro speso online finisce su Amazon. In questo settore online estremamente competitivo, ReWu.eu deve affermarsi tra gli altri 100.000 rivenditori online in Germania. Poich\u00e9 Florian vende esclusivamente all&#8217;ingrosso, il direttore generale deve affrontare ogni giorno una concorrenza crescente. I prezzi possono scendere e la qualit\u00e0 delle merci ne risente a causa di ci\u00f2.<\/p><p class=\"theme-wp-block gb-responsive-926294-identifier desktop-gb-has-no-icon xl-gb-has-no-icon lg-gb-has-no-icon md-gb-has-no-icon sm-gb-has-no-icon\">\u201cNon vogliamo vendere prodotti scadenti al cliente al prezzo pi\u00f9 basso. Il nostro obiettivo \u00e8 offrire prodotti di alta qualit\u00e0 con un servizio clienti che nessuno dei nostri concorrenti pu\u00f2 eguagliare. Questa \u00e8 la nostra massima priorit\u00e0. \u00c8 cos\u00ec che rimaniamo competitivi. Naturalmente, la guerra dei prezzi \u00e8 presente anche nel segmento di qualit\u00e0. Ecco perch\u00e9 avevamo bisogno di un partner per l&#8217;ottimizzazione dei prezzi che non si basi sul prezzo pi\u00f9 basso per entrare nell&#8217;Buy Box, ma piuttosto agisca in modo dinamico e adatti i prezzi in base alla situazione di mercato,\u201d spiega Florian.<\/p><h3 class=\"theme-wp-block wp-block-heading gb-responsive-115756-identifier\">Soluzione:<\/h3><p class=\"theme-wp-block gb-responsive-578168-identifier desktop-gb-has-no-icon xl-gb-has-no-icon lg-gb-has-no-icon md-gb-has-no-icon sm-gb-has-no-icon\">Florian ha puntato sul SELLERLOGIC Repricer perch\u00e9 ti fa vincere l&#8217;Buy Box e il prezzo pi\u00f9 alto. Dopo che i prodotti sono stati posizionati nell&#8217;Buy Box, il Repricer ottimizza il prezzo di detto prodotto al massimo possibile. \u201cAttualmente, siamo progettati per la merce. Pertanto, il prodotto SELLERLOGIC \u00e8 indispensabile per noi. Regola i prezzi in base alla situazione di mercato, ma aiuta anche a ottenere una rapida panoramica dei segmenti in cui dobbiamo ancora iterare o che dobbiamo osservare pi\u00f9 da vicino,\u201d conferma Florian.<\/p><div class=\"theme-block-group-wrap\"><div class=\"theme-wp-block wp-block-group gb-responsive-88118-identifier\">\t\t<div  class=\"theme-wp-block theme-block-user-card gb-responsive-799176-identifier is-style-full-width-line desktop-gb-has-no-icon xl-gb-has-no-icon lg-gb-has-no-icon md-gb-has-no-icon sm-gb-has-no-icon\">\n\t\t<div class=\"wrap-inner-content\">\n\t\t\t<div class=\"card-user-head\">\n\t\t\t\t<div class=\"card-user-avatar\">\n\t\t\t\t\t<div class=\"cover-avatar\" style=\"background-image: url(https:\/\/d2bw95mh2ee04s.cloudfront.net\/prod\/content\/wp-content\/uploads\/2020\/12\/23142721\/florian_wucherpfennig_raute.png);\"><\/div>\n\t\t\t\t<\/div>\n\t\t\t\t<div class=\"wrap-title\">\n\t\t\t\t\t<div class=\"card-user-name\">\n\t\t\t\t\t\t<div class=\"title\">\n\t\t\t\t\t\t\t<h3 class=\"heading-text\"><strong>Florian Wucherpfennig<\/strong><\/h3>\n\t\t\t\t\t\t<\/div>\n\t\t\t\t\t\t<div class=\"card-user-position\">\n\t\t\t\t\t\t\t<div class=\"card-text\"><strong>CEO di ReWu.eu<\/strong><\/div>\n\t\t\t\t\t\t<\/div>\n\t\t\t\t\t<\/div>\n\t\t\t\t\t<div class=\"card-user-quote-icon\">\n\t\t\t\t\t<\/div>\n\t\t\t\t<\/div>\n\t\t\t<\/div>\n\t\t\t<div class=\"card-user-text\">\n\t\t\t\t<div class=\"card-text\"><p>\u201cPenso davvero che SELLERLOGIC ci faccia risparmiare enormi risorse. Ora possiamo investire tempo, manodopera e denaro nel supporto clienti. Naturalmente, il profitto pi\u00f9 elevato \u00e8 altrettanto importante e il Repricer lo garantisce ogni volta.\u201c<\/p><\/div>\n\t\t\t<\/div>\n\t\t<\/div>\n\t<\/div>\n\n<\/div><\/div><h3 class=\"theme-wp-block wp-block-heading gb-responsive-595368-identifier\">Risultati di successo con SELLERLOGIC:<\/h3><p class=\"theme-wp-block gb-responsive-295853-identifier desktop-gb-has-no-icon xl-gb-has-no-icon lg-gb-has-no-icon md-gb-has-no-icon sm-gb-has-no-icon\">Il servizio clienti ha un&#8217;alta considerazione presso ReWU.eu. Florian spiega perch\u00e9: \u201c\u00c8 risaputo che un buon servizio clienti consuma energia, ma alla fine ripaga il doppio. \u00c8 anche un metodo sicuro per distinguersi dalla concorrenza. Utilizzando il Repricer possiamo risparmiare enormi quantit\u00e0 di energia che possiamo canalizzare nel nostro servizio clienti, il che, a sua volta, beneficia i nostri clienti. Naturalmente, il profitto pi\u00f9 elevato fornito dal Repricer \u00e8 altrettanto importante e garantito ogni volta.\u201c<\/p><p class=\"theme-wp-block gb-responsive-525743-identifier desktop-gb-has-no-icon xl-gb-has-no-icon lg-gb-has-no-icon md-gb-has-no-icon sm-gb-has-no-icon\">\u201c\u00c8 difficile immaginare di esaminare manualmente ogni prodotto pi\u00f9 e pi\u00f9 volte quando la concorrenza cambia. Invece, controlliamo i nostri prodotti una volta alla settimana, verifichiamo quali non sono nell&#8217;Buy Box e facciamo aggiustamenti. Il Repricer si occupa del resto,\u201d continua Florian. \u201cTuttavia, credo che non stiamo ancora utilizzando questo strumento al 100% delle sue capacit\u00e0 e ci sono ancora alcuni trucchi e funzionalit\u00e0 che potrebbero essere utili e divertenti.\u201d<\/p><div class=\"theme-wp-block wp-block-buttons gb-responsive-497426-identifier is-layout-flex wp-block-buttons-is-layout-flex\"><div class=\"theme-wp-block wp-block-button gb-responsive-38220-identifier is-style-theme-transparent-with-arrow\"><a class=\"wp-block-button__link wp-element-button\" href=\"https:\/\/d2bw95mh2ee04s.cloudfront.net\/prod\/content\/files\/SUCCESS-STORIES\/EN\/SELLERLOGIC_SN_Success-Story_ReWu_EN.pdf\" target=\"_blank\" rel=\"noreferrer noopener nofollow\">Scarica ora!<\/a><\/div><\/div><\/div><div class=\"theme-wp-block wp-block-column gb-responsive-561369-identifier is-layout-flow wp-block-column-is-layout-flow\" style=\"flex-basis:25%\"><\/div><\/div>","protected":false},"excerpt":{"rendered":"<p>Fondazione:luglio 2017 Settore:Servizi di pulizia, mobili,giocattoli Articoli su Amazon:\u00a0circa 900 Spedizioni:circa 7.200 al mese Sfondo: Florian Wucherpfennig stava cercando nuove esperienze oltre al suo lavoro a tempo pieno nell&#8217;azienda elettrica a conduzione familiare. Su consiglio di un amico, ha iniziato a informarsi sulla vendita su Amazon. Per avere successo sulla piattaforma online, un venditore deve<\/p>\n","protected":false},"author":3,"featured_media":4796,"parent":90173,"menu_order":0,"comment_status":"closed","ping_status":"closed","template":"","meta":{"sidebar_recommended_resources":{"data":[]},"sidebar_header_settings":{"hide_buttons":{"register":false}},"_use_new_theme":false,"inline_featured_image":false,"footnotes":""},"class_list":["post-90194","page","type-page","status-publish","has-post-thumbnail","hentry"],"yoast_head":"<!-- This site is optimized with the Yoast SEO plugin v26.8 - https:\/\/yoast.com\/product\/yoast-seo-wordpress\/ -->\n<title>Come ReWu.eu vince l&#039;Amazon Buy Box | SELLERLOGIC<\/title>\n<meta name=\"description\" content=\"Vincere l&#039;Buy Box \u00e8 cruciale su Amazon. Scopri ora come ReWu.eu supera questo ostacolo con il SELLERLOGIC Repricer!\" \/>\n<meta name=\"robots\" content=\"index, follow, max-snippet:-1, max-image-preview:large, max-video-preview:-1\" \/>\n<link rel=\"canonical\" href=\"https:\/\/www.sellerlogic.com\/it\/risorse\/success-story-rewu-eu\/\" \/>\n<meta property=\"og:locale\" content=\"it_IT\" \/>\n<meta property=\"og:type\" content=\"article\" \/>\n<meta property=\"og:title\" content=\"Come ReWu.eu vince l&#039;Amazon Buy Box | SELLERLOGIC\" \/>\n<meta property=\"og:description\" content=\"Vincere l&#039;Buy Box \u00e8 cruciale su Amazon. Scopri ora come ReWu.eu supera questo ostacolo con il SELLERLOGIC Repricer!\" \/>\n<meta property=\"og:url\" content=\"https:\/\/www.sellerlogic.com\/it\/risorse\/success-story-rewu-eu\/\" \/>\n<meta property=\"og:site_name\" content=\"SELLERLOGIC - Smarte Tools f\u00fcr Amazon-Seller\" \/>\n<meta property=\"article:publisher\" content=\"https:\/\/www.facebook.com\/SellerLogic\/\" \/>\n<meta property=\"article:modified_time\" content=\"2025-09-05T08:43:05+00:00\" \/>\n<meta property=\"og:image\" content=\"http:\/\/d2bw95mh2ee04s.cloudfront.net\/prod\/content\/wp-content\/uploads\/2020\/12\/23142724\/header-success-story-rewu.jpg\" \/>\n\t<meta property=\"og:image:width\" content=\"2500\" \/>\n\t<meta property=\"og:image:height\" content=\"1667\" \/>\n\t<meta property=\"og:image:type\" content=\"image\/jpeg\" \/>\n<meta name=\"twitter:card\" content=\"summary_large_image\" \/>\n<meta name=\"twitter:site\" content=\"@sellerlogic\" \/>\n<meta name=\"twitter:label1\" content=\"Est. reading time\" \/>\n\t<meta name=\"twitter:data1\" content=\"3 minutes\" \/>\n<script type=\"application\/ld+json\" class=\"yoast-schema-graph\">{\"@context\":\"https:\/\/schema.org\",\"@graph\":[{\"@type\":\"WebPage\",\"@id\":\"https:\/\/www.sellerlogic.com\/it\/risorse\/success-story-rewu-eu\/\",\"url\":\"https:\/\/www.sellerlogic.com\/it\/risorse\/success-story-rewu-eu\/\",\"name\":\"Come ReWu.eu vince l'Amazon Buy Box | SELLERLOGIC\",\"isPartOf\":{\"@id\":\"https:\/\/www.sellerlogic.com\/it\/#website\"},\"primaryImageOfPage\":{\"@id\":\"https:\/\/www.sellerlogic.com\/it\/risorse\/success-story-rewu-eu\/#primaryimage\"},\"image\":{\"@id\":\"https:\/\/www.sellerlogic.com\/it\/risorse\/success-story-rewu-eu\/#primaryimage\"},\"thumbnailUrl\":\"https:\/\/d2bw95mh2ee04s.cloudfront.net\/prod\/content\/wp-content\/uploads\/2020\/12\/23142724\/header-success-story-rewu.jpg\",\"datePublished\":\"2020-12-17T16:17:58+00:00\",\"dateModified\":\"2025-09-05T08:43:05+00:00\",\"description\":\"Vincere l'Buy Box \u00e8 cruciale su Amazon. Scopri ora come ReWu.eu supera questo ostacolo con il SELLERLOGIC Repricer!\",\"breadcrumb\":{\"@id\":\"https:\/\/www.sellerlogic.com\/it\/risorse\/success-story-rewu-eu\/#breadcrumb\"},\"inLanguage\":\"it-IT\",\"potentialAction\":[{\"@type\":\"ReadAction\",\"target\":[\"https:\/\/www.sellerlogic.com\/it\/risorse\/success-story-rewu-eu\/\"]}]},{\"@type\":\"ImageObject\",\"inLanguage\":\"it-IT\",\"@id\":\"https:\/\/www.sellerlogic.com\/it\/risorse\/success-story-rewu-eu\/#primaryimage\",\"url\":\"https:\/\/d2bw95mh2ee04s.cloudfront.net\/prod\/content\/wp-content\/uploads\/2020\/12\/23142724\/header-success-story-rewu.jpg\",\"contentUrl\":\"https:\/\/d2bw95mh2ee04s.cloudfront.net\/prod\/content\/wp-content\/uploads\/2020\/12\/23142724\/header-success-story-rewu.jpg\",\"width\":2500,\"height\":1667,\"caption\":\"Amazon seller software for professionals: SELLERLOGIC Repricer\"},{\"@type\":\"BreadcrumbList\",\"@id\":\"https:\/\/www.sellerlogic.com\/it\/risorse\/success-story-rewu-eu\/#breadcrumb\",\"itemListElement\":[{\"@type\":\"ListItem\",\"position\":1,\"name\":\"Home\",\"item\":\"https:\/\/www.sellerlogic.com\/it\/\"},{\"@type\":\"ListItem\",\"position\":2,\"name\":\"Ressourcen EN\",\"item\":\"https:\/\/www.sellerlogic.com\/it\/risorse\/\"},{\"@type\":\"ListItem\",\"position\":3,\"name\":\"Success Story: ReWu EN\"}]},{\"@type\":\"WebSite\",\"@id\":\"https:\/\/www.sellerlogic.com\/it\/#website\",\"url\":\"https:\/\/www.sellerlogic.com\/it\/\",\"name\":\"SELLERLOGIC - Smarte Tools f\u00fcr Amazon-Seller\",\"description\":\"Intelligente Prozessoptimierung und Gewinnmaximierung\",\"publisher\":{\"@id\":\"https:\/\/www.sellerlogic.com\/it\/#organization\"},\"potentialAction\":[{\"@type\":\"SearchAction\",\"target\":{\"@type\":\"EntryPoint\",\"urlTemplate\":\"https:\/\/www.sellerlogic.com\/it\/?s={search_term_string}\"},\"query-input\":{\"@type\":\"PropertyValueSpecification\",\"valueRequired\":true,\"valueName\":\"search_term_string\"}}],\"inLanguage\":\"it-IT\"},{\"@type\":\"Organization\",\"@id\":\"https:\/\/www.sellerlogic.com\/it\/#organization\",\"name\":\"SELLERLOGIC\",\"url\":\"https:\/\/www.sellerlogic.com\/it\/\",\"logo\":{\"@type\":\"ImageObject\",\"inLanguage\":\"it-IT\",\"@id\":\"https:\/\/www.sellerlogic.com\/it\/#\/schema\/logo\/image\/\",\"url\":\"https:\/\/d2bw95mh2ee04s.cloudfront.net\/prod\/content\/wp-content\/uploads\/2025\/01\/02134814\/Property-Logo-Main.svg\",\"contentUrl\":\"https:\/\/d2bw95mh2ee04s.cloudfront.net\/prod\/content\/wp-content\/uploads\/2025\/01\/02134814\/Property-Logo-Main.svg\",\"width\":184,\"height\":40,\"caption\":\"SELLERLOGIC\"},\"image\":{\"@id\":\"https:\/\/www.sellerlogic.com\/it\/#\/schema\/logo\/image\/\"},\"sameAs\":[\"https:\/\/www.facebook.com\/SellerLogic\/\",\"https:\/\/x.com\/sellerlogic\",\"https:\/\/www.instagram.com\/sellerlogic\/\",\"https:\/\/www.linkedin.com\/company\/18402037\/\",\"https:\/\/www.youtube.com\/channel\/UC-gULUur-fNj08sprantKsQ\"]}]}<\/script>\n<!-- \/ Yoast SEO plugin. -->","yoast_head_json":{"title":"Come ReWu.eu vince l'Amazon Buy Box | SELLERLOGIC","description":"Vincere l'Buy Box \u00e8 cruciale su Amazon. Scopri ora come ReWu.eu supera questo ostacolo con il SELLERLOGIC Repricer!","robots":{"index":"index","follow":"follow","max-snippet":"max-snippet:-1","max-image-preview":"max-image-preview:large","max-video-preview":"max-video-preview:-1"},"canonical":"https:\/\/www.sellerlogic.com\/it\/risorse\/success-story-rewu-eu\/","og_locale":"it_IT","og_type":"article","og_title":"Come ReWu.eu vince l'Amazon Buy Box | SELLERLOGIC","og_description":"Vincere l'Buy Box \u00e8 cruciale su Amazon. Scopri ora come ReWu.eu supera questo ostacolo con il SELLERLOGIC Repricer!","og_url":"https:\/\/www.sellerlogic.com\/it\/risorse\/success-story-rewu-eu\/","og_site_name":"SELLERLOGIC - Smarte Tools f\u00fcr Amazon-Seller","article_publisher":"https:\/\/www.facebook.com\/SellerLogic\/","article_modified_time":"2025-09-05T08:43:05+00:00","og_image":[{"width":2500,"height":1667,"url":"http:\/\/d2bw95mh2ee04s.cloudfront.net\/prod\/content\/wp-content\/uploads\/2020\/12\/23142724\/header-success-story-rewu.jpg","type":"image\/jpeg"}],"twitter_card":"summary_large_image","twitter_site":"@sellerlogic","twitter_misc":{"Est. reading time":"3 minutes"},"schema":{"@context":"https:\/\/schema.org","@graph":[{"@type":"WebPage","@id":"https:\/\/www.sellerlogic.com\/it\/risorse\/success-story-rewu-eu\/","url":"https:\/\/www.sellerlogic.com\/it\/risorse\/success-story-rewu-eu\/","name":"Come ReWu.eu vince l'Amazon Buy Box | SELLERLOGIC","isPartOf":{"@id":"https:\/\/www.sellerlogic.com\/it\/#website"},"primaryImageOfPage":{"@id":"https:\/\/www.sellerlogic.com\/it\/risorse\/success-story-rewu-eu\/#primaryimage"},"image":{"@id":"https:\/\/www.sellerlogic.com\/it\/risorse\/success-story-rewu-eu\/#primaryimage"},"thumbnailUrl":"https:\/\/d2bw95mh2ee04s.cloudfront.net\/prod\/content\/wp-content\/uploads\/2020\/12\/23142724\/header-success-story-rewu.jpg","datePublished":"2020-12-17T16:17:58+00:00","dateModified":"2025-09-05T08:43:05+00:00","description":"Vincere l'Buy Box \u00e8 cruciale su Amazon. Scopri ora come ReWu.eu supera questo ostacolo con il SELLERLOGIC Repricer!","breadcrumb":{"@id":"https:\/\/www.sellerlogic.com\/it\/risorse\/success-story-rewu-eu\/#breadcrumb"},"inLanguage":"it-IT","potentialAction":[{"@type":"ReadAction","target":["https:\/\/www.sellerlogic.com\/it\/risorse\/success-story-rewu-eu\/"]}]},{"@type":"ImageObject","inLanguage":"it-IT","@id":"https:\/\/www.sellerlogic.com\/it\/risorse\/success-story-rewu-eu\/#primaryimage","url":"https:\/\/d2bw95mh2ee04s.cloudfront.net\/prod\/content\/wp-content\/uploads\/2020\/12\/23142724\/header-success-story-rewu.jpg","contentUrl":"https:\/\/d2bw95mh2ee04s.cloudfront.net\/prod\/content\/wp-content\/uploads\/2020\/12\/23142724\/header-success-story-rewu.jpg","width":2500,"height":1667,"caption":"Amazon seller software for professionals: SELLERLOGIC Repricer"},{"@type":"BreadcrumbList","@id":"https:\/\/www.sellerlogic.com\/it\/risorse\/success-story-rewu-eu\/#breadcrumb","itemListElement":[{"@type":"ListItem","position":1,"name":"Home","item":"https:\/\/www.sellerlogic.com\/it\/"},{"@type":"ListItem","position":2,"name":"Ressourcen EN","item":"https:\/\/www.sellerlogic.com\/it\/risorse\/"},{"@type":"ListItem","position":3,"name":"Success Story: ReWu EN"}]},{"@type":"WebSite","@id":"https:\/\/www.sellerlogic.com\/it\/#website","url":"https:\/\/www.sellerlogic.com\/it\/","name":"SELLERLOGIC - Smarte Tools f\u00fcr Amazon-Seller","description":"Intelligente Prozessoptimierung und Gewinnmaximierung","publisher":{"@id":"https:\/\/www.sellerlogic.com\/it\/#organization"},"potentialAction":[{"@type":"SearchAction","target":{"@type":"EntryPoint","urlTemplate":"https:\/\/www.sellerlogic.com\/it\/?s={search_term_string}"},"query-input":{"@type":"PropertyValueSpecification","valueRequired":true,"valueName":"search_term_string"}}],"inLanguage":"it-IT"},{"@type":"Organization","@id":"https:\/\/www.sellerlogic.com\/it\/#organization","name":"SELLERLOGIC","url":"https:\/\/www.sellerlogic.com\/it\/","logo":{"@type":"ImageObject","inLanguage":"it-IT","@id":"https:\/\/www.sellerlogic.com\/it\/#\/schema\/logo\/image\/","url":"https:\/\/d2bw95mh2ee04s.cloudfront.net\/prod\/content\/wp-content\/uploads\/2025\/01\/02134814\/Property-Logo-Main.svg","contentUrl":"https:\/\/d2bw95mh2ee04s.cloudfront.net\/prod\/content\/wp-content\/uploads\/2025\/01\/02134814\/Property-Logo-Main.svg","width":184,"height":40,"caption":"SELLERLOGIC"},"image":{"@id":"https:\/\/www.sellerlogic.com\/it\/#\/schema\/logo\/image\/"},"sameAs":["https:\/\/www.facebook.com\/SellerLogic\/","https:\/\/x.com\/sellerlogic","https:\/\/www.instagram.com\/sellerlogic\/","https:\/\/www.linkedin.com\/company\/18402037\/","https:\/\/www.youtube.com\/channel\/UC-gULUur-fNj08sprantKsQ"]}]}},"_links":{"self":[{"href":"https:\/\/www.sellerlogic.com\/it\/wp-json\/wp\/v2\/pages\/90194","targetHints":{"allow":["GET"]}}],"collection":[{"href":"https:\/\/www.sellerlogic.com\/it\/wp-json\/wp\/v2\/pages"}],"about":[{"href":"https:\/\/www.sellerlogic.com\/it\/wp-json\/wp\/v2\/types\/page"}],"author":[{"embeddable":true,"href":"https:\/\/www.sellerlogic.com\/it\/wp-json\/wp\/v2\/users\/3"}],"replies":[{"embeddable":true,"href":"https:\/\/www.sellerlogic.com\/it\/wp-json\/wp\/v2\/comments?post=90194"}],"version-history":[{"count":0,"href":"https:\/\/www.sellerlogic.com\/it\/wp-json\/wp\/v2\/pages\/90194\/revisions"}],"up":[{"embeddable":true,"href":"https:\/\/www.sellerlogic.com\/it\/wp-json\/wp\/v2\/pages\/90173"}],"wp:featuredmedia":[{"embeddable":true,"href":"https:\/\/www.sellerlogic.com\/it\/wp-json\/wp\/v2\/media\/4796"}],"wp:attachment":[{"href":"https:\/\/www.sellerlogic.com\/it\/wp-json\/wp\/v2\/media?parent=90194"}],"curies":[{"name":"wp","href":"https:\/\/api.w.org\/{rel}","templated":true}]}}