
{"id":90197,"date":"2025-06-02T20:29:11","date_gmt":"2025-06-02T20:29:11","guid":{"rendered":"https:\/\/www.sellerlogic.com\/success-story-samtige-haut\/"},"modified":"2025-06-02T20:29:11","modified_gmt":"2025-06-02T20:29:11","slug":"success-story-samtige-haut","status":"publish","type":"page","link":"https:\/\/www.sellerlogic.com\/it\/risorse\/success-story-samtige-haut\/","title":{"rendered":"Success Story: Samtige Haut EN"},"content":{"rendered":"\n\t<div  class=\"theme-wp-block theme-block-main-header is-style-full-height desktop-align-full xl-align-full lg-align-full md-align-full sm-align-full desktop-content-align-y-center desktop-content-align-x-center xl-content-align-y-center xl-content-align-x-center lg-content-align-y-center lg-content-align-x-center md-content-align-y-center md-content-align-x-center sm-content-align-y-center sm-content-align-x-center gb-responsive-911782-identifier theme-block-cover\">\n\t\t<div class=\"bg-cover theme-lazy-load-bg\"><\/div>\n\t\t<div class=\"wrap-content-main-header\">\n\t\t\t\t\t<div  class=\"theme-wp-block theme-block-text-and-text desktop-blockDirection-row xl-blockDirection-row lg-blockDirection-row md-blockDirection-row sm-blockDirection-row gb-responsive-289238-identifier desktop-align-full xl-align-full lg-align-full md-align-full sm-align-full alignfull\">\n\t\t<div class=\"tat-column-wrap-wrapper\">\n\t\t\t<div class=\"tat-column-wrapper\">\n\t\t\t\t\t<div  class=\"theme-wp-block theme-block-text-and-text-column gb-responsive-421034-identifier desktop-horizontal-center xl-horizontal-center lg-horizontal-center md-horizontal-center sm-horizontal-center\">\n\t\t<div class=\"inner-wrap-column-content\">\n\t\t\t<div class=\"inner-column-content\">\n\t\t\t\t\t\t<h1  class=\"theme-wp-block theme-block-heading is-style-default sm-text-center md-text-center desktop-text-center xl-text-center lg-text-center gb-responsive-292481-identifier desktop-align-full xl-align-full lg-align-full md-align-full sm-align-full alignfull h1 has-text-align\">\n\t\tRimborsi con un Click\t<\/h1>\n\n\t\t<h2  class=\"theme-wp-block theme-block-heading is-style-default sm-text-center md-text-center desktop-text-center xl-text-center lg-text-center gb-responsive-831018-identifier desktop-align-full xl-align-full lg-align-full md-align-full sm-align-full alignfull h1 has-text-align\">\n\t\t&#8220;Samtige Haut&#8221; riceve rimborsi da Amazon attraverso Lost &amp; Found\t<\/h2>\n\n\t\t\t<\/div>\n\t\t<\/div>\n\t<\/div>\n\t<div  class=\"theme-wp-block theme-block-text-and-text-column gb-responsive-929552-identifier\">\n\t\t<div class=\"inner-wrap-column-content\">\n\t\t\t<div class=\"inner-column-content\">\n\t\t\t\t\t\t\t<\/div>\n\t\t<\/div>\n\t<\/div>\n\t\t\t<\/div>\n\t\t<\/div>\n\t<\/div>\n\n\t\t<\/div>\n\t<\/div>\n\n<div style=\"height:50px\" aria-hidden=\"true\" class=\"theme-wp-block wp-block-spacer\"><\/div><div class=\"theme-wp-block wp-block-columns gb-responsive-655645-identifier is-layout-flex wp-container-core-columns-is-layout-9d6595d7 wp-block-columns-is-layout-flex\"><div class=\"theme-wp-block wp-block-column gb-responsive-959393-identifier is-layout-flow wp-block-column-is-layout-flow\" style=\"flex-basis:25%\"><figure class=\"theme-wp-block wp-block-image size-large is-resized gb-responsive-62921-identifier\"><img decoding=\"async\" src=\"https:\/\/d2bw95mh2ee04s.cloudfront.net\/prod\/content\/wp-content\/uploads\/2020\/12\/23142732\/samtige-haut-logo.png\" alt=\"Success Story: Samtige Haut EN\" class=\"wp-image-4561\" width=\"300\" height=\"84\" srcset=\"https:\/\/d2bw95mh2ee04s.cloudfront.net\/prod\/content\/wp-content\/uploads\/2020\/12\/23142732\/samtige-haut-logo-407x113.png 407w, https:\/\/d2bw95mh2ee04s.cloudfront.net\/prod\/content\/wp-content\/uploads\/2020\/12\/23142732\/samtige-haut-logo.png 600w\" sizes=\"(max-width: 300px) 100vw, 300px\" \/><\/figure><p class=\"theme-wp-block gb-responsive-312552-identifier\"><strong><strong>Fondazione<\/strong>:<\/strong><br>Novembre 2016<\/p><p class=\"theme-wp-block gb-responsive-353708-identifier\"><strong><strong>Settore<\/strong>:<\/strong><br>Cosmetici, integratori nutrizionali, prodotti biologici<\/p><p class=\"theme-wp-block gb-responsive-164518-identifier\"><strong><strong>Articoli su Amazon:<\/strong><\/strong><br>1.000<\/p><p class=\"theme-wp-block gb-responsive-888870-identifier\"><strong><strong>Spedizioni<\/strong>:\u00a0<\/strong><br>circa 8.000 al mese<\/p><\/div><div class=\"theme-wp-block wp-block-column gb-responsive-252265-identifier is-layout-flow wp-block-column-is-layout-flow\" style=\"flex-basis:50%\"><h3 class=\"theme-wp-block wp-block-heading gb-responsive-34353-identifier\" id=\"block-c06fce04-ef87-4ffc-a3d6-b768ba377d17\">Contesto:<\/h3><p class=\"theme-wp-block gb-responsive-620393-identifier\">Nel 2018 Amazon ha registrato un fatturato di 232,9 miliardi di dollari statunitensi. Circa il 45% dei venditori tedeschi di Amazon spedisce le proprie merci tramite Fulfillment by Amazon (FBA). Sandra Schriewer \u2013 proprietaria del negozio Amazon \u201cSamtige Haut\u201d (in tedesco \u201cPelle pi\u00f9 liscia\u201d) \u2013 \u00e8 una di loro. Nonostante tutti i vantaggi del programma FBA, non \u00e8 pi\u00f9 possibile per i commercianti online tenere traccia del flusso di dati delle transazioni FBA man mano che le vendite aumentano. Per questo motivo, l&#8217;analisi non viene affatto eseguita.<\/p><h3 class=\"theme-wp-block wp-block-heading gb-responsive-182281-identifier\">Sfida:<\/h3><p class=\"theme-wp-block gb-responsive-880667-identifier\">Sandra Schriewer proviene originariamente dall&#8217;industria cosmetica. Durante il suo lavoro nel settore E-commerce a Berlino, ha completato i suoi studi in marketing online e E-commerce.<\/p><p class=\"theme-wp-block gb-responsive-3897-identifier\">Voleva mettere in pratica le conoscenze acquisite e combinarle con la sua passione per i cosmetici e la nutrizione. Cos\u00ec \u00e8 nato il negozio Amazon \u201cSamtige Haut\u201d. Con circa 1.000 articoli e circa 8.000 spedizioni al mese tramite il programma FBA, era quasi impossibile tenere traccia dell&#8217;immenso flusso di dati su Amazon. Si rese presto conto di aver bisogno di un fornitore di servizi che potesse aiutarla a controllare i processi del programma FBA. \u201cCome commerciante online, ti affidi a Fulfillment by Amazon, perch\u00e9 il programma semplifica notevolmente i processi logistici nell&#8217;azienda. Tuttavia, nessuno \u00e8 perfetto e naturalmente anche aziende leader come Amazon possono commettere errori.<\/p><p class=\"theme-wp-block gb-responsive-135542-identifier\">Controllare manualmente gli errori era fuori discussione. L&#8217;analisi delle fonti di problemi \u00e8 molto complessa e richiede un&#8217;enorme quantit\u00e0 di tempo. &#8220;Questo andrebbe oltre qualsiasi quadro economico,\u201d ci ha detto Sandra. \u201cLa soluzione Lost &#038; Found di SELLERLOGIC mi \u00e8 stata raccomandata da mio marito, che gi\u00e0 lavora con il Repricer del fornitore di servizi ed \u00e8 molto soddisfatto del prodotto. Ci sono molte soluzioni sul mercato di cui un&#8217;azienda Amazon ha bisogno per avere successo nei rispettivi marketplace. Credo che Lost &#038; Found sia unica e indispensabile per i venditori FBA.\u201d<\/p><h3 class=\"theme-wp-block wp-block-heading gb-responsive-115756-identifier\">Soluzione:<\/h3><p class=\"theme-wp-block gb-responsive-907939-identifier\">\u201cLo strumento non \u00e8 difficile da usare e pu\u00f2 essere integrato rapidamente e facilmente. Le istruzioni passo-passo \u2013 cos\u00ec come la base di conoscenza \u2013 sono molto utili e non richiedono alcun supporto da parte di SELLERLOGIC. Lost &#038; Found riporta nuovi casi ogni giorno e fornisce moduli di testo predefiniti che possono essere semplicemente copiati e incollati nell&#8217;Amazon Seller Central. Devo solo copiare e incollare il lavoro per ottenere un rimborso da Amazon. Poich\u00e9 i casi presentati vengono solitamente accettati senza ulteriori domande, l&#8217;intero processo \u00e8 mantenuto molto semplice!\u201d<\/p><div class=\"theme-block-group-wrap\"><div class=\"theme-wp-block wp-block-group gb-responsive-88118-identifier\">\t\t<div  class=\"theme-wp-block theme-block-user-card gb-responsive-799176-identifier is-style-full-width-line\">\n\t\t<div class=\"wrap-inner-content\">\n\t\t\t<div class=\"card-user-head\">\n\t\t\t\t<div class=\"card-user-avatar\">\n\t\t\t\t\t<div class=\"cover-avatar\" style=\"background-image: url(https:\/\/d2bw95mh2ee04s.cloudfront.net\/prod\/content\/wp-content\/uploads\/2020\/12\/23142733\/sandra-schriewer-raute.png);\"><\/div>\n\t\t\t\t<\/div>\n\t\t\t\t<div class=\"wrap-title\">\n\t\t\t\t\t<div class=\"card-user-name\">\n\t\t\t\t\t\t<div class=\"title\">\n\t\t\t\t\t\t\t<h3 class=\"heading-text\"><strong>Sandra Schriewer<\/strong><\/h3>\n\t\t\t\t\t\t<\/div>\n\t\t\t\t\t\t<div class=\"card-user-position\">\n\t\t\t\t\t\t\t<div class=\"card-text\"><strong>CEO \u201eSamtige Haut\u201c<\/strong><\/div>\n\t\t\t\t\t\t<\/div>\n\t\t\t\t\t<\/div>\n\t\t\t\t\t<div class=\"card-user-quote-icon\">\n\t\t\t\t\t<\/div>\n\t\t\t\t<\/div>\n\t\t\t<\/div>\n\t\t\t<div class=\"card-user-text\">\n\t\t\t\t<div class=\"card-text\"><p>&#8220;Ci sono molte soluzioni sul mercato di cui un&#8217;azienda Amazon ha bisogno per avere successo nei rispettivi marketplace. Credo che Lost &amp; Found sia unica e indispensabile per i venditori FBA\u201d.<\/p><\/div>\n\t\t\t<\/div>\n\t\t<\/div>\n\t<\/div>\n\n<\/div><\/div><h3 class=\"theme-wp-block wp-block-heading gb-responsive-595368-identifier\">Risultati di Successo con SELLERLOGIC:<\/h3><p class=\"theme-wp-block gb-responsive-414432-identifier\">\u201cPoich\u00e9 Lost &#038; Found risale alle singole transazioni fino a 18 mesi, ho ricevuto un rimborso di circa 1.300 EUR immediatamente dopo l&#8217;integrazione dello strumento, che non avrei mai notato senza SELLERLOGIC. Prima dell&#8217;integrazione di Lost &#038; Found non mi era chiaro quanti pacchi fossero semplicemente andati persi nel frattempo. Non puoi controllare manualmente la quantit\u00e0 di dati e normalmente Amazon non ti d\u00e0 alcun feedback sui beni mancanti. Con Lost &#038; Found ottieni indietro i tuoi soldi e ti risparmi un&#8217;enorme quantit\u00e0 di tempo \u2013 grazie alla ricerca automatizzata e alla presentazione dei casi utilizzando la funzione Copia e Incolla.\u201d<\/p><p class=\"theme-wp-block gb-responsive-57813-identifier\">\u201cPosso solo consigliare a tutti di integrare la soluzione nel proprio sistema. Non avete nulla da perdere! I costi per SELLERLOGIC Lost &#038; Found sono molto equi dal mio punto di vista perch\u00e9 sono calcolati proporzionalmente al rimborso effettivo da Amazon. Se non viene trovato nulla, non verranno addebitate spese. Ogni giorno che passa senza Lost &#038; Found costa soldi ai venditori. Inoltre, hai un massimo di 18 mesi per presentare le tue richieste, in alcuni casi anche meno,\u201d conclude Sandra per noi.<a href=\"https:\/\/d2bw95mh2ee04s.cloudfront.net\/prod\/content\/files\/SUCCESS-STORIES\/EN\/NEU_SELLERLOGIC_SN_Success-Story_Samtige-Haut-EN.pdf\" target=\"_blank\" rel=\"noreferrer noopener nofollow\"><\/a><\/p><div class=\"theme-wp-block wp-block-buttons gb-responsive-497426-identifier is-layout-flex wp-block-buttons-is-layout-flex\"><div class=\"theme-wp-block wp-block-button gb-responsive-38220-identifier is-style-theme-transparent-with-arrow\"><a class=\"wp-block-button__link wp-element-button\" href=\"https:\/\/d2bw95mh2ee04s.cloudfront.net\/prod\/content\/files\/SUCCESS-STORIES\/EN\/SELLERLOGIC_SN_Success-Story_Samtige-Haut-EN.pdf\" target=\"_blank\" rel=\"noreferrer noopener nofollow\">Scarica la Storia di Successo!  <\/a><\/div><\/div><\/div><div class=\"theme-wp-block wp-block-column gb-responsive-147753-identifier is-layout-flow wp-block-column-is-layout-flow\" style=\"flex-basis:25%\"><\/div><\/div><p class=\"theme-wp-block gb-responsive-527070-identifier\"><\/p>","protected":false},"excerpt":{"rendered":"<p>Fondazione:Novembre 2016 Settore:Cosmetici, integratori nutrizionali, prodotti biologici Articoli su Amazon:1.000 Spedizioni:\u00a0circa 8.000 al mese Contesto: Nel 2018 Amazon ha registrato un fatturato di 232,9 miliardi di dollari statunitensi. Circa il 45% dei venditori tedeschi di Amazon spedisce le proprie merci tramite Fulfillment by Amazon (FBA). Sandra Schriewer \u2013 proprietaria del negozio Amazon \u201cSamtige Haut\u201d (in<\/p>\n","protected":false},"author":8,"featured_media":0,"parent":90173,"menu_order":0,"comment_status":"closed","ping_status":"closed","template":"","meta":{"sidebar_recommended_resources":{"data":[]},"sidebar_header_settings":{"hide_buttons":{"register":false}},"_use_new_theme":false,"inline_featured_image":false,"footnotes":""},"class_list":["post-90197","page","type-page","status-publish","hentry"],"yoast_head":"<!-- This site is optimized with the Yoast SEO plugin v26.8 - https:\/\/yoast.com\/product\/yoast-seo-wordpress\/ -->\n<title>&quot;Samtige Haut&quot; ottiene un rimborso da Amazon tramite SELLERLOGIC Lost &amp; Found<\/title>\n<meta name=\"description\" content=\"Rimborsi con un Click: Il cliente SELLERLOGIC &quot;Samtige Haut&quot; ottiene i propri rimborsi da Amazon tramite Lost &amp; Found.\" \/>\n<meta name=\"robots\" content=\"index, follow, max-snippet:-1, max-image-preview:large, max-video-preview:-1\" \/>\n<link rel=\"canonical\" href=\"https:\/\/www.sellerlogic.com\/it\/risorse\/success-story-samtige-haut\/\" \/>\n<meta property=\"og:locale\" content=\"it_IT\" \/>\n<meta property=\"og:type\" content=\"article\" \/>\n<meta property=\"og:title\" content=\"&quot;Samtige Haut&quot; ottiene un rimborso da Amazon tramite SELLERLOGIC Lost &amp; Found\" \/>\n<meta property=\"og:description\" content=\"Rimborsi con un Click: Il cliente SELLERLOGIC &quot;Samtige Haut&quot; ottiene i propri rimborsi da Amazon tramite Lost &amp; Found.\" \/>\n<meta property=\"og:url\" content=\"https:\/\/www.sellerlogic.com\/it\/risorse\/success-story-samtige-haut\/\" \/>\n<meta property=\"og:site_name\" content=\"SELLERLOGIC - Smarte Tools f\u00fcr Amazon-Seller\" \/>\n<meta property=\"article:publisher\" content=\"https:\/\/www.facebook.com\/SellerLogic\/\" \/>\n<meta property=\"og:image\" content=\"https:\/\/www.sellerlogic.com\/wp-content\/uploads\/2020\/12\/samtige-haut-logo.png\" \/>\n<meta name=\"twitter:card\" content=\"summary_large_image\" \/>\n<meta name=\"twitter:site\" content=\"@sellerlogic\" \/>\n<meta name=\"twitter:label1\" content=\"Est. reading time\" \/>\n\t<meta name=\"twitter:data1\" content=\"3 minutes\" \/>\n<script type=\"application\/ld+json\" class=\"yoast-schema-graph\">{\"@context\":\"https:\/\/schema.org\",\"@graph\":[{\"@type\":\"WebPage\",\"@id\":\"https:\/\/www.sellerlogic.com\/it\/risorse\/success-story-samtige-haut\/\",\"url\":\"https:\/\/www.sellerlogic.com\/it\/risorse\/success-story-samtige-haut\/\",\"name\":\"\\\"Samtige Haut\\\" ottiene un rimborso da Amazon tramite SELLERLOGIC Lost & Found\",\"isPartOf\":{\"@id\":\"https:\/\/www.sellerlogic.com\/it\/#website\"},\"primaryImageOfPage\":{\"@id\":\"https:\/\/www.sellerlogic.com\/it\/risorse\/success-story-samtige-haut\/#primaryimage\"},\"image\":{\"@id\":\"https:\/\/www.sellerlogic.com\/it\/risorse\/success-story-samtige-haut\/#primaryimage\"},\"thumbnailUrl\":\"https:\/\/www.sellerlogic.com\/wp-content\/uploads\/2020\/12\/samtige-haut-logo.png\",\"datePublished\":\"2025-06-02T20:29:11+00:00\",\"description\":\"Rimborsi con un Click: Il cliente SELLERLOGIC \\\"Samtige Haut\\\" ottiene i propri rimborsi da Amazon tramite Lost & Found.\",\"breadcrumb\":{\"@id\":\"https:\/\/www.sellerlogic.com\/it\/risorse\/success-story-samtige-haut\/#breadcrumb\"},\"inLanguage\":\"it-IT\",\"potentialAction\":[{\"@type\":\"ReadAction\",\"target\":[\"https:\/\/www.sellerlogic.com\/it\/risorse\/success-story-samtige-haut\/\"]}]},{\"@type\":\"ImageObject\",\"inLanguage\":\"it-IT\",\"@id\":\"https:\/\/www.sellerlogic.com\/it\/risorse\/success-story-samtige-haut\/#primaryimage\",\"url\":\"https:\/\/www.sellerlogic.com\/wp-content\/uploads\/2020\/12\/samtige-haut-logo.png\",\"contentUrl\":\"https:\/\/www.sellerlogic.com\/wp-content\/uploads\/2020\/12\/samtige-haut-logo.png\"},{\"@type\":\"BreadcrumbList\",\"@id\":\"https:\/\/www.sellerlogic.com\/it\/risorse\/success-story-samtige-haut\/#breadcrumb\",\"itemListElement\":[{\"@type\":\"ListItem\",\"position\":1,\"name\":\"Home\",\"item\":\"https:\/\/www.sellerlogic.com\/it\/\"},{\"@type\":\"ListItem\",\"position\":2,\"name\":\"Ressourcen EN\",\"item\":\"https:\/\/www.sellerlogic.com\/it\/risorse\/\"},{\"@type\":\"ListItem\",\"position\":3,\"name\":\"Success Story: Samtige Haut EN\"}]},{\"@type\":\"WebSite\",\"@id\":\"https:\/\/www.sellerlogic.com\/it\/#website\",\"url\":\"https:\/\/www.sellerlogic.com\/it\/\",\"name\":\"SELLERLOGIC - Smarte Tools f\u00fcr Amazon-Seller\",\"description\":\"Intelligente Prozessoptimierung und Gewinnmaximierung\",\"publisher\":{\"@id\":\"https:\/\/www.sellerlogic.com\/it\/#organization\"},\"potentialAction\":[{\"@type\":\"SearchAction\",\"target\":{\"@type\":\"EntryPoint\",\"urlTemplate\":\"https:\/\/www.sellerlogic.com\/it\/?s={search_term_string}\"},\"query-input\":{\"@type\":\"PropertyValueSpecification\",\"valueRequired\":true,\"valueName\":\"search_term_string\"}}],\"inLanguage\":\"it-IT\"},{\"@type\":\"Organization\",\"@id\":\"https:\/\/www.sellerlogic.com\/it\/#organization\",\"name\":\"SELLERLOGIC\",\"url\":\"https:\/\/www.sellerlogic.com\/it\/\",\"logo\":{\"@type\":\"ImageObject\",\"inLanguage\":\"it-IT\",\"@id\":\"https:\/\/www.sellerlogic.com\/it\/#\/schema\/logo\/image\/\",\"url\":\"https:\/\/d2bw95mh2ee04s.cloudfront.net\/prod\/content\/wp-content\/uploads\/2025\/01\/02134814\/Property-Logo-Main.svg\",\"contentUrl\":\"https:\/\/d2bw95mh2ee04s.cloudfront.net\/prod\/content\/wp-content\/uploads\/2025\/01\/02134814\/Property-Logo-Main.svg\",\"width\":184,\"height\":40,\"caption\":\"SELLERLOGIC\"},\"image\":{\"@id\":\"https:\/\/www.sellerlogic.com\/it\/#\/schema\/logo\/image\/\"},\"sameAs\":[\"https:\/\/www.facebook.com\/SellerLogic\/\",\"https:\/\/x.com\/sellerlogic\",\"https:\/\/www.instagram.com\/sellerlogic\/\",\"https:\/\/www.linkedin.com\/company\/18402037\/\",\"https:\/\/www.youtube.com\/channel\/UC-gULUur-fNj08sprantKsQ\"]}]}<\/script>\n<!-- \/ Yoast SEO plugin. -->","yoast_head_json":{"title":"\"Samtige Haut\" ottiene un rimborso da Amazon tramite SELLERLOGIC Lost & Found","description":"Rimborsi con un Click: Il cliente SELLERLOGIC \"Samtige Haut\" ottiene i propri rimborsi da Amazon tramite Lost & Found.","robots":{"index":"index","follow":"follow","max-snippet":"max-snippet:-1","max-image-preview":"max-image-preview:large","max-video-preview":"max-video-preview:-1"},"canonical":"https:\/\/www.sellerlogic.com\/it\/risorse\/success-story-samtige-haut\/","og_locale":"it_IT","og_type":"article","og_title":"\"Samtige Haut\" ottiene un rimborso da Amazon tramite SELLERLOGIC Lost & Found","og_description":"Rimborsi con un Click: Il cliente SELLERLOGIC \"Samtige Haut\" ottiene i propri rimborsi da Amazon tramite Lost & Found.","og_url":"https:\/\/www.sellerlogic.com\/it\/risorse\/success-story-samtige-haut\/","og_site_name":"SELLERLOGIC - Smarte Tools f\u00fcr Amazon-Seller","article_publisher":"https:\/\/www.facebook.com\/SellerLogic\/","og_image":[{"url":"https:\/\/www.sellerlogic.com\/wp-content\/uploads\/2020\/12\/samtige-haut-logo.png","type":"","width":"","height":""}],"twitter_card":"summary_large_image","twitter_site":"@sellerlogic","twitter_misc":{"Est. reading time":"3 minutes"},"schema":{"@context":"https:\/\/schema.org","@graph":[{"@type":"WebPage","@id":"https:\/\/www.sellerlogic.com\/it\/risorse\/success-story-samtige-haut\/","url":"https:\/\/www.sellerlogic.com\/it\/risorse\/success-story-samtige-haut\/","name":"\"Samtige Haut\" ottiene un rimborso da Amazon tramite SELLERLOGIC Lost & Found","isPartOf":{"@id":"https:\/\/www.sellerlogic.com\/it\/#website"},"primaryImageOfPage":{"@id":"https:\/\/www.sellerlogic.com\/it\/risorse\/success-story-samtige-haut\/#primaryimage"},"image":{"@id":"https:\/\/www.sellerlogic.com\/it\/risorse\/success-story-samtige-haut\/#primaryimage"},"thumbnailUrl":"https:\/\/www.sellerlogic.com\/wp-content\/uploads\/2020\/12\/samtige-haut-logo.png","datePublished":"2025-06-02T20:29:11+00:00","description":"Rimborsi con un Click: Il cliente SELLERLOGIC \"Samtige Haut\" ottiene i propri rimborsi da Amazon tramite Lost & Found.","breadcrumb":{"@id":"https:\/\/www.sellerlogic.com\/it\/risorse\/success-story-samtige-haut\/#breadcrumb"},"inLanguage":"it-IT","potentialAction":[{"@type":"ReadAction","target":["https:\/\/www.sellerlogic.com\/it\/risorse\/success-story-samtige-haut\/"]}]},{"@type":"ImageObject","inLanguage":"it-IT","@id":"https:\/\/www.sellerlogic.com\/it\/risorse\/success-story-samtige-haut\/#primaryimage","url":"https:\/\/www.sellerlogic.com\/wp-content\/uploads\/2020\/12\/samtige-haut-logo.png","contentUrl":"https:\/\/www.sellerlogic.com\/wp-content\/uploads\/2020\/12\/samtige-haut-logo.png"},{"@type":"BreadcrumbList","@id":"https:\/\/www.sellerlogic.com\/it\/risorse\/success-story-samtige-haut\/#breadcrumb","itemListElement":[{"@type":"ListItem","position":1,"name":"Home","item":"https:\/\/www.sellerlogic.com\/it\/"},{"@type":"ListItem","position":2,"name":"Ressourcen EN","item":"https:\/\/www.sellerlogic.com\/it\/risorse\/"},{"@type":"ListItem","position":3,"name":"Success Story: Samtige Haut EN"}]},{"@type":"WebSite","@id":"https:\/\/www.sellerlogic.com\/it\/#website","url":"https:\/\/www.sellerlogic.com\/it\/","name":"SELLERLOGIC - Smarte Tools f\u00fcr Amazon-Seller","description":"Intelligente Prozessoptimierung und Gewinnmaximierung","publisher":{"@id":"https:\/\/www.sellerlogic.com\/it\/#organization"},"potentialAction":[{"@type":"SearchAction","target":{"@type":"EntryPoint","urlTemplate":"https:\/\/www.sellerlogic.com\/it\/?s={search_term_string}"},"query-input":{"@type":"PropertyValueSpecification","valueRequired":true,"valueName":"search_term_string"}}],"inLanguage":"it-IT"},{"@type":"Organization","@id":"https:\/\/www.sellerlogic.com\/it\/#organization","name":"SELLERLOGIC","url":"https:\/\/www.sellerlogic.com\/it\/","logo":{"@type":"ImageObject","inLanguage":"it-IT","@id":"https:\/\/www.sellerlogic.com\/it\/#\/schema\/logo\/image\/","url":"https:\/\/d2bw95mh2ee04s.cloudfront.net\/prod\/content\/wp-content\/uploads\/2025\/01\/02134814\/Property-Logo-Main.svg","contentUrl":"https:\/\/d2bw95mh2ee04s.cloudfront.net\/prod\/content\/wp-content\/uploads\/2025\/01\/02134814\/Property-Logo-Main.svg","width":184,"height":40,"caption":"SELLERLOGIC"},"image":{"@id":"https:\/\/www.sellerlogic.com\/it\/#\/schema\/logo\/image\/"},"sameAs":["https:\/\/www.facebook.com\/SellerLogic\/","https:\/\/x.com\/sellerlogic","https:\/\/www.instagram.com\/sellerlogic\/","https:\/\/www.linkedin.com\/company\/18402037\/","https:\/\/www.youtube.com\/channel\/UC-gULUur-fNj08sprantKsQ"]}]}},"_links":{"self":[{"href":"https:\/\/www.sellerlogic.com\/it\/wp-json\/wp\/v2\/pages\/90197","targetHints":{"allow":["GET"]}}],"collection":[{"href":"https:\/\/www.sellerlogic.com\/it\/wp-json\/wp\/v2\/pages"}],"about":[{"href":"https:\/\/www.sellerlogic.com\/it\/wp-json\/wp\/v2\/types\/page"}],"author":[{"embeddable":true,"href":"https:\/\/www.sellerlogic.com\/it\/wp-json\/wp\/v2\/users\/8"}],"replies":[{"embeddable":true,"href":"https:\/\/www.sellerlogic.com\/it\/wp-json\/wp\/v2\/comments?post=90197"}],"version-history":[{"count":0,"href":"https:\/\/www.sellerlogic.com\/it\/wp-json\/wp\/v2\/pages\/90197\/revisions"}],"up":[{"embeddable":true,"href":"https:\/\/www.sellerlogic.com\/it\/wp-json\/wp\/v2\/pages\/90173"}],"wp:attachment":[{"href":"https:\/\/www.sellerlogic.com\/it\/wp-json\/wp\/v2\/media?parent=90197"}],"curies":[{"name":"wp","href":"https:\/\/api.w.org\/{rel}","templated":true}]}}