
{"id":90203,"date":"2020-12-18T10:57:32","date_gmt":"2020-12-18T10:57:32","guid":{"rendered":"https:\/\/www.sellerlogic.com\/success-story-sport-hesse\/"},"modified":"2025-09-05T08:43:25","modified_gmt":"2025-09-05T08:43:25","slug":"success-story-sport-hesse","status":"publish","type":"page","link":"https:\/\/www.sellerlogic.com\/it\/risorse\/success-story-sport-hesse\/","title":{"rendered":"Success Story: Sport Hesse IT"},"content":{"rendered":"\n\t<div  class=\"theme-wp-block theme-block-main-header is-style-full-height desktop-align-full xl-align-full lg-align-full md-align-full sm-align-full desktop-content-align-y-center desktop-content-align-x-center xl-content-align-y-center xl-content-align-x-center lg-content-align-y-center lg-content-align-x-center md-content-align-y-center md-content-align-x-center sm-content-align-y-center sm-content-align-x-center gb-responsive-131969-identifier theme-block-cover\">\n\t\t<div class=\"bg-cover theme-lazy-load-bg\"><\/div>\n\t\t<div class=\"wrap-content-main-header\">\n\t\t\t\t\t<div  class=\"theme-wp-block theme-block-text-and-text desktop-blockDirection-row xl-blockDirection-row lg-blockDirection-row md-blockDirection-row sm-blockDirection-row gb-responsive-2306-identifier desktop-align-full xl-align-full lg-align-full md-align-full sm-align-full desktop-vertical-top xl-vertical-top lg-vertical-top md-vertical-top sm-vertical-top alignfull\">\n\t\t<div class=\"tat-column-wrap-wrapper\">\n\t\t\t<div class=\"tat-column-wrapper\">\n\t\t\t\t\t<div  class=\"theme-wp-block theme-block-text-and-text-column gb-responsive-708373-identifier\">\n\t\t<div class=\"inner-wrap-column-content\">\n\t\t\t<div class=\"inner-column-content\">\n\t\t\t\t\t\t<h1  class=\"theme-wp-block theme-block-heading is-style-default desktop-text-center xl-text-center lg-text-center md-text-center sm-text-center desktop-align-wide xl-align-wide lg-align-wide md-align-wide sm-align-wide gb-responsive-599464-identifier alignwide h1 has-text-align\">\n\t\tVincere attraverso l&#8217;expertise personalizzata\t<\/h1>\n\n\t\t<h2  class=\"theme-wp-block theme-block-heading is-style-default desktop-text-center xl-text-center lg-text-center md-text-center sm-text-center desktop-align-wide xl-align-wide lg-align-wide md-align-wide sm-align-wide gb-responsive-17576-identifier alignwide h2 has-text-align\">\n\t\tSport-Hesse &amp; SELLERLOGIC\t<\/h2>\n\n\t\t\t<\/div>\n\t\t<\/div>\n\t<\/div>\n\t<div  class=\"theme-wp-block theme-block-text-and-text-column gb-responsive-976923-identifier\">\n\t\t<div class=\"inner-wrap-column-content\">\n\t\t\t<div class=\"inner-column-content\">\n\t\t\t\t\t\t\t<\/div>\n\t\t<\/div>\n\t<\/div>\n\t\t\t<\/div>\n\t\t<\/div>\n\t<\/div>\n\n\t\t<\/div>\n\t<\/div>\n\n<div style=\"height:50px\" aria-hidden=\"true\" class=\"theme-wp-block wp-block-spacer\"><\/div><div class=\"theme-wp-block wp-block-columns gb-responsive-759712-identifier is-layout-flex wp-container-core-columns-is-layout-9d6595d7 wp-block-columns-is-layout-flex\"><div class=\"theme-wp-block wp-block-column gb-responsive-24590-identifier is-layout-flow wp-block-column-is-layout-flow\" style=\"flex-basis:25%\"><figure class=\"theme-wp-block wp-block-image size-large is-resized gb-responsive-62921-identifier\"><img decoding=\"async\" width=\"500\" height=\"357\" src=\"https:\/\/d2bw95mh2ee04s.cloudfront.net\/prod\/content\/wp-content\/uploads\/2020\/12\/23142723\/logo-sport-hesse.png\" alt=\"Success Story: Sport Hesse IT\" class=\"wp-image-4836\" style=\"width:176px;height:125px\" srcset=\"https:\/\/d2bw95mh2ee04s.cloudfront.net\/prod\/content\/wp-content\/uploads\/2020\/12\/23142723\/logo-sport-hesse-407x291.png 407w, https:\/\/d2bw95mh2ee04s.cloudfront.net\/prod\/content\/wp-content\/uploads\/2020\/12\/23142723\/logo-sport-hesse.png 500w\" sizes=\"(max-width: 500px) 100vw, 500px\" \/><\/figure><p class=\"theme-wp-block gb-responsive-160011-identifier\"><strong>Fondazione:<\/strong><br>1984<\/p><p class=\"theme-wp-block gb-responsive-297884-identifier\"><strong>Settore:<\/strong><br>Attrezzature sportive, Sport di squadra, Marchi sportivi<\/p><p class=\"theme-wp-block gb-responsive-938889-identifier\"><strong>Articoli su Amazon:\u00a0<\/strong><br>circa 6.000 SKU<\/p><p class=\"theme-wp-block gb-responsive-337749-identifier\"><strong>Spedizioni:<\/strong><br>circa 30.000 al mese<\/p><\/div><div class=\"theme-wp-block wp-block-column gb-responsive-542944-identifier is-layout-flow wp-block-column-is-layout-flow\" style=\"flex-basis:50%\"><h3 class=\"theme-wp-block wp-block-heading gb-responsive-34353-identifier\" id=\"block-c06fce04-ef87-4ffc-a3d6-b768ba377d17\">Contesto:<\/h3><p class=\"theme-wp-block gb-responsive-772271-identifier desktop-gb-has-no-icon xl-gb-has-no-icon lg-gb-has-no-icon md-gb-has-no-icon sm-gb-has-no-icon\">Christoph J. Hesse ha iniziato a vendere il suo equipaggiamento sportivo direttamente sul campo dopo le partite mentre studiava economia aziendale. \u00c8 cos\u00ec che \u00e8 nata l&#8217;idea di creare la sua azienda. Nel 1984, Christoph ha aperto il suo primo negozio di articoli sportivi con uno spazio di vendita di 45 mq. Solo pochi anni dopo, hanno dovuto espandersi a 100 mq inizialmente, e poi a 500 mq. Oggi, Sport-Hesse vende su una superficie di circa 1000 mq ed \u00e8 un fornitore di grande successo di attrezzature per sport di squadra, utilizzate da clienti in tutto il mondo.<\/p><h3 class=\"theme-wp-block wp-block-heading gb-responsive-530046-identifier desktop-gb-has-no-icon xl-gb-has-no-icon lg-gb-has-no-icon md-gb-has-no-icon sm-gb-has-no-icon\">Inizio:<\/h3><p class=\"theme-wp-block gb-responsive-657993-identifier\">Dal 2014, l&#8217;azienda vende anche i suoi prodotti su Amazon. Ci\u00f2 che \u00e8 iniziato con la spedizione di alcuni palloni da calcio si \u00e8 evoluto in una vendita PAN EU in tutta Europa. Con circa 6.000 articoli, Christoph Hesse era consapevole che gli errori erano destinati a verificarsi nei magazzini di Amazon.<\/p><p class=\"theme-wp-block gb-responsive-780031-identifier\">\u201cAbbiamo un&#8217;ampia gamma di prodotti su Amazon e confrontare cos\u00ec tanti mercati internazionali \u00e8 complesso e richiede tempo,\u201d spiega Christoph. \u201cStavamo analizzando manualmente i rapporti di consegna perch\u00e9 eravamo consapevoli del problema principale, ma a causa della grande quantit\u00e0 di tempo richiesta, eravamo in grado di fare il monitoraggio solo su piccola scala\u201c.<\/p><h3 class=\"theme-wp-block wp-block-heading gb-responsive-749842-identifier\">Soluzione:<\/h3><p class=\"theme-wp-block gb-responsive-642257-identifier desktop-gb-has-no-icon xl-gb-has-no-icon lg-gb-has-no-icon md-gb-has-no-icon sm-gb-has-no-icon\">Poi Christoph ha partecipato a una conferenza per venditori Amazon. Poich\u00e9 aveva gi\u00e0 ricevuto un invito da SELLERLOGIC riguardo alla soluzione Lost &#038; Found, ci ha cercato e ha ascoltato una delle nostre presentazioni in conferenza. \u201cIl workshop mi aveva gi\u00e0 convinto di Lost &#038; Found. Ma la discussione costruttiva con il relatore dopo \u00e8 stata la ciliegina sulla torta e ha totalmente confermato la mia prima impressione\u201c, ricorda Christoph. \u201cNon appena sono tornato a casa, mi sono registrato direttamente\u201c.<\/p><div class=\"theme-block-group-wrap\"><div class=\"theme-wp-block wp-block-group gb-responsive-88118-identifier\">\t\t<div  class=\"theme-wp-block theme-block-user-card gb-responsive-799176-identifier is-style-full-width-line\">\n\t\t<div class=\"wrap-inner-content\">\n\t\t\t<div class=\"card-user-head\">\n\t\t\t\t<div class=\"card-user-avatar\">\n\t\t\t\t\t<div class=\"cover-avatar\" style=\"background-image: url(https:\/\/d2bw95mh2ee04s.cloudfront.net\/prod\/content\/wp-content\/uploads\/2020\/12\/23142724\/sport-hesse-raute.png);\"><\/div>\n\t\t\t\t<\/div>\n\t\t\t\t<div class=\"wrap-title\">\n\t\t\t\t\t<div class=\"card-user-name\">\n\t\t\t\t\t\t<div class=\"title\">\n\t\t\t\t\t\t\t<h3 class=\"heading-text\"><strong>Christoph Hesse<\/strong><\/h3>\n\t\t\t\t\t\t<\/div>\n\t\t\t\t\t\t<div class=\"card-user-position\">\n\t\t\t\t\t\t\t<div class=\"card-text\"><strong>CEO di Sport-Hesse<\/strong><\/div>\n\t\t\t\t\t\t<\/div>\n\t\t\t\t\t<\/div>\n\t\t\t\t\t<div class=\"card-user-quote-icon\">\n\t\t\t\t\t<\/div>\n\t\t\t\t<\/div>\n\t\t\t<\/div>\n\t\t\t<div class=\"card-user-text\">\n\t\t\t\t<div class=\"card-text\"><p>&#8220;SELLERLOGIC Lost &amp; Found \u00e8 semplicemente un ottimo strumento, tutto si adatta perfettamente, l&#8217;operazione, i rimborsi, l&#8217;onboarding e il servizio! Non vogliamo assolutamente tornare a calcolare manualmente le possibili richieste di rimborso.&#8221;<\/p><\/div>\n\t\t\t<\/div>\n\t\t<\/div>\n\t<\/div>\n\n<\/div><\/div><h3 class=\"theme-wp-block wp-block-heading gb-responsive-260858-identifier\">Risultati di successo con SELLERLOGIC:<\/h3><p class=\"theme-wp-block gb-responsive-536715-identifier desktop-gb-has-no-icon xl-gb-has-no-icon lg-gb-has-no-icon md-gb-has-no-icon sm-gb-has-no-icon\">Anche l&#8217;implementazione della soluzione ha superato le sue aspettative. Sebbene l&#8217;esperienza personale di Christoph con il CSO di SELLERLOGIC durante la conferenza fosse gi\u00e0 tutto ci\u00f2 di cui aveva bisogno per prendere la decisione, \u201cil rimborso iniziale mi ha comunque sorpreso: Sport-Hesse ha ricevuto 15.000 Euro indietro da Amazon!\u201c.<\/p><p class=\"theme-wp-block gb-responsive-557617-identifier desktop-gb-has-no-icon xl-gb-has-no-icon lg-gb-has-no-icon md-gb-has-no-icon sm-gb-has-no-icon\">La promessa di SELLERLOGIC di risparmiare tempo e di una gestione semplice si \u00e8 rivelata vera. \u201cOffrono anche un servizio impeccabile &#8211; anche di sabato ho ricevuto una risposta dal team di supporto clienti!\u201c spiega Christoph. \u201cIn generale, interagire con il team di supporto clienti \u00e8 stato molto piacevole. Hanno sempre la risposta giusta ai miei problemi\u201c.<\/p><p class=\"theme-wp-block gb-responsive-570460-identifier desktop-gb-has-no-icon xl-gb-has-no-icon lg-gb-has-no-icon md-gb-has-no-icon sm-gb-has-no-icon\">\u201cLo strumento stesso funziona molto bene, poich\u00e9 la componente operativa \u00e8 chiara e pu\u00f2 essere facilmente integrata nella propria routine quotidiana. Inoltre, c&#8217;\u00e8 un database di conoscenze \u2013 che oltre al team di supporto clienti \u2013 ci ha aiutato molto quando avevamo dubbi o domande.\u201c<\/p><p class=\"theme-wp-block gb-responsive-270774-identifier desktop-gb-has-no-icon xl-gb-has-no-icon lg-gb-has-no-icon md-gb-has-no-icon sm-gb-has-no-icon\">\u201cLe prestazioni dello strumento sono semplicemente convincenti e giustificano totalmente il prezzo!\u201c afferma Christoph. \u201cIn ogni caso, il controllo manuale non \u00e8 pi\u00f9 un problema per Sport-Hesse\u201c.<\/p><div class=\"theme-wp-block wp-block-buttons gb-responsive-497426-identifier is-layout-flex wp-block-buttons-is-layout-flex\"><div class=\"theme-wp-block wp-block-button gb-responsive-38220-identifier is-style-theme-transparent-with-arrow\"><a class=\"wp-block-button__link wp-element-button\" href=\"https:\/\/d2bw95mh2ee04s.cloudfront.net\/prod\/content\/files\/SUCCESS-STORIES\/IT\/SELLERLOGIC_SN_Success-Story_Sport-Hesse_IT.pdf\" target=\"_blank\" rel=\"noreferrer noopener nofollow\">Scarica ora!<\/a><\/div><\/div><\/div><div class=\"theme-wp-block wp-block-column gb-responsive-271329-identifier is-layout-flow wp-block-column-is-layout-flow\" style=\"flex-basis:25%\"><\/div><\/div>","protected":false},"excerpt":{"rendered":"<p>Fondazione:1984 Settore:Attrezzature sportive, Sport di squadra, Marchi sportivi Articoli su Amazon:\u00a0circa 6.000 SKU Spedizioni:circa 30.000 al mese Contesto: Christoph J. Hesse ha iniziato a vendere il suo equipaggiamento sportivo direttamente sul campo dopo le partite mentre studiava economia aziendale. \u00c8 cos\u00ec che \u00e8 nata l&#8217;idea di creare la sua azienda. Nel 1984, Christoph ha aperto<\/p>\n","protected":false},"author":3,"featured_media":4855,"parent":90173,"menu_order":0,"comment_status":"closed","ping_status":"closed","template":"","meta":{"sidebar_recommended_resources":{"data":[]},"sidebar_header_settings":{"hide_buttons":{"register":false}},"_use_new_theme":false,"inline_featured_image":false,"footnotes":""},"class_list":["post-90203","page","type-page","status-publish","has-post-thumbnail","hentry"],"yoast_head":"<!-- This site is optimized with the Yoast SEO plugin v26.8 - https:\/\/yoast.com\/product\/yoast-seo-wordpress\/ -->\n<title>Perch\u00e9 Lost &amp; Found ha convinto Sport-Hesse | SELLERLOGIC<\/title>\n<meta name=\"description\" content=\"\u201cHanno sempre la risposta giusta ai miei problemi\u201c - Come Sport-Hesse ha ottenuto un rimborso a 5 cifre da Amazon grazie a Lost &amp; Found.\" \/>\n<meta name=\"robots\" content=\"index, follow, max-snippet:-1, max-image-preview:large, max-video-preview:-1\" \/>\n<link rel=\"canonical\" href=\"https:\/\/www.sellerlogic.com\/it\/risorse\/success-story-sport-hesse\/\" \/>\n<meta property=\"og:locale\" content=\"it_IT\" \/>\n<meta property=\"og:type\" content=\"article\" \/>\n<meta property=\"og:title\" content=\"Perch\u00e9 Lost &amp; Found ha convinto Sport-Hesse | SELLERLOGIC\" \/>\n<meta property=\"og:description\" content=\"\u201cHanno sempre la risposta giusta ai miei problemi\u201c - Come Sport-Hesse ha ottenuto un rimborso a 5 cifre da Amazon grazie a Lost &amp; Found.\" \/>\n<meta property=\"og:url\" content=\"https:\/\/www.sellerlogic.com\/it\/risorse\/success-story-sport-hesse\/\" \/>\n<meta property=\"og:site_name\" content=\"SELLERLOGIC - Smarte Tools f\u00fcr Amazon-Seller\" \/>\n<meta property=\"article:publisher\" content=\"https:\/\/www.facebook.com\/SellerLogic\/\" \/>\n<meta property=\"article:modified_time\" content=\"2025-09-05T08:43:25+00:00\" \/>\n<meta property=\"og:image\" content=\"https:\/\/d2bw95mh2ee04s.cloudfront.net\/prod\/content\/wp-content\/uploads\/2020\/12\/23142722\/sport-hesse-header-neu.jpeg\" \/>\n\t<meta property=\"og:image:width\" content=\"2500\" \/>\n\t<meta property=\"og:image:height\" content=\"1667\" \/>\n\t<meta property=\"og:image:type\" content=\"image\/jpeg\" \/>\n<meta name=\"twitter:card\" content=\"summary_large_image\" \/>\n<meta name=\"twitter:site\" content=\"@sellerlogic\" \/>\n<meta name=\"twitter:label1\" content=\"Est. reading time\" \/>\n\t<meta name=\"twitter:data1\" content=\"3 minutes\" \/>\n<script type=\"application\/ld+json\" class=\"yoast-schema-graph\">{\"@context\":\"https:\/\/schema.org\",\"@graph\":[{\"@type\":\"WebPage\",\"@id\":\"https:\/\/www.sellerlogic.com\/it\/risorse\/success-story-sport-hesse\/\",\"url\":\"https:\/\/www.sellerlogic.com\/it\/risorse\/success-story-sport-hesse\/\",\"name\":\"Perch\u00e9 Lost & Found ha convinto Sport-Hesse | SELLERLOGIC\",\"isPartOf\":{\"@id\":\"https:\/\/www.sellerlogic.com\/it\/#website\"},\"primaryImageOfPage\":{\"@id\":\"https:\/\/www.sellerlogic.com\/it\/risorse\/success-story-sport-hesse\/#primaryimage\"},\"image\":{\"@id\":\"https:\/\/www.sellerlogic.com\/it\/risorse\/success-story-sport-hesse\/#primaryimage\"},\"thumbnailUrl\":\"https:\/\/d2bw95mh2ee04s.cloudfront.net\/prod\/content\/wp-content\/uploads\/2020\/12\/23142722\/sport-hesse-header-neu.jpeg\",\"datePublished\":\"2020-12-18T10:57:32+00:00\",\"dateModified\":\"2025-09-05T08:43:25+00:00\",\"description\":\"\u201cHanno sempre la risposta giusta ai miei problemi\u201c - Come Sport-Hesse ha ottenuto un rimborso a 5 cifre da Amazon grazie a Lost & Found.\",\"breadcrumb\":{\"@id\":\"https:\/\/www.sellerlogic.com\/it\/risorse\/success-story-sport-hesse\/#breadcrumb\"},\"inLanguage\":\"it-IT\",\"potentialAction\":[{\"@type\":\"ReadAction\",\"target\":[\"https:\/\/www.sellerlogic.com\/it\/risorse\/success-story-sport-hesse\/\"]}]},{\"@type\":\"ImageObject\",\"inLanguage\":\"it-IT\",\"@id\":\"https:\/\/www.sellerlogic.com\/it\/risorse\/success-story-sport-hesse\/#primaryimage\",\"url\":\"https:\/\/d2bw95mh2ee04s.cloudfront.net\/prod\/content\/wp-content\/uploads\/2020\/12\/23142722\/sport-hesse-header-neu.jpeg\",\"contentUrl\":\"https:\/\/d2bw95mh2ee04s.cloudfront.net\/prod\/content\/wp-content\/uploads\/2020\/12\/23142722\/sport-hesse-header-neu.jpeg\",\"width\":2500,\"height\":1667,\"caption\":\"Sport-Hesse: Header\"},{\"@type\":\"BreadcrumbList\",\"@id\":\"https:\/\/www.sellerlogic.com\/it\/risorse\/success-story-sport-hesse\/#breadcrumb\",\"itemListElement\":[{\"@type\":\"ListItem\",\"position\":1,\"name\":\"Home\",\"item\":\"https:\/\/www.sellerlogic.com\/it\/\"},{\"@type\":\"ListItem\",\"position\":2,\"name\":\"Ressourcen EN\",\"item\":\"https:\/\/www.sellerlogic.com\/it\/risorse\/\"},{\"@type\":\"ListItem\",\"position\":3,\"name\":\"Success Story: Sport Hesse IT\"}]},{\"@type\":\"WebSite\",\"@id\":\"https:\/\/www.sellerlogic.com\/it\/#website\",\"url\":\"https:\/\/www.sellerlogic.com\/it\/\",\"name\":\"SELLERLOGIC - Smarte Tools f\u00fcr Amazon-Seller\",\"description\":\"Intelligente Prozessoptimierung und Gewinnmaximierung\",\"publisher\":{\"@id\":\"https:\/\/www.sellerlogic.com\/it\/#organization\"},\"potentialAction\":[{\"@type\":\"SearchAction\",\"target\":{\"@type\":\"EntryPoint\",\"urlTemplate\":\"https:\/\/www.sellerlogic.com\/it\/?s={search_term_string}\"},\"query-input\":{\"@type\":\"PropertyValueSpecification\",\"valueRequired\":true,\"valueName\":\"search_term_string\"}}],\"inLanguage\":\"it-IT\"},{\"@type\":\"Organization\",\"@id\":\"https:\/\/www.sellerlogic.com\/it\/#organization\",\"name\":\"SELLERLOGIC\",\"url\":\"https:\/\/www.sellerlogic.com\/it\/\",\"logo\":{\"@type\":\"ImageObject\",\"inLanguage\":\"it-IT\",\"@id\":\"https:\/\/www.sellerlogic.com\/it\/#\/schema\/logo\/image\/\",\"url\":\"https:\/\/d2bw95mh2ee04s.cloudfront.net\/prod\/content\/wp-content\/uploads\/2025\/01\/02134814\/Property-Logo-Main.svg\",\"contentUrl\":\"https:\/\/d2bw95mh2ee04s.cloudfront.net\/prod\/content\/wp-content\/uploads\/2025\/01\/02134814\/Property-Logo-Main.svg\",\"width\":184,\"height\":40,\"caption\":\"SELLERLOGIC\"},\"image\":{\"@id\":\"https:\/\/www.sellerlogic.com\/it\/#\/schema\/logo\/image\/\"},\"sameAs\":[\"https:\/\/www.facebook.com\/SellerLogic\/\",\"https:\/\/x.com\/sellerlogic\",\"https:\/\/www.instagram.com\/sellerlogic\/\",\"https:\/\/www.linkedin.com\/company\/18402037\/\",\"https:\/\/www.youtube.com\/channel\/UC-gULUur-fNj08sprantKsQ\"]}]}<\/script>\n<!-- \/ Yoast SEO plugin. -->","yoast_head_json":{"title":"Perch\u00e9 Lost & Found ha convinto Sport-Hesse | SELLERLOGIC","description":"\u201cHanno sempre la risposta giusta ai miei problemi\u201c - Come Sport-Hesse ha ottenuto un rimborso a 5 cifre da Amazon grazie a Lost & Found.","robots":{"index":"index","follow":"follow","max-snippet":"max-snippet:-1","max-image-preview":"max-image-preview:large","max-video-preview":"max-video-preview:-1"},"canonical":"https:\/\/www.sellerlogic.com\/it\/risorse\/success-story-sport-hesse\/","og_locale":"it_IT","og_type":"article","og_title":"Perch\u00e9 Lost & Found ha convinto Sport-Hesse | SELLERLOGIC","og_description":"\u201cHanno sempre la risposta giusta ai miei problemi\u201c - Come Sport-Hesse ha ottenuto un rimborso a 5 cifre da Amazon grazie a Lost & Found.","og_url":"https:\/\/www.sellerlogic.com\/it\/risorse\/success-story-sport-hesse\/","og_site_name":"SELLERLOGIC - Smarte Tools f\u00fcr Amazon-Seller","article_publisher":"https:\/\/www.facebook.com\/SellerLogic\/","article_modified_time":"2025-09-05T08:43:25+00:00","og_image":[{"width":2500,"height":1667,"url":"https:\/\/d2bw95mh2ee04s.cloudfront.net\/prod\/content\/wp-content\/uploads\/2020\/12\/23142722\/sport-hesse-header-neu.jpeg","type":"image\/jpeg"}],"twitter_card":"summary_large_image","twitter_site":"@sellerlogic","twitter_misc":{"Est. reading time":"3 minutes"},"schema":{"@context":"https:\/\/schema.org","@graph":[{"@type":"WebPage","@id":"https:\/\/www.sellerlogic.com\/it\/risorse\/success-story-sport-hesse\/","url":"https:\/\/www.sellerlogic.com\/it\/risorse\/success-story-sport-hesse\/","name":"Perch\u00e9 Lost & Found ha convinto Sport-Hesse | SELLERLOGIC","isPartOf":{"@id":"https:\/\/www.sellerlogic.com\/it\/#website"},"primaryImageOfPage":{"@id":"https:\/\/www.sellerlogic.com\/it\/risorse\/success-story-sport-hesse\/#primaryimage"},"image":{"@id":"https:\/\/www.sellerlogic.com\/it\/risorse\/success-story-sport-hesse\/#primaryimage"},"thumbnailUrl":"https:\/\/d2bw95mh2ee04s.cloudfront.net\/prod\/content\/wp-content\/uploads\/2020\/12\/23142722\/sport-hesse-header-neu.jpeg","datePublished":"2020-12-18T10:57:32+00:00","dateModified":"2025-09-05T08:43:25+00:00","description":"\u201cHanno sempre la risposta giusta ai miei problemi\u201c - Come Sport-Hesse ha ottenuto un rimborso a 5 cifre da Amazon grazie a Lost & Found.","breadcrumb":{"@id":"https:\/\/www.sellerlogic.com\/it\/risorse\/success-story-sport-hesse\/#breadcrumb"},"inLanguage":"it-IT","potentialAction":[{"@type":"ReadAction","target":["https:\/\/www.sellerlogic.com\/it\/risorse\/success-story-sport-hesse\/"]}]},{"@type":"ImageObject","inLanguage":"it-IT","@id":"https:\/\/www.sellerlogic.com\/it\/risorse\/success-story-sport-hesse\/#primaryimage","url":"https:\/\/d2bw95mh2ee04s.cloudfront.net\/prod\/content\/wp-content\/uploads\/2020\/12\/23142722\/sport-hesse-header-neu.jpeg","contentUrl":"https:\/\/d2bw95mh2ee04s.cloudfront.net\/prod\/content\/wp-content\/uploads\/2020\/12\/23142722\/sport-hesse-header-neu.jpeg","width":2500,"height":1667,"caption":"Sport-Hesse: Header"},{"@type":"BreadcrumbList","@id":"https:\/\/www.sellerlogic.com\/it\/risorse\/success-story-sport-hesse\/#breadcrumb","itemListElement":[{"@type":"ListItem","position":1,"name":"Home","item":"https:\/\/www.sellerlogic.com\/it\/"},{"@type":"ListItem","position":2,"name":"Ressourcen EN","item":"https:\/\/www.sellerlogic.com\/it\/risorse\/"},{"@type":"ListItem","position":3,"name":"Success Story: Sport Hesse IT"}]},{"@type":"WebSite","@id":"https:\/\/www.sellerlogic.com\/it\/#website","url":"https:\/\/www.sellerlogic.com\/it\/","name":"SELLERLOGIC - Smarte Tools f\u00fcr Amazon-Seller","description":"Intelligente Prozessoptimierung und Gewinnmaximierung","publisher":{"@id":"https:\/\/www.sellerlogic.com\/it\/#organization"},"potentialAction":[{"@type":"SearchAction","target":{"@type":"EntryPoint","urlTemplate":"https:\/\/www.sellerlogic.com\/it\/?s={search_term_string}"},"query-input":{"@type":"PropertyValueSpecification","valueRequired":true,"valueName":"search_term_string"}}],"inLanguage":"it-IT"},{"@type":"Organization","@id":"https:\/\/www.sellerlogic.com\/it\/#organization","name":"SELLERLOGIC","url":"https:\/\/www.sellerlogic.com\/it\/","logo":{"@type":"ImageObject","inLanguage":"it-IT","@id":"https:\/\/www.sellerlogic.com\/it\/#\/schema\/logo\/image\/","url":"https:\/\/d2bw95mh2ee04s.cloudfront.net\/prod\/content\/wp-content\/uploads\/2025\/01\/02134814\/Property-Logo-Main.svg","contentUrl":"https:\/\/d2bw95mh2ee04s.cloudfront.net\/prod\/content\/wp-content\/uploads\/2025\/01\/02134814\/Property-Logo-Main.svg","width":184,"height":40,"caption":"SELLERLOGIC"},"image":{"@id":"https:\/\/www.sellerlogic.com\/it\/#\/schema\/logo\/image\/"},"sameAs":["https:\/\/www.facebook.com\/SellerLogic\/","https:\/\/x.com\/sellerlogic","https:\/\/www.instagram.com\/sellerlogic\/","https:\/\/www.linkedin.com\/company\/18402037\/","https:\/\/www.youtube.com\/channel\/UC-gULUur-fNj08sprantKsQ"]}]}},"_links":{"self":[{"href":"https:\/\/www.sellerlogic.com\/it\/wp-json\/wp\/v2\/pages\/90203","targetHints":{"allow":["GET"]}}],"collection":[{"href":"https:\/\/www.sellerlogic.com\/it\/wp-json\/wp\/v2\/pages"}],"about":[{"href":"https:\/\/www.sellerlogic.com\/it\/wp-json\/wp\/v2\/types\/page"}],"author":[{"embeddable":true,"href":"https:\/\/www.sellerlogic.com\/it\/wp-json\/wp\/v2\/users\/3"}],"replies":[{"embeddable":true,"href":"https:\/\/www.sellerlogic.com\/it\/wp-json\/wp\/v2\/comments?post=90203"}],"version-history":[{"count":0,"href":"https:\/\/www.sellerlogic.com\/it\/wp-json\/wp\/v2\/pages\/90203\/revisions"}],"up":[{"embeddable":true,"href":"https:\/\/www.sellerlogic.com\/it\/wp-json\/wp\/v2\/pages\/90173"}],"wp:featuredmedia":[{"embeddable":true,"href":"https:\/\/www.sellerlogic.com\/it\/wp-json\/wp\/v2\/media\/4855"}],"wp:attachment":[{"href":"https:\/\/www.sellerlogic.com\/it\/wp-json\/wp\/v2\/media?parent=90203"}],"curies":[{"name":"wp","href":"https:\/\/api.w.org\/{rel}","templated":true}]}}