
{"id":224175,"date":"2020-12-18T10:43:41","date_gmt":"2020-12-18T10:43:41","guid":{"rendered":"https:\/\/127.0.0.1\/resources\/success-story-samtige-haut\/"},"modified":"2020-12-18T10:43:41","modified_gmt":"2020-12-18T10:43:41","slug":"success-story-samtige-haut","status":"publish","type":"page","link":"https:\/\/www.sellerlogic.com\/lt\/resources\/success-story-samtige-haut\/","title":{"rendered":"S\u0117km\u0117s istorija: Samtige Haut EN"},"content":{"rendered":"\n\t<div  class=\"theme-wp-block theme-block-main-header is-style-full-height desktop-align-full xl-align-full lg-align-full md-align-full sm-align-full desktop-content-align-y-center desktop-content-align-x-center xl-content-align-y-center xl-content-align-x-center lg-content-align-y-center lg-content-align-x-center md-content-align-y-center md-content-align-x-center sm-content-align-y-center sm-content-align-x-center gb-responsive-911782-identifier theme-block-cover\">\n\t\t<div class=\"bg-cover theme-lazy-load-bg\"><\/div>\n\t\t<div class=\"wrap-content-main-header\">\n\t\t\t\t\t<div  class=\"theme-wp-block theme-block-text-and-text desktop-blockDirection-row xl-blockDirection-row lg-blockDirection-row md-blockDirection-row sm-blockDirection-row gb-responsive-289238-identifier desktop-align-full xl-align-full lg-align-full md-align-full sm-align-full alignfull\">\n\t\t<div class=\"tat-column-wrap-wrapper\">\n\t\t\t<div class=\"tat-column-wrapper\">\n\t\t\t\t\t<div  class=\"theme-wp-block theme-block-text-and-text-column gb-responsive-421034-identifier desktop-horizontal-center xl-horizontal-center lg-horizontal-center md-horizontal-center sm-horizontal-center\">\n\t\t<div class=\"inner-wrap-column-content\">\n\t\t\t<div class=\"inner-column-content\">\n\t\t\t\t\t\t<h1  class=\"theme-wp-block theme-block-heading is-style-default sm-text-center md-text-center desktop-text-center xl-text-center lg-text-center gb-responsive-292481-identifier desktop-align-full xl-align-full lg-align-full md-align-full sm-align-full alignfull h1 has-text-align\">\n\t\tKompensacijos vienu paspaudimu\t<\/h1>\n\n\t\t<h2  class=\"theme-wp-block theme-block-heading is-style-default sm-text-center md-text-center desktop-text-center xl-text-center lg-text-center gb-responsive-831018-identifier desktop-align-full xl-align-full lg-align-full md-align-full sm-align-full alignfull h1 has-text-align\">\n\t\t\u201eSamtige Haut\u201c gauna kompensacijas i\u0161 \u201eAmazon\u201c per Pamestus ir Rastus\t<\/h2>\n\n\t\t\t<\/div>\n\t\t<\/div>\n\t<\/div>\n\t<div  class=\"theme-wp-block theme-block-text-and-text-column gb-responsive-929552-identifier\">\n\t\t<div class=\"inner-wrap-column-content\">\n\t\t\t<div class=\"inner-column-content\">\n\t\t\t\t\t\t\t<\/div>\n\t\t<\/div>\n\t<\/div>\n\t\t\t<\/div>\n\t\t<\/div>\n\t<\/div>\n\n\t\t<\/div>\n\t<\/div>\n\n<div style=\"height:50px\" aria-hidden=\"true\" class=\"theme-wp-block wp-block-spacer\"><\/div><div class=\"theme-wp-block wp-block-columns gb-responsive-655645-identifier is-layout-flex wp-container-core-columns-is-layout-9d6595d7 wp-block-columns-is-layout-flex\"><div class=\"theme-wp-block wp-block-column gb-responsive-959393-identifier is-layout-flow wp-block-column-is-layout-flow\" style=\"flex-basis:25%\"><figure class=\"theme-wp-block wp-block-image size-large is-resized gb-responsive-62921-identifier\"><img decoding=\"async\" src=\"https:\/\/d2bw95mh2ee04s.cloudfront.net\/prod\/content\/wp-content\/uploads\/2020\/12\/23142732\/samtige-haut-logo.png\" alt=\"S\u0117km\u0117s istorija: Samtige Haut EN\" class=\"wp-image-4561\" width=\"300\" height=\"84\" srcset=\"https:\/\/d2bw95mh2ee04s.cloudfront.net\/prod\/content\/wp-content\/uploads\/2020\/12\/23142732\/samtige-haut-logo-407x113.png 407w, https:\/\/d2bw95mh2ee04s.cloudfront.net\/prod\/content\/wp-content\/uploads\/2020\/12\/23142732\/samtige-haut-logo.png 600w\" sizes=\"(max-width: 300px) 100vw, 300px\" \/><\/figure><p class=\"theme-wp-block gb-responsive-312552-identifier\"><strong><strong>\u012ek\u016brimas<\/strong>:<\/strong><br>2016 m. lapkritis<\/p><p class=\"theme-wp-block gb-responsive-353708-identifier\"><strong><strong>Pramon\u0117<\/strong>:<\/strong><br>Kosmetika, maisto papildai, ekologi\u0161ki produktai<\/p><p class=\"theme-wp-block gb-responsive-164518-identifier\"><strong><strong>Prek\u0117s \u201eAmazon\u201c:<\/strong><\/strong><br>1,000<\/p><p class=\"theme-wp-block gb-responsive-888870-identifier\"><strong><strong>Siuntos<\/strong>:\u00a0<\/strong><br>apie 8,000 per m\u0117nes\u012f<\/p><\/div><div class=\"theme-wp-block wp-block-column gb-responsive-252265-identifier is-layout-flow wp-block-column-is-layout-flow\" style=\"flex-basis:50%\"><h3 class=\"theme-wp-block wp-block-heading gb-responsive-34353-identifier\" id=\"block-c06fce04-ef87-4ffc-a3d6-b768ba377d17\">Fonas:<\/h3><p class=\"theme-wp-block gb-responsive-620393-identifier\">2018 m. \u201eAmazon\u201c apyvarta sudar\u0117 232,9 milijardo JAV doleri\u0173. Apie 45 procentai Vokietijos \u201eAmazon\u201c pardav\u0117j\u0173 siun\u010dia savo prekes per \u201eFulfillment by Amazon\u201c (FBA). Sandra Schriewer \u2013 \u201eAmazon\u201c parduotuv\u0117s \u201eSamtige Haut\u201c (vokie\u010di\u0173 kalba \u201eSlygiausia oda\u201c) savinink\u0117 \u2013 yra viena i\u0161 j\u0173. Nepaisant vis\u0173 FBA programos privalum\u0173, internetiniams prekybininkams nebe\u012fmanoma sekti FBA sandori\u0173 duomen\u0173 srauto, kai pardavimai did\u0117ja. D\u0117l \u0161ios prie\u017easties analiz\u0117 visai neatliekama.<\/p><h3 class=\"theme-wp-block wp-block-heading gb-responsive-182281-identifier\">I\u0161\u0161\u016bkis:<\/h3><p class=\"theme-wp-block gb-responsive-880667-identifier\">Sandra Schriewer i\u0161 prad\u017ei\u0173 kilusi i\u0161 kosmetikos pramon\u0117s. Dirbdama elektronin\u0117s prekybos sektoriuje Berlyne, ji baig\u0117 studijas interneto marketingo ir elektronin\u0117s prekybos srityje.<\/p><p class=\"theme-wp-block gb-responsive-3897-identifier\">Ji nor\u0117jo pritaikyti \u012fgytas \u017einias praktikoje ir sujungti jas su savo aistra kosmetikai ir mitybai. Taip buvo sukurta \u201eAmazon\u201c parduotuv\u0117 \u201eSamtige Haut\u201c. Su ma\u017edaug 1,000 preki\u0173 ir apie 8,000 siunt\u0173 per m\u0117nes\u012f per FBA program\u0105, buvo beveik ne\u012fmanoma sekti mil\u017eini\u0161ko duomen\u0173 srauto \u201eAmazon\u201c. Ji greitai suprato, kad jai reikia paslaug\u0173 teik\u0117jo, kuris gal\u0117t\u0173 pad\u0117ti jai kontroliuoti FBA programos procesus. \u201eKaip internetinis prekybininkas, j\u016bs pasikliaujate \u201eFulfillment by Amazon\u201c, nes \u0161i programa labai palengvina logistikos procesus \u012fmon\u0117je. Ta\u010diau niekas n\u0117ra tobulas ir, \u017einoma, net tokios pirmaujan\u010dios \u012fmon\u0117s kaip \u201eAmazon\u201c gali padaryti klaid\u0173.<\/p><p class=\"theme-wp-block gb-responsive-135542-identifier\">Manual klaid\u0173 tikrinimas buvo ne\u012fmanomas. Problemos \u0161altini\u0173 analiz\u0117 yra labai sud\u0117tinga ir reikalauja mil\u017eini\u0161ko laiko kiekio. \u201eTai vir\u0161yt\u0173 bet kokius ekonominius r\u0117mus\u201c, \u2013 sak\u0117 Sandra. \u201eLost &#038; Found sprendim\u0105 i\u0161 SELLERLOGIC man rekomendavo mano vyras, kuris jau dirba su \u0161io paslaug\u0173 teik\u0117jo Repricer ir yra labai patenkintas produktu. Rinkoje yra daug sprendim\u0173, kuri\u0173 reikia \u201eAmazon\u201c verslui, kad b\u016bt\u0173 s\u0117kmingi atitinkamose rinkose. Manau, kad Lost &#038; Found yra unikalus ir nepakei\u010diamas FBA pardav\u0117jams\u201c.<\/p><h3 class=\"theme-wp-block wp-block-heading gb-responsive-115756-identifier\">Sprendimas:<\/h3><p class=\"theme-wp-block gb-responsive-907939-identifier\">\u201e\u012erankis n\u0117ra sunkus naudoti ir gali b\u016bti greitai ir lengvai integruotas. \u017dingsnis po \u017eingsnio instrukcijos \u2013 taip pat \u017eini\u0173 baz\u0117 \u2013 yra labai naudingos ir nereikalauja jokios pagalbos i\u0161 SELLERLOGIC. Lost &#038; Found prane\u0161a apie naujus atvejus kiekvien\u0105 dien\u0105 ir teikia i\u0161 anksto paruo\u0161tus teksto modulius, kurie gali b\u016bti tiesiog kopijuojami ir \u012fklijuojami \u012f Amazon Seller Central. Man tereikia kopijuoti ir \u012fklijuoti darb\u0105, kad gauti kompensacij\u0105 i\u0161 Amazon. Kadangi pateikti atvejai paprastai priimami be joki\u0173 papildom\u0173 klausim\u0173, visas procesas i\u0161laikomas labai paprastas!\u201c<\/p><div class=\"theme-block-group-wrap\"><div class=\"theme-wp-block wp-block-group gb-responsive-88118-identifier\">\t\t<div  class=\"theme-wp-block theme-block-user-card gb-responsive-799176-identifier is-style-full-width-line\">\n\t\t<div class=\"wrap-inner-content\">\n\t\t\t<div class=\"card-user-head\">\n\t\t\t\t<div class=\"card-user-avatar\">\n\t\t\t\t\t<div class=\"cover-avatar\" style=\"background-image: url(https:\/\/d2bw95mh2ee04s.cloudfront.net\/prod\/content\/wp-content\/uploads\/2020\/12\/23142733\/sandra-schriewer-raute.png);\"><\/div>\n\t\t\t\t<\/div>\n\t\t\t\t<div class=\"wrap-title\">\n\t\t\t\t\t<div class=\"card-user-name\">\n\t\t\t\t\t\t<div class=\"title\">\n\t\t\t\t\t\t\t<h3 class=\"heading-text\"><strong>Sandra Schriewer<\/strong><\/h3>\n\t\t\t\t\t\t<\/div>\n\t\t\t\t\t\t<div class=\"card-user-position\">\n\t\t\t\t\t\t\t<div class=\"card-text\"><strong>CEO \u201eSamtige Haut\u201c<\/strong><\/div>\n\t\t\t\t\t\t<\/div>\n\t\t\t\t\t<\/div>\n\t\t\t\t\t<div class=\"card-user-quote-icon\">\n\t\t\t\t\t<\/div>\n\t\t\t\t<\/div>\n\t\t\t<\/div>\n\t\t\t<div class=\"card-user-text\">\n\t\t\t\t<div class=\"card-text\"><p>\u201eYra daug sprendim\u0173 rinkoje, kuri\u0173 reikia Amazon verslui, kad b\u016bt\u0173 s\u0117kmingas savo atitinkamose rinkose. Manau, kad Lost &amp; Found yra unikalus ir nepakei\u010diamas FBA pardav\u0117jams\u201c.<\/p><\/div>\n\t\t\t<\/div>\n\t\t<\/div>\n\t<\/div>\n\n<\/div><\/div><h3 class=\"theme-wp-block wp-block-heading gb-responsive-595368-identifier\">S\u0117kmingi rezultatai su SELLERLOGIC:<\/h3><p class=\"theme-wp-block gb-responsive-414432-identifier\">\u201eKadangi Lost &#038; Found seka individualias transakcijas iki 18 m\u0117nesi\u0173, a\u0161 gavau kompensacij\u0105 apie 1,300 EUR i\u0161 karto po \u012frankio integracijos, kurios niekada neb\u016b\u010diau pasteb\u0117j\u0119s be SELLERLOGIC. Prie\u0161 Lost &#038; Found integracij\u0105 man nebuvo ai\u0161ku, kiek paket\u0173 tiesiog dingo tuo metu. Negalite rankiniu b\u016bdu patikrinti duomen\u0173 kiekio, o paprastai Amazon jums nesuteikia jokios informacijos apie tr\u016bkstamas prekes. Su Lost &#038; Found gaunate savo pinigus atgal ir sutaupote did\u017eiul\u012f kiek\u012f laiko \u2013 d\u0117ka automatizuoto tyrimo ir atvej\u0173 pateikimo naudojant Copy &#038; Paste funkcij\u0105.\u201c<\/p><p class=\"theme-wp-block gb-responsive-57813-identifier\">\u201eGaliu tik rekomenduoti visiems integruoti sprendim\u0105 \u012f savo sistem\u0105. Neturite ko prarasti! SELLERLOGIC Lost &#038; Found kainos man atrodo labai s\u0105\u017einingos, nes jos apskai\u010diuojamos proporcingai faktinei kompensacijai i\u0161 Amazon. Jei nieko nerandama, joki\u0173 mokes\u010di\u0173 nebus taikoma. Kiekviena diena, kuri praeina be Lost &#038; Found, kainuoja pinigus pardav\u0117jams. Be to, turite maksimaliai 18 m\u0117nesi\u0173 pateikti savo pretenzijas, kai kuriais atvejais netgi ma\u017eiau\u201c \u2013 Sandra baigia u\u017e mus.<a href=\"https:\/\/d2bw95mh2ee04s.cloudfront.net\/prod\/content\/files\/SUCCESS-STORIES\/EN\/NEU_SELLERLOGIC_SN_Success-Story_Samtige-Haut-EN.pdf\" target=\"_blank\" rel=\"noreferrer noopener nofollow\"><\/a><\/p><div class=\"theme-wp-block wp-block-buttons gb-responsive-497426-identifier is-layout-flex wp-block-buttons-is-layout-flex\"><div class=\"theme-wp-block wp-block-button gb-responsive-38220-identifier is-style-theme-transparent-with-arrow\"><a class=\"wp-block-button__link wp-element-button\" href=\"https:\/\/d2bw95mh2ee04s.cloudfront.net\/prod\/content\/files\/SUCCESS-STORIES\/EN\/SELLERLOGIC_SN_Success-Story_Samtige-Haut-EN.pdf\" target=\"_blank\" rel=\"noreferrer noopener nofollow\">Atsisi\u0173sti s\u0117km\u0117s istorij\u0105!  <\/a><\/div><\/div><\/div><div class=\"theme-wp-block wp-block-column gb-responsive-147753-identifier is-layout-flow wp-block-column-is-layout-flow\" style=\"flex-basis:25%\"><\/div><\/div><p class=\"theme-wp-block gb-responsive-527070-identifier\"><\/p>","protected":false},"excerpt":{"rendered":"<p>\u012ek\u016brimas:2016 m. lapkritis Pramon\u0117:Kosmetika, maisto papildai, ekologi\u0161ki produktai Prek\u0117s \u201eAmazon\u201c:1,000 Siuntos:\u00a0apie 8,000 per m\u0117nes\u012f Fonas: 2018 m. \u201eAmazon\u201c apyvarta sudar\u0117 232,9 milijardo JAV doleri\u0173. Apie 45 procentai Vokietijos \u201eAmazon\u201c pardav\u0117j\u0173 siun\u010dia savo prekes per \u201eFulfillment by Amazon\u201c (FBA). Sandra Schriewer \u2013 \u201eAmazon\u201c parduotuv\u0117s \u201eSamtige Haut\u201c (vokie\u010di\u0173 kalba \u201eSlygiausia oda\u201c) savinink\u0117 \u2013 yra viena i\u0161 j\u0173.<\/p>\n","protected":false},"author":8,"featured_media":0,"parent":224502,"menu_order":0,"comment_status":"closed","ping_status":"closed","template":"","meta":{"sidebar_recommended_resources":{"data":[]},"sidebar_header_settings":{"hide_buttons":{"register":false}},"_use_new_theme":false,"inline_featured_image":false,"footnotes":""},"class_list":["post-224175","page","type-page","status-publish","hentry"],"yoast_head":"<!-- This site is optimized with the Yoast SEO plugin v26.8 - https:\/\/yoast.com\/product\/yoast-seo-wordpress\/ -->\n<title>\u201eSamtige Haut\u201c gauna Amazon kompensacij\u0105 per SELLERLOGIC Lost &amp; Found<\/title>\n<meta name=\"description\" content=\"Kompensacijos vienu paspaudimu: SELLERLOGIC klientas \u201eSamtige Haut\u201c gauna savo kompensacijas i\u0161 Amazon per Lost &amp; Found.\" \/>\n<meta name=\"robots\" content=\"index, follow, max-snippet:-1, max-image-preview:large, max-video-preview:-1\" \/>\n<link rel=\"canonical\" href=\"https:\/\/www.sellerlogic.com\/lt\/resources\/success-story-samtige-haut\/\" \/>\n<meta property=\"og:locale\" content=\"lt_LT\" \/>\n<meta property=\"og:type\" content=\"article\" \/>\n<meta property=\"og:title\" content=\"\u201eSamtige Haut\u201c gauna Amazon kompensacij\u0105 per SELLERLOGIC Lost &amp; Found\" \/>\n<meta property=\"og:description\" content=\"Kompensacijos vienu paspaudimu: SELLERLOGIC klientas \u201eSamtige Haut\u201c gauna savo kompensacijas i\u0161 Amazon per Lost &amp; Found.\" \/>\n<meta property=\"og:url\" content=\"https:\/\/www.sellerlogic.com\/lt\/resources\/success-story-samtige-haut\/\" \/>\n<meta property=\"og:site_name\" content=\"SELLERLOGIC - Smarte Tools f\u00fcr Amazon-Seller\" \/>\n<meta property=\"article:publisher\" content=\"https:\/\/www.facebook.com\/SellerLogic\/\" \/>\n<meta property=\"og:image\" content=\"https:\/\/www.sellerlogic.com\/wp-content\/uploads\/2020\/12\/samtige-haut-logo.png\" \/>\n<meta name=\"twitter:card\" content=\"summary_large_image\" \/>\n<meta name=\"twitter:site\" content=\"@sellerlogic\" \/>\n<meta name=\"twitter:label1\" content=\"Est. reading time\" \/>\n\t<meta name=\"twitter:data1\" content=\"3 minutes\" \/>\n<script type=\"application\/ld+json\" class=\"yoast-schema-graph\">{\"@context\":\"https:\/\/schema.org\",\"@graph\":[{\"@type\":\"WebPage\",\"@id\":\"https:\/\/www.sellerlogic.com\/lt\/resources\/success-story-samtige-haut\/\",\"url\":\"https:\/\/www.sellerlogic.com\/lt\/resources\/success-story-samtige-haut\/\",\"name\":\"\u201eSamtige Haut\u201c gauna Amazon kompensacij\u0105 per SELLERLOGIC Lost & Found\",\"isPartOf\":{\"@id\":\"https:\/\/www.sellerlogic.com\/lt\/#website\"},\"primaryImageOfPage\":{\"@id\":\"https:\/\/www.sellerlogic.com\/lt\/resources\/success-story-samtige-haut\/#primaryimage\"},\"image\":{\"@id\":\"https:\/\/www.sellerlogic.com\/lt\/resources\/success-story-samtige-haut\/#primaryimage\"},\"thumbnailUrl\":\"https:\/\/www.sellerlogic.com\/wp-content\/uploads\/2020\/12\/samtige-haut-logo.png\",\"datePublished\":\"2020-12-18T10:43:41+00:00\",\"description\":\"Kompensacijos vienu paspaudimu: SELLERLOGIC klientas \u201eSamtige Haut\u201c gauna savo kompensacijas i\u0161 Amazon per Lost & Found.\",\"breadcrumb\":{\"@id\":\"https:\/\/www.sellerlogic.com\/lt\/resources\/success-story-samtige-haut\/#breadcrumb\"},\"inLanguage\":\"lt-LT\",\"potentialAction\":[{\"@type\":\"ReadAction\",\"target\":[\"https:\/\/www.sellerlogic.com\/lt\/resources\/success-story-samtige-haut\/\"]}]},{\"@type\":\"ImageObject\",\"inLanguage\":\"lt-LT\",\"@id\":\"https:\/\/www.sellerlogic.com\/lt\/resources\/success-story-samtige-haut\/#primaryimage\",\"url\":\"https:\/\/www.sellerlogic.com\/wp-content\/uploads\/2020\/12\/samtige-haut-logo.png\",\"contentUrl\":\"https:\/\/www.sellerlogic.com\/wp-content\/uploads\/2020\/12\/samtige-haut-logo.png\"},{\"@type\":\"BreadcrumbList\",\"@id\":\"https:\/\/www.sellerlogic.com\/lt\/resources\/success-story-samtige-haut\/#breadcrumb\",\"itemListElement\":[{\"@type\":\"ListItem\",\"position\":1,\"name\":\"Home\",\"item\":\"https:\/\/www.sellerlogic.com\/lt\/\"},{\"@type\":\"ListItem\",\"position\":2,\"name\":\"I\u0161tekliai EN\",\"item\":\"https:\/\/www.sellerlogic.com\/lt\/resources\/\"},{\"@type\":\"ListItem\",\"position\":3,\"name\":\"S\u0117km\u0117s istorija: Samtige Haut EN\"}]},{\"@type\":\"WebSite\",\"@id\":\"https:\/\/www.sellerlogic.com\/lt\/#website\",\"url\":\"https:\/\/www.sellerlogic.com\/lt\/\",\"name\":\"SELLERLOGIC - Smarte Tools f\u00fcr Amazon-Seller\",\"description\":\"Intelligente Prozessoptimierung und Gewinnmaximierung\",\"publisher\":{\"@id\":\"https:\/\/www.sellerlogic.com\/lt\/#organization\"},\"potentialAction\":[{\"@type\":\"SearchAction\",\"target\":{\"@type\":\"EntryPoint\",\"urlTemplate\":\"https:\/\/www.sellerlogic.com\/lt\/?s={search_term_string}\"},\"query-input\":{\"@type\":\"PropertyValueSpecification\",\"valueRequired\":true,\"valueName\":\"search_term_string\"}}],\"inLanguage\":\"lt-LT\"},{\"@type\":\"Organization\",\"@id\":\"https:\/\/www.sellerlogic.com\/lt\/#organization\",\"name\":\"SELLERLOGIC\",\"url\":\"https:\/\/www.sellerlogic.com\/lt\/\",\"logo\":{\"@type\":\"ImageObject\",\"inLanguage\":\"lt-LT\",\"@id\":\"https:\/\/www.sellerlogic.com\/lt\/#\/schema\/logo\/image\/\",\"url\":\"https:\/\/d2bw95mh2ee04s.cloudfront.net\/prod\/content\/wp-content\/uploads\/2025\/01\/02134814\/Property-Logo-Main.svg\",\"contentUrl\":\"https:\/\/d2bw95mh2ee04s.cloudfront.net\/prod\/content\/wp-content\/uploads\/2025\/01\/02134814\/Property-Logo-Main.svg\",\"width\":184,\"height\":40,\"caption\":\"SELLERLOGIC\"},\"image\":{\"@id\":\"https:\/\/www.sellerlogic.com\/lt\/#\/schema\/logo\/image\/\"},\"sameAs\":[\"https:\/\/www.facebook.com\/SellerLogic\/\",\"https:\/\/x.com\/sellerlogic\",\"https:\/\/www.instagram.com\/sellerlogic\/\",\"https:\/\/www.linkedin.com\/company\/18402037\/\",\"https:\/\/www.youtube.com\/channel\/UC-gULUur-fNj08sprantKsQ\"]}]}<\/script>\n<!-- \/ Yoast SEO plugin. -->","yoast_head_json":{"title":"\u201eSamtige Haut\u201c gauna Amazon kompensacij\u0105 per SELLERLOGIC Lost & Found","description":"Kompensacijos vienu paspaudimu: SELLERLOGIC klientas \u201eSamtige Haut\u201c gauna savo kompensacijas i\u0161 Amazon per Lost & Found.","robots":{"index":"index","follow":"follow","max-snippet":"max-snippet:-1","max-image-preview":"max-image-preview:large","max-video-preview":"max-video-preview:-1"},"canonical":"https:\/\/www.sellerlogic.com\/lt\/resources\/success-story-samtige-haut\/","og_locale":"lt_LT","og_type":"article","og_title":"\u201eSamtige Haut\u201c gauna Amazon kompensacij\u0105 per SELLERLOGIC Lost & Found","og_description":"Kompensacijos vienu paspaudimu: SELLERLOGIC klientas \u201eSamtige Haut\u201c gauna savo kompensacijas i\u0161 Amazon per Lost & Found.","og_url":"https:\/\/www.sellerlogic.com\/lt\/resources\/success-story-samtige-haut\/","og_site_name":"SELLERLOGIC - Smarte Tools f\u00fcr Amazon-Seller","article_publisher":"https:\/\/www.facebook.com\/SellerLogic\/","og_image":[{"url":"https:\/\/www.sellerlogic.com\/wp-content\/uploads\/2020\/12\/samtige-haut-logo.png","type":"","width":"","height":""}],"twitter_card":"summary_large_image","twitter_site":"@sellerlogic","twitter_misc":{"Est. reading time":"3 minutes"},"schema":{"@context":"https:\/\/schema.org","@graph":[{"@type":"WebPage","@id":"https:\/\/www.sellerlogic.com\/lt\/resources\/success-story-samtige-haut\/","url":"https:\/\/www.sellerlogic.com\/lt\/resources\/success-story-samtige-haut\/","name":"\u201eSamtige Haut\u201c gauna Amazon kompensacij\u0105 per SELLERLOGIC Lost & Found","isPartOf":{"@id":"https:\/\/www.sellerlogic.com\/lt\/#website"},"primaryImageOfPage":{"@id":"https:\/\/www.sellerlogic.com\/lt\/resources\/success-story-samtige-haut\/#primaryimage"},"image":{"@id":"https:\/\/www.sellerlogic.com\/lt\/resources\/success-story-samtige-haut\/#primaryimage"},"thumbnailUrl":"https:\/\/www.sellerlogic.com\/wp-content\/uploads\/2020\/12\/samtige-haut-logo.png","datePublished":"2020-12-18T10:43:41+00:00","description":"Kompensacijos vienu paspaudimu: SELLERLOGIC klientas \u201eSamtige Haut\u201c gauna savo kompensacijas i\u0161 Amazon per Lost & Found.","breadcrumb":{"@id":"https:\/\/www.sellerlogic.com\/lt\/resources\/success-story-samtige-haut\/#breadcrumb"},"inLanguage":"lt-LT","potentialAction":[{"@type":"ReadAction","target":["https:\/\/www.sellerlogic.com\/lt\/resources\/success-story-samtige-haut\/"]}]},{"@type":"ImageObject","inLanguage":"lt-LT","@id":"https:\/\/www.sellerlogic.com\/lt\/resources\/success-story-samtige-haut\/#primaryimage","url":"https:\/\/www.sellerlogic.com\/wp-content\/uploads\/2020\/12\/samtige-haut-logo.png","contentUrl":"https:\/\/www.sellerlogic.com\/wp-content\/uploads\/2020\/12\/samtige-haut-logo.png"},{"@type":"BreadcrumbList","@id":"https:\/\/www.sellerlogic.com\/lt\/resources\/success-story-samtige-haut\/#breadcrumb","itemListElement":[{"@type":"ListItem","position":1,"name":"Home","item":"https:\/\/www.sellerlogic.com\/lt\/"},{"@type":"ListItem","position":2,"name":"I\u0161tekliai EN","item":"https:\/\/www.sellerlogic.com\/lt\/resources\/"},{"@type":"ListItem","position":3,"name":"S\u0117km\u0117s istorija: Samtige Haut EN"}]},{"@type":"WebSite","@id":"https:\/\/www.sellerlogic.com\/lt\/#website","url":"https:\/\/www.sellerlogic.com\/lt\/","name":"SELLERLOGIC - Smarte Tools f\u00fcr Amazon-Seller","description":"Intelligente Prozessoptimierung und Gewinnmaximierung","publisher":{"@id":"https:\/\/www.sellerlogic.com\/lt\/#organization"},"potentialAction":[{"@type":"SearchAction","target":{"@type":"EntryPoint","urlTemplate":"https:\/\/www.sellerlogic.com\/lt\/?s={search_term_string}"},"query-input":{"@type":"PropertyValueSpecification","valueRequired":true,"valueName":"search_term_string"}}],"inLanguage":"lt-LT"},{"@type":"Organization","@id":"https:\/\/www.sellerlogic.com\/lt\/#organization","name":"SELLERLOGIC","url":"https:\/\/www.sellerlogic.com\/lt\/","logo":{"@type":"ImageObject","inLanguage":"lt-LT","@id":"https:\/\/www.sellerlogic.com\/lt\/#\/schema\/logo\/image\/","url":"https:\/\/d2bw95mh2ee04s.cloudfront.net\/prod\/content\/wp-content\/uploads\/2025\/01\/02134814\/Property-Logo-Main.svg","contentUrl":"https:\/\/d2bw95mh2ee04s.cloudfront.net\/prod\/content\/wp-content\/uploads\/2025\/01\/02134814\/Property-Logo-Main.svg","width":184,"height":40,"caption":"SELLERLOGIC"},"image":{"@id":"https:\/\/www.sellerlogic.com\/lt\/#\/schema\/logo\/image\/"},"sameAs":["https:\/\/www.facebook.com\/SellerLogic\/","https:\/\/x.com\/sellerlogic","https:\/\/www.instagram.com\/sellerlogic\/","https:\/\/www.linkedin.com\/company\/18402037\/","https:\/\/www.youtube.com\/channel\/UC-gULUur-fNj08sprantKsQ"]}]}},"_links":{"self":[{"href":"https:\/\/www.sellerlogic.com\/lt\/wp-json\/wp\/v2\/pages\/224175","targetHints":{"allow":["GET"]}}],"collection":[{"href":"https:\/\/www.sellerlogic.com\/lt\/wp-json\/wp\/v2\/pages"}],"about":[{"href":"https:\/\/www.sellerlogic.com\/lt\/wp-json\/wp\/v2\/types\/page"}],"author":[{"embeddable":true,"href":"https:\/\/www.sellerlogic.com\/lt\/wp-json\/wp\/v2\/users\/8"}],"replies":[{"embeddable":true,"href":"https:\/\/www.sellerlogic.com\/lt\/wp-json\/wp\/v2\/comments?post=224175"}],"version-history":[{"count":0,"href":"https:\/\/www.sellerlogic.com\/lt\/wp-json\/wp\/v2\/pages\/224175\/revisions"}],"up":[{"embeddable":true,"href":"https:\/\/www.sellerlogic.com\/lt\/wp-json\/wp\/v2\/pages\/224502"}],"wp:attachment":[{"href":"https:\/\/www.sellerlogic.com\/lt\/wp-json\/wp\/v2\/media?parent=224175"}],"curies":[{"name":"wp","href":"https:\/\/api.w.org\/{rel}","templated":true}]}}