
{"id":224223,"date":"2020-12-17T16:17:58","date_gmt":"2020-12-17T16:17:58","guid":{"rendered":"https:\/\/127.0.0.1\/resources\/success-story-rewu-eu\/"},"modified":"2020-12-17T16:17:58","modified_gmt":"2020-12-17T16:17:58","slug":"success-story-rewu-eu","status":"publish","type":"page","link":"https:\/\/www.sellerlogic.com\/lt\/resources\/success-story-rewu-eu\/","title":{"rendered":"S\u0117km\u0117s istorija: ReWu EN"},"content":{"rendered":"\n\t<div  class=\"theme-wp-block theme-block-main-header is-style-full-height desktop-align-full xl-align-full lg-align-full md-align-full sm-align-full desktop-content-align-y-center desktop-content-align-x-center xl-content-align-y-center xl-content-align-x-center lg-content-align-y-center lg-content-align-x-center md-content-align-y-center md-content-align-x-center sm-content-align-y-center sm-content-align-x-center gb-responsive-650367-identifier theme-block-cover\">\n\t\t<div class=\"bg-cover theme-lazy-load-bg\"><\/div>\n\t\t<div class=\"wrap-content-main-header\">\n\t\t\t\t\t<div  class=\"theme-wp-block theme-block-text-and-text gb-responsive-130700-identifier desktop-blockDirection-column xl-blockDirection-column lg-blockDirection-column md-blockDirection-column sm-blockDirection-column desktop-align-wide xl-align-wide lg-align-wide md-align-wide sm-align-wide\">\n\t\t<div class=\"tat-column-wrap-wrapper\">\n\t\t\t<div class=\"tat-column-wrapper\">\n\t\t\t\t\t<div  class=\"theme-wp-block theme-block-text-and-text-column gb-responsive-420800-identifier desktop-horizontal-center xl-horizontal-center lg-horizontal-center md-horizontal-center sm-horizontal-center\">\n\t\t<div class=\"inner-wrap-column-content\">\n\t\t\t<div class=\"inner-column-content\">\n\t\t\t\t\t\t<h1  class=\"theme-wp-block theme-block-heading is-style-default desktop-text-center xl-text-center lg-text-center md-text-center sm-text-center gb-responsive-178195-identifier h1\">\n\t\tAuk\u0161tos klas\u0117s gyvenimo aksesuarai u\u017e puiki\u0105 kain\u0105\t<\/h1>\n\n\t\t<h2  class=\"theme-wp-block theme-block-heading is-style-default desktop-text-center xl-text-center lg-text-center md-text-center sm-text-center gb-responsive-77462-identifier desktop-align-center xl-align-center lg-align-center md-align-center sm-align-center aligncenter h2 has-text-align\">\n\t\tKaip ReWu.eu laimi \u201eAmazon\u201c Buy Box\t<\/h2>\n\n\t\t\t<\/div>\n\t\t<\/div>\n\t<\/div>\n\t<div  class=\"theme-wp-block theme-block-text-and-text-column gb-responsive-983379-identifier\">\n\t\t<div class=\"inner-wrap-column-content\">\n\t\t\t<div class=\"inner-column-content\">\n\t\t\t\t\t\t\t<\/div>\n\t\t<\/div>\n\t<\/div>\n\t\t\t<\/div>\n\t\t<\/div>\n\t<\/div>\n\n\t\t<\/div>\n\t<\/div>\n\n<div style=\"height:50px\" aria-hidden=\"true\" class=\"theme-wp-block wp-block-spacer\"><\/div><div class=\"theme-wp-block wp-block-columns gb-responsive-678291-identifier is-layout-flex wp-container-core-columns-is-layout-9d6595d7 wp-block-columns-is-layout-flex\"><div class=\"theme-wp-block wp-block-column gb-responsive-277127-identifier is-layout-flow wp-block-column-is-layout-flow\" style=\"flex-basis:25%\"><figure class=\"theme-wp-block wp-block-image size-large is-resized gb-responsive-62921-identifier\"><img decoding=\"async\" src=\"https:\/\/d2bw95mh2ee04s.cloudfront.net\/prod\/content\/wp-content\/uploads\/2020\/12\/23142722\/logo_rewu.png\" alt=\"S\u0117km\u0117s istorija: ReWu EN\" class=\"wp-image-4882\" width=\"300\" height=\"143\" srcset=\"https:\/\/d2bw95mh2ee04s.cloudfront.net\/prod\/content\/wp-content\/uploads\/2020\/12\/23142722\/logo_rewu-407x194.png 407w, https:\/\/d2bw95mh2ee04s.cloudfront.net\/prod\/content\/wp-content\/uploads\/2020\/12\/23142722\/logo_rewu.png 479w\" sizes=\"(max-width: 300px) 100vw, 300px\" \/><\/figure><p class=\"theme-wp-block gb-responsive-589628-identifier\"><strong>\u012ek\u016brimas:<\/strong><br>2017 m. liepa<\/p><p class=\"theme-wp-block gb-responsive-203014-identifier\"><strong>Pramon\u0117:<\/strong><br>Nam\u0173 tvarkymas, baldai,<br>\u017eaislai<\/p><p class=\"theme-wp-block gb-responsive-55456-identifier\"><strong>Prek\u0117s \u201eAmazon\u201c:<\/strong><br>apie 900<\/p><p class=\"theme-wp-block gb-responsive-107672-identifier\"><strong>Siuntos:<\/strong><br>apie 7.200 per m\u0117nes\u012f<\/p><\/div><div class=\"theme-wp-block wp-block-column gb-responsive-745505-identifier is-layout-flow wp-block-column-is-layout-flow\" style=\"flex-basis:50%\"><h3 class=\"theme-wp-block wp-block-heading gb-responsive-34353-identifier\" id=\"block-c06fce04-ef87-4ffc-a3d6-b768ba377d17\">Fonas:<\/h3><p class=\"theme-wp-block gb-responsive-175924-identifier desktop-gb-has-no-icon xl-gb-has-no-icon lg-gb-has-no-icon md-gb-has-no-icon sm-gb-has-no-icon\">Florian Wucherpfennig ie\u0161kojo nauj\u0173 patir\u010di\u0173 be savo vis\u0105 darbo dien\u0105 trunkan\u010dio darbo \u0161eimos valdomoje elektros \u012fmon\u0117je. Draugo patarimu jis prad\u0117jo dom\u0117tis pardavimu \u201eAmazon\u201c.<\/p><p class=\"theme-wp-block gb-responsive-353482-identifier desktop-gb-has-no-icon xl-gb-has-no-icon lg-gb-has-no-icon md-gb-has-no-icon sm-gb-has-no-icon\">Norint pasiekti s\u0117km\u0119 internetin\u0117je platformoje, pardav\u0117jas turi \u012fveikti kelis i\u0161\u0161\u016bkius ir imtis veiksm\u0173. Klient\u0173 aptarnavimas ir kain\u0173 optimizavimas sudaro s\u0117km\u0117s pagrind\u0105 rinkoje ir i\u0161skiria ma\u017emeninink\u0105. Po savo \u201eAmazon\u201c parduotuv\u0117s ReWu.eu paleidimo Florianas i\u0161 karto suprato klient\u0173 aptarnavimo ir kainodaros svarb\u0105.<\/p><h3 class=\"theme-wp-block wp-block-heading gb-responsive-182281-identifier\">I\u0161\u0161\u016bkis:<\/h3><p class=\"theme-wp-block gb-responsive-432341-identifier desktop-gb-has-no-icon xl-gb-has-no-icon lg-gb-has-no-icon md-gb-has-no-icon sm-gb-has-no-icon\">Beveik kiekvienas antras euras, i\u0161leistas internetu, patenka \u012f \u201eAmazon\u201c. \u0160ioje ar\u0161iai konkurencingoje internetin\u0117je prekyboje ReWu.eu turi \u012fsitvirtinti tarp kit\u0173 100 000 internetini\u0173 ma\u017emeninink\u0173 Vokietijoje. Kadangi Florianas parduoda tik didmen\u0105, generalinis direktorius kiekvien\u0105 dien\u0105 turi kovoti su augan\u010dia konkurencija. Kainos gali kristi, o preki\u0173 kokyb\u0117 d\u0117l to ken\u010dia.<\/p><p class=\"theme-wp-block gb-responsive-926294-identifier desktop-gb-has-no-icon xl-gb-has-no-icon lg-gb-has-no-icon md-gb-has-no-icon sm-gb-has-no-icon\">\u201eMes nenorime parduoti klientui \u0161iuk\u0161li\u0173 produkt\u0173 u\u017e ma\u017eiausi\u0105 kain\u0105. M\u016bs\u0173 tikslas yra pasi\u016blyti auk\u0161tos kokyb\u0117s produktus su klient\u0173 aptarnavimu, kurio negali pasi\u016blyti n\u0117 vienas m\u016bs\u0173 konkurentas. Tai yra m\u016bs\u0173 prioritetas. Taip mes i\u0161liksime konkurencingi. \u017dinoma, kain\u0173 karas taip pat vyksta kokyb\u0117s segmente. B\u016btent tod\u0117l mums reik\u0117jo partnerio kain\u0173 optimizavimui, kuris nesiremia ma\u017eiausia kaina, kad patekt\u0173 \u012f Buy Box, o veikia dinami\u0161kai ir pritaiko kainas pagal rinkos situacij\u0105,\u201c ai\u0161kina Florianas.<\/p><h3 class=\"theme-wp-block wp-block-heading gb-responsive-115756-identifier\">Sprendimas:<\/h3><p class=\"theme-wp-block gb-responsive-578168-identifier desktop-gb-has-no-icon xl-gb-has-no-icon lg-gb-has-no-icon md-gb-has-no-icon sm-gb-has-no-icon\">Florianas stat\u0117 savo kortas ant SELLERLOGIC Repricer, nes jis laimi Buy Box ir auk\u0161\u010diausi\u0105 kain\u0105. Po to, kai produktai yra pozicionuojami Buy Box, Repricer optimizuoja min\u0117to produkto kain\u0105 iki galimo maksimumo. \u201e\u0160iuo metu mes esame orientuoti \u012f prekes. Tod\u0117l SELLERLOGIC produktas mums yra nepakei\u010diamas. Jis pritaiko kainas pagal rinkos situacij\u0105, bet taip pat padeda greitai ap\u017evelgti segmentus, kuriuose dar turime tobul\u0117ti arba kuriuos reikia steb\u0117ti atid\u017eiau,\u201c patvirtina Florianas.<\/p><div class=\"theme-block-group-wrap\"><div class=\"theme-wp-block wp-block-group gb-responsive-88118-identifier\">\t\t<div  class=\"theme-wp-block theme-block-user-card gb-responsive-799176-identifier is-style-full-width-line desktop-gb-has-no-icon xl-gb-has-no-icon lg-gb-has-no-icon md-gb-has-no-icon sm-gb-has-no-icon\">\n\t\t<div class=\"wrap-inner-content\">\n\t\t\t<div class=\"card-user-head\">\n\t\t\t\t<div class=\"card-user-avatar\">\n\t\t\t\t\t<div class=\"cover-avatar\" style=\"background-image: url(https:\/\/d2bw95mh2ee04s.cloudfront.net\/prod\/content\/wp-content\/uploads\/2020\/12\/23142721\/florian_wucherpfennig_raute.png);\"><\/div>\n\t\t\t\t<\/div>\n\t\t\t\t<div class=\"wrap-title\">\n\t\t\t\t\t<div class=\"card-user-name\">\n\t\t\t\t\t\t<div class=\"title\">\n\t\t\t\t\t\t\t<h3 class=\"heading-text\"><strong>Florian Wucherpfennig<\/strong><\/h3>\n\t\t\t\t\t\t<\/div>\n\t\t\t\t\t\t<div class=\"card-user-position\">\n\t\t\t\t\t\t\t<div class=\"card-text\"><strong>ReWu.eu generalinis direktorius<\/strong><\/div>\n\t\t\t\t\t\t<\/div>\n\t\t\t\t\t<\/div>\n\t\t\t\t\t<div class=\"card-user-quote-icon\">\n\t\t\t\t\t<\/div>\n\t\t\t\t<\/div>\n\t\t\t<\/div>\n\t\t\t<div class=\"card-user-text\">\n\t\t\t\t<div class=\"card-text\"><p>\u201eManau, kad SELLERLOGIC mums sutaupo mil\u017eini\u0161kus i\u0161teklius. Dabar galime skirti laik\u0105, darbo j\u0117g\u0105 ir pinigus klient\u0173 aptarnavimui. \u017dinoma, didesnis pelnas taip pat yra svarbus, o Repricer tai u\u017etikrina kiekvien\u0105 kart\u0105.\u201c<\/p><\/div>\n\t\t\t<\/div>\n\t\t<\/div>\n\t<\/div>\n\n<\/div><\/div><h3 class=\"theme-wp-block wp-block-heading gb-responsive-595368-identifier\">S\u0117kmingi rezultatai su SELLERLOGIC:<\/h3><p class=\"theme-wp-block gb-responsive-295853-identifier desktop-gb-has-no-icon xl-gb-has-no-icon lg-gb-has-no-icon md-gb-has-no-icon sm-gb-has-no-icon\">Klient\u0173 aptarnavimas turi auk\u0161t\u0105 status\u0105 su ReWU.eu. Florianas paai\u0161kina, kod\u0117l: \u201eGerai \u017einoma, kad geras klient\u0173 aptarnavimas yra energij\u0105 i\u0161naudojantis, ta\u010diau galiausiai atsiperka dvigubai. Tai taip pat yra patikimas metodas i\u0161siskirti i\u0161 konkurencijos. Naudojant Repricer mes galime sutaupyti mil\u017eini\u0161kus energijos kiekius, kuriuos galime nukreipti \u012f m\u016bs\u0173 klient\u0173 aptarnavim\u0105, kuris, savo ruo\u017etu, naudinga m\u016bs\u0173 klientams. \u017dinoma, didesnis pelnas, kur\u012f suteikia Repricer, yra toks pat svarbus ir pristatomas kiekvien\u0105 kart\u0105.\u201c<\/p><p class=\"theme-wp-block gb-responsive-525743-identifier desktop-gb-has-no-icon xl-gb-has-no-icon lg-gb-has-no-icon md-gb-has-no-icon sm-gb-has-no-icon\">\u201eSunku \u012fsivaizduoti, kad nuolat rankiniu b\u016bdu per\u017ei\u016brime kiekvien\u0105 produkt\u0105, kai konkurencija kei\u010diasi. Vietoj to, mes per\u017ei\u016brime savo produktus kart\u0105 per savait\u0119, patikriname, kurie n\u0117ra Buy Box ir atliekame koregavimus. Repricer pasir\u016bpina likusia dalimi,\u201c Florianas t\u0119sia. \u201eTa\u010diau manau, kad dar nenaudojame \u0161io \u012frankio 100% jo galimybi\u0173 ir vis dar yra keletas triuk\u0173 ir funkcij\u0173, kurios gal\u0117t\u0173 b\u016bti naudingos ir smagios.\u201c<\/p><div class=\"theme-wp-block wp-block-buttons gb-responsive-497426-identifier is-layout-flex wp-block-buttons-is-layout-flex\"><div class=\"theme-wp-block wp-block-button gb-responsive-38220-identifier is-style-theme-transparent-with-arrow\"><a class=\"wp-block-button__link wp-element-button\" href=\"https:\/\/d2bw95mh2ee04s.cloudfront.net\/prod\/content\/files\/SUCCESS-STORIES\/EN\/SELLERLOGIC_SN_Success-Story_ReWu_EN.pdf\" target=\"_blank\" rel=\"noreferrer noopener nofollow\">Atsisi\u0173sti dabar!<\/a><\/div><\/div><\/div><div class=\"theme-wp-block wp-block-column gb-responsive-561369-identifier is-layout-flow wp-block-column-is-layout-flow\" style=\"flex-basis:25%\"><\/div><\/div>","protected":false},"excerpt":{"rendered":"<p>\u012ek\u016brimas:2017 m. liepa Pramon\u0117:Nam\u0173 tvarkymas, baldai,\u017eaislai Prek\u0117s \u201eAmazon\u201c:apie 900 Siuntos:apie 7.200 per m\u0117nes\u012f Fonas: Florian Wucherpfennig ie\u0161kojo nauj\u0173 patir\u010di\u0173 be savo vis\u0105 darbo dien\u0105 trunkan\u010dio darbo \u0161eimos valdomoje elektros \u012fmon\u0117je. Draugo patarimu jis prad\u0117jo dom\u0117tis pardavimu \u201eAmazon\u201c. Norint pasiekti s\u0117km\u0119 internetin\u0117je platformoje, pardav\u0117jas turi \u012fveikti kelis i\u0161\u0161\u016bkius ir imtis veiksm\u0173. Klient\u0173 aptarnavimas ir kain\u0173 optimizavimas<\/p>\n","protected":false},"author":3,"featured_media":4796,"parent":224502,"menu_order":0,"comment_status":"closed","ping_status":"closed","template":"","meta":{"sidebar_recommended_resources":{"data":[]},"sidebar_header_settings":{"hide_buttons":{"register":false}},"_use_new_theme":false,"inline_featured_image":false,"footnotes":""},"class_list":["post-224223","page","type-page","status-publish","has-post-thumbnail","hentry"],"yoast_head":"<!-- This site is optimized with the Yoast SEO plugin v26.8 - https:\/\/yoast.com\/product\/yoast-seo-wordpress\/ -->\n<title>Kaip ReWu.eu laimi Amazon Buy Box | SELLERLOGIC<\/title>\n<meta name=\"description\" content=\"Laim\u0117ti Buy Box yra svarbu Amazon. Patikrinkite dabar, kaip ReWu.eu \u012fveikia \u0161i\u0105 kli\u016bt\u012f su SELLERLOGIC Repricer!\" \/>\n<meta name=\"robots\" content=\"index, follow, max-snippet:-1, max-image-preview:large, max-video-preview:-1\" \/>\n<link rel=\"canonical\" href=\"https:\/\/www.sellerlogic.com\/lt\/resources\/success-story-rewu-eu\/\" \/>\n<meta property=\"og:locale\" content=\"lt_LT\" \/>\n<meta property=\"og:type\" content=\"article\" \/>\n<meta property=\"og:title\" content=\"Kaip ReWu.eu laimi Amazon Buy Box | SELLERLOGIC\" \/>\n<meta property=\"og:description\" content=\"Laim\u0117ti Buy Box yra svarbu Amazon. Patikrinkite dabar, kaip ReWu.eu \u012fveikia \u0161i\u0105 kli\u016bt\u012f su SELLERLOGIC Repricer!\" \/>\n<meta property=\"og:url\" content=\"https:\/\/www.sellerlogic.com\/lt\/resources\/success-story-rewu-eu\/\" \/>\n<meta property=\"og:site_name\" content=\"SELLERLOGIC - Smarte Tools f\u00fcr Amazon-Seller\" \/>\n<meta property=\"article:publisher\" content=\"https:\/\/www.facebook.com\/SellerLogic\/\" \/>\n<meta property=\"og:image\" content=\"http:\/\/d2bw95mh2ee04s.cloudfront.net\/prod\/content\/wp-content\/uploads\/2020\/12\/23142724\/header-success-story-rewu.jpg\" \/>\n\t<meta property=\"og:image:width\" content=\"2500\" \/>\n\t<meta property=\"og:image:height\" content=\"1667\" \/>\n\t<meta property=\"og:image:type\" content=\"image\/jpeg\" \/>\n<meta name=\"twitter:card\" content=\"summary_large_image\" \/>\n<meta name=\"twitter:site\" content=\"@sellerlogic\" \/>\n<meta name=\"twitter:label1\" content=\"Est. reading time\" \/>\n\t<meta name=\"twitter:data1\" content=\"3 minutes\" \/>\n<script type=\"application\/ld+json\" class=\"yoast-schema-graph\">{\"@context\":\"https:\/\/schema.org\",\"@graph\":[{\"@type\":\"WebPage\",\"@id\":\"https:\/\/www.sellerlogic.com\/lt\/resources\/success-story-rewu-eu\/\",\"url\":\"https:\/\/www.sellerlogic.com\/lt\/resources\/success-story-rewu-eu\/\",\"name\":\"Kaip ReWu.eu laimi Amazon Buy Box | SELLERLOGIC\",\"isPartOf\":{\"@id\":\"https:\/\/www.sellerlogic.com\/lt\/#website\"},\"primaryImageOfPage\":{\"@id\":\"https:\/\/www.sellerlogic.com\/lt\/resources\/success-story-rewu-eu\/#primaryimage\"},\"image\":{\"@id\":\"https:\/\/www.sellerlogic.com\/lt\/resources\/success-story-rewu-eu\/#primaryimage\"},\"thumbnailUrl\":\"https:\/\/d2bw95mh2ee04s.cloudfront.net\/prod\/content\/wp-content\/uploads\/2020\/12\/23142724\/header-success-story-rewu.jpg\",\"datePublished\":\"2020-12-17T16:17:58+00:00\",\"description\":\"Laim\u0117ti Buy Box yra svarbu Amazon. Patikrinkite dabar, kaip ReWu.eu \u012fveikia \u0161i\u0105 kli\u016bt\u012f su SELLERLOGIC Repricer!\",\"breadcrumb\":{\"@id\":\"https:\/\/www.sellerlogic.com\/lt\/resources\/success-story-rewu-eu\/#breadcrumb\"},\"inLanguage\":\"lt-LT\",\"potentialAction\":[{\"@type\":\"ReadAction\",\"target\":[\"https:\/\/www.sellerlogic.com\/lt\/resources\/success-story-rewu-eu\/\"]}]},{\"@type\":\"ImageObject\",\"inLanguage\":\"lt-LT\",\"@id\":\"https:\/\/www.sellerlogic.com\/lt\/resources\/success-story-rewu-eu\/#primaryimage\",\"url\":\"https:\/\/d2bw95mh2ee04s.cloudfront.net\/prod\/content\/wp-content\/uploads\/2020\/12\/23142724\/header-success-story-rewu.jpg\",\"contentUrl\":\"https:\/\/d2bw95mh2ee04s.cloudfront.net\/prod\/content\/wp-content\/uploads\/2020\/12\/23142724\/header-success-story-rewu.jpg\",\"width\":2500,\"height\":1667,\"caption\":\"Amazon seller software for professionals: SELLERLOGIC Repricer\"},{\"@type\":\"BreadcrumbList\",\"@id\":\"https:\/\/www.sellerlogic.com\/lt\/resources\/success-story-rewu-eu\/#breadcrumb\",\"itemListElement\":[{\"@type\":\"ListItem\",\"position\":1,\"name\":\"Home\",\"item\":\"https:\/\/www.sellerlogic.com\/lt\/\"},{\"@type\":\"ListItem\",\"position\":2,\"name\":\"I\u0161tekliai EN\",\"item\":\"https:\/\/www.sellerlogic.com\/lt\/resources\/\"},{\"@type\":\"ListItem\",\"position\":3,\"name\":\"S\u0117km\u0117s istorija: ReWu EN\"}]},{\"@type\":\"WebSite\",\"@id\":\"https:\/\/www.sellerlogic.com\/lt\/#website\",\"url\":\"https:\/\/www.sellerlogic.com\/lt\/\",\"name\":\"SELLERLOGIC - Smarte Tools f\u00fcr Amazon-Seller\",\"description\":\"Intelligente Prozessoptimierung und Gewinnmaximierung\",\"publisher\":{\"@id\":\"https:\/\/www.sellerlogic.com\/lt\/#organization\"},\"potentialAction\":[{\"@type\":\"SearchAction\",\"target\":{\"@type\":\"EntryPoint\",\"urlTemplate\":\"https:\/\/www.sellerlogic.com\/lt\/?s={search_term_string}\"},\"query-input\":{\"@type\":\"PropertyValueSpecification\",\"valueRequired\":true,\"valueName\":\"search_term_string\"}}],\"inLanguage\":\"lt-LT\"},{\"@type\":\"Organization\",\"@id\":\"https:\/\/www.sellerlogic.com\/lt\/#organization\",\"name\":\"SELLERLOGIC\",\"url\":\"https:\/\/www.sellerlogic.com\/lt\/\",\"logo\":{\"@type\":\"ImageObject\",\"inLanguage\":\"lt-LT\",\"@id\":\"https:\/\/www.sellerlogic.com\/lt\/#\/schema\/logo\/image\/\",\"url\":\"https:\/\/d2bw95mh2ee04s.cloudfront.net\/prod\/content\/wp-content\/uploads\/2025\/01\/02134814\/Property-Logo-Main.svg\",\"contentUrl\":\"https:\/\/d2bw95mh2ee04s.cloudfront.net\/prod\/content\/wp-content\/uploads\/2025\/01\/02134814\/Property-Logo-Main.svg\",\"width\":184,\"height\":40,\"caption\":\"SELLERLOGIC\"},\"image\":{\"@id\":\"https:\/\/www.sellerlogic.com\/lt\/#\/schema\/logo\/image\/\"},\"sameAs\":[\"https:\/\/www.facebook.com\/SellerLogic\/\",\"https:\/\/x.com\/sellerlogic\",\"https:\/\/www.instagram.com\/sellerlogic\/\",\"https:\/\/www.linkedin.com\/company\/18402037\/\",\"https:\/\/www.youtube.com\/channel\/UC-gULUur-fNj08sprantKsQ\"]}]}<\/script>\n<!-- \/ Yoast SEO plugin. -->","yoast_head_json":{"title":"Kaip ReWu.eu laimi Amazon Buy Box | SELLERLOGIC","description":"Laim\u0117ti Buy Box yra svarbu Amazon. Patikrinkite dabar, kaip ReWu.eu \u012fveikia \u0161i\u0105 kli\u016bt\u012f su SELLERLOGIC Repricer!","robots":{"index":"index","follow":"follow","max-snippet":"max-snippet:-1","max-image-preview":"max-image-preview:large","max-video-preview":"max-video-preview:-1"},"canonical":"https:\/\/www.sellerlogic.com\/lt\/resources\/success-story-rewu-eu\/","og_locale":"lt_LT","og_type":"article","og_title":"Kaip ReWu.eu laimi Amazon Buy Box | SELLERLOGIC","og_description":"Laim\u0117ti Buy Box yra svarbu Amazon. Patikrinkite dabar, kaip ReWu.eu \u012fveikia \u0161i\u0105 kli\u016bt\u012f su SELLERLOGIC Repricer!","og_url":"https:\/\/www.sellerlogic.com\/lt\/resources\/success-story-rewu-eu\/","og_site_name":"SELLERLOGIC - Smarte Tools f\u00fcr Amazon-Seller","article_publisher":"https:\/\/www.facebook.com\/SellerLogic\/","og_image":[{"width":2500,"height":1667,"url":"http:\/\/d2bw95mh2ee04s.cloudfront.net\/prod\/content\/wp-content\/uploads\/2020\/12\/23142724\/header-success-story-rewu.jpg","type":"image\/jpeg"}],"twitter_card":"summary_large_image","twitter_site":"@sellerlogic","twitter_misc":{"Est. reading time":"3 minutes"},"schema":{"@context":"https:\/\/schema.org","@graph":[{"@type":"WebPage","@id":"https:\/\/www.sellerlogic.com\/lt\/resources\/success-story-rewu-eu\/","url":"https:\/\/www.sellerlogic.com\/lt\/resources\/success-story-rewu-eu\/","name":"Kaip ReWu.eu laimi Amazon Buy Box | SELLERLOGIC","isPartOf":{"@id":"https:\/\/www.sellerlogic.com\/lt\/#website"},"primaryImageOfPage":{"@id":"https:\/\/www.sellerlogic.com\/lt\/resources\/success-story-rewu-eu\/#primaryimage"},"image":{"@id":"https:\/\/www.sellerlogic.com\/lt\/resources\/success-story-rewu-eu\/#primaryimage"},"thumbnailUrl":"https:\/\/d2bw95mh2ee04s.cloudfront.net\/prod\/content\/wp-content\/uploads\/2020\/12\/23142724\/header-success-story-rewu.jpg","datePublished":"2020-12-17T16:17:58+00:00","description":"Laim\u0117ti Buy Box yra svarbu Amazon. Patikrinkite dabar, kaip ReWu.eu \u012fveikia \u0161i\u0105 kli\u016bt\u012f su SELLERLOGIC Repricer!","breadcrumb":{"@id":"https:\/\/www.sellerlogic.com\/lt\/resources\/success-story-rewu-eu\/#breadcrumb"},"inLanguage":"lt-LT","potentialAction":[{"@type":"ReadAction","target":["https:\/\/www.sellerlogic.com\/lt\/resources\/success-story-rewu-eu\/"]}]},{"@type":"ImageObject","inLanguage":"lt-LT","@id":"https:\/\/www.sellerlogic.com\/lt\/resources\/success-story-rewu-eu\/#primaryimage","url":"https:\/\/d2bw95mh2ee04s.cloudfront.net\/prod\/content\/wp-content\/uploads\/2020\/12\/23142724\/header-success-story-rewu.jpg","contentUrl":"https:\/\/d2bw95mh2ee04s.cloudfront.net\/prod\/content\/wp-content\/uploads\/2020\/12\/23142724\/header-success-story-rewu.jpg","width":2500,"height":1667,"caption":"Amazon seller software for professionals: SELLERLOGIC Repricer"},{"@type":"BreadcrumbList","@id":"https:\/\/www.sellerlogic.com\/lt\/resources\/success-story-rewu-eu\/#breadcrumb","itemListElement":[{"@type":"ListItem","position":1,"name":"Home","item":"https:\/\/www.sellerlogic.com\/lt\/"},{"@type":"ListItem","position":2,"name":"I\u0161tekliai EN","item":"https:\/\/www.sellerlogic.com\/lt\/resources\/"},{"@type":"ListItem","position":3,"name":"S\u0117km\u0117s istorija: ReWu EN"}]},{"@type":"WebSite","@id":"https:\/\/www.sellerlogic.com\/lt\/#website","url":"https:\/\/www.sellerlogic.com\/lt\/","name":"SELLERLOGIC - Smarte Tools f\u00fcr Amazon-Seller","description":"Intelligente Prozessoptimierung und Gewinnmaximierung","publisher":{"@id":"https:\/\/www.sellerlogic.com\/lt\/#organization"},"potentialAction":[{"@type":"SearchAction","target":{"@type":"EntryPoint","urlTemplate":"https:\/\/www.sellerlogic.com\/lt\/?s={search_term_string}"},"query-input":{"@type":"PropertyValueSpecification","valueRequired":true,"valueName":"search_term_string"}}],"inLanguage":"lt-LT"},{"@type":"Organization","@id":"https:\/\/www.sellerlogic.com\/lt\/#organization","name":"SELLERLOGIC","url":"https:\/\/www.sellerlogic.com\/lt\/","logo":{"@type":"ImageObject","inLanguage":"lt-LT","@id":"https:\/\/www.sellerlogic.com\/lt\/#\/schema\/logo\/image\/","url":"https:\/\/d2bw95mh2ee04s.cloudfront.net\/prod\/content\/wp-content\/uploads\/2025\/01\/02134814\/Property-Logo-Main.svg","contentUrl":"https:\/\/d2bw95mh2ee04s.cloudfront.net\/prod\/content\/wp-content\/uploads\/2025\/01\/02134814\/Property-Logo-Main.svg","width":184,"height":40,"caption":"SELLERLOGIC"},"image":{"@id":"https:\/\/www.sellerlogic.com\/lt\/#\/schema\/logo\/image\/"},"sameAs":["https:\/\/www.facebook.com\/SellerLogic\/","https:\/\/x.com\/sellerlogic","https:\/\/www.instagram.com\/sellerlogic\/","https:\/\/www.linkedin.com\/company\/18402037\/","https:\/\/www.youtube.com\/channel\/UC-gULUur-fNj08sprantKsQ"]}]}},"_links":{"self":[{"href":"https:\/\/www.sellerlogic.com\/lt\/wp-json\/wp\/v2\/pages\/224223","targetHints":{"allow":["GET"]}}],"collection":[{"href":"https:\/\/www.sellerlogic.com\/lt\/wp-json\/wp\/v2\/pages"}],"about":[{"href":"https:\/\/www.sellerlogic.com\/lt\/wp-json\/wp\/v2\/types\/page"}],"author":[{"embeddable":true,"href":"https:\/\/www.sellerlogic.com\/lt\/wp-json\/wp\/v2\/users\/3"}],"replies":[{"embeddable":true,"href":"https:\/\/www.sellerlogic.com\/lt\/wp-json\/wp\/v2\/comments?post=224223"}],"version-history":[{"count":0,"href":"https:\/\/www.sellerlogic.com\/lt\/wp-json\/wp\/v2\/pages\/224223\/revisions"}],"up":[{"embeddable":true,"href":"https:\/\/www.sellerlogic.com\/lt\/wp-json\/wp\/v2\/pages\/224502"}],"wp:featuredmedia":[{"embeddable":true,"href":"https:\/\/www.sellerlogic.com\/lt\/wp-json\/wp\/v2\/media\/4796"}],"wp:attachment":[{"href":"https:\/\/www.sellerlogic.com\/lt\/wp-json\/wp\/v2\/media?parent=224223"}],"curies":[{"name":"wp","href":"https:\/\/api.w.org\/{rel}","templated":true}]}}