
{"id":224256,"date":"2020-12-21T10:32:03","date_gmt":"2020-12-21T10:32:03","guid":{"rendered":"https:\/\/127.0.0.1\/resources\/success-story-univers-cake\/"},"modified":"2020-12-21T10:32:03","modified_gmt":"2020-12-21T10:32:03","slug":"success-story-univers-cake","status":"publish","type":"page","link":"https:\/\/www.sellerlogic.com\/lt\/resources\/success-story-univers-cake\/","title":{"rendered":"S\u0117km\u0117s istorija: Univers Cake EN"},"content":{"rendered":"\n\t<div  class=\"theme-wp-block theme-block-main-header is-style-full-height desktop-align-full xl-align-full lg-align-full md-align-full sm-align-full desktop-content-align-y-center desktop-content-align-x-center xl-content-align-y-center xl-content-align-x-center lg-content-align-y-center lg-content-align-x-center md-content-align-y-center md-content-align-x-center sm-content-align-y-center sm-content-align-x-center gb-responsive-131969-identifier theme-block-cover\">\n\t\t<div class=\"bg-cover theme-lazy-load-bg\"><\/div>\n\t\t<div class=\"wrap-content-main-header\">\n\t\t\t\t\t<div  class=\"theme-wp-block theme-block-text-and-text desktop-blockDirection-row xl-blockDirection-row lg-blockDirection-row md-blockDirection-row sm-blockDirection-row gb-responsive-2306-identifier desktop-vertical-top xl-vertical-top lg-vertical-top md-vertical-top sm-vertical-top desktop-align-wide xl-align-wide lg-align-wide md-align-wide sm-align-wide\">\n\t\t<div class=\"tat-column-wrap-wrapper\">\n\t\t\t<div class=\"tat-column-wrapper\">\n\t\t\t\t\t<div  class=\"theme-wp-block theme-block-text-and-text-column gb-responsive-708373-identifier desktop-horizontal-center xl-horizontal-center lg-horizontal-center md-horizontal-center sm-horizontal-center\">\n\t\t<div class=\"inner-wrap-column-content\">\n\t\t\t<div class=\"inner-column-content\">\n\t\t\t\t\t\t<h1  class=\"theme-wp-block theme-block-heading is-style-default desktop-text-center xl-text-center lg-text-center md-text-center sm-text-center gb-responsive-813454-identifier desktop-align-wide xl-align-wide lg-align-wide md-align-wide sm-align-wide alignwide h1 has-text-align\">\n\t\t\u201eMes mokame u\u017e Repricer su m\u016bs\u0173 Pamest\u0173 ir rast\u0173 kompensacijomis!\u201c\t<\/h1>\n\n\t\t\t<\/div>\n\t\t<\/div>\n\t<\/div>\n\t<div  class=\"theme-wp-block theme-block-text-and-text-column gb-responsive-976923-identifier\">\n\t\t<div class=\"inner-wrap-column-content\">\n\t\t\t<div class=\"inner-column-content\">\n\t\t\t\t\t\t\t<\/div>\n\t\t<\/div>\n\t<\/div>\n\t\t\t<\/div>\n\t\t<\/div>\n\t<\/div>\n\n\t\t<\/div>\n\t<\/div>\n\n<div style=\"height:50px\" aria-hidden=\"true\" class=\"theme-wp-block wp-block-spacer\"><\/div><div class=\"theme-wp-block wp-block-columns gb-responsive-990644-identifier is-layout-flex wp-container-core-columns-is-layout-9d6595d7 wp-block-columns-is-layout-flex\"><div class=\"theme-wp-block wp-block-column gb-responsive-865237-identifier is-layout-flow wp-block-column-is-layout-flow\" style=\"flex-basis:25%\"><figure class=\"theme-wp-block wp-block-image size-large is-resized gb-responsive-62921-identifier\"><img decoding=\"async\" src=\"https:\/\/d2bw95mh2ee04s.cloudfront.net\/prod\/content\/wp-content\/uploads\/2020\/12\/23142710\/logo_univers-cake-neu.png\" alt=\"S\u0117km\u0117s istorija: Univers Cake EN\" class=\"wp-image-5630\" width=\"301\" height=\"54\" srcset=\"https:\/\/d2bw95mh2ee04s.cloudfront.net\/prod\/content\/wp-content\/uploads\/2020\/12\/23142710\/logo_univers-cake-neu-407x72.png 407w, https:\/\/d2bw95mh2ee04s.cloudfront.net\/prod\/content\/wp-content\/uploads\/2020\/12\/23142710\/logo_univers-cake-neu.png 576w\" sizes=\"(max-width: 301px) 100vw, 301px\" \/><\/figure><p class=\"theme-wp-block gb-responsive-904737-identifier\"><strong>\u012ekurta:<\/strong><br>2016<\/p><p class=\"theme-wp-block gb-responsive-263844-identifier\"><strong>Pramon\u0117:<\/strong><br>Duonos ir konditerijos gaminiai<\/p><p class=\"theme-wp-block gb-responsive-644265-identifier\"><strong>Prek\u0117s, prieinamos \u201eAmazon\u201c:<\/strong><br>apie 3,000 SKU<\/p><p class=\"theme-wp-block gb-responsive-788481-identifier\"><strong>Siuntos:<\/strong><br>apie 850 \/ m\u0117nes\u012f<\/p><\/div><div class=\"theme-wp-block wp-block-column gb-responsive-41122-identifier is-layout-flow wp-block-column-is-layout-flow\" style=\"flex-basis:50%\"><h3 class=\"theme-wp-block wp-block-heading gb-responsive-34353-identifier\" id=\"block-c06fce04-ef87-4ffc-a3d6-b768ba377d17\">Fonas:<\/h3><p class=\"theme-wp-block gb-responsive-772271-identifier\">Internetin\u0117 agent\u016bra UP\u2018NBOOST s\u0117kmingai \u012f\u017eeng\u0117 \u012f duonos ir konditerijos rink\u0105 su savo prek\u0117s \u017eenklu \u201eUnivers Cake\u201c. UP\u2018NBOOST i\u0161 prad\u017ei\u0173 suk\u016br\u0117 \u201eUnivers Cake\u201c koncepcij\u0105 klientui, kuris galiausiai negal\u0117jo \u012fgyvendinti id\u0117jos d\u0117l laiko tr\u016bkumo. Agent\u016bra, kuri stipriai tik\u0117jo savo sukurta koncepcija, nusprend\u0117 \u012fgyvendinti \u201eUnivers Cake\u201c pati. Greitai tapo ai\u0161ku, kad prek\u0117s \u017eenklas turi daug potencialo &#8211; ypa\u010d \u201eAmazon\u201c. Pardavimai prad\u0117jo spar\u010diai augti internetin\u0117je prekybos platformoje.<\/p><h3 class=\"theme-wp-block wp-block-heading gb-responsive-530046-identifier\">Kaip viskas prasid\u0117jo:<\/h3><p class=\"theme-wp-block gb-responsive-266688-identifier\">Jean-Bernard Freymann, UP\u2018NBOOST bendrai direktoriui, nuo pat prad\u017ei\u0173 buvo ai\u0161ku, kad did\u017eiausias i\u0161\u0161\u016bkis bus sutaupyti kuo daugiau laiko. Ypa\u010d kai parduodate daugiau nei 1,500 produkt\u0173 labai konkurencingoje aplinkoje be prek\u0117s \u017eenklo. \u201eTur\u0117jome i\u0161laikyti savo mar\u017eas nepaisant s\u0105lyg\u0173,\u201c sako Freymann. \u201eTurime daug konkurent\u0173 \u201eAmazon\u201c, kurie parduoda tiksliai t\u0105 pat\u012f produkt\u0105. Tod\u0117l pagrindinis veiksnys yra kaina. Tokioje situacijoje prakti\u0161kai ne\u012fmanoma steb\u0117ti konkurencijos rankiniu b\u016bdu.\u201c<\/p><p class=\"theme-wp-block gb-responsive-243429-identifier\">\u0160iomis aplinkyb\u0117mis kitas logi\u0161kas \u017eingsnis buvo ne tik naudoti \u201eFulfillment by Amazon\u201c (FBA), bet ir repricer\u012f, kad i\u0161likt\u0173 konkurencingi ir i\u0161laikyt\u0173 Buy Box akcij\u0173 auk\u0161t\u0105 lyg\u012f. Prie\u0161 tai, kai UP\u2018NBOOST atrado SELLERLOGIC, agent\u016bra jau buvo naudojusi kitus repricerius, kurie, ta\u010diau, nesugeb\u0117jo j\u0173 \u012ftikinti techni\u0161kai ar ekonomi\u0161kai.<\/p><h3 class=\"theme-wp-block wp-block-heading gb-responsive-749842-identifier\">Sprendimas:<\/h3><p class=\"theme-wp-block gb-responsive-190699-identifier\">\u201eSektoriuje, kur mar\u017eos linkusios b\u016bti ma\u017eos, mes atsi\u017evelg\u0117me ne tik \u012f Repricer privalumus, bet ir \u012f jo ka\u0161tus kaip s\u0117km\u0117s rakt\u0105\u201c, ai\u0161kina Freymann. \u201eI\u0161nagrin\u0117j\u0119 \u012fvairius sprendimus, SELLERLOGIC \u012ftikino mus ne tik savo kaina, bet ir specialiomis savyb\u0117mis, tokiomis kaip galimyb\u0117 taikyti skirtingas kain\u0173 koregavimo strategijas konkre\u010dioms produkt\u0173 grup\u0117ms\u201c.<\/p><p class=\"theme-wp-block gb-responsive-680671-identifier\">UP\u2018NBOOST taip pat \u012fgyvendino antr\u0105j\u012f SELLERLOGIC \u012frank\u012f: Lost &#038; Found dabar stebi visus FBA procesus ir patikimai prane\u0161a apie bet kokius nereguliarumus, rastus \u201eAmazon\u201c logistikos centruose, leid\u017eiant greitai ir paprastai pateikti gr\u0105\u017einimo parai\u0161kas.<\/p><div class=\"theme-block-group-wrap\"><div class=\"theme-wp-block wp-block-group gb-responsive-88118-identifier\">\t\t<div  class=\"theme-wp-block theme-block-user-card gb-responsive-799176-identifier is-style-full-width-line\">\n\t\t<div class=\"wrap-inner-content\">\n\t\t\t<div class=\"card-user-head\">\n\t\t\t\t<div class=\"card-user-avatar\">\n\t\t\t\t\t<div class=\"cover-avatar\" style=\"background-image: url(https:\/\/d2bw95mh2ee04s.cloudfront.net\/prod\/content\/wp-content\/uploads\/2020\/12\/23142710\/portrait_univers-cake_raute.png);\"><\/div>\n\t\t\t\t<\/div>\n\t\t\t\t<div class=\"wrap-title\">\n\t\t\t\t\t<div class=\"card-user-name\">\n\t\t\t\t\t\t<div class=\"title\">\n\t\t\t\t\t\t\t<h3 class=\"heading-text\"><strong>Jean-Bernard Freymann<\/strong><\/h3>\n\t\t\t\t\t\t<\/div>\n\t\t\t\t\t\t<div class=\"card-user-position\">\n\t\t\t\t\t\t\t<div class=\"card-text\"><strong>Bendras direktorius UP&#8217;NBOOST<\/strong><\/div>\n\t\t\t\t\t\t<\/div>\n\t\t\t\t\t<\/div>\n\t\t\t\t\t<div class=\"card-user-quote-icon\">\n\t\t\t\t\t<\/div>\n\t\t\t\t<\/div>\n\t\t\t<\/div>\n\t\t\t<div class=\"card-user-text\">\n\t\t\t\t<div class=\"card-text\"><p>\u201eSu FBA gr\u0105\u017einimu, kur\u012f gauname d\u0117ka antrojo SELLERLOGIC \u012frankio, galime finansuoti Repricer!\u201c<\/p><\/div>\n\t\t\t<\/div>\n\t\t<\/div>\n\t<\/div>\n\n<\/div><\/div><h3 class=\"theme-wp-block wp-block-heading gb-responsive-260858-identifier\">S\u0117km\u0117 su SELLERLOGIC:<\/h3><p class=\"theme-wp-block gb-responsive-566423-identifier\">\u201eNustatymas buvo gana paprastas: mums reik\u0117jo tik importuoti vien\u0105 fail\u0105 su visais m\u016bs\u0173 produktais ir atitinkamomis minimaliomis ir maksimaliomis kainomis. Importas buvo greitas ir lengvas. Per kelias valandas SELLERLOGIC Repricer buvo paruo\u0161tas veikti,\u201c patvirtina Freymann. \u201eAbu \u012frankiai sutaupo mums mil\u017eini\u0161k\u0105 kiek\u012f laiko.\u201c<\/p><p class=\"theme-wp-block gb-responsive-468554-identifier desktop-gb-has-no-icon xl-gb-has-no-icon lg-gb-has-no-icon md-gb-has-no-icon sm-gb-has-no-icon\">Be to, UP\u2018NBOOST sugeb\u0117jo suma\u017einti Repricer naudojimo ka\u0161tus ir tuo pa\u010diu padidinti Univers Cake produkt\u0173 pardavimus per padid\u0117jusias Buy Box akcijas ir per \u012fvairias SELLERLOGIC Repricer strategijas. \u201eBet geriausia yra tai, kad Lost &#038; Found leid\u017eia mums kompensuoti repricingo ka\u0161tus,\u201c d\u017eiaugiasi Freymann.<\/p><p class=\"theme-wp-block gb-responsive-469189-identifier\">\u201eBe to, SELLERLOGIC klient\u0173 aptarnavimo komanda yra kompetentinga ir greitai reaguoja \u012f u\u017eklausas. Bendradarbiavimas su gerai strukt\u016brizuota ir klientui orientuota Vokietijos \u012fmone mums yra labai raminantis,\u201c patvirtina Freymann.<\/p><div class=\"theme-wp-block wp-block-buttons gb-responsive-497426-identifier is-layout-flex wp-block-buttons-is-layout-flex\"><div class=\"theme-wp-block wp-block-button gb-responsive-38220-identifier is-style-theme-transparent-with-arrow\"><a class=\"wp-block-button__link wp-element-button\" href=\"https:\/\/d2bw95mh2ee04s.cloudfront.net\/prod\/content\/files\/SUCCESS-STORIES\/EN\/SELLERLOGIC_SN_Success-Story_Univers-Cake_EN.pdf\" target=\"_blank\" rel=\"noreferrer noopener nofollow\">Atsisi\u0173sti dabar!<\/a><\/div><\/div><\/div><div class=\"theme-wp-block wp-block-column gb-responsive-472466-identifier is-layout-flow wp-block-column-is-layout-flow\" style=\"flex-basis:25%\"><\/div><\/div>","protected":false},"excerpt":{"rendered":"<p>\u012ekurta:2016 Pramon\u0117:Duonos ir konditerijos gaminiai Prek\u0117s, prieinamos \u201eAmazon\u201c:apie 3,000 SKU Siuntos:apie 850 \/ m\u0117nes\u012f Fonas: Internetin\u0117 agent\u016bra UP\u2018NBOOST s\u0117kmingai \u012f\u017eeng\u0117 \u012f duonos ir konditerijos rink\u0105 su savo prek\u0117s \u017eenklu \u201eUnivers Cake\u201c. UP\u2018NBOOST i\u0161 prad\u017ei\u0173 suk\u016br\u0117 \u201eUnivers Cake\u201c koncepcij\u0105 klientui, kuris galiausiai negal\u0117jo \u012fgyvendinti id\u0117jos d\u0117l laiko tr\u016bkumo. Agent\u016bra, kuri stipriai tik\u0117jo savo sukurta koncepcija, nusprend\u0117<\/p>\n","protected":false},"author":3,"featured_media":5625,"parent":224502,"menu_order":0,"comment_status":"closed","ping_status":"closed","template":"","meta":{"sidebar_recommended_resources":{"data":[]},"sidebar_header_settings":{"hide_buttons":{"register":false}},"_use_new_theme":false,"inline_featured_image":false,"footnotes":""},"class_list":["post-224256","page","type-page","status-publish","has-post-thumbnail","hentry"],"yoast_head":"<!-- This site is optimized with the Yoast SEO plugin v26.8 - https:\/\/yoast.com\/product\/yoast-seo-wordpress\/ -->\n<title>Taip veikia Repricer ir Lost &amp; Found kartu! | SELLERLOGIC<\/title>\n<meta name=\"description\" content=\"D\u0117ka Lost &amp; Found, UP&#039;NBOOST apmoka Repricer su FBA gr\u0105\u017einimais, kuriuos gauna. Speciali s\u0117km\u0117s istorija!\" \/>\n<meta name=\"robots\" content=\"index, follow, max-snippet:-1, max-image-preview:large, max-video-preview:-1\" \/>\n<link rel=\"canonical\" href=\"https:\/\/www.sellerlogic.com\/lt\/resources\/success-story-univers-cake\/\" \/>\n<meta property=\"og:locale\" content=\"lt_LT\" \/>\n<meta property=\"og:type\" content=\"article\" \/>\n<meta property=\"og:title\" content=\"Taip veikia Repricer ir Lost &amp; Found kartu! | SELLERLOGIC\" \/>\n<meta property=\"og:description\" content=\"D\u0117ka Lost &amp; Found, UP&#039;NBOOST apmoka Repricer su FBA gr\u0105\u017einimais, kuriuos gauna. Speciali s\u0117km\u0117s istorija!\" \/>\n<meta property=\"og:url\" content=\"https:\/\/www.sellerlogic.com\/lt\/resources\/success-story-univers-cake\/\" \/>\n<meta property=\"og:site_name\" content=\"SELLERLOGIC - Smarte Tools f\u00fcr Amazon-Seller\" \/>\n<meta property=\"article:publisher\" content=\"https:\/\/www.facebook.com\/SellerLogic\/\" \/>\n<meta property=\"og:image\" content=\"https:\/\/d2bw95mh2ee04s.cloudfront.net\/prod\/content\/wp-content\/uploads\/2020\/12\/23142710\/success-story-univers-cake-header-scaled.jpeg\" \/>\n\t<meta property=\"og:image:width\" content=\"2560\" \/>\n\t<meta property=\"og:image:height\" content=\"1107\" \/>\n\t<meta property=\"og:image:type\" content=\"image\/jpeg\" \/>\n<meta name=\"twitter:card\" content=\"summary_large_image\" \/>\n<meta name=\"twitter:site\" content=\"@sellerlogic\" \/>\n<meta name=\"twitter:label1\" content=\"Est. reading time\" \/>\n\t<meta name=\"twitter:data1\" content=\"3 minutes\" \/>\n<script type=\"application\/ld+json\" class=\"yoast-schema-graph\">{\"@context\":\"https:\/\/schema.org\",\"@graph\":[{\"@type\":\"WebPage\",\"@id\":\"https:\/\/www.sellerlogic.com\/lt\/resources\/success-story-univers-cake\/\",\"url\":\"https:\/\/www.sellerlogic.com\/lt\/resources\/success-story-univers-cake\/\",\"name\":\"Taip veikia Repricer ir Lost & Found kartu! | SELLERLOGIC\",\"isPartOf\":{\"@id\":\"https:\/\/www.sellerlogic.com\/lt\/#website\"},\"primaryImageOfPage\":{\"@id\":\"https:\/\/www.sellerlogic.com\/lt\/resources\/success-story-univers-cake\/#primaryimage\"},\"image\":{\"@id\":\"https:\/\/www.sellerlogic.com\/lt\/resources\/success-story-univers-cake\/#primaryimage\"},\"thumbnailUrl\":\"https:\/\/d2bw95mh2ee04s.cloudfront.net\/prod\/content\/wp-content\/uploads\/2020\/12\/23142710\/success-story-univers-cake-header-scaled.jpeg\",\"datePublished\":\"2020-12-21T10:32:03+00:00\",\"description\":\"D\u0117ka Lost & Found, UP'NBOOST apmoka Repricer su FBA gr\u0105\u017einimais, kuriuos gauna. Speciali s\u0117km\u0117s istorija!\",\"breadcrumb\":{\"@id\":\"https:\/\/www.sellerlogic.com\/lt\/resources\/success-story-univers-cake\/#breadcrumb\"},\"inLanguage\":\"lt-LT\",\"potentialAction\":[{\"@type\":\"ReadAction\",\"target\":[\"https:\/\/www.sellerlogic.com\/lt\/resources\/success-story-univers-cake\/\"]}]},{\"@type\":\"ImageObject\",\"inLanguage\":\"lt-LT\",\"@id\":\"https:\/\/www.sellerlogic.com\/lt\/resources\/success-story-univers-cake\/#primaryimage\",\"url\":\"https:\/\/d2bw95mh2ee04s.cloudfront.net\/prod\/content\/wp-content\/uploads\/2020\/12\/23142710\/success-story-univers-cake-header-scaled.jpeg\",\"contentUrl\":\"https:\/\/d2bw95mh2ee04s.cloudfront.net\/prod\/content\/wp-content\/uploads\/2020\/12\/23142710\/success-story-univers-cake-header-scaled.jpeg\",\"width\":2560,\"height\":1107,\"caption\":\"Valentine day baking background. Ingredients for cooking Valentine's heart cookies. Flour, eggs, sugar, spices on wooden background with red flower roses. Top view copy space.\"},{\"@type\":\"BreadcrumbList\",\"@id\":\"https:\/\/www.sellerlogic.com\/lt\/resources\/success-story-univers-cake\/#breadcrumb\",\"itemListElement\":[{\"@type\":\"ListItem\",\"position\":1,\"name\":\"Home\",\"item\":\"https:\/\/www.sellerlogic.com\/lt\/\"},{\"@type\":\"ListItem\",\"position\":2,\"name\":\"I\u0161tekliai EN\",\"item\":\"https:\/\/www.sellerlogic.com\/lt\/resources\/\"},{\"@type\":\"ListItem\",\"position\":3,\"name\":\"S\u0117km\u0117s istorija: Univers Cake EN\"}]},{\"@type\":\"WebSite\",\"@id\":\"https:\/\/www.sellerlogic.com\/lt\/#website\",\"url\":\"https:\/\/www.sellerlogic.com\/lt\/\",\"name\":\"SELLERLOGIC - Smarte Tools f\u00fcr Amazon-Seller\",\"description\":\"Intelligente Prozessoptimierung und Gewinnmaximierung\",\"publisher\":{\"@id\":\"https:\/\/www.sellerlogic.com\/lt\/#organization\"},\"potentialAction\":[{\"@type\":\"SearchAction\",\"target\":{\"@type\":\"EntryPoint\",\"urlTemplate\":\"https:\/\/www.sellerlogic.com\/lt\/?s={search_term_string}\"},\"query-input\":{\"@type\":\"PropertyValueSpecification\",\"valueRequired\":true,\"valueName\":\"search_term_string\"}}],\"inLanguage\":\"lt-LT\"},{\"@type\":\"Organization\",\"@id\":\"https:\/\/www.sellerlogic.com\/lt\/#organization\",\"name\":\"SELLERLOGIC\",\"url\":\"https:\/\/www.sellerlogic.com\/lt\/\",\"logo\":{\"@type\":\"ImageObject\",\"inLanguage\":\"lt-LT\",\"@id\":\"https:\/\/www.sellerlogic.com\/lt\/#\/schema\/logo\/image\/\",\"url\":\"https:\/\/d2bw95mh2ee04s.cloudfront.net\/prod\/content\/wp-content\/uploads\/2025\/01\/02134814\/Property-Logo-Main.svg\",\"contentUrl\":\"https:\/\/d2bw95mh2ee04s.cloudfront.net\/prod\/content\/wp-content\/uploads\/2025\/01\/02134814\/Property-Logo-Main.svg\",\"width\":184,\"height\":40,\"caption\":\"SELLERLOGIC\"},\"image\":{\"@id\":\"https:\/\/www.sellerlogic.com\/lt\/#\/schema\/logo\/image\/\"},\"sameAs\":[\"https:\/\/www.facebook.com\/SellerLogic\/\",\"https:\/\/x.com\/sellerlogic\",\"https:\/\/www.instagram.com\/sellerlogic\/\",\"https:\/\/www.linkedin.com\/company\/18402037\/\",\"https:\/\/www.youtube.com\/channel\/UC-gULUur-fNj08sprantKsQ\"]}]}<\/script>\n<!-- \/ Yoast SEO plugin. -->","yoast_head_json":{"title":"Taip veikia Repricer ir Lost & Found kartu! | SELLERLOGIC","description":"D\u0117ka Lost & Found, UP'NBOOST apmoka Repricer su FBA gr\u0105\u017einimais, kuriuos gauna. Speciali s\u0117km\u0117s istorija!","robots":{"index":"index","follow":"follow","max-snippet":"max-snippet:-1","max-image-preview":"max-image-preview:large","max-video-preview":"max-video-preview:-1"},"canonical":"https:\/\/www.sellerlogic.com\/lt\/resources\/success-story-univers-cake\/","og_locale":"lt_LT","og_type":"article","og_title":"Taip veikia Repricer ir Lost & Found kartu! | SELLERLOGIC","og_description":"D\u0117ka Lost & Found, UP'NBOOST apmoka Repricer su FBA gr\u0105\u017einimais, kuriuos gauna. Speciali s\u0117km\u0117s istorija!","og_url":"https:\/\/www.sellerlogic.com\/lt\/resources\/success-story-univers-cake\/","og_site_name":"SELLERLOGIC - Smarte Tools f\u00fcr Amazon-Seller","article_publisher":"https:\/\/www.facebook.com\/SellerLogic\/","og_image":[{"width":2560,"height":1107,"url":"https:\/\/d2bw95mh2ee04s.cloudfront.net\/prod\/content\/wp-content\/uploads\/2020\/12\/23142710\/success-story-univers-cake-header-scaled.jpeg","type":"image\/jpeg"}],"twitter_card":"summary_large_image","twitter_site":"@sellerlogic","twitter_misc":{"Est. reading time":"3 minutes"},"schema":{"@context":"https:\/\/schema.org","@graph":[{"@type":"WebPage","@id":"https:\/\/www.sellerlogic.com\/lt\/resources\/success-story-univers-cake\/","url":"https:\/\/www.sellerlogic.com\/lt\/resources\/success-story-univers-cake\/","name":"Taip veikia Repricer ir Lost & Found kartu! | SELLERLOGIC","isPartOf":{"@id":"https:\/\/www.sellerlogic.com\/lt\/#website"},"primaryImageOfPage":{"@id":"https:\/\/www.sellerlogic.com\/lt\/resources\/success-story-univers-cake\/#primaryimage"},"image":{"@id":"https:\/\/www.sellerlogic.com\/lt\/resources\/success-story-univers-cake\/#primaryimage"},"thumbnailUrl":"https:\/\/d2bw95mh2ee04s.cloudfront.net\/prod\/content\/wp-content\/uploads\/2020\/12\/23142710\/success-story-univers-cake-header-scaled.jpeg","datePublished":"2020-12-21T10:32:03+00:00","description":"D\u0117ka Lost & Found, UP'NBOOST apmoka Repricer su FBA gr\u0105\u017einimais, kuriuos gauna. Speciali s\u0117km\u0117s istorija!","breadcrumb":{"@id":"https:\/\/www.sellerlogic.com\/lt\/resources\/success-story-univers-cake\/#breadcrumb"},"inLanguage":"lt-LT","potentialAction":[{"@type":"ReadAction","target":["https:\/\/www.sellerlogic.com\/lt\/resources\/success-story-univers-cake\/"]}]},{"@type":"ImageObject","inLanguage":"lt-LT","@id":"https:\/\/www.sellerlogic.com\/lt\/resources\/success-story-univers-cake\/#primaryimage","url":"https:\/\/d2bw95mh2ee04s.cloudfront.net\/prod\/content\/wp-content\/uploads\/2020\/12\/23142710\/success-story-univers-cake-header-scaled.jpeg","contentUrl":"https:\/\/d2bw95mh2ee04s.cloudfront.net\/prod\/content\/wp-content\/uploads\/2020\/12\/23142710\/success-story-univers-cake-header-scaled.jpeg","width":2560,"height":1107,"caption":"Valentine day baking background. Ingredients for cooking Valentine's heart cookies. Flour, eggs, sugar, spices on wooden background with red flower roses. Top view copy space."},{"@type":"BreadcrumbList","@id":"https:\/\/www.sellerlogic.com\/lt\/resources\/success-story-univers-cake\/#breadcrumb","itemListElement":[{"@type":"ListItem","position":1,"name":"Home","item":"https:\/\/www.sellerlogic.com\/lt\/"},{"@type":"ListItem","position":2,"name":"I\u0161tekliai EN","item":"https:\/\/www.sellerlogic.com\/lt\/resources\/"},{"@type":"ListItem","position":3,"name":"S\u0117km\u0117s istorija: Univers Cake EN"}]},{"@type":"WebSite","@id":"https:\/\/www.sellerlogic.com\/lt\/#website","url":"https:\/\/www.sellerlogic.com\/lt\/","name":"SELLERLOGIC - Smarte Tools f\u00fcr Amazon-Seller","description":"Intelligente Prozessoptimierung und Gewinnmaximierung","publisher":{"@id":"https:\/\/www.sellerlogic.com\/lt\/#organization"},"potentialAction":[{"@type":"SearchAction","target":{"@type":"EntryPoint","urlTemplate":"https:\/\/www.sellerlogic.com\/lt\/?s={search_term_string}"},"query-input":{"@type":"PropertyValueSpecification","valueRequired":true,"valueName":"search_term_string"}}],"inLanguage":"lt-LT"},{"@type":"Organization","@id":"https:\/\/www.sellerlogic.com\/lt\/#organization","name":"SELLERLOGIC","url":"https:\/\/www.sellerlogic.com\/lt\/","logo":{"@type":"ImageObject","inLanguage":"lt-LT","@id":"https:\/\/www.sellerlogic.com\/lt\/#\/schema\/logo\/image\/","url":"https:\/\/d2bw95mh2ee04s.cloudfront.net\/prod\/content\/wp-content\/uploads\/2025\/01\/02134814\/Property-Logo-Main.svg","contentUrl":"https:\/\/d2bw95mh2ee04s.cloudfront.net\/prod\/content\/wp-content\/uploads\/2025\/01\/02134814\/Property-Logo-Main.svg","width":184,"height":40,"caption":"SELLERLOGIC"},"image":{"@id":"https:\/\/www.sellerlogic.com\/lt\/#\/schema\/logo\/image\/"},"sameAs":["https:\/\/www.facebook.com\/SellerLogic\/","https:\/\/x.com\/sellerlogic","https:\/\/www.instagram.com\/sellerlogic\/","https:\/\/www.linkedin.com\/company\/18402037\/","https:\/\/www.youtube.com\/channel\/UC-gULUur-fNj08sprantKsQ"]}]}},"_links":{"self":[{"href":"https:\/\/www.sellerlogic.com\/lt\/wp-json\/wp\/v2\/pages\/224256","targetHints":{"allow":["GET"]}}],"collection":[{"href":"https:\/\/www.sellerlogic.com\/lt\/wp-json\/wp\/v2\/pages"}],"about":[{"href":"https:\/\/www.sellerlogic.com\/lt\/wp-json\/wp\/v2\/types\/page"}],"author":[{"embeddable":true,"href":"https:\/\/www.sellerlogic.com\/lt\/wp-json\/wp\/v2\/users\/3"}],"replies":[{"embeddable":true,"href":"https:\/\/www.sellerlogic.com\/lt\/wp-json\/wp\/v2\/comments?post=224256"}],"version-history":[{"count":0,"href":"https:\/\/www.sellerlogic.com\/lt\/wp-json\/wp\/v2\/pages\/224256\/revisions"}],"up":[{"embeddable":true,"href":"https:\/\/www.sellerlogic.com\/lt\/wp-json\/wp\/v2\/pages\/224502"}],"wp:featuredmedia":[{"embeddable":true,"href":"https:\/\/www.sellerlogic.com\/lt\/wp-json\/wp\/v2\/media\/5625"}],"wp:attachment":[{"href":"https:\/\/www.sellerlogic.com\/lt\/wp-json\/wp\/v2\/media?parent=224256"}],"curies":[{"name":"wp","href":"https:\/\/api.w.org\/{rel}","templated":true}]}}