
{"id":224259,"date":"2021-03-02T08:05:46","date_gmt":"2021-03-02T08:05:46","guid":{"rendered":"https:\/\/127.0.0.1\/resources\/success-story-groupe-dragon\/"},"modified":"2021-03-02T08:05:46","modified_gmt":"2021-03-02T08:05:46","slug":"success-story-groupe-dragon","status":"publish","type":"page","link":"https:\/\/www.sellerlogic.com\/lt\/resources\/success-story-groupe-dragon\/","title":{"rendered":"S\u0117km\u0117s istorija: Groupe Dragon EN"},"content":{"rendered":"\n\t<div  class=\"theme-wp-block theme-block-main-header desktop-content-align-y-center desktop-content-align-x-center xl-content-align-y-center xl-content-align-x-center lg-content-align-y-center lg-content-align-x-center md-content-align-y-center md-content-align-x-center sm-content-align-y-center sm-content-align-x-center gb-responsive-853195-identifier desktop-align-full xl-align-full lg-align-full md-align-full sm-align-full is-style-default theme-block-cover\">\n\t\t<div class=\"bg-cover theme-lazy-load-bg\"><\/div>\n\t\t<div class=\"wrap-content-main-header\">\n\t\t\t\t\t<div  class=\"theme-wp-block theme-block-text-and-text gb-responsive-170032-identifier desktop-vertical-center xl-vertical-center lg-vertical-center md-vertical-center sm-vertical-center md-blockDirection-column sm-blockDirection-column desktop-blockDirection-column xl-blockDirection-column lg-blockDirection-column is-style-default desktop-align-wide xl-align-wide lg-align-wide md-align-wide sm-align-wide alignwide\">\n\t\t<div class=\"tat-column-wrap-wrapper\">\n\t\t\t<div class=\"tat-column-wrapper\">\n\t\t\t\t\t<div  class=\"theme-wp-block theme-block-text-and-text-column gb-responsive-644092-identifier md-horizontal-center sm-horizontal-center xl-horizontal-center lg-horizontal-center desktop-horizontal-left\">\n\t\t<div class=\"inner-wrap-column-content\">\n\t\t\t<div class=\"inner-column-content\">\n\t\t\t\t\t\t<h1  class=\"theme-wp-block theme-block-heading is-style-default sm-text-center md-text-center desktop-text-center xl-text-center lg-text-center gb-responsive-113637-identifier desktop-align-full xl-align-full lg-align-full md-align-full sm-align-full alignfull h1 has-text-align\">\n\t\t<strong>N\u0117ra laiko, n\u0117ra darbo j\u0117gos, n\u0117ra i\u0161tekli\u0173<\/strong>\t<\/h1>\n\n\t\t<h2  class=\"theme-wp-block theme-block-heading desktop-gb-has-no-icon xl-gb-has-no-icon lg-gb-has-no-icon md-gb-has-no-icon sm-gb-has-no-icon gb-responsive-848621-identifier desktop-text-center xl-text-center lg-text-center md-text-center sm-text-center h3\">\n\t\t<strong>Kaip Groupe Dragon vis tiek gauna kompensacijas u\u017e kiekvien\u0105 FBA klaid\u0105<\/strong>\t<\/h2>\n\n\t\t\t<\/div>\n\t\t<\/div>\n\t<\/div>\n\t<div  class=\"theme-wp-block theme-block-text-and-text-column gb-responsive-840598-identifier desktop-horizontal-center xl-horizontal-center lg-horizontal-center md-horizontal-center sm-horizontal-center\">\n\t\t<div class=\"inner-wrap-column-content\">\n\t\t\t<div class=\"inner-column-content\">\n\t\t\t\t\t\t\t<\/div>\n\t\t<\/div>\n\t<\/div>\n\t\t\t<\/div>\n\t\t<\/div>\n\t<\/div>\n\n\t\t<\/div>\n\t<\/div>\n\n<div style=\"height:50px\" aria-hidden=\"true\" class=\"theme-wp-block wp-block-spacer\"><\/div><div class=\"theme-wp-block wp-block-columns gb-responsive-492868-identifier is-layout-flex wp-container-core-columns-is-layout-9d6595d7 wp-block-columns-is-layout-flex\"><div class=\"theme-wp-block wp-block-column gb-responsive-633979-identifier is-layout-flow wp-block-column-is-layout-flow\" style=\"flex-basis:25%\"><figure class=\"theme-wp-block wp-block-image size-large is-resized desktop-gb-has-no-icon xl-gb-has-no-icon lg-gb-has-no-icon md-gb-has-no-icon sm-gb-has-no-icon gb-responsive-595564-identifier\"><img decoding=\"async\" width=\"156\" height=\"156\" src=\"https:\/\/d2bw95mh2ee04s.cloudfront.net\/prod\/content\/wp-content\/uploads\/2021\/03\/23142640\/logo2_groupe-dragon-edited.png\" alt=\"S\u0117km\u0117s istorija: Groupe Dragon EN\" class=\"wp-image-8499\" style=\"width:156px;height:156px\"><\/figure><p class=\"theme-wp-block desktop-gb-has-no-icon xl-gb-has-no-icon lg-gb-has-no-icon md-gb-has-no-icon sm-gb-has-no-icon gb-responsive-471154-identifier\"><strong><strong>\u012ek\u016brimas<\/strong>:<\/strong><br>2011<\/p><p class=\"theme-wp-block desktop-gb-has-no-icon xl-gb-has-no-icon lg-gb-has-no-icon md-gb-has-no-icon sm-gb-has-no-icon gb-responsive-988471-identifier\"><strong><strong>Pramon\u0117<\/strong>:<\/strong><br>ATSARGIN\u0116S DALYS IR ELEKTRONINIAI NAM\u0172 \u012eRENGINIAI<\/p><p class=\"theme-wp-block desktop-gb-has-no-icon xl-gb-has-no-icon lg-gb-has-no-icon md-gb-has-no-icon sm-gb-has-no-icon gb-responsive-290042-identifier\"><strong><strong>Prek\u0117s Amazon:\u00a0<\/strong><\/strong><br>apie 177,000 SKU<\/p><p class=\"theme-wp-block desktop-gb-has-no-icon xl-gb-has-no-icon lg-gb-has-no-icon md-gb-has-no-icon sm-gb-has-no-icon gb-responsive-427484-identifier\"><strong><strong>Siuntos<\/strong>:\u00a0<\/strong><br>apie 37,000 per m\u0117nes\u012f<\/p><\/div><div class=\"theme-wp-block wp-block-column gb-responsive-243785-identifier is-layout-flow wp-block-column-is-layout-flow\" style=\"flex-basis:50%\"><h3 class=\"theme-wp-block wp-block-heading desktop-gb-has-no-icon xl-gb-has-no-icon lg-gb-has-no-icon md-gb-has-no-icon sm-gb-has-no-icon gb-responsive-998927-identifier\" id=\"block-c06fce04-ef87-4ffc-a3d6-b768ba377d17\">Fonas:<\/h3><p class=\"theme-wp-block gb-responsive-710769-identifier\">Groupe Dragon yra viena s\u0117kmingiausi\u0173 Pranc\u016bzijos \u012fmoni\u0173 Amazon rinkoje. Ir tam yra prie\u017eastis: prie\u0161 tai, kai Groupe Dragon \u012fk\u016br\u0117jas tapo Amazon pardav\u0117ju, jis dirbo pilnu etatu kaip elektros prietais\u0173 remontininkas. \u201eNet tada jis savo parduotuv\u0117je si\u016bl\u0117 atsargines dalis\u201c, sako Florent Noualy, pirkim\u0173 ir rinkos strategijos vadovas. \u201eJis suprato, kad elektros prietaisai dabar sugenda daug lengviau nei anks\u010diau.\u201c<\/p><p class=\"theme-wp-block gb-responsive-502902-identifier\">Be to, atsirado nauj\u0173 teisini\u0173 reglament\u0173, kurie reikalavo, kad gamintojai, pavyzd\u017eiui, laikyt\u0173 atsargines dalis sand\u0117lyje tam tikr\u0105 laikotarp\u012f. D\u0117l \u0161i\u0173 poky\u010di\u0173 pastebimai i\u0161augo paklausa remontui skirt\u0173 preki\u0173, ypa\u010d internetu. Sprendimas taip pat pasi\u016blyti atsargines dalis internetu buvo puikus: \u0161iuo metu Groupe Dragon yra tarp 5 s\u0117kmingiausi\u0173 Pranc\u016bzijos Amazon pardav\u0117j\u0173.<\/p><h3 class=\"theme-wp-block wp-block-heading desktop-gb-has-no-icon xl-gb-has-no-icon lg-gb-has-no-icon md-gb-has-no-icon sm-gb-has-no-icon gb-responsive-686902-identifier\">Pradin\u0117 situacija:<\/h3><p class=\"theme-wp-block gb-responsive-145505-identifier\">Ta\u010diau, su savo s\u0117kme, Groupe Dragon taip pat susid\u016br\u0117 su naujais i\u0161\u0161\u016bkiais, kuriuos reik\u0117jo \u012fveikti. \u201eVienas i\u0161 j\u0173 buvo tarptautinimas. Amazon buvo didel\u0117 pagalba, nes jos lengvas prieinamumas prie kit\u0173 rink\u0173 rei\u0161k\u0117, kad m\u016bs\u0173 \u012fmon\u0117 nuolat augo\u201c, sako Florent Noualy. Vokietijos rinka net tapo pagrindiniu pardavim\u0173 kanalu.<\/p><p class=\"theme-wp-block gb-responsive-223640-identifier\">Ta\u010diau pl\u0117tra per Amazon taip pat atv\u0117r\u0117 keli\u0105 Groupe Dragon pasi\u016blyti prekinius \u017eenklus i\u0161 Dyson arba Elektrolux. \u201eTai masi\u0161kai padidino m\u016bs\u0173 u\u017esakym\u0173 ir sand\u0117lio apimtis. Kai prisijungiau prie komandos 2015 metais, gana greitai tapo ai\u0161ku, kad ateityje tur\u0117sime pereiti prie FBA. Mums tai buvo geriausias pasirinkimas.\u201c<\/p><h3 class=\"theme-wp-block wp-block-heading desktop-gb-has-no-icon xl-gb-has-no-icon lg-gb-has-no-icon md-gb-has-no-icon sm-gb-has-no-icon gb-responsive-423206-identifier\">Sprendimas:<\/h3><p class=\"theme-wp-block gb-responsive-405561-identifier\">Tada Noualy gavo \u017einut\u0119 per LinkedIn i\u0161 Monikos, m\u016bs\u0173 Pardavim\u0173 pl\u0117tros atstov\u0117s SELLERLOGIC. \u201eA\u0161 jau \u017einojau SELLERLOGIC\u201c, prisimena Noualy, \u201eir a\u0161 i\u0161 karto susidom\u0117jau Lost &#038; Found. Man jau tuo metu buvo ai\u0161ku, kad mums tr\u016bksta svarbios informacijos apie m\u016bs\u0173 FBA procesus.\u201c Be to, n\u0117 vienas i\u0161 Groupe Dragon komandos nari\u0173 nebuvo paj\u0117gus analizuoti did\u017eiuli\u0173 duomen\u0173 apim\u010di\u0173, kurias analizuoja Lost &#038; Found.<\/p><p class=\"theme-wp-block gb-responsive-793217-identifier\">\u201eNors mes jau kelerius metus parduodame per Amazon ir turime tvirt\u0105 supratim\u0105, kaip tai veikia\u201c, priduria Noualy, \u201emes netur\u0117jome pakankamai ekspertiz\u0117s, kad identifikuotume vis\u0173 tip\u0173 klaidas.\u201c<br>Buvo kriti\u0161kai svarbu suvaldyti \u0161i\u0105 situacij\u0105. \u201eKai a\u0161 aktyvavau Lost &#038; Found, tada jau tik\u0117jausi, kad \u012frankis identifikuos daug FBA klaid\u0173. Bet a\u0161 niekada nesitik\u0117jau tokio kiekio!\u201c<\/p><div class=\"theme-block-group-wrap\"><div class=\"theme-wp-block wp-block-group gb-responsive-88118-identifier\">\t\t<div  class=\"theme-wp-block theme-block-user-card gb-responsive-799176-identifier is-style-full-width-line desktop-gb-has-no-icon xl-gb-has-no-icon lg-gb-has-no-icon md-gb-has-no-icon sm-gb-has-no-icon\">\n\t\t<div class=\"wrap-inner-content\">\n\t\t\t<div class=\"card-user-head\">\n\t\t\t\t<div class=\"card-user-avatar\">\n\t\t\t\t\t<div class=\"cover-avatar\" style=\"background-image: url(https:\/\/d2bw95mh2ee04s.cloudfront.net\/prod\/content\/wp-content\/uploads\/2021\/03\/23142640\/florent_groupe-dragon-raute.png);\"><\/div>\n\t\t\t\t<\/div>\n\t\t\t\t<div class=\"wrap-title\">\n\t\t\t\t\t<div class=\"card-user-name\">\n\t\t\t\t\t\t<div class=\"title\">\n\t\t\t\t\t\t\t<h3 class=\"heading-text\"><strong>Florent Noualy<\/strong><\/h3>\n\t\t\t\t\t\t<\/div>\n\t\t\t\t\t\t<div class=\"card-user-position\">\n\t\t\t\t\t\t\t<div class=\"card-text\"><strong>Pirkim\u0173 ir rinkos strategijos vadovas<\/strong><\/div>\n\t\t\t\t\t\t<\/div>\n\t\t\t\t\t<\/div>\n\t\t\t\t\t<div class=\"card-user-quote-icon\">\n\t\t\t\t\t<\/div>\n\t\t\t\t<\/div>\n\t\t\t<\/div>\n\t\t\t<div class=\"card-user-text\">\n\t\t\t\t<div class=\"card-text\"><p>\u201eBuvo visi\u0161kai nepriimtina toliau prarasti tiek daug pinig\u0173, tod\u0117l sprendimas tapo ai\u0161kus: mes toliau naudotume Lost &amp; Found.\u201c<\/p><\/div>\n\t\t\t<\/div>\n\t\t<\/div>\n\t<\/div>\n\n<\/div><\/div><h3 class=\"theme-wp-block wp-block-heading desktop-gb-has-no-icon xl-gb-has-no-icon lg-gb-has-no-icon md-gb-has-no-icon sm-gb-has-no-icon gb-responsive-599569-identifier\">S\u0117kmingi rezultatai su SELLERLOGIC:<\/h3><p class=\"theme-wp-block gb-responsive-44628-identifier\">Pirmasis Lost &#038; Found paleidimas atskleid\u0117 360 klaid\u0173. Noualy buvo \u0161okiruotas. \u201eBuvo visi\u0161kai nepriimtina mums toliau prarasti tiek daug pinig\u0173, tod\u0117l sprendimas buvo ai\u0161kus: mes toliau naudotume Lost &#038; Found.\u201c Tai pasirod\u0117 es\u0105s geras sprendimas. Iki \u0161iol Lost &#038; Found atne\u0161\u0117 \u012fmonei apie 25 000 eur\u0173 gr\u0105\u017einim\u0173, kurie kitaip b\u016bt\u0173 buv\u0119 prarasti.<\/p><p class=\"theme-wp-block gb-responsive-8364-identifier\">Bet tai dar ne viskas. Be to, SELLERLOGIC Groupe Dragon sprendimas taip pat taupo mums daug kit\u0173 i\u0161tekli\u0173, toki\u0173 kaip laikas ir darbo j\u0117ga. \u201eBendravimas su Amazon taip pat tapo lengvesnis, nes Lost &#038; Found visada suteikia mums reikiam\u0105 informacij\u0105.\u201c Tai apima, pavyzd\u017eiui, \u0161ablonus, kuriuos Groupe Dragon gali naudoti, kad i\u0161 karto atsakyt\u0173 \u012f Amazon automatizuotus atsakymus. \u201eViskas, k\u0105 mums reikia padaryti, tai tiesiog nukopijuoti \u0161iuos \u0161ablonus. Visk\u0105, k\u0105 turime \u017einoti apie klaid\u0105, galima ai\u0161kiai rasti Lost &#038; Found.\u201c<\/p><p class=\"theme-wp-block gb-responsive-936816-identifier\">Florent Noualy taip pat entuziastingai vertina SELLERLOGIC, nes klient\u0173 aptarnavimas yra \u012ftrauktas \u012f kain\u0105: \u201eJei kyla koki\u0173 nors problem\u0173 su viena i\u0161 atvir\u0173 byl\u0173, SELLERLOGIC komanda visada yra pasiekiama ir daro visk\u0105, k\u0105 gali, kad pad\u0117t\u0173 savo klientams ir u\u017edaryt\u0173 byl\u0105 su geriausiu galimu rezultatu.<\/p><div class=\"theme-wp-block wp-block-buttons desktop-gb-has-no-icon xl-gb-has-no-icon lg-gb-has-no-icon md-gb-has-no-icon sm-gb-has-no-icon gb-responsive-237208-identifier is-layout-flex wp-block-buttons-is-layout-flex\"><div class=\"theme-wp-block wp-block-button is-style-theme-transparent-with-arrow gb-responsive-303674-identifier\"><a class=\"wp-block-button__link wp-element-button\" href=\"https:\/\/d2bw95mh2ee04s.cloudfront.net\/prod\/content\/files\/SUCCESS-STORIES\/EN\/SELLERLOGIC_Success-Story_Groupe-Dragon_EN.pdf\" target=\"_blank\" rel=\"noreferrer noopener nofollow\">Atsisi\u0173sti dabar!<\/a><\/div><\/div><\/div><div class=\"theme-wp-block wp-block-column gb-responsive-252189-identifier is-layout-flow wp-block-column-is-layout-flow\" style=\"flex-basis:25%\"><\/div><\/div><p class=\"theme-wp-block gb-responsive-208920-identifier\"><\/p>","protected":false},"excerpt":{"rendered":"<p>\u012ek\u016brimas:2011 Pramon\u0117:ATSARGIN\u0116S DALYS IR ELEKTRONINIAI NAM\u0172 \u012eRENGINIAI Prek\u0117s Amazon:\u00a0apie 177,000 SKU Siuntos:\u00a0apie 37,000 per m\u0117nes\u012f Fonas: Groupe Dragon yra viena s\u0117kmingiausi\u0173 Pranc\u016bzijos \u012fmoni\u0173 Amazon rinkoje. Ir tam yra prie\u017eastis: prie\u0161 tai, kai Groupe Dragon \u012fk\u016br\u0117jas tapo Amazon pardav\u0117ju, jis dirbo pilnu etatu kaip elektros prietais\u0173 remontininkas. \u201eNet tada jis savo parduotuv\u0117je si\u016bl\u0117 atsargines dalis\u201c, sako<\/p>\n","protected":false},"author":3,"featured_media":8511,"parent":224502,"menu_order":0,"comment_status":"closed","ping_status":"closed","template":"","meta":{"sidebar_recommended_resources":{"data":[]},"sidebar_header_settings":{"hide_buttons":{"register":false}},"_use_new_theme":false,"inline_featured_image":false,"footnotes":""},"class_list":["post-224259","page","type-page","status-publish","has-post-thumbnail","hentry"],"yoast_head":"<!-- This site is optimized with the Yoast SEO plugin v26.8 - https:\/\/yoast.com\/product\/yoast-seo-wordpress\/ -->\n<title>S\u0117km\u0117s istorija: Groupe Dragon ir Lost &amp; Found | SELLERLOGIC<\/title>\n<meta name=\"description\" content=\"N\u0117ra laiko, n\u0117ra darbo j\u0117gos, n\u0117ra i\u0161tekli\u0173: kaip Groupe Dragon vis tiek gauna kiekvien\u0105 FBA klaid\u0105 gr\u0105\u017eint\u0105. Skaitykite dabar ir su\u017einokite daugiau!\" \/>\n<meta name=\"robots\" content=\"index, follow, max-snippet:-1, max-image-preview:large, max-video-preview:-1\" \/>\n<link rel=\"canonical\" href=\"https:\/\/www.sellerlogic.com\/lt\/resources\/success-story-groupe-dragon\/\" \/>\n<meta property=\"og:locale\" content=\"lt_LT\" \/>\n<meta property=\"og:type\" content=\"article\" \/>\n<meta property=\"og:title\" content=\"S\u0117km\u0117s istorija: Groupe Dragon ir Lost &amp; Found | SELLERLOGIC\" \/>\n<meta property=\"og:description\" content=\"N\u0117ra laiko, n\u0117ra darbo j\u0117gos, n\u0117ra i\u0161tekli\u0173: kaip Groupe Dragon vis tiek gauna kiekvien\u0105 FBA klaid\u0105 gr\u0105\u017eint\u0105. Skaitykite dabar ir su\u017einokite daugiau!\" \/>\n<meta property=\"og:url\" content=\"https:\/\/www.sellerlogic.com\/lt\/resources\/success-story-groupe-dragon\/\" \/>\n<meta property=\"og:site_name\" content=\"SELLERLOGIC - Smarte Tools f\u00fcr Amazon-Seller\" \/>\n<meta property=\"article:publisher\" content=\"https:\/\/www.facebook.com\/SellerLogic\/\" \/>\n<meta property=\"og:image\" content=\"https:\/\/d2bw95mh2ee04s.cloudfront.net\/prod\/content\/wp-content\/uploads\/2021\/03\/23142639\/wp-header_groupe-dragon.jpeg\" \/>\n\t<meta property=\"og:image:width\" content=\"2000\" \/>\n\t<meta property=\"og:image:height\" content=\"1333\" \/>\n\t<meta property=\"og:image:type\" content=\"image\/jpeg\" \/>\n<meta name=\"twitter:card\" content=\"summary_large_image\" \/>\n<meta name=\"twitter:site\" content=\"@sellerlogic\" \/>\n<meta name=\"twitter:label1\" content=\"Est. reading time\" \/>\n\t<meta name=\"twitter:data1\" content=\"4 minutes\" \/>\n<script type=\"application\/ld+json\" class=\"yoast-schema-graph\">{\"@context\":\"https:\/\/schema.org\",\"@graph\":[{\"@type\":\"WebPage\",\"@id\":\"https:\/\/www.sellerlogic.com\/lt\/resources\/success-story-groupe-dragon\/\",\"url\":\"https:\/\/www.sellerlogic.com\/lt\/resources\/success-story-groupe-dragon\/\",\"name\":\"S\u0117km\u0117s istorija: Groupe Dragon ir Lost & Found | SELLERLOGIC\",\"isPartOf\":{\"@id\":\"https:\/\/www.sellerlogic.com\/lt\/#website\"},\"primaryImageOfPage\":{\"@id\":\"https:\/\/www.sellerlogic.com\/lt\/resources\/success-story-groupe-dragon\/#primaryimage\"},\"image\":{\"@id\":\"https:\/\/www.sellerlogic.com\/lt\/resources\/success-story-groupe-dragon\/#primaryimage\"},\"thumbnailUrl\":\"https:\/\/d2bw95mh2ee04s.cloudfront.net\/prod\/content\/wp-content\/uploads\/2021\/03\/23142639\/wp-header_groupe-dragon.jpeg\",\"datePublished\":\"2021-03-02T08:05:46+00:00\",\"description\":\"N\u0117ra laiko, n\u0117ra darbo j\u0117gos, n\u0117ra i\u0161tekli\u0173: kaip Groupe Dragon vis tiek gauna kiekvien\u0105 FBA klaid\u0105 gr\u0105\u017eint\u0105. Skaitykite dabar ir su\u017einokite daugiau!\",\"breadcrumb\":{\"@id\":\"https:\/\/www.sellerlogic.com\/lt\/resources\/success-story-groupe-dragon\/#breadcrumb\"},\"inLanguage\":\"lt-LT\",\"potentialAction\":[{\"@type\":\"ReadAction\",\"target\":[\"https:\/\/www.sellerlogic.com\/lt\/resources\/success-story-groupe-dragon\/\"]}]},{\"@type\":\"ImageObject\",\"inLanguage\":\"lt-LT\",\"@id\":\"https:\/\/www.sellerlogic.com\/lt\/resources\/success-story-groupe-dragon\/#primaryimage\",\"url\":\"https:\/\/d2bw95mh2ee04s.cloudfront.net\/prod\/content\/wp-content\/uploads\/2021\/03\/23142639\/wp-header_groupe-dragon.jpeg\",\"contentUrl\":\"https:\/\/d2bw95mh2ee04s.cloudfront.net\/prod\/content\/wp-content\/uploads\/2021\/03\/23142639\/wp-header_groupe-dragon.jpeg\",\"width\":2000,\"height\":1333,\"caption\":\"electrical tools and equipment on wooden background with copy space\"},{\"@type\":\"BreadcrumbList\",\"@id\":\"https:\/\/www.sellerlogic.com\/lt\/resources\/success-story-groupe-dragon\/#breadcrumb\",\"itemListElement\":[{\"@type\":\"ListItem\",\"position\":1,\"name\":\"Home\",\"item\":\"https:\/\/www.sellerlogic.com\/lt\/\"},{\"@type\":\"ListItem\",\"position\":2,\"name\":\"I\u0161tekliai EN\",\"item\":\"https:\/\/127.0.0.1\/de\/ressourcen\/\"},{\"@type\":\"ListItem\",\"position\":3,\"name\":\"S\u0117km\u0117s istorija: Groupe Dragon EN\"}]},{\"@type\":\"WebSite\",\"@id\":\"https:\/\/www.sellerlogic.com\/lt\/#website\",\"url\":\"https:\/\/www.sellerlogic.com\/lt\/\",\"name\":\"SELLERLOGIC - Smarte Tools f\u00fcr Amazon-Seller\",\"description\":\"Intelligente Prozessoptimierung und Gewinnmaximierung\",\"publisher\":{\"@id\":\"https:\/\/www.sellerlogic.com\/lt\/#organization\"},\"potentialAction\":[{\"@type\":\"SearchAction\",\"target\":{\"@type\":\"EntryPoint\",\"urlTemplate\":\"https:\/\/www.sellerlogic.com\/lt\/?s={search_term_string}\"},\"query-input\":{\"@type\":\"PropertyValueSpecification\",\"valueRequired\":true,\"valueName\":\"search_term_string\"}}],\"inLanguage\":\"lt-LT\"},{\"@type\":\"Organization\",\"@id\":\"https:\/\/www.sellerlogic.com\/lt\/#organization\",\"name\":\"SELLERLOGIC\",\"url\":\"https:\/\/www.sellerlogic.com\/lt\/\",\"logo\":{\"@type\":\"ImageObject\",\"inLanguage\":\"lt-LT\",\"@id\":\"https:\/\/www.sellerlogic.com\/lt\/#\/schema\/logo\/image\/\",\"url\":\"https:\/\/d2bw95mh2ee04s.cloudfront.net\/prod\/content\/wp-content\/uploads\/2025\/01\/02134814\/Property-Logo-Main.svg\",\"contentUrl\":\"https:\/\/d2bw95mh2ee04s.cloudfront.net\/prod\/content\/wp-content\/uploads\/2025\/01\/02134814\/Property-Logo-Main.svg\",\"width\":184,\"height\":40,\"caption\":\"SELLERLOGIC\"},\"image\":{\"@id\":\"https:\/\/www.sellerlogic.com\/lt\/#\/schema\/logo\/image\/\"},\"sameAs\":[\"https:\/\/www.facebook.com\/SellerLogic\/\",\"https:\/\/x.com\/sellerlogic\",\"https:\/\/www.instagram.com\/sellerlogic\/\",\"https:\/\/www.linkedin.com\/company\/18402037\/\",\"https:\/\/www.youtube.com\/channel\/UC-gULUur-fNj08sprantKsQ\"]}]}<\/script>\n<!-- \/ Yoast SEO plugin. -->","yoast_head_json":{"title":"S\u0117km\u0117s istorija: Groupe Dragon ir Lost & Found | SELLERLOGIC","description":"N\u0117ra laiko, n\u0117ra darbo j\u0117gos, n\u0117ra i\u0161tekli\u0173: kaip Groupe Dragon vis tiek gauna kiekvien\u0105 FBA klaid\u0105 gr\u0105\u017eint\u0105. Skaitykite dabar ir su\u017einokite daugiau!","robots":{"index":"index","follow":"follow","max-snippet":"max-snippet:-1","max-image-preview":"max-image-preview:large","max-video-preview":"max-video-preview:-1"},"canonical":"https:\/\/www.sellerlogic.com\/lt\/resources\/success-story-groupe-dragon\/","og_locale":"lt_LT","og_type":"article","og_title":"S\u0117km\u0117s istorija: Groupe Dragon ir Lost & Found | SELLERLOGIC","og_description":"N\u0117ra laiko, n\u0117ra darbo j\u0117gos, n\u0117ra i\u0161tekli\u0173: kaip Groupe Dragon vis tiek gauna kiekvien\u0105 FBA klaid\u0105 gr\u0105\u017eint\u0105. Skaitykite dabar ir su\u017einokite daugiau!","og_url":"https:\/\/www.sellerlogic.com\/lt\/resources\/success-story-groupe-dragon\/","og_site_name":"SELLERLOGIC - Smarte Tools f\u00fcr Amazon-Seller","article_publisher":"https:\/\/www.facebook.com\/SellerLogic\/","og_image":[{"width":2000,"height":1333,"url":"https:\/\/d2bw95mh2ee04s.cloudfront.net\/prod\/content\/wp-content\/uploads\/2021\/03\/23142639\/wp-header_groupe-dragon.jpeg","type":"image\/jpeg"}],"twitter_card":"summary_large_image","twitter_site":"@sellerlogic","twitter_misc":{"Est. reading time":"4 minutes"},"schema":{"@context":"https:\/\/schema.org","@graph":[{"@type":"WebPage","@id":"https:\/\/www.sellerlogic.com\/lt\/resources\/success-story-groupe-dragon\/","url":"https:\/\/www.sellerlogic.com\/lt\/resources\/success-story-groupe-dragon\/","name":"S\u0117km\u0117s istorija: Groupe Dragon ir Lost & Found | SELLERLOGIC","isPartOf":{"@id":"https:\/\/www.sellerlogic.com\/lt\/#website"},"primaryImageOfPage":{"@id":"https:\/\/www.sellerlogic.com\/lt\/resources\/success-story-groupe-dragon\/#primaryimage"},"image":{"@id":"https:\/\/www.sellerlogic.com\/lt\/resources\/success-story-groupe-dragon\/#primaryimage"},"thumbnailUrl":"https:\/\/d2bw95mh2ee04s.cloudfront.net\/prod\/content\/wp-content\/uploads\/2021\/03\/23142639\/wp-header_groupe-dragon.jpeg","datePublished":"2021-03-02T08:05:46+00:00","description":"N\u0117ra laiko, n\u0117ra darbo j\u0117gos, n\u0117ra i\u0161tekli\u0173: kaip Groupe Dragon vis tiek gauna kiekvien\u0105 FBA klaid\u0105 gr\u0105\u017eint\u0105. Skaitykite dabar ir su\u017einokite daugiau!","breadcrumb":{"@id":"https:\/\/www.sellerlogic.com\/lt\/resources\/success-story-groupe-dragon\/#breadcrumb"},"inLanguage":"lt-LT","potentialAction":[{"@type":"ReadAction","target":["https:\/\/www.sellerlogic.com\/lt\/resources\/success-story-groupe-dragon\/"]}]},{"@type":"ImageObject","inLanguage":"lt-LT","@id":"https:\/\/www.sellerlogic.com\/lt\/resources\/success-story-groupe-dragon\/#primaryimage","url":"https:\/\/d2bw95mh2ee04s.cloudfront.net\/prod\/content\/wp-content\/uploads\/2021\/03\/23142639\/wp-header_groupe-dragon.jpeg","contentUrl":"https:\/\/d2bw95mh2ee04s.cloudfront.net\/prod\/content\/wp-content\/uploads\/2021\/03\/23142639\/wp-header_groupe-dragon.jpeg","width":2000,"height":1333,"caption":"electrical tools and equipment on wooden background with copy space"},{"@type":"BreadcrumbList","@id":"https:\/\/www.sellerlogic.com\/lt\/resources\/success-story-groupe-dragon\/#breadcrumb","itemListElement":[{"@type":"ListItem","position":1,"name":"Home","item":"https:\/\/www.sellerlogic.com\/lt\/"},{"@type":"ListItem","position":2,"name":"I\u0161tekliai EN","item":"https:\/\/127.0.0.1\/de\/ressourcen\/"},{"@type":"ListItem","position":3,"name":"S\u0117km\u0117s istorija: Groupe Dragon EN"}]},{"@type":"WebSite","@id":"https:\/\/www.sellerlogic.com\/lt\/#website","url":"https:\/\/www.sellerlogic.com\/lt\/","name":"SELLERLOGIC - Smarte Tools f\u00fcr Amazon-Seller","description":"Intelligente Prozessoptimierung und Gewinnmaximierung","publisher":{"@id":"https:\/\/www.sellerlogic.com\/lt\/#organization"},"potentialAction":[{"@type":"SearchAction","target":{"@type":"EntryPoint","urlTemplate":"https:\/\/www.sellerlogic.com\/lt\/?s={search_term_string}"},"query-input":{"@type":"PropertyValueSpecification","valueRequired":true,"valueName":"search_term_string"}}],"inLanguage":"lt-LT"},{"@type":"Organization","@id":"https:\/\/www.sellerlogic.com\/lt\/#organization","name":"SELLERLOGIC","url":"https:\/\/www.sellerlogic.com\/lt\/","logo":{"@type":"ImageObject","inLanguage":"lt-LT","@id":"https:\/\/www.sellerlogic.com\/lt\/#\/schema\/logo\/image\/","url":"https:\/\/d2bw95mh2ee04s.cloudfront.net\/prod\/content\/wp-content\/uploads\/2025\/01\/02134814\/Property-Logo-Main.svg","contentUrl":"https:\/\/d2bw95mh2ee04s.cloudfront.net\/prod\/content\/wp-content\/uploads\/2025\/01\/02134814\/Property-Logo-Main.svg","width":184,"height":40,"caption":"SELLERLOGIC"},"image":{"@id":"https:\/\/www.sellerlogic.com\/lt\/#\/schema\/logo\/image\/"},"sameAs":["https:\/\/www.facebook.com\/SellerLogic\/","https:\/\/x.com\/sellerlogic","https:\/\/www.instagram.com\/sellerlogic\/","https:\/\/www.linkedin.com\/company\/18402037\/","https:\/\/www.youtube.com\/channel\/UC-gULUur-fNj08sprantKsQ"]}]}},"_links":{"self":[{"href":"https:\/\/www.sellerlogic.com\/lt\/wp-json\/wp\/v2\/pages\/224259","targetHints":{"allow":["GET"]}}],"collection":[{"href":"https:\/\/www.sellerlogic.com\/lt\/wp-json\/wp\/v2\/pages"}],"about":[{"href":"https:\/\/www.sellerlogic.com\/lt\/wp-json\/wp\/v2\/types\/page"}],"author":[{"embeddable":true,"href":"https:\/\/www.sellerlogic.com\/lt\/wp-json\/wp\/v2\/users\/3"}],"replies":[{"embeddable":true,"href":"https:\/\/www.sellerlogic.com\/lt\/wp-json\/wp\/v2\/comments?post=224259"}],"version-history":[{"count":0,"href":"https:\/\/www.sellerlogic.com\/lt\/wp-json\/wp\/v2\/pages\/224259\/revisions"}],"up":[{"embeddable":true,"href":"https:\/\/www.sellerlogic.com\/lt\/wp-json\/wp\/v2\/pages\/224502"}],"wp:featuredmedia":[{"embeddable":true,"href":"https:\/\/www.sellerlogic.com\/lt\/wp-json\/wp\/v2\/media\/8511"}],"wp:attachment":[{"href":"https:\/\/www.sellerlogic.com\/lt\/wp-json\/wp\/v2\/media?parent=224259"}],"curies":[{"name":"wp","href":"https:\/\/api.w.org\/{rel}","templated":true}]}}