
{"id":224274,"date":"2022-03-17T08:40:47","date_gmt":"2022-03-17T08:40:47","guid":{"rendered":"https:\/\/127.0.0.1\/registration-for-the-webinar\/"},"modified":"2022-03-17T08:40:47","modified_gmt":"2022-03-17T08:40:47","slug":"registration-for-the-webinar","status":"publish","type":"page","link":"https:\/\/www.sellerlogic.com\/lt\/registration-for-the-webinar\/","title":{"rendered":"Registracija \u012f webinar\u0105"},"content":{"rendered":"\n\t<div  class=\"theme-wp-block theme-block-main-header desktop-content-align-y-center desktop-content-align-x-center xl-content-align-y-center xl-content-align-x-center lg-content-align-y-center lg-content-align-x-center md-content-align-y-center md-content-align-x-center sm-content-align-y-center sm-content-align-x-center gb-responsive-349165-identifier desktop-align-full xl-align-full lg-align-full md-align-full sm-align-full is-style-default theme-block-cover\">\n\t\t<div class=\"bg-cover theme-lazy-load-bg\"><\/div>\n\t\t<div class=\"wrap-content-main-header\">\n\t\t\t\t\t<div  class=\"theme-wp-block theme-block-text-and-text desktop-align-wide xl-align-wide lg-align-wide md-align-wide sm-align-wide desktop-blockDirection-row xl-blockDirection-row lg-blockDirection-row md-blockDirection-row sm-blockDirection-row gb-responsive-473561-identifier desktop-vertical-center xl-vertical-center lg-vertical-center md-vertical-center sm-vertical-center alignwide\">\n\t\t<div class=\"tat-column-wrap-wrapper\">\n\t\t\t<div class=\"tat-column-wrapper\">\n\t\t\t\t\t<div  class=\"theme-wp-block theme-block-text-and-text-column gb-responsive-667797-identifier desktop-horizontal-center xl-horizontal-center lg-horizontal-center md-horizontal-center sm-horizontal-center\">\n\t\t<div class=\"inner-wrap-column-content\">\n\t\t\t<div class=\"inner-column-content\">\n\t\t\t\t<div class=\"theme-wp-block wp-block-columns are-vertically-aligned-center gb-responsive-685022-identifier is-layout-flex wp-container-core-columns-is-layout-9d6595d7 wp-block-columns-is-layout-flex\"><div class=\"theme-wp-block wp-block-column is-vertically-aligned-center gb-responsive-821359-identifier is-layout-flow wp-block-column-is-layout-flow\"><div class=\"theme-block-group-wrap\"><div class=\"theme-wp-block wp-block-group gb-responsive-395462-identifier has-white-color has-text-color\"><h1 class=\"theme-wp-block wp-block-heading has-text-align-center gb-responsive-181751-identifier desktop-text-center xl-text-center lg-text-center md-text-center sm-text-center\">Ar norite pa\u017evelgti u\u017e \u201eAmazon\u201c horizonto?<\/h1><h2 class=\"theme-wp-block wp-block-heading has-text-align-center gb-responsive-42443-identifier desktop-text-center xl-text-center lg-text-center md-text-center sm-text-center\">Tada registruokit\u0117s \u012f m\u016bs\u0173 webinar\u0105!<\/h2><hr class=\"theme-wp-block wp-block-separator has-css-opacity\"><\/hr><\/div><\/div><\/div><div class=\"theme-wp-block wp-block-column is-vertically-aligned-center gb-responsive-247885-identifier is-layout-flow wp-block-column-is-layout-flow\"><div class=\"theme-block-group-wrap\"><div class=\"theme-wp-block wp-block-group gb-responsive-539307-identifier has-theme-light-gray-background-color has-background\"><h3 class=\"theme-wp-block wp-block-heading has-text-align-center gb-responsive-488462-identifier desktop-text-center xl-text-center lg-text-center md-text-center sm-text-center\">B\u016bkite ten nuo pat prad\u017ei\u0173!<\/h3><div id=\"webinar-form\" class=\"theme-wp-block webinar-form\" style=\"position: relative;\"><p>\u012eveskite savo vard\u0105 ir el. pa\u0161to adres\u0105, kad u\u017esiregistruotum\u0117te \u012f m\u016bs\u0173 webinar\u0105.<br><\/p><form id=\"leadform\" action=\"#\" method=\"post\"><input type=\"text\" name=\"name\" id=\"name\" placeholder=\"J\u016bs\u0173 vardas\" required=\"required\" style=\"padding: 10px; font-size: 18px; width: 100%; margin-bottom: 15px; color: rgb(88, 88, 88);\"><\/input><input type=\"email\" name=\"email\" id=\"email\" placeholder=\"J\u016bs\u0173 el. pa\u0161to adresas\" required=\"required\" data-com-onepassword-filled=\"light\" style=\"padding: 10px; font-size: 18px; width: 100%; margin-bottom: 15px; color: rgb(88, 88, 88);\"><\/input><input type=\"submit\" value=\"Registruokit\u0117s nemokamai dabar\" id=\"submit\" style=\"padding: 10px; font-size: 18px; width: 100%; margin-bottom: 15px; color: rgb(255, 255, 255); background-color: rgb(255, 170, 1); cursor: pointer;\"><\/input><p style=\"margin-bottom: 10px; font-size: 12px;\">Duomen\u0173 apdorojimas vykdomas laikantis m\u016bs\u0173 <a href=\"https:\/\/www.sellerlogic.com\/en\/privacy-policy\/\" target=\"_blank\" draggable=\"false\" rel=\"noopener noreferrer\">privatumo politikos<\/a>. Registruodamiesi \u017eemiau, sutinkate, kad SELLERLOGIC GmbH gali naudoti ir dalintis j\u016bs\u0173 asmeniniais duomenimis rinkodaros tikslais. Taip pat sutinkate, kad SELLERLOGIC GmbH gali perduoti j\u016bs\u0173 pateikt\u0105 informacij\u0105 m\u016bs\u0173 dalyvaujan\u010dioms webinaro partner\u0117ms, kurios saugos duomenis laikydamosi savo privatumo politik\u0173 ir atitinkant galiojan\u010dius teis\u0117s aktus pagal GDPR bei apdoros juos rinkodaros med\u017eiagos teikimui.<\/p><\/form><\/div><hr class=\"theme-wp-block wp-block-separator has-css-opacity\"><\/hr><p class=\"theme-wp-block gb-responsive-658111-identifier\">Norint u\u017esiregistruoti \u012f webinar\u0105, b\u016btina i\u0161 anksto leisti visus slapukus. Nor\u0117dami redaguoti savo nustatymus, spauskite \u0161i\u0105 mygtuk\u0105.<\/p><p class=\"theme-wp-block\"><span class=\"borlabs-cookie-open-dialog-preferences brlbs-cmpnt-container\" data-borlabs-cookie-title=\"Atidaryti slapuk\u0173 nustatymus\" data-borlabs-cookie-type=\"button\" ><\/span><\/p><\/div><\/div><\/div><\/div>\t\t\t<\/div>\n\t\t<\/div>\n\t<\/div>\n\t<div  class=\"theme-wp-block theme-block-text-and-text-column gb-responsive-761697-identifier\">\n\t\t<div class=\"inner-wrap-column-content\">\n\t\t\t<div class=\"inner-column-content\">\n\t\t\t\t\t\t\t<\/div>\n\t\t<\/div>\n\t<\/div>\n\t\t\t<\/div>\n\t\t<\/div>\n\t<\/div>\n\n\t\t<\/div>\n\t<\/div>\n\n<div class=\"theme-wp-block wp-block-columns alignfull are-vertically-aligned-center desktop-align-full xl-align-full lg-align-full md-align-full sm-align-full gb-responsive-162396-identifier has-theme-light-gray-background-color has-background is-layout-flex wp-container-core-columns-is-layout-9d6595d7 wp-block-columns-is-layout-flex\"><div class=\"theme-wp-block wp-block-column is-vertically-aligned-center gb-responsive-969772-identifier is-layout-flow wp-block-column-is-layout-flow\" style=\"flex-basis:25%\"><\/div><div class=\"theme-wp-block wp-block-column is-vertically-aligned-center gb-responsive-872757-identifier is-layout-flow wp-block-column-is-layout-flow\" style=\"flex-basis:50%\"><div style=\"height:20px\" aria-hidden=\"true\" class=\"theme-wp-block wp-block-spacer\"><\/div><h2 class=\"theme-wp-block wp-block-heading gb-responsive-995743-identifier\">Daugiakanalis: nepriklausomyb\u0117 nuo \u201eAmazon\u201c? <br>Ar gryna utopija?<\/h2><h3 class=\"theme-wp-block wp-block-heading gb-responsive-330077-identifier\">Webinaras podkast\u0173 formatu su Annemarie Raluca Schuster<\/h3><p class=\"theme-wp-block gb-responsive-312004-identifier\">\u201eAmazon\u201c dominuoja Vokietijos internetin\u0117s prekybos rinkoje, tur\u0117dama 53 procent\u0173 pajam\u0173 dal\u012f. Apie 94 procentus Vokietijos internetini\u0173 pirk\u0117j\u0173 bent kart\u0105 yra pirk\u0119 i\u0161 \u201eAmazon\u201c. Tik Vokietijoje \u201eAmazon\u201c turi apie 46,2 milijono klient\u0173. Tai kelia klausim\u0105, ar \u201eAmazon\u201c \u0161iuo metu yra vienintelis b\u016bdas s\u0117kmingai veikti internetin\u0117je versle. Tuo pa\u010diu metu internetiniai pardav\u0117jai nori \u017eymiai suma\u017einti savo priklausomyb\u0119 nuo \u201eAmazon\u201c. Bet kokie i\u0161\u0161\u016bkiai laukia pardav\u0117j\u0173 siekiant nepriklausomyb\u0117s nuo did\u017ei\u0173j\u0173 prekyvie\u010di\u0173, toki\u0173 kaip \u201eAmazon\u201c?<\/p><p class=\"theme-wp-block gb-responsive-541245-identifier\">Annemarie Raluca Schuster paai\u0161kina m\u016bs\u0173 podkast\u0173 formatu vykstan\u010diame webinare \u201eDaugiakanalis: nepriklausomyb\u0117 nuo \u201eAmazon\u201c? Ar gryna utopija?\u201c kaip ji pozicionuoja savo prek\u0117s \u017eenkl\u0105 \u201eSiAura Materials\u201c \u012fvairiose prekyviet\u0117se ir kaip ji sprend\u017eia kintan\u010dius i\u0161\u0161\u016bkius bei naujoves, kad gal\u0117t\u0173 s\u0117kmingai parduoti.<\/p>\t\t<div  class=\"theme-wp-block theme-block-guest-author gb-responsive-122623-identifier\">\n\t\t<div class=\"wrap-inner-content\">\n\t\t\t<div class=\"guest-author-avatar\">\n\t\t\t\t<div class=\"cover-avatar\" style=\"background-image: url(https:\/\/d2bw95mh2ee04s.cloudfront.net\/prod\/content\/wp-content\/uploads\/2022\/02\/23140433\/annemarie-raluca-schuster-siaura-material.png);\"><\/div>\n\t\t\t<\/div>\n\t\t\t<div class=\"guest-author-sign\">\n\t\t\t\t<div class=\"author-sign\">SiAura Materials &#038; Annythinks<\/div>\n\t\t\t<\/div>\n\t\t\t<div class=\"wrap-title\">\n\t\t\t\t<div class=\"guest-author-name\">\n\t\t\t\t\t<div class=\"title\">\n\t\t\t\t\t\t<div class=\"heading-text\">Annemarie Raluca Schuster<\/div>\n\t\t\t\t\t<\/div>\n\t\t\t\t<\/div>\n\t\t\t<\/div>\n\t\t\t<div class=\"guest-author-description\">\n\t\t\t\t<div class=\"description\"><p>\u201eSiAura Materials\u201c generalin\u0117 direktor\u0117 ir \u012fk\u016br\u0117ja bei E-komercijos agent\u016bros \u201eAnnythinks\u201c \u012fk\u016br\u0117ja, ji s\u0117kmingai veikia kaip internetin\u0117 pardav\u0117ja su savo prek\u0117s \u017eenklu \u012fvairiose prekyviet\u0117se, tokiose kaip \u201eAmazon\u201c, \u201eEtsy\u201c ir \u201eeBay\u201c, nuo 2013 met\u0173. Su savo prek\u0117s \u017eenklu ji valdo daugiau nei 3,000 produkt\u0173, susijusi\u0173 su rankdarbiais ir rank\u0173 darbo gaminiais. 2018 metais ji \u012fk\u016br\u0117 savo E-komercijos agent\u016br\u0105 \u201eAnnythinks\u201c ir pataria internetiniams pardav\u0117jams, kaip parduoti internetu. Kaip kvalifikuota informatik\u0117, ji labai vertina dinami\u0161k\u0173 ir intelektuali\u0173 \u012franki\u0173 naudojim\u0105 ir orientuojasi \u012f proces\u0173 automatizavim\u0105.<\/p><\/div>\n\t\t\t<\/div>\n\t\t<\/div>\n\t<\/div>\n\n<\/div><div class=\"theme-wp-block wp-block-column is-vertically-aligned-center gb-responsive-678736-identifier is-layout-flow wp-block-column-is-layout-flow\" style=\"flex-basis:25%\"><\/div><\/div><div class=\"theme-block-group-wrap  desktop-align-full xl-align-full lg-align-full md-align-full sm-align-full\"><div class=\"theme-wp-block wp-block-group alignfull questions desktop-align-full xl-align-full lg-align-full md-align-full sm-align-full gb-responsive-identifier-981778 desktop-gb-has-no-icon xl-gb-has-no-icon lg-gb-has-no-icon md-gb-has-no-icon sm-gb-has-no-icon\">\t\t<h2  class=\"theme-wp-block theme-block-heading  desktop-align-center xl-align-center lg-align-center md-align-center sm-align-center desktop-text-center only-editor-has-text-align-center xl-text-center lg-text-center md-text-center sm-text-center gb-responsive-identifier-408021 aligncenter has-text-align\">\n\t\tAr turite klausim\u0173?\t<\/h2>\n\n<p class=\"theme-wp-block has-text-align-center gb-responsive-identifier-361793 desktop-text-center xl-text-center lg-text-center md-text-center sm-text-center\">M\u016bs\u0173 palaikymo komanda mielai jums pad\u0117s.<\/p>\t\t<div  class=\"theme-wp-block theme-block-contact-phone gb-responsive-499055-identifier desktop-text-center xl-text-center lg-text-center md-text-center sm-text-center desktop-gb-has-no-icon xl-gb-has-no-icon lg-gb-has-no-icon md-gb-has-no-icon sm-gb-has-no-icon\">\n\t\t\t\t\t<svg class=\"icon\" width=\"24px\" height=\"24px\" viewBox=\"0 0 24 24\" version=\"1.1\" xmlns=\"http:\/\/www.w3.org\/2000\/svg\">\n\t\t\t\t\t\t<g id=\"global--menu-collapsed\" stroke=\"none\" stroke-width=\"1\" fill=\"none\" fill-rule=\"evenodd\" transform=\"translate(-24.000000, -8.000000)\">\n\t\t\t\t\t\t\t<g id=\"menu--2nd-level\">\n\t\t\t\t\t\t\t\t<g id=\"icn--phone-24px--blue\" transform=\"translate(24.000000, 8.000000)\">\n\t\t\t\t\t\t\t\t\t<polygon id=\"Shape\" points=\"0 0 24 0 24 24 0 24\"><\/polygon>\n\t\t\t\t\t\t\t\t\t<path d=\"M7,6 L7,18.6666667 L16.3333333,18.6666667 L16.3333333,6 L7,6 Z M5,4 L18.3333333,4 L18.3333333,20.6666667 L5,20.6666667 L5,4 Z M11.6666667,18.1666667 C12.126904,18.1666667 12.5,17.7935706 12.5,17.3333333 C12.5,16.873096 12.126904,16.5 11.6666667,16.5 C11.2064294,16.5 10.8333333,16.873096 10.8333333,17.3333333 C10.8333333,17.7935706 11.2064294,18.1666667 11.6666667,18.1666667 Z M6.66666667,15.8333333 L6.66666667,13.8333333 L16.6651355,13.8333333 L16.6651355,15.8333333 L6.66666667,15.8333333 Z\" id=\"Rectangle-20\" fill=\"#0055CC\" fill-rule=\"nonzero\"><\/path>\n\t\t\t\t\t\t\t\t<\/g>\n\t\t\t\t\t\t\t<\/g>\n\t\t\t\t\t\t<\/g>\n\t\t\t\t\t<\/svg>\n\t\t<span class=\"phone\">+49 211 900 64 120<\/span>\n\t<\/div>\n\n<\/div><\/div>","protected":false},"excerpt":{"rendered":"<p>Daugiakanalis: nepriklausomyb\u0117 nuo \u201eAmazon\u201c? Ar gryna utopija? Webinaras podkast\u0173 formatu su Annemarie Raluca Schuster \u201eAmazon\u201c dominuoja Vokietijos internetin\u0117s prekybos rinkoje, tur\u0117dama 53 procent\u0173 pajam\u0173 dal\u012f. Apie 94 procentus Vokietijos internetini\u0173 pirk\u0117j\u0173 bent kart\u0105 yra pirk\u0119 i\u0161 \u201eAmazon\u201c. Tik Vokietijoje \u201eAmazon\u201c turi apie 46,2 milijono klient\u0173. Tai kelia klausim\u0105, ar \u201eAmazon\u201c \u0161iuo metu yra vienintelis b\u016bdas<\/p>\n","protected":false},"author":8,"featured_media":0,"parent":0,"menu_order":0,"comment_status":"closed","ping_status":"closed","template":"","meta":{"sidebar_recommended_resources":{"data":[]},"sidebar_header_settings":{"hide_buttons":{"register":false}},"_use_new_theme":false,"inline_featured_image":false,"footnotes":""},"class_list":["post-224274","page","type-page","status-publish","hentry"],"yoast_head":"<!-- This site is optimized with the Yoast SEO plugin v26.8 - https:\/\/yoast.com\/product\/yoast-seo-wordpress\/ -->\n<title>Registracija \u012f webinar\u0105 | SELLERLOGIC - Smarte Tools f\u00fcr Amazon-Seller<\/title>\n<meta name=\"robots\" content=\"noindex, follow\" \/>\n<meta property=\"og:locale\" content=\"lt_LT\" \/>\n<meta property=\"og:type\" content=\"article\" \/>\n<meta property=\"og:title\" content=\"Registracija \u012f webinar\u0105 | SELLERLOGIC - Smarte Tools f\u00fcr Amazon-Seller\" \/>\n<meta property=\"og:description\" content=\"Daugiakanalis: nepriklausomyb\u0117 nuo \u201eAmazon\u201c? Ar gryna utopija? Webinaras podkast\u0173 formatu su Annemarie Raluca Schuster \u201eAmazon\u201c dominuoja Vokietijos internetin\u0117s prekybos rinkoje, tur\u0117dama 53 procent\u0173 pajam\u0173 dal\u012f. Apie 94 procentus Vokietijos internetini\u0173 pirk\u0117j\u0173 bent kart\u0105 yra pirk\u0119 i\u0161 \u201eAmazon\u201c. Tik Vokietijoje \u201eAmazon\u201c turi apie 46,2 milijono klient\u0173. Tai kelia klausim\u0105, ar \u201eAmazon\u201c \u0161iuo metu yra vienintelis b\u016bdas\" \/>\n<meta property=\"og:url\" content=\"https:\/\/www.sellerlogic.com\/lt\/registration-for-the-webinar\/\" \/>\n<meta property=\"og:site_name\" content=\"SELLERLOGIC - Smarte Tools f\u00fcr Amazon-Seller\" \/>\n<meta property=\"article:publisher\" content=\"https:\/\/www.facebook.com\/SellerLogic\/\" \/>\n<meta property=\"og:image\" content=\"https:\/\/d2bw95mh2ee04s.cloudfront.net\/prod\/content\/wp-content\/uploads\/2025\/06\/09094621\/Social-OG-Image-Link.jpg\" \/>\n\t<meta property=\"og:image:width\" content=\"2400\" \/>\n\t<meta property=\"og:image:height\" content=\"1270\" \/>\n\t<meta property=\"og:image:type\" content=\"image\/jpeg\" \/>\n<meta name=\"twitter:card\" content=\"summary_large_image\" \/>\n<meta name=\"twitter:site\" content=\"@sellerlogic\" \/>\n<meta name=\"twitter:label1\" content=\"Est. reading time\" \/>\n\t<meta name=\"twitter:data1\" content=\"2 minutes\" \/>\n<script type=\"application\/ld+json\" class=\"yoast-schema-graph\">{\"@context\":\"https:\/\/schema.org\",\"@graph\":[{\"@type\":\"WebPage\",\"@id\":\"https:\/\/www.sellerlogic.com\/lt\/registration-for-the-webinar\/\",\"url\":\"https:\/\/www.sellerlogic.com\/lt\/registration-for-the-webinar\/\",\"name\":\"Registracija \u012f webinar\u0105 | SELLERLOGIC - Smarte Tools f\u00fcr Amazon-Seller\",\"isPartOf\":{\"@id\":\"https:\/\/www.sellerlogic.com\/lt\/#website\"},\"datePublished\":\"2022-03-17T08:40:47+00:00\",\"breadcrumb\":{\"@id\":\"https:\/\/www.sellerlogic.com\/lt\/registration-for-the-webinar\/#breadcrumb\"},\"inLanguage\":\"lt-LT\",\"potentialAction\":[{\"@type\":\"ReadAction\",\"target\":[\"https:\/\/www.sellerlogic.com\/lt\/registration-for-the-webinar\/\"]}]},{\"@type\":\"BreadcrumbList\",\"@id\":\"https:\/\/www.sellerlogic.com\/lt\/registration-for-the-webinar\/#breadcrumb\",\"itemListElement\":[{\"@type\":\"ListItem\",\"position\":1,\"name\":\"Home\",\"item\":\"https:\/\/www.sellerlogic.com\/lt\/\"},{\"@type\":\"ListItem\",\"position\":2,\"name\":\"Registracija \u012f webinar\u0105\"}]},{\"@type\":\"WebSite\",\"@id\":\"https:\/\/www.sellerlogic.com\/lt\/#website\",\"url\":\"https:\/\/www.sellerlogic.com\/lt\/\",\"name\":\"SELLERLOGIC - Smarte Tools f\u00fcr Amazon-Seller\",\"description\":\"Intelligente Prozessoptimierung und Gewinnmaximierung\",\"publisher\":{\"@id\":\"https:\/\/www.sellerlogic.com\/lt\/#organization\"},\"potentialAction\":[{\"@type\":\"SearchAction\",\"target\":{\"@type\":\"EntryPoint\",\"urlTemplate\":\"https:\/\/www.sellerlogic.com\/lt\/?s={search_term_string}\"},\"query-input\":{\"@type\":\"PropertyValueSpecification\",\"valueRequired\":true,\"valueName\":\"search_term_string\"}}],\"inLanguage\":\"lt-LT\"},{\"@type\":\"Organization\",\"@id\":\"https:\/\/www.sellerlogic.com\/lt\/#organization\",\"name\":\"SELLERLOGIC\",\"url\":\"https:\/\/www.sellerlogic.com\/lt\/\",\"logo\":{\"@type\":\"ImageObject\",\"inLanguage\":\"lt-LT\",\"@id\":\"https:\/\/www.sellerlogic.com\/lt\/#\/schema\/logo\/image\/\",\"url\":\"https:\/\/d2bw95mh2ee04s.cloudfront.net\/prod\/content\/wp-content\/uploads\/2025\/01\/02134814\/Property-Logo-Main.svg\",\"contentUrl\":\"https:\/\/d2bw95mh2ee04s.cloudfront.net\/prod\/content\/wp-content\/uploads\/2025\/01\/02134814\/Property-Logo-Main.svg\",\"width\":184,\"height\":40,\"caption\":\"SELLERLOGIC\"},\"image\":{\"@id\":\"https:\/\/www.sellerlogic.com\/lt\/#\/schema\/logo\/image\/\"},\"sameAs\":[\"https:\/\/www.facebook.com\/SellerLogic\/\",\"https:\/\/x.com\/sellerlogic\",\"https:\/\/www.instagram.com\/sellerlogic\/\",\"https:\/\/www.linkedin.com\/company\/18402037\/\",\"https:\/\/www.youtube.com\/channel\/UC-gULUur-fNj08sprantKsQ\"]}]}<\/script>\n<!-- \/ Yoast SEO plugin. -->","yoast_head_json":{"title":"Registracija \u012f webinar\u0105 | SELLERLOGIC - Smarte Tools f\u00fcr Amazon-Seller","robots":{"index":"noindex","follow":"follow"},"og_locale":"lt_LT","og_type":"article","og_title":"Registracija \u012f webinar\u0105 | SELLERLOGIC - Smarte Tools f\u00fcr Amazon-Seller","og_description":"Daugiakanalis: nepriklausomyb\u0117 nuo \u201eAmazon\u201c? Ar gryna utopija? Webinaras podkast\u0173 formatu su Annemarie Raluca Schuster \u201eAmazon\u201c dominuoja Vokietijos internetin\u0117s prekybos rinkoje, tur\u0117dama 53 procent\u0173 pajam\u0173 dal\u012f. Apie 94 procentus Vokietijos internetini\u0173 pirk\u0117j\u0173 bent kart\u0105 yra pirk\u0119 i\u0161 \u201eAmazon\u201c. Tik Vokietijoje \u201eAmazon\u201c turi apie 46,2 milijono klient\u0173. Tai kelia klausim\u0105, ar \u201eAmazon\u201c \u0161iuo metu yra vienintelis b\u016bdas","og_url":"https:\/\/www.sellerlogic.com\/lt\/registration-for-the-webinar\/","og_site_name":"SELLERLOGIC - Smarte Tools f\u00fcr Amazon-Seller","article_publisher":"https:\/\/www.facebook.com\/SellerLogic\/","og_image":[{"width":2400,"height":1270,"url":"https:\/\/d2bw95mh2ee04s.cloudfront.net\/prod\/content\/wp-content\/uploads\/2025\/06\/09094621\/Social-OG-Image-Link.jpg","type":"image\/jpeg"}],"twitter_card":"summary_large_image","twitter_site":"@sellerlogic","twitter_misc":{"Est. reading time":"2 minutes"},"schema":{"@context":"https:\/\/schema.org","@graph":[{"@type":"WebPage","@id":"https:\/\/www.sellerlogic.com\/lt\/registration-for-the-webinar\/","url":"https:\/\/www.sellerlogic.com\/lt\/registration-for-the-webinar\/","name":"Registracija \u012f webinar\u0105 | SELLERLOGIC - Smarte Tools f\u00fcr Amazon-Seller","isPartOf":{"@id":"https:\/\/www.sellerlogic.com\/lt\/#website"},"datePublished":"2022-03-17T08:40:47+00:00","breadcrumb":{"@id":"https:\/\/www.sellerlogic.com\/lt\/registration-for-the-webinar\/#breadcrumb"},"inLanguage":"lt-LT","potentialAction":[{"@type":"ReadAction","target":["https:\/\/www.sellerlogic.com\/lt\/registration-for-the-webinar\/"]}]},{"@type":"BreadcrumbList","@id":"https:\/\/www.sellerlogic.com\/lt\/registration-for-the-webinar\/#breadcrumb","itemListElement":[{"@type":"ListItem","position":1,"name":"Home","item":"https:\/\/www.sellerlogic.com\/lt\/"},{"@type":"ListItem","position":2,"name":"Registracija \u012f webinar\u0105"}]},{"@type":"WebSite","@id":"https:\/\/www.sellerlogic.com\/lt\/#website","url":"https:\/\/www.sellerlogic.com\/lt\/","name":"SELLERLOGIC - Smarte Tools f\u00fcr Amazon-Seller","description":"Intelligente Prozessoptimierung und Gewinnmaximierung","publisher":{"@id":"https:\/\/www.sellerlogic.com\/lt\/#organization"},"potentialAction":[{"@type":"SearchAction","target":{"@type":"EntryPoint","urlTemplate":"https:\/\/www.sellerlogic.com\/lt\/?s={search_term_string}"},"query-input":{"@type":"PropertyValueSpecification","valueRequired":true,"valueName":"search_term_string"}}],"inLanguage":"lt-LT"},{"@type":"Organization","@id":"https:\/\/www.sellerlogic.com\/lt\/#organization","name":"SELLERLOGIC","url":"https:\/\/www.sellerlogic.com\/lt\/","logo":{"@type":"ImageObject","inLanguage":"lt-LT","@id":"https:\/\/www.sellerlogic.com\/lt\/#\/schema\/logo\/image\/","url":"https:\/\/d2bw95mh2ee04s.cloudfront.net\/prod\/content\/wp-content\/uploads\/2025\/01\/02134814\/Property-Logo-Main.svg","contentUrl":"https:\/\/d2bw95mh2ee04s.cloudfront.net\/prod\/content\/wp-content\/uploads\/2025\/01\/02134814\/Property-Logo-Main.svg","width":184,"height":40,"caption":"SELLERLOGIC"},"image":{"@id":"https:\/\/www.sellerlogic.com\/lt\/#\/schema\/logo\/image\/"},"sameAs":["https:\/\/www.facebook.com\/SellerLogic\/","https:\/\/x.com\/sellerlogic","https:\/\/www.instagram.com\/sellerlogic\/","https:\/\/www.linkedin.com\/company\/18402037\/","https:\/\/www.youtube.com\/channel\/UC-gULUur-fNj08sprantKsQ"]}]}},"_links":{"self":[{"href":"https:\/\/www.sellerlogic.com\/lt\/wp-json\/wp\/v2\/pages\/224274","targetHints":{"allow":["GET"]}}],"collection":[{"href":"https:\/\/www.sellerlogic.com\/lt\/wp-json\/wp\/v2\/pages"}],"about":[{"href":"https:\/\/www.sellerlogic.com\/lt\/wp-json\/wp\/v2\/types\/page"}],"author":[{"embeddable":true,"href":"https:\/\/www.sellerlogic.com\/lt\/wp-json\/wp\/v2\/users\/8"}],"replies":[{"embeddable":true,"href":"https:\/\/www.sellerlogic.com\/lt\/wp-json\/wp\/v2\/comments?post=224274"}],"version-history":[{"count":0,"href":"https:\/\/www.sellerlogic.com\/lt\/wp-json\/wp\/v2\/pages\/224274\/revisions"}],"wp:attachment":[{"href":"https:\/\/www.sellerlogic.com\/lt\/wp-json\/wp\/v2\/media?parent=224274"}],"curies":[{"name":"wp","href":"https:\/\/api.w.org\/{rel}","templated":true}]}}