
{"id":224313,"date":"2022-06-29T09:06:14","date_gmt":"2022-06-29T09:06:14","guid":{"rendered":"https:\/\/127.0.0.1\/nl-subscription\/"},"modified":"2022-06-29T09:06:14","modified_gmt":"2022-06-29T09:06:14","slug":"nl-subscription","status":"publish","type":"page","link":"https:\/\/www.sellerlogic.com\/lt\/nl-subscription\/","title":{"rendered":"NL Prenumerata EN"},"content":{"rendered":"\n\t<div  class=\"theme-wp-block theme-block-main-header desktop-content-align-y-center desktop-content-align-x-center xl-content-align-y-center xl-content-align-x-center lg-content-align-y-center lg-content-align-x-center md-content-align-y-center md-content-align-x-center sm-content-align-y-center sm-content-align-x-center gb-responsive-349165-identifier desktop-align-full xl-align-full lg-align-full md-align-full sm-align-full is-style-full-height theme-block-cover\">\n\t\t<div class=\"bg-cover theme-lazy-load-bg\"><\/div>\n\t\t<div class=\"wrap-content-main-header\">\n\t\t\t\t\t<div  class=\"theme-wp-block theme-block-text-and-text desktop-align-wide xl-align-wide lg-align-wide md-align-wide sm-align-wide desktop-blockDirection-row xl-blockDirection-row lg-blockDirection-row md-blockDirection-row sm-blockDirection-row gb-responsive-473561-identifier desktop-vertical-center xl-vertical-center lg-vertical-center md-vertical-center sm-vertical-center\">\n\t\t<div class=\"tat-column-wrap-wrapper\">\n\t\t\t<div class=\"tat-column-wrapper\">\n\t\t\t\t\t<div  class=\"theme-wp-block theme-block-text-and-text-column gb-responsive-667797-identifier desktop-horizontal-center xl-horizontal-center lg-horizontal-center md-horizontal-center sm-horizontal-center\">\n\t\t<div class=\"inner-wrap-column-content\">\n\t\t\t<div class=\"inner-column-content\">\n\t\t\t\t<div class=\"theme-wp-block wp-block-columns are-vertically-aligned-center gb-responsive-800382-identifier is-layout-flex wp-container-core-columns-is-layout-9d6595d7 wp-block-columns-is-layout-flex\"><div class=\"theme-wp-block wp-block-column is-vertically-aligned-center gb-responsive-827747-identifier is-layout-flow wp-block-column-is-layout-flow\"><div class=\"theme-block-group-wrap\"><div class=\"theme-wp-block wp-block-group gb-responsive-395462-identifier has-white-color has-text-color\"><h1 class=\"theme-wp-block has-text-align-center gb-responsive-181751-identifier desktop-text-center xl-text-center lg-text-center md-text-center sm-text-center wp-block-heading\">Ar norite i\u0161pl\u0117sti savo \u017einias apie \u201eAmazon\u201c?<\/h1><h2 class=\"theme-wp-block has-text-align-center gb-responsive-42443-identifier desktop-text-center xl-text-center lg-text-center md-text-center sm-text-center wp-block-heading\">U\u017esiregistruokite m\u016bs\u0173 naujienlai\u0161kiui!<\/h2><hr class=\"theme-wp-block wp-block-separator has-css-opacity\"><\/hr><h3 class=\"theme-wp-block has-text-align-center gb-responsive-120651-identifier desktop-text-center xl-text-center lg-text-center md-text-center sm-text-center wp-block-heading\">Nuolat b\u016bkite informuoti:<\/h3><h3 class=\"theme-wp-block has-text-align-center gb-responsive-529562-identifier desktop-text-center xl-text-center lg-text-center md-text-center sm-text-center wp-block-heading\">Blogo straipsniai, baltieji popieriai, s\u0117km\u0117s istorijos ir dar daugiau<\/h3><\/div><\/div><\/div><div class=\"theme-wp-block wp-block-column is-vertically-aligned-center gb-responsive-447844-identifier is-layout-flow wp-block-column-is-layout-flow\"><div class=\"theme-block-group-wrap\"><div class=\"theme-wp-block wp-block-group gb-responsive-539307-identifier has-theme-light-gray-background-color has-background\"><h3 class=\"theme-wp-block has-text-align-center gb-responsive-488462-identifier desktop-text-center xl-text-center lg-text-center md-text-center sm-text-center wp-block-heading\">Niekuomet nepraleiskite svarbi\u0173 naujien\u0173: u\u017esiprenumeruokite SELLERLOGIC naujienlai\u0161k\u012f \u0161iandien!<\/h3><div id=\"wb-form\" class=\"theme-wp-block wb-form\"><p><\/p><form id=\"leadform\" action=\"#\" method=\"post\"><input type=\"email\" name=\"email\" id=\"email\" placeholder=\"J\u016bs\u0173 el. pa\u0161to adresas\" required=\"required\" style=\"padding: 10px; font-size: 18px; width: 100%; margin-bottom: 15px; color: rgb(88, 88, 88);\"><\/input><input type=\"submit\" value=\"U\u017esiprenumeruokite dabar!\" id=\"submit\" style=\"padding: 10px; font-size: 18px; width: 100%; margin-bottom: 15px; color: rgb(255, 255, 255); background-color: rgb(255, 170, 1); cursor: pointer;\"><\/input><p style=\"margin-bottom: 10px; font-size: 12px;\">Duomen\u0173 apdorojimas vyksta pagal m\u016bs\u0173 <a href=\"https:\/\/www.sellerlogic.com\/en\/privacy-policy\/\" target=\"_blank\" draggable=\"false\" rel=\"noopener noreferrer\">duomen\u0173 privatumo politik\u0105<\/a>.<\/p><\/form><\/div><\/div><\/div><\/div><\/div>\t\t\t<\/div>\n\t\t<\/div>\n\t<\/div>\n\t<div  class=\"theme-wp-block theme-block-text-and-text-column gb-responsive-761697-identifier\">\n\t\t<div class=\"inner-wrap-column-content\">\n\t\t\t<div class=\"inner-column-content\">\n\t\t\t\t\t\t\t<\/div>\n\t\t<\/div>\n\t<\/div>\n\t\t\t<\/div>\n\t\t<\/div>\n\t<\/div>\n\n\t\t<\/div>\n\t<\/div>\n\n<h2 class=\"theme-wp-block alignfull has-text-align-center gb-responsive-339839-identifier desktop-align-full xl-align-full lg-align-full md-align-full sm-align-full desktop-text-full xl-text-full lg-text-full md-text-full sm-text-full desktop-text-center xl-text-center lg-text-center md-text-center sm-text-center wp-block-heading\">SELLERLOGIC naujienlai\u0161kis<\/h2><div class=\"theme-wp-block wp-block-columns alignfull are-vertically-aligned-center desktop-align-full xl-align-full lg-align-full md-align-full sm-align-full gb-responsive-957647-identifier has-theme-light-gray-background-color has-background is-layout-flex wp-container-core-columns-is-layout-9d6595d7 wp-block-columns-is-layout-flex\"><div class=\"theme-wp-block wp-block-column is-vertically-aligned-center gb-responsive-400571-identifier is-layout-flow wp-block-column-is-layout-flow\" style=\"flex-basis:25%\"><\/div><div class=\"theme-wp-block wp-block-column is-vertically-aligned-center gb-responsive-117431-identifier is-layout-flow wp-block-column-is-layout-flow\" style=\"flex-basis:50%\"><div class=\"theme-block-group-wrap\"><div class=\"theme-wp-block wp-block-group gb-responsive-371987-identifier has-white-background-color has-background\"><figure class=\"theme-wp-block wp-block-image size-large is-style-default gb-responsive-829230-identifier\"><img decoding=\"async\" width=\"844\" height=\"1198\" src=\"https:\/\/d2bw95mh2ee04s.cloudfront.net\/prod\/content\/wp-content\/uploads\/2022\/06\/23140249\/SellerLogic_NL_EN-844x1198.png\" alt=\"B\u016bkite informuoti apie visk\u0105, kas susij\u0119 su \u201eAmazon\u201c, su SELLERLOGIC naujienlai\u0161kiu\" class=\"wp-image-21078\" srcset=\"https:\/\/d2bw95mh2ee04s.cloudfront.net\/prod\/content\/wp-content\/uploads\/2022\/06\/23140249\/SellerLogic_NL_EN-407x577.png 407w, https:\/\/d2bw95mh2ee04s.cloudfront.net\/prod\/content\/wp-content\/uploads\/2022\/06\/23140249\/SellerLogic_NL_EN-768x1090.png 768w, https:\/\/d2bw95mh2ee04s.cloudfront.net\/prod\/content\/wp-content\/uploads\/2022\/06\/23140249\/SellerLogic_NL_EN-844x1198.png 844w, https:\/\/d2bw95mh2ee04s.cloudfront.net\/prod\/content\/wp-content\/uploads\/2022\/06\/23140249\/SellerLogic_NL_EN.png 955w\" sizes=\"(max-width: 844px) 100vw, 844px\" \/><\/figure><hr class=\"theme-wp-block wp-block-separator has-css-opacity\"><\/hr><div class=\"theme-block-list\"><ul class=\"theme-wp-block gb-responsive-385500-identifier wp-block-list\"><li><span style=\"font-size:1.2em\" class=\"has-font-size\"><strong>Nauji blogo straipsniai<\/strong><\/span><\/li><li><span style=\"font-size:1.2em\" class=\"has-font-size\"><strong>Vertingas turinys<\/strong><\/span><\/li><li><span style=\"font-size:1.2em\" class=\"has-font-size\"><strong>Patarimai nuo A iki Z<\/strong><\/span><\/li><li><span style=\"font-size:1.2em\" class=\"has-font-size\"><strong>Baltieji popieriai ir s\u0117km\u0117s istorijos<\/strong><\/span><\/li><li><span style=\"font-size:1.2em\" class=\"has-font-size\"><strong>Naujienos apie produktus ir atnaujinimus<\/strong><\/span><\/li><\/ul><\/div><\/div><\/div><\/div><div class=\"theme-wp-block wp-block-column is-vertically-aligned-center gb-responsive-729568-identifier is-layout-flow wp-block-column-is-layout-flow\" style=\"flex-basis:25%\"><\/div><\/div><div class=\"theme-wp-block wp-block-columns alignfull are-vertically-aligned-center desktop-align-full xl-align-full lg-align-full md-align-full sm-align-full gb-responsive-713470-identifier has-white-background-color has-background is-layout-flex wp-container-core-columns-is-layout-9d6595d7 wp-block-columns-is-layout-flex\"><div class=\"theme-wp-block wp-block-column is-vertically-aligned-center gb-responsive-828441-identifier is-layout-flow wp-block-column-is-layout-flow\" style=\"flex-basis:25%\"><\/div><div class=\"theme-wp-block wp-block-column is-vertically-aligned-center gb-responsive-252129-identifier is-layout-flow wp-block-column-is-layout-flow\" style=\"flex-basis:50%\"><div class=\"theme-block-group-wrap\"><div class=\"theme-wp-block wp-block-group gb-responsive-486569-identifier has-theme-light-gray-background-color has-background\"><h3 class=\"theme-wp-block has-text-align-center gb-responsive-799482-identifier desktop-text-center xl-text-center lg-text-center md-text-center sm-text-center wp-block-heading\">Niekuomet nepraleiskite v\u0117l:<br>U\u017esiprenumeruokite SELLERLOGIC naujienlai\u0161k\u012f!<\/h3><div id=\"wb-form\" class=\"theme-wp-block wb-form\"><p><\/p><form id=\"leadform\" action=\"#\" method=\"post\"><input type=\"email\" name=\"email\" id=\"email\" placeholder=\"J\u016bs\u0173 el. pa\u0161to adresas\" required=\"required\" style=\"padding: 10px; font-size: 18px; width: 100%; margin-bottom: 15px; color: rgb(88, 88, 88);\"><\/input><input type=\"submit\" value=\"U\u017esiprenumeruokite dabar!\" id=\"submit\" style=\"padding: 10px; font-size: 18px; width: 100%; margin-bottom: 15px; color: rgb(255, 255, 255); background-color: rgb(255, 170, 1); cursor: pointer;\"><\/input><p style=\"margin-bottom: 10px; font-size: 12px;\">Duomen\u0173 apdorojimas vyksta pagal m\u016bs\u0173 <a href=\"https:\/\/www.sellerlogic.com\/en\/privacy-policy\/\" target=\"_blank\" draggable=\"false\" rel=\"noopener noreferrer\">duomen\u0173 privatumo politik\u0105<\/a>.<\/p><\/form><\/div><\/div><\/div><\/div><div class=\"theme-wp-block wp-block-column is-vertically-aligned-center gb-responsive-680144-identifier is-layout-flow wp-block-column-is-layout-flow\" style=\"flex-basis:25%\"><\/div><\/div><div class=\"theme-wp-block wp-block-columns alignfull are-vertically-aligned-center desktop-align-full xl-align-full lg-align-full md-align-full sm-align-full gb-responsive-17133-identifier has-theme-light-gray-background-color has-background is-layout-flex wp-container-core-columns-is-layout-9d6595d7 wp-block-columns-is-layout-flex\"><div class=\"theme-wp-block wp-block-column is-vertically-aligned-center gb-responsive-110383-identifier is-layout-flow wp-block-column-is-layout-flow\" style=\"flex-basis:25%\"><\/div><div class=\"theme-wp-block wp-block-column is-vertically-aligned-center gb-responsive-621450-identifier is-layout-flow wp-block-column-is-layout-flow\" style=\"flex-basis:50%\"><div class=\"theme-block-group-wrap  desktop-align-wide xl-align-wide lg-align-wide md-align-wide sm-align-wide\"><div class=\"theme-wp-block wp-block-group alignwide desktop-align-wide xl-align-wide lg-align-wide md-align-wide sm-align-wide gb-responsive-43750-identifier\"><h2 class=\"theme-wp-block alignwide has-text-align-center gb-responsive-214406-identifier desktop-text-full xl-text-full lg-text-full md-text-full sm-text-full desktop-align-wide xl-align-wide lg-align-wide md-align-wide sm-align-wide desktop-text-wide xl-text-wide lg-text-wide md-text-wide sm-text-wide desktop-text-center xl-text-center lg-text-center md-text-center sm-text-center wp-block-heading\">Ar turite klausim\u0173?<\/h2><div class=\"wp-block-image gb-responsive-24882-identifier\"><figure class=\"theme-wp-block aligncenter size-large\"><img decoding=\"async\" width=\"844\" height=\"184\" src=\"https:\/\/d2bw95mh2ee04s.cloudfront.net\/prod\/content\/wp-content\/uploads\/2020\/12\/23142754\/customer-support-rueckruf-service-scaled-1.jpeg\" alt=\"NL Prenumerata EN\" class=\"wp-image-3282\" srcset=\"https:\/\/d2bw95mh2ee04s.cloudfront.net\/prod\/content\/wp-content\/uploads\/2020\/12\/23142754\/customer-support-rueckruf-service-scaled-1-407x89.jpeg 407w, https:\/\/d2bw95mh2ee04s.cloudfront.net\/prod\/content\/wp-content\/uploads\/2020\/12\/23142754\/customer-support-rueckruf-service-scaled-1-768x167.jpeg 768w, https:\/\/d2bw95mh2ee04s.cloudfront.net\/prod\/content\/wp-content\/uploads\/2020\/12\/23142754\/customer-support-rueckruf-service-scaled-1.jpeg 844w\" sizes=\"(max-width: 844px) 100vw, 844px\" \/><\/figure><\/div><p class=\"theme-wp-block has-text-align-center gb-responsive-986471-identifier\">Mes mielai atsakysime \u012f j\u016bs\u0173 turimus klausimus arba parodysime jums m\u016bs\u0173 programin\u0119 \u012frang\u0105!<\/p><p class=\"theme-wp-block has-text-align-center gb-responsive-10432-identifier\">Susisiekite su m\u016bs\u0173 klient\u0173 s\u0117km\u0117s komanda<\/p><p class=\"theme-wp-block has-text-align-center gb-responsive-277750-identifier\"><strong>+49 211 900 64 0<\/strong><\/p><p class=\"theme-wp-block has-text-align-center gb-responsive-813552-identifier\"><strong>Iki greito!<\/strong><\/p><\/div><\/div><\/div><div class=\"theme-wp-block wp-block-column is-vertically-aligned-center gb-responsive-484962-identifier is-layout-flow wp-block-column-is-layout-flow\" style=\"flex-basis:25%\"><\/div><\/div><p class=\"theme-wp-block gb-responsive-72015-identifier\"><\/p>","protected":false},"excerpt":{"rendered":"<p>SELLERLOGIC naujienlai\u0161kis Nauji blogo straipsniai Vertingas turinys Patarimai nuo A iki Z Baltieji popieriai ir s\u0117km\u0117s istorijos Naujienos apie produktus ir atnaujinimus Niekuomet nepraleiskite v\u0117l:U\u017esiprenumeruokite SELLERLOGIC naujienlai\u0161k\u012f! Duomen\u0173 apdorojimas vyksta pagal m\u016bs\u0173 duomen\u0173 privatumo politik\u0105. Ar turite klausim\u0173? Mes mielai atsakysime \u012f j\u016bs\u0173 turimus klausimus arba parodysime jums m\u016bs\u0173 programin\u0119 \u012frang\u0105! Susisiekite su m\u016bs\u0173 klient\u0173<\/p>\n","protected":false},"author":6,"featured_media":0,"parent":0,"menu_order":0,"comment_status":"closed","ping_status":"closed","template":"","meta":{"sidebar_recommended_resources":{"data":[]},"sidebar_header_settings":{"hide_buttons":{"register":false}},"_use_new_theme":false,"inline_featured_image":false,"footnotes":""},"class_list":["post-224313","page","type-page","status-publish","hentry"],"yoast_head":"<!-- This site is optimized with the Yoast SEO plugin v26.8 - https:\/\/yoast.com\/product\/yoast-seo-wordpress\/ -->\n<title>\u2705 Prenumeruokite SELLERLOGIC Naujienlai\u0161k\u012f, kad gautum\u0117te naujausias Amazon naujienas<\/title>\n<meta name=\"description\" content=\"J\u016bs\u0173 \u0161altinis tinklara\u0161\u010dio straipsniams, baltosioms knygoms ir s\u0117km\u0117s istorijoms apie Amazon pasaul\u012f. Prenumeruokite SELLERLOGIC Naujienlai\u0161k\u012f \u0161iandien!\" \/>\n<meta name=\"robots\" content=\"index, follow, max-snippet:-1, max-image-preview:large, max-video-preview:-1\" \/>\n<link rel=\"canonical\" href=\"https:\/\/www.sellerlogic.com\/lt\/nl-subscription\/\" \/>\n<meta property=\"og:locale\" content=\"lt_LT\" \/>\n<meta property=\"og:type\" content=\"article\" \/>\n<meta property=\"og:title\" content=\"\u2705 Prenumeruokite SELLERLOGIC Naujienlai\u0161k\u012f, kad gautum\u0117te naujausias Amazon naujienas\" \/>\n<meta property=\"og:description\" content=\"J\u016bs\u0173 \u0161altinis tinklara\u0161\u010dio straipsniams, baltosioms knygoms ir s\u0117km\u0117s istorijoms apie Amazon pasaul\u012f. Prenumeruokite SELLERLOGIC Naujienlai\u0161k\u012f \u0161iandien!\" \/>\n<meta property=\"og:url\" content=\"https:\/\/www.sellerlogic.com\/lt\/nl-subscription\/\" \/>\n<meta property=\"og:site_name\" content=\"SELLERLOGIC - Smarte Tools f\u00fcr Amazon-Seller\" \/>\n<meta property=\"article:publisher\" content=\"https:\/\/www.facebook.com\/SellerLogic\/\" \/>\n<meta property=\"og:image\" content=\"https:\/\/www.sellerlogic.com\/wp-content\/uploads\/2022\/06\/SellerLogic_NL_EN-844x1198.png\" \/>\n<meta name=\"twitter:card\" content=\"summary_large_image\" \/>\n<meta name=\"twitter:site\" content=\"@sellerlogic\" \/>\n<meta name=\"twitter:label1\" content=\"Est. reading time\" \/>\n\t<meta name=\"twitter:data1\" content=\"2 minutes\" \/>\n<script type=\"application\/ld+json\" class=\"yoast-schema-graph\">{\"@context\":\"https:\/\/schema.org\",\"@graph\":[{\"@type\":\"WebPage\",\"@id\":\"https:\/\/www.sellerlogic.com\/lt\/nl-subscription\/\",\"url\":\"https:\/\/www.sellerlogic.com\/lt\/nl-subscription\/\",\"name\":\"\u2705 Prenumeruokite SELLERLOGIC Naujienlai\u0161k\u012f, kad gautum\u0117te naujausias Amazon naujienas\",\"isPartOf\":{\"@id\":\"https:\/\/www.sellerlogic.com\/lt\/#website\"},\"primaryImageOfPage\":{\"@id\":\"https:\/\/www.sellerlogic.com\/lt\/nl-subscription\/#primaryimage\"},\"image\":{\"@id\":\"https:\/\/www.sellerlogic.com\/lt\/nl-subscription\/#primaryimage\"},\"thumbnailUrl\":\"https:\/\/www.sellerlogic.com\/wp-content\/uploads\/2022\/06\/SellerLogic_NL_EN-844x1198.png\",\"datePublished\":\"2022-06-29T09:06:14+00:00\",\"description\":\"J\u016bs\u0173 \u0161altinis tinklara\u0161\u010dio straipsniams, baltosioms knygoms ir s\u0117km\u0117s istorijoms apie Amazon pasaul\u012f. Prenumeruokite SELLERLOGIC Naujienlai\u0161k\u012f \u0161iandien!\",\"breadcrumb\":{\"@id\":\"https:\/\/www.sellerlogic.com\/lt\/nl-subscription\/#breadcrumb\"},\"inLanguage\":\"lt-LT\",\"potentialAction\":[{\"@type\":\"ReadAction\",\"target\":[\"https:\/\/www.sellerlogic.com\/lt\/nl-subscription\/\"]}]},{\"@type\":\"ImageObject\",\"inLanguage\":\"lt-LT\",\"@id\":\"https:\/\/www.sellerlogic.com\/lt\/nl-subscription\/#primaryimage\",\"url\":\"https:\/\/www.sellerlogic.com\/wp-content\/uploads\/2022\/06\/SellerLogic_NL_EN-844x1198.png\",\"contentUrl\":\"https:\/\/www.sellerlogic.com\/wp-content\/uploads\/2022\/06\/SellerLogic_NL_EN-844x1198.png\"},{\"@type\":\"BreadcrumbList\",\"@id\":\"https:\/\/www.sellerlogic.com\/lt\/nl-subscription\/#breadcrumb\",\"itemListElement\":[{\"@type\":\"ListItem\",\"position\":1,\"name\":\"Home\",\"item\":\"https:\/\/www.sellerlogic.com\/lt\/\"},{\"@type\":\"ListItem\",\"position\":2,\"name\":\"NL Prenumerata EN\"}]},{\"@type\":\"WebSite\",\"@id\":\"https:\/\/www.sellerlogic.com\/lt\/#website\",\"url\":\"https:\/\/www.sellerlogic.com\/lt\/\",\"name\":\"SELLERLOGIC - Smarte Tools f\u00fcr Amazon-Seller\",\"description\":\"Intelligente Prozessoptimierung und Gewinnmaximierung\",\"publisher\":{\"@id\":\"https:\/\/www.sellerlogic.com\/lt\/#organization\"},\"potentialAction\":[{\"@type\":\"SearchAction\",\"target\":{\"@type\":\"EntryPoint\",\"urlTemplate\":\"https:\/\/www.sellerlogic.com\/lt\/?s={search_term_string}\"},\"query-input\":{\"@type\":\"PropertyValueSpecification\",\"valueRequired\":true,\"valueName\":\"search_term_string\"}}],\"inLanguage\":\"lt-LT\"},{\"@type\":\"Organization\",\"@id\":\"https:\/\/www.sellerlogic.com\/lt\/#organization\",\"name\":\"SELLERLOGIC\",\"url\":\"https:\/\/www.sellerlogic.com\/lt\/\",\"logo\":{\"@type\":\"ImageObject\",\"inLanguage\":\"lt-LT\",\"@id\":\"https:\/\/www.sellerlogic.com\/lt\/#\/schema\/logo\/image\/\",\"url\":\"https:\/\/d2bw95mh2ee04s.cloudfront.net\/prod\/content\/wp-content\/uploads\/2025\/01\/02134814\/Property-Logo-Main.svg\",\"contentUrl\":\"https:\/\/d2bw95mh2ee04s.cloudfront.net\/prod\/content\/wp-content\/uploads\/2025\/01\/02134814\/Property-Logo-Main.svg\",\"width\":184,\"height\":40,\"caption\":\"SELLERLOGIC\"},\"image\":{\"@id\":\"https:\/\/www.sellerlogic.com\/lt\/#\/schema\/logo\/image\/\"},\"sameAs\":[\"https:\/\/www.facebook.com\/SellerLogic\/\",\"https:\/\/x.com\/sellerlogic\",\"https:\/\/www.instagram.com\/sellerlogic\/\",\"https:\/\/www.linkedin.com\/company\/18402037\/\",\"https:\/\/www.youtube.com\/channel\/UC-gULUur-fNj08sprantKsQ\"]}]}<\/script>\n<!-- \/ Yoast SEO plugin. -->","yoast_head_json":{"title":"\u2705 Prenumeruokite SELLERLOGIC Naujienlai\u0161k\u012f, kad gautum\u0117te naujausias Amazon naujienas","description":"J\u016bs\u0173 \u0161altinis tinklara\u0161\u010dio straipsniams, baltosioms knygoms ir s\u0117km\u0117s istorijoms apie Amazon pasaul\u012f. Prenumeruokite SELLERLOGIC Naujienlai\u0161k\u012f \u0161iandien!","robots":{"index":"index","follow":"follow","max-snippet":"max-snippet:-1","max-image-preview":"max-image-preview:large","max-video-preview":"max-video-preview:-1"},"canonical":"https:\/\/www.sellerlogic.com\/lt\/nl-subscription\/","og_locale":"lt_LT","og_type":"article","og_title":"\u2705 Prenumeruokite SELLERLOGIC Naujienlai\u0161k\u012f, kad gautum\u0117te naujausias Amazon naujienas","og_description":"J\u016bs\u0173 \u0161altinis tinklara\u0161\u010dio straipsniams, baltosioms knygoms ir s\u0117km\u0117s istorijoms apie Amazon pasaul\u012f. Prenumeruokite SELLERLOGIC Naujienlai\u0161k\u012f \u0161iandien!","og_url":"https:\/\/www.sellerlogic.com\/lt\/nl-subscription\/","og_site_name":"SELLERLOGIC - Smarte Tools f\u00fcr Amazon-Seller","article_publisher":"https:\/\/www.facebook.com\/SellerLogic\/","og_image":[{"url":"https:\/\/www.sellerlogic.com\/wp-content\/uploads\/2022\/06\/SellerLogic_NL_EN-844x1198.png","type":"","width":"","height":""}],"twitter_card":"summary_large_image","twitter_site":"@sellerlogic","twitter_misc":{"Est. reading time":"2 minutes"},"schema":{"@context":"https:\/\/schema.org","@graph":[{"@type":"WebPage","@id":"https:\/\/www.sellerlogic.com\/lt\/nl-subscription\/","url":"https:\/\/www.sellerlogic.com\/lt\/nl-subscription\/","name":"\u2705 Prenumeruokite SELLERLOGIC Naujienlai\u0161k\u012f, kad gautum\u0117te naujausias Amazon naujienas","isPartOf":{"@id":"https:\/\/www.sellerlogic.com\/lt\/#website"},"primaryImageOfPage":{"@id":"https:\/\/www.sellerlogic.com\/lt\/nl-subscription\/#primaryimage"},"image":{"@id":"https:\/\/www.sellerlogic.com\/lt\/nl-subscription\/#primaryimage"},"thumbnailUrl":"https:\/\/www.sellerlogic.com\/wp-content\/uploads\/2022\/06\/SellerLogic_NL_EN-844x1198.png","datePublished":"2022-06-29T09:06:14+00:00","description":"J\u016bs\u0173 \u0161altinis tinklara\u0161\u010dio straipsniams, baltosioms knygoms ir s\u0117km\u0117s istorijoms apie Amazon pasaul\u012f. Prenumeruokite SELLERLOGIC Naujienlai\u0161k\u012f \u0161iandien!","breadcrumb":{"@id":"https:\/\/www.sellerlogic.com\/lt\/nl-subscription\/#breadcrumb"},"inLanguage":"lt-LT","potentialAction":[{"@type":"ReadAction","target":["https:\/\/www.sellerlogic.com\/lt\/nl-subscription\/"]}]},{"@type":"ImageObject","inLanguage":"lt-LT","@id":"https:\/\/www.sellerlogic.com\/lt\/nl-subscription\/#primaryimage","url":"https:\/\/www.sellerlogic.com\/wp-content\/uploads\/2022\/06\/SellerLogic_NL_EN-844x1198.png","contentUrl":"https:\/\/www.sellerlogic.com\/wp-content\/uploads\/2022\/06\/SellerLogic_NL_EN-844x1198.png"},{"@type":"BreadcrumbList","@id":"https:\/\/www.sellerlogic.com\/lt\/nl-subscription\/#breadcrumb","itemListElement":[{"@type":"ListItem","position":1,"name":"Home","item":"https:\/\/www.sellerlogic.com\/lt\/"},{"@type":"ListItem","position":2,"name":"NL Prenumerata EN"}]},{"@type":"WebSite","@id":"https:\/\/www.sellerlogic.com\/lt\/#website","url":"https:\/\/www.sellerlogic.com\/lt\/","name":"SELLERLOGIC - Smarte Tools f\u00fcr Amazon-Seller","description":"Intelligente Prozessoptimierung und Gewinnmaximierung","publisher":{"@id":"https:\/\/www.sellerlogic.com\/lt\/#organization"},"potentialAction":[{"@type":"SearchAction","target":{"@type":"EntryPoint","urlTemplate":"https:\/\/www.sellerlogic.com\/lt\/?s={search_term_string}"},"query-input":{"@type":"PropertyValueSpecification","valueRequired":true,"valueName":"search_term_string"}}],"inLanguage":"lt-LT"},{"@type":"Organization","@id":"https:\/\/www.sellerlogic.com\/lt\/#organization","name":"SELLERLOGIC","url":"https:\/\/www.sellerlogic.com\/lt\/","logo":{"@type":"ImageObject","inLanguage":"lt-LT","@id":"https:\/\/www.sellerlogic.com\/lt\/#\/schema\/logo\/image\/","url":"https:\/\/d2bw95mh2ee04s.cloudfront.net\/prod\/content\/wp-content\/uploads\/2025\/01\/02134814\/Property-Logo-Main.svg","contentUrl":"https:\/\/d2bw95mh2ee04s.cloudfront.net\/prod\/content\/wp-content\/uploads\/2025\/01\/02134814\/Property-Logo-Main.svg","width":184,"height":40,"caption":"SELLERLOGIC"},"image":{"@id":"https:\/\/www.sellerlogic.com\/lt\/#\/schema\/logo\/image\/"},"sameAs":["https:\/\/www.facebook.com\/SellerLogic\/","https:\/\/x.com\/sellerlogic","https:\/\/www.instagram.com\/sellerlogic\/","https:\/\/www.linkedin.com\/company\/18402037\/","https:\/\/www.youtube.com\/channel\/UC-gULUur-fNj08sprantKsQ"]}]}},"_links":{"self":[{"href":"https:\/\/www.sellerlogic.com\/lt\/wp-json\/wp\/v2\/pages\/224313","targetHints":{"allow":["GET"]}}],"collection":[{"href":"https:\/\/www.sellerlogic.com\/lt\/wp-json\/wp\/v2\/pages"}],"about":[{"href":"https:\/\/www.sellerlogic.com\/lt\/wp-json\/wp\/v2\/types\/page"}],"author":[{"embeddable":true,"href":"https:\/\/www.sellerlogic.com\/lt\/wp-json\/wp\/v2\/users\/6"}],"replies":[{"embeddable":true,"href":"https:\/\/www.sellerlogic.com\/lt\/wp-json\/wp\/v2\/comments?post=224313"}],"version-history":[{"count":0,"href":"https:\/\/www.sellerlogic.com\/lt\/wp-json\/wp\/v2\/pages\/224313\/revisions"}],"wp:attachment":[{"href":"https:\/\/www.sellerlogic.com\/lt\/wp-json\/wp\/v2\/media?parent=224313"}],"curies":[{"name":"wp","href":"https:\/\/api.w.org\/{rel}","templated":true}]}}