
{"id":224487,"date":"2020-12-22T10:05:12","date_gmt":"2020-12-22T10:05:12","guid":{"rendered":"https:\/\/127.0.0.1\/resources\/success-story-dadaro\/"},"modified":"2020-12-22T10:05:12","modified_gmt":"2020-12-22T10:05:12","slug":"success-story-dadaro","status":"publish","type":"page","link":"https:\/\/www.sellerlogic.com\/lt\/resources\/success-story-dadaro\/","title":{"rendered":"S\u0117km\u0117s istorija: Dadaro EN"},"content":{"rendered":"\n\t<div  class=\"theme-wp-block theme-block-main-header is-style-full-height desktop-align-full xl-align-full lg-align-full md-align-full sm-align-full desktop-content-align-y-center desktop-content-align-x-center xl-content-align-y-center xl-content-align-x-center lg-content-align-y-center lg-content-align-x-center md-content-align-y-center md-content-align-x-center sm-content-align-y-center sm-content-align-x-center gb-responsive-439567-identifier theme-block-cover\">\n\t\t<div class=\"bg-cover theme-lazy-load-bg\"><\/div>\n\t\t<div class=\"wrap-content-main-header\">\n\t\t\t\t\t<div  class=\"theme-wp-block theme-block-text-and-text desktop-align-wide xl-align-wide lg-align-wide md-align-wide sm-align-wide gb-responsive-511761-identifier desktop-blockDirection-column xl-blockDirection-column lg-blockDirection-column md-blockDirection-column sm-blockDirection-column\">\n\t\t<div class=\"tat-column-wrap-wrapper\">\n\t\t\t<div class=\"tat-column-wrapper\">\n\t\t\t\t\t<div  class=\"theme-wp-block theme-block-text-and-text-column gb-responsive-24925-identifier desktop-horizontal-center xl-horizontal-center lg-horizontal-center md-horizontal-center sm-horizontal-center\">\n\t\t<div class=\"inner-wrap-column-content\">\n\t\t\t<div class=\"inner-column-content\">\n\t\t\t\t\t\t<h1  class=\"theme-wp-block theme-block-heading gb-responsive-62496-identifier desktop-text-center xl-text-center lg-text-center md-text-center sm-text-center desktop-gb-has-no-icon xl-gb-has-no-icon lg-gb-has-no-icon md-gb-has-no-icon sm-gb-has-no-icon\">\n\t\tKod\u0117l pasaulin\u0117 pandemija neturi \u012ftakos Dadaro\t<\/h1>\n\n\t\t\t<\/div>\n\t\t<\/div>\n\t<\/div>\n\t<div  class=\"theme-wp-block theme-block-text-and-text-column gb-responsive-195365-identifier\">\n\t\t<div class=\"inner-wrap-column-content\">\n\t\t\t<div class=\"inner-column-content\">\n\t\t\t\t\t\t\t<\/div>\n\t\t<\/div>\n\t<\/div>\n\t\t\t<\/div>\n\t\t<\/div>\n\t<\/div>\n\n\t\t<\/div>\n\t<\/div>\n\n<div style=\"height:50px\" aria-hidden=\"true\" class=\"theme-wp-block wp-block-spacer\"><\/div><div class=\"theme-wp-block wp-block-columns gb-responsive-586014-identifier is-layout-flex wp-container-core-columns-is-layout-9d6595d7 wp-block-columns-is-layout-flex\"><div class=\"theme-wp-block wp-block-column gb-responsive-33587-identifier is-layout-flow wp-block-column-is-layout-flow\" style=\"flex-basis:25%\"><figure class=\"theme-wp-block wp-block-image size-large is-resized gb-responsive-62921-identifier\"><img decoding=\"async\" src=\"https:\/\/d2bw95mh2ee04s.cloudfront.net\/prod\/content\/wp-content\/uploads\/2020\/12\/23142718\/logo-monde-petit.png\" alt=\"S\u0117km\u0117s istorija: Dadaro EN\" class=\"wp-image-5012\" width=\"300\" height=\"264\" srcset=\"https:\/\/d2bw95mh2ee04s.cloudfront.net\/prod\/content\/wp-content\/uploads\/2020\/12\/23142718\/logo-monde-petit-407x358.png 407w, https:\/\/d2bw95mh2ee04s.cloudfront.net\/prod\/content\/wp-content\/uploads\/2020\/12\/23142718\/logo-monde-petit.png 600w\" sizes=\"(max-width: 300px) 100vw, 300px\" \/><\/figure><p class=\"theme-wp-block gb-responsive-263243-identifier\"><strong>\u012ek\u016brimas:<\/strong><br>2004<\/p><p class=\"theme-wp-block gb-responsive-412647-identifier\"><strong>Pramon\u0117:<\/strong><br>Juvelyrika ir brangieji metalai<\/p><p class=\"theme-wp-block gb-responsive-679138-identifier\"><strong>Prek\u0117s Amazon:\u00a0<\/strong><br>apie 1.600 SKU<\/p><p class=\"theme-wp-block gb-responsive-236096-identifier\"><strong>Siuntos:<\/strong><br>apie 700 per m\u0117nes\u012f<\/p><\/div><div class=\"theme-wp-block wp-block-column gb-responsive-980941-identifier is-layout-flow wp-block-column-is-layout-flow\" style=\"flex-basis:50%\"><h3 class=\"theme-wp-block wp-block-heading gb-responsive-34353-identifier\" id=\"block-c06fce04-ef87-4ffc-a3d6-b768ba377d17\">Fonas:<\/h3><p class=\"theme-wp-block gb-responsive-414178-identifier desktop-gb-has-no-icon xl-gb-has-no-icon lg-gb-has-no-icon md-gb-has-no-icon sm-gb-has-no-icon\">2008 metais \u0161eimos \u012fmon\u0117 \u2013 \u012fkurta 2004 metais ir specializuojasi juvelyrikos gamyboje, pirkime ir pardavime \u2013 pamat\u0117, kaip tradicinis didmenin\u0117s prekybos kanalas l\u0117tai baigiasi. D\u0117l ekonomin\u0117s kriz\u0117s ir aukso kainos kilimo suma\u017e\u0117jo juvelyrikos pirkimo paklausa, kas neigiamai paveik\u0117 j\u0173 pardavimus. \u0160iuo metu Luis G\u00f3mez, Dadaro generalinis direktorius, netur\u0117jo abejoni\u0173, kad norint i\u0161saugoti \u0161eimos versl\u0105, jis turi pereiti prie internetin\u0117s prekybos.<\/p><h3 class=\"theme-wp-block wp-block-heading gb-responsive-846776-identifier desktop-gb-has-no-icon xl-gb-has-no-icon lg-gb-has-no-icon md-gb-has-no-icon sm-gb-has-no-icon\">Prad\u017eia:<\/h3><p class=\"theme-wp-block gb-responsive-166194-identifier desktop-gb-has-no-icon xl-gb-has-no-icon lg-gb-has-no-icon md-gb-has-no-icon sm-gb-has-no-icon\">Suk\u016br\u0119s juvelyrikos el. prekybos parduotuv\u0119 MondePetit, Luis 2015 metais nusprend\u0117 tapti Amazon pardav\u0117ju. Dadaro, jo aktyvi Amazon parduotuv\u0117 Ispanijoje, jis i\u0161 karto atpa\u017eino galimybes, kurias Marketplace jam si\u016bl\u0117 parduodant savo produktus tarptautiniu mastu. 2017 metais jis prad\u0117jo dirbti su Amazon FBA paslaugomis ir taip pak\u0117l\u0117 \u0161eimos versl\u0105 \u012f tarptautin\u012f lyg\u012f, parduodamas tokiuose rinkose kaip Italija, Vokietija, Pranc\u016bzija ir Jungtin\u0117 Karalyst\u0117.<\/p><p class=\"theme-wp-block gb-responsive-6809-identifier\">\u201eNaudojimasis Amazon FBA paslaugomis ir daugialyp\u0117s kanal\u0173 logistikos per m\u016bs\u0173 svetain\u0119 tur\u0117jo didel\u012f poveik\u012f m\u016bs\u0173 verslui,\u201c patvirtina Luis. \u201eI\u0161 klient\u0173 aptarnavimo perspektyvos tai labai pad\u0117jo, nes Amazon tiesiogiai tvarko klient\u0173 u\u017eklausas. Ta\u010diau kita vertus, a\u0161 \u017einojau, kad \u2013 atsi\u017evelgiant \u012f m\u016bs\u0173 tvarkom\u0173 sandori\u0173 kiek\u012f \u2013 buvo preki\u0173, kurios pradingdavo j\u0173 logistikos centruose.\u201c<\/p><h3 class=\"theme-wp-block wp-block-heading gb-responsive-826598-identifier\">Sprendimas:<\/h3><p class=\"theme-wp-block gb-responsive-981559-identifier desktop-gb-has-no-icon xl-gb-has-no-icon lg-gb-has-no-icon md-gb-has-no-icon sm-gb-has-no-icon\">Per grie\u017etus u\u017edarymo priemoni\u0173 laikotarpius Ispanijoje, Luis atid\u017eiai steb\u0117jo pasi\u016blymus, kurie pasirodydavo jo pa\u0161to d\u0117\u017eut\u0117je. Taip jis atrado el. lai\u0161k\u0105, kur\u012f gavo i\u0161 VGAMZ, pirmosios prekyviet\u0117s konsultacij\u0173 agent\u016bros Ispanijoje, specializuojan\u010dios Amazon: \u201eEl. lai\u0161kas patrauk\u0117 mano d\u0117mes\u012f, ir kadangi tur\u0117jau \u0161iek tiek laiko, nusprend\u017eiau pasiklausyti VGAMZ podcast&#8217;o. Taip pat atradau j\u0173 Youtube kanal\u0105, kur \u017ei\u016br\u0117jau vaizdo pamokas apie Lost &#038; Found \u012frank\u012f, ir \u010dia a\u0161 atradau SELLERLOGIC!\u201c Luis paai\u0161kina. \u201eI\u0161kart sau pasakiau, kad tai b\u016btent tai, ko man dabar reikia. U\u017esira\u0161iau tai, ir po keli\u0173 dien\u0173 k\u016briau savo paskyr\u0105 SELLERLOGIC.\u201c<\/p><div class=\"theme-block-group-wrap\"><div class=\"theme-wp-block wp-block-group gb-responsive-88118-identifier\">\t\t<div  class=\"theme-wp-block theme-block-user-card gb-responsive-799176-identifier is-style-full-width-line\">\n\t\t<div class=\"wrap-inner-content\">\n\t\t\t<div class=\"card-user-head\">\n\t\t\t\t<div class=\"card-user-avatar\">\n\t\t\t\t\t<div class=\"cover-avatar\" style=\"background-image: url(https:\/\/d2bw95mh2ee04s.cloudfront.net\/prod\/content\/wp-content\/uploads\/2020\/12\/23142718\/luis-gomez_raute.png);\"><\/div>\n\t\t\t\t<\/div>\n\t\t\t\t<div class=\"wrap-title\">\n\t\t\t\t\t<div class=\"card-user-name\">\n\t\t\t\t\t\t<div class=\"title\">\n\t\t\t\t\t\t\t<h3 class=\"heading-text\"><strong>Luis G\u00f3mez<\/strong><\/h3>\n\t\t\t\t\t\t<\/div>\n\t\t\t\t\t\t<div class=\"card-user-position\">\n\t\t\t\t\t\t\t<div class=\"card-text\"><strong>Dadaro generalinis direktorius<\/strong><\/div>\n\t\t\t\t\t\t<\/div>\n\t\t\t\t\t<\/div>\n\t\t\t\t\t<div class=\"card-user-quote-icon\">\n\t\t\t\t\t<\/div>\n\t\t\t\t<\/div>\n\t\t\t<\/div>\n\t\t\t<div class=\"card-user-text\">\n\t\t\t\t<div class=\"card-text\"><p>\u201e\u012emon\u0117s neturi ko prarasti naudodamosi \u0161iuo \u012frankiu, rekomenduoju j\u012f vis\u0173 r\u016b\u0161i\u0173 Amazon pardav\u0117jams.\u201c<\/p><p><\/p><\/div>\n\t\t\t<\/div>\n\t\t<\/div>\n\t<\/div>\n\n<\/div><\/div><h3 class=\"theme-wp-block wp-block-heading gb-responsive-727373-identifier desktop-gb-has-no-icon xl-gb-has-no-icon lg-gb-has-no-icon md-gb-has-no-icon sm-gb-has-no-icon\">S\u0117kmingi rezultatai su SELLERLOGIC:<\/h3><p class=\"theme-wp-block gb-responsive-306957-identifier\">Viskas nuo pat prad\u017ei\u0173 buvo greita ir paprasta, net nereik\u0117jo pra\u0161yti pagalbos i\u0161 SELLERLOGIC klient\u0173 aptarnavimo komandos, sako Luis. \u201eRegistracijos procesas buvo paprastas, o \u012frankio diegimas labai lengvas. Per labai trump\u0105 laik\u0105 prad\u0117jo pasirodyti pirmieji kompensacij\u0173 atvejai. Negal\u0117jau patik\u0117ti, kai pama\u010diau, kad yra 117 atvej\u0173.\u201c<\/p><p class=\"theme-wp-block gb-responsive-412864-identifier\">\u201eFaktas, kad a\u0161 automatizavau vis\u0105 FBA sandori\u0173 sekimo ir ataskait\u0173 teikimo proces\u0105, buvo labai naudingas, ypa\u010d dabartiniais laikais. Informacijos kopijavimas ir \u012fklijavimas, kad gal\u0117\u010diau pateikti savo pretenzij\u0173 atvejus Amazon, niekada nebuvo toks lengvas!\u201c<\/p><p class=\"theme-wp-block gb-responsive-741970-identifier\">\u201eBe SELLERLOGIC a\u0161 neb\u016b\u010diau gal\u0117j\u0119s gauti \u0161ios 3886,91 \u20ac kompensacijos. \u0160iuo metu, atsi\u017evelgiant \u012f dabartin\u0119 situacij\u0105, darbo kr\u016bv\u012f ir visus nuolat vykstan\u010dius poky\u010dius Amazon, man b\u016bt\u0173 buv\u0119 ne\u012fmanoma pasir\u016bpinti \u0161iuo klausimu,\u201c ai\u0161kina Luis. \u201e\u0160iais Koronaviruso laikais SELLERLOGIC buvo tikras dovana, tikiuosi, kad gal\u0117siu j\u012f naudoti ilg\u0105 laik\u0105.\u201c<\/p><div class=\"theme-wp-block wp-block-buttons gb-responsive-497426-identifier is-layout-flex wp-block-buttons-is-layout-flex\"><div class=\"theme-wp-block wp-block-button gb-responsive-38220-identifier is-style-theme-transparent-with-arrow\"><a class=\"wp-block-button__link wp-element-button\" href=\"https:\/\/d2bw95mh2ee04s.cloudfront.net\/prod\/content\/files\/SUCCESS-STORIES\/EN\/SELLERLOGIC_SN_Success-Story_Dadaro_EN.pdf\" target=\"_blank\" rel=\"noreferrer noopener nofollow\">Atsisi\u0173sti dabar!<\/a><\/div><\/div><\/div><div class=\"theme-wp-block wp-block-column gb-responsive-405774-identifier is-layout-flow wp-block-column-is-layout-flow\" style=\"flex-basis:25%\"><\/div><\/div><p class=\"theme-wp-block gb-responsive-527070-identifier\"><\/p>","protected":false},"excerpt":{"rendered":"<p>\u012ek\u016brimas:2004 Pramon\u0117:Juvelyrika ir brangieji metalai Prek\u0117s Amazon:\u00a0apie 1.600 SKU Siuntos:apie 700 per m\u0117nes\u012f Fonas: 2008 metais \u0161eimos \u012fmon\u0117 \u2013 \u012fkurta 2004 metais ir specializuojasi juvelyrikos gamyboje, pirkime ir pardavime \u2013 pamat\u0117, kaip tradicinis didmenin\u0117s prekybos kanalas l\u0117tai baigiasi. D\u0117l ekonomin\u0117s kriz\u0117s ir aukso kainos kilimo suma\u017e\u0117jo juvelyrikos pirkimo paklausa, kas neigiamai paveik\u0117 j\u0173 pardavimus. \u0160iuo<\/p>\n","protected":false},"author":3,"featured_media":0,"parent":224502,"menu_order":0,"comment_status":"closed","ping_status":"closed","template":"","meta":{"sidebar_recommended_resources":{"data":[]},"sidebar_header_settings":{"hide_buttons":{"register":false}},"_use_new_theme":false,"inline_featured_image":false,"footnotes":""},"class_list":["post-224487","page","type-page","status-publish","hentry"],"yoast_head":"<!-- This site is optimized with the Yoast SEO plugin v26.8 - https:\/\/yoast.com\/product\/yoast-seo-wordpress\/ -->\n<title>Kaip Lost &amp; Found pad\u0117jo Dadaro per Koronos kriz\u0119 | SELLERLOGIC<\/title>\n<meta name=\"description\" content=\"Daugelio pardav\u0117j\u0173 2020 metai buvo sunk\u016bs. Su\u017einokite, kaip Dadaro naudojo Lost &amp; Found \u012frank\u012f krizei valdyti. Perskaitykite dabar!\" \/>\n<meta name=\"robots\" content=\"index, follow, max-snippet:-1, max-image-preview:large, max-video-preview:-1\" \/>\n<link rel=\"canonical\" href=\"https:\/\/www.sellerlogic.com\/lt\/resources\/success-story-dadaro\/\" \/>\n<meta property=\"og:locale\" content=\"lt_LT\" \/>\n<meta property=\"og:type\" content=\"article\" \/>\n<meta property=\"og:title\" content=\"Kaip Lost &amp; Found pad\u0117jo Dadaro per Koronos kriz\u0119 | SELLERLOGIC\" \/>\n<meta property=\"og:description\" content=\"Daugelio pardav\u0117j\u0173 2020 metai buvo sunk\u016bs. Su\u017einokite, kaip Dadaro naudojo Lost &amp; Found \u012frank\u012f krizei valdyti. Perskaitykite dabar!\" \/>\n<meta property=\"og:url\" content=\"https:\/\/www.sellerlogic.com\/lt\/resources\/success-story-dadaro\/\" \/>\n<meta property=\"og:site_name\" content=\"SELLERLOGIC - Smarte Tools f\u00fcr Amazon-Seller\" \/>\n<meta property=\"article:publisher\" content=\"https:\/\/www.facebook.com\/SellerLogic\/\" \/>\n<meta property=\"og:image\" content=\"https:\/\/www.sellerlogic.com\/wp-content\/uploads\/2020\/12\/logo-monde-petit.png\" \/>\n<meta name=\"twitter:card\" content=\"summary_large_image\" \/>\n<meta name=\"twitter:site\" content=\"@sellerlogic\" \/>\n<meta name=\"twitter:label1\" content=\"Est. reading time\" \/>\n\t<meta name=\"twitter:data1\" content=\"3 minutes\" \/>\n<script type=\"application\/ld+json\" class=\"yoast-schema-graph\">{\"@context\":\"https:\/\/schema.org\",\"@graph\":[{\"@type\":\"WebPage\",\"@id\":\"https:\/\/www.sellerlogic.com\/lt\/resources\/success-story-dadaro\/\",\"url\":\"https:\/\/www.sellerlogic.com\/lt\/resources\/success-story-dadaro\/\",\"name\":\"Kaip Lost & Found pad\u0117jo Dadaro per Koronos kriz\u0119 | SELLERLOGIC\",\"isPartOf\":{\"@id\":\"https:\/\/www.sellerlogic.com\/lt\/#website\"},\"primaryImageOfPage\":{\"@id\":\"https:\/\/www.sellerlogic.com\/lt\/resources\/success-story-dadaro\/#primaryimage\"},\"image\":{\"@id\":\"https:\/\/www.sellerlogic.com\/lt\/resources\/success-story-dadaro\/#primaryimage\"},\"thumbnailUrl\":\"https:\/\/www.sellerlogic.com\/wp-content\/uploads\/2020\/12\/logo-monde-petit.png\",\"datePublished\":\"2020-12-22T10:05:12+00:00\",\"description\":\"Daugelio pardav\u0117j\u0173 2020 metai buvo sunk\u016bs. Su\u017einokite, kaip Dadaro naudojo Lost & Found \u012frank\u012f krizei valdyti. Perskaitykite dabar!\",\"breadcrumb\":{\"@id\":\"https:\/\/www.sellerlogic.com\/lt\/resources\/success-story-dadaro\/#breadcrumb\"},\"inLanguage\":\"lt-LT\",\"potentialAction\":[{\"@type\":\"ReadAction\",\"target\":[\"https:\/\/www.sellerlogic.com\/lt\/resources\/success-story-dadaro\/\"]}]},{\"@type\":\"ImageObject\",\"inLanguage\":\"lt-LT\",\"@id\":\"https:\/\/www.sellerlogic.com\/lt\/resources\/success-story-dadaro\/#primaryimage\",\"url\":\"https:\/\/www.sellerlogic.com\/wp-content\/uploads\/2020\/12\/logo-monde-petit.png\",\"contentUrl\":\"https:\/\/www.sellerlogic.com\/wp-content\/uploads\/2020\/12\/logo-monde-petit.png\"},{\"@type\":\"BreadcrumbList\",\"@id\":\"https:\/\/www.sellerlogic.com\/lt\/resources\/success-story-dadaro\/#breadcrumb\",\"itemListElement\":[{\"@type\":\"ListItem\",\"position\":1,\"name\":\"Home\",\"item\":\"https:\/\/www.sellerlogic.com\/lt\/\"},{\"@type\":\"ListItem\",\"position\":2,\"name\":\"I\u0161tekliai EN\",\"item\":\"https:\/\/www.sellerlogic.com\/lt\/ressourcen\/\"},{\"@type\":\"ListItem\",\"position\":3,\"name\":\"S\u0117km\u0117s istorija: Dadaro EN\"}]},{\"@type\":\"WebSite\",\"@id\":\"https:\/\/www.sellerlogic.com\/lt\/#website\",\"url\":\"https:\/\/www.sellerlogic.com\/lt\/\",\"name\":\"SELLERLOGIC - Smarte Tools f\u00fcr Amazon-Seller\",\"description\":\"Intelligente Prozessoptimierung und Gewinnmaximierung\",\"publisher\":{\"@id\":\"https:\/\/www.sellerlogic.com\/lt\/#organization\"},\"potentialAction\":[{\"@type\":\"SearchAction\",\"target\":{\"@type\":\"EntryPoint\",\"urlTemplate\":\"https:\/\/www.sellerlogic.com\/lt\/?s={search_term_string}\"},\"query-input\":{\"@type\":\"PropertyValueSpecification\",\"valueRequired\":true,\"valueName\":\"search_term_string\"}}],\"inLanguage\":\"lt-LT\"},{\"@type\":\"Organization\",\"@id\":\"https:\/\/www.sellerlogic.com\/lt\/#organization\",\"name\":\"SELLERLOGIC\",\"url\":\"https:\/\/www.sellerlogic.com\/lt\/\",\"logo\":{\"@type\":\"ImageObject\",\"inLanguage\":\"lt-LT\",\"@id\":\"https:\/\/www.sellerlogic.com\/lt\/#\/schema\/logo\/image\/\",\"url\":\"https:\/\/d2bw95mh2ee04s.cloudfront.net\/prod\/content\/wp-content\/uploads\/2025\/01\/02134814\/Property-Logo-Main.svg\",\"contentUrl\":\"https:\/\/d2bw95mh2ee04s.cloudfront.net\/prod\/content\/wp-content\/uploads\/2025\/01\/02134814\/Property-Logo-Main.svg\",\"width\":184,\"height\":40,\"caption\":\"SELLERLOGIC\"},\"image\":{\"@id\":\"https:\/\/www.sellerlogic.com\/lt\/#\/schema\/logo\/image\/\"},\"sameAs\":[\"https:\/\/www.facebook.com\/SellerLogic\/\",\"https:\/\/x.com\/sellerlogic\",\"https:\/\/www.instagram.com\/sellerlogic\/\",\"https:\/\/www.linkedin.com\/company\/18402037\/\",\"https:\/\/www.youtube.com\/channel\/UC-gULUur-fNj08sprantKsQ\"]}]}<\/script>\n<!-- \/ Yoast SEO plugin. -->","yoast_head_json":{"title":"Kaip Lost & Found pad\u0117jo Dadaro per Koronos kriz\u0119 | SELLERLOGIC","description":"Daugelio pardav\u0117j\u0173 2020 metai buvo sunk\u016bs. Su\u017einokite, kaip Dadaro naudojo Lost & Found \u012frank\u012f krizei valdyti. Perskaitykite dabar!","robots":{"index":"index","follow":"follow","max-snippet":"max-snippet:-1","max-image-preview":"max-image-preview:large","max-video-preview":"max-video-preview:-1"},"canonical":"https:\/\/www.sellerlogic.com\/lt\/resources\/success-story-dadaro\/","og_locale":"lt_LT","og_type":"article","og_title":"Kaip Lost & Found pad\u0117jo Dadaro per Koronos kriz\u0119 | SELLERLOGIC","og_description":"Daugelio pardav\u0117j\u0173 2020 metai buvo sunk\u016bs. Su\u017einokite, kaip Dadaro naudojo Lost & Found \u012frank\u012f krizei valdyti. Perskaitykite dabar!","og_url":"https:\/\/www.sellerlogic.com\/lt\/resources\/success-story-dadaro\/","og_site_name":"SELLERLOGIC - Smarte Tools f\u00fcr Amazon-Seller","article_publisher":"https:\/\/www.facebook.com\/SellerLogic\/","og_image":[{"url":"https:\/\/www.sellerlogic.com\/wp-content\/uploads\/2020\/12\/logo-monde-petit.png","type":"","width":"","height":""}],"twitter_card":"summary_large_image","twitter_site":"@sellerlogic","twitter_misc":{"Est. reading time":"3 minutes"},"schema":{"@context":"https:\/\/schema.org","@graph":[{"@type":"WebPage","@id":"https:\/\/www.sellerlogic.com\/lt\/resources\/success-story-dadaro\/","url":"https:\/\/www.sellerlogic.com\/lt\/resources\/success-story-dadaro\/","name":"Kaip Lost & Found pad\u0117jo Dadaro per Koronos kriz\u0119 | SELLERLOGIC","isPartOf":{"@id":"https:\/\/www.sellerlogic.com\/lt\/#website"},"primaryImageOfPage":{"@id":"https:\/\/www.sellerlogic.com\/lt\/resources\/success-story-dadaro\/#primaryimage"},"image":{"@id":"https:\/\/www.sellerlogic.com\/lt\/resources\/success-story-dadaro\/#primaryimage"},"thumbnailUrl":"https:\/\/www.sellerlogic.com\/wp-content\/uploads\/2020\/12\/logo-monde-petit.png","datePublished":"2020-12-22T10:05:12+00:00","description":"Daugelio pardav\u0117j\u0173 2020 metai buvo sunk\u016bs. Su\u017einokite, kaip Dadaro naudojo Lost & Found \u012frank\u012f krizei valdyti. Perskaitykite dabar!","breadcrumb":{"@id":"https:\/\/www.sellerlogic.com\/lt\/resources\/success-story-dadaro\/#breadcrumb"},"inLanguage":"lt-LT","potentialAction":[{"@type":"ReadAction","target":["https:\/\/www.sellerlogic.com\/lt\/resources\/success-story-dadaro\/"]}]},{"@type":"ImageObject","inLanguage":"lt-LT","@id":"https:\/\/www.sellerlogic.com\/lt\/resources\/success-story-dadaro\/#primaryimage","url":"https:\/\/www.sellerlogic.com\/wp-content\/uploads\/2020\/12\/logo-monde-petit.png","contentUrl":"https:\/\/www.sellerlogic.com\/wp-content\/uploads\/2020\/12\/logo-monde-petit.png"},{"@type":"BreadcrumbList","@id":"https:\/\/www.sellerlogic.com\/lt\/resources\/success-story-dadaro\/#breadcrumb","itemListElement":[{"@type":"ListItem","position":1,"name":"Home","item":"https:\/\/www.sellerlogic.com\/lt\/"},{"@type":"ListItem","position":2,"name":"I\u0161tekliai EN","item":"https:\/\/www.sellerlogic.com\/lt\/ressourcen\/"},{"@type":"ListItem","position":3,"name":"S\u0117km\u0117s istorija: Dadaro EN"}]},{"@type":"WebSite","@id":"https:\/\/www.sellerlogic.com\/lt\/#website","url":"https:\/\/www.sellerlogic.com\/lt\/","name":"SELLERLOGIC - Smarte Tools f\u00fcr Amazon-Seller","description":"Intelligente Prozessoptimierung und Gewinnmaximierung","publisher":{"@id":"https:\/\/www.sellerlogic.com\/lt\/#organization"},"potentialAction":[{"@type":"SearchAction","target":{"@type":"EntryPoint","urlTemplate":"https:\/\/www.sellerlogic.com\/lt\/?s={search_term_string}"},"query-input":{"@type":"PropertyValueSpecification","valueRequired":true,"valueName":"search_term_string"}}],"inLanguage":"lt-LT"},{"@type":"Organization","@id":"https:\/\/www.sellerlogic.com\/lt\/#organization","name":"SELLERLOGIC","url":"https:\/\/www.sellerlogic.com\/lt\/","logo":{"@type":"ImageObject","inLanguage":"lt-LT","@id":"https:\/\/www.sellerlogic.com\/lt\/#\/schema\/logo\/image\/","url":"https:\/\/d2bw95mh2ee04s.cloudfront.net\/prod\/content\/wp-content\/uploads\/2025\/01\/02134814\/Property-Logo-Main.svg","contentUrl":"https:\/\/d2bw95mh2ee04s.cloudfront.net\/prod\/content\/wp-content\/uploads\/2025\/01\/02134814\/Property-Logo-Main.svg","width":184,"height":40,"caption":"SELLERLOGIC"},"image":{"@id":"https:\/\/www.sellerlogic.com\/lt\/#\/schema\/logo\/image\/"},"sameAs":["https:\/\/www.facebook.com\/SellerLogic\/","https:\/\/x.com\/sellerlogic","https:\/\/www.instagram.com\/sellerlogic\/","https:\/\/www.linkedin.com\/company\/18402037\/","https:\/\/www.youtube.com\/channel\/UC-gULUur-fNj08sprantKsQ"]}]}},"_links":{"self":[{"href":"https:\/\/www.sellerlogic.com\/lt\/wp-json\/wp\/v2\/pages\/224487","targetHints":{"allow":["GET"]}}],"collection":[{"href":"https:\/\/www.sellerlogic.com\/lt\/wp-json\/wp\/v2\/pages"}],"about":[{"href":"https:\/\/www.sellerlogic.com\/lt\/wp-json\/wp\/v2\/types\/page"}],"author":[{"embeddable":true,"href":"https:\/\/www.sellerlogic.com\/lt\/wp-json\/wp\/v2\/users\/3"}],"replies":[{"embeddable":true,"href":"https:\/\/www.sellerlogic.com\/lt\/wp-json\/wp\/v2\/comments?post=224487"}],"version-history":[{"count":0,"href":"https:\/\/www.sellerlogic.com\/lt\/wp-json\/wp\/v2\/pages\/224487\/revisions"}],"up":[{"embeddable":true,"href":"https:\/\/www.sellerlogic.com\/lt\/wp-json\/wp\/v2\/pages\/224502"}],"wp:attachment":[{"href":"https:\/\/www.sellerlogic.com\/lt\/wp-json\/wp\/v2\/media?parent=224487"}],"curies":[{"name":"wp","href":"https:\/\/api.w.org\/{rel}","templated":true}]}}