
{"id":224640,"date":"2021-01-05T16:03:47","date_gmt":"2021-01-05T16:03:47","guid":{"rendered":"https:\/\/127.0.0.1\/resources\/wb-en-202001\/"},"modified":"2021-01-05T16:03:47","modified_gmt":"2021-01-05T16:03:47","slug":"wb-en-202001","status":"publish","type":"page","link":"https:\/\/www.sellerlogic.com\/lt\/resources\/wb-en-202001\/","title":{"rendered":"Darbo knyga 6 FBA patarimai EN"},"content":{"rendered":"\n\t<div  class=\"theme-wp-block theme-block-main-header is-style-default gb-responsive-748093-identifier desktop-content-align-y-center xl-content-align-y-center lg-content-align-y-center md-content-align-y-center sm-content-align-y-center desktop-content-align-x-center xl-content-align-x-center lg-content-align-x-center md-content-align-x-center sm-content-align-x-center theme-block-cover\">\n\t\t<div class=\"bg-cover theme-lazy-load-bg\"><\/div>\n\t\t<div class=\"wrap-content-main-header\">\n\t\t\t\t\t<div  class=\"theme-wp-block theme-block-text-and-text desktop-blockDirection-column xl-blockDirection-column lg-blockDirection-column md-blockDirection-column sm-blockDirection-column desktop-vertical-center xl-vertical-center lg-vertical-center md-vertical-center sm-vertical-center desktop-align-wide xl-align-wide lg-align-wide md-align-wide sm-align-wide is-style-default gb-responsive-4434-identifier\">\n\t\t<div class=\"tat-column-wrap-wrapper\">\n\t\t\t<div class=\"tat-column-wrapper\">\n\t\t\t\t\t<div  class=\"theme-wp-block theme-block-text-and-text-column desktop-horizontal-center xl-horizontal-center lg-horizontal-center md-horizontal-center sm-horizontal-center gb-responsive-528051-identifier\">\n\t\t<div class=\"inner-wrap-column-content\">\n\t\t\t<div class=\"inner-column-content\">\n\t\t\t\t<div class=\"theme-block-group-wrap\"><div class=\"theme-wp-block wp-block-group gb-responsive-653977-identifier has-background\" style=\"background:linear-gradient(19deg,rgba(245,247,250,0.65) 44%,rgba(255,255,255,0.65) 100%)\"><div class=\"wp-block-group__inner-container is-layout-flow wp-block-group-is-layout-flow\">\t\t<h1  class=\"theme-wp-block theme-block-heading is-style-default desktop-text-center xl-text-center lg-text-center md-text-center sm-text-center gb-responsive-120765-identifier h1\">\n\t\t6 patarimai FBA pardav\u0117jams\t<\/h1>\n\n\t\t<h2  class=\"theme-wp-block theme-block-heading is-style-default desktop-text-center xl-text-center lg-text-center md-text-center sm-text-center gb-responsive-727744-identifier h2\">\n\t\tKaip s\u0117kmingai parduoti Amazon!\t<\/h2>\n\n<\/div><\/div><\/div>\t\t\t<\/div>\n\t\t<\/div>\n\t<\/div>\n\t<div  class=\"theme-wp-block theme-block-text-and-text-column gb-responsive-958875-identifier\">\n\t\t<div class=\"inner-wrap-column-content\">\n\t\t\t<div class=\"inner-column-content\">\n\t\t\t\t\t\t\t<\/div>\n\t\t<\/div>\n\t<\/div>\n\t\t\t<\/div>\n\t\t<\/div>\n\t<\/div>\n\n\t\t<\/div>\n\t<\/div>\n\n<div style=\"height:50px\" aria-hidden=\"true\" class=\"theme-wp-block wp-block-spacer\"><\/div><div class=\"theme-wp-block wp-block-columns gb-responsive-794599-identifier is-layout-flex wp-container-core-columns-is-layout-9d6595d7 wp-block-columns-is-layout-flex\"><div class=\"theme-wp-block wp-block-column gb-responsive-745006-identifier is-layout-flow wp-block-column-is-layout-flow\"><h3 class=\"theme-wp-block gb-responsive-499688-identifier wp-block-heading\">Palikite savo konkurencij\u0105 u\u017e nugaros &#8230;<\/h3><div class=\"theme-wp-block wp-block-image gb-responsive-606236-identifier\"><figure class=\"alignright size-large is-resized\"><img decoding=\"async\" src=\"https:\/\/d2bw95mh2ee04s.cloudfront.net\/prod\/content\/wp-content\/uploads\/2021\/01\/23142708\/six-tips-fba-sellers-workbook.png\" alt=\"\u010cia yra \u0161e\u0161i patarimai FBA pardav\u0117jams viename darbo knygoje!\" class=\"wp-image-6077\" width=\"320\" height=\"349\" srcset=\"https:\/\/d2bw95mh2ee04s.cloudfront.net\/prod\/content\/wp-content\/uploads\/2021\/01\/23142708\/six-tips-fba-sellers-workbook-407x443.png 407w, https:\/\/d2bw95mh2ee04s.cloudfront.net\/prod\/content\/wp-content\/uploads\/2021\/01\/23142708\/six-tips-fba-sellers-workbook.png 738w\" sizes=\"(max-width: 320px) 100vw, 320px\" \/><\/figure><\/div><p class=\"theme-wp-block gb-responsive-838421-identifier\" style=\"line-height:1.5\">&#8230; Nes galiausiai, pardavimas \u201eAmazon\u201c n\u0117ra tikrai raket\u0173 mokslas. Mes ne tik parodysime, kokius privalumus \u201eAmazon\u201c logistikos programa \u201eFulfillment by Amazon\u201c turi j\u016bs\u0173 verslui, bet ir kaip paruo\u0161ti savo produkto detali\u0173 puslapius su SEO, kuris yra specialiai pritaikytas \u201eAmazon\u201c!<\/p><p class=\"theme-wp-block gb-responsive-909901-identifier\">Laim\u0117ti Buy Box taip pat yra svarbus veiksnys j\u016bs\u0173 kelyje \u012f vir\u0161\u0173. Ar \u017einote, kurie kriterijai yra gyvybi\u0161kai svarb\u016bs laimint? M\u016bs\u0173 darbo knyga jums pasakys!<\/p><p class=\"theme-wp-block gb-responsive-679601-identifier\"><strong>Parsisi\u0173skite m\u016bs\u0173 nemokam\u0105 darbo knyg\u0105 \u201e6 patarimai FBA pardav\u0117jams\u201c dabar ir nepraleiskite jokios svarbios informacijos prie\u0161 prad\u0117dami savo kelion\u0119!<\/strong><\/p><div id=\"wb-form\" class=\"theme-wp-block wb-form\"><form id=\"leadform\" action=\"#\" method=\"post\"><label>Pirmas ir paskutinis vardas<sup style=\"color: rgb(255, 0, 0);\">*<\/sup><\/label><br> <input type=\"text\" placeholder=\"Pirmas ir paskutinis vardas\" name=\"first-name\" id=\"first-name\" required=\"required\" style=\"padding: 10px; font-size: 18px; width: 100%; margin-bottom: 15px; color: rgb(88, 88, 88);\"><br> <label>El. pa\u0161to adresas<sup style=\"color: rgb(255, 0, 0);\">*<\/sup><\/label><br> <input type=\"email\" required=\"required\" placeholder=\"El. pa\u0161to adresas\" name=\"email\" id=\"email\" style=\"padding: 10px; font-size: 18px; width: 100%; margin-bottom: 15px; color: rgb(88, 88, 88);\"><br> <label>Telefonas<sup style=\"color: rgb(255, 0, 0);\">*<\/sup> <span style=\"font-size: 12px;\">(Pra\u0161ome \u012ftraukti \u0161alies kod\u0105)<\/span><\/label><br> <input type=\"number\" required=\"required\" placeholder=\"Telefonas\" name=\"telephone\" id=\"telephone\" style=\"padding: 10px; font-size: 18px; width: 100%; margin-bottom: 15px; color: rgb(88, 88, 88);\"><br> <label>Amazon parduotuv\u0117s URL<sup style=\"color: rgb(255, 0, 0);\">*<\/sup><\/label><br> <input type=\"text\" required=\"required\" placeholder=\"Tinklalapis\" name=\"website\" id=\"website\" style=\"padding: 10px; font-size: 18px; width: 100%; margin-bottom: 15px; color: rgb(88, 88, 88);\"><br><label>SKU skai\u010dius<\/label><br> <input type=\"text\" placeholder=\"SKU skai\u010dius\" name=\"sku_count\" id=\"sku_count\" style=\"padding: 10px; font-size: 18px; width: 100%; margin-bottom: 15px; color: rgb(88, 88, 88);\"><br><input type=\"submit\" value=\"U\u017esisakykite darbo knyg\u0105 dabar!\" id=\"submit\" style=\"padding: 10px; font-size: 18px; width: 100%; margin-bottom: 15px; color: rgb(255, 255, 255); background-color: rgb(255, 170, 1); cursor: pointer;\"> <p style=\"margin-bottom: 10px; font-size: 12px;\">Duomen\u0173 apdorojimas vyksta pagal m\u016bs\u0173 <a href=\"https:\/\/www.sellerlogic.com\/en\/privacy-policy\/\" target=\"_blank\" draggable=\"false\" rel=\"noopener noreferrer\">privatumo politik\u0105<\/a>.<\/p><\/form><\/div><\/div><div class=\"theme-wp-block wp-block-column gb-responsive-795940-identifier is-layout-flow wp-block-column-is-layout-flow\" style=\"flex-basis:25%\"><\/div><\/div><div class=\"theme-wp-block wp-block-columns gb-responsive-311266-identifier is-layout-flex wp-container-core-columns-is-layout-9d6595d7 wp-block-columns-is-layout-flex\"><div class=\"theme-wp-block wp-block-column gb-responsive-543079-identifier is-layout-flow wp-block-column-is-layout-flow\"><h3 class=\"theme-wp-block gb-responsive-330478-identifier wp-block-heading\">\u00a0<\/h3><\/div><\/div><div class=\"theme-wp-block wp-block-columns gb-responsive-483071-identifier is-layout-flex wp-container-core-columns-is-layout-9d6595d7 wp-block-columns-is-layout-flex\"><div class=\"theme-wp-block wp-block-column gb-responsive-321787-identifier is-layout-flow wp-block-column-is-layout-flow\"><div class=\"theme-wp-block wp-block-columns gb-responsive-295103-identifier is-layout-flex wp-container-core-columns-is-layout-9d6595d7 wp-block-columns-is-layout-flex\"><div class=\"theme-wp-block wp-block-column gb-responsive-736519-identifier is-layout-flow wp-block-column-is-layout-flow\"><\/div><\/div><\/div><div class=\"theme-wp-block wp-block-column gb-responsive-606172-identifier is-layout-flow wp-block-column-is-layout-flow\" style=\"flex-basis:25%\"><\/div><\/div><p class=\"theme-wp-block gb-responsive-395798-identifier\"><\/p>","protected":false},"excerpt":{"rendered":"<p>Palikite savo konkurencij\u0105 u\u017e nugaros &#8230; &#8230; Nes galiausiai, pardavimas \u201eAmazon\u201c n\u0117ra tikrai raket\u0173 mokslas. Mes ne tik parodysime, kokius privalumus \u201eAmazon\u201c logistikos programa \u201eFulfillment by Amazon\u201c turi j\u016bs\u0173 verslui, bet ir kaip paruo\u0161ti savo produkto detali\u0173 puslapius su SEO, kuris yra specialiai pritaikytas \u201eAmazon\u201c! Laim\u0117ti Buy Box taip pat yra svarbus veiksnys j\u016bs\u0173 kelyje<\/p>\n","protected":false},"author":6,"featured_media":0,"parent":224502,"menu_order":0,"comment_status":"closed","ping_status":"closed","template":"","meta":{"sidebar_recommended_resources":{"data":[]},"sidebar_header_settings":{"hide_buttons":{"register":false}},"_use_new_theme":false,"inline_featured_image":false,"footnotes":""},"class_list":["post-224640","page","type-page","status-publish","hentry"],"yoast_head":"<!-- This site is optimized with the Yoast SEO plugin v26.8 - https:\/\/yoast.com\/product\/yoast-seo-wordpress\/ -->\n<title>Atsisi\u0173skite nemokamai: 6 geriausi patarimai FBA pardav\u0117jams!<\/title>\n<meta name=\"description\" content=\"S\u0117km\u0117 \u201eAmazon\u201c neateina pati! Bet su \u0161iais 6 patarimais kelias \u012f j\u016bs\u0173 e. prekybos kelion\u0117s vir\u0161\u016bn\u0119 tampa \u0161iek tiek lengvesnis. Skaitykite dabar!\" \/>\n<meta name=\"robots\" content=\"index, follow, max-snippet:-1, max-image-preview:large, max-video-preview:-1\" \/>\n<link rel=\"canonical\" href=\"https:\/\/www.sellerlogic.com\/lt\/resources\/wb-en-202001\/\" \/>\n<meta property=\"og:locale\" content=\"lt_LT\" \/>\n<meta property=\"og:type\" content=\"article\" \/>\n<meta property=\"og:title\" content=\"Atsisi\u0173skite nemokamai: 6 geriausi patarimai FBA pardav\u0117jams!\" \/>\n<meta property=\"og:description\" content=\"S\u0117km\u0117 \u201eAmazon\u201c neateina pati! Bet su \u0161iais 6 patarimais kelias \u012f j\u016bs\u0173 e. prekybos kelion\u0117s vir\u0161\u016bn\u0119 tampa \u0161iek tiek lengvesnis. Skaitykite dabar!\" \/>\n<meta property=\"og:url\" content=\"https:\/\/www.sellerlogic.com\/lt\/resources\/wb-en-202001\/\" \/>\n<meta property=\"og:site_name\" content=\"SELLERLOGIC - Smarte Tools f\u00fcr Amazon-Seller\" \/>\n<meta property=\"article:publisher\" content=\"https:\/\/www.facebook.com\/SellerLogic\/\" \/>\n<meta property=\"og:image\" content=\"https:\/\/www.sellerlogic.com\/wp-content\/uploads\/2021\/01\/six-tips-fba-sellers-workbook.png\" \/>\n<meta name=\"twitter:card\" content=\"summary_large_image\" \/>\n<meta name=\"twitter:site\" content=\"@sellerlogic\" \/>\n<meta name=\"twitter:label1\" content=\"Est. reading time\" \/>\n\t<meta name=\"twitter:data1\" content=\"1 minute\" \/>\n<script type=\"application\/ld+json\" class=\"yoast-schema-graph\">{\"@context\":\"https:\/\/schema.org\",\"@graph\":[{\"@type\":\"WebPage\",\"@id\":\"https:\/\/www.sellerlogic.com\/lt\/resources\/wb-en-202001\/\",\"url\":\"https:\/\/www.sellerlogic.com\/lt\/resources\/wb-en-202001\/\",\"name\":\"Atsisi\u0173skite nemokamai: 6 geriausi patarimai FBA pardav\u0117jams!\",\"isPartOf\":{\"@id\":\"https:\/\/www.sellerlogic.com\/lt\/#website\"},\"primaryImageOfPage\":{\"@id\":\"https:\/\/www.sellerlogic.com\/lt\/resources\/wb-en-202001\/#primaryimage\"},\"image\":{\"@id\":\"https:\/\/www.sellerlogic.com\/lt\/resources\/wb-en-202001\/#primaryimage\"},\"thumbnailUrl\":\"https:\/\/www.sellerlogic.com\/wp-content\/uploads\/2021\/01\/six-tips-fba-sellers-workbook.png\",\"datePublished\":\"2021-01-05T16:03:47+00:00\",\"description\":\"S\u0117km\u0117 \u201eAmazon\u201c neateina pati! Bet su \u0161iais 6 patarimais kelias \u012f j\u016bs\u0173 e. prekybos kelion\u0117s vir\u0161\u016bn\u0119 tampa \u0161iek tiek lengvesnis. Skaitykite dabar!\",\"breadcrumb\":{\"@id\":\"https:\/\/www.sellerlogic.com\/lt\/resources\/wb-en-202001\/#breadcrumb\"},\"inLanguage\":\"lt-LT\",\"potentialAction\":[{\"@type\":\"ReadAction\",\"target\":[\"https:\/\/www.sellerlogic.com\/lt\/resources\/wb-en-202001\/\"]}]},{\"@type\":\"ImageObject\",\"inLanguage\":\"lt-LT\",\"@id\":\"https:\/\/www.sellerlogic.com\/lt\/resources\/wb-en-202001\/#primaryimage\",\"url\":\"https:\/\/www.sellerlogic.com\/wp-content\/uploads\/2021\/01\/six-tips-fba-sellers-workbook.png\",\"contentUrl\":\"https:\/\/www.sellerlogic.com\/wp-content\/uploads\/2021\/01\/six-tips-fba-sellers-workbook.png\"},{\"@type\":\"BreadcrumbList\",\"@id\":\"https:\/\/www.sellerlogic.com\/lt\/resources\/wb-en-202001\/#breadcrumb\",\"itemListElement\":[{\"@type\":\"ListItem\",\"position\":1,\"name\":\"Home\",\"item\":\"https:\/\/www.sellerlogic.com\/lt\/\"},{\"@type\":\"ListItem\",\"position\":2,\"name\":\"I\u0161tekliai EN\",\"item\":\"https:\/\/www.sellerlogic.com\/lt\/ressourcen\/\"},{\"@type\":\"ListItem\",\"position\":3,\"name\":\"Darbo knyga 6 FBA patarimai EN\"}]},{\"@type\":\"WebSite\",\"@id\":\"https:\/\/www.sellerlogic.com\/lt\/#website\",\"url\":\"https:\/\/www.sellerlogic.com\/lt\/\",\"name\":\"SELLERLOGIC - Smarte Tools f\u00fcr Amazon-Seller\",\"description\":\"Intelligente Prozessoptimierung und Gewinnmaximierung\",\"publisher\":{\"@id\":\"https:\/\/www.sellerlogic.com\/lt\/#organization\"},\"potentialAction\":[{\"@type\":\"SearchAction\",\"target\":{\"@type\":\"EntryPoint\",\"urlTemplate\":\"https:\/\/www.sellerlogic.com\/lt\/?s={search_term_string}\"},\"query-input\":{\"@type\":\"PropertyValueSpecification\",\"valueRequired\":true,\"valueName\":\"search_term_string\"}}],\"inLanguage\":\"lt-LT\"},{\"@type\":\"Organization\",\"@id\":\"https:\/\/www.sellerlogic.com\/lt\/#organization\",\"name\":\"SELLERLOGIC\",\"url\":\"https:\/\/www.sellerlogic.com\/lt\/\",\"logo\":{\"@type\":\"ImageObject\",\"inLanguage\":\"lt-LT\",\"@id\":\"https:\/\/www.sellerlogic.com\/lt\/#\/schema\/logo\/image\/\",\"url\":\"https:\/\/d2bw95mh2ee04s.cloudfront.net\/prod\/content\/wp-content\/uploads\/2025\/01\/02134814\/Property-Logo-Main.svg\",\"contentUrl\":\"https:\/\/d2bw95mh2ee04s.cloudfront.net\/prod\/content\/wp-content\/uploads\/2025\/01\/02134814\/Property-Logo-Main.svg\",\"width\":184,\"height\":40,\"caption\":\"SELLERLOGIC\"},\"image\":{\"@id\":\"https:\/\/www.sellerlogic.com\/lt\/#\/schema\/logo\/image\/\"},\"sameAs\":[\"https:\/\/www.facebook.com\/SellerLogic\/\",\"https:\/\/x.com\/sellerlogic\",\"https:\/\/www.instagram.com\/sellerlogic\/\",\"https:\/\/www.linkedin.com\/company\/18402037\/\",\"https:\/\/www.youtube.com\/channel\/UC-gULUur-fNj08sprantKsQ\"]}]}<\/script>\n<!-- \/ Yoast SEO plugin. -->","yoast_head_json":{"title":"Atsisi\u0173skite nemokamai: 6 geriausi patarimai FBA pardav\u0117jams!","description":"S\u0117km\u0117 \u201eAmazon\u201c neateina pati! Bet su \u0161iais 6 patarimais kelias \u012f j\u016bs\u0173 e. prekybos kelion\u0117s vir\u0161\u016bn\u0119 tampa \u0161iek tiek lengvesnis. Skaitykite dabar!","robots":{"index":"index","follow":"follow","max-snippet":"max-snippet:-1","max-image-preview":"max-image-preview:large","max-video-preview":"max-video-preview:-1"},"canonical":"https:\/\/www.sellerlogic.com\/lt\/resources\/wb-en-202001\/","og_locale":"lt_LT","og_type":"article","og_title":"Atsisi\u0173skite nemokamai: 6 geriausi patarimai FBA pardav\u0117jams!","og_description":"S\u0117km\u0117 \u201eAmazon\u201c neateina pati! Bet su \u0161iais 6 patarimais kelias \u012f j\u016bs\u0173 e. prekybos kelion\u0117s vir\u0161\u016bn\u0119 tampa \u0161iek tiek lengvesnis. Skaitykite dabar!","og_url":"https:\/\/www.sellerlogic.com\/lt\/resources\/wb-en-202001\/","og_site_name":"SELLERLOGIC - Smarte Tools f\u00fcr Amazon-Seller","article_publisher":"https:\/\/www.facebook.com\/SellerLogic\/","og_image":[{"url":"https:\/\/www.sellerlogic.com\/wp-content\/uploads\/2021\/01\/six-tips-fba-sellers-workbook.png","type":"","width":"","height":""}],"twitter_card":"summary_large_image","twitter_site":"@sellerlogic","twitter_misc":{"Est. reading time":"1 minute"},"schema":{"@context":"https:\/\/schema.org","@graph":[{"@type":"WebPage","@id":"https:\/\/www.sellerlogic.com\/lt\/resources\/wb-en-202001\/","url":"https:\/\/www.sellerlogic.com\/lt\/resources\/wb-en-202001\/","name":"Atsisi\u0173skite nemokamai: 6 geriausi patarimai FBA pardav\u0117jams!","isPartOf":{"@id":"https:\/\/www.sellerlogic.com\/lt\/#website"},"primaryImageOfPage":{"@id":"https:\/\/www.sellerlogic.com\/lt\/resources\/wb-en-202001\/#primaryimage"},"image":{"@id":"https:\/\/www.sellerlogic.com\/lt\/resources\/wb-en-202001\/#primaryimage"},"thumbnailUrl":"https:\/\/www.sellerlogic.com\/wp-content\/uploads\/2021\/01\/six-tips-fba-sellers-workbook.png","datePublished":"2021-01-05T16:03:47+00:00","description":"S\u0117km\u0117 \u201eAmazon\u201c neateina pati! Bet su \u0161iais 6 patarimais kelias \u012f j\u016bs\u0173 e. prekybos kelion\u0117s vir\u0161\u016bn\u0119 tampa \u0161iek tiek lengvesnis. Skaitykite dabar!","breadcrumb":{"@id":"https:\/\/www.sellerlogic.com\/lt\/resources\/wb-en-202001\/#breadcrumb"},"inLanguage":"lt-LT","potentialAction":[{"@type":"ReadAction","target":["https:\/\/www.sellerlogic.com\/lt\/resources\/wb-en-202001\/"]}]},{"@type":"ImageObject","inLanguage":"lt-LT","@id":"https:\/\/www.sellerlogic.com\/lt\/resources\/wb-en-202001\/#primaryimage","url":"https:\/\/www.sellerlogic.com\/wp-content\/uploads\/2021\/01\/six-tips-fba-sellers-workbook.png","contentUrl":"https:\/\/www.sellerlogic.com\/wp-content\/uploads\/2021\/01\/six-tips-fba-sellers-workbook.png"},{"@type":"BreadcrumbList","@id":"https:\/\/www.sellerlogic.com\/lt\/resources\/wb-en-202001\/#breadcrumb","itemListElement":[{"@type":"ListItem","position":1,"name":"Home","item":"https:\/\/www.sellerlogic.com\/lt\/"},{"@type":"ListItem","position":2,"name":"I\u0161tekliai EN","item":"https:\/\/www.sellerlogic.com\/lt\/ressourcen\/"},{"@type":"ListItem","position":3,"name":"Darbo knyga 6 FBA patarimai EN"}]},{"@type":"WebSite","@id":"https:\/\/www.sellerlogic.com\/lt\/#website","url":"https:\/\/www.sellerlogic.com\/lt\/","name":"SELLERLOGIC - Smarte Tools f\u00fcr Amazon-Seller","description":"Intelligente Prozessoptimierung und Gewinnmaximierung","publisher":{"@id":"https:\/\/www.sellerlogic.com\/lt\/#organization"},"potentialAction":[{"@type":"SearchAction","target":{"@type":"EntryPoint","urlTemplate":"https:\/\/www.sellerlogic.com\/lt\/?s={search_term_string}"},"query-input":{"@type":"PropertyValueSpecification","valueRequired":true,"valueName":"search_term_string"}}],"inLanguage":"lt-LT"},{"@type":"Organization","@id":"https:\/\/www.sellerlogic.com\/lt\/#organization","name":"SELLERLOGIC","url":"https:\/\/www.sellerlogic.com\/lt\/","logo":{"@type":"ImageObject","inLanguage":"lt-LT","@id":"https:\/\/www.sellerlogic.com\/lt\/#\/schema\/logo\/image\/","url":"https:\/\/d2bw95mh2ee04s.cloudfront.net\/prod\/content\/wp-content\/uploads\/2025\/01\/02134814\/Property-Logo-Main.svg","contentUrl":"https:\/\/d2bw95mh2ee04s.cloudfront.net\/prod\/content\/wp-content\/uploads\/2025\/01\/02134814\/Property-Logo-Main.svg","width":184,"height":40,"caption":"SELLERLOGIC"},"image":{"@id":"https:\/\/www.sellerlogic.com\/lt\/#\/schema\/logo\/image\/"},"sameAs":["https:\/\/www.facebook.com\/SellerLogic\/","https:\/\/x.com\/sellerlogic","https:\/\/www.instagram.com\/sellerlogic\/","https:\/\/www.linkedin.com\/company\/18402037\/","https:\/\/www.youtube.com\/channel\/UC-gULUur-fNj08sprantKsQ"]}]}},"_links":{"self":[{"href":"https:\/\/www.sellerlogic.com\/lt\/wp-json\/wp\/v2\/pages\/224640","targetHints":{"allow":["GET"]}}],"collection":[{"href":"https:\/\/www.sellerlogic.com\/lt\/wp-json\/wp\/v2\/pages"}],"about":[{"href":"https:\/\/www.sellerlogic.com\/lt\/wp-json\/wp\/v2\/types\/page"}],"author":[{"embeddable":true,"href":"https:\/\/www.sellerlogic.com\/lt\/wp-json\/wp\/v2\/users\/6"}],"replies":[{"embeddable":true,"href":"https:\/\/www.sellerlogic.com\/lt\/wp-json\/wp\/v2\/comments?post=224640"}],"version-history":[{"count":0,"href":"https:\/\/www.sellerlogic.com\/lt\/wp-json\/wp\/v2\/pages\/224640\/revisions"}],"up":[{"embeddable":true,"href":"https:\/\/www.sellerlogic.com\/lt\/wp-json\/wp\/v2\/pages\/224502"}],"wp:attachment":[{"href":"https:\/\/www.sellerlogic.com\/lt\/wp-json\/wp\/v2\/media?parent=224640"}],"curies":[{"name":"wp","href":"https:\/\/api.w.org\/{rel}","templated":true}]}}