
{"id":111561,"date":"2020-12-17T16:17:58","date_gmt":"2020-12-17T16:17:58","guid":{"rendered":"https:\/\/127.0.0.1\/resources\/success-story-rewu-eu\/"},"modified":"2020-12-17T16:17:58","modified_gmt":"2020-12-17T16:17:58","slug":"success-story-rewu-eu","status":"publish","type":"page","link":"https:\/\/www.sellerlogic.com\/lv\/resources\/success-story-rewu-eu\/","title":{"rendered":"Pan\u0101kumu st\u0101sts: ReWu EN"},"content":{"rendered":"\n\t<div  class=\"theme-wp-block theme-block-main-header is-style-full-height desktop-align-full xl-align-full lg-align-full md-align-full sm-align-full desktop-content-align-y-center desktop-content-align-x-center xl-content-align-y-center xl-content-align-x-center lg-content-align-y-center lg-content-align-x-center md-content-align-y-center md-content-align-x-center sm-content-align-y-center sm-content-align-x-center gb-responsive-650367-identifier theme-block-cover\">\n\t\t<div class=\"bg-cover theme-lazy-load-bg\"><\/div>\n\t\t<div class=\"wrap-content-main-header\">\n\t\t\t\t\t<div  class=\"theme-wp-block theme-block-text-and-text gb-responsive-130700-identifier desktop-blockDirection-column xl-blockDirection-column lg-blockDirection-column md-blockDirection-column sm-blockDirection-column desktop-align-wide xl-align-wide lg-align-wide md-align-wide sm-align-wide\">\n\t\t<div class=\"tat-column-wrap-wrapper\">\n\t\t\t<div class=\"tat-column-wrapper\">\n\t\t\t\t\t<div  class=\"theme-wp-block theme-block-text-and-text-column gb-responsive-420800-identifier desktop-horizontal-center xl-horizontal-center lg-horizontal-center md-horizontal-center sm-horizontal-center\">\n\t\t<div class=\"inner-wrap-column-content\">\n\t\t\t<div class=\"inner-column-content\">\n\t\t\t\t\t\t<h1  class=\"theme-wp-block theme-block-heading is-style-default desktop-text-center xl-text-center lg-text-center md-text-center sm-text-center gb-responsive-178195-identifier h1\">\n\t\tAugstas klases dz\u012bves aksesu\u0101ri par perfektu cenu\t<\/h1>\n\n\t\t<h2  class=\"theme-wp-block theme-block-heading is-style-default desktop-text-center xl-text-center lg-text-center md-text-center sm-text-center gb-responsive-77462-identifier desktop-align-center xl-align-center lg-align-center md-align-center sm-align-center aligncenter h2 has-text-align\">\n\t\tK\u0101 ReWu.eu uzvar Amazon Buy Box\t<\/h2>\n\n\t\t\t<\/div>\n\t\t<\/div>\n\t<\/div>\n\t<div  class=\"theme-wp-block theme-block-text-and-text-column gb-responsive-983379-identifier\">\n\t\t<div class=\"inner-wrap-column-content\">\n\t\t\t<div class=\"inner-column-content\">\n\t\t\t\t\t\t\t<\/div>\n\t\t<\/div>\n\t<\/div>\n\t\t\t<\/div>\n\t\t<\/div>\n\t<\/div>\n\n\t\t<\/div>\n\t<\/div>\n\n<div style=\"height:50px\" aria-hidden=\"true\" class=\"theme-wp-block wp-block-spacer\"><\/div><div class=\"theme-wp-block wp-block-columns gb-responsive-678291-identifier is-layout-flex wp-container-core-columns-is-layout-9d6595d7 wp-block-columns-is-layout-flex\"><div class=\"theme-wp-block wp-block-column gb-responsive-277127-identifier is-layout-flow wp-block-column-is-layout-flow\" style=\"flex-basis:25%\"><figure class=\"theme-wp-block wp-block-image size-large is-resized gb-responsive-62921-identifier\"><img decoding=\"async\" src=\"https:\/\/d2bw95mh2ee04s.cloudfront.net\/prod\/content\/wp-content\/uploads\/2020\/12\/23142722\/logo_rewu.png\" alt=\"Pan\u0101kumu st\u0101sts: ReWu EN\" class=\"wp-image-4882\" width=\"300\" height=\"143\" srcset=\"https:\/\/d2bw95mh2ee04s.cloudfront.net\/prod\/content\/wp-content\/uploads\/2020\/12\/23142722\/logo_rewu-407x194.png 407w, https:\/\/d2bw95mh2ee04s.cloudfront.net\/prod\/content\/wp-content\/uploads\/2020\/12\/23142722\/logo_rewu.png 479w\" sizes=\"(max-width: 300px) 100vw, 300px\" \/><\/figure><p class=\"theme-wp-block gb-responsive-589628-identifier\"><strong>Pamats:<\/strong><br>2017. gada j\u016blijs<\/p><p class=\"theme-wp-block gb-responsive-203014-identifier\"><strong>Nozare:<\/strong><br>M\u0101jsaimniec\u012bba, m\u0113beles,<br>rota\u013clietas<\/p><p class=\"theme-wp-block gb-responsive-55456-identifier\"><strong>Preces Amazon:\u00a0<\/strong><br>apm\u0113ram 900<\/p><p class=\"theme-wp-block gb-responsive-107672-identifier\"><strong>Nos\u016bt\u012bjumi:<\/strong><br>apm\u0113ram 7.200 m\u0113nes\u012b<\/p><\/div><div class=\"theme-wp-block wp-block-column gb-responsive-745505-identifier is-layout-flow wp-block-column-is-layout-flow\" style=\"flex-basis:50%\"><h3 class=\"theme-wp-block wp-block-heading gb-responsive-34353-identifier\" id=\"block-c06fce04-ef87-4ffc-a3d6-b768ba377d17\">Fons:<\/h3><p class=\"theme-wp-block gb-responsive-175924-identifier desktop-gb-has-no-icon xl-gb-has-no-icon lg-gb-has-no-icon md-gb-has-no-icon sm-gb-has-no-icon\">Florian Wucherpfennig mekl\u0113ja jaunas pieredzes papildus savam pilna laika darbam \u0123imenes vad\u012btaj\u0101 elektropre\u010du uz\u0146\u0113mum\u0101. P\u0113c drauga ieteikuma vi\u0146\u0161 s\u0101ka interes\u0113ties par p\u0101rdo\u0161anu Amazon.<\/p><p class=\"theme-wp-block gb-responsive-353482-identifier desktop-gb-has-no-icon xl-gb-has-no-icon lg-gb-has-no-icon md-gb-has-no-icon sm-gb-has-no-icon\">Lai g\u016btu pan\u0101kumus tie\u0161saistes platform\u0101, p\u0101rdev\u0113jam j\u0101iztur vair\u0101ki \u0161\u0137\u0113r\u0161\u013ci un j\u0101veic darb\u012bbas. Klientu apkalpo\u0161ana un cenu optimiz\u0101cija veido pan\u0101kumu pamatu tirg\u016b un izce\u013c mazumtirgot\u0101ju. P\u0113c sava Amazon veikala ReWu.eu atkl\u0101\u0161anas Florian nekav\u0113joties atzina klientu apkalpo\u0161anas un cenu noz\u012bmi.<\/p><h3 class=\"theme-wp-block wp-block-heading gb-responsive-182281-identifier\">Izaicin\u0101jums:<\/h3><p class=\"theme-wp-block gb-responsive-432341-identifier desktop-gb-has-no-icon xl-gb-has-no-icon lg-gb-has-no-icon md-gb-has-no-icon sm-gb-has-no-icon\">Gandr\u012bz katrs otrais eiro, kas izt\u0113r\u0113ts tie\u0161saist\u0113, non\u0101k Amazon. \u0160aj\u0101 ne\u017e\u0113l\u012bgi konkur\u0113tsp\u0113j\u012bgaj\u0101 tie\u0161saistes biznes\u0101 ReWu.eu ir j\u0101iztur konkurence starp citiem 100 000 tie\u0161saistes mazumtirgot\u0101jiem V\u0101cij\u0101. T\u0101 k\u0101 Florian p\u0101rdod tikai vairumtirdzniec\u012bb\u0101, izpilddirektoram katru dienu j\u0101c\u012bn\u0101s ar pieaugo\u0161o konkurenci. Cenas var krist, un pre\u010du kvalit\u0101te cie\u0161 no t\u0101.<\/p><p class=\"theme-wp-block gb-responsive-926294-identifier desktop-gb-has-no-icon xl-gb-has-no-icon lg-gb-has-no-icon md-gb-has-no-icon sm-gb-has-no-icon\">\u201cM\u0113s nev\u0113lamies p\u0101rdot klientam atkritumu produktus par zem\u0101ko cenu. M\u016bsu m\u0113r\u0137is ir pied\u0101v\u0101t augstas kvalit\u0101tes produktus ar klientu apkalpo\u0161anu, ko neviens no m\u016bsu konkurentiem nevar pied\u0101v\u0101t. Tas ir m\u016bsu galvenais uzdevums. T\u0101 m\u0113s paliekam konkur\u0113tsp\u0113j\u012bgi. Protams, cenu kar\u0161 ir kl\u0101teso\u0161s ar\u012b kvalit\u0101tes segment\u0101. T\u0101p\u0113c mums bija nepiecie\u0161ams partneris cenu optimiz\u0101cijai, kas nepa\u013caujas uz zem\u0101ko cenu, lai iek\u013c\u016btu Buy Box, bet gan r\u012bkojas dinamiski un piel\u0101go cenas atbilsto\u0161i tirgus situ\u0101cijai,\u201d skaidro Florian.<\/p><h3 class=\"theme-wp-block wp-block-heading gb-responsive-115756-identifier\">Risin\u0101jums:<\/h3><p class=\"theme-wp-block gb-responsive-578168-identifier desktop-gb-has-no-icon xl-gb-has-no-icon lg-gb-has-no-icon md-gb-has-no-icon sm-gb-has-no-icon\">Florian lik\u0101s uz SELLERLOGIC Repricer, jo tas nodro\u0161ina Buy Box un augst\u0101ko cenu. P\u0113c tam, kad produkti ir pozicion\u0113ti Buy Box, Repricer optimiz\u0113 min\u0113t\u0101 produkta cenu l\u012bdz iesp\u0113jami augst\u0101kajai. \u201cPa\u0161laik m\u0113s esam orient\u0113ti uz prec\u0113m. T\u0101p\u0113c SELLERLOGIC produkts mums ir neaizst\u0101jams. Tas piel\u0101go cenas tirgus situ\u0101cijai, bet ar\u012b pal\u012bdz \u0101tri ieg\u016bt p\u0101rskatu par segmentiem, kuros mums v\u0113l j\u0101veic izmai\u0146as vai j\u0101nov\u0113ro tuv\u0101k,\u201d apstiprina Florian.<\/p><div class=\"theme-block-group-wrap\"><div class=\"theme-wp-block wp-block-group gb-responsive-88118-identifier\">\t\t<div  class=\"theme-wp-block theme-block-user-card gb-responsive-799176-identifier is-style-full-width-line desktop-gb-has-no-icon xl-gb-has-no-icon lg-gb-has-no-icon md-gb-has-no-icon sm-gb-has-no-icon\">\n\t\t<div class=\"wrap-inner-content\">\n\t\t\t<div class=\"card-user-head\">\n\t\t\t\t<div class=\"card-user-avatar\">\n\t\t\t\t\t<div class=\"cover-avatar\" style=\"background-image: url(https:\/\/d2bw95mh2ee04s.cloudfront.net\/prod\/content\/wp-content\/uploads\/2020\/12\/23142721\/florian_wucherpfennig_raute.png);\"><\/div>\n\t\t\t\t<\/div>\n\t\t\t\t<div class=\"wrap-title\">\n\t\t\t\t\t<div class=\"card-user-name\">\n\t\t\t\t\t\t<div class=\"title\">\n\t\t\t\t\t\t\t<h3 class=\"heading-text\"><strong>Florian Wucherpfennig<\/strong><\/h3>\n\t\t\t\t\t\t<\/div>\n\t\t\t\t\t\t<div class=\"card-user-position\">\n\t\t\t\t\t\t\t<div class=\"card-text\"><strong>ReWu.eu izpilddirektors<\/strong><\/div>\n\t\t\t\t\t\t<\/div>\n\t\t\t\t\t<\/div>\n\t\t\t\t\t<div class=\"card-user-quote-icon\">\n\t\t\t\t\t<\/div>\n\t\t\t\t<\/div>\n\t\t\t<\/div>\n\t\t\t<div class=\"card-user-text\">\n\t\t\t\t<div class=\"card-text\"><p>\u201cEs \u013coti uzskatu, ka SELLERLOGIC mums ietaupa milz\u012bgus resursus. Tagad m\u0113s varam ieguld\u012bt laiku, darbasp\u0113ku un naudu klientu atbalst\u0101. Protams, augst\u0101ka pe\u013c\u0146a ir tikpat svar\u012bga, un Repricer to nodro\u0161ina katru reizi.\u201d<\/p><\/div>\n\t\t\t<\/div>\n\t\t<\/div>\n\t<\/div>\n\n<\/div><\/div><h3 class=\"theme-wp-block wp-block-heading gb-responsive-595368-identifier\">Veiksm\u012bgi rezult\u0101ti ar SELLERLOGIC:<\/h3><p class=\"theme-wp-block gb-responsive-295853-identifier desktop-gb-has-no-icon xl-gb-has-no-icon lg-gb-has-no-icon md-gb-has-no-icon sm-gb-has-no-icon\">Klientu apkalpo\u0161anai ir augsta reput\u0101cija ar ReWU.eu. Florian skaidro, k\u0101p\u0113c: \u201cIr labi zin\u0101ms, ka laba klientu apkalpo\u0161ana ir ener\u0123iju izsme\u013co\u0161a, bet galu gal\u0101 atmaks\u0101jas divk\u0101r\u0161i. T\u0101 ir ar\u012b dro\u0161a metode, k\u0101 izcelties no konkurences. Izmantojot Repricer, m\u0113s varam ietaup\u012bt milz\u012bgas ener\u0123ijas summas, kuras varam novirz\u012bt uz m\u016bsu klientu apkalpo\u0161anu, kas, savuk\u0101rt, n\u0101k par labu m\u016bsu klientiem. Protams, augst\u0101ks pe\u013c\u0146as l\u012bmenis, ko nodro\u0161ina Repricer, ir tikpat svar\u012bgs un tiek nodro\u0161in\u0101ts katru reizi.\u201c<\/p><p class=\"theme-wp-block gb-responsive-525743-identifier desktop-gb-has-no-icon xl-gb-has-no-icon lg-gb-has-no-icon md-gb-has-no-icon sm-gb-has-no-icon\">\u201cGr\u016bti iedom\u0101ties, ka katru produktu manu\u0101li p\u0101rskat\u0101m atkal un atkal, kad konkurence main\u0101s. T\u0101 viet\u0101 m\u0113s reizi ned\u0113\u013c\u0101 apskat\u0101m savus produktus, p\u0101rbaud\u0101m, kuri nav Buy Box un veicam piel\u0101gojumus. Repricer par\u016bp\u0113jas par p\u0101r\u0113jo,\u201d Florian turpina. \u201cTom\u0113r es uzskatu, ka m\u0113s v\u0113l neizmantojam \u0161o r\u012bku 100% no t\u0101 iesp\u0113j\u0101m un joproj\u0101m ir da\u017eas vilt\u012bbas un funkcijas, kas var\u0113tu b\u016bt noder\u012bgas un jautras.\u201d<\/p><div class=\"theme-wp-block wp-block-buttons gb-responsive-497426-identifier is-layout-flex wp-block-buttons-is-layout-flex\"><div class=\"theme-wp-block wp-block-button gb-responsive-38220-identifier is-style-theme-transparent-with-arrow\"><a class=\"wp-block-button__link wp-element-button\" href=\"https:\/\/d2bw95mh2ee04s.cloudfront.net\/prod\/content\/files\/SUCCESS-STORIES\/EN\/SELLERLOGIC_SN_Success-Story_ReWu_EN.pdf\" target=\"_blank\" rel=\"noreferrer noopener nofollow\">Lejupiel\u0101d\u0113t tagad!<\/a><\/div><\/div><\/div><div class=\"theme-wp-block wp-block-column gb-responsive-561369-identifier is-layout-flow wp-block-column-is-layout-flow\" style=\"flex-basis:25%\"><\/div><\/div>","protected":false},"excerpt":{"rendered":"<p>Pamats:2017. gada j\u016blijs Nozare:M\u0101jsaimniec\u012bba, m\u0113beles,rota\u013clietas Preces Amazon:\u00a0apm\u0113ram 900 Nos\u016bt\u012bjumi:apm\u0113ram 7.200 m\u0113nes\u012b Fons: Florian Wucherpfennig mekl\u0113ja jaunas pieredzes papildus savam pilna laika darbam \u0123imenes vad\u012btaj\u0101 elektropre\u010du uz\u0146\u0113mum\u0101. P\u0113c drauga ieteikuma vi\u0146\u0161 s\u0101ka interes\u0113ties par p\u0101rdo\u0161anu Amazon. Lai g\u016btu pan\u0101kumus tie\u0161saistes platform\u0101, p\u0101rdev\u0113jam j\u0101iztur vair\u0101ki \u0161\u0137\u0113r\u0161\u013ci un j\u0101veic darb\u012bbas. Klientu apkalpo\u0161ana un cenu optimiz\u0101cija veido pan\u0101kumu pamatu<\/p>\n","protected":false},"author":3,"featured_media":4796,"parent":111675,"menu_order":0,"comment_status":"closed","ping_status":"closed","template":"","meta":{"sidebar_recommended_resources":{"data":[]},"sidebar_header_settings":{"hide_buttons":{"register":false}},"_use_new_theme":false,"inline_featured_image":false,"footnotes":""},"class_list":["post-111561","page","type-page","status-publish","has-post-thumbnail","hentry"],"yoast_head":"<!-- This site is optimized with the Yoast SEO plugin v26.8 - https:\/\/yoast.com\/product\/yoast-seo-wordpress\/ -->\n<title>K\u0101 ReWu.eu uzvar Amazon Buy Box | SELLERLOGIC<\/title>\n<meta name=\"description\" content=\"Uzvar\u0113t Buy Box ir iz\u0161\u0137iro\u0161i Amazon. P\u0101rbaudiet tagad, k\u0101 ReWu.eu p\u0101rvar \u0161o \u0161\u0137\u0113rsli ar SELLERLOGIC Repricer!\" \/>\n<meta name=\"robots\" content=\"index, follow, max-snippet:-1, max-image-preview:large, max-video-preview:-1\" \/>\n<link rel=\"canonical\" href=\"https:\/\/www.sellerlogic.com\/lv\/resources\/success-story-rewu-eu\/\" \/>\n<meta property=\"og:locale\" content=\"lv_LV\" \/>\n<meta property=\"og:type\" content=\"article\" \/>\n<meta property=\"og:title\" content=\"K\u0101 ReWu.eu uzvar Amazon Buy Box | SELLERLOGIC\" \/>\n<meta property=\"og:description\" content=\"Uzvar\u0113t Buy Box ir iz\u0161\u0137iro\u0161i Amazon. P\u0101rbaudiet tagad, k\u0101 ReWu.eu p\u0101rvar \u0161o \u0161\u0137\u0113rsli ar SELLERLOGIC Repricer!\" \/>\n<meta property=\"og:url\" content=\"https:\/\/www.sellerlogic.com\/lv\/resources\/success-story-rewu-eu\/\" \/>\n<meta property=\"og:site_name\" content=\"SELLERLOGIC - Smarte Tools f\u00fcr Amazon-Seller\" \/>\n<meta property=\"article:publisher\" content=\"https:\/\/www.facebook.com\/SellerLogic\/\" \/>\n<meta property=\"og:image\" content=\"https:\/\/d2bw95mh2ee04s.cloudfront.net\/prod\/content\/wp-content\/uploads\/2020\/12\/23142724\/header-success-story-rewu.jpg\" \/>\n\t<meta property=\"og:image:width\" content=\"2500\" \/>\n\t<meta property=\"og:image:height\" content=\"1667\" \/>\n\t<meta property=\"og:image:type\" content=\"image\/jpeg\" \/>\n<meta name=\"twitter:card\" content=\"summary_large_image\" \/>\n<meta name=\"twitter:site\" content=\"@sellerlogic\" \/>\n<meta name=\"twitter:label1\" content=\"Est. reading time\" \/>\n\t<meta name=\"twitter:data1\" content=\"3 minutes\" \/>\n<script type=\"application\/ld+json\" class=\"yoast-schema-graph\">{\"@context\":\"https:\/\/schema.org\",\"@graph\":[{\"@type\":\"WebPage\",\"@id\":\"https:\/\/www.sellerlogic.com\/lv\/resources\/success-story-rewu-eu\/\",\"url\":\"https:\/\/www.sellerlogic.com\/lv\/resources\/success-story-rewu-eu\/\",\"name\":\"K\u0101 ReWu.eu uzvar Amazon Buy Box | SELLERLOGIC\",\"isPartOf\":{\"@id\":\"https:\/\/www.sellerlogic.com\/lv\/#website\"},\"primaryImageOfPage\":{\"@id\":\"https:\/\/www.sellerlogic.com\/lv\/resources\/success-story-rewu-eu\/#primaryimage\"},\"image\":{\"@id\":\"https:\/\/www.sellerlogic.com\/lv\/resources\/success-story-rewu-eu\/#primaryimage\"},\"thumbnailUrl\":\"https:\/\/d2bw95mh2ee04s.cloudfront.net\/prod\/content\/wp-content\/uploads\/2020\/12\/23142724\/header-success-story-rewu.jpg\",\"datePublished\":\"2020-12-17T16:17:58+00:00\",\"description\":\"Uzvar\u0113t Buy Box ir iz\u0161\u0137iro\u0161i Amazon. P\u0101rbaudiet tagad, k\u0101 ReWu.eu p\u0101rvar \u0161o \u0161\u0137\u0113rsli ar SELLERLOGIC Repricer!\",\"breadcrumb\":{\"@id\":\"https:\/\/www.sellerlogic.com\/lv\/resources\/success-story-rewu-eu\/#breadcrumb\"},\"inLanguage\":\"lv\",\"potentialAction\":[{\"@type\":\"ReadAction\",\"target\":[\"https:\/\/www.sellerlogic.com\/lv\/resources\/success-story-rewu-eu\/\"]}]},{\"@type\":\"ImageObject\",\"inLanguage\":\"lv\",\"@id\":\"https:\/\/www.sellerlogic.com\/lv\/resources\/success-story-rewu-eu\/#primaryimage\",\"url\":\"https:\/\/d2bw95mh2ee04s.cloudfront.net\/prod\/content\/wp-content\/uploads\/2020\/12\/23142724\/header-success-story-rewu.jpg\",\"contentUrl\":\"https:\/\/d2bw95mh2ee04s.cloudfront.net\/prod\/content\/wp-content\/uploads\/2020\/12\/23142724\/header-success-story-rewu.jpg\",\"width\":2500,\"height\":1667,\"caption\":\"Amazon seller software for professionals: SELLERLOGIC Repricer\"},{\"@type\":\"BreadcrumbList\",\"@id\":\"https:\/\/www.sellerlogic.com\/lv\/resources\/success-story-rewu-eu\/#breadcrumb\",\"itemListElement\":[{\"@type\":\"ListItem\",\"position\":1,\"name\":\"Home\",\"item\":\"https:\/\/www.sellerlogic.com\/lv\/\"},{\"@type\":\"ListItem\",\"position\":2,\"name\":\"Resursi EN\",\"item\":\"https:\/\/www.sellerlogic.com\/lv\/resources\/\"},{\"@type\":\"ListItem\",\"position\":3,\"name\":\"Pan\u0101kumu st\u0101sts: ReWu EN\"}]},{\"@type\":\"WebSite\",\"@id\":\"https:\/\/www.sellerlogic.com\/lv\/#website\",\"url\":\"https:\/\/www.sellerlogic.com\/lv\/\",\"name\":\"SELLERLOGIC - Smarte Tools f\u00fcr Amazon-Seller\",\"description\":\"Intelligente Prozessoptimierung und Gewinnmaximierung\",\"publisher\":{\"@id\":\"https:\/\/www.sellerlogic.com\/lv\/#organization\"},\"potentialAction\":[{\"@type\":\"SearchAction\",\"target\":{\"@type\":\"EntryPoint\",\"urlTemplate\":\"https:\/\/www.sellerlogic.com\/lv\/?s={search_term_string}\"},\"query-input\":{\"@type\":\"PropertyValueSpecification\",\"valueRequired\":true,\"valueName\":\"search_term_string\"}}],\"inLanguage\":\"lv\"},{\"@type\":\"Organization\",\"@id\":\"https:\/\/www.sellerlogic.com\/lv\/#organization\",\"name\":\"SELLERLOGIC\",\"url\":\"https:\/\/www.sellerlogic.com\/lv\/\",\"logo\":{\"@type\":\"ImageObject\",\"inLanguage\":\"lv\",\"@id\":\"https:\/\/www.sellerlogic.com\/lv\/#\/schema\/logo\/image\/\",\"url\":\"https:\/\/d2bw95mh2ee04s.cloudfront.net\/prod\/content\/wp-content\/uploads\/2025\/01\/02134814\/Property-Logo-Main.svg\",\"contentUrl\":\"https:\/\/d2bw95mh2ee04s.cloudfront.net\/prod\/content\/wp-content\/uploads\/2025\/01\/02134814\/Property-Logo-Main.svg\",\"width\":184,\"height\":40,\"caption\":\"SELLERLOGIC\"},\"image\":{\"@id\":\"https:\/\/www.sellerlogic.com\/lv\/#\/schema\/logo\/image\/\"},\"sameAs\":[\"https:\/\/www.facebook.com\/SellerLogic\/\",\"https:\/\/x.com\/sellerlogic\",\"https:\/\/www.instagram.com\/sellerlogic\/\",\"https:\/\/www.linkedin.com\/company\/18402037\/\",\"https:\/\/www.youtube.com\/channel\/UC-gULUur-fNj08sprantKsQ\"]}]}<\/script>\n<!-- \/ Yoast SEO plugin. -->","yoast_head_json":{"title":"K\u0101 ReWu.eu uzvar Amazon Buy Box | SELLERLOGIC","description":"Uzvar\u0113t Buy Box ir iz\u0161\u0137iro\u0161i Amazon. P\u0101rbaudiet tagad, k\u0101 ReWu.eu p\u0101rvar \u0161o \u0161\u0137\u0113rsli ar SELLERLOGIC Repricer!","robots":{"index":"index","follow":"follow","max-snippet":"max-snippet:-1","max-image-preview":"max-image-preview:large","max-video-preview":"max-video-preview:-1"},"canonical":"https:\/\/www.sellerlogic.com\/lv\/resources\/success-story-rewu-eu\/","og_locale":"lv_LV","og_type":"article","og_title":"K\u0101 ReWu.eu uzvar Amazon Buy Box | SELLERLOGIC","og_description":"Uzvar\u0113t Buy Box ir iz\u0161\u0137iro\u0161i Amazon. P\u0101rbaudiet tagad, k\u0101 ReWu.eu p\u0101rvar \u0161o \u0161\u0137\u0113rsli ar SELLERLOGIC Repricer!","og_url":"https:\/\/www.sellerlogic.com\/lv\/resources\/success-story-rewu-eu\/","og_site_name":"SELLERLOGIC - Smarte Tools f\u00fcr Amazon-Seller","article_publisher":"https:\/\/www.facebook.com\/SellerLogic\/","og_image":[{"width":2500,"height":1667,"url":"https:\/\/d2bw95mh2ee04s.cloudfront.net\/prod\/content\/wp-content\/uploads\/2020\/12\/23142724\/header-success-story-rewu.jpg","type":"image\/jpeg"}],"twitter_card":"summary_large_image","twitter_site":"@sellerlogic","twitter_misc":{"Est. reading time":"3 minutes"},"schema":{"@context":"https:\/\/schema.org","@graph":[{"@type":"WebPage","@id":"https:\/\/www.sellerlogic.com\/lv\/resources\/success-story-rewu-eu\/","url":"https:\/\/www.sellerlogic.com\/lv\/resources\/success-story-rewu-eu\/","name":"K\u0101 ReWu.eu uzvar Amazon Buy Box | SELLERLOGIC","isPartOf":{"@id":"https:\/\/www.sellerlogic.com\/lv\/#website"},"primaryImageOfPage":{"@id":"https:\/\/www.sellerlogic.com\/lv\/resources\/success-story-rewu-eu\/#primaryimage"},"image":{"@id":"https:\/\/www.sellerlogic.com\/lv\/resources\/success-story-rewu-eu\/#primaryimage"},"thumbnailUrl":"https:\/\/d2bw95mh2ee04s.cloudfront.net\/prod\/content\/wp-content\/uploads\/2020\/12\/23142724\/header-success-story-rewu.jpg","datePublished":"2020-12-17T16:17:58+00:00","description":"Uzvar\u0113t Buy Box ir iz\u0161\u0137iro\u0161i Amazon. P\u0101rbaudiet tagad, k\u0101 ReWu.eu p\u0101rvar \u0161o \u0161\u0137\u0113rsli ar SELLERLOGIC Repricer!","breadcrumb":{"@id":"https:\/\/www.sellerlogic.com\/lv\/resources\/success-story-rewu-eu\/#breadcrumb"},"inLanguage":"lv","potentialAction":[{"@type":"ReadAction","target":["https:\/\/www.sellerlogic.com\/lv\/resources\/success-story-rewu-eu\/"]}]},{"@type":"ImageObject","inLanguage":"lv","@id":"https:\/\/www.sellerlogic.com\/lv\/resources\/success-story-rewu-eu\/#primaryimage","url":"https:\/\/d2bw95mh2ee04s.cloudfront.net\/prod\/content\/wp-content\/uploads\/2020\/12\/23142724\/header-success-story-rewu.jpg","contentUrl":"https:\/\/d2bw95mh2ee04s.cloudfront.net\/prod\/content\/wp-content\/uploads\/2020\/12\/23142724\/header-success-story-rewu.jpg","width":2500,"height":1667,"caption":"Amazon seller software for professionals: SELLERLOGIC Repricer"},{"@type":"BreadcrumbList","@id":"https:\/\/www.sellerlogic.com\/lv\/resources\/success-story-rewu-eu\/#breadcrumb","itemListElement":[{"@type":"ListItem","position":1,"name":"Home","item":"https:\/\/www.sellerlogic.com\/lv\/"},{"@type":"ListItem","position":2,"name":"Resursi EN","item":"https:\/\/www.sellerlogic.com\/lv\/resources\/"},{"@type":"ListItem","position":3,"name":"Pan\u0101kumu st\u0101sts: ReWu EN"}]},{"@type":"WebSite","@id":"https:\/\/www.sellerlogic.com\/lv\/#website","url":"https:\/\/www.sellerlogic.com\/lv\/","name":"SELLERLOGIC - Smarte Tools f\u00fcr Amazon-Seller","description":"Intelligente Prozessoptimierung und Gewinnmaximierung","publisher":{"@id":"https:\/\/www.sellerlogic.com\/lv\/#organization"},"potentialAction":[{"@type":"SearchAction","target":{"@type":"EntryPoint","urlTemplate":"https:\/\/www.sellerlogic.com\/lv\/?s={search_term_string}"},"query-input":{"@type":"PropertyValueSpecification","valueRequired":true,"valueName":"search_term_string"}}],"inLanguage":"lv"},{"@type":"Organization","@id":"https:\/\/www.sellerlogic.com\/lv\/#organization","name":"SELLERLOGIC","url":"https:\/\/www.sellerlogic.com\/lv\/","logo":{"@type":"ImageObject","inLanguage":"lv","@id":"https:\/\/www.sellerlogic.com\/lv\/#\/schema\/logo\/image\/","url":"https:\/\/d2bw95mh2ee04s.cloudfront.net\/prod\/content\/wp-content\/uploads\/2025\/01\/02134814\/Property-Logo-Main.svg","contentUrl":"https:\/\/d2bw95mh2ee04s.cloudfront.net\/prod\/content\/wp-content\/uploads\/2025\/01\/02134814\/Property-Logo-Main.svg","width":184,"height":40,"caption":"SELLERLOGIC"},"image":{"@id":"https:\/\/www.sellerlogic.com\/lv\/#\/schema\/logo\/image\/"},"sameAs":["https:\/\/www.facebook.com\/SellerLogic\/","https:\/\/x.com\/sellerlogic","https:\/\/www.instagram.com\/sellerlogic\/","https:\/\/www.linkedin.com\/company\/18402037\/","https:\/\/www.youtube.com\/channel\/UC-gULUur-fNj08sprantKsQ"]}]}},"_links":{"self":[{"href":"https:\/\/www.sellerlogic.com\/lv\/wp-json\/wp\/v2\/pages\/111561","targetHints":{"allow":["GET"]}}],"collection":[{"href":"https:\/\/www.sellerlogic.com\/lv\/wp-json\/wp\/v2\/pages"}],"about":[{"href":"https:\/\/www.sellerlogic.com\/lv\/wp-json\/wp\/v2\/types\/page"}],"author":[{"embeddable":true,"href":"https:\/\/www.sellerlogic.com\/lv\/wp-json\/wp\/v2\/users\/3"}],"replies":[{"embeddable":true,"href":"https:\/\/www.sellerlogic.com\/lv\/wp-json\/wp\/v2\/comments?post=111561"}],"version-history":[{"count":0,"href":"https:\/\/www.sellerlogic.com\/lv\/wp-json\/wp\/v2\/pages\/111561\/revisions"}],"up":[{"embeddable":true,"href":"https:\/\/www.sellerlogic.com\/lv\/wp-json\/wp\/v2\/pages\/111675"}],"wp:featuredmedia":[{"embeddable":true,"href":"https:\/\/www.sellerlogic.com\/lv\/wp-json\/wp\/v2\/media\/4796"}],"wp:attachment":[{"href":"https:\/\/www.sellerlogic.com\/lv\/wp-json\/wp\/v2\/media?parent=111561"}],"curies":[{"name":"wp","href":"https:\/\/api.w.org\/{rel}","templated":true}]}}