
{"id":111594,"date":"2021-03-02T08:05:46","date_gmt":"2021-03-02T08:05:46","guid":{"rendered":"https:\/\/127.0.0.1\/resources\/success-story-groupe-dragon\/"},"modified":"2021-03-02T08:05:46","modified_gmt":"2021-03-02T08:05:46","slug":"success-story-groupe-dragon","status":"publish","type":"page","link":"https:\/\/www.sellerlogic.com\/lv\/resources\/success-story-groupe-dragon\/","title":{"rendered":"Veiksm\u012bga st\u0101sts: Groupe Dragon EN"},"content":{"rendered":"\n\t<div  class=\"theme-wp-block theme-block-main-header desktop-content-align-y-center desktop-content-align-x-center xl-content-align-y-center xl-content-align-x-center lg-content-align-y-center lg-content-align-x-center md-content-align-y-center md-content-align-x-center sm-content-align-y-center sm-content-align-x-center gb-responsive-853195-identifier desktop-align-full xl-align-full lg-align-full md-align-full sm-align-full is-style-default theme-block-cover\">\n\t\t<div class=\"bg-cover theme-lazy-load-bg\"><\/div>\n\t\t<div class=\"wrap-content-main-header\">\n\t\t\t\t\t<div  class=\"theme-wp-block theme-block-text-and-text gb-responsive-170032-identifier desktop-vertical-center xl-vertical-center lg-vertical-center md-vertical-center sm-vertical-center md-blockDirection-column sm-blockDirection-column desktop-blockDirection-column xl-blockDirection-column lg-blockDirection-column is-style-default desktop-align-wide xl-align-wide lg-align-wide md-align-wide sm-align-wide alignwide\">\n\t\t<div class=\"tat-column-wrap-wrapper\">\n\t\t\t<div class=\"tat-column-wrapper\">\n\t\t\t\t\t<div  class=\"theme-wp-block theme-block-text-and-text-column gb-responsive-644092-identifier md-horizontal-center sm-horizontal-center xl-horizontal-center lg-horizontal-center desktop-horizontal-left\">\n\t\t<div class=\"inner-wrap-column-content\">\n\t\t\t<div class=\"inner-column-content\">\n\t\t\t\t\t\t<h1  class=\"theme-wp-block theme-block-heading is-style-default sm-text-center md-text-center desktop-text-center xl-text-center lg-text-center gb-responsive-113637-identifier desktop-align-full xl-align-full lg-align-full md-align-full sm-align-full alignfull h1 has-text-align\">\n\t\t<strong>Nav laika, nav cilv\u0113ku, nav resursu<\/strong>\t<\/h1>\n\n\t\t<h2  class=\"theme-wp-block theme-block-heading desktop-gb-has-no-icon xl-gb-has-no-icon lg-gb-has-no-icon md-gb-has-no-icon sm-gb-has-no-icon gb-responsive-848621-identifier desktop-text-center xl-text-center lg-text-center md-text-center sm-text-center h3\">\n\t\t<strong>K\u0101 Groupe Dragon joproj\u0101m sa\u0146em kompens\u0101ciju par katru FBA k\u013c\u016bdu<\/strong>\t<\/h2>\n\n\t\t\t<\/div>\n\t\t<\/div>\n\t<\/div>\n\t<div  class=\"theme-wp-block theme-block-text-and-text-column gb-responsive-840598-identifier desktop-horizontal-center xl-horizontal-center lg-horizontal-center md-horizontal-center sm-horizontal-center\">\n\t\t<div class=\"inner-wrap-column-content\">\n\t\t\t<div class=\"inner-column-content\">\n\t\t\t\t\t\t\t<\/div>\n\t\t<\/div>\n\t<\/div>\n\t\t\t<\/div>\n\t\t<\/div>\n\t<\/div>\n\n\t\t<\/div>\n\t<\/div>\n\n<div style=\"height:50px\" aria-hidden=\"true\" class=\"theme-wp-block wp-block-spacer\"><\/div><div class=\"theme-wp-block wp-block-columns gb-responsive-492868-identifier is-layout-flex wp-container-core-columns-is-layout-9d6595d7 wp-block-columns-is-layout-flex\"><div class=\"theme-wp-block wp-block-column gb-responsive-633979-identifier is-layout-flow wp-block-column-is-layout-flow\" style=\"flex-basis:25%\"><figure class=\"theme-wp-block wp-block-image size-large is-resized desktop-gb-has-no-icon xl-gb-has-no-icon lg-gb-has-no-icon md-gb-has-no-icon sm-gb-has-no-icon gb-responsive-595564-identifier\"><img decoding=\"async\" width=\"156\" height=\"156\" src=\"https:\/\/d2bw95mh2ee04s.cloudfront.net\/prod\/content\/wp-content\/uploads\/2021\/03\/23142640\/logo2_groupe-dragon-edited.png\" alt=\"Veiksm\u012bga st\u0101sts: Groupe Dragon EN\" class=\"wp-image-8499\" style=\"width:156px;height:156px\"><\/figure><p class=\"theme-wp-block desktop-gb-has-no-icon xl-gb-has-no-icon lg-gb-has-no-icon md-gb-has-no-icon sm-gb-has-no-icon gb-responsive-471154-identifier\"><strong><strong>Pamats<\/strong>:<\/strong><br>2011<\/p><p class=\"theme-wp-block desktop-gb-has-no-icon xl-gb-has-no-icon lg-gb-has-no-icon md-gb-has-no-icon sm-gb-has-no-icon gb-responsive-988471-identifier\"><strong><strong>Nozare<\/strong>:<\/strong><br>Rezerves da\u013cas un elektroniskie m\u0101jsaimniec\u012bbas apar\u0101ti<\/p><p class=\"theme-wp-block desktop-gb-has-no-icon xl-gb-has-no-icon lg-gb-has-no-icon md-gb-has-no-icon sm-gb-has-no-icon gb-responsive-290042-identifier\"><strong><strong>Preces Amazon:<\/strong><\/strong><br>apm\u0113ram 177,000 SKU<\/p><p class=\"theme-wp-block desktop-gb-has-no-icon xl-gb-has-no-icon lg-gb-has-no-icon md-gb-has-no-icon sm-gb-has-no-icon gb-responsive-427484-identifier\"><strong><strong>Nos\u016bt\u012bjumi<\/strong>:\u00a0<\/strong><br>apm\u0113ram 37,000 m\u0113nes\u012b<\/p><\/div><div class=\"theme-wp-block wp-block-column gb-responsive-243785-identifier is-layout-flow wp-block-column-is-layout-flow\" style=\"flex-basis:50%\"><h3 class=\"theme-wp-block wp-block-heading desktop-gb-has-no-icon xl-gb-has-no-icon lg-gb-has-no-icon md-gb-has-no-icon sm-gb-has-no-icon gb-responsive-998927-identifier\" id=\"block-c06fce04-ef87-4ffc-a3d6-b768ba377d17\">Fons:<\/h3><p class=\"theme-wp-block gb-responsive-710769-identifier\">Groupe Dragon ir viena no veiksm\u012bg\u0101kaj\u0101m fran\u010du komp\u0101nij\u0101m Amazon tirg\u016b. Un tam ir iemesls: pirms Groupe Dragon dibin\u0101t\u0101js k\u013cuva par Amazon p\u0101rdev\u0113ju, vi\u0146\u0161 str\u0101d\u0101ja pilnu darba laiku k\u0101 elektrisko ier\u012b\u010du remontatsl\u0113dznieks. \u201cPat tad vi\u0146\u0161 sav\u0101 veikal\u0101 pied\u0101v\u0101ja rezerves da\u013cas,\u201d saka Florent Noualy, iepirkumu un tirgus strat\u0113\u0123ijas vad\u012bt\u0101js. \u201cVi\u0146\u0161 saprata, ka elektrisk\u0101s ier\u012bces m\u016bsdien\u0101s sapl\u012bst daudz viegl\u0101k nek\u0101 agr\u0101k.\u201d<\/p><p class=\"theme-wp-block gb-responsive-502902-identifier\">Turkl\u0101t bija jauni juridiskie noteikumi, kas pras\u012bja ra\u017eot\u0101jiem, piem\u0113ram, uztur\u0113t rezerves da\u013cas kr\u0101jum\u0101 noteiktu laika periodu. \u0160o izmai\u0146u rezult\u0101t\u0101 ir iev\u0113rojami pieaugusi piepras\u012bjums p\u0113c remonta materi\u0101liem, \u012bpa\u0161i tie\u0161saist\u0113. L\u0113mums pied\u0101v\u0101t rezerves da\u013cas ar\u012b tie\u0161saist\u0113 bija prec\u012bzs: \u0161obr\u012bd Groupe Dragon ierindojas starp piec\u0101m veiksm\u012bg\u0101kaj\u0101m fran\u010du Amazon p\u0101rdev\u0113j\u0101m.<\/p><h3 class=\"theme-wp-block wp-block-heading desktop-gb-has-no-icon xl-gb-has-no-icon lg-gb-has-no-icon md-gb-has-no-icon sm-gb-has-no-icon gb-responsive-686902-identifier\">S\u0101kotn\u0113j\u0101 situ\u0101cija:<\/h3><p class=\"theme-wp-block gb-responsive-145505-identifier\">Tom\u0113r ar savu pan\u0101kumu Groupe Dragon sask\u0101r\u0101s ar\u012b ar jauniem izaicin\u0101jumiem, kas bija j\u0101izn\u012bcina. \u201cViens no tiem bija internacionaliz\u0101cija. Amazon bija liela pal\u012bdz\u012bba, jo t\u0101 viegla piek\u013cuve citiem tirgiem noz\u012bm\u0113ja, ka m\u016bsu uz\u0146\u0113mums past\u0101v\u012bgi auga,\u201d saka Florent Noualy. V\u0101cijas tirgus pat k\u013cuva par vado\u0161o p\u0101rdo\u0161anas kan\u0101lu.<\/p><p class=\"theme-wp-block gb-responsive-223640-identifier\">Bet papla\u0161in\u0101\u0161an\u0101s caur Amazon ar\u012b atv\u0113ra ce\u013cu Groupe Dragon, lai pied\u0101v\u0101tu z\u012bmola produktus no Dyson vai Elektrolux. \u201cTas masveid\u0101 palielin\u0101ja m\u016bsu pas\u016bt\u012bjumu un noliktavas apjomu. Kad es pievienojos komandai 2015. gad\u0101, sal\u012bdzino\u0161i \u0101tri k\u013cuva skaidrs, ka n\u0101kotn\u0113 mums j\u0101maina m\u016bsu izpilde uz FBA. Mums tas bija lab\u0101kais risin\u0101jums.\u201d<\/p><h3 class=\"theme-wp-block wp-block-heading desktop-gb-has-no-icon xl-gb-has-no-icon lg-gb-has-no-icon md-gb-has-no-icon sm-gb-has-no-icon gb-responsive-423206-identifier\">Risin\u0101jums:<\/h3><p class=\"theme-wp-block gb-responsive-405561-identifier\">Tad Noualy sa\u0146\u0113ma zi\u0146u caur LinkedIn no Monikas, m\u016bsu p\u0101rdo\u0161anas att\u012bst\u012bbas p\u0101rst\u0101ves SELLERLOGIC. \u201cEs jau zin\u0101ju par SELLERLOGIC,\u201d atceras Noualy, \u201cun es uzreiz ieinteres\u0113jos par Lost &#038; Found. Man jau taj\u0101 br\u012bd\u012b bija skaidrs, ka mums tr\u016bkst svar\u012bgas inform\u0101cijas par m\u016bsu FBA procesiem.\u201d Turkl\u0101t neviens no Groupe Dragon komandas nebija sp\u0113j\u012bgs analiz\u0113t milz\u012bgos datu apjomus, ko veic Lost &#038; Found.<\/p><p class=\"theme-wp-block gb-responsive-793217-identifier\">\u201cLai ar\u012b m\u0113s jau gadiem ilgi p\u0101rdodam Amazon un mums ir laba izpratne par to, k\u0101 tas darbojas,\u201d piebilst Noualy, &#8220;mums nebija pietiekamas ekspert\u012bzes, lai identific\u0113tu visus k\u013c\u016bdu veidus.&#8221;<br>Bija kritiski kontrol\u0113t \u0161o situ\u0101ciju. \u201cKad es aktiviz\u0113ju Lost &#038; Found, es jau paredz\u0113ju, ka r\u012bks identific\u0113s daudz FBA k\u013c\u016bdu. Bet es nekad negaid\u012bju faktisko apjomu!\u201d<\/p><div class=\"theme-block-group-wrap\"><div class=\"theme-wp-block wp-block-group gb-responsive-88118-identifier\">\t\t<div  class=\"theme-wp-block theme-block-user-card gb-responsive-799176-identifier is-style-full-width-line desktop-gb-has-no-icon xl-gb-has-no-icon lg-gb-has-no-icon md-gb-has-no-icon sm-gb-has-no-icon\">\n\t\t<div class=\"wrap-inner-content\">\n\t\t\t<div class=\"card-user-head\">\n\t\t\t\t<div class=\"card-user-avatar\">\n\t\t\t\t\t<div class=\"cover-avatar\" style=\"background-image: url(https:\/\/d2bw95mh2ee04s.cloudfront.net\/prod\/content\/wp-content\/uploads\/2021\/03\/23142640\/florent_groupe-dragon-raute.png);\"><\/div>\n\t\t\t\t<\/div>\n\t\t\t\t<div class=\"wrap-title\">\n\t\t\t\t\t<div class=\"card-user-name\">\n\t\t\t\t\t\t<div class=\"title\">\n\t\t\t\t\t\t\t<h3 class=\"heading-text\"><strong>Florent Noualy<\/strong><\/h3>\n\t\t\t\t\t\t<\/div>\n\t\t\t\t\t\t<div class=\"card-user-position\">\n\t\t\t\t\t\t\t<div class=\"card-text\"><strong>Iepirkumu un tirgus strat\u0113\u0123ijas vad\u012bt\u0101js<\/strong><\/div>\n\t\t\t\t\t\t<\/div>\n\t\t\t\t\t<\/div>\n\t\t\t\t\t<div class=\"card-user-quote-icon\">\n\t\t\t\t\t<\/div>\n\t\t\t\t<\/div>\n\t\t\t<\/div>\n\t\t\t<div class=\"card-user-text\">\n\t\t\t\t<div class=\"card-text\"><p>&#8220;Bija absol\u016bti nepie\u0146emami turpin\u0101t zaud\u0113t tik daudz naudas, t\u0101p\u0113c l\u0113mums k\u013cuva skaidrs: m\u0113s turpin\u0101sim izmantot Lost &amp; Found.&#8221;<\/p><\/div>\n\t\t\t<\/div>\n\t\t<\/div>\n\t<\/div>\n\n<\/div><\/div><h3 class=\"theme-wp-block wp-block-heading desktop-gb-has-no-icon xl-gb-has-no-icon lg-gb-has-no-icon md-gb-has-no-icon sm-gb-has-no-icon gb-responsive-599569-identifier\">Veiksm\u012bgi rezult\u0101ti ar SELLERLOGIC:<\/h3><p class=\"theme-wp-block gb-responsive-44628-identifier\">Pirmais Lost &#038; Found palai\u0161ana atkl\u0101ja 360 k\u013c\u016bdas. Noualy bija \u0161ok\u0113ts. \u201cBija absol\u016bti nepie\u0146emami turpin\u0101t zaud\u0113t tik daudz naudas, t\u0101p\u0113c l\u0113mums bija skaidrs: m\u0113s turpin\u0101sim izmantot Lost &#038; Found.\u201d Izr\u0101d\u012bj\u0101s, ka tas bija labs l\u0113mums. L\u012bdz \u0161im Lost &#038; Found ir atnesis uz\u0146\u0113mumam apm\u0113ram 25,000 eiro kompens\u0101cij\u0101s, kas cit\u0101di b\u016btu zaud\u0113tas.<\/p><p class=\"theme-wp-block gb-responsive-8364-identifier\">Bet tas nav viss. Turkl\u0101t SELLERLOGIC Groupe Dragon risin\u0101jums ar\u012b ietaupa mums daudz citu resursu, piem\u0113ram, laiku un cilv\u0113ku. \u201cSazi\u0146a ar Amazon ir k\u013cuvusi viegl\u0101ka, jo Lost &#038; Found nodro\u0161ina m\u016bs ar pareizo inform\u0101ciju visu laiku.\u201d Tas ietver, piem\u0113ram, veidnes, kuras Groupe Dragon var izmantot, lai nekav\u0113joties atbild\u0113tu uz Amazon automatiz\u0113taj\u0101m atbild\u0113m. \u201cViss, kas mums j\u0101dara, ir vienk\u0101r\u0161i kop\u0113t \u0161\u012bs veidnes. Viss, kas mums j\u0101zina par k\u013c\u016bdu, ir skaidri redzams Lost &#038; Found.\u201d<\/p><p class=\"theme-wp-block gb-responsive-936816-identifier\">Florent Noualy ir ar\u012b entuziastisks par SELLERLOGIC, jo klientu apkalpo\u0161ana ir iek\u013cauta cen\u0101: \u201cJa rodas k\u0101das probl\u0113mas ar vienu no atv\u0113rtaj\u0101m liet\u0101m, SELLERLOGIC komanda vienm\u0113r ir pieejama un dara visu iesp\u0113jamo, lai pal\u012bdz\u0113tu saviem klientiem un nosl\u0113gtu lietu ar vislab\u0101ko iesp\u0113jamo rezult\u0101tu.<\/p><div class=\"theme-wp-block wp-block-buttons desktop-gb-has-no-icon xl-gb-has-no-icon lg-gb-has-no-icon md-gb-has-no-icon sm-gb-has-no-icon gb-responsive-237208-identifier is-layout-flex wp-block-buttons-is-layout-flex\"><div class=\"theme-wp-block wp-block-button is-style-theme-transparent-with-arrow gb-responsive-303674-identifier\"><a class=\"wp-block-button__link wp-element-button\" href=\"https:\/\/d2bw95mh2ee04s.cloudfront.net\/prod\/content\/files\/SUCCESS-STORIES\/EN\/SELLERLOGIC_Success-Story_Groupe-Dragon_EN.pdf\" target=\"_blank\" rel=\"noreferrer noopener nofollow\">Lejupiel\u0101d\u0113t tagad!<\/a><\/div><\/div><\/div><div class=\"theme-wp-block wp-block-column gb-responsive-252189-identifier is-layout-flow wp-block-column-is-layout-flow\" style=\"flex-basis:25%\"><\/div><\/div><p class=\"theme-wp-block gb-responsive-208920-identifier\"><\/p>","protected":false},"excerpt":{"rendered":"<p>Pamats:2011 Nozare:Rezerves da\u013cas un elektroniskie m\u0101jsaimniec\u012bbas apar\u0101ti Preces Amazon:apm\u0113ram 177,000 SKU Nos\u016bt\u012bjumi:\u00a0apm\u0113ram 37,000 m\u0113nes\u012b Fons: Groupe Dragon ir viena no veiksm\u012bg\u0101kaj\u0101m fran\u010du komp\u0101nij\u0101m Amazon tirg\u016b. Un tam ir iemesls: pirms Groupe Dragon dibin\u0101t\u0101js k\u013cuva par Amazon p\u0101rdev\u0113ju, vi\u0146\u0161 str\u0101d\u0101ja pilnu darba laiku k\u0101 elektrisko ier\u012b\u010du remontatsl\u0113dznieks. \u201cPat tad vi\u0146\u0161 sav\u0101 veikal\u0101 pied\u0101v\u0101ja rezerves da\u013cas,\u201d saka<\/p>\n","protected":false},"author":3,"featured_media":8511,"parent":111675,"menu_order":0,"comment_status":"closed","ping_status":"closed","template":"","meta":{"sidebar_recommended_resources":{"data":[]},"sidebar_header_settings":{"hide_buttons":{"register":false}},"_use_new_theme":false,"inline_featured_image":false,"footnotes":""},"class_list":["post-111594","page","type-page","status-publish","has-post-thumbnail","hentry"],"yoast_head":"<!-- This site is optimized with the Yoast SEO plugin v26.8 - https:\/\/yoast.com\/product\/yoast-seo-wordpress\/ -->\n<title>Veiksm\u012bga st\u0101sts: Groupe Dragon un Lost &amp; Found | SELLERLOGIC<\/title>\n<meta name=\"description\" content=\"Nav laika, nav cilv\u0113ku, nav resursu: k\u0101 Groupe Dragon joproj\u0101m sa\u0146em kompens\u0101ciju par katru FBA k\u013c\u016bdu. Lasiet tagad un uzziniet vair\u0101k!\" \/>\n<meta name=\"robots\" content=\"index, follow, max-snippet:-1, max-image-preview:large, max-video-preview:-1\" \/>\n<link rel=\"canonical\" href=\"https:\/\/www.sellerlogic.com\/lv\/resources\/success-story-groupe-dragon\/\" \/>\n<meta property=\"og:locale\" content=\"lv_LV\" \/>\n<meta property=\"og:type\" content=\"article\" \/>\n<meta property=\"og:title\" content=\"Veiksm\u012bga st\u0101sts: Groupe Dragon un Lost &amp; Found | SELLERLOGIC\" \/>\n<meta property=\"og:description\" content=\"Nav laika, nav cilv\u0113ku, nav resursu: k\u0101 Groupe Dragon joproj\u0101m sa\u0146em kompens\u0101ciju par katru FBA k\u013c\u016bdu. Lasiet tagad un uzziniet vair\u0101k!\" \/>\n<meta property=\"og:url\" content=\"https:\/\/www.sellerlogic.com\/lv\/resources\/success-story-groupe-dragon\/\" \/>\n<meta property=\"og:site_name\" content=\"SELLERLOGIC - Smarte Tools f\u00fcr Amazon-Seller\" \/>\n<meta property=\"article:publisher\" content=\"https:\/\/www.facebook.com\/SellerLogic\/\" \/>\n<meta property=\"og:image\" content=\"https:\/\/d2bw95mh2ee04s.cloudfront.net\/prod\/content\/wp-content\/uploads\/2021\/03\/23142639\/wp-header_groupe-dragon.jpeg\" \/>\n\t<meta property=\"og:image:width\" content=\"2000\" \/>\n\t<meta property=\"og:image:height\" content=\"1333\" \/>\n\t<meta property=\"og:image:type\" content=\"image\/jpeg\" \/>\n<meta name=\"twitter:card\" content=\"summary_large_image\" \/>\n<meta name=\"twitter:site\" content=\"@sellerlogic\" \/>\n<meta name=\"twitter:label1\" content=\"Est. reading time\" \/>\n\t<meta name=\"twitter:data1\" content=\"4 minutes\" \/>\n<script type=\"application\/ld+json\" class=\"yoast-schema-graph\">{\"@context\":\"https:\/\/schema.org\",\"@graph\":[{\"@type\":\"WebPage\",\"@id\":\"https:\/\/www.sellerlogic.com\/lv\/resources\/success-story-groupe-dragon\/\",\"url\":\"https:\/\/www.sellerlogic.com\/lv\/resources\/success-story-groupe-dragon\/\",\"name\":\"Veiksm\u012bga st\u0101sts: Groupe Dragon un Lost & Found | SELLERLOGIC\",\"isPartOf\":{\"@id\":\"https:\/\/www.sellerlogic.com\/lv\/#website\"},\"primaryImageOfPage\":{\"@id\":\"https:\/\/www.sellerlogic.com\/lv\/resources\/success-story-groupe-dragon\/#primaryimage\"},\"image\":{\"@id\":\"https:\/\/www.sellerlogic.com\/lv\/resources\/success-story-groupe-dragon\/#primaryimage\"},\"thumbnailUrl\":\"https:\/\/d2bw95mh2ee04s.cloudfront.net\/prod\/content\/wp-content\/uploads\/2021\/03\/23142639\/wp-header_groupe-dragon.jpeg\",\"datePublished\":\"2021-03-02T08:05:46+00:00\",\"description\":\"Nav laika, nav cilv\u0113ku, nav resursu: k\u0101 Groupe Dragon joproj\u0101m sa\u0146em kompens\u0101ciju par katru FBA k\u013c\u016bdu. Lasiet tagad un uzziniet vair\u0101k!\",\"breadcrumb\":{\"@id\":\"https:\/\/www.sellerlogic.com\/lv\/resources\/success-story-groupe-dragon\/#breadcrumb\"},\"inLanguage\":\"lv\",\"potentialAction\":[{\"@type\":\"ReadAction\",\"target\":[\"https:\/\/www.sellerlogic.com\/lv\/resources\/success-story-groupe-dragon\/\"]}]},{\"@type\":\"ImageObject\",\"inLanguage\":\"lv\",\"@id\":\"https:\/\/www.sellerlogic.com\/lv\/resources\/success-story-groupe-dragon\/#primaryimage\",\"url\":\"https:\/\/d2bw95mh2ee04s.cloudfront.net\/prod\/content\/wp-content\/uploads\/2021\/03\/23142639\/wp-header_groupe-dragon.jpeg\",\"contentUrl\":\"https:\/\/d2bw95mh2ee04s.cloudfront.net\/prod\/content\/wp-content\/uploads\/2021\/03\/23142639\/wp-header_groupe-dragon.jpeg\",\"width\":2000,\"height\":1333,\"caption\":\"Wie Groupe Dragon SellerLogic Lost & Found nutzt\"},{\"@type\":\"BreadcrumbList\",\"@id\":\"https:\/\/www.sellerlogic.com\/lv\/resources\/success-story-groupe-dragon\/#breadcrumb\",\"itemListElement\":[{\"@type\":\"ListItem\",\"position\":1,\"name\":\"Home\",\"item\":\"https:\/\/www.sellerlogic.com\/lv\/\"},{\"@type\":\"ListItem\",\"position\":2,\"name\":\"Resursi EN\",\"item\":\"https:\/\/www.sellerlogic.com\/lv\/resources\/\"},{\"@type\":\"ListItem\",\"position\":3,\"name\":\"Veiksm\u012bga st\u0101sts: Groupe Dragon EN\"}]},{\"@type\":\"WebSite\",\"@id\":\"https:\/\/www.sellerlogic.com\/lv\/#website\",\"url\":\"https:\/\/www.sellerlogic.com\/lv\/\",\"name\":\"SELLERLOGIC - Smarte Tools f\u00fcr Amazon-Seller\",\"description\":\"Intelligente Prozessoptimierung und Gewinnmaximierung\",\"publisher\":{\"@id\":\"https:\/\/www.sellerlogic.com\/lv\/#organization\"},\"potentialAction\":[{\"@type\":\"SearchAction\",\"target\":{\"@type\":\"EntryPoint\",\"urlTemplate\":\"https:\/\/www.sellerlogic.com\/lv\/?s={search_term_string}\"},\"query-input\":{\"@type\":\"PropertyValueSpecification\",\"valueRequired\":true,\"valueName\":\"search_term_string\"}}],\"inLanguage\":\"lv\"},{\"@type\":\"Organization\",\"@id\":\"https:\/\/www.sellerlogic.com\/lv\/#organization\",\"name\":\"SELLERLOGIC\",\"url\":\"https:\/\/www.sellerlogic.com\/lv\/\",\"logo\":{\"@type\":\"ImageObject\",\"inLanguage\":\"lv\",\"@id\":\"https:\/\/www.sellerlogic.com\/lv\/#\/schema\/logo\/image\/\",\"url\":\"https:\/\/d2bw95mh2ee04s.cloudfront.net\/prod\/content\/wp-content\/uploads\/2025\/01\/02134814\/Property-Logo-Main.svg\",\"contentUrl\":\"https:\/\/d2bw95mh2ee04s.cloudfront.net\/prod\/content\/wp-content\/uploads\/2025\/01\/02134814\/Property-Logo-Main.svg\",\"width\":184,\"height\":40,\"caption\":\"SELLERLOGIC\"},\"image\":{\"@id\":\"https:\/\/www.sellerlogic.com\/lv\/#\/schema\/logo\/image\/\"},\"sameAs\":[\"https:\/\/www.facebook.com\/SellerLogic\/\",\"https:\/\/x.com\/sellerlogic\",\"https:\/\/www.instagram.com\/sellerlogic\/\",\"https:\/\/www.linkedin.com\/company\/18402037\/\",\"https:\/\/www.youtube.com\/channel\/UC-gULUur-fNj08sprantKsQ\"]}]}<\/script>\n<!-- \/ Yoast SEO plugin. -->","yoast_head_json":{"title":"Veiksm\u012bga st\u0101sts: Groupe Dragon un Lost & Found | SELLERLOGIC","description":"Nav laika, nav cilv\u0113ku, nav resursu: k\u0101 Groupe Dragon joproj\u0101m sa\u0146em kompens\u0101ciju par katru FBA k\u013c\u016bdu. Lasiet tagad un uzziniet vair\u0101k!","robots":{"index":"index","follow":"follow","max-snippet":"max-snippet:-1","max-image-preview":"max-image-preview:large","max-video-preview":"max-video-preview:-1"},"canonical":"https:\/\/www.sellerlogic.com\/lv\/resources\/success-story-groupe-dragon\/","og_locale":"lv_LV","og_type":"article","og_title":"Veiksm\u012bga st\u0101sts: Groupe Dragon un Lost & Found | SELLERLOGIC","og_description":"Nav laika, nav cilv\u0113ku, nav resursu: k\u0101 Groupe Dragon joproj\u0101m sa\u0146em kompens\u0101ciju par katru FBA k\u013c\u016bdu. Lasiet tagad un uzziniet vair\u0101k!","og_url":"https:\/\/www.sellerlogic.com\/lv\/resources\/success-story-groupe-dragon\/","og_site_name":"SELLERLOGIC - Smarte Tools f\u00fcr Amazon-Seller","article_publisher":"https:\/\/www.facebook.com\/SellerLogic\/","og_image":[{"width":2000,"height":1333,"url":"https:\/\/d2bw95mh2ee04s.cloudfront.net\/prod\/content\/wp-content\/uploads\/2021\/03\/23142639\/wp-header_groupe-dragon.jpeg","type":"image\/jpeg"}],"twitter_card":"summary_large_image","twitter_site":"@sellerlogic","twitter_misc":{"Est. reading time":"4 minutes"},"schema":{"@context":"https:\/\/schema.org","@graph":[{"@type":"WebPage","@id":"https:\/\/www.sellerlogic.com\/lv\/resources\/success-story-groupe-dragon\/","url":"https:\/\/www.sellerlogic.com\/lv\/resources\/success-story-groupe-dragon\/","name":"Veiksm\u012bga st\u0101sts: Groupe Dragon un Lost & Found | SELLERLOGIC","isPartOf":{"@id":"https:\/\/www.sellerlogic.com\/lv\/#website"},"primaryImageOfPage":{"@id":"https:\/\/www.sellerlogic.com\/lv\/resources\/success-story-groupe-dragon\/#primaryimage"},"image":{"@id":"https:\/\/www.sellerlogic.com\/lv\/resources\/success-story-groupe-dragon\/#primaryimage"},"thumbnailUrl":"https:\/\/d2bw95mh2ee04s.cloudfront.net\/prod\/content\/wp-content\/uploads\/2021\/03\/23142639\/wp-header_groupe-dragon.jpeg","datePublished":"2021-03-02T08:05:46+00:00","description":"Nav laika, nav cilv\u0113ku, nav resursu: k\u0101 Groupe Dragon joproj\u0101m sa\u0146em kompens\u0101ciju par katru FBA k\u013c\u016bdu. Lasiet tagad un uzziniet vair\u0101k!","breadcrumb":{"@id":"https:\/\/www.sellerlogic.com\/lv\/resources\/success-story-groupe-dragon\/#breadcrumb"},"inLanguage":"lv","potentialAction":[{"@type":"ReadAction","target":["https:\/\/www.sellerlogic.com\/lv\/resources\/success-story-groupe-dragon\/"]}]},{"@type":"ImageObject","inLanguage":"lv","@id":"https:\/\/www.sellerlogic.com\/lv\/resources\/success-story-groupe-dragon\/#primaryimage","url":"https:\/\/d2bw95mh2ee04s.cloudfront.net\/prod\/content\/wp-content\/uploads\/2021\/03\/23142639\/wp-header_groupe-dragon.jpeg","contentUrl":"https:\/\/d2bw95mh2ee04s.cloudfront.net\/prod\/content\/wp-content\/uploads\/2021\/03\/23142639\/wp-header_groupe-dragon.jpeg","width":2000,"height":1333,"caption":"Wie Groupe Dragon SellerLogic Lost & Found nutzt"},{"@type":"BreadcrumbList","@id":"https:\/\/www.sellerlogic.com\/lv\/resources\/success-story-groupe-dragon\/#breadcrumb","itemListElement":[{"@type":"ListItem","position":1,"name":"Home","item":"https:\/\/www.sellerlogic.com\/lv\/"},{"@type":"ListItem","position":2,"name":"Resursi EN","item":"https:\/\/www.sellerlogic.com\/lv\/resources\/"},{"@type":"ListItem","position":3,"name":"Veiksm\u012bga st\u0101sts: Groupe Dragon EN"}]},{"@type":"WebSite","@id":"https:\/\/www.sellerlogic.com\/lv\/#website","url":"https:\/\/www.sellerlogic.com\/lv\/","name":"SELLERLOGIC - Smarte Tools f\u00fcr Amazon-Seller","description":"Intelligente Prozessoptimierung und Gewinnmaximierung","publisher":{"@id":"https:\/\/www.sellerlogic.com\/lv\/#organization"},"potentialAction":[{"@type":"SearchAction","target":{"@type":"EntryPoint","urlTemplate":"https:\/\/www.sellerlogic.com\/lv\/?s={search_term_string}"},"query-input":{"@type":"PropertyValueSpecification","valueRequired":true,"valueName":"search_term_string"}}],"inLanguage":"lv"},{"@type":"Organization","@id":"https:\/\/www.sellerlogic.com\/lv\/#organization","name":"SELLERLOGIC","url":"https:\/\/www.sellerlogic.com\/lv\/","logo":{"@type":"ImageObject","inLanguage":"lv","@id":"https:\/\/www.sellerlogic.com\/lv\/#\/schema\/logo\/image\/","url":"https:\/\/d2bw95mh2ee04s.cloudfront.net\/prod\/content\/wp-content\/uploads\/2025\/01\/02134814\/Property-Logo-Main.svg","contentUrl":"https:\/\/d2bw95mh2ee04s.cloudfront.net\/prod\/content\/wp-content\/uploads\/2025\/01\/02134814\/Property-Logo-Main.svg","width":184,"height":40,"caption":"SELLERLOGIC"},"image":{"@id":"https:\/\/www.sellerlogic.com\/lv\/#\/schema\/logo\/image\/"},"sameAs":["https:\/\/www.facebook.com\/SellerLogic\/","https:\/\/x.com\/sellerlogic","https:\/\/www.instagram.com\/sellerlogic\/","https:\/\/www.linkedin.com\/company\/18402037\/","https:\/\/www.youtube.com\/channel\/UC-gULUur-fNj08sprantKsQ"]}]}},"_links":{"self":[{"href":"https:\/\/www.sellerlogic.com\/lv\/wp-json\/wp\/v2\/pages\/111594","targetHints":{"allow":["GET"]}}],"collection":[{"href":"https:\/\/www.sellerlogic.com\/lv\/wp-json\/wp\/v2\/pages"}],"about":[{"href":"https:\/\/www.sellerlogic.com\/lv\/wp-json\/wp\/v2\/types\/page"}],"author":[{"embeddable":true,"href":"https:\/\/www.sellerlogic.com\/lv\/wp-json\/wp\/v2\/users\/3"}],"replies":[{"embeddable":true,"href":"https:\/\/www.sellerlogic.com\/lv\/wp-json\/wp\/v2\/comments?post=111594"}],"version-history":[{"count":0,"href":"https:\/\/www.sellerlogic.com\/lv\/wp-json\/wp\/v2\/pages\/111594\/revisions"}],"up":[{"embeddable":true,"href":"https:\/\/www.sellerlogic.com\/lv\/wp-json\/wp\/v2\/pages\/111675"}],"wp:featuredmedia":[{"embeddable":true,"href":"https:\/\/www.sellerlogic.com\/lv\/wp-json\/wp\/v2\/media\/8511"}],"wp:attachment":[{"href":"https:\/\/www.sellerlogic.com\/lv\/wp-json\/wp\/v2\/media?parent=111594"}],"curies":[{"name":"wp","href":"https:\/\/api.w.org\/{rel}","templated":true}]}}