
{"id":111624,"date":"2020-12-18T11:33:09","date_gmt":"2020-12-18T11:33:09","guid":{"rendered":"https:\/\/127.0.0.1\/resources\/success-story-outlet-sofa-direct\/"},"modified":"2020-12-18T11:33:09","modified_gmt":"2020-12-18T11:33:09","slug":"success-story-outlet-sofa-direct","status":"publish","type":"page","link":"https:\/\/www.sellerlogic.com\/lv\/resources\/success-story-outlet-sofa-direct\/","title":{"rendered":"Pan\u0101kumu st\u0101sts: Outlet Sofa Direct EN"},"content":{"rendered":"\n\t<div  class=\"theme-wp-block theme-block-main-header is-style-full-height desktop-align-full xl-align-full lg-align-full md-align-full sm-align-full desktop-content-align-y-center desktop-content-align-x-center xl-content-align-y-center xl-content-align-x-center lg-content-align-y-center lg-content-align-x-center md-content-align-y-center md-content-align-x-center sm-content-align-y-center sm-content-align-x-center gb-responsive-52704-identifier theme-block-cover\">\n\t\t<div class=\"bg-cover theme-lazy-load-bg\"><\/div>\n\t\t<div class=\"wrap-content-main-header\">\n\t\t\t\t\t<div  class=\"theme-wp-block theme-block-text-and-text desktop-blockDirection-row xl-blockDirection-row lg-blockDirection-row md-blockDirection-row sm-blockDirection-row gb-responsive-903753-identifier desktop-align-full xl-align-full lg-align-full md-align-full sm-align-full alignfull\">\n\t\t<div class=\"tat-column-wrap-wrapper\">\n\t\t\t<div class=\"tat-column-wrapper\">\n\t\t\t\t\t<div  class=\"theme-wp-block theme-block-text-and-text-column gb-responsive-974454-identifier desktop-horizontal-center xl-horizontal-center lg-horizontal-center md-horizontal-center sm-horizontal-center\">\n\t\t<div class=\"inner-wrap-column-content\">\n\t\t\t<div class=\"inner-column-content\">\n\t\t\t\t\t\t<h1  class=\"theme-wp-block theme-block-heading is-style-default gb-responsive-560595-identifier desktop-align-wide xl-align-wide lg-align-wide md-align-wide sm-align-wide desktop-text-center xl-text-center lg-text-center md-text-center sm-text-center alignwide h1 has-text-align\">\n\t\t20k telefona zvans\t<\/h1>\n\n\t\t<h2  class=\"theme-wp-block theme-block-heading is-style-default gb-responsive-64452-identifier desktop-text-center xl-text-center lg-text-center md-text-center sm-text-center h1\">\n\t\tK\u0101 Outlet-Sofa Direct sp\u0113ja ietaup\u012bt laiku, p\u016bles un t\u016bksto\u0161iem eiro\t<\/h2>\n\n<p class=\"theme-wp-block gb-responsive-93774-identifier\"><a href=\"\/lv\/resources\/success-story-outlet-sofa-direct\/\" target=\"_blank\" rel=\"noreferrer noopener\"><\/a><\/p>\t\t\t<\/div>\n\t\t<\/div>\n\t<\/div>\n\t<div  class=\"theme-wp-block theme-block-text-and-text-column gb-responsive-681128-identifier\">\n\t\t<div class=\"inner-wrap-column-content\">\n\t\t\t<div class=\"inner-column-content\">\n\t\t\t\t\t\t\t<\/div>\n\t\t<\/div>\n\t<\/div>\n\t\t\t<\/div>\n\t\t<\/div>\n\t<\/div>\n\n\t\t<\/div>\n\t<\/div>\n\n<div style=\"height:50px\" aria-hidden=\"true\" class=\"theme-wp-block wp-block-spacer\"><\/div><div class=\"theme-wp-block wp-block-columns gb-responsive-608602-identifier is-layout-flex wp-container-core-columns-is-layout-9d6595d7 wp-block-columns-is-layout-flex\"><div class=\"theme-wp-block wp-block-column gb-responsive-696523-identifier is-layout-flow wp-block-column-is-layout-flow\" style=\"flex-basis:25%\"><figure class=\"theme-wp-block wp-block-image size-large is-resized gb-responsive-62921-identifier\"><img decoding=\"async\" src=\"https:\/\/d2bw95mh2ee04s.cloudfront.net\/prod\/content\/wp-content\/uploads\/2020\/12\/23142714\/outletsofadirect-logo.png\" alt=\"Pan\u0101kumu st\u0101sts: Outlet Sofa Direct EN\" class=\"wp-image-5164\" width=\"250\" height=\"89\"><\/figure><p class=\"theme-wp-block gb-responsive-312552-identifier\"><strong><strong><strong>Fonds<\/strong><\/strong>:<\/strong><br>2005<\/p><p class=\"theme-wp-block gb-responsive-353708-identifier\"><strong><strong><strong>Nozare<\/strong><\/strong>:<\/strong><br>M\u0113beles\/ viesistaba &#8211; gultas piederumi<\/p><p class=\"theme-wp-block gb-responsive-741269-identifier\"><strong><strong><strong>Preces Amazon:\u00a0<\/strong>\u00a0<\/strong><\/strong><br>apm\u0113ram 2,000 SKUs<\/p><p class=\"theme-wp-block gb-responsive-218030-identifier\"><strong><strong><strong>Nos\u016bt\u012bjumi<\/strong><\/strong>:\u00a0<\/strong><br>aptuveni 8,000 \/ m\u0113nes\u012b<\/p><\/div><div class=\"theme-wp-block wp-block-column gb-responsive-409151-identifier is-layout-flow wp-block-column-is-layout-flow\" style=\"flex-basis:50%\"><h3 class=\"theme-wp-block wp-block-heading gb-responsive-34353-identifier\" id=\"block-c06fce04-ef87-4ffc-a3d6-b768ba377d17\">Fons:<\/h3><p class=\"theme-wp-block gb-responsive-710769-identifier\">Outlet-Sofa Direct ideja rad\u0101s, kad vair\u0101ki ra\u017eot\u0101ji, kas specializ\u0113jas gultas un labkl\u0101j\u012bbas piederumu ra\u017eo\u0161an\u0101, apvienoj\u0101s, lai pied\u0101v\u0101tu saviem klientiem iesp\u0113ju tie\u0161i piek\u013c\u016bt vis\u0101m t\u0101m prec\u0113m, kas iet cauri r\u016bpn\u012bcai un ir izp\u0101rdotas, t\u0101d\u0113j\u0101di nodro\u0161inot pat\u0113r\u0113t\u0101jam lab\u0101ko kvalit\u0101ti par ide\u0101lu cenu. 2005. gad\u0101, k\u0101 neizb\u0113gamas digit\u0101l\u0101s transform\u0101cijas rezult\u0101t\u0101 m\u0113be\u013cu nozar\u0113, uz\u0146\u0113mums nevienu mirkli ne\u0161aub\u012bj\u0101s par tie\u0161saistes tirdzniec\u012bbas izv\u0113li.<\/p><h3 class=\"theme-wp-block wp-block-heading gb-responsive-182281-identifier\">S\u0101kotn\u0113j\u0101 situ\u0101cija:<\/h3><p class=\"theme-wp-block gb-responsive-548283-identifier\">\u0145emot v\u0113r\u0101 e-komercijas giganta stabilo un labi zin\u0101mo reput\u0101ciju, Outlet-Sofa-Direct 2015. gad\u0101 nol\u0113ma s\u0101kt p\u0101rdot savus produktus Amazon: &#8220;V\u0113loties ieg\u016bt lielus tie\u0161saistes p\u0101rdo\u0161anas apjomus un nep\u0101rdodot Amazon, \u0161odien bie\u017ei nav iesp\u0113jams,&#8221; saka Francesco, uz\u0146\u0113muma tirgus vad\u012bt\u0101js.<\/p><p class=\"theme-wp-block gb-responsive-940523-identifier\">&#8220;M\u0113s pa\u0161laik p\u0101rdodam vair\u0101kos tirgos: eBay, Cdiscount, bet p\u0101rdo\u0161ana Amazon un Amazon FBA pakalpojumu izmanto\u0161ana ir iev\u0113rojami palielin\u0101jusi m\u016bsu p\u0101rdo\u0161anas apjomus,&#8221; nor\u0101da Francesco. &#8220;Ac\u012bmredzot, visam ir savi plusi un m\u012bnusi, un Amazon FBA gad\u012bjum\u0101 fakts, ka zaud\u0113j\u0101m kontroli p\u0101r klientu atgrie\u0161an\u0101m, lika man saprast, ka kaut kas nav k\u0101rt\u012bb\u0101. Da\u017ei dati, ko sniedza Amazon, nesakrita ar to, kas bija m\u016bsu pus\u0113, bet liel\u0101kaj\u0101 da\u013c\u0101 gad\u012bjumu es vienk\u0101r\u0161i uztic\u0113jos, ka Amazon m\u016bs pareizi inform\u0113s par k\u013c\u016bd\u0101m; diem\u017e\u0113l t\u0101 nebija.&#8221; skaidro Francesco.<\/p><h3 class=\"theme-wp-block wp-block-heading gb-responsive-115756-identifier\">Risin\u0101jums:<\/h3><p class=\"theme-wp-block gb-responsive-49178-identifier\">&#8221; Lai gan es iedom\u0101jos, ka FBA dar\u012bjumos ir k\u013c\u016bdas, \u0161\u012b bija probl\u0113ma, ko m\u0113s bij\u0101m noliku\u0161i mal\u0101, jo t\u0101 prasa milz\u012bgu laiku un p\u016bles m\u016bsu komandai. Tom\u0113r viss main\u012bj\u0101s ar Monikas, SELLERLOGIC komandas locekles, negaid\u012bto zvanu. Vi\u0146as laipn\u012bba un profesionalit\u0101te p\u0101rliecin\u0101ja mani jau no pa\u0161a s\u0101kuma, kad vi\u0146a visu izskaidroja \u0101tri un detaliz\u0113ti.&#8221;<\/p><div class=\"theme-block-group-wrap\"><div class=\"theme-wp-block wp-block-group gb-responsive-88118-identifier\">\t\t<div  class=\"theme-wp-block theme-block-user-card gb-responsive-799176-identifier is-style-full-width-line\">\n\t\t<div class=\"wrap-inner-content\">\n\t\t\t<div class=\"card-user-head\">\n\t\t\t\t<div class=\"card-user-avatar\">\n\t\t\t\t\t<div class=\"cover-avatar\" style=\"background-image: url(https:\/\/d2bw95mh2ee04s.cloudfront.net\/prod\/content\/wp-content\/uploads\/2020\/12\/23142714\/francesco_azzi-_raute.png);\"><\/div>\n\t\t\t\t<\/div>\n\t\t\t\t<div class=\"wrap-title\">\n\t\t\t\t\t<div class=\"card-user-name\">\n\t\t\t\t\t\t<div class=\"title\">\n\t\t\t\t\t\t\t<h3 class=\"heading-text\"><strong>Francesco Azzi<\/strong><\/h3>\n\t\t\t\t\t\t<\/div>\n\t\t\t\t\t\t<div class=\"card-user-position\">\n\t\t\t\t\t\t\t<div class=\"card-text\"><strong>Tirgus vad\u012bt\u0101js<\/strong><\/div>\n\t\t\t\t\t\t<\/div>\n\t\t\t\t\t<\/div>\n\t\t\t\t\t<div class=\"card-user-quote-icon\">\n\t\t\t\t\t<\/div>\n\t\t\t\t<\/div>\n\t\t\t<\/div>\n\t\t\t<div class=\"card-user-text\">\n\t\t\t\t<div class=\"card-text\"><p>Produkta elast\u012bba. Nav saist\u012bbu, un maks\u0101jot tikai par to, kas jums ir atmaks\u0101ts, ir uzvaro\u0161\u0101 strat\u0113\u0123ija.<\/p><\/div>\n\t\t\t<\/div>\n\t\t<\/div>\n\t<\/div>\n\n<\/div><\/div><h3 class=\"theme-wp-block wp-block-heading gb-responsive-595368-identifier\">Veiksm\u012bgi rezult\u0101ti ar SELLERLOGIC:<\/h3><p class=\"theme-wp-block gb-responsive-514579-identifier\">&#8220;Redzot situ\u0101ciju, kur\u0101 m\u0113s bij\u0101m ar m\u016bsu prec\u0113m FBA noliktav\u0101s, es zin\u0101ju, ka ir liela iesp\u0113ja, ka k\u013c\u016bdu apjoms b\u016bs augsts, bet s\u0101kum\u0101 es nedom\u0101ju, ka tas mums ietaup\u012bs tik daudz naudas. Tr\u012bs m\u0113ne\u0161u laik\u0101 Lost &#038; Found izmanto\u0161ana ir pier\u0101d\u012bjusi pret\u0113jo, m\u0113s jau esam atguvu\u0161i 20,000 eiro un esam piln\u012bgi p\u0101rliecin\u0101ti, ka r\u012bks darbojas,&#8221; saka Francesco.<\/p><p class=\"theme-wp-block gb-responsive-750322-identifier\">&#8220;Monika vad\u012bja mani jau no pa\u0161a s\u0101kuma; re\u0123istr\u0101cijas procesa laik\u0101 vi\u0146a inform\u0113ja mani par visiem so\u013ciem, kas j\u0101veic, kad r\u012bks tika palaists. T\u0101pat ir v\u0113rts piemin\u0113t, ka p\u0101r\u0113j\u0101 SELLERLOGIC komanda vienm\u0113r ir bijusi \u0101rk\u0101rt\u012bgi pieejama un kl\u0101teso\u0161a. Pat tad, kad vi\u0146i tiek inform\u0113ti par p\u0113d\u0113j\u0101 br\u012b\u017ea probl\u0113m\u0101m. Pateicoties visai komandai un intuit\u012bvai r\u012bka lieto\u0161anai, ne tikai pras\u012bbu izskat\u012b\u0161ana ir ietaup\u012bjusi mums daudz laika, bet t\u0101 ar\u012b pal\u012bdz\u0113jusi atg\u016bt naudu, uz kuru m\u0113s bij\u0101m ties\u012bgi.&#8221;<\/p><div class=\"theme-wp-block wp-block-buttons gb-responsive-497426-identifier is-layout-flex wp-block-buttons-is-layout-flex\"><div class=\"theme-wp-block wp-block-button gb-responsive-38220-identifier is-style-theme-transparent-with-arrow\"><a class=\"wp-block-button__link wp-element-button\" href=\"https:\/\/d2bw95mh2ee04s.cloudfront.net\/prod\/content\/files\/SUCCESS-STORIES\/EN\/SELLERLOGIC_Success-Story_Outlet-Sofa-Direct_EN.pdf\" target=\"_blank\" rel=\"noreferrer noopener nofollow\">Lejupiel\u0101d\u0113t tagad!<\/a><\/div><\/div><\/div><div class=\"theme-wp-block wp-block-column gb-responsive-276018-identifier is-layout-flow wp-block-column-is-layout-flow\" style=\"flex-basis:25%\"><\/div><\/div><p class=\"theme-wp-block gb-responsive-437508-identifier\"><\/p>","protected":false},"excerpt":{"rendered":"<p>Fonds:2005 Nozare:M\u0113beles\/ viesistaba &#8211; gultas piederumi Preces Amazon:\u00a0\u00a0apm\u0113ram 2,000 SKUs Nos\u016bt\u012bjumi:\u00a0aptuveni 8,000 \/ m\u0113nes\u012b Fons: Outlet-Sofa Direct ideja rad\u0101s, kad vair\u0101ki ra\u017eot\u0101ji, kas specializ\u0113jas gultas un labkl\u0101j\u012bbas piederumu ra\u017eo\u0161an\u0101, apvienoj\u0101s, lai pied\u0101v\u0101tu saviem klientiem iesp\u0113ju tie\u0161i piek\u013c\u016bt vis\u0101m t\u0101m prec\u0113m, kas iet cauri r\u016bpn\u012bcai un ir izp\u0101rdotas, t\u0101d\u0113j\u0101di nodro\u0161inot pat\u0113r\u0113t\u0101jam lab\u0101ko kvalit\u0101ti par ide\u0101lu cenu.<\/p>\n","protected":false},"author":8,"featured_media":0,"parent":111675,"menu_order":0,"comment_status":"closed","ping_status":"closed","template":"","meta":{"sidebar_recommended_resources":{"data":[]},"sidebar_header_settings":{"hide_buttons":{"register":false}},"_use_new_theme":false,"inline_featured_image":false,"footnotes":""},"class_list":["post-111624","page","type-page","status-publish","hentry"],"yoast_head":"<!-- This site is optimized with the Yoast SEO plugin v26.8 - https:\/\/yoast.com\/product\/yoast-seo-wordpress\/ -->\n<title>SELLERLOGIC - Pan\u0101kumu st\u0101sts: Outlet-Sofa Direct<\/title>\n<meta name=\"description\" content=\"SELLERLOGIC Lost &amp; Found ir piln\u012bb\u0101 p\u0101rliecin\u0101jusi Outlet-Sofa Direct - zvans, kas v\u0113rts 20,000 eiro! Izlasiet m\u016bsu pan\u0101kumu st\u0101stu tagad!\" \/>\n<meta name=\"robots\" content=\"index, follow, max-snippet:-1, max-image-preview:large, max-video-preview:-1\" \/>\n<link rel=\"canonical\" href=\"https:\/\/www.sellerlogic.com\/lv\/resources\/success-story-outlet-sofa-direct\/\" \/>\n<meta property=\"og:locale\" content=\"lv_LV\" \/>\n<meta property=\"og:type\" content=\"article\" \/>\n<meta property=\"og:title\" content=\"SELLERLOGIC - Pan\u0101kumu st\u0101sts: Outlet-Sofa Direct\" \/>\n<meta property=\"og:description\" content=\"SELLERLOGIC Lost &amp; Found ir piln\u012bb\u0101 p\u0101rliecin\u0101jusi Outlet-Sofa Direct - zvans, kas v\u0113rts 20,000 eiro! Izlasiet m\u016bsu pan\u0101kumu st\u0101stu tagad!\" \/>\n<meta property=\"og:url\" content=\"https:\/\/www.sellerlogic.com\/lv\/resources\/success-story-outlet-sofa-direct\/\" \/>\n<meta property=\"og:site_name\" content=\"SELLERLOGIC - Smarte Tools f\u00fcr Amazon-Seller\" \/>\n<meta property=\"article:publisher\" content=\"https:\/\/www.facebook.com\/SellerLogic\/\" \/>\n<meta property=\"og:image\" content=\"https:\/\/www.sellerlogic.com\/wp-content\/uploads\/2020\/12\/outletsofadirect-logo.png\" \/>\n<meta name=\"twitter:card\" content=\"summary_large_image\" \/>\n<meta name=\"twitter:site\" content=\"@sellerlogic\" \/>\n<meta name=\"twitter:label1\" content=\"Est. reading time\" \/>\n\t<meta name=\"twitter:data1\" content=\"3 minutes\" \/>\n<script type=\"application\/ld+json\" class=\"yoast-schema-graph\">{\"@context\":\"https:\/\/schema.org\",\"@graph\":[{\"@type\":\"WebPage\",\"@id\":\"https:\/\/www.sellerlogic.com\/lv\/resources\/success-story-outlet-sofa-direct\/\",\"url\":\"https:\/\/www.sellerlogic.com\/lv\/resources\/success-story-outlet-sofa-direct\/\",\"name\":\"SELLERLOGIC - Pan\u0101kumu st\u0101sts: Outlet-Sofa Direct\",\"isPartOf\":{\"@id\":\"https:\/\/www.sellerlogic.com\/lv\/#website\"},\"primaryImageOfPage\":{\"@id\":\"https:\/\/www.sellerlogic.com\/lv\/resources\/success-story-outlet-sofa-direct\/#primaryimage\"},\"image\":{\"@id\":\"https:\/\/www.sellerlogic.com\/lv\/resources\/success-story-outlet-sofa-direct\/#primaryimage\"},\"thumbnailUrl\":\"https:\/\/www.sellerlogic.com\/wp-content\/uploads\/2020\/12\/outletsofadirect-logo.png\",\"datePublished\":\"2020-12-18T11:33:09+00:00\",\"description\":\"SELLERLOGIC Lost & Found ir piln\u012bb\u0101 p\u0101rliecin\u0101jusi Outlet-Sofa Direct - zvans, kas v\u0113rts 20,000 eiro! Izlasiet m\u016bsu pan\u0101kumu st\u0101stu tagad!\",\"breadcrumb\":{\"@id\":\"https:\/\/www.sellerlogic.com\/lv\/resources\/success-story-outlet-sofa-direct\/#breadcrumb\"},\"inLanguage\":\"lv\",\"potentialAction\":[{\"@type\":\"ReadAction\",\"target\":[\"https:\/\/www.sellerlogic.com\/lv\/resources\/success-story-outlet-sofa-direct\/\"]}]},{\"@type\":\"ImageObject\",\"inLanguage\":\"lv\",\"@id\":\"https:\/\/www.sellerlogic.com\/lv\/resources\/success-story-outlet-sofa-direct\/#primaryimage\",\"url\":\"https:\/\/www.sellerlogic.com\/wp-content\/uploads\/2020\/12\/outletsofadirect-logo.png\",\"contentUrl\":\"https:\/\/www.sellerlogic.com\/wp-content\/uploads\/2020\/12\/outletsofadirect-logo.png\"},{\"@type\":\"BreadcrumbList\",\"@id\":\"https:\/\/www.sellerlogic.com\/lv\/resources\/success-story-outlet-sofa-direct\/#breadcrumb\",\"itemListElement\":[{\"@type\":\"ListItem\",\"position\":1,\"name\":\"Home\",\"item\":\"https:\/\/www.sellerlogic.com\/lv\/\"},{\"@type\":\"ListItem\",\"position\":2,\"name\":\"Resursi EN\",\"item\":\"https:\/\/www.sellerlogic.com\/lv\/resources\/\"},{\"@type\":\"ListItem\",\"position\":3,\"name\":\"Pan\u0101kumu st\u0101sts: Outlet Sofa Direct EN\"}]},{\"@type\":\"WebSite\",\"@id\":\"https:\/\/www.sellerlogic.com\/lv\/#website\",\"url\":\"https:\/\/www.sellerlogic.com\/lv\/\",\"name\":\"SELLERLOGIC - Smarte Tools f\u00fcr Amazon-Seller\",\"description\":\"Intelligente Prozessoptimierung und Gewinnmaximierung\",\"publisher\":{\"@id\":\"https:\/\/www.sellerlogic.com\/lv\/#organization\"},\"potentialAction\":[{\"@type\":\"SearchAction\",\"target\":{\"@type\":\"EntryPoint\",\"urlTemplate\":\"https:\/\/www.sellerlogic.com\/lv\/?s={search_term_string}\"},\"query-input\":{\"@type\":\"PropertyValueSpecification\",\"valueRequired\":true,\"valueName\":\"search_term_string\"}}],\"inLanguage\":\"lv\"},{\"@type\":\"Organization\",\"@id\":\"https:\/\/www.sellerlogic.com\/lv\/#organization\",\"name\":\"SELLERLOGIC\",\"url\":\"https:\/\/www.sellerlogic.com\/lv\/\",\"logo\":{\"@type\":\"ImageObject\",\"inLanguage\":\"lv\",\"@id\":\"https:\/\/www.sellerlogic.com\/lv\/#\/schema\/logo\/image\/\",\"url\":\"https:\/\/d2bw95mh2ee04s.cloudfront.net\/prod\/content\/wp-content\/uploads\/2025\/01\/02134814\/Property-Logo-Main.svg\",\"contentUrl\":\"https:\/\/d2bw95mh2ee04s.cloudfront.net\/prod\/content\/wp-content\/uploads\/2025\/01\/02134814\/Property-Logo-Main.svg\",\"width\":184,\"height\":40,\"caption\":\"SELLERLOGIC\"},\"image\":{\"@id\":\"https:\/\/www.sellerlogic.com\/lv\/#\/schema\/logo\/image\/\"},\"sameAs\":[\"https:\/\/www.facebook.com\/SellerLogic\/\",\"https:\/\/x.com\/sellerlogic\",\"https:\/\/www.instagram.com\/sellerlogic\/\",\"https:\/\/www.linkedin.com\/company\/18402037\/\",\"https:\/\/www.youtube.com\/channel\/UC-gULUur-fNj08sprantKsQ\"]}]}<\/script>\n<!-- \/ Yoast SEO plugin. -->","yoast_head_json":{"title":"SELLERLOGIC - Pan\u0101kumu st\u0101sts: Outlet-Sofa Direct","description":"SELLERLOGIC Lost & Found ir piln\u012bb\u0101 p\u0101rliecin\u0101jusi Outlet-Sofa Direct - zvans, kas v\u0113rts 20,000 eiro! Izlasiet m\u016bsu pan\u0101kumu st\u0101stu tagad!","robots":{"index":"index","follow":"follow","max-snippet":"max-snippet:-1","max-image-preview":"max-image-preview:large","max-video-preview":"max-video-preview:-1"},"canonical":"https:\/\/www.sellerlogic.com\/lv\/resources\/success-story-outlet-sofa-direct\/","og_locale":"lv_LV","og_type":"article","og_title":"SELLERLOGIC - Pan\u0101kumu st\u0101sts: Outlet-Sofa Direct","og_description":"SELLERLOGIC Lost & Found ir piln\u012bb\u0101 p\u0101rliecin\u0101jusi Outlet-Sofa Direct - zvans, kas v\u0113rts 20,000 eiro! Izlasiet m\u016bsu pan\u0101kumu st\u0101stu tagad!","og_url":"https:\/\/www.sellerlogic.com\/lv\/resources\/success-story-outlet-sofa-direct\/","og_site_name":"SELLERLOGIC - Smarte Tools f\u00fcr Amazon-Seller","article_publisher":"https:\/\/www.facebook.com\/SellerLogic\/","og_image":[{"url":"https:\/\/www.sellerlogic.com\/wp-content\/uploads\/2020\/12\/outletsofadirect-logo.png","type":"","width":"","height":""}],"twitter_card":"summary_large_image","twitter_site":"@sellerlogic","twitter_misc":{"Est. reading time":"3 minutes"},"schema":{"@context":"https:\/\/schema.org","@graph":[{"@type":"WebPage","@id":"https:\/\/www.sellerlogic.com\/lv\/resources\/success-story-outlet-sofa-direct\/","url":"https:\/\/www.sellerlogic.com\/lv\/resources\/success-story-outlet-sofa-direct\/","name":"SELLERLOGIC - Pan\u0101kumu st\u0101sts: Outlet-Sofa Direct","isPartOf":{"@id":"https:\/\/www.sellerlogic.com\/lv\/#website"},"primaryImageOfPage":{"@id":"https:\/\/www.sellerlogic.com\/lv\/resources\/success-story-outlet-sofa-direct\/#primaryimage"},"image":{"@id":"https:\/\/www.sellerlogic.com\/lv\/resources\/success-story-outlet-sofa-direct\/#primaryimage"},"thumbnailUrl":"https:\/\/www.sellerlogic.com\/wp-content\/uploads\/2020\/12\/outletsofadirect-logo.png","datePublished":"2020-12-18T11:33:09+00:00","description":"SELLERLOGIC Lost & Found ir piln\u012bb\u0101 p\u0101rliecin\u0101jusi Outlet-Sofa Direct - zvans, kas v\u0113rts 20,000 eiro! Izlasiet m\u016bsu pan\u0101kumu st\u0101stu tagad!","breadcrumb":{"@id":"https:\/\/www.sellerlogic.com\/lv\/resources\/success-story-outlet-sofa-direct\/#breadcrumb"},"inLanguage":"lv","potentialAction":[{"@type":"ReadAction","target":["https:\/\/www.sellerlogic.com\/lv\/resources\/success-story-outlet-sofa-direct\/"]}]},{"@type":"ImageObject","inLanguage":"lv","@id":"https:\/\/www.sellerlogic.com\/lv\/resources\/success-story-outlet-sofa-direct\/#primaryimage","url":"https:\/\/www.sellerlogic.com\/wp-content\/uploads\/2020\/12\/outletsofadirect-logo.png","contentUrl":"https:\/\/www.sellerlogic.com\/wp-content\/uploads\/2020\/12\/outletsofadirect-logo.png"},{"@type":"BreadcrumbList","@id":"https:\/\/www.sellerlogic.com\/lv\/resources\/success-story-outlet-sofa-direct\/#breadcrumb","itemListElement":[{"@type":"ListItem","position":1,"name":"Home","item":"https:\/\/www.sellerlogic.com\/lv\/"},{"@type":"ListItem","position":2,"name":"Resursi EN","item":"https:\/\/www.sellerlogic.com\/lv\/resources\/"},{"@type":"ListItem","position":3,"name":"Pan\u0101kumu st\u0101sts: Outlet Sofa Direct EN"}]},{"@type":"WebSite","@id":"https:\/\/www.sellerlogic.com\/lv\/#website","url":"https:\/\/www.sellerlogic.com\/lv\/","name":"SELLERLOGIC - Smarte Tools f\u00fcr Amazon-Seller","description":"Intelligente Prozessoptimierung und Gewinnmaximierung","publisher":{"@id":"https:\/\/www.sellerlogic.com\/lv\/#organization"},"potentialAction":[{"@type":"SearchAction","target":{"@type":"EntryPoint","urlTemplate":"https:\/\/www.sellerlogic.com\/lv\/?s={search_term_string}"},"query-input":{"@type":"PropertyValueSpecification","valueRequired":true,"valueName":"search_term_string"}}],"inLanguage":"lv"},{"@type":"Organization","@id":"https:\/\/www.sellerlogic.com\/lv\/#organization","name":"SELLERLOGIC","url":"https:\/\/www.sellerlogic.com\/lv\/","logo":{"@type":"ImageObject","inLanguage":"lv","@id":"https:\/\/www.sellerlogic.com\/lv\/#\/schema\/logo\/image\/","url":"https:\/\/d2bw95mh2ee04s.cloudfront.net\/prod\/content\/wp-content\/uploads\/2025\/01\/02134814\/Property-Logo-Main.svg","contentUrl":"https:\/\/d2bw95mh2ee04s.cloudfront.net\/prod\/content\/wp-content\/uploads\/2025\/01\/02134814\/Property-Logo-Main.svg","width":184,"height":40,"caption":"SELLERLOGIC"},"image":{"@id":"https:\/\/www.sellerlogic.com\/lv\/#\/schema\/logo\/image\/"},"sameAs":["https:\/\/www.facebook.com\/SellerLogic\/","https:\/\/x.com\/sellerlogic","https:\/\/www.instagram.com\/sellerlogic\/","https:\/\/www.linkedin.com\/company\/18402037\/","https:\/\/www.youtube.com\/channel\/UC-gULUur-fNj08sprantKsQ"]}]}},"_links":{"self":[{"href":"https:\/\/www.sellerlogic.com\/lv\/wp-json\/wp\/v2\/pages\/111624","targetHints":{"allow":["GET"]}}],"collection":[{"href":"https:\/\/www.sellerlogic.com\/lv\/wp-json\/wp\/v2\/pages"}],"about":[{"href":"https:\/\/www.sellerlogic.com\/lv\/wp-json\/wp\/v2\/types\/page"}],"author":[{"embeddable":true,"href":"https:\/\/www.sellerlogic.com\/lv\/wp-json\/wp\/v2\/users\/8"}],"replies":[{"embeddable":true,"href":"https:\/\/www.sellerlogic.com\/lv\/wp-json\/wp\/v2\/comments?post=111624"}],"version-history":[{"count":0,"href":"https:\/\/www.sellerlogic.com\/lv\/wp-json\/wp\/v2\/pages\/111624\/revisions"}],"up":[{"embeddable":true,"href":"https:\/\/www.sellerlogic.com\/lv\/wp-json\/wp\/v2\/pages\/111675"}],"wp:attachment":[{"href":"https:\/\/www.sellerlogic.com\/lv\/wp-json\/wp\/v2\/media?parent=111624"}],"curies":[{"name":"wp","href":"https:\/\/api.w.org\/{rel}","templated":true}]}}