
{"id":111660,"date":"2020-12-18T08:11:11","date_gmt":"2020-12-18T08:11:11","guid":{"rendered":"https:\/\/127.0.0.1\/resources\/success-story-meinemarkenmode\/"},"modified":"2020-12-18T08:11:11","modified_gmt":"2020-12-18T08:11:11","slug":"success-story-meinemarkenmode","status":"publish","type":"page","link":"https:\/\/www.sellerlogic.com\/lv\/resources\/success-story-meinemarkenmode\/","title":{"rendered":"Success Story: meinemarkenmode.de EN"},"content":{"rendered":"\n\t<div  class=\"theme-wp-block theme-block-main-header is-style-full-height desktop-align-full xl-align-full lg-align-full md-align-full sm-align-full desktop-content-align-y-center desktop-content-align-x-center xl-content-align-y-center xl-content-align-x-center lg-content-align-y-center lg-content-align-x-center md-content-align-y-center md-content-align-x-center sm-content-align-y-center sm-content-align-x-center gb-responsive-720212-identifier theme-block-cover\">\n\t\t<div class=\"bg-cover theme-lazy-load-bg\"><\/div>\n\t\t<div class=\"wrap-content-main-header\">\n\t\t\t\t\t<div  class=\"theme-wp-block theme-block-text-and-text desktop-align-wide xl-align-wide lg-align-wide md-align-wide sm-align-wide gb-responsive-366658-identifier desktop-blockDirection-column xl-blockDirection-column lg-blockDirection-column md-blockDirection-column sm-blockDirection-column\">\n\t\t<div class=\"tat-column-wrap-wrapper\">\n\t\t\t<div class=\"tat-column-wrapper\">\n\t\t\t\t\t<div  class=\"theme-wp-block theme-block-text-and-text-column gb-responsive-923660-identifier desktop-horizontal-center xl-horizontal-center lg-horizontal-center md-horizontal-center sm-horizontal-center\">\n\t\t<div class=\"inner-wrap-column-content\">\n\t\t\t<div class=\"inner-column-content\">\n\t\t\t\t\t\t<p  class=\"theme-wp-block theme-block-heading is-style-default desktop-text-center xl-text-center lg-text-center md-text-center sm-text-center gb-responsive-948994-identifier h2\">\n\t\tMore Money, Less Problems\t<\/p>\n\n\t\t<h1  class=\"theme-wp-block theme-block-heading gb-responsive-522772-identifier is-style-default desktop-text-center xl-text-center lg-text-center md-text-center sm-text-center h1\">\n\t\tK\u0101 meinemarkenmode sa\u0146\u0113ma 6 ciparu atmaksu no Amazon\t<\/h1>\n\n\t\t\t<\/div>\n\t\t<\/div>\n\t<\/div>\n\t<div  class=\"theme-wp-block theme-block-text-and-text-column gb-responsive-441362-identifier\">\n\t\t<div class=\"inner-wrap-column-content\">\n\t\t\t<div class=\"inner-column-content\">\n\t\t\t\t\t\t\t<\/div>\n\t\t<\/div>\n\t<\/div>\n\t\t\t<\/div>\n\t\t<\/div>\n\t<\/div>\n\n\t\t<\/div>\n\t<\/div>\n\n<div style=\"height:50px\" aria-hidden=\"true\" class=\"theme-wp-block wp-block-spacer\"><\/div><div class=\"theme-wp-block wp-block-columns gb-responsive-34913-identifier is-layout-flex wp-container-core-columns-is-layout-9d6595d7 wp-block-columns-is-layout-flex\"><div class=\"theme-wp-block wp-block-column gb-responsive-118097-identifier is-layout-flow wp-block-column-is-layout-flow\" style=\"flex-basis:25%\"><figure class=\"theme-wp-block wp-block-image size-large is-resized gb-responsive-62921-identifier\"><img decoding=\"async\" src=\"https:\/\/d2bw95mh2ee04s.cloudfront.net\/prod\/content\/wp-content\/uploads\/2020\/12\/23142728\/MMM-Logo_2-844x154.png\" alt=\"Veiksm\u012bga st\u0101sts: meinemarkenmode.de EN\" class=\"wp-image-4742\" width=\"300\" height=\"55\" srcset=\"https:\/\/d2bw95mh2ee04s.cloudfront.net\/prod\/content\/wp-content\/uploads\/2020\/12\/23142728\/MMM-Logo_2-407x74.png 407w, https:\/\/d2bw95mh2ee04s.cloudfront.net\/prod\/content\/wp-content\/uploads\/2020\/12\/23142728\/MMM-Logo_2-768x141.png 768w, https:\/\/d2bw95mh2ee04s.cloudfront.net\/prod\/content\/wp-content\/uploads\/2020\/12\/23142728\/MMM-Logo_2-844x154.png 844w, https:\/\/d2bw95mh2ee04s.cloudfront.net\/prod\/content\/wp-content\/uploads\/2020\/12\/23142728\/MMM-Logo_2.png 1000w\" sizes=\"(max-width: 300px) 100vw, 300px\" \/><\/figure><p class=\"theme-wp-block gb-responsive-595107-identifier\"><strong>Fonds:<\/strong><br>2009<\/p><p class=\"theme-wp-block gb-responsive-627172-identifier\"><strong>Nozare:<\/strong><br>Modes<\/p><p class=\"theme-wp-block gb-responsive-331586-identifier\"><strong>Preces Amazon:\u00a0<\/strong><br>30.000<\/p><p class=\"theme-wp-block gb-responsive-485766-identifier\"><strong>Nos\u016bt\u012bjumi:<\/strong><br>aptuveni 150.000 m\u0113nes\u012b<\/p><\/div><div class=\"theme-wp-block wp-block-column gb-responsive-36942-identifier is-layout-flow wp-block-column-is-layout-flow\" style=\"flex-basis:50%\"><h3 class=\"theme-wp-block wp-block-heading gb-responsive-34353-identifier\" id=\"block-c06fce04-ef87-4ffc-a3d6-b768ba377d17\">Fons:<\/h3><p class=\"theme-wp-block gb-responsive-767855-identifier desktop-gb-has-no-icon xl-gb-has-no-icon lg-gb-has-no-icon md-gb-has-no-icon sm-gb-has-no-icon\">Ar vis\u0101m kr\u0101jumu pl\u016bsm\u0101m, kas ien\u0101k un izn\u0101k no vi\u0146u noliktav\u0101m, Aleksandrs Charatzoglou apzin\u0101j\u0101s, ka k\u013c\u016bdas ir neizb\u0113gamas. L\u012bdz \u0161im pasta pas\u016bt\u012bjumu uz\u0146\u0113mumam nebija procesa, kas \u013cautu identific\u0113t katru vienu k\u013c\u016bdu, kas notika, l\u012bdz Aleksandrs apmekl\u0113ja Amazon p\u0101rdev\u0113ju darbn\u012bcu, kas pied\u0101v\u0101ja risin\u0101jumu.<\/p><p class=\"theme-wp-block desktop-gb-has-no-icon xl-gb-has-no-icon lg-gb-has-no-icon md-gb-has-no-icon sm-gb-has-no-icon gb-responsive-7132-identifier\">St\u0101sts par meinmarkenmode.de izskat\u0101s \u013coti l\u012bdz\u012bgs Amerikas sap\u0146a prototipam.<\/p><p class=\"theme-wp-block desktop-gb-has-no-icon xl-gb-has-no-icon lg-gb-has-no-icon md-gb-has-no-icon sm-gb-has-no-icon gb-responsive-663910-identifier\">Lai finans\u0113tu savus studijus, pa\u0161reiz\u0113jais izpilddirektors Eugen Allerborn s\u0101ka tirgoties eBay 2009. gad\u0101. Kam\u0113r uz\u0146\u0113mums auga, vi\u0146am bija j\u0101saskaras ar l\u0113mumu, vai pabeigt studijas vai pamest universit\u0101ti un velt\u012bt visu savu laiku darbam. Vi\u0146\u0161 izv\u0113l\u0113j\u0101s otro: l\u0113mumu, kas noveda pie daudz darba, bet v\u0113l liel\u0101ka pan\u0101kuma. \u0160odien, kop\u0101 ar savu biznesa partneri un draugu Timo Bethlehem, vi\u0146\u0161 vada veiksm\u012bgu tie\u0161saistes uz\u0146\u0113mumu ar 50 darbiniekiem div\u0101s viet\u0101s.<\/p><h3 class=\"theme-wp-block wp-block-heading gb-responsive-182281-identifier desktop-gb-has-no-icon xl-gb-has-no-icon lg-gb-has-no-icon md-gb-has-no-icon sm-gb-has-no-icon\">S\u0101kums:<\/h3><p class=\"theme-wp-block gb-responsive-262664-identifier desktop-gb-has-no-icon xl-gb-has-no-icon lg-gb-has-no-icon md-gb-has-no-icon sm-gb-has-no-icon\">\u201cBija skaidrs, ka m\u0113s zaud\u0113jam kr\u0101jumus FBA noliktav\u0101s. Ar vair\u0101k nek\u0101 30,000 prec\u0113m 20 noliktav\u0101s un rezult\u0101t\u0101 radu\u0161aj\u0101m kr\u0101jumu kust\u012bb\u0101m tas ir neizb\u0113gami,\u201d skaidro Aleksandrs, kur\u0161 kop\u0161 2012. gada str\u0101d\u0101 k\u0101 p\u0101rdo\u0161anas vad\u012bbas vad\u012bt\u0101js meinmarkenmode.de. \u201cBet, k\u0101 tas bie\u017ei notiek, bija p\u0101r\u0101k daudz citu uzdevumu, kuriem tika pie\u0161\u0137irta augst\u0101ka priorit\u0101te. Turkl\u0101t mums tr\u016bka kapacit\u0101tes, lai manu\u0101li p\u0101rbaud\u012btu procesus.\u201d<\/p><p class=\"theme-wp-block gb-responsive-587817-identifier desktop-gb-has-no-icon xl-gb-has-no-icon lg-gb-has-no-icon md-gb-has-no-icon sm-gb-has-no-icon\">Tas main\u012bj\u0101s tikai tad, kad Aleksandrs sarun\u0101j\u0101s par \u0161o t\u0113mu ar citu mazumtirgot\u0101ju Amazon darbn\u012bc\u0101. \u201cMans kol\u0113\u0123is mazumtirgot\u0101js bija viens no SELLERLOGIC Lost &#038; Found pilot<br>klientiem. Kad vi\u0146\u0161 man past\u0101st\u012bja par s\u0101kotn\u0113jo kompens\u0101ciju, kas bija l\u012bdzv\u0113rt\u012bga mazam automa\u0161\u012bnai, es biju tik p\u0101rsteigts, ka \u0161\u012b r\u012bka izm\u0113\u0123in\u0101\u0161ana bija man\u0101 priorit\u0101\u0161u saraksta aug\u0161gal\u0101,\u201d atceras Aleksandrs.<\/p><h3 class=\"theme-wp-block wp-block-heading gb-responsive-115756-identifier\">Risin\u0101jums:<\/h3><p class=\"theme-wp-block gb-responsive-231780-identifier\">Balstoties uz pozit\u012bvo pieredzi, ko guva vi\u0146a kol\u0113\u0123is mazumtirgot\u0101js, nek\u0101da cita risin\u0101juma k\u0101 Lost &#038; Found nekad netika apsv\u0113rta meinmarkenmode.de.<\/p><p class=\"theme-wp-block gb-responsive-392728-identifier desktop-gb-has-no-icon xl-gb-has-no-icon lg-gb-has-no-icon md-gb-has-no-icon sm-gb-has-no-icon\"><br>Aleksandrs atceras pirm\u0101s pieredzes ar SELLERLOGIC programmat\u016bru: \u201cIevie\u0161ana ar SELLERLOGIC bija \u0101rk\u0101rt\u012bgi viegla un pat\u012bkama. Risin\u0101jums ir intuit\u012bvs un to var izmantot ikviens p\u0113c \u012bsa apm\u0101c\u012bbu perioda. Kop\u0161 m\u0113s esam uzs\u0101ku\u0161i, nav bijusi nepiecie\u0161ama nek\u0101da atbalsta pal\u012bdz\u012bba. Pat ne tad, kad m\u0113s nodev\u0101m lietu p\u0101rvald\u012bbu jaunajiem darbiniekiem \u2013 tas ir diezgan iev\u0113rojami!\u201d. P\u0113c br\u012b\u017ea vi\u0146\u0161 piebilst: \u201cR\u012bks ir ar\u012b neticami efekt\u012bvs. Aiz t\u0101 intuit\u012bv\u0101s darb\u012bbas sl\u0113pjas \u013coti sare\u017e\u0123\u012bta sist\u0113ma, kas iev\u0113rojami atvieglo lietu apstr\u0101di.\u201d<\/p><div class=\"theme-block-group-wrap\"><div class=\"theme-wp-block wp-block-group gb-responsive-88118-identifier\">\t\t<div  class=\"theme-wp-block theme-block-user-card gb-responsive-799176-identifier is-style-full-width-line desktop-gb-has-no-icon xl-gb-has-no-icon lg-gb-has-no-icon md-gb-has-no-icon sm-gb-has-no-icon\">\n\t\t<div class=\"wrap-inner-content\">\n\t\t\t<div class=\"card-user-head\">\n\t\t\t\t<div class=\"card-user-avatar\">\n\t\t\t\t\t<div class=\"cover-avatar\" style=\"background-image: url(https:\/\/d2bw95mh2ee04s.cloudfront.net\/prod\/content\/wp-content\/uploads\/2020\/12\/23142728\/alexander_charatzoglou_raute.png);\"><\/div>\n\t\t\t\t<\/div>\n\t\t\t\t<div class=\"wrap-title\">\n\t\t\t\t\t<div class=\"card-user-name\">\n\t\t\t\t\t\t<div class=\"title\">\n\t\t\t\t\t\t\t<h3 class=\"heading-text\"><strong>Aleksandrs Charatzoglou<\/strong><\/h3>\n\t\t\t\t\t\t<\/div>\n\t\t\t\t\t\t<div class=\"card-user-position\">\n\t\t\t\t\t\t\t<div class=\"card-text\"><strong>P\u0101rdo\u0161anas vad\u012bbas vad\u012bt\u0101js meinmarkenmode.de<\/strong><\/div>\n\t\t\t\t\t\t<\/div>\n\t\t\t\t\t<\/div>\n\t\t\t\t\t<div class=\"card-user-quote-icon\">\n\t\t\t\t\t<\/div>\n\t\t\t\t<\/div>\n\t\t\t<\/div>\n\t\t\t<div class=\"card-user-text\">\n\t\t\t\t<div class=\"card-text\"><p>&#8220;SELLERLOGIC Lost &amp; Found ir patie\u0161\u0101m ac\u012bmredzams risin\u0101jums. Un ne tikai ekonomisk\u0101 zi\u0146\u0101. Zemas izmaksas, r\u012bks, tehnolo\u0123ija aiz t\u0101, pakalpojumi un komanda aiz t\u0101 \u2013 vienk\u0101r\u0161i viss \u2013 veicina m\u016bsu piln\u012bgu apmierin\u0101t\u012bbu.&#8221;<\/p><p><\/p><\/div>\n\t\t\t<\/div>\n\t\t<\/div>\n\t<\/div>\n\n<\/div><\/div><h3 class=\"theme-wp-block wp-block-heading gb-responsive-595368-identifier\">Veiksm\u012bgi rezult\u0101ti ar SELLERLOGIC:<\/h3><p class=\"theme-wp-block gb-responsive-905876-identifier desktop-gb-has-no-icon xl-gb-has-no-icon lg-gb-has-no-icon md-gb-has-no-icon sm-gb-has-no-icon\">Kop\u0161 vi\u0146u uzs\u0101k\u0161anas ar SELLERLOGIC Lost &#038; Found, meinmarkenmode.de ir sp\u0113jusi sa\u0146emt kompens\u0101cijas, kuru v\u0113rt\u012bba ir aptuveni 200,000 eiro. \u201cTas jau vairs nav mazs auto, bet vesela m\u0101ja,\u201d smejas Aleksandrs.<\/p><p class=\"theme-wp-block gb-responsive-208143-identifier desktop-gb-has-no-icon xl-gb-has-no-icon lg-gb-has-no-icon md-gb-has-no-icon sm-gb-has-no-icon\">T\u0101tad re\u0101lais kr\u0101jumu zudums FBA noliktav\u0101s skaidri p\u0101rsniedza uz\u0146\u0113muma gaidas. Taj\u0101 pa\u0161\u0101 laik\u0101 meinmarkenmode.de g\u016bst labumu no sare\u017e\u0123\u012bt\u0101s sist\u0113mas, kas ar\u012b atrod k\u013c\u016bdas, kuras, iesp\u0113jams, paliktu nepaman\u012btas, mekl\u0113jot manu\u0101li. Aleksandram cilv\u0113ku kontakts ar SELLERLOGIC ir tikpat svar\u012bgs. Vi\u0146am SELLERLOGIC nav tikai r\u012bks, ko izmanto vi\u0146a uz\u0146\u0113mums, vi\u0146\u0161 ar\u012b nov\u0113rt\u0113 visu komandu un t\u0101s pakalpojumus.<\/p><p class=\"theme-wp-block gb-responsive-355671-identifier desktop-gb-has-no-icon xl-gb-has-no-icon lg-gb-has-no-icon md-gb-has-no-icon sm-gb-has-no-icon\">Lai nosl\u0113gtu, vi\u0146\u0161 izsaka skaidrus uzslavas v\u0101rdus: \u201cSELLERLOGIC Lost &#038; Found ir patie\u0161\u0101m ac\u012bmredzams risin\u0101jums. Un ne tikai ekonomisk\u0101 zi\u0146\u0101. Zemas izmaksas, r\u012bks, tehnolo\u0123ija aiz t\u0101, pakalpojumi un komanda aiz t\u0101 \u2013 vienk\u0101r\u0161i viss \u2013 veicina m\u016bsu piln\u012bgu apmierin\u0101t\u012bbu\u201c.<\/p><div class=\"theme-wp-block wp-block-buttons gb-responsive-497426-identifier is-layout-flex wp-block-buttons-is-layout-flex\"><div class=\"theme-wp-block wp-block-button gb-responsive-38220-identifier is-style-theme-transparent-with-arrow\"><a class=\"wp-block-button__link wp-element-button\" href=\"https:\/\/d2bw95mh2ee04s.cloudfront.net\/prod\/content\/files\/SUCCESS-STORIES\/EN\/NEU_SELLERLOGIC_Success-Story_meinemarkenmode_EN.pdf\" target=\"_blank\" rel=\"noreferrer noopener nofollow\">Lejupiel\u0101d\u0113t tagad!<\/a><\/div><\/div><\/div><div class=\"theme-wp-block wp-block-column gb-responsive-638649-identifier is-layout-flow wp-block-column-is-layout-flow\" style=\"flex-basis:25%\"><\/div><\/div><p class=\"theme-wp-block gb-responsive-554668-identifier\"><\/p>","protected":false},"excerpt":{"rendered":"<p>Fonds:2009 Nozare:Modes Preces Amazon:\u00a030.000 Nos\u016bt\u012bjumi:aptuveni 150.000 m\u0113nes\u012b Fons: Ar vis\u0101m kr\u0101jumu pl\u016bsm\u0101m, kas ien\u0101k un izn\u0101k no vi\u0146u noliktav\u0101m, Aleksandrs Charatzoglou apzin\u0101j\u0101s, ka k\u013c\u016bdas ir neizb\u0113gamas. L\u012bdz \u0161im pasta pas\u016bt\u012bjumu uz\u0146\u0113mumam nebija procesa, kas \u013cautu identific\u0113t katru vienu k\u013c\u016bdu, kas notika, l\u012bdz Aleksandrs apmekl\u0113ja Amazon p\u0101rdev\u0113ju darbn\u012bcu, kas pied\u0101v\u0101ja risin\u0101jumu. St\u0101sts par meinmarkenmode.de izskat\u0101s \u013coti<\/p>\n","protected":false},"author":3,"featured_media":0,"parent":111675,"menu_order":0,"comment_status":"closed","ping_status":"closed","template":"","meta":{"sidebar_recommended_resources":{"data":[]},"sidebar_header_settings":{"hide_buttons":{"register":false}},"_use_new_theme":false,"inline_featured_image":false,"footnotes":""},"class_list":["post-111660","page","type-page","status-publish","hentry"],"yoast_head":"<!-- This site is optimized with the Yoast SEO plugin v26.8 - https:\/\/yoast.com\/product\/yoast-seo-wordpress\/ -->\n<title>K\u0101 ieg\u016bt 6 ciparu kompens\u0101ciju no Amazon | SELLERLOGIC<\/title>\n<meta name=\"description\" content=\"SELLERLOGIC Lost &amp; Found analiz\u0113 visus FBA k\u013c\u016bdas. Lasiet \u0161eit, k\u0101 meinmarkenmode.de ieguva kompens\u0101cijas, kuru v\u0113rt\u012bba ir vienas \u0123imenes m\u0101jas!\" \/>\n<meta name=\"robots\" content=\"index, follow, max-snippet:-1, max-image-preview:large, max-video-preview:-1\" \/>\n<link rel=\"canonical\" href=\"https:\/\/www.sellerlogic.com\/lv\/resources\/success-story-meinemarkenmode\/\" \/>\n<meta property=\"og:locale\" content=\"lv_LV\" \/>\n<meta property=\"og:type\" content=\"article\" \/>\n<meta property=\"og:title\" content=\"K\u0101 ieg\u016bt 6 ciparu kompens\u0101ciju no Amazon | SELLERLOGIC\" \/>\n<meta property=\"og:description\" content=\"SELLERLOGIC Lost &amp; Found analiz\u0113 visus FBA k\u013c\u016bdas. Lasiet \u0161eit, k\u0101 meinmarkenmode.de ieguva kompens\u0101cijas, kuru v\u0113rt\u012bba ir vienas \u0123imenes m\u0101jas!\" \/>\n<meta property=\"og:url\" content=\"https:\/\/www.sellerlogic.com\/lv\/resources\/success-story-meinemarkenmode\/\" \/>\n<meta property=\"og:site_name\" content=\"SELLERLOGIC - Smarte Tools f\u00fcr Amazon-Seller\" \/>\n<meta property=\"article:publisher\" content=\"https:\/\/www.facebook.com\/SellerLogic\/\" \/>\n<meta property=\"og:image\" content=\"https:\/\/www.sellerlogic.com\/wp-content\/uploads\/2020\/12\/MMM-Logo_2-844x154.png\" \/>\n<meta name=\"twitter:card\" content=\"summary_large_image\" \/>\n<meta name=\"twitter:site\" content=\"@sellerlogic\" \/>\n<meta name=\"twitter:label1\" content=\"Est. reading time\" \/>\n\t<meta name=\"twitter:data1\" content=\"3 minutes\" \/>\n<script type=\"application\/ld+json\" class=\"yoast-schema-graph\">{\"@context\":\"https:\/\/schema.org\",\"@graph\":[{\"@type\":\"WebPage\",\"@id\":\"https:\/\/www.sellerlogic.com\/lv\/resources\/success-story-meinemarkenmode\/\",\"url\":\"https:\/\/www.sellerlogic.com\/lv\/resources\/success-story-meinemarkenmode\/\",\"name\":\"K\u0101 ieg\u016bt 6 ciparu kompens\u0101ciju no Amazon | SELLERLOGIC\",\"isPartOf\":{\"@id\":\"https:\/\/www.sellerlogic.com\/lv\/#website\"},\"primaryImageOfPage\":{\"@id\":\"https:\/\/www.sellerlogic.com\/lv\/resources\/success-story-meinemarkenmode\/#primaryimage\"},\"image\":{\"@id\":\"https:\/\/www.sellerlogic.com\/lv\/resources\/success-story-meinemarkenmode\/#primaryimage\"},\"thumbnailUrl\":\"https:\/\/www.sellerlogic.com\/wp-content\/uploads\/2020\/12\/MMM-Logo_2-844x154.png\",\"datePublished\":\"2020-12-18T08:11:11+00:00\",\"description\":\"SELLERLOGIC Lost & Found analiz\u0113 visus FBA k\u013c\u016bdas. Lasiet \u0161eit, k\u0101 meinmarkenmode.de ieguva kompens\u0101cijas, kuru v\u0113rt\u012bba ir vienas \u0123imenes m\u0101jas!\",\"breadcrumb\":{\"@id\":\"https:\/\/www.sellerlogic.com\/lv\/resources\/success-story-meinemarkenmode\/#breadcrumb\"},\"inLanguage\":\"lv\",\"potentialAction\":[{\"@type\":\"ReadAction\",\"target\":[\"https:\/\/www.sellerlogic.com\/lv\/resources\/success-story-meinemarkenmode\/\"]}]},{\"@type\":\"ImageObject\",\"inLanguage\":\"lv\",\"@id\":\"https:\/\/www.sellerlogic.com\/lv\/resources\/success-story-meinemarkenmode\/#primaryimage\",\"url\":\"https:\/\/www.sellerlogic.com\/wp-content\/uploads\/2020\/12\/MMM-Logo_2-844x154.png\",\"contentUrl\":\"https:\/\/www.sellerlogic.com\/wp-content\/uploads\/2020\/12\/MMM-Logo_2-844x154.png\"},{\"@type\":\"BreadcrumbList\",\"@id\":\"https:\/\/www.sellerlogic.com\/lv\/resources\/success-story-meinemarkenmode\/#breadcrumb\",\"itemListElement\":[{\"@type\":\"ListItem\",\"position\":1,\"name\":\"Home\",\"item\":\"https:\/\/www.sellerlogic.com\/lv\/\"},{\"@type\":\"ListItem\",\"position\":2,\"name\":\"Resursi EN\",\"item\":\"https:\/\/www.sellerlogic.com\/lv\/resources\/\"},{\"@type\":\"ListItem\",\"position\":3,\"name\":\"Success Story: meinemarkenmode.de EN\"}]},{\"@type\":\"WebSite\",\"@id\":\"https:\/\/www.sellerlogic.com\/lv\/#website\",\"url\":\"https:\/\/www.sellerlogic.com\/lv\/\",\"name\":\"SELLERLOGIC - Smarte Tools f\u00fcr Amazon-Seller\",\"description\":\"Intelligente Prozessoptimierung und Gewinnmaximierung\",\"publisher\":{\"@id\":\"https:\/\/www.sellerlogic.com\/lv\/#organization\"},\"potentialAction\":[{\"@type\":\"SearchAction\",\"target\":{\"@type\":\"EntryPoint\",\"urlTemplate\":\"https:\/\/www.sellerlogic.com\/lv\/?s={search_term_string}\"},\"query-input\":{\"@type\":\"PropertyValueSpecification\",\"valueRequired\":true,\"valueName\":\"search_term_string\"}}],\"inLanguage\":\"lv\"},{\"@type\":\"Organization\",\"@id\":\"https:\/\/www.sellerlogic.com\/lv\/#organization\",\"name\":\"SELLERLOGIC\",\"url\":\"https:\/\/www.sellerlogic.com\/lv\/\",\"logo\":{\"@type\":\"ImageObject\",\"inLanguage\":\"lv\",\"@id\":\"https:\/\/www.sellerlogic.com\/lv\/#\/schema\/logo\/image\/\",\"url\":\"https:\/\/d2bw95mh2ee04s.cloudfront.net\/prod\/content\/wp-content\/uploads\/2025\/01\/02134814\/Property-Logo-Main.svg\",\"contentUrl\":\"https:\/\/d2bw95mh2ee04s.cloudfront.net\/prod\/content\/wp-content\/uploads\/2025\/01\/02134814\/Property-Logo-Main.svg\",\"width\":184,\"height\":40,\"caption\":\"SELLERLOGIC\"},\"image\":{\"@id\":\"https:\/\/www.sellerlogic.com\/lv\/#\/schema\/logo\/image\/\"},\"sameAs\":[\"https:\/\/www.facebook.com\/SellerLogic\/\",\"https:\/\/x.com\/sellerlogic\",\"https:\/\/www.instagram.com\/sellerlogic\/\",\"https:\/\/www.linkedin.com\/company\/18402037\/\",\"https:\/\/www.youtube.com\/channel\/UC-gULUur-fNj08sprantKsQ\"]}]}<\/script>\n<!-- \/ Yoast SEO plugin. -->","yoast_head_json":{"title":"K\u0101 ieg\u016bt 6 ciparu kompens\u0101ciju no Amazon | SELLERLOGIC","description":"SELLERLOGIC Lost & Found analiz\u0113 visus FBA k\u013c\u016bdas. Lasiet \u0161eit, k\u0101 meinmarkenmode.de ieguva kompens\u0101cijas, kuru v\u0113rt\u012bba ir vienas \u0123imenes m\u0101jas!","robots":{"index":"index","follow":"follow","max-snippet":"max-snippet:-1","max-image-preview":"max-image-preview:large","max-video-preview":"max-video-preview:-1"},"canonical":"https:\/\/www.sellerlogic.com\/lv\/resources\/success-story-meinemarkenmode\/","og_locale":"lv_LV","og_type":"article","og_title":"K\u0101 ieg\u016bt 6 ciparu kompens\u0101ciju no Amazon | SELLERLOGIC","og_description":"SELLERLOGIC Lost & Found analiz\u0113 visus FBA k\u013c\u016bdas. Lasiet \u0161eit, k\u0101 meinmarkenmode.de ieguva kompens\u0101cijas, kuru v\u0113rt\u012bba ir vienas \u0123imenes m\u0101jas!","og_url":"https:\/\/www.sellerlogic.com\/lv\/resources\/success-story-meinemarkenmode\/","og_site_name":"SELLERLOGIC - Smarte Tools f\u00fcr Amazon-Seller","article_publisher":"https:\/\/www.facebook.com\/SellerLogic\/","og_image":[{"url":"https:\/\/www.sellerlogic.com\/wp-content\/uploads\/2020\/12\/MMM-Logo_2-844x154.png","type":"","width":"","height":""}],"twitter_card":"summary_large_image","twitter_site":"@sellerlogic","twitter_misc":{"Est. reading time":"3 minutes"},"schema":{"@context":"https:\/\/schema.org","@graph":[{"@type":"WebPage","@id":"https:\/\/www.sellerlogic.com\/lv\/resources\/success-story-meinemarkenmode\/","url":"https:\/\/www.sellerlogic.com\/lv\/resources\/success-story-meinemarkenmode\/","name":"K\u0101 ieg\u016bt 6 ciparu kompens\u0101ciju no Amazon | SELLERLOGIC","isPartOf":{"@id":"https:\/\/www.sellerlogic.com\/lv\/#website"},"primaryImageOfPage":{"@id":"https:\/\/www.sellerlogic.com\/lv\/resources\/success-story-meinemarkenmode\/#primaryimage"},"image":{"@id":"https:\/\/www.sellerlogic.com\/lv\/resources\/success-story-meinemarkenmode\/#primaryimage"},"thumbnailUrl":"https:\/\/www.sellerlogic.com\/wp-content\/uploads\/2020\/12\/MMM-Logo_2-844x154.png","datePublished":"2020-12-18T08:11:11+00:00","description":"SELLERLOGIC Lost & Found analiz\u0113 visus FBA k\u013c\u016bdas. Lasiet \u0161eit, k\u0101 meinmarkenmode.de ieguva kompens\u0101cijas, kuru v\u0113rt\u012bba ir vienas \u0123imenes m\u0101jas!","breadcrumb":{"@id":"https:\/\/www.sellerlogic.com\/lv\/resources\/success-story-meinemarkenmode\/#breadcrumb"},"inLanguage":"lv","potentialAction":[{"@type":"ReadAction","target":["https:\/\/www.sellerlogic.com\/lv\/resources\/success-story-meinemarkenmode\/"]}]},{"@type":"ImageObject","inLanguage":"lv","@id":"https:\/\/www.sellerlogic.com\/lv\/resources\/success-story-meinemarkenmode\/#primaryimage","url":"https:\/\/www.sellerlogic.com\/wp-content\/uploads\/2020\/12\/MMM-Logo_2-844x154.png","contentUrl":"https:\/\/www.sellerlogic.com\/wp-content\/uploads\/2020\/12\/MMM-Logo_2-844x154.png"},{"@type":"BreadcrumbList","@id":"https:\/\/www.sellerlogic.com\/lv\/resources\/success-story-meinemarkenmode\/#breadcrumb","itemListElement":[{"@type":"ListItem","position":1,"name":"Home","item":"https:\/\/www.sellerlogic.com\/lv\/"},{"@type":"ListItem","position":2,"name":"Resursi EN","item":"https:\/\/www.sellerlogic.com\/lv\/resources\/"},{"@type":"ListItem","position":3,"name":"Success Story: meinemarkenmode.de EN"}]},{"@type":"WebSite","@id":"https:\/\/www.sellerlogic.com\/lv\/#website","url":"https:\/\/www.sellerlogic.com\/lv\/","name":"SELLERLOGIC - Smarte Tools f\u00fcr Amazon-Seller","description":"Intelligente Prozessoptimierung und Gewinnmaximierung","publisher":{"@id":"https:\/\/www.sellerlogic.com\/lv\/#organization"},"potentialAction":[{"@type":"SearchAction","target":{"@type":"EntryPoint","urlTemplate":"https:\/\/www.sellerlogic.com\/lv\/?s={search_term_string}"},"query-input":{"@type":"PropertyValueSpecification","valueRequired":true,"valueName":"search_term_string"}}],"inLanguage":"lv"},{"@type":"Organization","@id":"https:\/\/www.sellerlogic.com\/lv\/#organization","name":"SELLERLOGIC","url":"https:\/\/www.sellerlogic.com\/lv\/","logo":{"@type":"ImageObject","inLanguage":"lv","@id":"https:\/\/www.sellerlogic.com\/lv\/#\/schema\/logo\/image\/","url":"https:\/\/d2bw95mh2ee04s.cloudfront.net\/prod\/content\/wp-content\/uploads\/2025\/01\/02134814\/Property-Logo-Main.svg","contentUrl":"https:\/\/d2bw95mh2ee04s.cloudfront.net\/prod\/content\/wp-content\/uploads\/2025\/01\/02134814\/Property-Logo-Main.svg","width":184,"height":40,"caption":"SELLERLOGIC"},"image":{"@id":"https:\/\/www.sellerlogic.com\/lv\/#\/schema\/logo\/image\/"},"sameAs":["https:\/\/www.facebook.com\/SellerLogic\/","https:\/\/x.com\/sellerlogic","https:\/\/www.instagram.com\/sellerlogic\/","https:\/\/www.linkedin.com\/company\/18402037\/","https:\/\/www.youtube.com\/channel\/UC-gULUur-fNj08sprantKsQ"]}]}},"_links":{"self":[{"href":"https:\/\/www.sellerlogic.com\/lv\/wp-json\/wp\/v2\/pages\/111660","targetHints":{"allow":["GET"]}}],"collection":[{"href":"https:\/\/www.sellerlogic.com\/lv\/wp-json\/wp\/v2\/pages"}],"about":[{"href":"https:\/\/www.sellerlogic.com\/lv\/wp-json\/wp\/v2\/types\/page"}],"author":[{"embeddable":true,"href":"https:\/\/www.sellerlogic.com\/lv\/wp-json\/wp\/v2\/users\/3"}],"replies":[{"embeddable":true,"href":"https:\/\/www.sellerlogic.com\/lv\/wp-json\/wp\/v2\/comments?post=111660"}],"version-history":[{"count":0,"href":"https:\/\/www.sellerlogic.com\/lv\/wp-json\/wp\/v2\/pages\/111660\/revisions"}],"up":[{"embeddable":true,"href":"https:\/\/www.sellerlogic.com\/lv\/wp-json\/wp\/v2\/pages\/111675"}],"wp:attachment":[{"href":"https:\/\/www.sellerlogic.com\/lv\/wp-json\/wp\/v2\/media?parent=111660"}],"curies":[{"name":"wp","href":"https:\/\/api.w.org\/{rel}","templated":true}]}}