
{"id":111663,"date":"2020-12-09T14:09:30","date_gmt":"2020-12-09T14:09:30","guid":{"rendered":"https:\/\/127.0.0.1\/resources\/download-factsheet-repricer\/"},"modified":"2020-12-09T14:09:30","modified_gmt":"2020-12-09T14:09:30","slug":"download-factsheet-repricer","status":"publish","type":"page","link":"https:\/\/www.sellerlogic.com\/lv\/resources\/download-factsheet-repricer\/","title":{"rendered":"Lejupiel\u0101d\u0113t faktu lapu Repricer"},"content":{"rendered":"\n\t<div  class=\"theme-wp-block theme-block-main-header desktop-align-full xl-align-full lg-align-full md-align-full sm-align-full desktop-content-align-y-center desktop-content-align-x-center xl-content-align-y-center xl-content-align-x-center lg-content-align-y-center lg-content-align-x-center md-content-align-y-center md-content-align-x-center sm-content-align-y-center sm-content-align-x-center desktop-gb-has-no-icon xl-gb-has-no-icon lg-gb-has-no-icon md-gb-has-no-icon sm-gb-has-no-icon gb-responsive-537623-identifier is-style-default theme-block-cover\">\n\t\t<div class=\"bg-cover theme-lazy-load-bg\"><\/div>\n\t\t<div class=\"wrap-content-main-header\">\n\t\t\t\t\t<div  class=\"theme-wp-block theme-block-text-and-text desktop-align-wide xl-align-wide lg-align-wide md-align-wide sm-align-wide desktop-gb-has-no-icon xl-gb-has-no-icon lg-gb-has-no-icon md-gb-has-no-icon sm-gb-has-no-icon desktop-blockDirection-row xl-blockDirection-row lg-blockDirection-row md-blockDirection-row sm-blockDirection-row gb-responsive-557074-identifier alignwide\">\n\t\t<div class=\"tat-column-wrap-wrapper\">\n\t\t\t<div class=\"tat-column-wrapper\">\n\t\t\t\t\t<div  class=\"theme-wp-block theme-block-text-and-text-column desktop-gb-has-no-icon xl-gb-has-no-icon lg-gb-has-no-icon md-gb-has-no-icon sm-gb-has-no-icon gb-responsive-901442-identifier desktop-horizontal-center xl-horizontal-center lg-horizontal-center md-horizontal-center sm-horizontal-center\">\n\t\t<div class=\"inner-wrap-column-content\">\n\t\t\t<div class=\"inner-column-content\">\n\t\t\t\t\t\t<h1 id=\"block-12e198b5-f8eb-4a3c-9e0c-18467e9637af\" class=\"theme-wp-block theme-block-heading desktop-gb-has-no-icon xl-gb-has-no-icon lg-gb-has-no-icon md-gb-has-no-icon sm-gb-has-no-icon desktop-text-center xl-text-center lg-text-center md-text-center sm-text-center gb-responsive-378554-identifier h1\">\n\t\tSELLERLOGIC Repricer Amazonam\t<\/h1>\n\n\t\t<h2 id=\"block-12e198b5-f8eb-4a3c-9e0c-18467e9637af\" class=\"theme-wp-block theme-block-heading desktop-text-center xl-text-center lg-text-center md-text-center sm-text-center gb-responsive-844401-identifier h2\">\n\t\tDinamisks, pa\u0161m\u0101c\u012bbas cenu noteik\u0161ana\t<\/h2>\n\n\t\t\t<\/div>\n\t\t<\/div>\n\t<\/div>\n\t<div  class=\"theme-wp-block theme-block-text-and-text-column desktop-gb-has-no-icon xl-gb-has-no-icon lg-gb-has-no-icon md-gb-has-no-icon sm-gb-has-no-icon gb-responsive-971381-identifier\">\n\t\t<div class=\"inner-wrap-column-content\">\n\t\t\t<div class=\"inner-column-content\">\n\t\t\t\t\t\t\t<\/div>\n\t\t<\/div>\n\t<\/div>\n\t\t\t<\/div>\n\t\t<\/div>\n\t<\/div>\n\n\t\t<\/div>\n\t<\/div>\n\n<div style=\"height:50px\" aria-hidden=\"true\" class=\"theme-wp-block wp-block-spacer\"><\/div>\t\t<div  class=\"theme-wp-block theme-block-text-and-text desktop-blockDirection-row xl-blockDirection-row lg-blockDirection-row md-blockDirection-row gb-responsive-91863-identifier sm-blockDirection-column\">\n\t\t<div class=\"tat-column-wrap-wrapper\">\n\t\t\t<div class=\"tat-column-wrapper\">\n\t\t\t\t\t<div  class=\"theme-wp-block theme-block-text-and-text-column gb-responsive-724792-identifier\">\n\t\t<div class=\"inner-wrap-column-content\">\n\t\t\t<div class=\"inner-column-content\">\n\t\t\t\t\t\t<h2  class=\"theme-wp-block theme-block-heading gb-responsive-276790-identifier is-style-default h3\">\n\t\tVeiksm\u012bgas receptes Amazon p\u0101rdev\u0113jiem: Lab\u0101k\u0101 cena Buy Box\t<\/h2>\n\n<p class=\"theme-wp-block is-style-default gb-responsive-488408-identifier\">Amazon\u0101 100,000 p\u0101rdev\u0113ju sacen\u0161as par k\u0101roto iepirkumu groza lauku (ang\u013cu: Buy Box). \u0160\u012b c\u012b\u0146a notiek intens\u012bvi, \u0146emot v\u0113r\u0101, ka Amazon neatkl\u0101j faktorus, kas tiek izmantoti, lai noteiktu Buy Box.<\/p><p class=\"theme-wp-block is-style-default gb-responsive-712622-identifier\">Daudzi no faktoriem nav tie\u0161i p\u0101rdev\u0113ja kontrol\u0113. Tom\u0113r viens noteikti ir: CENA.<\/p>\t\t<h3  class=\"theme-wp-block theme-block-heading gb-responsive-764810-identifier is-style-default h3\">\n\t\tNevis ar zem\u0101ko cenu, bet ar optim\u0101lo.\t<\/h3>\n\n<p class=\"theme-wp-block is-style-default gb-responsive-924998-identifier\">Atkar\u012bb\u0101 no snieguma statusa, SELLERLOGIC Repricer Amazonam vispirms nosaka cenu, pie kuras Amazon p\u0101rdev\u0113js ieg\u016bst Buy Box. Kad tas ir sasniegts, cena tiek t\u0101l\u0101k optimiz\u0113ta. \u0160\u0101d\u0101 veid\u0101 Buy Box netiek ieg\u016bts ar zem\u0101ko cenu, bet ar iesp\u0113jami augst\u0101ko cenu.<\/p><p class=\"theme-wp-block is-style-default gb-responsive-79005-identifier\">Kas at\u0161\u0137ir SELLERLOGIC Repricer Amazonam no citiem cenu piel\u0101got\u0101jiem un kuras strat\u0113\u0123ijas var pal\u012bdz\u0113t jums ieg\u016bt Buy Box sev, var atrast m\u016bsu faktu lap\u0101.<\/p><div class=\"theme-wp-block wp-block-buttons gb-responsive-998044-identifier is-layout-flex wp-block-buttons-is-layout-flex\"><div class=\"theme-wp-block wp-block-button gb-responsive-547103-identifier is-style-theme-blue\"><a class=\"wp-block-button__link wp-element-button\" href=\"https:\/\/d2bw95mh2ee04s.cloudfront.net\/prod\/content\/files\/FACTSHEETS\/DE\/FactSheet_Repricer.pdf\" target=\"_blank\" rel=\"noreferrer noopener nofollow\"><strong>Lejupiel\u0101d\u0113t faktu lapu tagad<\/strong>!<\/a><\/div><\/div>\t\t\t<\/div>\n\t\t<\/div>\n\t<\/div>\n\t<div  class=\"theme-wp-block theme-block-text-and-text-column gb-responsive-626207-identifier\">\n\t\t<div class=\"inner-wrap-column-content\">\n\t\t\t<div class=\"inner-column-content\">\n\t\t\t\t<figure class=\"theme-wp-block wp-block-image size-large is-resized gb-responsive-773053-identifier is-style-default\"><img decoding=\"async\" width=\"476\" height=\"674\" src=\"https:\/\/d2bw95mh2ee04s.cloudfront.net\/prod\/content\/wp-content\/uploads\/2020\/12\/23140627\/factsheet_repricer.gif\" alt=\"Lejupiel\u0101d\u0113t faktu lapu Repricer\" class=\"wp-image-4477\" style=\"width:407px;height:576px\"><\/figure>\t\t\t<\/div>\n\t\t<\/div>\n\t<\/div>\n\t\t\t<\/div>\n\t\t<\/div>\n\t<\/div>\n\n<div style=\"height:50px\" aria-hidden=\"true\" class=\"theme-wp-block wp-block-spacer\"><\/div>","protected":false},"excerpt":{"rendered":"","protected":false},"author":8,"featured_media":4489,"parent":111675,"menu_order":0,"comment_status":"closed","ping_status":"closed","template":"","meta":{"sidebar_recommended_resources":{"data":[]},"sidebar_header_settings":{"hide_buttons":{"register":false}},"_use_new_theme":false,"inline_featured_image":false,"footnotes":""},"class_list":["post-111663","page","type-page","status-publish","has-post-thumbnail","hentry"],"yoast_head":"<!-- This site is optimized with the Yoast SEO plugin v26.8 - https:\/\/yoast.com\/product\/yoast-seo-wordpress\/ -->\n<title>SELLERLOGIC - Lejupiel\u0101d\u0113t faktu lapu: SELLERLOGIC Repricer Amazonam<\/title>\n<meta name=\"description\" content=\"\u012asi un kodol\u012bgi viss par SELLERLOGIC Repricer Amazonam \u2013 Dinamisk\u0101, pa\u0161m\u0101c\u012bbas cenu noteik\u0161ana, lai ieg\u016btu Buy Box.\" \/>\n<meta name=\"robots\" content=\"index, follow, max-snippet:-1, max-image-preview:large, max-video-preview:-1\" \/>\n<link rel=\"canonical\" href=\"https:\/\/www.sellerlogic.com\/lv\/resources\/download-factsheet-repricer\/\" \/>\n<meta property=\"og:locale\" content=\"lv_LV\" \/>\n<meta property=\"og:type\" content=\"article\" \/>\n<meta property=\"og:title\" content=\"SELLERLOGIC - Lejupiel\u0101d\u0113t faktu lapu: SELLERLOGIC Repricer Amazonam\" \/>\n<meta property=\"og:description\" content=\"\u012asi un kodol\u012bgi viss par SELLERLOGIC Repricer Amazonam \u2013 Dinamisk\u0101, pa\u0161m\u0101c\u012bbas cenu noteik\u0161ana, lai ieg\u016btu Buy Box.\" \/>\n<meta property=\"og:url\" content=\"https:\/\/www.sellerlogic.com\/lv\/resources\/download-factsheet-repricer\/\" \/>\n<meta property=\"og:site_name\" content=\"SELLERLOGIC - Smarte Tools f\u00fcr Amazon-Seller\" \/>\n<meta property=\"article:publisher\" content=\"https:\/\/www.facebook.com\/SellerLogic\/\" \/>\n<meta property=\"og:image\" content=\"https:\/\/d2bw95mh2ee04s.cloudfront.net\/prod\/content\/wp-content\/uploads\/2020\/12\/23140626\/blog-min.jpg\" \/>\n\t<meta property=\"og:image:width\" content=\"844\" \/>\n\t<meta property=\"og:image:height\" content=\"302\" \/>\n\t<meta property=\"og:image:type\" content=\"image\/jpeg\" \/>\n<meta name=\"twitter:card\" content=\"summary_large_image\" \/>\n<meta name=\"twitter:site\" content=\"@sellerlogic\" \/>\n<meta name=\"twitter:label1\" content=\"Est. reading time\" \/>\n\t<meta name=\"twitter:data1\" content=\"1 minute\" \/>\n<script type=\"application\/ld+json\" class=\"yoast-schema-graph\">{\"@context\":\"https:\/\/schema.org\",\"@graph\":[{\"@type\":\"WebPage\",\"@id\":\"https:\/\/www.sellerlogic.com\/lv\/resources\/download-factsheet-repricer\/\",\"url\":\"https:\/\/www.sellerlogic.com\/lv\/resources\/download-factsheet-repricer\/\",\"name\":\"SELLERLOGIC - Lejupiel\u0101d\u0113t faktu lapu: SELLERLOGIC Repricer Amazonam\",\"isPartOf\":{\"@id\":\"https:\/\/www.sellerlogic.com\/lv\/#website\"},\"primaryImageOfPage\":{\"@id\":\"https:\/\/www.sellerlogic.com\/lv\/resources\/download-factsheet-repricer\/#primaryimage\"},\"image\":{\"@id\":\"https:\/\/www.sellerlogic.com\/lv\/resources\/download-factsheet-repricer\/#primaryimage\"},\"thumbnailUrl\":\"https:\/\/d2bw95mh2ee04s.cloudfront.net\/prod\/content\/wp-content\/uploads\/2020\/12\/23140626\/blog-min.jpg\",\"datePublished\":\"2020-12-09T14:09:30+00:00\",\"description\":\"\u012asi un kodol\u012bgi viss par SELLERLOGIC Repricer Amazonam \u2013 Dinamisk\u0101, pa\u0161m\u0101c\u012bbas cenu noteik\u0161ana, lai ieg\u016btu Buy Box.\",\"breadcrumb\":{\"@id\":\"https:\/\/www.sellerlogic.com\/lv\/resources\/download-factsheet-repricer\/#breadcrumb\"},\"inLanguage\":\"lv\",\"potentialAction\":[{\"@type\":\"ReadAction\",\"target\":[\"https:\/\/www.sellerlogic.com\/lv\/resources\/download-factsheet-repricer\/\"]}]},{\"@type\":\"ImageObject\",\"inLanguage\":\"lv\",\"@id\":\"https:\/\/www.sellerlogic.com\/lv\/resources\/download-factsheet-repricer\/#primaryimage\",\"url\":\"https:\/\/d2bw95mh2ee04s.cloudfront.net\/prod\/content\/wp-content\/uploads\/2020\/12\/23140626\/blog-min.jpg\",\"contentUrl\":\"https:\/\/d2bw95mh2ee04s.cloudfront.net\/prod\/content\/wp-content\/uploads\/2020\/12\/23140626\/blog-min.jpg\",\"width\":844,\"height\":302},{\"@type\":\"BreadcrumbList\",\"@id\":\"https:\/\/www.sellerlogic.com\/lv\/resources\/download-factsheet-repricer\/#breadcrumb\",\"itemListElement\":[{\"@type\":\"ListItem\",\"position\":1,\"name\":\"Home\",\"item\":\"https:\/\/www.sellerlogic.com\/lv\/\"},{\"@type\":\"ListItem\",\"position\":2,\"name\":\"Resursi EN\",\"item\":\"https:\/\/www.sellerlogic.com\/lv\/resources\/\"},{\"@type\":\"ListItem\",\"position\":3,\"name\":\"Lejupiel\u0101d\u0113t faktu lapu Repricer\"}]},{\"@type\":\"WebSite\",\"@id\":\"https:\/\/www.sellerlogic.com\/lv\/#website\",\"url\":\"https:\/\/www.sellerlogic.com\/lv\/\",\"name\":\"SELLERLOGIC - Smarte Tools f\u00fcr Amazon-Seller\",\"description\":\"Intelligente Prozessoptimierung und Gewinnmaximierung\",\"publisher\":{\"@id\":\"https:\/\/www.sellerlogic.com\/lv\/#organization\"},\"potentialAction\":[{\"@type\":\"SearchAction\",\"target\":{\"@type\":\"EntryPoint\",\"urlTemplate\":\"https:\/\/www.sellerlogic.com\/lv\/?s={search_term_string}\"},\"query-input\":{\"@type\":\"PropertyValueSpecification\",\"valueRequired\":true,\"valueName\":\"search_term_string\"}}],\"inLanguage\":\"lv\"},{\"@type\":\"Organization\",\"@id\":\"https:\/\/www.sellerlogic.com\/lv\/#organization\",\"name\":\"SELLERLOGIC\",\"url\":\"https:\/\/www.sellerlogic.com\/lv\/\",\"logo\":{\"@type\":\"ImageObject\",\"inLanguage\":\"lv\",\"@id\":\"https:\/\/www.sellerlogic.com\/lv\/#\/schema\/logo\/image\/\",\"url\":\"https:\/\/d2bw95mh2ee04s.cloudfront.net\/prod\/content\/wp-content\/uploads\/2025\/01\/02134814\/Property-Logo-Main.svg\",\"contentUrl\":\"https:\/\/d2bw95mh2ee04s.cloudfront.net\/prod\/content\/wp-content\/uploads\/2025\/01\/02134814\/Property-Logo-Main.svg\",\"width\":184,\"height\":40,\"caption\":\"SELLERLOGIC\"},\"image\":{\"@id\":\"https:\/\/www.sellerlogic.com\/lv\/#\/schema\/logo\/image\/\"},\"sameAs\":[\"https:\/\/www.facebook.com\/SellerLogic\/\",\"https:\/\/x.com\/sellerlogic\",\"https:\/\/www.instagram.com\/sellerlogic\/\",\"https:\/\/www.linkedin.com\/company\/18402037\/\",\"https:\/\/www.youtube.com\/channel\/UC-gULUur-fNj08sprantKsQ\"]}]}<\/script>\n<!-- \/ Yoast SEO plugin. -->","yoast_head_json":{"title":"SELLERLOGIC - Lejupiel\u0101d\u0113t faktu lapu: SELLERLOGIC Repricer Amazonam","description":"\u012asi un kodol\u012bgi viss par SELLERLOGIC Repricer Amazonam \u2013 Dinamisk\u0101, pa\u0161m\u0101c\u012bbas cenu noteik\u0161ana, lai ieg\u016btu Buy Box.","robots":{"index":"index","follow":"follow","max-snippet":"max-snippet:-1","max-image-preview":"max-image-preview:large","max-video-preview":"max-video-preview:-1"},"canonical":"https:\/\/www.sellerlogic.com\/lv\/resources\/download-factsheet-repricer\/","og_locale":"lv_LV","og_type":"article","og_title":"SELLERLOGIC - Lejupiel\u0101d\u0113t faktu lapu: SELLERLOGIC Repricer Amazonam","og_description":"\u012asi un kodol\u012bgi viss par SELLERLOGIC Repricer Amazonam \u2013 Dinamisk\u0101, pa\u0161m\u0101c\u012bbas cenu noteik\u0161ana, lai ieg\u016btu Buy Box.","og_url":"https:\/\/www.sellerlogic.com\/lv\/resources\/download-factsheet-repricer\/","og_site_name":"SELLERLOGIC - Smarte Tools f\u00fcr Amazon-Seller","article_publisher":"https:\/\/www.facebook.com\/SellerLogic\/","og_image":[{"width":844,"height":302,"url":"https:\/\/d2bw95mh2ee04s.cloudfront.net\/prod\/content\/wp-content\/uploads\/2020\/12\/23140626\/blog-min.jpg","type":"image\/jpeg"}],"twitter_card":"summary_large_image","twitter_site":"@sellerlogic","twitter_misc":{"Est. reading time":"1 minute"},"schema":{"@context":"https:\/\/schema.org","@graph":[{"@type":"WebPage","@id":"https:\/\/www.sellerlogic.com\/lv\/resources\/download-factsheet-repricer\/","url":"https:\/\/www.sellerlogic.com\/lv\/resources\/download-factsheet-repricer\/","name":"SELLERLOGIC - Lejupiel\u0101d\u0113t faktu lapu: SELLERLOGIC Repricer Amazonam","isPartOf":{"@id":"https:\/\/www.sellerlogic.com\/lv\/#website"},"primaryImageOfPage":{"@id":"https:\/\/www.sellerlogic.com\/lv\/resources\/download-factsheet-repricer\/#primaryimage"},"image":{"@id":"https:\/\/www.sellerlogic.com\/lv\/resources\/download-factsheet-repricer\/#primaryimage"},"thumbnailUrl":"https:\/\/d2bw95mh2ee04s.cloudfront.net\/prod\/content\/wp-content\/uploads\/2020\/12\/23140626\/blog-min.jpg","datePublished":"2020-12-09T14:09:30+00:00","description":"\u012asi un kodol\u012bgi viss par SELLERLOGIC Repricer Amazonam \u2013 Dinamisk\u0101, pa\u0161m\u0101c\u012bbas cenu noteik\u0161ana, lai ieg\u016btu Buy Box.","breadcrumb":{"@id":"https:\/\/www.sellerlogic.com\/lv\/resources\/download-factsheet-repricer\/#breadcrumb"},"inLanguage":"lv","potentialAction":[{"@type":"ReadAction","target":["https:\/\/www.sellerlogic.com\/lv\/resources\/download-factsheet-repricer\/"]}]},{"@type":"ImageObject","inLanguage":"lv","@id":"https:\/\/www.sellerlogic.com\/lv\/resources\/download-factsheet-repricer\/#primaryimage","url":"https:\/\/d2bw95mh2ee04s.cloudfront.net\/prod\/content\/wp-content\/uploads\/2020\/12\/23140626\/blog-min.jpg","contentUrl":"https:\/\/d2bw95mh2ee04s.cloudfront.net\/prod\/content\/wp-content\/uploads\/2020\/12\/23140626\/blog-min.jpg","width":844,"height":302},{"@type":"BreadcrumbList","@id":"https:\/\/www.sellerlogic.com\/lv\/resources\/download-factsheet-repricer\/#breadcrumb","itemListElement":[{"@type":"ListItem","position":1,"name":"Home","item":"https:\/\/www.sellerlogic.com\/lv\/"},{"@type":"ListItem","position":2,"name":"Resursi EN","item":"https:\/\/www.sellerlogic.com\/lv\/resources\/"},{"@type":"ListItem","position":3,"name":"Lejupiel\u0101d\u0113t faktu lapu Repricer"}]},{"@type":"WebSite","@id":"https:\/\/www.sellerlogic.com\/lv\/#website","url":"https:\/\/www.sellerlogic.com\/lv\/","name":"SELLERLOGIC - Smarte Tools f\u00fcr Amazon-Seller","description":"Intelligente Prozessoptimierung und Gewinnmaximierung","publisher":{"@id":"https:\/\/www.sellerlogic.com\/lv\/#organization"},"potentialAction":[{"@type":"SearchAction","target":{"@type":"EntryPoint","urlTemplate":"https:\/\/www.sellerlogic.com\/lv\/?s={search_term_string}"},"query-input":{"@type":"PropertyValueSpecification","valueRequired":true,"valueName":"search_term_string"}}],"inLanguage":"lv"},{"@type":"Organization","@id":"https:\/\/www.sellerlogic.com\/lv\/#organization","name":"SELLERLOGIC","url":"https:\/\/www.sellerlogic.com\/lv\/","logo":{"@type":"ImageObject","inLanguage":"lv","@id":"https:\/\/www.sellerlogic.com\/lv\/#\/schema\/logo\/image\/","url":"https:\/\/d2bw95mh2ee04s.cloudfront.net\/prod\/content\/wp-content\/uploads\/2025\/01\/02134814\/Property-Logo-Main.svg","contentUrl":"https:\/\/d2bw95mh2ee04s.cloudfront.net\/prod\/content\/wp-content\/uploads\/2025\/01\/02134814\/Property-Logo-Main.svg","width":184,"height":40,"caption":"SELLERLOGIC"},"image":{"@id":"https:\/\/www.sellerlogic.com\/lv\/#\/schema\/logo\/image\/"},"sameAs":["https:\/\/www.facebook.com\/SellerLogic\/","https:\/\/x.com\/sellerlogic","https:\/\/www.instagram.com\/sellerlogic\/","https:\/\/www.linkedin.com\/company\/18402037\/","https:\/\/www.youtube.com\/channel\/UC-gULUur-fNj08sprantKsQ"]}]}},"_links":{"self":[{"href":"https:\/\/www.sellerlogic.com\/lv\/wp-json\/wp\/v2\/pages\/111663","targetHints":{"allow":["GET"]}}],"collection":[{"href":"https:\/\/www.sellerlogic.com\/lv\/wp-json\/wp\/v2\/pages"}],"about":[{"href":"https:\/\/www.sellerlogic.com\/lv\/wp-json\/wp\/v2\/types\/page"}],"author":[{"embeddable":true,"href":"https:\/\/www.sellerlogic.com\/lv\/wp-json\/wp\/v2\/users\/8"}],"replies":[{"embeddable":true,"href":"https:\/\/www.sellerlogic.com\/lv\/wp-json\/wp\/v2\/comments?post=111663"}],"version-history":[{"count":0,"href":"https:\/\/www.sellerlogic.com\/lv\/wp-json\/wp\/v2\/pages\/111663\/revisions"}],"up":[{"embeddable":true,"href":"https:\/\/www.sellerlogic.com\/lv\/wp-json\/wp\/v2\/pages\/111675"}],"wp:featuredmedia":[{"embeddable":true,"href":"https:\/\/www.sellerlogic.com\/lv\/wp-json\/wp\/v2\/media\/4489"}],"wp:attachment":[{"href":"https:\/\/www.sellerlogic.com\/lv\/wp-json\/wp\/v2\/media?parent=111663"}],"curies":[{"name":"wp","href":"https:\/\/api.w.org\/{rel}","templated":true}]}}