
{"id":111684,"date":"2020-12-18T10:57:32","date_gmt":"2020-12-18T10:57:32","guid":{"rendered":"https:\/\/127.0.0.1\/resources\/success-story-sport-hesse\/"},"modified":"2020-12-18T10:57:32","modified_gmt":"2020-12-18T10:57:32","slug":"success-story-sport-hesse","status":"publish","type":"page","link":"https:\/\/www.sellerlogic.com\/lv\/resources\/success-story-sport-hesse\/","title":{"rendered":"Veiksm\u012bga st\u0101sts: Sport Hesse EN"},"content":{"rendered":"\n\t<div  class=\"theme-wp-block theme-block-main-header is-style-full-height desktop-align-full xl-align-full lg-align-full md-align-full sm-align-full desktop-content-align-y-center desktop-content-align-x-center xl-content-align-y-center xl-content-align-x-center lg-content-align-y-center lg-content-align-x-center md-content-align-y-center md-content-align-x-center sm-content-align-y-center sm-content-align-x-center gb-responsive-131969-identifier theme-block-cover\">\n\t\t<div class=\"bg-cover theme-lazy-load-bg\"><\/div>\n\t\t<div class=\"wrap-content-main-header\">\n\t\t\t\t\t<div  class=\"theme-wp-block theme-block-text-and-text desktop-blockDirection-row xl-blockDirection-row lg-blockDirection-row md-blockDirection-row sm-blockDirection-row gb-responsive-2306-identifier desktop-align-full xl-align-full lg-align-full md-align-full sm-align-full desktop-vertical-top xl-vertical-top lg-vertical-top md-vertical-top sm-vertical-top alignfull\">\n\t\t<div class=\"tat-column-wrap-wrapper\">\n\t\t\t<div class=\"tat-column-wrapper\">\n\t\t\t\t\t<div  class=\"theme-wp-block theme-block-text-and-text-column gb-responsive-708373-identifier\">\n\t\t<div class=\"inner-wrap-column-content\">\n\t\t\t<div class=\"inner-column-content\">\n\t\t\t\t\t\t<h1  class=\"theme-wp-block theme-block-heading is-style-default desktop-text-center xl-text-center lg-text-center md-text-center sm-text-center desktop-align-wide xl-align-wide lg-align-wide md-align-wide sm-align-wide gb-responsive-599464-identifier alignwide h1 has-text-align\">\n\t\tUzvara, izmantojot personaliz\u0113tu ekspert\u012bzi\t<\/h1>\n\n\t\t<h2  class=\"theme-wp-block theme-block-heading is-style-default desktop-text-center xl-text-center lg-text-center md-text-center sm-text-center desktop-align-wide xl-align-wide lg-align-wide md-align-wide sm-align-wide gb-responsive-17576-identifier alignwide h2 has-text-align\">\n\t\tSport-Hesse &#038; SELLERLOGIC\t<\/h2>\n\n\t\t\t<\/div>\n\t\t<\/div>\n\t<\/div>\n\t<div  class=\"theme-wp-block theme-block-text-and-text-column gb-responsive-976923-identifier\">\n\t\t<div class=\"inner-wrap-column-content\">\n\t\t\t<div class=\"inner-column-content\">\n\t\t\t\t\t\t\t<\/div>\n\t\t<\/div>\n\t<\/div>\n\t\t\t<\/div>\n\t\t<\/div>\n\t<\/div>\n\n\t\t<\/div>\n\t<\/div>\n\n<div style=\"height:50px\" aria-hidden=\"true\" class=\"theme-wp-block wp-block-spacer\"><\/div><div class=\"theme-wp-block wp-block-columns gb-responsive-759712-identifier is-layout-flex wp-container-core-columns-is-layout-9d6595d7 wp-block-columns-is-layout-flex\"><div class=\"theme-wp-block wp-block-column gb-responsive-24590-identifier is-layout-flow wp-block-column-is-layout-flow\" style=\"flex-basis:25%\"><figure class=\"theme-wp-block wp-block-image size-large is-resized gb-responsive-62921-identifier\"><img decoding=\"async\" width=\"500\" height=\"357\" src=\"https:\/\/d2bw95mh2ee04s.cloudfront.net\/prod\/content\/wp-content\/uploads\/2020\/12\/23142723\/logo-sport-hesse.png\" alt=\"Veiksm\u012bga st\u0101sts: Sport Hesse EN\" class=\"wp-image-4836\" style=\"width:176px;height:125px\" srcset=\"https:\/\/d2bw95mh2ee04s.cloudfront.net\/prod\/content\/wp-content\/uploads\/2020\/12\/23142723\/logo-sport-hesse-407x291.png 407w, https:\/\/d2bw95mh2ee04s.cloudfront.net\/prod\/content\/wp-content\/uploads\/2020\/12\/23142723\/logo-sport-hesse.png 500w\" sizes=\"(max-width: 500px) 100vw, 500px\" \/><\/figure><p class=\"theme-wp-block gb-responsive-160011-identifier\"><strong>Pamats:<\/strong><br>1984<\/p><p class=\"theme-wp-block gb-responsive-297884-identifier\"><strong>Nozare:<\/strong><br>Sporta apr\u012bkojums, komandas sporta veidi, sporta z\u012bmoli<\/p><p class=\"theme-wp-block gb-responsive-938889-identifier\"><strong>Preces Amazon:\u00a0<\/strong><br>aptuveni 6.000 SKUs<\/p><p class=\"theme-wp-block gb-responsive-337749-identifier\"><strong>Nos\u016bt\u012bjumi:<\/strong><br>aptuveni 30.000 m\u0113nes\u012b<\/p><\/div><div class=\"theme-wp-block wp-block-column gb-responsive-542944-identifier is-layout-flow wp-block-column-is-layout-flow\" style=\"flex-basis:50%\"><h3 class=\"theme-wp-block wp-block-heading gb-responsive-34353-identifier\" id=\"block-c06fce04-ef87-4ffc-a3d6-b768ba377d17\">Fons:<\/h3><p class=\"theme-wp-block gb-responsive-772271-identifier desktop-gb-has-no-icon xl-gb-has-no-icon lg-gb-has-no-icon md-gb-has-no-icon sm-gb-has-no-icon\">Kristofs J. Hesse s\u0101ka p\u0101rdot savu sporta apr\u012bkojumu tie\u0161i laukum\u0101 p\u0113c sp\u0113l\u0113m, kad v\u0113l stud\u0113ja biznesa ekonomiku. T\u0101 rad\u0101s ideja izveidot savu uz\u0146\u0113mumu. 1984. gad\u0101 Kristofs atv\u0113ra savu pirmo sporta pre\u010du veikalu ar tirdzniec\u012bbas plat\u012bbu 45 kvadr\u0101tmetri. Tikai da\u017eus gadus v\u0113l\u0101k vi\u0146iem bija j\u0101papla\u0161ina l\u012bdz 100 kvadr\u0101tmetriem, vispirms, un p\u0113c tam l\u012bdz 500 kvadr\u0101tmetriem. \u0160odien Sport-Hesse p\u0101rdod uz virsmas apm\u0113ram 1000 kvadr\u0101tmetru un ir \u013coti veiksm\u012bgs komandas sporta apr\u012bkojuma pieg\u0101d\u0101t\u0101js, ko izmanto klienti vis\u0101 pasaul\u0113.<\/p><h3 class=\"theme-wp-block wp-block-heading gb-responsive-530046-identifier desktop-gb-has-no-icon xl-gb-has-no-icon lg-gb-has-no-icon md-gb-has-no-icon sm-gb-has-no-icon\">S\u0101kums:<\/h3><p class=\"theme-wp-block gb-responsive-657993-identifier\">Kop\u0161 2014. gada uz\u0146\u0113mums ar\u012b p\u0101rdod savus produktus Amazon. Tas, kas s\u0101k\u0101s ar da\u017eiem futbola bumb\u0101m, galu gal\u0101 ir att\u012bst\u012bjies par PAN EU p\u0101rdo\u0161anu vis\u0101 Eirop\u0101. Ar apm\u0113ram 6,000 prec\u0113m Kristofs Hesse apzin\u0101j\u0101s, ka k\u013c\u016bdas noteikti notiks Amazon noliktav\u0101s.<\/p><p class=\"theme-wp-block gb-responsive-780031-identifier\">\u201cMums ir pla\u0161s produktu kl\u0101sts Amazon, un sal\u012bdzin\u0101t tik daudz starptautisko tirgu ir sare\u017e\u0123\u012bti un laikietilp\u012bgi,\u201d skaidro Kristofs. \u201cM\u0113s manu\u0101li analiz\u0113j\u0101m pieg\u0101des zi\u0146ojumus, jo apzin\u0101j\u0101mies pamatprobl\u0113mu, bet, \u0146emot v\u0113r\u0101 lielo laiku, kas tam nepiecie\u0161ams, m\u0113s var\u0113j\u0101m veikt uzraudz\u012bbu tikai neliel\u0101 apm\u0113r\u0101.\u201d<\/p><h3 class=\"theme-wp-block wp-block-heading gb-responsive-749842-identifier\">Risin\u0101jums:<\/h3><p class=\"theme-wp-block gb-responsive-642257-identifier desktop-gb-has-no-icon xl-gb-has-no-icon lg-gb-has-no-icon md-gb-has-no-icon sm-gb-has-no-icon\">Tad Kristofs piedal\u012bj\u0101s konferenc\u0113 Amazon p\u0101rdev\u0113jiem. T\u0101 k\u0101 vi\u0146\u0161 jau bija sa\u0146\u0113mis iel\u016bgumu no SELLERLOGIC attiec\u012bb\u0101 uz Lost &#038; Found risin\u0101jumu, vi\u0146\u0161 m\u016bs mekl\u0113ja un noklaus\u012bj\u0101s vienu no m\u016bsu konferen\u010du prezent\u0101cij\u0101m. \u201cDarbn\u012bca jau bija p\u0101rliecin\u0101jusi mani par Lost &#038; Found. Bet konstrukt\u012bv\u0101 diskusija ar run\u0101t\u0101ju p\u0113c tam bija \u0137irs\u012btis uz k\u016bkas un piln\u012bb\u0101 apstiprin\u0101ja manu pirmo iespaidu,\u201d atceras Kristofs. \u201cTikl\u012bdz atgriezos m\u0101j\u0101s, es re\u0123istr\u0113jos tie\u0161i.\u201d<\/p><div class=\"theme-block-group-wrap\"><div class=\"theme-wp-block wp-block-group gb-responsive-88118-identifier\">\t\t<div  class=\"theme-wp-block theme-block-user-card gb-responsive-799176-identifier is-style-full-width-line\">\n\t\t<div class=\"wrap-inner-content\">\n\t\t\t<div class=\"card-user-head\">\n\t\t\t\t<div class=\"card-user-avatar\">\n\t\t\t\t\t<div class=\"cover-avatar\" style=\"background-image: url(https:\/\/d2bw95mh2ee04s.cloudfront.net\/prod\/content\/wp-content\/uploads\/2020\/12\/23142724\/sport-hesse-raute.png);\"><\/div>\n\t\t\t\t<\/div>\n\t\t\t\t<div class=\"wrap-title\">\n\t\t\t\t\t<div class=\"card-user-name\">\n\t\t\t\t\t\t<div class=\"title\">\n\t\t\t\t\t\t\t<h3 class=\"heading-text\"><strong>Kristofs Hesse<\/strong><\/h3>\n\t\t\t\t\t\t<\/div>\n\t\t\t\t\t\t<div class=\"card-user-position\">\n\t\t\t\t\t\t\t<div class=\"card-text\"><strong>Sport-Hesse izpilddirektors<\/strong><\/div>\n\t\t\t\t\t\t<\/div>\n\t\t\t\t\t<\/div>\n\t\t\t\t\t<div class=\"card-user-quote-icon\">\n\t\t\t\t\t<\/div>\n\t\t\t\t<\/div>\n\t\t\t<\/div>\n\t\t\t<div class=\"card-user-text\">\n\t\t\t\t<div class=\"card-text\"><p>&#8220;SELLERLOGIC Lost &amp; Found ir vienk\u0101r\u0161i lielisks r\u012bks, viss perfekti der, darb\u012bba, atl\u012bdz\u012bbas, iek\u013cau\u0161ana un serviss! M\u0113s noteikti nev\u0113lamies atgriezties pie manu\u0101las iesp\u0113jamo atl\u012bdz\u012bbu pras\u012bbu izstr\u0101des.&#8221;<\/p><\/div>\n\t\t\t<\/div>\n\t\t<\/div>\n\t<\/div>\n\n<\/div><\/div><h3 class=\"theme-wp-block wp-block-heading gb-responsive-260858-identifier\">Veiksm\u012bgi rezult\u0101ti ar SELLERLOGIC:<\/h3><p class=\"theme-wp-block gb-responsive-536715-identifier desktop-gb-has-no-icon xl-gb-has-no-icon lg-gb-has-no-icon md-gb-has-no-icon sm-gb-has-no-icon\">Pat risin\u0101juma ievie\u0161ana p\u0101rsniedza vi\u0146a gaidas. Lai gan Kristofa personisk\u0101 pieredze ar SELLERLOGIC CSO konferenc\u0113 jau bija viss, kas vi\u0146am bija nepiecie\u0161ams, lai pie\u0146emtu l\u0113mumu, \u201cs\u0101kotn\u0113j\u0101 atl\u012bdz\u012bba mani tom\u0113r p\u0101rsteidza: Sport-Hesse sa\u0146\u0113ma 15,000 eiro atpaka\u013c no Amazon!\u201c.<\/p><p class=\"theme-wp-block gb-responsive-557617-identifier desktop-gb-has-no-icon xl-gb-has-no-icon lg-gb-has-no-icon md-gb-has-no-icon sm-gb-has-no-icon\">SELLERLOGIC sol\u012bjums ietaup\u012bt laiku un vieglu apstr\u0101di ar\u012b izr\u0101d\u012bj\u0101s patiess. \u201cVi\u0146i pied\u0101v\u0101 nevainojamu servisu &#8211; pat sestdien es sa\u0146\u0113mu atbildi no klientu atbalsta komandas!\u201d skaidro Kristofs. \u201cVisp\u0101r\u012bgi run\u0101jot, saskarsme ar klientu atbalsta komandu ir bijusi \u013coti pat\u012bkama. Vi\u0146iem vienm\u0113r ir pareiz\u0101 atbilde uz man\u0101m probl\u0113m\u0101m.\u201d<\/p><p class=\"theme-wp-block gb-responsive-570460-identifier desktop-gb-has-no-icon xl-gb-has-no-icon lg-gb-has-no-icon md-gb-has-no-icon sm-gb-has-no-icon\">\u201cR\u012bks pats par sevi darbojas \u013coti labi, jo operat\u012bv\u0101 sast\u0101vda\u013ca ir skaidra un to var viegli integr\u0113t sav\u0101 ikdienas rut\u012bn\u0101. Turkl\u0101t ir zin\u0101\u0161anu datub\u0101ze \u2013 kas, papildus klientu atbalsta komandai, ar\u012b ir \u013coti pal\u012bdz\u0113jusi, kad mums bija \u0161aubas vai jaut\u0101jumi.\u201d<\/p><p class=\"theme-wp-block gb-responsive-270774-identifier desktop-gb-has-no-icon xl-gb-has-no-icon lg-gb-has-no-icon md-gb-has-no-icon sm-gb-has-no-icon\">\u201cR\u012bka veiktsp\u0113ja ir vienk\u0101r\u0161i p\u0101rliecino\u0161a un piln\u012bb\u0101 attaisno cenu!\u201d apgalvo Kristofs. \u201cJebkur\u0101 gad\u012bjum\u0101 manu\u0101la p\u0101rbaude vairs nav probl\u0113ma Sport-Hesse.\u201d<\/p><div class=\"theme-wp-block wp-block-buttons gb-responsive-497426-identifier is-layout-flex wp-block-buttons-is-layout-flex\"><div class=\"theme-wp-block wp-block-button gb-responsive-38220-identifier is-style-theme-transparent-with-arrow\"><a class=\"wp-block-button__link wp-element-button\" href=\"https:\/\/d2bw95mh2ee04s.cloudfront.net\/prod\/content\/files\/SUCCESS-STORIES\/EN\/SELLERLOGIC_SN_Success-Story_Sport-Hesse_EN.pdf\" target=\"_blank\" rel=\"noreferrer noopener nofollow\">Lejupiel\u0101d\u0113t tagad!<\/a><\/div><\/div><\/div><div class=\"theme-wp-block wp-block-column gb-responsive-271329-identifier is-layout-flow wp-block-column-is-layout-flow\" style=\"flex-basis:25%\"><\/div><\/div>","protected":false},"excerpt":{"rendered":"<p>Pamats:1984 Nozare:Sporta apr\u012bkojums, komandas sporta veidi, sporta z\u012bmoli Preces Amazon:\u00a0aptuveni 6.000 SKUs Nos\u016bt\u012bjumi:aptuveni 30.000 m\u0113nes\u012b Fons: Kristofs J. Hesse s\u0101ka p\u0101rdot savu sporta apr\u012bkojumu tie\u0161i laukum\u0101 p\u0113c sp\u0113l\u0113m, kad v\u0113l stud\u0113ja biznesa ekonomiku. T\u0101 rad\u0101s ideja izveidot savu uz\u0146\u0113mumu. 1984. gad\u0101 Kristofs atv\u0113ra savu pirmo sporta pre\u010du veikalu ar tirdzniec\u012bbas plat\u012bbu 45 kvadr\u0101tmetri. Tikai da\u017eus<\/p>\n","protected":false},"author":3,"featured_media":4855,"parent":111675,"menu_order":0,"comment_status":"closed","ping_status":"closed","template":"","meta":{"sidebar_recommended_resources":{"data":[]},"sidebar_header_settings":{"hide_buttons":{"register":false}},"_use_new_theme":false,"inline_featured_image":false,"footnotes":""},"class_list":["post-111684","page","type-page","status-publish","has-post-thumbnail","hentry"],"yoast_head":"<!-- This site is optimized with the Yoast SEO plugin v26.8 - https:\/\/yoast.com\/product\/yoast-seo-wordpress\/ -->\n<title>K\u0101p\u0113c Lost &amp; Found p\u0101rliecin\u0101ja Sport-Hesse | SELLERLOGIC<\/title>\n<meta name=\"description\" content=\"\u201cVi\u0146iem vienm\u0113r ir pareiz\u0101 atbilde uz man\u0101m probl\u0113m\u0101m\u201c - K\u0101 Sport-Hesse sa\u0146\u0113ma 5 ciparu atl\u012bdz\u012bbu no Amazon, pateicoties Lost &amp; Found.\" \/>\n<meta name=\"robots\" content=\"index, follow, max-snippet:-1, max-image-preview:large, max-video-preview:-1\" \/>\n<link rel=\"canonical\" href=\"https:\/\/www.sellerlogic.com\/lv\/resources\/success-story-sport-hesse\/\" \/>\n<meta property=\"og:locale\" content=\"lv_LV\" \/>\n<meta property=\"og:type\" content=\"article\" \/>\n<meta property=\"og:title\" content=\"K\u0101p\u0113c Lost &amp; Found p\u0101rliecin\u0101ja Sport-Hesse | SELLERLOGIC\" \/>\n<meta property=\"og:description\" content=\"\u201cVi\u0146iem vienm\u0113r ir pareiz\u0101 atbilde uz man\u0101m probl\u0113m\u0101m\u201c - K\u0101 Sport-Hesse sa\u0146\u0113ma 5 ciparu atl\u012bdz\u012bbu no Amazon, pateicoties Lost &amp; Found.\" \/>\n<meta property=\"og:url\" content=\"https:\/\/www.sellerlogic.com\/lv\/resources\/success-story-sport-hesse\/\" \/>\n<meta property=\"og:site_name\" content=\"SELLERLOGIC - Smarte Tools f\u00fcr Amazon-Seller\" \/>\n<meta property=\"article:publisher\" content=\"https:\/\/www.facebook.com\/SellerLogic\/\" \/>\n<meta property=\"og:image\" content=\"http:\/\/d2bw95mh2ee04s.cloudfront.net\/prod\/content\/wp-content\/uploads\/2020\/12\/23142722\/sport-hesse-header-neu.jpeg\" \/>\n\t<meta property=\"og:image:width\" content=\"2500\" \/>\n\t<meta property=\"og:image:height\" content=\"1667\" \/>\n\t<meta property=\"og:image:type\" content=\"image\/jpeg\" \/>\n<meta name=\"twitter:card\" content=\"summary_large_image\" \/>\n<meta name=\"twitter:site\" content=\"@sellerlogic\" \/>\n<meta name=\"twitter:label1\" content=\"Est. reading time\" \/>\n\t<meta name=\"twitter:data1\" content=\"3 minutes\" \/>\n<script type=\"application\/ld+json\" class=\"yoast-schema-graph\">{\"@context\":\"https:\/\/schema.org\",\"@graph\":[{\"@type\":\"WebPage\",\"@id\":\"https:\/\/www.sellerlogic.com\/lv\/resources\/success-story-sport-hesse\/\",\"url\":\"https:\/\/www.sellerlogic.com\/lv\/resources\/success-story-sport-hesse\/\",\"name\":\"K\u0101p\u0113c Lost & Found p\u0101rliecin\u0101ja Sport-Hesse | SELLERLOGIC\",\"isPartOf\":{\"@id\":\"https:\/\/www.sellerlogic.com\/lv\/#website\"},\"primaryImageOfPage\":{\"@id\":\"https:\/\/www.sellerlogic.com\/lv\/resources\/success-story-sport-hesse\/#primaryimage\"},\"image\":{\"@id\":\"https:\/\/www.sellerlogic.com\/lv\/resources\/success-story-sport-hesse\/#primaryimage\"},\"thumbnailUrl\":\"https:\/\/d2bw95mh2ee04s.cloudfront.net\/prod\/content\/wp-content\/uploads\/2020\/12\/23142722\/sport-hesse-header-neu.jpeg\",\"datePublished\":\"2020-12-18T10:57:32+00:00\",\"description\":\"\u201cVi\u0146iem vienm\u0113r ir pareiz\u0101 atbilde uz man\u0101m probl\u0113m\u0101m\u201c - K\u0101 Sport-Hesse sa\u0146\u0113ma 5 ciparu atl\u012bdz\u012bbu no Amazon, pateicoties Lost & Found.\",\"breadcrumb\":{\"@id\":\"https:\/\/www.sellerlogic.com\/lv\/resources\/success-story-sport-hesse\/#breadcrumb\"},\"inLanguage\":\"lv\",\"potentialAction\":[{\"@type\":\"ReadAction\",\"target\":[\"https:\/\/www.sellerlogic.com\/lv\/resources\/success-story-sport-hesse\/\"]}]},{\"@type\":\"ImageObject\",\"inLanguage\":\"lv\",\"@id\":\"https:\/\/www.sellerlogic.com\/lv\/resources\/success-story-sport-hesse\/#primaryimage\",\"url\":\"https:\/\/d2bw95mh2ee04s.cloudfront.net\/prod\/content\/wp-content\/uploads\/2020\/12\/23142722\/sport-hesse-header-neu.jpeg\",\"contentUrl\":\"https:\/\/d2bw95mh2ee04s.cloudfront.net\/prod\/content\/wp-content\/uploads\/2020\/12\/23142722\/sport-hesse-header-neu.jpeg\",\"width\":2500,\"height\":1667,\"caption\":\"Sport-Hesse: Header\"},{\"@type\":\"BreadcrumbList\",\"@id\":\"https:\/\/www.sellerlogic.com\/lv\/resources\/success-story-sport-hesse\/#breadcrumb\",\"itemListElement\":[{\"@type\":\"ListItem\",\"position\":1,\"name\":\"Home\",\"item\":\"https:\/\/www.sellerlogic.com\/lv\/\"},{\"@type\":\"ListItem\",\"position\":2,\"name\":\"Resursi EN\",\"item\":\"https:\/\/www.sellerlogic.com\/lv\/resources\/\"},{\"@type\":\"ListItem\",\"position\":3,\"name\":\"Veiksm\u012bga st\u0101sts: Sport Hesse EN\"}]},{\"@type\":\"WebSite\",\"@id\":\"https:\/\/www.sellerlogic.com\/lv\/#website\",\"url\":\"https:\/\/www.sellerlogic.com\/lv\/\",\"name\":\"SELLERLOGIC - Smarte Tools f\u00fcr Amazon-Seller\",\"description\":\"Intelligente Prozessoptimierung und Gewinnmaximierung\",\"publisher\":{\"@id\":\"https:\/\/www.sellerlogic.com\/lv\/#organization\"},\"potentialAction\":[{\"@type\":\"SearchAction\",\"target\":{\"@type\":\"EntryPoint\",\"urlTemplate\":\"https:\/\/www.sellerlogic.com\/lv\/?s={search_term_string}\"},\"query-input\":{\"@type\":\"PropertyValueSpecification\",\"valueRequired\":true,\"valueName\":\"search_term_string\"}}],\"inLanguage\":\"lv\"},{\"@type\":\"Organization\",\"@id\":\"https:\/\/www.sellerlogic.com\/lv\/#organization\",\"name\":\"SELLERLOGIC\",\"url\":\"https:\/\/www.sellerlogic.com\/lv\/\",\"logo\":{\"@type\":\"ImageObject\",\"inLanguage\":\"lv\",\"@id\":\"https:\/\/www.sellerlogic.com\/lv\/#\/schema\/logo\/image\/\",\"url\":\"https:\/\/d2bw95mh2ee04s.cloudfront.net\/prod\/content\/wp-content\/uploads\/2025\/01\/02134814\/Property-Logo-Main.svg\",\"contentUrl\":\"https:\/\/d2bw95mh2ee04s.cloudfront.net\/prod\/content\/wp-content\/uploads\/2025\/01\/02134814\/Property-Logo-Main.svg\",\"width\":184,\"height\":40,\"caption\":\"SELLERLOGIC\"},\"image\":{\"@id\":\"https:\/\/www.sellerlogic.com\/lv\/#\/schema\/logo\/image\/\"},\"sameAs\":[\"https:\/\/www.facebook.com\/SellerLogic\/\",\"https:\/\/x.com\/sellerlogic\",\"https:\/\/www.instagram.com\/sellerlogic\/\",\"https:\/\/www.linkedin.com\/company\/18402037\/\",\"https:\/\/www.youtube.com\/channel\/UC-gULUur-fNj08sprantKsQ\"]}]}<\/script>\n<!-- \/ Yoast SEO plugin. -->","yoast_head_json":{"title":"K\u0101p\u0113c Lost & Found p\u0101rliecin\u0101ja Sport-Hesse | SELLERLOGIC","description":"\u201cVi\u0146iem vienm\u0113r ir pareiz\u0101 atbilde uz man\u0101m probl\u0113m\u0101m\u201c - K\u0101 Sport-Hesse sa\u0146\u0113ma 5 ciparu atl\u012bdz\u012bbu no Amazon, pateicoties Lost & Found.","robots":{"index":"index","follow":"follow","max-snippet":"max-snippet:-1","max-image-preview":"max-image-preview:large","max-video-preview":"max-video-preview:-1"},"canonical":"https:\/\/www.sellerlogic.com\/lv\/resources\/success-story-sport-hesse\/","og_locale":"lv_LV","og_type":"article","og_title":"K\u0101p\u0113c Lost & Found p\u0101rliecin\u0101ja Sport-Hesse | SELLERLOGIC","og_description":"\u201cVi\u0146iem vienm\u0113r ir pareiz\u0101 atbilde uz man\u0101m probl\u0113m\u0101m\u201c - K\u0101 Sport-Hesse sa\u0146\u0113ma 5 ciparu atl\u012bdz\u012bbu no Amazon, pateicoties Lost & Found.","og_url":"https:\/\/www.sellerlogic.com\/lv\/resources\/success-story-sport-hesse\/","og_site_name":"SELLERLOGIC - Smarte Tools f\u00fcr Amazon-Seller","article_publisher":"https:\/\/www.facebook.com\/SellerLogic\/","og_image":[{"width":2500,"height":1667,"url":"http:\/\/d2bw95mh2ee04s.cloudfront.net\/prod\/content\/wp-content\/uploads\/2020\/12\/23142722\/sport-hesse-header-neu.jpeg","type":"image\/jpeg"}],"twitter_card":"summary_large_image","twitter_site":"@sellerlogic","twitter_misc":{"Est. reading time":"3 minutes"},"schema":{"@context":"https:\/\/schema.org","@graph":[{"@type":"WebPage","@id":"https:\/\/www.sellerlogic.com\/lv\/resources\/success-story-sport-hesse\/","url":"https:\/\/www.sellerlogic.com\/lv\/resources\/success-story-sport-hesse\/","name":"K\u0101p\u0113c Lost & Found p\u0101rliecin\u0101ja Sport-Hesse | SELLERLOGIC","isPartOf":{"@id":"https:\/\/www.sellerlogic.com\/lv\/#website"},"primaryImageOfPage":{"@id":"https:\/\/www.sellerlogic.com\/lv\/resources\/success-story-sport-hesse\/#primaryimage"},"image":{"@id":"https:\/\/www.sellerlogic.com\/lv\/resources\/success-story-sport-hesse\/#primaryimage"},"thumbnailUrl":"https:\/\/d2bw95mh2ee04s.cloudfront.net\/prod\/content\/wp-content\/uploads\/2020\/12\/23142722\/sport-hesse-header-neu.jpeg","datePublished":"2020-12-18T10:57:32+00:00","description":"\u201cVi\u0146iem vienm\u0113r ir pareiz\u0101 atbilde uz man\u0101m probl\u0113m\u0101m\u201c - K\u0101 Sport-Hesse sa\u0146\u0113ma 5 ciparu atl\u012bdz\u012bbu no Amazon, pateicoties Lost & Found.","breadcrumb":{"@id":"https:\/\/www.sellerlogic.com\/lv\/resources\/success-story-sport-hesse\/#breadcrumb"},"inLanguage":"lv","potentialAction":[{"@type":"ReadAction","target":["https:\/\/www.sellerlogic.com\/lv\/resources\/success-story-sport-hesse\/"]}]},{"@type":"ImageObject","inLanguage":"lv","@id":"https:\/\/www.sellerlogic.com\/lv\/resources\/success-story-sport-hesse\/#primaryimage","url":"https:\/\/d2bw95mh2ee04s.cloudfront.net\/prod\/content\/wp-content\/uploads\/2020\/12\/23142722\/sport-hesse-header-neu.jpeg","contentUrl":"https:\/\/d2bw95mh2ee04s.cloudfront.net\/prod\/content\/wp-content\/uploads\/2020\/12\/23142722\/sport-hesse-header-neu.jpeg","width":2500,"height":1667,"caption":"Sport-Hesse: Header"},{"@type":"BreadcrumbList","@id":"https:\/\/www.sellerlogic.com\/lv\/resources\/success-story-sport-hesse\/#breadcrumb","itemListElement":[{"@type":"ListItem","position":1,"name":"Home","item":"https:\/\/www.sellerlogic.com\/lv\/"},{"@type":"ListItem","position":2,"name":"Resursi EN","item":"https:\/\/www.sellerlogic.com\/lv\/resources\/"},{"@type":"ListItem","position":3,"name":"Veiksm\u012bga st\u0101sts: Sport Hesse EN"}]},{"@type":"WebSite","@id":"https:\/\/www.sellerlogic.com\/lv\/#website","url":"https:\/\/www.sellerlogic.com\/lv\/","name":"SELLERLOGIC - Smarte Tools f\u00fcr Amazon-Seller","description":"Intelligente Prozessoptimierung und Gewinnmaximierung","publisher":{"@id":"https:\/\/www.sellerlogic.com\/lv\/#organization"},"potentialAction":[{"@type":"SearchAction","target":{"@type":"EntryPoint","urlTemplate":"https:\/\/www.sellerlogic.com\/lv\/?s={search_term_string}"},"query-input":{"@type":"PropertyValueSpecification","valueRequired":true,"valueName":"search_term_string"}}],"inLanguage":"lv"},{"@type":"Organization","@id":"https:\/\/www.sellerlogic.com\/lv\/#organization","name":"SELLERLOGIC","url":"https:\/\/www.sellerlogic.com\/lv\/","logo":{"@type":"ImageObject","inLanguage":"lv","@id":"https:\/\/www.sellerlogic.com\/lv\/#\/schema\/logo\/image\/","url":"https:\/\/d2bw95mh2ee04s.cloudfront.net\/prod\/content\/wp-content\/uploads\/2025\/01\/02134814\/Property-Logo-Main.svg","contentUrl":"https:\/\/d2bw95mh2ee04s.cloudfront.net\/prod\/content\/wp-content\/uploads\/2025\/01\/02134814\/Property-Logo-Main.svg","width":184,"height":40,"caption":"SELLERLOGIC"},"image":{"@id":"https:\/\/www.sellerlogic.com\/lv\/#\/schema\/logo\/image\/"},"sameAs":["https:\/\/www.facebook.com\/SellerLogic\/","https:\/\/x.com\/sellerlogic","https:\/\/www.instagram.com\/sellerlogic\/","https:\/\/www.linkedin.com\/company\/18402037\/","https:\/\/www.youtube.com\/channel\/UC-gULUur-fNj08sprantKsQ"]}]}},"_links":{"self":[{"href":"https:\/\/www.sellerlogic.com\/lv\/wp-json\/wp\/v2\/pages\/111684","targetHints":{"allow":["GET"]}}],"collection":[{"href":"https:\/\/www.sellerlogic.com\/lv\/wp-json\/wp\/v2\/pages"}],"about":[{"href":"https:\/\/www.sellerlogic.com\/lv\/wp-json\/wp\/v2\/types\/page"}],"author":[{"embeddable":true,"href":"https:\/\/www.sellerlogic.com\/lv\/wp-json\/wp\/v2\/users\/3"}],"replies":[{"embeddable":true,"href":"https:\/\/www.sellerlogic.com\/lv\/wp-json\/wp\/v2\/comments?post=111684"}],"version-history":[{"count":0,"href":"https:\/\/www.sellerlogic.com\/lv\/wp-json\/wp\/v2\/pages\/111684\/revisions"}],"up":[{"embeddable":true,"href":"https:\/\/www.sellerlogic.com\/lv\/wp-json\/wp\/v2\/pages\/111675"}],"wp:featuredmedia":[{"embeddable":true,"href":"https:\/\/www.sellerlogic.com\/lv\/wp-json\/wp\/v2\/media\/4855"}],"wp:attachment":[{"href":"https:\/\/www.sellerlogic.com\/lv\/wp-json\/wp\/v2\/media?parent=111684"}],"curies":[{"name":"wp","href":"https:\/\/api.w.org\/{rel}","templated":true}]}}